{"id":24755,"date":"2026-01-27T12:38:55","date_gmt":"2026-01-27T10:38:55","guid":{"rendered":"https:\/\/swissmilitarywatches.ch\/shop\/montre-chronographe-militaire-suisse-a-cadence-rapide-caoutchouc-pvd-noir-sm34115-07\/"},"modified":"2026-02-16T15:01:59","modified_gmt":"2026-02-16T13:01:59","slug":"montre-chronographe-militaire-suisse-a-cadence-rapide-caoutchouc-pvd-noir-sm34115-07","status":"publish","type":"product","link":"https:\/\/swissmilitarywatches.ch\/fr\/produit\/montre-chronographe-militaire-suisse-a-cadence-rapide-caoutchouc-pvd-noir-sm34115-07\/","title":{"rendered":"Montre chronographe militaire suisse \u00e0 cadence rapide &#8211; caoutchouc PVD noir | SM34115.07"},"content":{"rendered":"<div>\n<h2><strong>Montre chronographe Swiss Military Speed &#8211; Design furtif et puissance suisse<\/strong><\/h2>\n<\/div>\n<div>\n<p id=\"message\">La <strong>montre Swiss Military Speed Chronograph Watch SM34115.07<\/strong> red\u00e9finit les performances robustes gr\u00e2ce \u00e0 la pr\u00e9cision et au design. Aliment\u00e9e par un mouvement chronographe \u00e0 quartz suisse, elle assure un chronom\u00e9trage fiable sous pression. Le bo\u00eetier en acier inoxydable rev\u00eatu de PVD noir conf\u00e8re \u00e0 la montre une esth\u00e9tique furtive, tandis que la lunette tachym\u00e9trique permet une lecture rapide et pr\u00e9cise de la vitesse.  <\/p>\n<\/div>\n<div><\/div>\n<div>\n<p id=\"message\">Le cadran noir avec une trotteuse rouge apporte une touche technique et audacieuse, et les rep\u00e8res lumineux am\u00e9liorent la lisibilit\u00e9 quelle que soit la lumi\u00e8re. En outre, le verre saphir r\u00e9siste aux rayures et aux reflets, pr\u00e9servant ainsi la clart\u00e9 de la montre en toutes circonstances. Le bracelet en caoutchouc noir am\u00e9liore le confort et la durabilit\u00e9, s&rsquo;adaptant parfaitement \u00e0 un style de vie actif.  <\/p>\n<\/div>\n<div><\/div>\n<div>\n<p id=\"message\">Gr\u00e2ce \u00e0 ses fonctions chronographe et date du jour, cette montre Swiss Tachymeter offre \u00e0 la fois performance et pr\u00e9cision. Avec une r\u00e9sistance \u00e0 l&rsquo;eau de 10 ATM, elle est con\u00e7ue pour tous les environnements &#8211; de la salle de sport \u00e0 la route. La SM34115.07 est donc un symbole de l&rsquo;ing\u00e9nierie suisse moderne &#8211; audacieuse, fonctionnelle et pr\u00eate \u00e0 bouger.  <\/p>\n<div class=\"is-divider divider clearfix\" style=\"max-width:small;\"><\/div>\n<\/div>\n<h3>Kea Caract\u00e9ristiques :<\/h3>\n<div>\n<ul>\n<li><strong>Mouvement quartz chronographe suisse ETA G10.212<\/strong><\/li>\n<li><strong>Bo\u00eetier en acier inoxydable rev\u00eatu de PVD noir<\/strong><\/li>\n<li><strong>Lunette tachym\u00e9trique<\/strong> pour le suivi de la vitesse<\/li>\n<li><strong>Verre saphir<\/strong> &#8211; clart\u00e9 inrayable<\/li>\n<li><strong>Cadran noir<\/strong> avec aiguilles rouges et index lumineux<\/li>\n<li><strong>Bracelet en caoutchouc noir<\/strong> pour plus de confort et de r\u00e9sistance<\/li>\n<li><strong>Fonctions chronographe + jour-date<\/strong><\/li>\n<li><strong>R\u00e9sistance \u00e0 l&rsquo;eau 10 ATM<\/strong>, fabrication suisse, garantie 5 ans<\/li>\n<\/ul>\n<\/div>\n<div>\n<p id=\"message\"><strong><div class=\"is-divider divider clearfix\" style=\"max-width:small;\"><\/div><\/strong><\/p>\n<p><strong>Licenci\u00e9 par la Conf\u00e9d\u00e9ration suisse, assembl\u00e9 \u00e0 la main en Suisse et prot\u00e9g\u00e9 par une garantie internationale de 5 ans.<\/strong><\/p>\n<div class=\"row hide-for-small\"  id=\"row-1330719204\">\n\n\n\t<div id=\"col-585687344\" class=\"col small-12 large-12\"  >\n\t\t\t\t<div class=\"col-inner\"  >\n\t\t\t\n\t\t\t\n\n\t<div class=\"img has-hover x md-x lg-x y md-y lg-y\" id=\"image_1524488517\">\n\t\t\t\t\t\t\t\t<div class=\"img-inner dark\" >\n\t\t\t<img decoding=\"async\" width=\"2560\" height=\"1280\" src=\"https:\/\/swissmilitarywatches.ch\/wp-content\/uploads\/2026\/01\/UX-Block-Images-DESKTOP-LTD-Edition-scaled.jpg\" class=\"attachment-large size-large\" alt=\"Swiss watchmaker assembling a watch movement \u2013 hand\u2011crafted Swiss Military by Chrono timepiece made in Switzerland.\" srcset=\"https:\/\/swissmilitarywatches.ch\/wp-content\/uploads\/2026\/01\/UX-Block-Images-DESKTOP-LTD-Edition-scaled.jpg 2560w, https:\/\/swissmilitarywatches.ch\/wp-content\/uploads\/2026\/01\/UX-Block-Images-DESKTOP-LTD-Edition-768x384.jpg 768w, https:\/\/swissmilitarywatches.ch\/wp-content\/uploads\/2026\/01\/UX-Block-Images-DESKTOP-LTD-Edition-1536x768.jpg 1536w, https:\/\/swissmilitarywatches.ch\/wp-content\/uploads\/2026\/01\/UX-Block-Images-DESKTOP-LTD-Edition-2048x1024.jpg 2048w, https:\/\/swissmilitarywatches.ch\/wp-content\/uploads\/2026\/01\/UX-Block-Images-DESKTOP-LTD-Edition-600x300.jpg 600w\" sizes=\"(max-width: 2560px) 100vw, 2560px\" \/>\t\t\t\t\t\t\n\t\t\t\t\t<\/div>\n\t\t\t\t\t\t\t\t\n<style>\n#image_1524488517 {\n  width: 100%;\n}\n<\/style>\n\t<\/div>\n\t\n\n\n\t\t<\/div>\n\t\t\t\t\t<\/div>\n\n\t\n\n\t<div id=\"col-102369864\" class=\"col small-12 large-12\"  >\n\t\t\t\t<div class=\"col-inner\"  >\n\t\t\t\n\t\t\t\n\n\t<div class=\"img has-hover x md-x lg-x y md-y lg-y\" id=\"image_523275216\">\n\t\t\t\t\t\t\t\t<div class=\"img-inner dark\" >\n\t\t\t<img decoding=\"async\" width=\"2560\" height=\"640\" src=\"https:\/\/swissmilitarywatches.ch\/wp-content\/uploads\/2026\/01\/Trust-Desktop-ALL-scaled.jpg\" class=\"attachment-large size-large\" alt=\"Swiss Military by Chrono official license and 5\u2011year international warranty badge \u2013 authentic Swiss Made watch quality guaranteed.\" srcset=\"https:\/\/swissmilitarywatches.ch\/wp-content\/uploads\/2026\/01\/Trust-Desktop-ALL-scaled.jpg 2560w, https:\/\/swissmilitarywatches.ch\/wp-content\/uploads\/2026\/01\/Trust-Desktop-ALL-768x192.jpg 768w, https:\/\/swissmilitarywatches.ch\/wp-content\/uploads\/2026\/01\/Trust-Desktop-ALL-1536x384.jpg 1536w, https:\/\/swissmilitarywatches.ch\/wp-content\/uploads\/2026\/01\/Trust-Desktop-ALL-2048x512.jpg 2048w, https:\/\/swissmilitarywatches.ch\/wp-content\/uploads\/2026\/01\/Trust-Desktop-ALL-600x150.jpg 600w\" sizes=\"(max-width: 2560px) 100vw, 2560px\" \/>\t\t\t\t\t\t\n\t\t\t\t\t<\/div>\n\t\t\t\t\t\t\t\t\n<style>\n#image_523275216 {\n  width: 100%;\n}\n<\/style>\n\t<\/div>\n\t\n\n\n\t\t<\/div>\n\t\t\t\t\t<\/div>\n\n\t\n\n<\/div>\n<div class=\"row show-for-small\"  id=\"row-383221815\">\n\n\n\t<div id=\"col-696055509\" class=\"col small-12 large-12\"  >\n\t\t\t\t<div class=\"col-inner\"  >\n\t\t\t\n\t\t\t\n\n\t<div class=\"img has-hover x md-x lg-x y md-y lg-y\" id=\"image_528138141\">\n\t\t\t\t\t\t\t\t<div class=\"img-inner dark\" >\n\t\t\t<img decoding=\"async\" width=\"2560\" height=\"2560\" src=\"https:\/\/swissmilitarywatches.ch\/wp-content\/uploads\/2026\/01\/UX-Block-Images-MOBILE-LTD-Edtion-scaled.jpg\" class=\"attachment-large size-large\" alt=\"Swiss Military by Chrono watchmaker assembling a watch movement \u2013 hand\u2011crafted Swiss Military timepiece made in Switzerland\" srcset=\"https:\/\/swissmilitarywatches.ch\/wp-content\/uploads\/2026\/01\/UX-Block-Images-MOBILE-LTD-Edtion-scaled.jpg 2560w, https:\/\/swissmilitarywatches.ch\/wp-content\/uploads\/2026\/01\/UX-Block-Images-MOBILE-LTD-Edtion-768x768.jpg 768w, https:\/\/swissmilitarywatches.ch\/wp-content\/uploads\/2026\/01\/UX-Block-Images-MOBILE-LTD-Edtion-1536x1536.jpg 1536w, https:\/\/swissmilitarywatches.ch\/wp-content\/uploads\/2026\/01\/UX-Block-Images-MOBILE-LTD-Edtion-2048x2048.jpg 2048w, https:\/\/swissmilitarywatches.ch\/wp-content\/uploads\/2026\/01\/UX-Block-Images-MOBILE-LTD-Edtion-600x600.jpg 600w, https:\/\/swissmilitarywatches.ch\/wp-content\/uploads\/2026\/01\/UX-Block-Images-MOBILE-LTD-Edtion-100x100.jpg 100w\" sizes=\"(max-width: 2560px) 100vw, 2560px\" \/>\t\t\t\t\t\t\n\t\t\t\t\t<\/div>\n\t\t\t\t\t\t\t\t\n<style>\n#image_528138141 {\n  width: 100%;\n}\n<\/style>\n\t<\/div>\n\t\n\n\n\t\t<\/div>\n\t\t\t\t\t<\/div>\n\n\t\n\n\t<div id=\"col-1430420205\" class=\"col small-12 large-12\"  >\n\t\t\t\t<div class=\"col-inner\"  >\n\t\t\t\n\t\t\t\n\n\t<div class=\"img has-hover x md-x lg-x y md-y lg-y\" id=\"image_1271190651\">\n\t\t\t\t\t\t\t\t<div class=\"img-inner dark\" >\n\t\t\t<img decoding=\"async\" width=\"2560\" height=\"1280\" src=\"https:\/\/swissmilitarywatches.ch\/wp-content\/uploads\/2026\/01\/Trust-MOBILE-All-scaled.jpg\" class=\"attachment-large size-large\" alt=\"Swiss Military by Chrono official license and 5\u2011year international warranty badge \u2013 authentic Swiss Made watch quality guaranteed.\" srcset=\"https:\/\/swissmilitarywatches.ch\/wp-content\/uploads\/2026\/01\/Trust-MOBILE-All-scaled.jpg 2560w, https:\/\/swissmilitarywatches.ch\/wp-content\/uploads\/2026\/01\/Trust-MOBILE-All-768x384.jpg 768w, https:\/\/swissmilitarywatches.ch\/wp-content\/uploads\/2026\/01\/Trust-MOBILE-All-1536x768.jpg 1536w, https:\/\/swissmilitarywatches.ch\/wp-content\/uploads\/2026\/01\/Trust-MOBILE-All-2048x1024.jpg 2048w, https:\/\/swissmilitarywatches.ch\/wp-content\/uploads\/2026\/01\/Trust-MOBILE-All-600x300.jpg 600w\" sizes=\"(max-width: 2560px) 100vw, 2560px\" \/>\t\t\t\t\t\t\n\t\t\t\t\t<\/div>\n\t\t\t\t\t\t\t\t\n<style>\n#image_1271190651 {\n  width: 100%;\n}\n<\/style>\n\t<\/div>\n\t\n\n\n\t\t<\/div>\n\t\t\t\t\t<\/div>\n\n\t\n\n<\/div>\n<\/div>\n","protected":false},"excerpt":{"rendered":"<p>La <strong>montre Swiss Military Speed Chronograph<\/strong> en PVD noir et caoutchouc allie la pr\u00e9cision suisse \u00e0 la force tactique. Sa <strong>lunette tachym\u00e9trique<\/strong> mesure la vitesse avec pr\u00e9cision, tandis que le <strong>verre saphir<\/strong> prot\u00e8ge de l&rsquo;usure. Con\u00e7ue pour l&rsquo;endurance et le style, elle est le compagnon id\u00e9al des hommes qui exigent des performances.  <\/p>\n","protected":false},"featured_media":24601,"comment_status":"open","ping_status":"closed","template":"","meta":[],"product_brand":[],"product_cat":[3178,2295,2293,2294,2296],"product_tag":[],"class_list":{"0":"post-24755","1":"product","2":"type-product","3":"status-publish","4":"has-post-thumbnail","6":"product_cat-sm34115","7":"product_cat-toutes-les-montres","8":"product_cat-montres-pour-hommes","9":"product_cat-montres-chronographes","10":"product_cat-nouveautes","11":"product_shipping_class-livraison-flexible","13":"first","14":"instock","15":"featured","16":"taxable","17":"shipping-taxable","18":"purchasable","19":"product-type-simple"},"yoast_head":"<!-- This site is optimized with the Yoast SEO Premium plugin v26.6 (Yoast SEO v26.6) - https:\/\/yoast.com\/wordpress\/plugins\/seo\/ -->\n<title>Montre chronographe militaire suisse \u00e0 cadence rapide - caoutchouc PVD noir | SM34115.07<\/title>\n<meta name=\"description\" content=\"Montre chronographe militaire suisse \u00e0 cadence rapide - Design noir, lunette tachym\u00e9trique, pr\u00e9cision suisse, verre saphir, 10 ATM, garantie de 5 ans.\" \/>\n<meta name=\"robots\" content=\"index, follow, max-snippet:-1, max-image-preview:large, max-video-preview:-1\" \/>\n<link rel=\"canonical\" href=\"https:\/\/swissmilitarywatches.ch\/fr\/produit\/montre-chronographe-militaire-suisse-a-cadence-rapide-caoutchouc-pvd-noir-sm34115-07\/\" \/>\n<meta property=\"og:locale\" content=\"fr_FR\" \/>\n<meta property=\"og:type\" content=\"article\" \/>\n<meta property=\"og:title\" content=\"Montre chronographe militaire suisse \u00e0 cadence rapide - caoutchouc PVD noir | SM34115.07\" \/>\n<meta property=\"og:description\" content=\"Montre chronographe militaire suisse \u00e0 cadence rapide - Design noir, lunette tachym\u00e9trique, pr\u00e9cision suisse, verre saphir, 10 ATM, garantie de 5 ans.\" \/>\n<meta property=\"og:url\" content=\"https:\/\/swissmilitarywatches.ch\/fr\/produit\/montre-chronographe-militaire-suisse-a-cadence-rapide-caoutchouc-pvd-noir-sm34115-07\/\" \/>\n<meta property=\"og:site_name\" content=\"Swiss Military by Chrono\" \/>\n<meta property=\"article:publisher\" content=\"https:\/\/m.facebook.com\/swissmilitarybychronoofficial\/\" \/>\n<meta property=\"article:modified_time\" content=\"2026-02-16T13:01:59+00:00\" \/>\n<meta property=\"og:image\" content=\"https:\/\/swissmilitarywatches.ch\/wp-content\/uploads\/2026\/01\/SM34115.07-1.png\" \/>\n\t<meta property=\"og:image:width\" content=\"1300\" \/>\n\t<meta property=\"og:image:height\" content=\"1642\" \/>\n\t<meta property=\"og:image:type\" content=\"image\/png\" \/>\n<meta name=\"twitter:card\" content=\"summary_large_image\" \/>\n<meta name=\"twitter:label1\" content=\"Prix\" \/>\n\t<meta name=\"twitter:data1\" content=\"&euro;379.00 inc. TVA\" \/>\n\t<meta name=\"twitter:label2\" content=\"Disponibilit\u00e9\" \/>\n\t<meta name=\"twitter:data2\" content=\"En stock\" \/>\n<script type=\"application\/ld+json\" class=\"yoast-schema-graph\">{\"@context\":\"https:\/\/schema.org\",\"@graph\":[{\"@type\":\"WebPage\",\"@id\":\"https:\/\/swissmilitarywatches.ch\/fr\/produit\/montre-chronographe-militaire-suisse-a-cadence-rapide-caoutchouc-pvd-noir-sm34115-07\/\",\"url\":\"https:\/\/swissmilitarywatches.ch\/fr\/produit\/montre-chronographe-militaire-suisse-a-cadence-rapide-caoutchouc-pvd-noir-sm34115-07\/\",\"name\":\"Montre chronographe militaire suisse \u00e0 cadence rapide - caoutchouc PVD noir | SM34115.07\",\"isPartOf\":{\"@id\":\"https:\/\/swissmilitarywatches.ch\/fr\/#website\"},\"primaryImageOfPage\":{\"@id\":\"https:\/\/swissmilitarywatches.ch\/fr\/produit\/montre-chronographe-militaire-suisse-a-cadence-rapide-caoutchouc-pvd-noir-sm34115-07\/#primaryimage\"},\"image\":{\"@id\":\"https:\/\/swissmilitarywatches.ch\/fr\/produit\/montre-chronographe-militaire-suisse-a-cadence-rapide-caoutchouc-pvd-noir-sm34115-07\/#primaryimage\"},\"thumbnailUrl\":\"https:\/\/swissmilitarywatches.ch\/wp-content\/uploads\/2026\/01\/SM34115.07-1.png\",\"datePublished\":\"2026-01-27T10:38:55+00:00\",\"dateModified\":\"2026-02-16T13:01:59+00:00\",\"description\":\"Montre chronographe militaire suisse \u00e0 cadence rapide - Design noir, lunette tachym\u00e9trique, pr\u00e9cision suisse, verre saphir, 10 ATM, garantie de 5 ans.\",\"breadcrumb\":{\"@id\":\"https:\/\/swissmilitarywatches.ch\/fr\/produit\/montre-chronographe-militaire-suisse-a-cadence-rapide-caoutchouc-pvd-noir-sm34115-07\/#breadcrumb\"},\"inLanguage\":\"fr-FR\",\"potentialAction\":[{\"@type\":\"ReadAction\",\"target\":[\"https:\/\/swissmilitarywatches.ch\/fr\/produit\/montre-chronographe-militaire-suisse-a-cadence-rapide-caoutchouc-pvd-noir-sm34115-07\/\"]}]},{\"@type\":\"ImageObject\",\"inLanguage\":\"fr-FR\",\"@id\":\"https:\/\/swissmilitarywatches.ch\/fr\/produit\/montre-chronographe-militaire-suisse-a-cadence-rapide-caoutchouc-pvd-noir-sm34115-07\/#primaryimage\",\"url\":\"https:\/\/swissmilitarywatches.ch\/wp-content\/uploads\/2026\/01\/SM34115.07-1.png\",\"contentUrl\":\"https:\/\/swissmilitarywatches.ch\/wp-content\/uploads\/2026\/01\/SM34115.07-1.png\",\"width\":1300,\"height\":1642,\"caption\":\"La pr\u00e9cision suisse au service du style tactique.\"},{\"@type\":\"BreadcrumbList\",\"@id\":\"https:\/\/swissmilitarywatches.ch\/fr\/produit\/montre-chronographe-militaire-suisse-a-cadence-rapide-caoutchouc-pvd-noir-sm34115-07\/#breadcrumb\",\"itemListElement\":[{\"@type\":\"ListItem\",\"position\":1,\"name\":\"Home\",\"item\":\"https:\/\/swissmilitarywatches.ch\/fr\/home\/\"},{\"@type\":\"ListItem\",\"position\":2,\"name\":\"Boutique\",\"item\":\"https:\/\/swissmilitarywatches.ch\/fr\/boutique\/\"},{\"@type\":\"ListItem\",\"position\":3,\"name\":\"Montre chronographe militaire suisse \u00e0 cadence rapide &#8211; caoutchouc PVD noir | SM34115.07\"}]},{\"@type\":\"WebSite\",\"@id\":\"https:\/\/swissmilitarywatches.ch\/fr\/#website\",\"url\":\"https:\/\/swissmilitarywatches.ch\/fr\/\",\"name\":\"Swiss Military by Chrono\",\"description\":\"Official Licensed Product of the Swiss Confederation\",\"publisher\":{\"@id\":\"https:\/\/swissmilitarywatches.ch\/fr\/#organization\"},\"potentialAction\":[{\"@type\":\"SearchAction\",\"target\":{\"@type\":\"EntryPoint\",\"urlTemplate\":\"https:\/\/swissmilitarywatches.ch\/fr\/?s={search_term_string}\"},\"query-input\":{\"@type\":\"PropertyValueSpecification\",\"valueRequired\":true,\"valueName\":\"search_term_string\"}}],\"inLanguage\":\"fr-FR\"},{\"@type\":\"Organization\",\"@id\":\"https:\/\/swissmilitarywatches.ch\/fr\/#organization\",\"name\":\"Swiss Military by Chrono\",\"url\":\"https:\/\/swissmilitarywatches.ch\/fr\/\",\"logo\":{\"@type\":\"ImageObject\",\"inLanguage\":\"fr-FR\",\"@id\":\"https:\/\/swissmilitarywatches.ch\/fr\/#\/schema\/logo\/image\/\",\"url\":\"https:\/\/swissmilitarywatches.ch\/wp-content\/uploads\/2020\/04\/cropped-SM_logo_512x512px.jpg\",\"contentUrl\":\"https:\/\/swissmilitarywatches.ch\/wp-content\/uploads\/2020\/04\/cropped-SM_logo_512x512px.jpg\",\"width\":512,\"height\":512,\"caption\":\"Swiss Military by Chrono\"},\"image\":{\"@id\":\"https:\/\/swissmilitarywatches.ch\/fr\/#\/schema\/logo\/image\/\"},\"sameAs\":[\"https:\/\/m.facebook.com\/swissmilitarybychronoofficial\/\",\"https:\/\/www.instagram.com\/swissmilitarybychrono\/\",\"https:\/\/www.pinterest.ch\/swissmilitarybychrono\/\"]}]}<\/script>\n<meta property=\"product:brand\" content=\"Swiss Military by Chrono\" \/>\n<meta property=\"product:price:amount\" content=\"379.00\" \/>\n<meta property=\"product:price:currency\" content=\"EUR\" \/>\n<meta property=\"og:availability\" content=\"instock\" \/>\n<meta property=\"product:availability\" content=\"instock\" \/>\n<meta property=\"product:retailer_item_id\" content=\"SM34115.07\" \/>\n<meta property=\"product:condition\" content=\"new\" \/>\n<!-- \/ Yoast SEO Premium plugin. -->","yoast_head_json":{"title":"Montre chronographe militaire suisse \u00e0 cadence rapide - caoutchouc PVD noir | SM34115.07","description":"Montre chronographe militaire suisse \u00e0 cadence rapide - Design noir, lunette tachym\u00e9trique, pr\u00e9cision suisse, verre saphir, 10 ATM, garantie de 5 ans.","robots":{"index":"index","follow":"follow","max-snippet":"max-snippet:-1","max-image-preview":"max-image-preview:large","max-video-preview":"max-video-preview:-1"},"canonical":"https:\/\/swissmilitarywatches.ch\/fr\/produit\/montre-chronographe-militaire-suisse-a-cadence-rapide-caoutchouc-pvd-noir-sm34115-07\/","og_locale":"fr_FR","og_type":"article","og_title":"Montre chronographe militaire suisse \u00e0 cadence rapide - caoutchouc PVD noir | SM34115.07","og_description":"Montre chronographe militaire suisse \u00e0 cadence rapide - Design noir, lunette tachym\u00e9trique, pr\u00e9cision suisse, verre saphir, 10 ATM, garantie de 5 ans.","og_url":"https:\/\/swissmilitarywatches.ch\/fr\/produit\/montre-chronographe-militaire-suisse-a-cadence-rapide-caoutchouc-pvd-noir-sm34115-07\/","og_site_name":"Swiss Military by Chrono","article_publisher":"https:\/\/m.facebook.com\/swissmilitarybychronoofficial\/","article_modified_time":"2026-02-16T13:01:59+00:00","og_image":[{"width":1300,"height":1642,"url":"https:\/\/swissmilitarywatches.ch\/wp-content\/uploads\/2026\/01\/SM34115.07-1.png","type":"image\/png"}],"twitter_card":"summary_large_image","twitter_misc":{"Prix":"&euro;379.00 inc. TVA","Disponibilit\u00e9":"En stock"},"schema":{"@context":"https:\/\/schema.org","@graph":[{"@type":"WebPage","@id":"https:\/\/swissmilitarywatches.ch\/fr\/produit\/montre-chronographe-militaire-suisse-a-cadence-rapide-caoutchouc-pvd-noir-sm34115-07\/","url":"https:\/\/swissmilitarywatches.ch\/fr\/produit\/montre-chronographe-militaire-suisse-a-cadence-rapide-caoutchouc-pvd-noir-sm34115-07\/","name":"Montre chronographe militaire suisse \u00e0 cadence rapide - caoutchouc PVD noir | SM34115.07","isPartOf":{"@id":"https:\/\/swissmilitarywatches.ch\/fr\/#website"},"primaryImageOfPage":{"@id":"https:\/\/swissmilitarywatches.ch\/fr\/produit\/montre-chronographe-militaire-suisse-a-cadence-rapide-caoutchouc-pvd-noir-sm34115-07\/#primaryimage"},"image":{"@id":"https:\/\/swissmilitarywatches.ch\/fr\/produit\/montre-chronographe-militaire-suisse-a-cadence-rapide-caoutchouc-pvd-noir-sm34115-07\/#primaryimage"},"thumbnailUrl":"https:\/\/swissmilitarywatches.ch\/wp-content\/uploads\/2026\/01\/SM34115.07-1.png","datePublished":"2026-01-27T10:38:55+00:00","dateModified":"2026-02-16T13:01:59+00:00","description":"Montre chronographe militaire suisse \u00e0 cadence rapide - Design noir, lunette tachym\u00e9trique, pr\u00e9cision suisse, verre saphir, 10 ATM, garantie de 5 ans.","breadcrumb":{"@id":"https:\/\/swissmilitarywatches.ch\/fr\/produit\/montre-chronographe-militaire-suisse-a-cadence-rapide-caoutchouc-pvd-noir-sm34115-07\/#breadcrumb"},"inLanguage":"fr-FR","potentialAction":[{"@type":"ReadAction","target":["https:\/\/swissmilitarywatches.ch\/fr\/produit\/montre-chronographe-militaire-suisse-a-cadence-rapide-caoutchouc-pvd-noir-sm34115-07\/"]}]},{"@type":"ImageObject","inLanguage":"fr-FR","@id":"https:\/\/swissmilitarywatches.ch\/fr\/produit\/montre-chronographe-militaire-suisse-a-cadence-rapide-caoutchouc-pvd-noir-sm34115-07\/#primaryimage","url":"https:\/\/swissmilitarywatches.ch\/wp-content\/uploads\/2026\/01\/SM34115.07-1.png","contentUrl":"https:\/\/swissmilitarywatches.ch\/wp-content\/uploads\/2026\/01\/SM34115.07-1.png","width":1300,"height":1642,"caption":"La pr\u00e9cision suisse au service du style tactique."},{"@type":"BreadcrumbList","@id":"https:\/\/swissmilitarywatches.ch\/fr\/produit\/montre-chronographe-militaire-suisse-a-cadence-rapide-caoutchouc-pvd-noir-sm34115-07\/#breadcrumb","itemListElement":[{"@type":"ListItem","position":1,"name":"Home","item":"https:\/\/swissmilitarywatches.ch\/fr\/home\/"},{"@type":"ListItem","position":2,"name":"Boutique","item":"https:\/\/swissmilitarywatches.ch\/fr\/boutique\/"},{"@type":"ListItem","position":3,"name":"Montre chronographe militaire suisse \u00e0 cadence rapide &#8211; caoutchouc PVD noir | SM34115.07"}]},{"@type":"WebSite","@id":"https:\/\/swissmilitarywatches.ch\/fr\/#website","url":"https:\/\/swissmilitarywatches.ch\/fr\/","name":"Swiss Military by Chrono","description":"Official Licensed Product of the Swiss Confederation","publisher":{"@id":"https:\/\/swissmilitarywatches.ch\/fr\/#organization"},"potentialAction":[{"@type":"SearchAction","target":{"@type":"EntryPoint","urlTemplate":"https:\/\/swissmilitarywatches.ch\/fr\/?s={search_term_string}"},"query-input":{"@type":"PropertyValueSpecification","valueRequired":true,"valueName":"search_term_string"}}],"inLanguage":"fr-FR"},{"@type":"Organization","@id":"https:\/\/swissmilitarywatches.ch\/fr\/#organization","name":"Swiss Military by Chrono","url":"https:\/\/swissmilitarywatches.ch\/fr\/","logo":{"@type":"ImageObject","inLanguage":"fr-FR","@id":"https:\/\/swissmilitarywatches.ch\/fr\/#\/schema\/logo\/image\/","url":"https:\/\/swissmilitarywatches.ch\/wp-content\/uploads\/2020\/04\/cropped-SM_logo_512x512px.jpg","contentUrl":"https:\/\/swissmilitarywatches.ch\/wp-content\/uploads\/2020\/04\/cropped-SM_logo_512x512px.jpg","width":512,"height":512,"caption":"Swiss Military by Chrono"},"image":{"@id":"https:\/\/swissmilitarywatches.ch\/fr\/#\/schema\/logo\/image\/"},"sameAs":["https:\/\/m.facebook.com\/swissmilitarybychronoofficial\/","https:\/\/www.instagram.com\/swissmilitarybychrono\/","https:\/\/www.pinterest.ch\/swissmilitarybychrono\/"]}]},"product_brand":"Swiss Military by Chrono","product_price_amount":"379.00","product_price_currency":"EUR","og_availability":"instock","product_availability":"instock","product_retailer_item_id":"SM34115.07","product_condition":"new"},"jetpack_sharing_enabled":true,"_links":{"self":[{"href":"https:\/\/swissmilitarywatches.ch\/fr\/wp-json\/wp\/v2\/product\/24755","targetHints":{"allow":["GET"]}}],"collection":[{"href":"https:\/\/swissmilitarywatches.ch\/fr\/wp-json\/wp\/v2\/product"}],"about":[{"href":"https:\/\/swissmilitarywatches.ch\/fr\/wp-json\/wp\/v2\/types\/product"}],"replies":[{"embeddable":true,"href":"https:\/\/swissmilitarywatches.ch\/fr\/wp-json\/wp\/v2\/comments?post=24755"}],"wp:featuredmedia":[{"embeddable":true,"href":"https:\/\/swissmilitarywatches.ch\/fr\/wp-json\/wp\/v2\/media\/24601"}],"wp:attachment":[{"href":"https:\/\/swissmilitarywatches.ch\/fr\/wp-json\/wp\/v2\/media?parent=24755"}],"wp:term":[{"taxonomy":"product_brand","embeddable":true,"href":"https:\/\/swissmilitarywatches.ch\/fr\/wp-json\/wp\/v2\/product_brand?post=24755"},{"taxonomy":"product_cat","embeddable":true,"href":"https:\/\/swissmilitarywatches.ch\/fr\/wp-json\/wp\/v2\/product_cat?post=24755"},{"taxonomy":"product_tag","embeddable":true,"href":"https:\/\/swissmilitarywatches.ch\/fr\/wp-json\/wp\/v2\/product_tag?post=24755"}],"curies":[{"name":"wp","href":"https:\/\/api.w.org\/{rel}","templated":true}]}}