{"id":24675,"date":"2026-01-27T12:38:54","date_gmt":"2026-01-27T10:38:54","guid":{"rendered":"https:\/\/swissmilitarywatches.ch\/shop\/montre-chronographe-militaire-suisse-a-cadence-rapide-bleu-argent-acier-sm34115-04\/"},"modified":"2026-04-28T14:45:05","modified_gmt":"2026-04-28T12:45:05","slug":"montre-chronographe-militaire-suisse-a-cadence-rapide-bleu-argent-acier-sm34115-04","status":"publish","type":"product","link":"https:\/\/swissmilitarywatches.ch\/fr\/produit\/montre-chronographe-militaire-suisse-a-cadence-rapide-bleu-argent-acier-sm34115-04\/","title":{"rendered":"Montre chronographe Swiss Military Speed &#8211; bleu argent acier | SM34115.04"},"content":{"rendered":"<div>\n<h2><strong>Montre chronographe Swiss Military Speed \u00e0 cadran bleu Puissance et pr\u00e9cision<\/strong><\/h2>\n<\/div>\n<div>\n<p id=\"message\">La Montre chronographe Swiss Military Speed<strong> SM34115.04<\/strong> incarne l&rsquo;ing\u00e9nierie suisse avec un design moderne et contrast\u00e9. Elle fonctionne avec un mouvement chronographe \u00e0 quartz suisse, garantissant une pr\u00e9cision et une fiabilit\u00e9 constantes. La lunette tachym\u00e9trique argent\u00e9e vous permet de mesurer la vitesse en toute confiance, tandis que le bo\u00eetier en acier inoxydable de 43 mm offre \u00e0 la fois robustesse et style.  <\/p>\n<\/div>\n<div>\n<p id=\"message\">Le cadran bleu avec une trotteuse rouge apporte une touche dynamique, et les index lumineux am\u00e9liorent la lisibilit\u00e9 quelle que soit la lumi\u00e8re. En outre, le verre saphir prot\u00e8ge le cadran des rayures, conservant ainsi une clart\u00e9 intacte \u00e0 chaque \u00e9preuve. Le bracelet en acier offre un confort et un ajustement s\u00fbrs, ce qui rend cette montre pr\u00eate \u00e0 \u00eatre port\u00e9e au quotidien comme \u00e0 l&rsquo;aventure.  <\/p>\n<\/div>\n<div><\/div>\n<div>\n<p id=\"message\">Gr\u00e2ce \u00e0 ses fonctions chronographe et date du jour, cette montre Swiss Tachymeter allie fonctionnalit\u00e9 et \u00e9l\u00e9gance. Avec une r\u00e9sistance \u00e0 l&rsquo;eau de 10 ATM, elle est con\u00e7ue pour le mouvement et l&rsquo;endurance. Ainsi, la SM34115.04 capture l&rsquo;essence de la performance Swiss Military &#8211; la pr\u00e9cision que vous pouvez voir, la force que vous pouvez sentir.  <\/p>\n<div class=\"is-divider divider clearfix\" style=\"max-width:small;\"><\/div>\n<\/div>\n<h3>Caract\u00e9ristiques Cl\u00e9s :<\/h3>\n<div>\n<div>\n<ul>\n<li><strong>Mouvement quartz chronographe suisse ETA G10.212<\/strong><\/li>\n<li><strong>Lunette tachym\u00e9trique argent\u00e9e<\/strong> pour la mesure de la vitesse<\/li>\n<li><strong>Verre saphir<\/strong> &#8211; clart\u00e9 inrayable<\/li>\n<li><strong>Bo\u00eetier en acier inoxydable de 43 mm<\/strong> avec cadran bleu<\/li>\n<li><strong>Aiguilles de chronographe rouges<\/strong> pour un contraste sportif<\/li>\n<li><strong>Fonctions chronographe + jour-date<\/strong><\/li>\n<li><strong>Bracelet en acier<\/strong> avec fermoir s\u00e9curis\u00e9<\/li>\n<li><strong>R\u00e9sistance \u00e0 l&rsquo;eau 10 ATM<\/strong>, fabrication suisse, garantie 5 ans<\/li>\n<\/ul>\n<\/div>\n<div class=\"is-divider divider clearfix\" style=\"max-width:small;\"><\/div>\n<div><\/div>\n<\/div>\n<div>\n<p id=\"message\"><strong>Licenci\u00e9 par la Conf\u00e9d\u00e9ration suisse, assembl\u00e9 \u00e0 la main en Suisse et prot\u00e9g\u00e9 par une garantie internationale de 5 ans.<\/strong><\/p>\n<\/div>\n<div class=\"row hide-for-small\"  id=\"row-692066487\">\n\n\n\t<div id=\"col-889717227\" class=\"col small-12 large-12\"  >\n\t\t\t\t<div class=\"col-inner\"  >\n\t\t\t\n\t\t\t\n\n\t<div class=\"img has-hover x md-x lg-x y md-y lg-y\" id=\"image_1621699484\">\n\t\t\t\t\t\t\t\t<div class=\"img-inner dark\" >\n\t\t\t<img decoding=\"async\" width=\"2560\" height=\"1280\" src=\"https:\/\/swissmilitarywatches.ch\/wp-content\/uploads\/2026\/01\/UX-Block-Images-DESKTOP-LTD-Edition-scaled.jpg\" class=\"attachment-large size-large\" alt=\"Swiss watchmaker assembling a watch movement \u2013 hand\u2011crafted Swiss Military by Chrono timepiece made in Switzerland.\" srcset=\"https:\/\/swissmilitarywatches.ch\/wp-content\/uploads\/2026\/01\/UX-Block-Images-DESKTOP-LTD-Edition-scaled.jpg 2560w, https:\/\/swissmilitarywatches.ch\/wp-content\/uploads\/2026\/01\/UX-Block-Images-DESKTOP-LTD-Edition-768x384.jpg 768w, https:\/\/swissmilitarywatches.ch\/wp-content\/uploads\/2026\/01\/UX-Block-Images-DESKTOP-LTD-Edition-1536x768.jpg 1536w, https:\/\/swissmilitarywatches.ch\/wp-content\/uploads\/2026\/01\/UX-Block-Images-DESKTOP-LTD-Edition-2048x1024.jpg 2048w, https:\/\/swissmilitarywatches.ch\/wp-content\/uploads\/2026\/01\/UX-Block-Images-DESKTOP-LTD-Edition-600x300.jpg 600w\" sizes=\"(max-width: 2560px) 100vw, 2560px\" \/>\t\t\t\t\t\t\n\t\t\t\t\t<\/div>\n\t\t\t\t\t\t\t\t\n<style>\n#image_1621699484 {\n  width: 100%;\n}\n<\/style>\n\t<\/div>\n\t\n\n\n\t\t<\/div>\n\t\t\t\t\t<\/div>\n\n\t\n\n\t<div id=\"col-1292563034\" class=\"col small-12 large-12\"  >\n\t\t\t\t<div class=\"col-inner\"  >\n\t\t\t\n\t\t\t\n\n\t<div class=\"img has-hover x md-x lg-x y md-y lg-y\" id=\"image_2006888748\">\n\t\t\t\t\t\t\t\t<div class=\"img-inner dark\" >\n\t\t\t<img decoding=\"async\" width=\"2560\" height=\"640\" src=\"https:\/\/swissmilitarywatches.ch\/wp-content\/uploads\/2026\/01\/Trust-Desktop-ALL-scaled.jpg\" class=\"attachment-large size-large\" alt=\"Swiss Military by Chrono official license and 5\u2011year international warranty badge \u2013 authentic Swiss Made watch quality guaranteed.\" srcset=\"https:\/\/swissmilitarywatches.ch\/wp-content\/uploads\/2026\/01\/Trust-Desktop-ALL-scaled.jpg 2560w, https:\/\/swissmilitarywatches.ch\/wp-content\/uploads\/2026\/01\/Trust-Desktop-ALL-768x192.jpg 768w, https:\/\/swissmilitarywatches.ch\/wp-content\/uploads\/2026\/01\/Trust-Desktop-ALL-1536x384.jpg 1536w, https:\/\/swissmilitarywatches.ch\/wp-content\/uploads\/2026\/01\/Trust-Desktop-ALL-2048x512.jpg 2048w, https:\/\/swissmilitarywatches.ch\/wp-content\/uploads\/2026\/01\/Trust-Desktop-ALL-600x150.jpg 600w\" sizes=\"(max-width: 2560px) 100vw, 2560px\" \/>\t\t\t\t\t\t\n\t\t\t\t\t<\/div>\n\t\t\t\t\t\t\t\t\n<style>\n#image_2006888748 {\n  width: 100%;\n}\n<\/style>\n\t<\/div>\n\t\n\n\n\t\t<\/div>\n\t\t\t\t\t<\/div>\n\n\t\n\n<\/div>\n<div class=\"row show-for-small\"  id=\"row-324468612\">\n\n\n\t<div id=\"col-115913109\" class=\"col small-12 large-12\"  >\n\t\t\t\t<div class=\"col-inner\"  >\n\t\t\t\n\t\t\t\n\n\t<div class=\"img has-hover x md-x lg-x y md-y lg-y\" id=\"image_1875597314\">\n\t\t\t\t\t\t\t\t<div class=\"img-inner dark\" >\n\t\t\t<img decoding=\"async\" width=\"2560\" height=\"2560\" src=\"https:\/\/swissmilitarywatches.ch\/wp-content\/uploads\/2026\/01\/UX-Block-Images-MOBILE-LTD-Edtion-scaled.jpg\" class=\"attachment-large size-large\" alt=\"Swiss Military by Chrono watchmaker assembling a watch movement \u2013 hand\u2011crafted Swiss Military timepiece made in Switzerland\" srcset=\"https:\/\/swissmilitarywatches.ch\/wp-content\/uploads\/2026\/01\/UX-Block-Images-MOBILE-LTD-Edtion-scaled.jpg 2560w, https:\/\/swissmilitarywatches.ch\/wp-content\/uploads\/2026\/01\/UX-Block-Images-MOBILE-LTD-Edtion-768x768.jpg 768w, https:\/\/swissmilitarywatches.ch\/wp-content\/uploads\/2026\/01\/UX-Block-Images-MOBILE-LTD-Edtion-1536x1536.jpg 1536w, https:\/\/swissmilitarywatches.ch\/wp-content\/uploads\/2026\/01\/UX-Block-Images-MOBILE-LTD-Edtion-2048x2048.jpg 2048w, https:\/\/swissmilitarywatches.ch\/wp-content\/uploads\/2026\/01\/UX-Block-Images-MOBILE-LTD-Edtion-600x600.jpg 600w, https:\/\/swissmilitarywatches.ch\/wp-content\/uploads\/2026\/01\/UX-Block-Images-MOBILE-LTD-Edtion-100x100.jpg 100w\" sizes=\"(max-width: 2560px) 100vw, 2560px\" \/>\t\t\t\t\t\t\n\t\t\t\t\t<\/div>\n\t\t\t\t\t\t\t\t\n<style>\n#image_1875597314 {\n  width: 100%;\n}\n<\/style>\n\t<\/div>\n\t\n\n\n\t\t<\/div>\n\t\t\t\t\t<\/div>\n\n\t\n\n\t<div id=\"col-1507566813\" class=\"col small-12 large-12\"  >\n\t\t\t\t<div class=\"col-inner\"  >\n\t\t\t\n\t\t\t\n\n\t<div class=\"img has-hover x md-x lg-x y md-y lg-y\" id=\"image_209438909\">\n\t\t\t\t\t\t\t\t<div class=\"img-inner dark\" >\n\t\t\t<img decoding=\"async\" width=\"2560\" height=\"1280\" src=\"https:\/\/swissmilitarywatches.ch\/wp-content\/uploads\/2026\/01\/Trust-MOBILE-All-scaled.jpg\" class=\"attachment-large size-large\" alt=\"Swiss Military by Chrono official license and 5\u2011year international warranty badge \u2013 authentic Swiss Made watch quality guaranteed.\" srcset=\"https:\/\/swissmilitarywatches.ch\/wp-content\/uploads\/2026\/01\/Trust-MOBILE-All-scaled.jpg 2560w, https:\/\/swissmilitarywatches.ch\/wp-content\/uploads\/2026\/01\/Trust-MOBILE-All-768x384.jpg 768w, https:\/\/swissmilitarywatches.ch\/wp-content\/uploads\/2026\/01\/Trust-MOBILE-All-1536x768.jpg 1536w, https:\/\/swissmilitarywatches.ch\/wp-content\/uploads\/2026\/01\/Trust-MOBILE-All-2048x1024.jpg 2048w, https:\/\/swissmilitarywatches.ch\/wp-content\/uploads\/2026\/01\/Trust-MOBILE-All-600x300.jpg 600w\" sizes=\"(max-width: 2560px) 100vw, 2560px\" \/>\t\t\t\t\t\t\n\t\t\t\t\t<\/div>\n\t\t\t\t\t\t\t\t\n<style>\n#image_209438909 {\n  width: 100%;\n}\n<\/style>\n\t<\/div>\n\t\n\n\n\t\t<\/div>\n\t\t\t\t\t<\/div>\n\n\t\n\n<\/div>\n","protected":false},"excerpt":{"rendered":"<p>La Montre chronographe Swiss Military Speed en acier bleu argent\u00e9 allie le savoir-faire suisse \u00e0 un style de course audacieux. Sa <strong>lunette tachym\u00e9trique<\/strong> mesure la vitesse avec pr\u00e9cision, tandis que le <strong>verre saphir<\/strong> garantit la durabilit\u00e9. Avec un cadran bleu, des accents rouges et une lunette argent\u00e9e, elle refl\u00e8te \u00e0 la fois l&rsquo;\u00e9nergie et le design suisse intemporel.  <\/p>\n","protected":false},"featured_media":24585,"comment_status":"open","ping_status":"closed","template":"","meta":[],"product_brand":[],"product_cat":[3178,2295,2293,2294,2296],"product_tag":[],"class_list":{"0":"post-24675","1":"product","2":"type-product","3":"status-publish","4":"has-post-thumbnail","6":"product_cat-sm34115","7":"product_cat-toutes-les-montres","8":"product_cat-montres-pour-hommes","9":"product_cat-montres-chronographes","10":"product_cat-nouveautes","11":"product_shipping_class-livraison-flexible","13":"first","14":"instock","15":"featured","16":"taxable","17":"shipping-taxable","18":"purchasable","19":"product-type-simple"},"yoast_head":"<!-- This site is optimized with the Yoast SEO Premium plugin v26.6 (Yoast SEO v26.6) - https:\/\/yoast.com\/wordpress\/plugins\/seo\/ -->\n<title>Montre chronographe Swiss Military Speed - bleu argent acier | SM34115.04<\/title>\n<meta name=\"description\" content=\"Montre chronographe Swiss Military Speed - design en acier bleu argent\u00e9, lunette tachym\u00e9trique, pr\u00e9cision suisse, verre saphir, 10 ATM, garantie de 5 ans.\" \/>\n<meta name=\"robots\" content=\"index, follow, max-snippet:-1, max-image-preview:large, max-video-preview:-1\" \/>\n<link rel=\"canonical\" href=\"https:\/\/swissmilitarywatches.ch\/fr\/produit\/montre-chronographe-militaire-suisse-a-cadence-rapide-bleu-argent-acier-sm34115-04\/\" \/>\n<meta property=\"og:locale\" content=\"fr_FR\" \/>\n<meta property=\"og:type\" content=\"article\" \/>\n<meta property=\"og:title\" content=\"Montre chronographe Swiss Military Speed - bleu argent acier | SM34115.04\" \/>\n<meta property=\"og:description\" content=\"Montre chronographe Swiss Military Speed - design en acier bleu argent\u00e9, lunette tachym\u00e9trique, pr\u00e9cision suisse, verre saphir, 10 ATM, garantie de 5 ans.\" \/>\n<meta property=\"og:url\" content=\"https:\/\/swissmilitarywatches.ch\/fr\/produit\/montre-chronographe-militaire-suisse-a-cadence-rapide-bleu-argent-acier-sm34115-04\/\" \/>\n<meta property=\"og:site_name\" content=\"Swiss Military by Chrono\" \/>\n<meta property=\"article:publisher\" content=\"https:\/\/m.facebook.com\/swissmilitarybychronoofficial\/\" \/>\n<meta property=\"article:modified_time\" content=\"2026-04-28T12:45:05+00:00\" \/>\n<meta property=\"og:image\" content=\"https:\/\/swissmilitarywatches.ch\/wp-content\/uploads\/2026\/01\/SM34115.04-1.png\" \/>\n\t<meta property=\"og:image:width\" content=\"1300\" \/>\n\t<meta property=\"og:image:height\" content=\"1642\" \/>\n\t<meta property=\"og:image:type\" content=\"image\/png\" \/>\n<meta name=\"twitter:card\" content=\"summary_large_image\" \/>\n<meta name=\"twitter:label1\" content=\"Prix\" \/>\n\t<meta name=\"twitter:data1\" content=\"&euro;399.00 inc. TVA\" \/>\n\t<meta name=\"twitter:label2\" content=\"Disponibilit\u00e9\" \/>\n\t<meta name=\"twitter:data2\" content=\"En stock\" \/>\n<script type=\"application\/ld+json\" class=\"yoast-schema-graph\">{\"@context\":\"https:\/\/schema.org\",\"@graph\":[{\"@type\":\"WebPage\",\"@id\":\"https:\/\/swissmilitarywatches.ch\/fr\/produit\/montre-chronographe-militaire-suisse-a-cadence-rapide-bleu-argent-acier-sm34115-04\/\",\"url\":\"https:\/\/swissmilitarywatches.ch\/fr\/produit\/montre-chronographe-militaire-suisse-a-cadence-rapide-bleu-argent-acier-sm34115-04\/\",\"name\":\"Montre chronographe Swiss Military Speed - bleu argent acier | SM34115.04\",\"isPartOf\":{\"@id\":\"https:\/\/swissmilitarywatches.ch\/fr\/#website\"},\"primaryImageOfPage\":{\"@id\":\"https:\/\/swissmilitarywatches.ch\/fr\/produit\/montre-chronographe-militaire-suisse-a-cadence-rapide-bleu-argent-acier-sm34115-04\/#primaryimage\"},\"image\":{\"@id\":\"https:\/\/swissmilitarywatches.ch\/fr\/produit\/montre-chronographe-militaire-suisse-a-cadence-rapide-bleu-argent-acier-sm34115-04\/#primaryimage\"},\"thumbnailUrl\":\"https:\/\/swissmilitarywatches.ch\/wp-content\/uploads\/2026\/01\/SM34115.04-1.png\",\"datePublished\":\"2026-01-27T10:38:54+00:00\",\"dateModified\":\"2026-04-28T12:45:05+00:00\",\"description\":\"Montre chronographe Swiss Military Speed - design en acier bleu argent\u00e9, lunette tachym\u00e9trique, pr\u00e9cision suisse, verre saphir, 10 ATM, garantie de 5 ans.\",\"breadcrumb\":{\"@id\":\"https:\/\/swissmilitarywatches.ch\/fr\/produit\/montre-chronographe-militaire-suisse-a-cadence-rapide-bleu-argent-acier-sm34115-04\/#breadcrumb\"},\"inLanguage\":\"fr-FR\",\"potentialAction\":[{\"@type\":\"ReadAction\",\"target\":[\"https:\/\/swissmilitarywatches.ch\/fr\/produit\/montre-chronographe-militaire-suisse-a-cadence-rapide-bleu-argent-acier-sm34115-04\/\"]}]},{\"@type\":\"ImageObject\",\"inLanguage\":\"fr-FR\",\"@id\":\"https:\/\/swissmilitarywatches.ch\/fr\/produit\/montre-chronographe-militaire-suisse-a-cadence-rapide-bleu-argent-acier-sm34115-04\/#primaryimage\",\"url\":\"https:\/\/swissmilitarywatches.ch\/wp-content\/uploads\/2026\/01\/SM34115.04-1.png\",\"contentUrl\":\"https:\/\/swissmilitarywatches.ch\/wp-content\/uploads\/2026\/01\/SM34115.04-1.png\",\"width\":1300,\"height\":1642,\"caption\":\"Pr\u00e9cision suisse en acier bleu et argent.\"},{\"@type\":\"BreadcrumbList\",\"@id\":\"https:\/\/swissmilitarywatches.ch\/fr\/produit\/montre-chronographe-militaire-suisse-a-cadence-rapide-bleu-argent-acier-sm34115-04\/#breadcrumb\",\"itemListElement\":[{\"@type\":\"ListItem\",\"position\":1,\"name\":\"Home\",\"item\":\"https:\/\/swissmilitarywatches.ch\/fr\/home\/\"},{\"@type\":\"ListItem\",\"position\":2,\"name\":\"Boutique\",\"item\":\"https:\/\/swissmilitarywatches.ch\/fr\/boutique\/\"},{\"@type\":\"ListItem\",\"position\":3,\"name\":\"Toutes les montres\",\"item\":\"https:\/\/swissmilitarywatches.ch\/fr\/categorie-produit-fr\/toutes-les-montres\/\"},{\"@type\":\"ListItem\",\"position\":4,\"name\":\"Montres pour hommes\",\"item\":\"https:\/\/swissmilitarywatches.ch\/fr\/categorie-produit-fr\/toutes-les-montres\/montres-pour-hommes\/\"},{\"@type\":\"ListItem\",\"position\":5,\"name\":\"Montres chronographes\",\"item\":\"https:\/\/swissmilitarywatches.ch\/fr\/categorie-produit-fr\/toutes-les-montres\/montres-pour-hommes\/montres-chronographes\/\"},{\"@type\":\"ListItem\",\"position\":6,\"name\":\"Montre chronographe Swiss Military Speed &#8211; bleu argent acier | SM34115.04\"}]},{\"@type\":\"WebSite\",\"@id\":\"https:\/\/swissmilitarywatches.ch\/fr\/#website\",\"url\":\"https:\/\/swissmilitarywatches.ch\/fr\/\",\"name\":\"Swiss Military by Chrono\",\"description\":\"Official Licensed Product of the Swiss Confederation\",\"publisher\":{\"@id\":\"https:\/\/swissmilitarywatches.ch\/fr\/#organization\"},\"potentialAction\":[{\"@type\":\"SearchAction\",\"target\":{\"@type\":\"EntryPoint\",\"urlTemplate\":\"https:\/\/swissmilitarywatches.ch\/fr\/?s={search_term_string}\"},\"query-input\":{\"@type\":\"PropertyValueSpecification\",\"valueRequired\":true,\"valueName\":\"search_term_string\"}}],\"inLanguage\":\"fr-FR\"},{\"@type\":\"Organization\",\"@id\":\"https:\/\/swissmilitarywatches.ch\/fr\/#organization\",\"name\":\"Swiss Military by Chrono\",\"url\":\"https:\/\/swissmilitarywatches.ch\/fr\/\",\"logo\":{\"@type\":\"ImageObject\",\"inLanguage\":\"fr-FR\",\"@id\":\"https:\/\/swissmilitarywatches.ch\/fr\/#\/schema\/logo\/image\/\",\"url\":\"https:\/\/swissmilitarywatches.ch\/wp-content\/uploads\/2020\/04\/cropped-SM_logo_512x512px.jpg\",\"contentUrl\":\"https:\/\/swissmilitarywatches.ch\/wp-content\/uploads\/2020\/04\/cropped-SM_logo_512x512px.jpg\",\"width\":512,\"height\":512,\"caption\":\"Swiss Military by Chrono\"},\"image\":{\"@id\":\"https:\/\/swissmilitarywatches.ch\/fr\/#\/schema\/logo\/image\/\"},\"sameAs\":[\"https:\/\/m.facebook.com\/swissmilitarybychronoofficial\/\",\"https:\/\/www.instagram.com\/swissmilitarybychrono\/\",\"https:\/\/www.pinterest.ch\/swissmilitarybychrono\/\"]}]}<\/script>\n<meta property=\"product:brand\" content=\"Swiss Military by Chrono\" \/>\n<meta property=\"product:price:amount\" content=\"399.00\" \/>\n<meta property=\"product:price:currency\" content=\"EUR\" \/>\n<meta property=\"og:availability\" content=\"instock\" \/>\n<meta property=\"product:availability\" content=\"instock\" \/>\n<meta property=\"product:retailer_item_id\" content=\"SM34115.04\" \/>\n<meta property=\"product:condition\" content=\"new\" \/>\n<!-- \/ Yoast SEO Premium plugin. -->","yoast_head_json":{"title":"Montre chronographe Swiss Military Speed - bleu argent acier | SM34115.04","description":"Montre chronographe Swiss Military Speed - design en acier bleu argent\u00e9, lunette tachym\u00e9trique, pr\u00e9cision suisse, verre saphir, 10 ATM, garantie de 5 ans.","robots":{"index":"index","follow":"follow","max-snippet":"max-snippet:-1","max-image-preview":"max-image-preview:large","max-video-preview":"max-video-preview:-1"},"canonical":"https:\/\/swissmilitarywatches.ch\/fr\/produit\/montre-chronographe-militaire-suisse-a-cadence-rapide-bleu-argent-acier-sm34115-04\/","og_locale":"fr_FR","og_type":"article","og_title":"Montre chronographe Swiss Military Speed - bleu argent acier | SM34115.04","og_description":"Montre chronographe Swiss Military Speed - design en acier bleu argent\u00e9, lunette tachym\u00e9trique, pr\u00e9cision suisse, verre saphir, 10 ATM, garantie de 5 ans.","og_url":"https:\/\/swissmilitarywatches.ch\/fr\/produit\/montre-chronographe-militaire-suisse-a-cadence-rapide-bleu-argent-acier-sm34115-04\/","og_site_name":"Swiss Military by Chrono","article_publisher":"https:\/\/m.facebook.com\/swissmilitarybychronoofficial\/","article_modified_time":"2026-04-28T12:45:05+00:00","og_image":[{"width":1300,"height":1642,"url":"https:\/\/swissmilitarywatches.ch\/wp-content\/uploads\/2026\/01\/SM34115.04-1.png","type":"image\/png"}],"twitter_card":"summary_large_image","twitter_misc":{"Prix":"&euro;399.00 inc. TVA","Disponibilit\u00e9":"En stock"},"schema":{"@context":"https:\/\/schema.org","@graph":[{"@type":"WebPage","@id":"https:\/\/swissmilitarywatches.ch\/fr\/produit\/montre-chronographe-militaire-suisse-a-cadence-rapide-bleu-argent-acier-sm34115-04\/","url":"https:\/\/swissmilitarywatches.ch\/fr\/produit\/montre-chronographe-militaire-suisse-a-cadence-rapide-bleu-argent-acier-sm34115-04\/","name":"Montre chronographe Swiss Military Speed - bleu argent acier | SM34115.04","isPartOf":{"@id":"https:\/\/swissmilitarywatches.ch\/fr\/#website"},"primaryImageOfPage":{"@id":"https:\/\/swissmilitarywatches.ch\/fr\/produit\/montre-chronographe-militaire-suisse-a-cadence-rapide-bleu-argent-acier-sm34115-04\/#primaryimage"},"image":{"@id":"https:\/\/swissmilitarywatches.ch\/fr\/produit\/montre-chronographe-militaire-suisse-a-cadence-rapide-bleu-argent-acier-sm34115-04\/#primaryimage"},"thumbnailUrl":"https:\/\/swissmilitarywatches.ch\/wp-content\/uploads\/2026\/01\/SM34115.04-1.png","datePublished":"2026-01-27T10:38:54+00:00","dateModified":"2026-04-28T12:45:05+00:00","description":"Montre chronographe Swiss Military Speed - design en acier bleu argent\u00e9, lunette tachym\u00e9trique, pr\u00e9cision suisse, verre saphir, 10 ATM, garantie de 5 ans.","breadcrumb":{"@id":"https:\/\/swissmilitarywatches.ch\/fr\/produit\/montre-chronographe-militaire-suisse-a-cadence-rapide-bleu-argent-acier-sm34115-04\/#breadcrumb"},"inLanguage":"fr-FR","potentialAction":[{"@type":"ReadAction","target":["https:\/\/swissmilitarywatches.ch\/fr\/produit\/montre-chronographe-militaire-suisse-a-cadence-rapide-bleu-argent-acier-sm34115-04\/"]}]},{"@type":"ImageObject","inLanguage":"fr-FR","@id":"https:\/\/swissmilitarywatches.ch\/fr\/produit\/montre-chronographe-militaire-suisse-a-cadence-rapide-bleu-argent-acier-sm34115-04\/#primaryimage","url":"https:\/\/swissmilitarywatches.ch\/wp-content\/uploads\/2026\/01\/SM34115.04-1.png","contentUrl":"https:\/\/swissmilitarywatches.ch\/wp-content\/uploads\/2026\/01\/SM34115.04-1.png","width":1300,"height":1642,"caption":"Pr\u00e9cision suisse en acier bleu et argent."},{"@type":"BreadcrumbList","@id":"https:\/\/swissmilitarywatches.ch\/fr\/produit\/montre-chronographe-militaire-suisse-a-cadence-rapide-bleu-argent-acier-sm34115-04\/#breadcrumb","itemListElement":[{"@type":"ListItem","position":1,"name":"Home","item":"https:\/\/swissmilitarywatches.ch\/fr\/home\/"},{"@type":"ListItem","position":2,"name":"Boutique","item":"https:\/\/swissmilitarywatches.ch\/fr\/boutique\/"},{"@type":"ListItem","position":3,"name":"Toutes les montres","item":"https:\/\/swissmilitarywatches.ch\/fr\/categorie-produit-fr\/toutes-les-montres\/"},{"@type":"ListItem","position":4,"name":"Montres pour hommes","item":"https:\/\/swissmilitarywatches.ch\/fr\/categorie-produit-fr\/toutes-les-montres\/montres-pour-hommes\/"},{"@type":"ListItem","position":5,"name":"Montres chronographes","item":"https:\/\/swissmilitarywatches.ch\/fr\/categorie-produit-fr\/toutes-les-montres\/montres-pour-hommes\/montres-chronographes\/"},{"@type":"ListItem","position":6,"name":"Montre chronographe Swiss Military Speed &#8211; bleu argent acier | SM34115.04"}]},{"@type":"WebSite","@id":"https:\/\/swissmilitarywatches.ch\/fr\/#website","url":"https:\/\/swissmilitarywatches.ch\/fr\/","name":"Swiss Military by Chrono","description":"Official Licensed Product of the Swiss Confederation","publisher":{"@id":"https:\/\/swissmilitarywatches.ch\/fr\/#organization"},"potentialAction":[{"@type":"SearchAction","target":{"@type":"EntryPoint","urlTemplate":"https:\/\/swissmilitarywatches.ch\/fr\/?s={search_term_string}"},"query-input":{"@type":"PropertyValueSpecification","valueRequired":true,"valueName":"search_term_string"}}],"inLanguage":"fr-FR"},{"@type":"Organization","@id":"https:\/\/swissmilitarywatches.ch\/fr\/#organization","name":"Swiss Military by Chrono","url":"https:\/\/swissmilitarywatches.ch\/fr\/","logo":{"@type":"ImageObject","inLanguage":"fr-FR","@id":"https:\/\/swissmilitarywatches.ch\/fr\/#\/schema\/logo\/image\/","url":"https:\/\/swissmilitarywatches.ch\/wp-content\/uploads\/2020\/04\/cropped-SM_logo_512x512px.jpg","contentUrl":"https:\/\/swissmilitarywatches.ch\/wp-content\/uploads\/2020\/04\/cropped-SM_logo_512x512px.jpg","width":512,"height":512,"caption":"Swiss Military by Chrono"},"image":{"@id":"https:\/\/swissmilitarywatches.ch\/fr\/#\/schema\/logo\/image\/"},"sameAs":["https:\/\/m.facebook.com\/swissmilitarybychronoofficial\/","https:\/\/www.instagram.com\/swissmilitarybychrono\/","https:\/\/www.pinterest.ch\/swissmilitarybychrono\/"]}]},"product_brand":"Swiss Military by Chrono","product_price_amount":"399.00","product_price_currency":"EUR","og_availability":"instock","product_availability":"instock","product_retailer_item_id":"SM34115.04","product_condition":"new"},"jetpack_sharing_enabled":true,"_links":{"self":[{"href":"https:\/\/swissmilitarywatches.ch\/fr\/wp-json\/wp\/v2\/product\/24675","targetHints":{"allow":["GET"]}}],"collection":[{"href":"https:\/\/swissmilitarywatches.ch\/fr\/wp-json\/wp\/v2\/product"}],"about":[{"href":"https:\/\/swissmilitarywatches.ch\/fr\/wp-json\/wp\/v2\/types\/product"}],"replies":[{"embeddable":true,"href":"https:\/\/swissmilitarywatches.ch\/fr\/wp-json\/wp\/v2\/comments?post=24675"}],"wp:featuredmedia":[{"embeddable":true,"href":"https:\/\/swissmilitarywatches.ch\/fr\/wp-json\/wp\/v2\/media\/24585"}],"wp:attachment":[{"href":"https:\/\/swissmilitarywatches.ch\/fr\/wp-json\/wp\/v2\/media?parent=24675"}],"wp:term":[{"taxonomy":"product_brand","embeddable":true,"href":"https:\/\/swissmilitarywatches.ch\/fr\/wp-json\/wp\/v2\/product_brand?post=24675"},{"taxonomy":"product_cat","embeddable":true,"href":"https:\/\/swissmilitarywatches.ch\/fr\/wp-json\/wp\/v2\/product_cat?post=24675"},{"taxonomy":"product_tag","embeddable":true,"href":"https:\/\/swissmilitarywatches.ch\/fr\/wp-json\/wp\/v2\/product_tag?post=24675"}],"curies":[{"name":"wp","href":"https:\/\/api.w.org\/{rel}","templated":true}]}}