{"id":24236,"date":"2026-01-12T10:35:32","date_gmt":"2026-01-12T08:35:32","guid":{"rendered":"https:\/\/swissmilitarywatches.ch\/shop\/swiss-military-montre-chronographe-minimaliste-cuir-blanc-placage-sm34114-11\/"},"modified":"2026-02-16T10:48:48","modified_gmt":"2026-02-16T08:48:48","slug":"swiss-military-montre-chronographe-minimaliste-cuir-blanc-placage-sm34114-11","status":"publish","type":"product","link":"https:\/\/swissmilitarywatches.ch\/fr\/produit\/swiss-military-montre-chronographe-minimaliste-cuir-blanc-placage-sm34114-11\/","title":{"rendered":"Swiss Military Montre Chronographe Minimaliste \u2013 Cuir, Blanc Placage | SM34114.11"},"content":{"rendered":"<div>\n<h2><strong>Luxe tranquille et style suisse raffin\u00e9 &#8211; la montre chronographe minimaliste Swiss Military<\/strong><\/h2>\n<\/div>\n<div>\n<p id=\"message\">La <strong>montre chronographe minimaliste Swiss Military<\/strong> en or et marron refl\u00e8te l&rsquo;\u00e9l\u00e9gance du patrimoine et un style durable. Son <strong>cadran blanc<\/strong> apporte clart\u00e9 et lumi\u00e8re au design, tandis que le <strong>bo\u00eetier en or<\/strong> ajoute une touche chaleureuse de luxe. Gr\u00e2ce au bracelet en cuir marron, qui apporte confort et profondeur, cette montre s&rsquo;accorde sans effort avec des tenues d\u00e9contract\u00e9es ou habill\u00e9es.  <\/p>\n<\/div>\n<div><\/div>\n<div>\n<p id=\"message\">A l&rsquo;int\u00e9rieur, le mouvement chronographe \u00e0 quartz suisse assure un chronom\u00e9trage pr\u00e9cis et sa fonction stop vous permet de mesurer les moments avec facilit\u00e9. En outre, le verre saphir prot\u00e8ge le cadran et reste clair et sans rayures, m\u00eame en cas d&rsquo;utilisation active. La r\u00e9sistance \u00e0 l&rsquo;eau de 10 ATM (100 m) permet \u00e0 la montre de rester fiable tout au long de votre journ\u00e9e ou de vos d\u00e9placements. Vous b\u00e9n\u00e9ficiez ainsi de la pr\u00e9cision, du confort et de l&rsquo;assurance d&rsquo;une force suisse durable.   <\/p>\n<\/div>\n<div><\/div>\n<div><div class=\"is-divider divider clearfix\" style=\"max-width:small;\"><\/div><\/div>\n<div>\n<h3 id=\"message\"><strong>Points forts du produit :<\/strong><\/h3>\n<ul>\n<li><strong>Mouvement :<\/strong> Chronographe \u00e0 quartz suisse avec fonction d&rsquo;arr\u00eat<\/li>\n<li><strong>Verre :<\/strong> Verre saphir inrayable<\/li>\n<li><strong>Cadran :<\/strong> blanc avec aiguilles en or et affichage de la date<\/li>\n<li><strong>Bo\u00eetier :<\/strong> Acier inoxydable dor\u00e9 (41 mm)<\/li>\n<li><strong>Bracelet :<\/strong> Cuir marron v\u00e9ritable avec fermeture \u00e0 boucle traditionnelle<\/li>\n<li><strong>R\u00e9sistance \u00e0 l&rsquo;eau :<\/strong> 10 ATM \/ 100 m<\/li>\n<li><strong>Garantie :<\/strong> 5 ans de garantie internationale<\/li>\n<li><strong>Fabriqu\u00e9 en Suisse :<\/strong> Fabriqu\u00e9 \u00e0 la main et sous licence en Suisse<\/li>\n<\/ul>\n<p><strong>La Conf\u00e9d\u00e9ration suisse d\u00e9livre une licence officielle pour chaque mod\u00e8le, et des horlogers qualifi\u00e9s assemblent chaque pi\u00e8ce \u00e0 la main dans notre atelier suisse.<\/strong> Tous les garde-temps b\u00e9n\u00e9ficient d&rsquo;une <strong>garantie internationale de 5 ans<\/strong>, ce qui vous permet de profiter d&rsquo;une qualit\u00e9 et d&rsquo;une confiance authentiquement suisses pour les ann\u00e9es \u00e0 venir.<\/p>\n<\/div>\n<div class=\"row hide-for-small\"  id=\"row-1587523268\">\n\n\n\t<div id=\"col-1618169668\" class=\"col small-12 large-12\"  >\n\t\t\t\t<div class=\"col-inner\"  >\n\t\t\t\n\t\t\t\n\n\t<div class=\"img has-hover x md-x lg-x y md-y lg-y\" id=\"image_98323142\">\n\t\t\t\t\t\t\t\t<div class=\"img-inner dark\" >\n\t\t\t<img decoding=\"async\" width=\"2560\" height=\"1280\" src=\"https:\/\/swissmilitarywatches.ch\/wp-content\/uploads\/2026\/01\/UX-Block-Images-DESKTOP-LTD-Edition-scaled.jpg\" class=\"attachment-large size-large\" alt=\"Swiss watchmaker assembling a watch movement \u2013 hand\u2011crafted Swiss Military by Chrono timepiece made in Switzerland.\" srcset=\"https:\/\/swissmilitarywatches.ch\/wp-content\/uploads\/2026\/01\/UX-Block-Images-DESKTOP-LTD-Edition-scaled.jpg 2560w, https:\/\/swissmilitarywatches.ch\/wp-content\/uploads\/2026\/01\/UX-Block-Images-DESKTOP-LTD-Edition-768x384.jpg 768w, https:\/\/swissmilitarywatches.ch\/wp-content\/uploads\/2026\/01\/UX-Block-Images-DESKTOP-LTD-Edition-1536x768.jpg 1536w, https:\/\/swissmilitarywatches.ch\/wp-content\/uploads\/2026\/01\/UX-Block-Images-DESKTOP-LTD-Edition-2048x1024.jpg 2048w, https:\/\/swissmilitarywatches.ch\/wp-content\/uploads\/2026\/01\/UX-Block-Images-DESKTOP-LTD-Edition-600x300.jpg 600w\" sizes=\"(max-width: 2560px) 100vw, 2560px\" \/>\t\t\t\t\t\t\n\t\t\t\t\t<\/div>\n\t\t\t\t\t\t\t\t\n<style>\n#image_98323142 {\n  width: 100%;\n}\n<\/style>\n\t<\/div>\n\t\n\n\n\t\t<\/div>\n\t\t\t\t\t<\/div>\n\n\t\n\n\t<div id=\"col-1939387572\" class=\"col small-12 large-12\"  >\n\t\t\t\t<div class=\"col-inner\"  >\n\t\t\t\n\t\t\t\n\n\t<div class=\"img has-hover x md-x lg-x y md-y lg-y\" id=\"image_598126362\">\n\t\t\t\t\t\t\t\t<div class=\"img-inner dark\" >\n\t\t\t<img decoding=\"async\" width=\"2560\" height=\"640\" src=\"https:\/\/swissmilitarywatches.ch\/wp-content\/uploads\/2026\/01\/Trust-Desktop-ALL-scaled.jpg\" class=\"attachment-large size-large\" alt=\"Swiss Military by Chrono official license and 5\u2011year international warranty badge \u2013 authentic Swiss Made watch quality guaranteed.\" srcset=\"https:\/\/swissmilitarywatches.ch\/wp-content\/uploads\/2026\/01\/Trust-Desktop-ALL-scaled.jpg 2560w, https:\/\/swissmilitarywatches.ch\/wp-content\/uploads\/2026\/01\/Trust-Desktop-ALL-768x192.jpg 768w, https:\/\/swissmilitarywatches.ch\/wp-content\/uploads\/2026\/01\/Trust-Desktop-ALL-1536x384.jpg 1536w, https:\/\/swissmilitarywatches.ch\/wp-content\/uploads\/2026\/01\/Trust-Desktop-ALL-2048x512.jpg 2048w, https:\/\/swissmilitarywatches.ch\/wp-content\/uploads\/2026\/01\/Trust-Desktop-ALL-600x150.jpg 600w\" sizes=\"(max-width: 2560px) 100vw, 2560px\" \/>\t\t\t\t\t\t\n\t\t\t\t\t<\/div>\n\t\t\t\t\t\t\t\t\n<style>\n#image_598126362 {\n  width: 100%;\n}\n<\/style>\n\t<\/div>\n\t\n\n\n\t\t<\/div>\n\t\t\t\t\t<\/div>\n\n\t\n\n<\/div>\n<div class=\"row show-for-small\"  id=\"row-1592395734\">\n\n\n\t<div id=\"col-1936358118\" class=\"col small-12 large-12\"  >\n\t\t\t\t<div class=\"col-inner\"  >\n\t\t\t\n\t\t\t\n\n\t<div class=\"img has-hover x md-x lg-x y md-y lg-y\" id=\"image_110662178\">\n\t\t\t\t\t\t\t\t<div class=\"img-inner dark\" >\n\t\t\t<img decoding=\"async\" width=\"2560\" height=\"2560\" src=\"https:\/\/swissmilitarywatches.ch\/wp-content\/uploads\/2026\/01\/UX-Block-Images-MOBILE-LTD-Edtion-scaled.jpg\" class=\"attachment-large size-large\" alt=\"Swiss Military by Chrono watchmaker assembling a watch movement \u2013 hand\u2011crafted Swiss Military timepiece made in Switzerland\" srcset=\"https:\/\/swissmilitarywatches.ch\/wp-content\/uploads\/2026\/01\/UX-Block-Images-MOBILE-LTD-Edtion-scaled.jpg 2560w, https:\/\/swissmilitarywatches.ch\/wp-content\/uploads\/2026\/01\/UX-Block-Images-MOBILE-LTD-Edtion-768x768.jpg 768w, https:\/\/swissmilitarywatches.ch\/wp-content\/uploads\/2026\/01\/UX-Block-Images-MOBILE-LTD-Edtion-1536x1536.jpg 1536w, https:\/\/swissmilitarywatches.ch\/wp-content\/uploads\/2026\/01\/UX-Block-Images-MOBILE-LTD-Edtion-2048x2048.jpg 2048w, https:\/\/swissmilitarywatches.ch\/wp-content\/uploads\/2026\/01\/UX-Block-Images-MOBILE-LTD-Edtion-600x600.jpg 600w, https:\/\/swissmilitarywatches.ch\/wp-content\/uploads\/2026\/01\/UX-Block-Images-MOBILE-LTD-Edtion-100x100.jpg 100w\" sizes=\"(max-width: 2560px) 100vw, 2560px\" \/>\t\t\t\t\t\t\n\t\t\t\t\t<\/div>\n\t\t\t\t\t\t\t\t\n<style>\n#image_110662178 {\n  width: 100%;\n}\n<\/style>\n\t<\/div>\n\t\n\n\n\t\t<\/div>\n\t\t\t\t\t<\/div>\n\n\t\n\n\t<div id=\"col-2082787535\" class=\"col small-12 large-12\"  >\n\t\t\t\t<div class=\"col-inner\"  >\n\t\t\t\n\t\t\t\n\n\t<div class=\"img has-hover x md-x lg-x y md-y lg-y\" id=\"image_1476003082\">\n\t\t\t\t\t\t\t\t<div class=\"img-inner dark\" >\n\t\t\t<img decoding=\"async\" width=\"2560\" height=\"1280\" src=\"https:\/\/swissmilitarywatches.ch\/wp-content\/uploads\/2026\/01\/Trust-MOBILE-All-scaled.jpg\" class=\"attachment-large size-large\" alt=\"Swiss Military by Chrono official license and 5\u2011year international warranty badge \u2013 authentic Swiss Made watch quality guaranteed.\" srcset=\"https:\/\/swissmilitarywatches.ch\/wp-content\/uploads\/2026\/01\/Trust-MOBILE-All-scaled.jpg 2560w, https:\/\/swissmilitarywatches.ch\/wp-content\/uploads\/2026\/01\/Trust-MOBILE-All-768x384.jpg 768w, https:\/\/swissmilitarywatches.ch\/wp-content\/uploads\/2026\/01\/Trust-MOBILE-All-1536x768.jpg 1536w, https:\/\/swissmilitarywatches.ch\/wp-content\/uploads\/2026\/01\/Trust-MOBILE-All-2048x1024.jpg 2048w, https:\/\/swissmilitarywatches.ch\/wp-content\/uploads\/2026\/01\/Trust-MOBILE-All-600x300.jpg 600w\" sizes=\"(max-width: 2560px) 100vw, 2560px\" \/>\t\t\t\t\t\t\n\t\t\t\t\t<\/div>\n\t\t\t\t\t\t\t\t\n<style>\n#image_1476003082 {\n  width: 100%;\n}\n<\/style>\n\t<\/div>\n\t\n\n\n\t\t<\/div>\n\t\t\t\t\t<\/div>\n\n\t\n\n<\/div>\n","protected":false},"excerpt":{"rendered":"<p>L&rsquo;h\u00e9ritage classique rencontre la pr\u00e9cision suisse. La <strong>montre chronographe minimaliste Swiss Military <\/strong>allie une chaleur intemporelle \u00e0 des performances fiables et au savoir-faire artisanal qui d\u00e9finit l&rsquo;horlogerie suisse. <\/p>\n","protected":false},"featured_media":24233,"comment_status":"open","ping_status":"closed","template":"","meta":[],"product_brand":[],"product_cat":[3108,2295,2293,2294,2296],"product_tag":[],"class_list":{"0":"post-24236","1":"product","2":"type-product","3":"status-publish","4":"has-post-thumbnail","6":"product_cat-sm34114","7":"product_cat-toutes-les-montres","8":"product_cat-montres-pour-hommes","9":"product_cat-montres-chronographes","10":"product_cat-nouveautes","11":"product_shipping_class-livraison-flexible","13":"first","14":"instock","15":"featured","16":"taxable","17":"shipping-taxable","18":"purchasable","19":"product-type-simple"},"yoast_head":"<!-- This site is optimized with the Yoast SEO Premium plugin v26.6 (Yoast SEO v26.6) - https:\/\/yoast.com\/wordpress\/plugins\/seo\/ -->\n<title>Swiss Military Montre Chronographe Minimaliste \u2013 Cuir, Blanc Placage | SM34114.11 - Swiss Military by Chrono<\/title>\n<meta name=\"description\" content=\"Montre chronographe minimaliste militaire suisse avec cadran blanc et bracelet en cuir marron, fonction stop et garantie de 5 ans pour une pr\u00e9cision durable.\" \/>\n<meta name=\"robots\" content=\"index, follow, max-snippet:-1, max-image-preview:large, max-video-preview:-1\" \/>\n<link rel=\"canonical\" href=\"https:\/\/swissmilitarywatches.ch\/fr\/produit\/swiss-military-montre-chronographe-minimaliste-cuir-blanc-placage-sm34114-11\/\" \/>\n<meta property=\"og:locale\" content=\"fr_FR\" \/>\n<meta property=\"og:type\" content=\"article\" \/>\n<meta property=\"og:title\" content=\"Swiss Military Montre Chronographe Minimaliste \u2013 Cuir, Blanc Placage | SM34114.11\" \/>\n<meta property=\"og:description\" content=\"Montre chronographe minimaliste militaire suisse avec cadran blanc et bracelet en cuir marron, fonction stop et garantie de 5 ans pour une pr\u00e9cision durable.\" \/>\n<meta property=\"og:url\" content=\"https:\/\/swissmilitarywatches.ch\/fr\/produit\/swiss-military-montre-chronographe-minimaliste-cuir-blanc-placage-sm34114-11\/\" \/>\n<meta property=\"og:site_name\" content=\"Swiss Military by Chrono\" \/>\n<meta property=\"article:publisher\" content=\"https:\/\/m.facebook.com\/swissmilitarybychronoofficial\/\" \/>\n<meta property=\"article:modified_time\" content=\"2026-02-16T08:48:48+00:00\" \/>\n<meta property=\"og:image\" content=\"https:\/\/swissmilitarywatches.ch\/wp-content\/uploads\/2026\/01\/SM34114.11.png\" \/>\n\t<meta property=\"og:image:width\" content=\"1300\" \/>\n\t<meta property=\"og:image:height\" content=\"1642\" \/>\n\t<meta property=\"og:image:type\" content=\"image\/png\" \/>\n<meta name=\"twitter:card\" content=\"summary_large_image\" \/>\n<meta name=\"twitter:label1\" content=\"Prix\" \/>\n\t<meta name=\"twitter:data1\" content=\"&euro;349.00 inc. TVA\" \/>\n\t<meta name=\"twitter:label2\" content=\"Disponibilit\u00e9\" \/>\n\t<meta name=\"twitter:data2\" content=\"En stock\" \/>\n<script type=\"application\/ld+json\" class=\"yoast-schema-graph\">{\"@context\":\"https:\/\/schema.org\",\"@graph\":[{\"@type\":\"WebPage\",\"@id\":\"https:\/\/swissmilitarywatches.ch\/fr\/produit\/swiss-military-montre-chronographe-minimaliste-cuir-blanc-placage-sm34114-11\/\",\"url\":\"https:\/\/swissmilitarywatches.ch\/fr\/produit\/swiss-military-montre-chronographe-minimaliste-cuir-blanc-placage-sm34114-11\/\",\"name\":\"Swiss Military Montre Chronographe Minimaliste \u2013 Cuir, Blanc Placage | SM34114.11 - Swiss Military by Chrono\",\"isPartOf\":{\"@id\":\"https:\/\/swissmilitarywatches.ch\/fr\/#website\"},\"primaryImageOfPage\":{\"@id\":\"https:\/\/swissmilitarywatches.ch\/fr\/produit\/swiss-military-montre-chronographe-minimaliste-cuir-blanc-placage-sm34114-11\/#primaryimage\"},\"image\":{\"@id\":\"https:\/\/swissmilitarywatches.ch\/fr\/produit\/swiss-military-montre-chronographe-minimaliste-cuir-blanc-placage-sm34114-11\/#primaryimage\"},\"thumbnailUrl\":\"https:\/\/swissmilitarywatches.ch\/wp-content\/uploads\/2026\/01\/SM34114.11.png\",\"datePublished\":\"2026-01-12T08:35:32+00:00\",\"dateModified\":\"2026-02-16T08:48:48+00:00\",\"description\":\"Montre chronographe minimaliste militaire suisse avec cadran blanc et bracelet en cuir marron, fonction stop et garantie de 5 ans pour une pr\u00e9cision durable.\",\"breadcrumb\":{\"@id\":\"https:\/\/swissmilitarywatches.ch\/fr\/produit\/swiss-military-montre-chronographe-minimaliste-cuir-blanc-placage-sm34114-11\/#breadcrumb\"},\"inLanguage\":\"fr-FR\",\"potentialAction\":[{\"@type\":\"ReadAction\",\"target\":[\"https:\/\/swissmilitarywatches.ch\/fr\/produit\/swiss-military-montre-chronographe-minimaliste-cuir-blanc-placage-sm34114-11\/\"]}]},{\"@type\":\"ImageObject\",\"inLanguage\":\"fr-FR\",\"@id\":\"https:\/\/swissmilitarywatches.ch\/fr\/produit\/swiss-military-montre-chronographe-minimaliste-cuir-blanc-placage-sm34114-11\/#primaryimage\",\"url\":\"https:\/\/swissmilitarywatches.ch\/wp-content\/uploads\/2026\/01\/SM34114.11.png\",\"contentUrl\":\"https:\/\/swissmilitarywatches.ch\/wp-content\/uploads\/2026\/01\/SM34114.11.png\",\"width\":1300,\"height\":1642,\"caption\":\"L'\u00e9l\u00e9gance suisse classique - la montre chronographe minimaliste Swiss Military associe un cadran blanc et un bo\u00eetier en or \u00e0 un bracelet en cuir marron pour un confort et un style intemporels.\"},{\"@type\":\"BreadcrumbList\",\"@id\":\"https:\/\/swissmilitarywatches.ch\/fr\/produit\/swiss-military-montre-chronographe-minimaliste-cuir-blanc-placage-sm34114-11\/#breadcrumb\",\"itemListElement\":[{\"@type\":\"ListItem\",\"position\":1,\"name\":\"Home\",\"item\":\"https:\/\/swissmilitarywatches.ch\/fr\/home\/\"},{\"@type\":\"ListItem\",\"position\":2,\"name\":\"Boutique\",\"item\":\"https:\/\/swissmilitarywatches.ch\/fr\/boutique\/\"},{\"@type\":\"ListItem\",\"position\":3,\"name\":\"Swiss Military Montre Chronographe Minimaliste \u2013 Cuir, Blanc Placage | SM34114.11\"}]},{\"@type\":\"WebSite\",\"@id\":\"https:\/\/swissmilitarywatches.ch\/fr\/#website\",\"url\":\"https:\/\/swissmilitarywatches.ch\/fr\/\",\"name\":\"Swiss Military by Chrono\",\"description\":\"Official Licensed Product of the Swiss Confederation\",\"publisher\":{\"@id\":\"https:\/\/swissmilitarywatches.ch\/fr\/#organization\"},\"potentialAction\":[{\"@type\":\"SearchAction\",\"target\":{\"@type\":\"EntryPoint\",\"urlTemplate\":\"https:\/\/swissmilitarywatches.ch\/fr\/?s={search_term_string}\"},\"query-input\":{\"@type\":\"PropertyValueSpecification\",\"valueRequired\":true,\"valueName\":\"search_term_string\"}}],\"inLanguage\":\"fr-FR\"},{\"@type\":\"Organization\",\"@id\":\"https:\/\/swissmilitarywatches.ch\/fr\/#organization\",\"name\":\"Swiss Military by Chrono\",\"url\":\"https:\/\/swissmilitarywatches.ch\/fr\/\",\"logo\":{\"@type\":\"ImageObject\",\"inLanguage\":\"fr-FR\",\"@id\":\"https:\/\/swissmilitarywatches.ch\/fr\/#\/schema\/logo\/image\/\",\"url\":\"https:\/\/swissmilitarywatches.ch\/wp-content\/uploads\/2020\/04\/cropped-SM_logo_512x512px.jpg\",\"contentUrl\":\"https:\/\/swissmilitarywatches.ch\/wp-content\/uploads\/2020\/04\/cropped-SM_logo_512x512px.jpg\",\"width\":512,\"height\":512,\"caption\":\"Swiss Military by Chrono\"},\"image\":{\"@id\":\"https:\/\/swissmilitarywatches.ch\/fr\/#\/schema\/logo\/image\/\"},\"sameAs\":[\"https:\/\/m.facebook.com\/swissmilitarybychronoofficial\/\",\"https:\/\/www.instagram.com\/swissmilitarybychrono\/\",\"https:\/\/www.pinterest.ch\/swissmilitarybychrono\/\"]}]}<\/script>\n<meta property=\"product:brand\" content=\"Swiss Military by Chrono\" \/>\n<meta property=\"product:price:amount\" content=\"349.00\" \/>\n<meta property=\"product:price:currency\" content=\"EUR\" \/>\n<meta property=\"og:availability\" content=\"instock\" \/>\n<meta property=\"product:availability\" content=\"instock\" \/>\n<meta property=\"product:retailer_item_id\" content=\"SM34114.11\" \/>\n<meta property=\"product:condition\" content=\"new\" \/>\n<!-- \/ Yoast SEO Premium plugin. -->","yoast_head_json":{"title":"Swiss Military Montre Chronographe Minimaliste \u2013 Cuir, Blanc Placage | SM34114.11 - Swiss Military by Chrono","description":"Montre chronographe minimaliste militaire suisse avec cadran blanc et bracelet en cuir marron, fonction stop et garantie de 5 ans pour une pr\u00e9cision durable.","robots":{"index":"index","follow":"follow","max-snippet":"max-snippet:-1","max-image-preview":"max-image-preview:large","max-video-preview":"max-video-preview:-1"},"canonical":"https:\/\/swissmilitarywatches.ch\/fr\/produit\/swiss-military-montre-chronographe-minimaliste-cuir-blanc-placage-sm34114-11\/","og_locale":"fr_FR","og_type":"article","og_title":"Swiss Military Montre Chronographe Minimaliste \u2013 Cuir, Blanc Placage | SM34114.11","og_description":"Montre chronographe minimaliste militaire suisse avec cadran blanc et bracelet en cuir marron, fonction stop et garantie de 5 ans pour une pr\u00e9cision durable.","og_url":"https:\/\/swissmilitarywatches.ch\/fr\/produit\/swiss-military-montre-chronographe-minimaliste-cuir-blanc-placage-sm34114-11\/","og_site_name":"Swiss Military by Chrono","article_publisher":"https:\/\/m.facebook.com\/swissmilitarybychronoofficial\/","article_modified_time":"2026-02-16T08:48:48+00:00","og_image":[{"width":1300,"height":1642,"url":"https:\/\/swissmilitarywatches.ch\/wp-content\/uploads\/2026\/01\/SM34114.11.png","type":"image\/png"}],"twitter_card":"summary_large_image","twitter_misc":{"Prix":"&euro;349.00 inc. TVA","Disponibilit\u00e9":"En stock"},"schema":{"@context":"https:\/\/schema.org","@graph":[{"@type":"WebPage","@id":"https:\/\/swissmilitarywatches.ch\/fr\/produit\/swiss-military-montre-chronographe-minimaliste-cuir-blanc-placage-sm34114-11\/","url":"https:\/\/swissmilitarywatches.ch\/fr\/produit\/swiss-military-montre-chronographe-minimaliste-cuir-blanc-placage-sm34114-11\/","name":"Swiss Military Montre Chronographe Minimaliste \u2013 Cuir, Blanc Placage | SM34114.11 - Swiss Military by Chrono","isPartOf":{"@id":"https:\/\/swissmilitarywatches.ch\/fr\/#website"},"primaryImageOfPage":{"@id":"https:\/\/swissmilitarywatches.ch\/fr\/produit\/swiss-military-montre-chronographe-minimaliste-cuir-blanc-placage-sm34114-11\/#primaryimage"},"image":{"@id":"https:\/\/swissmilitarywatches.ch\/fr\/produit\/swiss-military-montre-chronographe-minimaliste-cuir-blanc-placage-sm34114-11\/#primaryimage"},"thumbnailUrl":"https:\/\/swissmilitarywatches.ch\/wp-content\/uploads\/2026\/01\/SM34114.11.png","datePublished":"2026-01-12T08:35:32+00:00","dateModified":"2026-02-16T08:48:48+00:00","description":"Montre chronographe minimaliste militaire suisse avec cadran blanc et bracelet en cuir marron, fonction stop et garantie de 5 ans pour une pr\u00e9cision durable.","breadcrumb":{"@id":"https:\/\/swissmilitarywatches.ch\/fr\/produit\/swiss-military-montre-chronographe-minimaliste-cuir-blanc-placage-sm34114-11\/#breadcrumb"},"inLanguage":"fr-FR","potentialAction":[{"@type":"ReadAction","target":["https:\/\/swissmilitarywatches.ch\/fr\/produit\/swiss-military-montre-chronographe-minimaliste-cuir-blanc-placage-sm34114-11\/"]}]},{"@type":"ImageObject","inLanguage":"fr-FR","@id":"https:\/\/swissmilitarywatches.ch\/fr\/produit\/swiss-military-montre-chronographe-minimaliste-cuir-blanc-placage-sm34114-11\/#primaryimage","url":"https:\/\/swissmilitarywatches.ch\/wp-content\/uploads\/2026\/01\/SM34114.11.png","contentUrl":"https:\/\/swissmilitarywatches.ch\/wp-content\/uploads\/2026\/01\/SM34114.11.png","width":1300,"height":1642,"caption":"L'\u00e9l\u00e9gance suisse classique - la montre chronographe minimaliste Swiss Military associe un cadran blanc et un bo\u00eetier en or \u00e0 un bracelet en cuir marron pour un confort et un style intemporels."},{"@type":"BreadcrumbList","@id":"https:\/\/swissmilitarywatches.ch\/fr\/produit\/swiss-military-montre-chronographe-minimaliste-cuir-blanc-placage-sm34114-11\/#breadcrumb","itemListElement":[{"@type":"ListItem","position":1,"name":"Home","item":"https:\/\/swissmilitarywatches.ch\/fr\/home\/"},{"@type":"ListItem","position":2,"name":"Boutique","item":"https:\/\/swissmilitarywatches.ch\/fr\/boutique\/"},{"@type":"ListItem","position":3,"name":"Swiss Military Montre Chronographe Minimaliste \u2013 Cuir, Blanc Placage | SM34114.11"}]},{"@type":"WebSite","@id":"https:\/\/swissmilitarywatches.ch\/fr\/#website","url":"https:\/\/swissmilitarywatches.ch\/fr\/","name":"Swiss Military by Chrono","description":"Official Licensed Product of the Swiss Confederation","publisher":{"@id":"https:\/\/swissmilitarywatches.ch\/fr\/#organization"},"potentialAction":[{"@type":"SearchAction","target":{"@type":"EntryPoint","urlTemplate":"https:\/\/swissmilitarywatches.ch\/fr\/?s={search_term_string}"},"query-input":{"@type":"PropertyValueSpecification","valueRequired":true,"valueName":"search_term_string"}}],"inLanguage":"fr-FR"},{"@type":"Organization","@id":"https:\/\/swissmilitarywatches.ch\/fr\/#organization","name":"Swiss Military by Chrono","url":"https:\/\/swissmilitarywatches.ch\/fr\/","logo":{"@type":"ImageObject","inLanguage":"fr-FR","@id":"https:\/\/swissmilitarywatches.ch\/fr\/#\/schema\/logo\/image\/","url":"https:\/\/swissmilitarywatches.ch\/wp-content\/uploads\/2020\/04\/cropped-SM_logo_512x512px.jpg","contentUrl":"https:\/\/swissmilitarywatches.ch\/wp-content\/uploads\/2020\/04\/cropped-SM_logo_512x512px.jpg","width":512,"height":512,"caption":"Swiss Military by Chrono"},"image":{"@id":"https:\/\/swissmilitarywatches.ch\/fr\/#\/schema\/logo\/image\/"},"sameAs":["https:\/\/m.facebook.com\/swissmilitarybychronoofficial\/","https:\/\/www.instagram.com\/swissmilitarybychrono\/","https:\/\/www.pinterest.ch\/swissmilitarybychrono\/"]}]},"product_brand":"Swiss Military by Chrono","product_price_amount":"349.00","product_price_currency":"EUR","og_availability":"instock","product_availability":"instock","product_retailer_item_id":"SM34114.11","product_condition":"new"},"jetpack_sharing_enabled":true,"_links":{"self":[{"href":"https:\/\/swissmilitarywatches.ch\/fr\/wp-json\/wp\/v2\/product\/24236","targetHints":{"allow":["GET"]}}],"collection":[{"href":"https:\/\/swissmilitarywatches.ch\/fr\/wp-json\/wp\/v2\/product"}],"about":[{"href":"https:\/\/swissmilitarywatches.ch\/fr\/wp-json\/wp\/v2\/types\/product"}],"replies":[{"embeddable":true,"href":"https:\/\/swissmilitarywatches.ch\/fr\/wp-json\/wp\/v2\/comments?post=24236"}],"wp:featuredmedia":[{"embeddable":true,"href":"https:\/\/swissmilitarywatches.ch\/fr\/wp-json\/wp\/v2\/media\/24233"}],"wp:attachment":[{"href":"https:\/\/swissmilitarywatches.ch\/fr\/wp-json\/wp\/v2\/media?parent=24236"}],"wp:term":[{"taxonomy":"product_brand","embeddable":true,"href":"https:\/\/swissmilitarywatches.ch\/fr\/wp-json\/wp\/v2\/product_brand?post=24236"},{"taxonomy":"product_cat","embeddable":true,"href":"https:\/\/swissmilitarywatches.ch\/fr\/wp-json\/wp\/v2\/product_cat?post=24236"},{"taxonomy":"product_tag","embeddable":true,"href":"https:\/\/swissmilitarywatches.ch\/fr\/wp-json\/wp\/v2\/product_tag?post=24236"}],"curies":[{"name":"wp","href":"https:\/\/api.w.org\/{rel}","templated":true}]}}