{"id":24221,"date":"2026-01-12T10:35:33","date_gmt":"2026-01-12T08:35:33","guid":{"rendered":"https:\/\/swissmilitarywatches.ch\/shop\/swiss-military-montre-chronographe-minimaliste-caoutchouc-fkm-rouge-sm34114-14\/"},"modified":"2026-02-16T10:29:27","modified_gmt":"2026-02-16T08:29:27","slug":"swiss-military-montre-chronographe-minimaliste-caoutchouc-fkm-rouge-sm34114-14","status":"publish","type":"product","link":"https:\/\/swissmilitarywatches.ch\/fr\/produit\/swiss-military-montre-chronographe-minimaliste-caoutchouc-fkm-rouge-sm34114-14\/","title":{"rendered":"Swiss Military Montre Chronographe Minimaliste \u2013 Caoutchouc FKM, Rouge | SM34114.14"},"content":{"rendered":"<div>\n<h2><strong>\u00c9nergie audacieuse et pr\u00e9cision suisse \u2013 la Montre Chronographe Minimaliste Swiss Military<\/strong><\/h2>\n<\/div>\n<div>\n<p id=\"message\">La Montre Chronographe Minimaliste Swiss Military, en rouge et noir, incarne la d\u00e9termination et la pr\u00e9cision suisse en mouvement.<br \/>Son cadran rouge percutant cr\u00e9e un impact imm\u00e9diat, alliant \u00e9nergie sportive et savoir\u2011faire raffin\u00e9.<br \/>Gr\u00e2ce \u00e0 son bo\u00eetier noir mat et \u00e0 son bracelet en caoutchouc FKM, con\u00e7us pour r\u00e9sister \u00e0 l\u2019endurance, cette montre offre confort et robustesse pour accompagner votre rythme de vie actif.  <\/p>\n<\/div>\n<div>Le caoutchouc FKM contient un fluoro\u00e9lastom\u00e8re avanc\u00e9 qui r\u00e9siste mieux \u00e0 la chaleur, \u00e0 la sueur et \u00e0 l&rsquo;usure que le silicone ordinaire. Il reste donc souple et flexible tout en conservant sa forme pendant des ann\u00e9es. En outre, sa l\u00e9g\u00e8ret\u00e9 et sa texture lisse garantissent un confort s\u00fbr \u00e0 chaque mouvement. <\/div>\n<div>\n<p id=\"message\">Le mouvement chronographe \u00e0 quartz suisse assure un chronom\u00e9trage pr\u00e9cis et la fonction d&rsquo;arr\u00eat vous permet de mesurer clairement chaque instant. Le verre saphir prot\u00e8ge le cadran des rayures et la r\u00e9sistance \u00e0 l&rsquo;eau de 10 ATM (100 m) assure la fiabilit\u00e9 de la montre pendant l&rsquo;entra\u00eenement et les voyages. Ces caract\u00e9ristiques combinent la performance suisse et le confort moderne dans un seul garde-temps.  <\/p>\n<\/div>\n<div><\/div>\n<div><div class=\"is-divider divider clearfix\" style=\"max-width:small;\"><\/div><\/div>\n<div>\n<h3 id=\"message\"><strong>Points forts du produit :<\/strong><\/h3>\n<ul>\n<li><strong>Mouvement :<\/strong> Chronographe \u00e0 quartz suisse avec fonction d&rsquo;arr\u00eat pour un chronom\u00e9trage pr\u00e9cis<\/li>\n<li><strong>Verre :<\/strong> Verre saphir inrayable<\/li>\n<li><strong>Bo\u00eetier :<\/strong> Acier inoxydable noir mat (41 mm)<\/li>\n<li><strong>Cadran :<\/strong> rouge avec aiguilles blanches contrast\u00e9es et affichage de la date<\/li>\n<li><strong>Bracelet :<\/strong> Caoutchouc FKM durable &#8211; souple, r\u00e9sistant \u00e0 la chaleur et \u00e0 la transpiration pour un confort tout au long de la journ\u00e9e.<\/li>\n<li><strong>R\u00e9sistance \u00e0 l&rsquo;eau :<\/strong> 10 ATM \/ 100 m<\/li>\n<li><strong>Garantie :<\/strong> 5 ans de garantie internationale<\/li>\n<li><strong>Fabriqu\u00e9 en Suisse :<\/strong> Fabriqu\u00e9 \u00e0 la main et sous licence en Suisse<\/li>\n<\/ul>\n<div class=\"is-divider divider clearfix\" style=\"max-width:small;\"><\/div>\n<p>La Conf\u00e9d\u00e9ration suisse d\u00e9livre une licence officielle pour chaque mod\u00e8le et nos horlogers suisses assemblent chaque pi\u00e8ce \u00e0 la main dans notre propre atelier. Chaque garde-temps b\u00e9n\u00e9ficie d&rsquo;une garantie internationale de 5 ans, ce qui vous permet de profiter de la qualit\u00e9 Swiss Made et de la tranquillit\u00e9 d&rsquo;esprit \u00e0 chaque instant de votre voyage. <\/p>\n<\/div>\n<div class=\"row hide-for-small\"  id=\"row-541839565\">\n\n\n\t<div id=\"col-1167274711\" class=\"col small-12 large-12\"  >\n\t\t\t\t<div class=\"col-inner\"  >\n\t\t\t\n\t\t\t\n\n\t<div class=\"img has-hover x md-x lg-x y md-y lg-y\" id=\"image_1203242912\">\n\t\t\t\t\t\t\t\t<div class=\"img-inner dark\" >\n\t\t\t<img decoding=\"async\" width=\"2560\" height=\"1280\" src=\"https:\/\/swissmilitarywatches.ch\/wp-content\/uploads\/2026\/01\/UX-Block-Images-DESKTOP-LTD-Edition-scaled.jpg\" class=\"attachment-large size-large\" alt=\"Swiss watchmaker assembling a watch movement \u2013 hand\u2011crafted Swiss Military by Chrono timepiece made in Switzerland.\" srcset=\"https:\/\/swissmilitarywatches.ch\/wp-content\/uploads\/2026\/01\/UX-Block-Images-DESKTOP-LTD-Edition-scaled.jpg 2560w, https:\/\/swissmilitarywatches.ch\/wp-content\/uploads\/2026\/01\/UX-Block-Images-DESKTOP-LTD-Edition-768x384.jpg 768w, https:\/\/swissmilitarywatches.ch\/wp-content\/uploads\/2026\/01\/UX-Block-Images-DESKTOP-LTD-Edition-1536x768.jpg 1536w, https:\/\/swissmilitarywatches.ch\/wp-content\/uploads\/2026\/01\/UX-Block-Images-DESKTOP-LTD-Edition-2048x1024.jpg 2048w, https:\/\/swissmilitarywatches.ch\/wp-content\/uploads\/2026\/01\/UX-Block-Images-DESKTOP-LTD-Edition-600x300.jpg 600w\" sizes=\"(max-width: 2560px) 100vw, 2560px\" \/>\t\t\t\t\t\t\n\t\t\t\t\t<\/div>\n\t\t\t\t\t\t\t\t\n<style>\n#image_1203242912 {\n  width: 100%;\n}\n<\/style>\n\t<\/div>\n\t\n\n\n\t\t<\/div>\n\t\t\t\t\t<\/div>\n\n\t\n\n\t<div id=\"col-1703250054\" class=\"col small-12 large-12\"  >\n\t\t\t\t<div class=\"col-inner\"  >\n\t\t\t\n\t\t\t\n\n\t<div class=\"img has-hover x md-x lg-x y md-y lg-y\" id=\"image_72237640\">\n\t\t\t\t\t\t\t\t<div class=\"img-inner dark\" >\n\t\t\t<img decoding=\"async\" width=\"2560\" height=\"640\" src=\"https:\/\/swissmilitarywatches.ch\/wp-content\/uploads\/2026\/01\/Trust-Desktop-ALL-scaled.jpg\" class=\"attachment-large size-large\" alt=\"Swiss Military by Chrono official license and 5\u2011year international warranty badge \u2013 authentic Swiss Made watch quality guaranteed.\" srcset=\"https:\/\/swissmilitarywatches.ch\/wp-content\/uploads\/2026\/01\/Trust-Desktop-ALL-scaled.jpg 2560w, https:\/\/swissmilitarywatches.ch\/wp-content\/uploads\/2026\/01\/Trust-Desktop-ALL-768x192.jpg 768w, https:\/\/swissmilitarywatches.ch\/wp-content\/uploads\/2026\/01\/Trust-Desktop-ALL-1536x384.jpg 1536w, https:\/\/swissmilitarywatches.ch\/wp-content\/uploads\/2026\/01\/Trust-Desktop-ALL-2048x512.jpg 2048w, https:\/\/swissmilitarywatches.ch\/wp-content\/uploads\/2026\/01\/Trust-Desktop-ALL-600x150.jpg 600w\" sizes=\"(max-width: 2560px) 100vw, 2560px\" \/>\t\t\t\t\t\t\n\t\t\t\t\t<\/div>\n\t\t\t\t\t\t\t\t\n<style>\n#image_72237640 {\n  width: 100%;\n}\n<\/style>\n\t<\/div>\n\t\n\n\n\t\t<\/div>\n\t\t\t\t\t<\/div>\n\n\t\n\n<\/div>\n<div class=\"row show-for-small\"  id=\"row-1070753566\">\n\n\n\t<div id=\"col-1461454522\" class=\"col small-12 large-12\"  >\n\t\t\t\t<div class=\"col-inner\"  >\n\t\t\t\n\t\t\t\n\n\t<div class=\"img has-hover x md-x lg-x y md-y lg-y\" id=\"image_25059199\">\n\t\t\t\t\t\t\t\t<div class=\"img-inner dark\" >\n\t\t\t<img decoding=\"async\" width=\"2560\" height=\"2560\" src=\"https:\/\/swissmilitarywatches.ch\/wp-content\/uploads\/2026\/01\/UX-Block-Images-MOBILE-LTD-Edtion-scaled.jpg\" class=\"attachment-large size-large\" alt=\"Swiss Military by Chrono watchmaker assembling a watch movement \u2013 hand\u2011crafted Swiss Military timepiece made in Switzerland\" srcset=\"https:\/\/swissmilitarywatches.ch\/wp-content\/uploads\/2026\/01\/UX-Block-Images-MOBILE-LTD-Edtion-scaled.jpg 2560w, https:\/\/swissmilitarywatches.ch\/wp-content\/uploads\/2026\/01\/UX-Block-Images-MOBILE-LTD-Edtion-768x768.jpg 768w, https:\/\/swissmilitarywatches.ch\/wp-content\/uploads\/2026\/01\/UX-Block-Images-MOBILE-LTD-Edtion-1536x1536.jpg 1536w, https:\/\/swissmilitarywatches.ch\/wp-content\/uploads\/2026\/01\/UX-Block-Images-MOBILE-LTD-Edtion-2048x2048.jpg 2048w, https:\/\/swissmilitarywatches.ch\/wp-content\/uploads\/2026\/01\/UX-Block-Images-MOBILE-LTD-Edtion-600x600.jpg 600w, https:\/\/swissmilitarywatches.ch\/wp-content\/uploads\/2026\/01\/UX-Block-Images-MOBILE-LTD-Edtion-100x100.jpg 100w\" sizes=\"(max-width: 2560px) 100vw, 2560px\" \/>\t\t\t\t\t\t\n\t\t\t\t\t<\/div>\n\t\t\t\t\t\t\t\t\n<style>\n#image_25059199 {\n  width: 100%;\n}\n<\/style>\n\t<\/div>\n\t\n\n\n\t\t<\/div>\n\t\t\t\t\t<\/div>\n\n\t\n\n\t<div id=\"col-1202818224\" class=\"col small-12 large-12\"  >\n\t\t\t\t<div class=\"col-inner\"  >\n\t\t\t\n\t\t\t\n\n\t<div class=\"img has-hover x md-x lg-x y md-y lg-y\" id=\"image_1057171649\">\n\t\t\t\t\t\t\t\t<div class=\"img-inner dark\" >\n\t\t\t<img decoding=\"async\" width=\"2560\" height=\"1280\" src=\"https:\/\/swissmilitarywatches.ch\/wp-content\/uploads\/2026\/01\/Trust-MOBILE-All-scaled.jpg\" class=\"attachment-large size-large\" alt=\"Swiss Military by Chrono official license and 5\u2011year international warranty badge \u2013 authentic Swiss Made watch quality guaranteed.\" srcset=\"https:\/\/swissmilitarywatches.ch\/wp-content\/uploads\/2026\/01\/Trust-MOBILE-All-scaled.jpg 2560w, https:\/\/swissmilitarywatches.ch\/wp-content\/uploads\/2026\/01\/Trust-MOBILE-All-768x384.jpg 768w, https:\/\/swissmilitarywatches.ch\/wp-content\/uploads\/2026\/01\/Trust-MOBILE-All-1536x768.jpg 1536w, https:\/\/swissmilitarywatches.ch\/wp-content\/uploads\/2026\/01\/Trust-MOBILE-All-2048x1024.jpg 2048w, https:\/\/swissmilitarywatches.ch\/wp-content\/uploads\/2026\/01\/Trust-MOBILE-All-600x300.jpg 600w\" sizes=\"(max-width: 2560px) 100vw, 2560px\" \/>\t\t\t\t\t\t\n\t\t\t\t\t<\/div>\n\t\t\t\t\t\t\t\t\n<style>\n#image_1057171649 {\n  width: 100%;\n}\n<\/style>\n\t<\/div>\n\t\n\n\n\t\t<\/div>\n\t\t\t\t\t<\/div>\n\n\t\n\n<\/div>\n","protected":false},"excerpt":{"rendered":"<p>La puissance rencontre le contr\u00f4le. La <strong>montre chronographe minimaliste Swiss Military<\/strong> est dot\u00e9e d&rsquo;un bracelet FKM durable, doux au toucher mais r\u00e9sistant \u00e0 la chaleur et \u00e0 la transpiration pour un confort durable. Avec son mouvement chronographe suisse pr\u00e9cis et sa fonction d&rsquo;arr\u00eat int\u00e9gr\u00e9e, elle offre pr\u00e9cision et confiance pour chaque performance.  <\/p>\n","protected":false},"featured_media":24218,"comment_status":"open","ping_status":"closed","template":"","meta":[],"product_brand":[],"product_cat":[3108,2295,2293,2294,2296],"product_tag":[],"class_list":{"0":"post-24221","1":"product","2":"type-product","3":"status-publish","4":"has-post-thumbnail","6":"product_cat-sm34114","7":"product_cat-toutes-les-montres","8":"product_cat-montres-pour-hommes","9":"product_cat-montres-chronographes","10":"product_cat-nouveautes","11":"product_shipping_class-livraison-flexible","13":"first","14":"instock","15":"featured","16":"taxable","17":"shipping-taxable","18":"purchasable","19":"product-type-simple"},"yoast_head":"<!-- This site is optimized with the Yoast SEO Premium plugin v26.6 (Yoast SEO v26.6) - https:\/\/yoast.com\/wordpress\/plugins\/seo\/ -->\n<title>Swiss Military Montre Chronographe Minimaliste \u2013 Caoutchouc FKM, Rouge | SM34114.14<\/title>\n<meta name=\"description\" content=\"Montre chronographe minimaliste militaire suisse avec cadran rouge et bracelet en caoutchouc FKM - souple, r\u00e9sistant \u00e0 la chaleur et \u00e0 la transpiration pour un confort durable. Garantie de 5 ans.\" \/>\n<meta name=\"robots\" content=\"index, follow, max-snippet:-1, max-image-preview:large, max-video-preview:-1\" \/>\n<link rel=\"canonical\" href=\"https:\/\/swissmilitarywatches.ch\/fr\/produit\/swiss-military-montre-chronographe-minimaliste-caoutchouc-fkm-rouge-sm34114-14\/\" \/>\n<meta property=\"og:locale\" content=\"fr_FR\" \/>\n<meta property=\"og:type\" content=\"article\" \/>\n<meta property=\"og:title\" content=\"Swiss Military Montre Chronographe Minimaliste \u2013 Caoutchouc FKM, Rouge | SM34114.14\" \/>\n<meta property=\"og:description\" content=\"Montre chronographe minimaliste militaire suisse avec cadran rouge et bracelet en caoutchouc FKM - souple, r\u00e9sistant \u00e0 la chaleur et \u00e0 la transpiration pour un confort durable. Garantie de 5 ans.\" \/>\n<meta property=\"og:url\" content=\"https:\/\/swissmilitarywatches.ch\/fr\/produit\/swiss-military-montre-chronographe-minimaliste-caoutchouc-fkm-rouge-sm34114-14\/\" \/>\n<meta property=\"og:site_name\" content=\"Swiss Military by Chrono\" \/>\n<meta property=\"article:publisher\" content=\"https:\/\/m.facebook.com\/swissmilitarybychronoofficial\/\" \/>\n<meta property=\"article:modified_time\" content=\"2026-02-16T08:29:27+00:00\" \/>\n<meta property=\"og:image\" content=\"https:\/\/swissmilitarywatches.ch\/wp-content\/uploads\/2026\/01\/SM34114.14.png\" \/>\n\t<meta property=\"og:image:width\" content=\"1300\" \/>\n\t<meta property=\"og:image:height\" content=\"1642\" \/>\n\t<meta property=\"og:image:type\" content=\"image\/png\" \/>\n<meta name=\"twitter:card\" content=\"summary_large_image\" \/>\n<meta name=\"twitter:label1\" content=\"Prix\" \/>\n\t<meta name=\"twitter:data1\" content=\"&euro;349.00 inc. TVA\" \/>\n\t<meta name=\"twitter:label2\" content=\"Disponibilit\u00e9\" \/>\n\t<meta name=\"twitter:data2\" content=\"En stock\" \/>\n<script type=\"application\/ld+json\" class=\"yoast-schema-graph\">{\"@context\":\"https:\/\/schema.org\",\"@graph\":[{\"@type\":\"WebPage\",\"@id\":\"https:\/\/swissmilitarywatches.ch\/fr\/produit\/swiss-military-montre-chronographe-minimaliste-caoutchouc-fkm-rouge-sm34114-14\/\",\"url\":\"https:\/\/swissmilitarywatches.ch\/fr\/produit\/swiss-military-montre-chronographe-minimaliste-caoutchouc-fkm-rouge-sm34114-14\/\",\"name\":\"Swiss Military Montre Chronographe Minimaliste \u2013 Caoutchouc FKM, Rouge | SM34114.14\",\"isPartOf\":{\"@id\":\"https:\/\/swissmilitarywatches.ch\/fr\/#website\"},\"primaryImageOfPage\":{\"@id\":\"https:\/\/swissmilitarywatches.ch\/fr\/produit\/swiss-military-montre-chronographe-minimaliste-caoutchouc-fkm-rouge-sm34114-14\/#primaryimage\"},\"image\":{\"@id\":\"https:\/\/swissmilitarywatches.ch\/fr\/produit\/swiss-military-montre-chronographe-minimaliste-caoutchouc-fkm-rouge-sm34114-14\/#primaryimage\"},\"thumbnailUrl\":\"https:\/\/swissmilitarywatches.ch\/wp-content\/uploads\/2026\/01\/SM34114.14.png\",\"datePublished\":\"2026-01-12T08:35:33+00:00\",\"dateModified\":\"2026-02-16T08:29:27+00:00\",\"description\":\"Montre chronographe minimaliste militaire suisse avec cadran rouge et bracelet en caoutchouc FKM - souple, r\u00e9sistant \u00e0 la chaleur et \u00e0 la transpiration pour un confort durable. Garantie de 5 ans.\",\"breadcrumb\":{\"@id\":\"https:\/\/swissmilitarywatches.ch\/fr\/produit\/swiss-military-montre-chronographe-minimaliste-caoutchouc-fkm-rouge-sm34114-14\/#breadcrumb\"},\"inLanguage\":\"fr-FR\",\"potentialAction\":[{\"@type\":\"ReadAction\",\"target\":[\"https:\/\/swissmilitarywatches.ch\/fr\/produit\/swiss-military-montre-chronographe-minimaliste-caoutchouc-fkm-rouge-sm34114-14\/\"]}]},{\"@type\":\"ImageObject\",\"inLanguage\":\"fr-FR\",\"@id\":\"https:\/\/swissmilitarywatches.ch\/fr\/produit\/swiss-military-montre-chronographe-minimaliste-caoutchouc-fkm-rouge-sm34114-14\/#primaryimage\",\"url\":\"https:\/\/swissmilitarywatches.ch\/wp-content\/uploads\/2026\/01\/SM34114.14.png\",\"contentUrl\":\"https:\/\/swissmilitarywatches.ch\/wp-content\/uploads\/2026\/01\/SM34114.14.png\",\"width\":1300,\"height\":1642,\"caption\":\"Une \u00e9nergie audacieuse - la montre chronographe minimaliste Swiss Military en noir et rouge offre pr\u00e9cision et confort gr\u00e2ce \u00e0 un bracelet FKM durable.\"},{\"@type\":\"BreadcrumbList\",\"@id\":\"https:\/\/swissmilitarywatches.ch\/fr\/produit\/swiss-military-montre-chronographe-minimaliste-caoutchouc-fkm-rouge-sm34114-14\/#breadcrumb\",\"itemListElement\":[{\"@type\":\"ListItem\",\"position\":1,\"name\":\"Home\",\"item\":\"https:\/\/swissmilitarywatches.ch\/fr\/home\/\"},{\"@type\":\"ListItem\",\"position\":2,\"name\":\"Boutique\",\"item\":\"https:\/\/swissmilitarywatches.ch\/fr\/boutique\/\"},{\"@type\":\"ListItem\",\"position\":3,\"name\":\"Swiss Military Montre Chronographe Minimaliste \u2013 Caoutchouc FKM, Rouge | SM34114.14\"}]},{\"@type\":\"WebSite\",\"@id\":\"https:\/\/swissmilitarywatches.ch\/fr\/#website\",\"url\":\"https:\/\/swissmilitarywatches.ch\/fr\/\",\"name\":\"Swiss Military by Chrono\",\"description\":\"Official Licensed Product of the Swiss Confederation\",\"publisher\":{\"@id\":\"https:\/\/swissmilitarywatches.ch\/fr\/#organization\"},\"potentialAction\":[{\"@type\":\"SearchAction\",\"target\":{\"@type\":\"EntryPoint\",\"urlTemplate\":\"https:\/\/swissmilitarywatches.ch\/fr\/?s={search_term_string}\"},\"query-input\":{\"@type\":\"PropertyValueSpecification\",\"valueRequired\":true,\"valueName\":\"search_term_string\"}}],\"inLanguage\":\"fr-FR\"},{\"@type\":\"Organization\",\"@id\":\"https:\/\/swissmilitarywatches.ch\/fr\/#organization\",\"name\":\"Swiss Military by Chrono\",\"url\":\"https:\/\/swissmilitarywatches.ch\/fr\/\",\"logo\":{\"@type\":\"ImageObject\",\"inLanguage\":\"fr-FR\",\"@id\":\"https:\/\/swissmilitarywatches.ch\/fr\/#\/schema\/logo\/image\/\",\"url\":\"https:\/\/swissmilitarywatches.ch\/wp-content\/uploads\/2020\/04\/cropped-SM_logo_512x512px.jpg\",\"contentUrl\":\"https:\/\/swissmilitarywatches.ch\/wp-content\/uploads\/2020\/04\/cropped-SM_logo_512x512px.jpg\",\"width\":512,\"height\":512,\"caption\":\"Swiss Military by Chrono\"},\"image\":{\"@id\":\"https:\/\/swissmilitarywatches.ch\/fr\/#\/schema\/logo\/image\/\"},\"sameAs\":[\"https:\/\/m.facebook.com\/swissmilitarybychronoofficial\/\",\"https:\/\/www.instagram.com\/swissmilitarybychrono\/\",\"https:\/\/www.pinterest.ch\/swissmilitarybychrono\/\"]}]}<\/script>\n<meta property=\"product:brand\" content=\"Swiss Military by Chrono\" \/>\n<meta property=\"product:price:amount\" content=\"349.00\" \/>\n<meta property=\"product:price:currency\" content=\"EUR\" \/>\n<meta property=\"og:availability\" content=\"instock\" \/>\n<meta property=\"product:availability\" content=\"instock\" \/>\n<meta property=\"product:retailer_item_id\" content=\"SM34114.14\" \/>\n<meta property=\"product:condition\" content=\"new\" \/>\n<!-- \/ Yoast SEO Premium plugin. -->","yoast_head_json":{"title":"Swiss Military Montre Chronographe Minimaliste \u2013 Caoutchouc FKM, Rouge | SM34114.14","description":"Montre chronographe minimaliste militaire suisse avec cadran rouge et bracelet en caoutchouc FKM - souple, r\u00e9sistant \u00e0 la chaleur et \u00e0 la transpiration pour un confort durable. Garantie de 5 ans.","robots":{"index":"index","follow":"follow","max-snippet":"max-snippet:-1","max-image-preview":"max-image-preview:large","max-video-preview":"max-video-preview:-1"},"canonical":"https:\/\/swissmilitarywatches.ch\/fr\/produit\/swiss-military-montre-chronographe-minimaliste-caoutchouc-fkm-rouge-sm34114-14\/","og_locale":"fr_FR","og_type":"article","og_title":"Swiss Military Montre Chronographe Minimaliste \u2013 Caoutchouc FKM, Rouge | SM34114.14","og_description":"Montre chronographe minimaliste militaire suisse avec cadran rouge et bracelet en caoutchouc FKM - souple, r\u00e9sistant \u00e0 la chaleur et \u00e0 la transpiration pour un confort durable. Garantie de 5 ans.","og_url":"https:\/\/swissmilitarywatches.ch\/fr\/produit\/swiss-military-montre-chronographe-minimaliste-caoutchouc-fkm-rouge-sm34114-14\/","og_site_name":"Swiss Military by Chrono","article_publisher":"https:\/\/m.facebook.com\/swissmilitarybychronoofficial\/","article_modified_time":"2026-02-16T08:29:27+00:00","og_image":[{"width":1300,"height":1642,"url":"https:\/\/swissmilitarywatches.ch\/wp-content\/uploads\/2026\/01\/SM34114.14.png","type":"image\/png"}],"twitter_card":"summary_large_image","twitter_misc":{"Prix":"&euro;349.00 inc. TVA","Disponibilit\u00e9":"En stock"},"schema":{"@context":"https:\/\/schema.org","@graph":[{"@type":"WebPage","@id":"https:\/\/swissmilitarywatches.ch\/fr\/produit\/swiss-military-montre-chronographe-minimaliste-caoutchouc-fkm-rouge-sm34114-14\/","url":"https:\/\/swissmilitarywatches.ch\/fr\/produit\/swiss-military-montre-chronographe-minimaliste-caoutchouc-fkm-rouge-sm34114-14\/","name":"Swiss Military Montre Chronographe Minimaliste \u2013 Caoutchouc FKM, Rouge | SM34114.14","isPartOf":{"@id":"https:\/\/swissmilitarywatches.ch\/fr\/#website"},"primaryImageOfPage":{"@id":"https:\/\/swissmilitarywatches.ch\/fr\/produit\/swiss-military-montre-chronographe-minimaliste-caoutchouc-fkm-rouge-sm34114-14\/#primaryimage"},"image":{"@id":"https:\/\/swissmilitarywatches.ch\/fr\/produit\/swiss-military-montre-chronographe-minimaliste-caoutchouc-fkm-rouge-sm34114-14\/#primaryimage"},"thumbnailUrl":"https:\/\/swissmilitarywatches.ch\/wp-content\/uploads\/2026\/01\/SM34114.14.png","datePublished":"2026-01-12T08:35:33+00:00","dateModified":"2026-02-16T08:29:27+00:00","description":"Montre chronographe minimaliste militaire suisse avec cadran rouge et bracelet en caoutchouc FKM - souple, r\u00e9sistant \u00e0 la chaleur et \u00e0 la transpiration pour un confort durable. Garantie de 5 ans.","breadcrumb":{"@id":"https:\/\/swissmilitarywatches.ch\/fr\/produit\/swiss-military-montre-chronographe-minimaliste-caoutchouc-fkm-rouge-sm34114-14\/#breadcrumb"},"inLanguage":"fr-FR","potentialAction":[{"@type":"ReadAction","target":["https:\/\/swissmilitarywatches.ch\/fr\/produit\/swiss-military-montre-chronographe-minimaliste-caoutchouc-fkm-rouge-sm34114-14\/"]}]},{"@type":"ImageObject","inLanguage":"fr-FR","@id":"https:\/\/swissmilitarywatches.ch\/fr\/produit\/swiss-military-montre-chronographe-minimaliste-caoutchouc-fkm-rouge-sm34114-14\/#primaryimage","url":"https:\/\/swissmilitarywatches.ch\/wp-content\/uploads\/2026\/01\/SM34114.14.png","contentUrl":"https:\/\/swissmilitarywatches.ch\/wp-content\/uploads\/2026\/01\/SM34114.14.png","width":1300,"height":1642,"caption":"Une \u00e9nergie audacieuse - la montre chronographe minimaliste Swiss Military en noir et rouge offre pr\u00e9cision et confort gr\u00e2ce \u00e0 un bracelet FKM durable."},{"@type":"BreadcrumbList","@id":"https:\/\/swissmilitarywatches.ch\/fr\/produit\/swiss-military-montre-chronographe-minimaliste-caoutchouc-fkm-rouge-sm34114-14\/#breadcrumb","itemListElement":[{"@type":"ListItem","position":1,"name":"Home","item":"https:\/\/swissmilitarywatches.ch\/fr\/home\/"},{"@type":"ListItem","position":2,"name":"Boutique","item":"https:\/\/swissmilitarywatches.ch\/fr\/boutique\/"},{"@type":"ListItem","position":3,"name":"Swiss Military Montre Chronographe Minimaliste \u2013 Caoutchouc FKM, Rouge | SM34114.14"}]},{"@type":"WebSite","@id":"https:\/\/swissmilitarywatches.ch\/fr\/#website","url":"https:\/\/swissmilitarywatches.ch\/fr\/","name":"Swiss Military by Chrono","description":"Official Licensed Product of the Swiss Confederation","publisher":{"@id":"https:\/\/swissmilitarywatches.ch\/fr\/#organization"},"potentialAction":[{"@type":"SearchAction","target":{"@type":"EntryPoint","urlTemplate":"https:\/\/swissmilitarywatches.ch\/fr\/?s={search_term_string}"},"query-input":{"@type":"PropertyValueSpecification","valueRequired":true,"valueName":"search_term_string"}}],"inLanguage":"fr-FR"},{"@type":"Organization","@id":"https:\/\/swissmilitarywatches.ch\/fr\/#organization","name":"Swiss Military by Chrono","url":"https:\/\/swissmilitarywatches.ch\/fr\/","logo":{"@type":"ImageObject","inLanguage":"fr-FR","@id":"https:\/\/swissmilitarywatches.ch\/fr\/#\/schema\/logo\/image\/","url":"https:\/\/swissmilitarywatches.ch\/wp-content\/uploads\/2020\/04\/cropped-SM_logo_512x512px.jpg","contentUrl":"https:\/\/swissmilitarywatches.ch\/wp-content\/uploads\/2020\/04\/cropped-SM_logo_512x512px.jpg","width":512,"height":512,"caption":"Swiss Military by Chrono"},"image":{"@id":"https:\/\/swissmilitarywatches.ch\/fr\/#\/schema\/logo\/image\/"},"sameAs":["https:\/\/m.facebook.com\/swissmilitarybychronoofficial\/","https:\/\/www.instagram.com\/swissmilitarybychrono\/","https:\/\/www.pinterest.ch\/swissmilitarybychrono\/"]}]},"product_brand":"Swiss Military by Chrono","product_price_amount":"349.00","product_price_currency":"EUR","og_availability":"instock","product_availability":"instock","product_retailer_item_id":"SM34114.14","product_condition":"new"},"jetpack_sharing_enabled":true,"_links":{"self":[{"href":"https:\/\/swissmilitarywatches.ch\/fr\/wp-json\/wp\/v2\/product\/24221","targetHints":{"allow":["GET"]}}],"collection":[{"href":"https:\/\/swissmilitarywatches.ch\/fr\/wp-json\/wp\/v2\/product"}],"about":[{"href":"https:\/\/swissmilitarywatches.ch\/fr\/wp-json\/wp\/v2\/types\/product"}],"replies":[{"embeddable":true,"href":"https:\/\/swissmilitarywatches.ch\/fr\/wp-json\/wp\/v2\/comments?post=24221"}],"wp:featuredmedia":[{"embeddable":true,"href":"https:\/\/swissmilitarywatches.ch\/fr\/wp-json\/wp\/v2\/media\/24218"}],"wp:attachment":[{"href":"https:\/\/swissmilitarywatches.ch\/fr\/wp-json\/wp\/v2\/media?parent=24221"}],"wp:term":[{"taxonomy":"product_brand","embeddable":true,"href":"https:\/\/swissmilitarywatches.ch\/fr\/wp-json\/wp\/v2\/product_brand?post=24221"},{"taxonomy":"product_cat","embeddable":true,"href":"https:\/\/swissmilitarywatches.ch\/fr\/wp-json\/wp\/v2\/product_cat?post=24221"},{"taxonomy":"product_tag","embeddable":true,"href":"https:\/\/swissmilitarywatches.ch\/fr\/wp-json\/wp\/v2\/product_tag?post=24221"}],"curies":[{"name":"wp","href":"https:\/\/api.w.org\/{rel}","templated":true}]}}