{"id":22426,"date":"2025-09-01T07:47:44","date_gmt":"2025-09-01T05:47:44","guid":{"rendered":"https:\/\/swissmilitarywatches.ch\/?post_type=product&#038;p=22426"},"modified":"2026-02-16T15:08:54","modified_gmt":"2026-02-16T13:08:54","slug":"chronographe-solaire-swiss-military-noir-pvd-caoutchouc-sms34113-05","status":"publish","type":"product","link":"https:\/\/swissmilitarywatches.ch\/fr\/produit\/chronographe-solaire-swiss-military-noir-pvd-caoutchouc-sms34113-05\/","title":{"rendered":"Chronographe solaire Swiss Military \u2013 Noir, PVD, Caoutchouc | SMS34113.05"},"content":{"rendered":"<p data-start=\"213\" data-end=\"707\"><strong data-start=\"213\" data-end=\"292\">Swiss Military Chronographe Solaire \u2013 Plus jamais de changement de pile, aliment\u00e9 par la lumi\u00e8re<\/strong><\/p>\n<p data-start=\"302\" data-end=\"702\">La Swiss Military SMS34113.05 est un Swiss Military Solar Chronograph qui \u00e9limine le besoin de changer la pile. Aliment\u00e9e uniquement par la lumi\u00e8re, elle offre des performances continues et \u00e9cologiques \u2013 sans remplacement. Avec son design enti\u00e8rement noir \u2013 bo\u00eetier en acier inoxydable rev\u00eatu de PVD noir, cadran noir soleill\u00e9 et bracelet en caoutchouc assorti \u2013 ce chronographe solaire suisse allie style moderne et robustesse.  <\/p>\n<p data-start=\"704\" data-end=\"1085\">Le bo\u00eetier en acier inoxydable \u2300 42 mm est rev\u00eatu d\u2019un PVD noir r\u00e9sistant, offrant une protection suppl\u00e9mentaire et une finition \u00e9l\u00e9gante et discr\u00e8te. De plus, le verre saphir inrayable prot\u00e8ge le cadran, tandis que la lunette tournante unidirectionnelle souligne le caract\u00e8re sportif de la montre. Ainsi, son look monochrome noir fait de ce garde-temps une v\u00e9ritable d\u00e9claration pour les hommes qui appr\u00e9cient le design moderne.  <\/p>\n<p data-start=\"1087\" data-end=\"1428\">\u00c0 l\u2019int\u00e9rieur, cette montre solaire Swiss Military utilise une technologie solaire avanc\u00e9e. Une cellule sous le cadran capte la lumi\u00e8re naturelle et artificielle et recharge une batterie qui fonctionne jusqu\u2019\u00e0 5 mois \u2013 m\u00eame dans l\u2019obscurit\u00e9 totale. Par cons\u00e9quent, la montre offre des performances fiables et \u00e9cologiques, sans jamais n\u00e9cessiter de changement de pile.  <\/p>\n<p data-start=\"1430\" data-end=\"1754\">Gr\u00e2ce au syst\u00e8me de bracelets interchangeables, vous pouvez facilement passer du bracelet en caoutchouc noir au bracelet en acier inoxydable. Ainsi, cette montre chronographe Swiss Military s\u2019adapte parfaitement \u00e0 tous les styles de vie. Avec une \u00e9tanch\u00e9it\u00e9 de 100 m, ce chronographe Swiss Military pour homme est aussi pratique que remarquable.  <\/p>\n<p data-start=\"1756\" data-end=\"1775\"><strong data-start=\"1756\" data-end=\"1773\">Caract\u00e9ristiques Cl\u00e9s :<\/strong><\/p>\n<ul data-start=\"1776\" data-end=\"2250\">\n<li data-start=\"1776\" data-end=\"1832\">\n<p data-start=\"1778\" data-end=\"1832\">Cadran noir soleill\u00e9 avec aiguilles et index lumineux<\/p>\n<\/li>\n<li data-start=\"1776\" data-end=\"1832\">\n<p data-start=\"1778\" data-end=\"1832\">Bo\u00eetier en acier inoxydable \u2300 42 mm avec rev\u00eatement PVD noir<\/p>\n<\/li>\n<li data-start=\"1776\" data-end=\"1832\">\n<p data-start=\"1778\" data-end=\"1832\">Bracelet en caoutchouc noir avec syst\u00e8me Easy-Click<\/p>\n<\/li>\n<li data-start=\"1776\" data-end=\"1832\">\n<p data-start=\"1778\" data-end=\"1832\">Verre saphir r\u00e9sistant aux rayures.<\/p>\n<\/li>\n<li data-start=\"1776\" data-end=\"1832\">\n<p data-start=\"1778\" data-end=\"1832\">Lunette tournante unidirectionnelle<\/p>\n<\/li>\n<li data-start=\"1776\" data-end=\"1832\">\n<p data-start=\"1778\" data-end=\"1832\">Mouvement chronographe solaire suisse<\/p>\n<\/li>\n<li data-start=\"1776\" data-end=\"1832\">\n<p data-start=\"1778\" data-end=\"1832\">R\u00e9serve de marche jusqu\u2019\u00e0 5 mois<\/p>\n<\/li>\n<li data-start=\"1776\" data-end=\"1832\">\n<p data-start=\"1778\" data-end=\"1832\">\u00c9tanch\u00e9it\u00e9 100 m<\/p>\n<\/li>\n<li data-start=\"1776\" data-end=\"1832\">\n<p data-start=\"1778\" data-end=\"1832\">Swiss Made et assembl\u00e9e \u00e0 la main<\/p>\n<\/li>\n<li data-start=\"1776\" data-end=\"1832\">\n<p data-start=\"1778\" data-end=\"1832\">Garantie internationale de 5 ans<\/p>\n<\/li>\n<\/ul>\n","protected":false},"excerpt":{"rendered":"<h3 class=\"ai-optimize-25\" data-start=\"228\" data-end=\"270\"><strong data-start=\"228\" data-end=\"268\">Pas de changement de pile \u2013 Aliment\u00e9e par la lumi\u00e8re<\/strong><\/h3>\n<ul>\n<li class=\"ai-optimize-27\" data-start=\"273\" data-end=\"312\">Mouvement Chronographe Solaire Swiss Made<\/li>\n<li class=\"ai-optimize-29\" data-start=\"315\" data-end=\"357\">Cadran noir avec aiguilles et index luminescents<\/li>\n<li class=\"ai-optimize-31\" data-start=\"360\" data-end=\"445\">Bo\u00eetier en acier inoxydable noir et bracelet en caoutchouc noir avec syst\u00e8me Easy-Click de changement rapide<\/li>\n<li class=\"ai-optimize-33\" data-start=\"448\" data-end=\"484\">Verre saphir inrayable<\/li>\n<li class=\"ai-optimize-35\" data-start=\"487\" data-end=\"511\">\u00c9tanch\u00e9it\u00e9 100 m<\/li>\n<li class=\"ai-optimize-37\" data-start=\"514\" data-end=\"545\">Garantie internationale de 5 ans<\/li>\n<\/ul>\n<p>&nbsp;<\/p>\n","protected":false},"featured_media":22278,"comment_status":"open","ping_status":"closed","template":"","meta":[],"product_brand":[],"product_cat":[3076,2295,2293,2294,2308,2447],"product_tag":[],"class_list":{"0":"post-22426","1":"product","2":"type-product","3":"status-publish","4":"has-post-thumbnail","6":"product_cat-chronographes-solaires-swiss-military-sms34113","7":"product_cat-toutes-les-montres","8":"product_cat-montres-pour-hommes","9":"product_cat-montres-chronographes","10":"product_cat-montres-a-fonction-speciale-fr","11":"product_cat-montres-solaires-fr","12":"product_shipping_class-livraison-flexible","14":"first","15":"instock","16":"taxable","17":"shipping-taxable","18":"purchasable","19":"product-type-simple"},"yoast_head":"<!-- This site is optimized with the Yoast SEO Premium plugin v26.6 (Yoast SEO v26.6) - https:\/\/yoast.com\/wordpress\/plugins\/seo\/ -->\n<title>Chronographe solaire Swiss Military \u2013 Noir, PVD, Caoutchouc | SMS34113.05<\/title>\n<meta name=\"description\" content=\"Chronographe solaire Swiss Military SMS34113.05 aliment\u00e9e par la lumi\u00e8re, sans changement de pile. Cadran noir, bo\u00eetier PVD noir, bracelet caoutchouc, Swiss Made, garantie 5 ans.\" \/>\n<meta name=\"robots\" content=\"index, follow, max-snippet:-1, max-image-preview:large, max-video-preview:-1\" \/>\n<link rel=\"canonical\" href=\"https:\/\/swissmilitarywatches.ch\/fr\/produit\/chronographe-solaire-swiss-military-noir-pvd-caoutchouc-sms34113-05\/\" \/>\n<meta property=\"og:locale\" content=\"fr_FR\" \/>\n<meta property=\"og:type\" content=\"article\" \/>\n<meta property=\"og:title\" content=\"Chronographe solaire Swiss Military \u2013 Noir, PVD, Caoutchouc | SMS34113.05\" \/>\n<meta property=\"og:description\" content=\"Chronographe solaire Swiss Military SMS34113.05 aliment\u00e9e par la lumi\u00e8re, sans changement de pile. Cadran noir, bo\u00eetier PVD noir, bracelet caoutchouc, Swiss Made, garantie 5 ans.\" \/>\n<meta property=\"og:url\" content=\"https:\/\/swissmilitarywatches.ch\/fr\/produit\/chronographe-solaire-swiss-military-noir-pvd-caoutchouc-sms34113-05\/\" \/>\n<meta property=\"og:site_name\" content=\"Swiss Military by Chrono\" \/>\n<meta property=\"article:publisher\" content=\"https:\/\/m.facebook.com\/swissmilitarybychronoofficial\/\" \/>\n<meta property=\"article:modified_time\" content=\"2026-02-16T13:08:54+00:00\" \/>\n<meta property=\"og:image\" content=\"https:\/\/swissmilitarywatches.ch\/wp-content\/uploads\/2025\/09\/SMS34113.05.png\" \/>\n\t<meta property=\"og:image:width\" content=\"1300\" \/>\n\t<meta property=\"og:image:height\" content=\"1642\" \/>\n\t<meta property=\"og:image:type\" content=\"image\/png\" \/>\n<meta name=\"twitter:card\" content=\"summary_large_image\" \/>\n<meta name=\"twitter:label1\" content=\"Prix\" \/>\n\t<meta name=\"twitter:data1\" content=\"&euro;549.00 inc. TVA\" \/>\n\t<meta name=\"twitter:label2\" content=\"Disponibilit\u00e9\" \/>\n\t<meta name=\"twitter:data2\" content=\"En stock\" \/>\n<script type=\"application\/ld+json\" class=\"yoast-schema-graph\">{\"@context\":\"https:\/\/schema.org\",\"@graph\":[{\"@type\":\"WebPage\",\"@id\":\"https:\/\/swissmilitarywatches.ch\/fr\/produit\/chronographe-solaire-swiss-military-noir-pvd-caoutchouc-sms34113-05\/\",\"url\":\"https:\/\/swissmilitarywatches.ch\/fr\/produit\/chronographe-solaire-swiss-military-noir-pvd-caoutchouc-sms34113-05\/\",\"name\":\"Chronographe solaire Swiss Military \u2013 Noir, PVD, Caoutchouc | SMS34113.05\",\"isPartOf\":{\"@id\":\"https:\/\/swissmilitarywatches.ch\/fr\/#website\"},\"primaryImageOfPage\":{\"@id\":\"https:\/\/swissmilitarywatches.ch\/fr\/produit\/chronographe-solaire-swiss-military-noir-pvd-caoutchouc-sms34113-05\/#primaryimage\"},\"image\":{\"@id\":\"https:\/\/swissmilitarywatches.ch\/fr\/produit\/chronographe-solaire-swiss-military-noir-pvd-caoutchouc-sms34113-05\/#primaryimage\"},\"thumbnailUrl\":\"https:\/\/swissmilitarywatches.ch\/wp-content\/uploads\/2025\/09\/SMS34113.05.png\",\"datePublished\":\"2025-09-01T05:47:44+00:00\",\"dateModified\":\"2026-02-16T13:08:54+00:00\",\"description\":\"Chronographe solaire Swiss Military SMS34113.05 aliment\u00e9e par la lumi\u00e8re, sans changement de pile. Cadran noir, bo\u00eetier PVD noir, bracelet caoutchouc, Swiss Made, garantie 5 ans.\",\"breadcrumb\":{\"@id\":\"https:\/\/swissmilitarywatches.ch\/fr\/produit\/chronographe-solaire-swiss-military-noir-pvd-caoutchouc-sms34113-05\/#breadcrumb\"},\"inLanguage\":\"fr-FR\",\"potentialAction\":[{\"@type\":\"ReadAction\",\"target\":[\"https:\/\/swissmilitarywatches.ch\/fr\/produit\/chronographe-solaire-swiss-military-noir-pvd-caoutchouc-sms34113-05\/\"]}]},{\"@type\":\"ImageObject\",\"inLanguage\":\"fr-FR\",\"@id\":\"https:\/\/swissmilitarywatches.ch\/fr\/produit\/chronographe-solaire-swiss-military-noir-pvd-caoutchouc-sms34113-05\/#primaryimage\",\"url\":\"https:\/\/swissmilitarywatches.ch\/wp-content\/uploads\/2025\/09\/SMS34113.05.png\",\"contentUrl\":\"https:\/\/swissmilitarywatches.ch\/wp-content\/uploads\/2025\/09\/SMS34113.05.png\",\"width\":1300,\"height\":1642,\"caption\":\"Chronographe solaire militaire suisse SMS34113.05 aliment\u00e9 par la lumi\u00e8re, aucun changement de pile n'est n\u00e9cessaire. Cadran noir, bo\u00eetier en PVD noir et bracelet en caoutchouc.\"},{\"@type\":\"BreadcrumbList\",\"@id\":\"https:\/\/swissmilitarywatches.ch\/fr\/produit\/chronographe-solaire-swiss-military-noir-pvd-caoutchouc-sms34113-05\/#breadcrumb\",\"itemListElement\":[{\"@type\":\"ListItem\",\"position\":1,\"name\":\"Home\",\"item\":\"https:\/\/swissmilitarywatches.ch\/fr\/home\/\"},{\"@type\":\"ListItem\",\"position\":2,\"name\":\"Boutique\",\"item\":\"https:\/\/swissmilitarywatches.ch\/fr\/boutique\/\"},{\"@type\":\"ListItem\",\"position\":3,\"name\":\"Toutes les montres\",\"item\":\"https:\/\/swissmilitarywatches.ch\/fr\/categorie-produit-fr\/toutes-les-montres\/\"},{\"@type\":\"ListItem\",\"position\":4,\"name\":\"Chronographe solaire Swiss Military \u2013 Noir, PVD, Caoutchouc | SMS34113.05\"}]},{\"@type\":\"WebSite\",\"@id\":\"https:\/\/swissmilitarywatches.ch\/fr\/#website\",\"url\":\"https:\/\/swissmilitarywatches.ch\/fr\/\",\"name\":\"Swiss Military by Chrono\",\"description\":\"Official Licensed Product of the Swiss Confederation\",\"publisher\":{\"@id\":\"https:\/\/swissmilitarywatches.ch\/fr\/#organization\"},\"potentialAction\":[{\"@type\":\"SearchAction\",\"target\":{\"@type\":\"EntryPoint\",\"urlTemplate\":\"https:\/\/swissmilitarywatches.ch\/fr\/?s={search_term_string}\"},\"query-input\":{\"@type\":\"PropertyValueSpecification\",\"valueRequired\":true,\"valueName\":\"search_term_string\"}}],\"inLanguage\":\"fr-FR\"},{\"@type\":\"Organization\",\"@id\":\"https:\/\/swissmilitarywatches.ch\/fr\/#organization\",\"name\":\"Swiss Military by Chrono\",\"url\":\"https:\/\/swissmilitarywatches.ch\/fr\/\",\"logo\":{\"@type\":\"ImageObject\",\"inLanguage\":\"fr-FR\",\"@id\":\"https:\/\/swissmilitarywatches.ch\/fr\/#\/schema\/logo\/image\/\",\"url\":\"https:\/\/swissmilitarywatches.ch\/wp-content\/uploads\/2020\/04\/cropped-SM_logo_512x512px.jpg\",\"contentUrl\":\"https:\/\/swissmilitarywatches.ch\/wp-content\/uploads\/2020\/04\/cropped-SM_logo_512x512px.jpg\",\"width\":512,\"height\":512,\"caption\":\"Swiss Military by Chrono\"},\"image\":{\"@id\":\"https:\/\/swissmilitarywatches.ch\/fr\/#\/schema\/logo\/image\/\"},\"sameAs\":[\"https:\/\/m.facebook.com\/swissmilitarybychronoofficial\/\",\"https:\/\/www.instagram.com\/swissmilitarybychrono\/\",\"https:\/\/www.pinterest.ch\/swissmilitarybychrono\/\"]}]}<\/script>\n<meta property=\"product:price:amount\" content=\"549.00\" \/>\n<meta property=\"product:price:currency\" content=\"EUR\" \/>\n<meta property=\"og:availability\" content=\"instock\" \/>\n<meta property=\"product:availability\" content=\"instock\" \/>\n<meta property=\"product:retailer_item_id\" content=\"SMS34113.05\" \/>\n<meta property=\"product:condition\" content=\"new\" \/>\n<!-- \/ Yoast SEO Premium plugin. -->","yoast_head_json":{"title":"Chronographe solaire Swiss Military \u2013 Noir, PVD, Caoutchouc | SMS34113.05","description":"Chronographe solaire Swiss Military SMS34113.05 aliment\u00e9e par la lumi\u00e8re, sans changement de pile. Cadran noir, bo\u00eetier PVD noir, bracelet caoutchouc, Swiss Made, garantie 5 ans.","robots":{"index":"index","follow":"follow","max-snippet":"max-snippet:-1","max-image-preview":"max-image-preview:large","max-video-preview":"max-video-preview:-1"},"canonical":"https:\/\/swissmilitarywatches.ch\/fr\/produit\/chronographe-solaire-swiss-military-noir-pvd-caoutchouc-sms34113-05\/","og_locale":"fr_FR","og_type":"article","og_title":"Chronographe solaire Swiss Military \u2013 Noir, PVD, Caoutchouc | SMS34113.05","og_description":"Chronographe solaire Swiss Military SMS34113.05 aliment\u00e9e par la lumi\u00e8re, sans changement de pile. Cadran noir, bo\u00eetier PVD noir, bracelet caoutchouc, Swiss Made, garantie 5 ans.","og_url":"https:\/\/swissmilitarywatches.ch\/fr\/produit\/chronographe-solaire-swiss-military-noir-pvd-caoutchouc-sms34113-05\/","og_site_name":"Swiss Military by Chrono","article_publisher":"https:\/\/m.facebook.com\/swissmilitarybychronoofficial\/","article_modified_time":"2026-02-16T13:08:54+00:00","og_image":[{"width":1300,"height":1642,"url":"https:\/\/swissmilitarywatches.ch\/wp-content\/uploads\/2025\/09\/SMS34113.05.png","type":"image\/png"}],"twitter_card":"summary_large_image","twitter_misc":{"Prix":"&euro;549.00 inc. TVA","Disponibilit\u00e9":"En stock"},"schema":{"@context":"https:\/\/schema.org","@graph":[{"@type":"WebPage","@id":"https:\/\/swissmilitarywatches.ch\/fr\/produit\/chronographe-solaire-swiss-military-noir-pvd-caoutchouc-sms34113-05\/","url":"https:\/\/swissmilitarywatches.ch\/fr\/produit\/chronographe-solaire-swiss-military-noir-pvd-caoutchouc-sms34113-05\/","name":"Chronographe solaire Swiss Military \u2013 Noir, PVD, Caoutchouc | SMS34113.05","isPartOf":{"@id":"https:\/\/swissmilitarywatches.ch\/fr\/#website"},"primaryImageOfPage":{"@id":"https:\/\/swissmilitarywatches.ch\/fr\/produit\/chronographe-solaire-swiss-military-noir-pvd-caoutchouc-sms34113-05\/#primaryimage"},"image":{"@id":"https:\/\/swissmilitarywatches.ch\/fr\/produit\/chronographe-solaire-swiss-military-noir-pvd-caoutchouc-sms34113-05\/#primaryimage"},"thumbnailUrl":"https:\/\/swissmilitarywatches.ch\/wp-content\/uploads\/2025\/09\/SMS34113.05.png","datePublished":"2025-09-01T05:47:44+00:00","dateModified":"2026-02-16T13:08:54+00:00","description":"Chronographe solaire Swiss Military SMS34113.05 aliment\u00e9e par la lumi\u00e8re, sans changement de pile. Cadran noir, bo\u00eetier PVD noir, bracelet caoutchouc, Swiss Made, garantie 5 ans.","breadcrumb":{"@id":"https:\/\/swissmilitarywatches.ch\/fr\/produit\/chronographe-solaire-swiss-military-noir-pvd-caoutchouc-sms34113-05\/#breadcrumb"},"inLanguage":"fr-FR","potentialAction":[{"@type":"ReadAction","target":["https:\/\/swissmilitarywatches.ch\/fr\/produit\/chronographe-solaire-swiss-military-noir-pvd-caoutchouc-sms34113-05\/"]}]},{"@type":"ImageObject","inLanguage":"fr-FR","@id":"https:\/\/swissmilitarywatches.ch\/fr\/produit\/chronographe-solaire-swiss-military-noir-pvd-caoutchouc-sms34113-05\/#primaryimage","url":"https:\/\/swissmilitarywatches.ch\/wp-content\/uploads\/2025\/09\/SMS34113.05.png","contentUrl":"https:\/\/swissmilitarywatches.ch\/wp-content\/uploads\/2025\/09\/SMS34113.05.png","width":1300,"height":1642,"caption":"Chronographe solaire militaire suisse SMS34113.05 aliment\u00e9 par la lumi\u00e8re, aucun changement de pile n'est n\u00e9cessaire. Cadran noir, bo\u00eetier en PVD noir et bracelet en caoutchouc."},{"@type":"BreadcrumbList","@id":"https:\/\/swissmilitarywatches.ch\/fr\/produit\/chronographe-solaire-swiss-military-noir-pvd-caoutchouc-sms34113-05\/#breadcrumb","itemListElement":[{"@type":"ListItem","position":1,"name":"Home","item":"https:\/\/swissmilitarywatches.ch\/fr\/home\/"},{"@type":"ListItem","position":2,"name":"Boutique","item":"https:\/\/swissmilitarywatches.ch\/fr\/boutique\/"},{"@type":"ListItem","position":3,"name":"Toutes les montres","item":"https:\/\/swissmilitarywatches.ch\/fr\/categorie-produit-fr\/toutes-les-montres\/"},{"@type":"ListItem","position":4,"name":"Chronographe solaire Swiss Military \u2013 Noir, PVD, Caoutchouc | SMS34113.05"}]},{"@type":"WebSite","@id":"https:\/\/swissmilitarywatches.ch\/fr\/#website","url":"https:\/\/swissmilitarywatches.ch\/fr\/","name":"Swiss Military by Chrono","description":"Official Licensed Product of the Swiss Confederation","publisher":{"@id":"https:\/\/swissmilitarywatches.ch\/fr\/#organization"},"potentialAction":[{"@type":"SearchAction","target":{"@type":"EntryPoint","urlTemplate":"https:\/\/swissmilitarywatches.ch\/fr\/?s={search_term_string}"},"query-input":{"@type":"PropertyValueSpecification","valueRequired":true,"valueName":"search_term_string"}}],"inLanguage":"fr-FR"},{"@type":"Organization","@id":"https:\/\/swissmilitarywatches.ch\/fr\/#organization","name":"Swiss Military by Chrono","url":"https:\/\/swissmilitarywatches.ch\/fr\/","logo":{"@type":"ImageObject","inLanguage":"fr-FR","@id":"https:\/\/swissmilitarywatches.ch\/fr\/#\/schema\/logo\/image\/","url":"https:\/\/swissmilitarywatches.ch\/wp-content\/uploads\/2020\/04\/cropped-SM_logo_512x512px.jpg","contentUrl":"https:\/\/swissmilitarywatches.ch\/wp-content\/uploads\/2020\/04\/cropped-SM_logo_512x512px.jpg","width":512,"height":512,"caption":"Swiss Military by Chrono"},"image":{"@id":"https:\/\/swissmilitarywatches.ch\/fr\/#\/schema\/logo\/image\/"},"sameAs":["https:\/\/m.facebook.com\/swissmilitarybychronoofficial\/","https:\/\/www.instagram.com\/swissmilitarybychrono\/","https:\/\/www.pinterest.ch\/swissmilitarybychrono\/"]}]},"product_price_amount":"549.00","product_price_currency":"EUR","og_availability":"instock","product_availability":"instock","product_retailer_item_id":"SMS34113.05","product_condition":"new"},"jetpack_sharing_enabled":true,"_links":{"self":[{"href":"https:\/\/swissmilitarywatches.ch\/fr\/wp-json\/wp\/v2\/product\/22426","targetHints":{"allow":["GET"]}}],"collection":[{"href":"https:\/\/swissmilitarywatches.ch\/fr\/wp-json\/wp\/v2\/product"}],"about":[{"href":"https:\/\/swissmilitarywatches.ch\/fr\/wp-json\/wp\/v2\/types\/product"}],"replies":[{"embeddable":true,"href":"https:\/\/swissmilitarywatches.ch\/fr\/wp-json\/wp\/v2\/comments?post=22426"}],"wp:featuredmedia":[{"embeddable":true,"href":"https:\/\/swissmilitarywatches.ch\/fr\/wp-json\/wp\/v2\/media\/22278"}],"wp:attachment":[{"href":"https:\/\/swissmilitarywatches.ch\/fr\/wp-json\/wp\/v2\/media?parent=22426"}],"wp:term":[{"taxonomy":"product_brand","embeddable":true,"href":"https:\/\/swissmilitarywatches.ch\/fr\/wp-json\/wp\/v2\/product_brand?post=22426"},{"taxonomy":"product_cat","embeddable":true,"href":"https:\/\/swissmilitarywatches.ch\/fr\/wp-json\/wp\/v2\/product_cat?post=22426"},{"taxonomy":"product_tag","embeddable":true,"href":"https:\/\/swissmilitarywatches.ch\/fr\/wp-json\/wp\/v2\/product_tag?post=22426"}],"curies":[{"name":"wp","href":"https:\/\/api.w.org\/{rel}","templated":true}]}}