{"id":22408,"date":"2025-09-01T07:47:45","date_gmt":"2025-09-01T05:47:45","guid":{"rendered":"https:\/\/swissmilitarywatches.ch\/?post_type=product&#038;p=22408"},"modified":"2026-01-15T17:34:21","modified_gmt":"2026-01-15T15:34:21","slug":"swiss-military-solar-chronograph-noir-acier-sms34113-01","status":"publish","type":"product","link":"https:\/\/swissmilitarywatches.ch\/fr\/produit\/swiss-military-solar-chronograph-noir-acier-sms34113-01\/","title":{"rendered":"Swiss Military Chronograph Solaire \u2013 Noir, Acier | SMS34113.01"},"content":{"rendered":"<p data-start=\"388\" data-end=\"797\"><strong data-start=\"388\" data-end=\"464\">Swiss Military Chronographe Solaire \u2013 Plus jamais de changement de pile, aliment\u00e9 par la lumi\u00e8re<\/strong><\/p>\n<p data-start=\"533\" data-end=\"890\">La Swiss Military SMS34113.01 est un Chronographe Solaire qui \u00e9limine le besoin de changer la pile. Aliment\u00e9e uniquement par la lumi\u00e8re, elle offre des performances continues sans remplacement. Avec son cadran noir soleill\u00e9 et ses aiguilles et index lumineux, ce chronographe solaire suisse garantit une excellente lisibilit\u00e9 et un style intemporel.  <\/p>\n<p data-start=\"892\" data-end=\"1247\">Le bo\u00eetier en acier inoxydable \u2300 42 mm et le bracelet assorti offrent robustesse et \u00e9l\u00e9gance raffin\u00e9e. De plus, le verre saphir inrayable prot\u00e8ge le cadran, tandis que la lunette tournante unidirectionnelle souligne son design sportif. Ainsi, l\u2019association du cadran noir et de l\u2019acier rend cette montre polyvalente, aussi bien pour les affaires que pour un usage d\u00e9contract\u00e9.  <\/p>\n<p data-start=\"1249\" data-end=\"1560\">\u00c0 l\u2019int\u00e9rieur, cette montre solaire Swiss Military transforme la lumi\u00e8re naturelle et artificielle en \u00e9nergie. Une cellule sous le cadran alimente une batterie rechargeable qui fonctionne jusqu\u2019\u00e0 5 mois \u2013 m\u00eame dans l\u2019obscurit\u00e9. Par cons\u00e9quent, la montre garantit une performance \u00e9cologique et fiable, sans jamais n\u00e9cessiter de changement de pile.  <\/p>\n<p data-start=\"1562\" data-end=\"1891\">Gr\u00e2ce au syst\u00e8me de bracelets interchangeables, vous pouvez passer du bracelet en acier \u00e0 un bracelet en caoutchouc plus sportif. Ainsi, cette montre chronographe Swiss Military s\u2019adapte parfaitement \u00e0 votre style de vie. Avec une \u00e9tanch\u00e9it\u00e9 de 100 m, ce chronographe Swiss Military pour homme est con\u00e7u aussi bien pour un usage quotidien que pour l\u2019aventure.  <\/p>\n<p data-start=\"1893\" data-end=\"1912\"><strong data-start=\"1893\" data-end=\"1910\">Caract\u00e9ristiques Cl\u00e9s :<\/strong><\/p>\n<ul data-start=\"1913\" data-end=\"2376\">\n<li data-start=\"1913\" data-end=\"1969\">\n<p data-start=\"1915\" data-end=\"1969\">Cadran noir soleill\u00e9 avec aiguilles et index lumineux<\/p>\n<\/li>\n<li data-start=\"1913\" data-end=\"1969\">\n<p data-start=\"1915\" data-end=\"1969\">Bo\u00eetier en acier inoxydable \u2300 42 mm<\/p>\n<\/li>\n<li data-start=\"1913\" data-end=\"1969\">\n<p data-start=\"1915\" data-end=\"1969\">Bracelet en acier inoxydable<\/p>\n<\/li>\n<li data-start=\"1913\" data-end=\"1969\">\n<p data-start=\"1915\" data-end=\"1969\">Verre saphir r\u00e9sistant aux rayures.<\/p>\n<\/li>\n<li data-start=\"2118\" data-end=\"2151\">\n<p data-start=\"2120\" data-end=\"2151\">Lunette tournante unidirectionnelle<\/p>\n<\/li>\n<li data-start=\"2152\" data-end=\"2196\">\n<p data-start=\"2154\" data-end=\"2196\">Mouvement chronographe solaire suisse<\/p>\n<\/li>\n<li data-start=\"2197\" data-end=\"2229\">\n<p data-start=\"2199\" data-end=\"2229\">R\u00e9serve de marche jusqu\u2019\u00e0 5 mois<\/p>\n<\/li>\n<li data-start=\"2230\" data-end=\"2256\">\n<p data-start=\"2232\" data-end=\"2256\">\u00c9tanch\u00e9it\u00e9 100 m<\/p>\n<\/li>\n<li data-start=\"2307\" data-end=\"2338\">\n<p data-start=\"2309\" data-end=\"2338\">Swiss Made et assembl\u00e9e \u00e0 la main<\/p>\n<\/li>\n<li data-start=\"2307\" data-end=\"2338\">Garantie internationale de 5 ans<\/li>\n<\/ul>\n","protected":false},"excerpt":{"rendered":"<h3 class=\"ai-optimize-29 ai-optimize-introduction\" data-start=\"229\" data-end=\"271\"><strong data-start=\"229\" data-end=\"269\">Pas de changement de pile \u2013 Aliment\u00e9e par la lumi\u00e8re<\/strong><\/h3>\n<ul data-start=\"272\" data-end=\"494\">\n<li class=\"ai-optimize-30\" data-start=\"272\" data-end=\"313\">\n<p class=\"ai-optimize-31\" data-start=\"274\" data-end=\"313\">Mouvement Chronographe Solaire Swiss Made<\/p>\n<\/li>\n<li class=\"ai-optimize-30\" data-start=\"272\" data-end=\"313\">\n<p class=\"ai-optimize-31\" data-start=\"274\" data-end=\"313\">Cadran noir avec aiguilles et index luminescents<\/p>\n<\/li>\n<li class=\"ai-optimize-30\" data-start=\"272\" data-end=\"313\">\n<p class=\"ai-optimize-31\" data-start=\"274\" data-end=\"313\">Bo\u00eetier et bracelet en acier inoxydable<\/p>\n<\/li>\n<li class=\"ai-optimize-30\" data-start=\"272\" data-end=\"313\">\n<p class=\"ai-optimize-31\" data-start=\"274\" data-end=\"313\">Verre saphir inrayable<\/p>\n<\/li>\n<li class=\"ai-optimize-30\" data-start=\"272\" data-end=\"313\">\n<p class=\"ai-optimize-31\" data-start=\"274\" data-end=\"313\">\u00c9tanch\u00e9it\u00e9 100 m<\/p>\n<\/li>\n<li class=\"ai-optimize-30\" data-start=\"272\" data-end=\"313\">\n<p class=\"ai-optimize-31\" data-start=\"274\" data-end=\"313\">Garantie internationale de 5 ans<\/p>\n<\/li>\n<\/ul>\n<p>&nbsp;<\/p>\n","protected":false},"featured_media":22248,"comment_status":"open","ping_status":"closed","template":"","meta":[],"product_brand":[],"product_cat":[3076,2295,2293,2294,2308,2447],"product_tag":[],"class_list":{"0":"post-22408","1":"product","2":"type-product","3":"status-publish","4":"has-post-thumbnail","6":"product_cat-chronographes-solaires-swiss-military-sms34113","7":"product_cat-toutes-les-montres","8":"product_cat-montres-pour-hommes","9":"product_cat-montres-chronographes","10":"product_cat-montres-a-fonction-speciale-fr","11":"product_cat-montres-solaires-fr","12":"product_shipping_class-livraison-flexible","14":"first","15":"instock","16":"taxable","17":"shipping-taxable","18":"purchasable","19":"product-type-simple"},"yoast_head":"<!-- This site is optimized with the Yoast SEO Premium plugin v26.6 (Yoast SEO v26.6) - https:\/\/yoast.com\/wordpress\/plugins\/seo\/ -->\n<title>Swiss Military Chronograph Solaire \u2013 Noir, Acier | SMS34113.01<\/title>\n<meta name=\"description\" content=\"Swiss Military Solar Chronograph SMS34113.01 aliment\u00e9e par la lumi\u00e8re, sans changement de pile. Cadran noir, bo\u00eetier acier, Swiss Made, garantie 5 ans.\" \/>\n<meta name=\"robots\" content=\"index, follow, max-snippet:-1, max-image-preview:large, max-video-preview:-1\" \/>\n<link rel=\"canonical\" href=\"https:\/\/swissmilitarywatches.ch\/fr\/produit\/swiss-military-solar-chronograph-noir-acier-sms34113-01\/\" \/>\n<meta property=\"og:locale\" content=\"fr_FR\" \/>\n<meta property=\"og:type\" content=\"article\" \/>\n<meta property=\"og:title\" content=\"Swiss Military Chronograph Solaire \u2013 Noir, Acier | SMS34113.01\" \/>\n<meta property=\"og:description\" content=\"Swiss Military Solar Chronograph SMS34113.01 aliment\u00e9e par la lumi\u00e8re, sans changement de pile. Cadran noir, bo\u00eetier acier, Swiss Made, garantie 5 ans.\" \/>\n<meta property=\"og:url\" content=\"https:\/\/swissmilitarywatches.ch\/fr\/produit\/swiss-military-solar-chronograph-noir-acier-sms34113-01\/\" \/>\n<meta property=\"og:site_name\" content=\"Swiss Military by Chrono\" \/>\n<meta property=\"article:publisher\" content=\"https:\/\/m.facebook.com\/swissmilitarybychronoofficial\/\" \/>\n<meta property=\"article:modified_time\" content=\"2026-01-15T15:34:21+00:00\" \/>\n<meta property=\"og:image\" content=\"https:\/\/swissmilitarywatches.ch\/wp-content\/uploads\/2025\/09\/SMS34113.01.png\" \/>\n\t<meta property=\"og:image:width\" content=\"1300\" \/>\n\t<meta property=\"og:image:height\" content=\"1642\" \/>\n\t<meta property=\"og:image:type\" content=\"image\/png\" \/>\n<meta name=\"twitter:card\" content=\"summary_large_image\" \/>\n<meta name=\"twitter:label1\" content=\"Prix\" \/>\n\t<meta name=\"twitter:data1\" content=\"&euro;549.00 inc. TVA\" \/>\n\t<meta name=\"twitter:label2\" content=\"Disponibilit\u00e9\" \/>\n\t<meta name=\"twitter:data2\" content=\"En stock\" \/>\n<script type=\"application\/ld+json\" class=\"yoast-schema-graph\">{\"@context\":\"https:\/\/schema.org\",\"@graph\":[{\"@type\":\"WebPage\",\"@id\":\"https:\/\/swissmilitarywatches.ch\/fr\/produit\/swiss-military-solar-chronograph-noir-acier-sms34113-01\/\",\"url\":\"https:\/\/swissmilitarywatches.ch\/fr\/produit\/swiss-military-solar-chronograph-noir-acier-sms34113-01\/\",\"name\":\"Swiss Military Chronograph Solaire \u2013 Noir, Acier | SMS34113.01\",\"isPartOf\":{\"@id\":\"https:\/\/swissmilitarywatches.ch\/fr\/#website\"},\"primaryImageOfPage\":{\"@id\":\"https:\/\/swissmilitarywatches.ch\/fr\/produit\/swiss-military-solar-chronograph-noir-acier-sms34113-01\/#primaryimage\"},\"image\":{\"@id\":\"https:\/\/swissmilitarywatches.ch\/fr\/produit\/swiss-military-solar-chronograph-noir-acier-sms34113-01\/#primaryimage\"},\"thumbnailUrl\":\"https:\/\/swissmilitarywatches.ch\/wp-content\/uploads\/2025\/09\/SMS34113.01.png\",\"datePublished\":\"2025-09-01T05:47:45+00:00\",\"dateModified\":\"2026-01-15T15:34:21+00:00\",\"description\":\"Swiss Military Solar Chronograph SMS34113.01 aliment\u00e9e par la lumi\u00e8re, sans changement de pile. Cadran noir, bo\u00eetier acier, Swiss Made, garantie 5 ans.\",\"breadcrumb\":{\"@id\":\"https:\/\/swissmilitarywatches.ch\/fr\/produit\/swiss-military-solar-chronograph-noir-acier-sms34113-01\/#breadcrumb\"},\"inLanguage\":\"fr-FR\",\"potentialAction\":[{\"@type\":\"ReadAction\",\"target\":[\"https:\/\/swissmilitarywatches.ch\/fr\/produit\/swiss-military-solar-chronograph-noir-acier-sms34113-01\/\"]}]},{\"@type\":\"ImageObject\",\"inLanguage\":\"fr-FR\",\"@id\":\"https:\/\/swissmilitarywatches.ch\/fr\/produit\/swiss-military-solar-chronograph-noir-acier-sms34113-01\/#primaryimage\",\"url\":\"https:\/\/swissmilitarywatches.ch\/wp-content\/uploads\/2025\/09\/SMS34113.01.png\",\"contentUrl\":\"https:\/\/swissmilitarywatches.ch\/wp-content\/uploads\/2025\/09\/SMS34113.01.png\",\"width\":1300,\"height\":1642,\"caption\":\"Swiss Military Chronographe Solaire SMS34113.01 aliment\u00e9 par la lumi\u00e8re, sans changement de pile. Avec cadran noir et bracelet en acier.\"},{\"@type\":\"BreadcrumbList\",\"@id\":\"https:\/\/swissmilitarywatches.ch\/fr\/produit\/swiss-military-solar-chronograph-noir-acier-sms34113-01\/#breadcrumb\",\"itemListElement\":[{\"@type\":\"ListItem\",\"position\":1,\"name\":\"Home\",\"item\":\"https:\/\/swissmilitarywatches.ch\/fr\/home\/\"},{\"@type\":\"ListItem\",\"position\":2,\"name\":\"Boutique\",\"item\":\"https:\/\/swissmilitarywatches.ch\/fr\/boutique\/\"},{\"@type\":\"ListItem\",\"position\":3,\"name\":\"Toutes les montres\",\"item\":\"https:\/\/swissmilitarywatches.ch\/fr\/categorie-produit-fr\/toutes-les-montres\/\"},{\"@type\":\"ListItem\",\"position\":4,\"name\":\"Swiss Military Chronograph Solaire \u2013 Noir, Acier | SMS34113.01\"}]},{\"@type\":\"WebSite\",\"@id\":\"https:\/\/swissmilitarywatches.ch\/fr\/#website\",\"url\":\"https:\/\/swissmilitarywatches.ch\/fr\/\",\"name\":\"Swiss Military by Chrono\",\"description\":\"Official Licensed Product of the Swiss Confederation\",\"publisher\":{\"@id\":\"https:\/\/swissmilitarywatches.ch\/fr\/#organization\"},\"potentialAction\":[{\"@type\":\"SearchAction\",\"target\":{\"@type\":\"EntryPoint\",\"urlTemplate\":\"https:\/\/swissmilitarywatches.ch\/fr\/?s={search_term_string}\"},\"query-input\":{\"@type\":\"PropertyValueSpecification\",\"valueRequired\":true,\"valueName\":\"search_term_string\"}}],\"inLanguage\":\"fr-FR\"},{\"@type\":\"Organization\",\"@id\":\"https:\/\/swissmilitarywatches.ch\/fr\/#organization\",\"name\":\"Swiss Military by Chrono\",\"url\":\"https:\/\/swissmilitarywatches.ch\/fr\/\",\"logo\":{\"@type\":\"ImageObject\",\"inLanguage\":\"fr-FR\",\"@id\":\"https:\/\/swissmilitarywatches.ch\/fr\/#\/schema\/logo\/image\/\",\"url\":\"https:\/\/swissmilitarywatches.ch\/wp-content\/uploads\/2020\/04\/cropped-SM_logo_512x512px.jpg\",\"contentUrl\":\"https:\/\/swissmilitarywatches.ch\/wp-content\/uploads\/2020\/04\/cropped-SM_logo_512x512px.jpg\",\"width\":512,\"height\":512,\"caption\":\"Swiss Military by Chrono\"},\"image\":{\"@id\":\"https:\/\/swissmilitarywatches.ch\/fr\/#\/schema\/logo\/image\/\"},\"sameAs\":[\"https:\/\/m.facebook.com\/swissmilitarybychronoofficial\/\",\"https:\/\/www.instagram.com\/swissmilitarybychrono\/\",\"https:\/\/www.pinterest.ch\/swissmilitarybychrono\/\"]}]}<\/script>\n<meta property=\"product:price:amount\" content=\"549.00\" \/>\n<meta property=\"product:price:currency\" content=\"EUR\" \/>\n<meta property=\"og:availability\" content=\"instock\" \/>\n<meta property=\"product:availability\" content=\"instock\" \/>\n<meta property=\"product:retailer_item_id\" content=\"SMS34113.01\" \/>\n<meta property=\"product:condition\" content=\"new\" \/>\n<!-- \/ Yoast SEO Premium plugin. -->","yoast_head_json":{"title":"Swiss Military Chronograph Solaire \u2013 Noir, Acier | SMS34113.01","description":"Swiss Military Solar Chronograph SMS34113.01 aliment\u00e9e par la lumi\u00e8re, sans changement de pile. Cadran noir, bo\u00eetier acier, Swiss Made, garantie 5 ans.","robots":{"index":"index","follow":"follow","max-snippet":"max-snippet:-1","max-image-preview":"max-image-preview:large","max-video-preview":"max-video-preview:-1"},"canonical":"https:\/\/swissmilitarywatches.ch\/fr\/produit\/swiss-military-solar-chronograph-noir-acier-sms34113-01\/","og_locale":"fr_FR","og_type":"article","og_title":"Swiss Military Chronograph Solaire \u2013 Noir, Acier | SMS34113.01","og_description":"Swiss Military Solar Chronograph SMS34113.01 aliment\u00e9e par la lumi\u00e8re, sans changement de pile. Cadran noir, bo\u00eetier acier, Swiss Made, garantie 5 ans.","og_url":"https:\/\/swissmilitarywatches.ch\/fr\/produit\/swiss-military-solar-chronograph-noir-acier-sms34113-01\/","og_site_name":"Swiss Military by Chrono","article_publisher":"https:\/\/m.facebook.com\/swissmilitarybychronoofficial\/","article_modified_time":"2026-01-15T15:34:21+00:00","og_image":[{"width":1300,"height":1642,"url":"https:\/\/swissmilitarywatches.ch\/wp-content\/uploads\/2025\/09\/SMS34113.01.png","type":"image\/png"}],"twitter_card":"summary_large_image","twitter_misc":{"Prix":"&euro;549.00 inc. TVA","Disponibilit\u00e9":"En stock"},"schema":{"@context":"https:\/\/schema.org","@graph":[{"@type":"WebPage","@id":"https:\/\/swissmilitarywatches.ch\/fr\/produit\/swiss-military-solar-chronograph-noir-acier-sms34113-01\/","url":"https:\/\/swissmilitarywatches.ch\/fr\/produit\/swiss-military-solar-chronograph-noir-acier-sms34113-01\/","name":"Swiss Military Chronograph Solaire \u2013 Noir, Acier | SMS34113.01","isPartOf":{"@id":"https:\/\/swissmilitarywatches.ch\/fr\/#website"},"primaryImageOfPage":{"@id":"https:\/\/swissmilitarywatches.ch\/fr\/produit\/swiss-military-solar-chronograph-noir-acier-sms34113-01\/#primaryimage"},"image":{"@id":"https:\/\/swissmilitarywatches.ch\/fr\/produit\/swiss-military-solar-chronograph-noir-acier-sms34113-01\/#primaryimage"},"thumbnailUrl":"https:\/\/swissmilitarywatches.ch\/wp-content\/uploads\/2025\/09\/SMS34113.01.png","datePublished":"2025-09-01T05:47:45+00:00","dateModified":"2026-01-15T15:34:21+00:00","description":"Swiss Military Solar Chronograph SMS34113.01 aliment\u00e9e par la lumi\u00e8re, sans changement de pile. Cadran noir, bo\u00eetier acier, Swiss Made, garantie 5 ans.","breadcrumb":{"@id":"https:\/\/swissmilitarywatches.ch\/fr\/produit\/swiss-military-solar-chronograph-noir-acier-sms34113-01\/#breadcrumb"},"inLanguage":"fr-FR","potentialAction":[{"@type":"ReadAction","target":["https:\/\/swissmilitarywatches.ch\/fr\/produit\/swiss-military-solar-chronograph-noir-acier-sms34113-01\/"]}]},{"@type":"ImageObject","inLanguage":"fr-FR","@id":"https:\/\/swissmilitarywatches.ch\/fr\/produit\/swiss-military-solar-chronograph-noir-acier-sms34113-01\/#primaryimage","url":"https:\/\/swissmilitarywatches.ch\/wp-content\/uploads\/2025\/09\/SMS34113.01.png","contentUrl":"https:\/\/swissmilitarywatches.ch\/wp-content\/uploads\/2025\/09\/SMS34113.01.png","width":1300,"height":1642,"caption":"Swiss Military Chronographe Solaire SMS34113.01 aliment\u00e9 par la lumi\u00e8re, sans changement de pile. Avec cadran noir et bracelet en acier."},{"@type":"BreadcrumbList","@id":"https:\/\/swissmilitarywatches.ch\/fr\/produit\/swiss-military-solar-chronograph-noir-acier-sms34113-01\/#breadcrumb","itemListElement":[{"@type":"ListItem","position":1,"name":"Home","item":"https:\/\/swissmilitarywatches.ch\/fr\/home\/"},{"@type":"ListItem","position":2,"name":"Boutique","item":"https:\/\/swissmilitarywatches.ch\/fr\/boutique\/"},{"@type":"ListItem","position":3,"name":"Toutes les montres","item":"https:\/\/swissmilitarywatches.ch\/fr\/categorie-produit-fr\/toutes-les-montres\/"},{"@type":"ListItem","position":4,"name":"Swiss Military Chronograph Solaire \u2013 Noir, Acier | SMS34113.01"}]},{"@type":"WebSite","@id":"https:\/\/swissmilitarywatches.ch\/fr\/#website","url":"https:\/\/swissmilitarywatches.ch\/fr\/","name":"Swiss Military by Chrono","description":"Official Licensed Product of the Swiss Confederation","publisher":{"@id":"https:\/\/swissmilitarywatches.ch\/fr\/#organization"},"potentialAction":[{"@type":"SearchAction","target":{"@type":"EntryPoint","urlTemplate":"https:\/\/swissmilitarywatches.ch\/fr\/?s={search_term_string}"},"query-input":{"@type":"PropertyValueSpecification","valueRequired":true,"valueName":"search_term_string"}}],"inLanguage":"fr-FR"},{"@type":"Organization","@id":"https:\/\/swissmilitarywatches.ch\/fr\/#organization","name":"Swiss Military by Chrono","url":"https:\/\/swissmilitarywatches.ch\/fr\/","logo":{"@type":"ImageObject","inLanguage":"fr-FR","@id":"https:\/\/swissmilitarywatches.ch\/fr\/#\/schema\/logo\/image\/","url":"https:\/\/swissmilitarywatches.ch\/wp-content\/uploads\/2020\/04\/cropped-SM_logo_512x512px.jpg","contentUrl":"https:\/\/swissmilitarywatches.ch\/wp-content\/uploads\/2020\/04\/cropped-SM_logo_512x512px.jpg","width":512,"height":512,"caption":"Swiss Military by Chrono"},"image":{"@id":"https:\/\/swissmilitarywatches.ch\/fr\/#\/schema\/logo\/image\/"},"sameAs":["https:\/\/m.facebook.com\/swissmilitarybychronoofficial\/","https:\/\/www.instagram.com\/swissmilitarybychrono\/","https:\/\/www.pinterest.ch\/swissmilitarybychrono\/"]}]},"product_price_amount":"549.00","product_price_currency":"EUR","og_availability":"instock","product_availability":"instock","product_retailer_item_id":"SMS34113.01","product_condition":"new"},"jetpack_sharing_enabled":true,"_links":{"self":[{"href":"https:\/\/swissmilitarywatches.ch\/fr\/wp-json\/wp\/v2\/product\/22408","targetHints":{"allow":["GET"]}}],"collection":[{"href":"https:\/\/swissmilitarywatches.ch\/fr\/wp-json\/wp\/v2\/product"}],"about":[{"href":"https:\/\/swissmilitarywatches.ch\/fr\/wp-json\/wp\/v2\/types\/product"}],"replies":[{"embeddable":true,"href":"https:\/\/swissmilitarywatches.ch\/fr\/wp-json\/wp\/v2\/comments?post=22408"}],"wp:featuredmedia":[{"embeddable":true,"href":"https:\/\/swissmilitarywatches.ch\/fr\/wp-json\/wp\/v2\/media\/22248"}],"wp:attachment":[{"href":"https:\/\/swissmilitarywatches.ch\/fr\/wp-json\/wp\/v2\/media?parent=22408"}],"wp:term":[{"taxonomy":"product_brand","embeddable":true,"href":"https:\/\/swissmilitarywatches.ch\/fr\/wp-json\/wp\/v2\/product_brand?post=22408"},{"taxonomy":"product_cat","embeddable":true,"href":"https:\/\/swissmilitarywatches.ch\/fr\/wp-json\/wp\/v2\/product_cat?post=22408"},{"taxonomy":"product_tag","embeddable":true,"href":"https:\/\/swissmilitarywatches.ch\/fr\/wp-json\/wp\/v2\/product_tag?post=22408"}],"curies":[{"name":"wp","href":"https:\/\/api.w.org\/{rel}","templated":true}]}}