{"id":22407,"date":"2025-09-01T07:47:45","date_gmt":"2025-09-01T05:47:45","guid":{"rendered":"https:\/\/swissmilitarywatches.ch\/?post_type=product&#038;p=22407"},"modified":"2026-01-15T15:44:11","modified_gmt":"2026-01-15T13:44:11","slug":"swiss-military-solar-chronograph-vert-pvd-caoutchouc-sms34113-06","status":"publish","type":"product","link":"https:\/\/swissmilitarywatches.ch\/fr\/produit\/swiss-military-solar-chronograph-vert-pvd-caoutchouc-sms34113-06\/","title":{"rendered":"Chronographe Solaire Swiss Military \u2013 Vert, PVD, Caoutchouc | SMS34113.06"},"content":{"rendered":"<p data-start=\"230\" data-end=\"700\"><strong data-start=\"230\" data-end=\"314\">Chronographe solaire Swiss Military \u2013 Plus jamais de changement de pile, aliment\u00e9 par la lumi\u00e8re<\/strong><\/p>\n<p data-start=\"849\" data-end=\"1263\">La Swiss Military SMS34113.06 est un Chronographe Solaire Swiss Military qui \u00e9limine le besoin de changer la pile. Aliment\u00e9e enti\u00e8rement par la lumi\u00e8re, elle offre des performances continues sans contraintes. Son cadran vert soleil audacieux, ses aiguilles luminescentes et son bo\u00eetier en acier inoxydable rev\u00eatu de PVD noir conf\u00e8rent \u00e0 ce Chronographe Solaire Suisse un style robuste et moderne, parfaitement adapt\u00e9 aux hommes aventuriers.  <\/p>\n<p data-start=\"1265\" data-end=\"1636\">Le bo\u00eetier de 42 mm en acier inoxydable est dot\u00e9 d\u2019un rev\u00eatement PVD noir robuste pour une r\u00e9sistance accrue et une finition \u00e9l\u00e9gante et discr\u00e8te. De plus, le verre saphir inrayable prot\u00e8ge le cadran, tandis que la lunette tournante unidirectionnelle souligne le design sportif de la montre. Enfin, le m\u00e9lange unique de vert et de noir fait de ce garde-temps une v\u00e9ritable d\u00e9claration au poignet.  <\/p>\n<p data-start=\"1638\" data-end=\"2001\">\u00c0 l\u2019int\u00e9rieur, cette Montre Solaire Swiss Military repose sur une technologie solaire avanc\u00e9e. Une cellule solaire sous le cadran convertit la lumi\u00e8re naturelle et artificielle en \u00e9nergie, rechargeant une batterie qui fonctionne jusqu\u2019\u00e0 5 mois \u2013 m\u00eame dans l\u2019obscurit\u00e9 totale. Ainsi, la montre offre des performances fiables et respectueuses de l\u2019environnement, sans jamais n\u00e9cessiter de changement de pile.  <\/p>\n<p data-start=\"2003\" data-end=\"2373\">Gr\u00e2ce au syst\u00e8me de bracelet interchangeable, vous pouvez passer facilement du bracelet en caoutchouc vert au bracelet en acier inoxydable. Ce Chronographe Swiss Military s\u2019adapte ainsi parfaitement \u00e0 diff\u00e9rents styles de vie, des aventures en plein air au port quotidien. Avec une \u00e9tanch\u00e9it\u00e9 de 100 m, ce Chronographe pour homme Swiss Military est aussi fiable qu\u2019audacieux.  <\/p>\n<h4 data-start=\"1773\" data-end=\"1792\"><strong data-start=\"1773\" data-end=\"1790\">Caract\u00e9ristiques Cl\u00e9s :<\/strong><\/h4>\n<ul data-start=\"1793\" data-end=\"2236\">\n<li data-start=\"1793\" data-end=\"1849\">\n<p data-start=\"1795\" data-end=\"1849\">Cadran vert soleill\u00e9 avec aiguilles et index lumineux<\/p>\n<\/li>\n<li data-start=\"1850\" data-end=\"1938\">\n<p data-start=\"1852\" data-end=\"1938\">Bo\u00eetier en acier inoxydable<span style=\"color: #333333;\"> \u2300 42 mm<\/span> avec rev\u00eatement PVD noir<\/p>\n<\/li>\n<li data-start=\"1850\" data-end=\"1938\">Bracelet en caoutchouc vert avec syst\u00e8me Easy-Click<\/li>\n<li data-start=\"1939\" data-end=\"1977\">\n<p data-start=\"1941\" data-end=\"1977\">Verre saphir r\u00e9sistant aux rayures.<\/p>\n<\/li>\n<li data-start=\"1978\" data-end=\"2011\">\n<p data-start=\"1980\" data-end=\"2011\">Lunette tournante unidirectionnelle<\/p>\n<\/li>\n<li data-start=\"2012\" data-end=\"2056\">\n<p data-start=\"2014\" data-end=\"2056\">Mouvement chronographe solaire suisse<\/p>\n<\/li>\n<li data-start=\"2057\" data-end=\"2089\">\n<p data-start=\"2059\" data-end=\"2089\">R\u00e9serve de marche jusqu\u2019\u00e0 5 mois<\/p>\n<\/li>\n<li data-start=\"2090\" data-end=\"2116\">\n<p data-start=\"2092\" data-end=\"2116\">\u00c9tanch\u00e9it\u00e9 100 m<\/p>\n<\/li>\n<li data-start=\"2167\" data-end=\"2198\">\n<p data-start=\"2169\" data-end=\"2198\">Swiss Made et assembl\u00e9e \u00e0 la main<\/p>\n<\/li>\n<li data-start=\"2199\" data-end=\"2236\">\n<p data-start=\"2201\" data-end=\"2236\">Garantie internationale de 5 ans<\/p>\n<\/li>\n<\/ul>\n","protected":false},"excerpt":{"rendered":"<h3 class=\"ai-optimize-33 ai-optimize-introduction\" data-start=\"246\" data-end=\"288\"><strong data-start=\"246\" data-end=\"286\">Pas de changement de pile \u2013 Aliment\u00e9e par la lumi\u00e8re<\/strong><\/h3>\n<ul>\n<li class=\"ai-optimize-35\" data-start=\"291\" data-end=\"330\">Mouvement Chronographe Solaire Swiss Made<\/li>\n<li class=\"ai-optimize-35\" data-start=\"291\" data-end=\"330\">Cadran vert avec aiguilles et index luminescents<\/li>\n<li class=\"ai-optimize-35\" data-start=\"291\" data-end=\"330\">Bo\u00eetier en acier inoxydable noir et bracelet en caoutchouc vert avec syst\u00e8me Easy-Click de changement rapide<\/li>\n<li class=\"ai-optimize-35\" data-start=\"291\" data-end=\"330\">Verre saphir inrayable<\/li>\n<li class=\"ai-optimize-35\" data-start=\"291\" data-end=\"330\">\u00c9tanch\u00e9it\u00e9 100 m<\/li>\n<li class=\"ai-optimize-35\" data-start=\"291\" data-end=\"330\">Garantie internationale de 5 ans<\/li>\n<\/ul>\n<p>&nbsp;<\/p>\n<p>&nbsp;<\/p>\n","protected":false},"featured_media":22283,"comment_status":"open","ping_status":"closed","template":"","meta":[],"product_brand":[],"product_cat":[3076,2295,2293,2294,2308,2447],"product_tag":[],"class_list":{"0":"post-22407","1":"product","2":"type-product","3":"status-publish","4":"has-post-thumbnail","6":"product_cat-chronographes-solaires-swiss-military-sms34113","7":"product_cat-toutes-les-montres","8":"product_cat-montres-pour-hommes","9":"product_cat-montres-chronographes","10":"product_cat-montres-a-fonction-speciale-fr","11":"product_cat-montres-solaires-fr","12":"product_shipping_class-livraison-flexible","14":"first","15":"instock","16":"taxable","17":"shipping-taxable","18":"purchasable","19":"product-type-simple"},"yoast_head":"<!-- This site is optimized with the Yoast SEO Premium plugin v26.6 (Yoast SEO v26.6) - https:\/\/yoast.com\/wordpress\/plugins\/seo\/ -->\n<title>Chronographe Solaire Swiss Military \u2013 Vert, PVD, Caoutchouc | SMS34113.06<\/title>\n<meta name=\"description\" content=\"Swiss Military Solar Chronograph SMS34113.06, aliment\u00e9 par la lumi\u00e8re sans changement de pile. Cadran vert, bo\u00eetier en PVD noir, bracelet en caoutchouc, Swiss Made et garantie de 5 ans.\" \/>\n<meta name=\"robots\" content=\"index, follow, max-snippet:-1, max-image-preview:large, max-video-preview:-1\" \/>\n<link rel=\"canonical\" href=\"https:\/\/swissmilitarywatches.ch\/fr\/produit\/swiss-military-solar-chronograph-vert-pvd-caoutchouc-sms34113-06\/\" \/>\n<meta property=\"og:locale\" content=\"fr_FR\" \/>\n<meta property=\"og:type\" content=\"article\" \/>\n<meta property=\"og:title\" content=\"Chronographe Solaire Swiss Military \u2013 Vert, PVD, Caoutchouc | SMS34113.06\" \/>\n<meta property=\"og:description\" content=\"Swiss Military Solar Chronograph SMS34113.06, aliment\u00e9 par la lumi\u00e8re sans changement de pile. Cadran vert, bo\u00eetier en PVD noir, bracelet en caoutchouc, Swiss Made et garantie de 5 ans.\" \/>\n<meta property=\"og:url\" content=\"https:\/\/swissmilitarywatches.ch\/fr\/produit\/swiss-military-solar-chronograph-vert-pvd-caoutchouc-sms34113-06\/\" \/>\n<meta property=\"og:site_name\" content=\"Swiss Military by Chrono\" \/>\n<meta property=\"article:publisher\" content=\"https:\/\/m.facebook.com\/swissmilitarybychronoofficial\/\" \/>\n<meta property=\"article:modified_time\" content=\"2026-01-15T13:44:11+00:00\" \/>\n<meta property=\"og:image\" content=\"https:\/\/swissmilitarywatches.ch\/wp-content\/uploads\/2025\/09\/SMS34113.06.png\" \/>\n\t<meta property=\"og:image:width\" content=\"1300\" \/>\n\t<meta property=\"og:image:height\" content=\"1642\" \/>\n\t<meta property=\"og:image:type\" content=\"image\/png\" \/>\n<meta name=\"twitter:card\" content=\"summary_large_image\" \/>\n<meta name=\"twitter:label1\" content=\"Prix\" \/>\n\t<meta name=\"twitter:data1\" content=\"&euro;549.00 inc. TVA\" \/>\n\t<meta name=\"twitter:label2\" content=\"Disponibilit\u00e9\" \/>\n\t<meta name=\"twitter:data2\" content=\"En stock\" \/>\n<script type=\"application\/ld+json\" class=\"yoast-schema-graph\">{\"@context\":\"https:\/\/schema.org\",\"@graph\":[{\"@type\":\"WebPage\",\"@id\":\"https:\/\/swissmilitarywatches.ch\/fr\/produit\/swiss-military-solar-chronograph-vert-pvd-caoutchouc-sms34113-06\/\",\"url\":\"https:\/\/swissmilitarywatches.ch\/fr\/produit\/swiss-military-solar-chronograph-vert-pvd-caoutchouc-sms34113-06\/\",\"name\":\"Chronographe Solaire Swiss Military \u2013 Vert, PVD, Caoutchouc | SMS34113.06\",\"isPartOf\":{\"@id\":\"https:\/\/swissmilitarywatches.ch\/fr\/#website\"},\"primaryImageOfPage\":{\"@id\":\"https:\/\/swissmilitarywatches.ch\/fr\/produit\/swiss-military-solar-chronograph-vert-pvd-caoutchouc-sms34113-06\/#primaryimage\"},\"image\":{\"@id\":\"https:\/\/swissmilitarywatches.ch\/fr\/produit\/swiss-military-solar-chronograph-vert-pvd-caoutchouc-sms34113-06\/#primaryimage\"},\"thumbnailUrl\":\"https:\/\/swissmilitarywatches.ch\/wp-content\/uploads\/2025\/09\/SMS34113.06.png\",\"datePublished\":\"2025-09-01T05:47:45+00:00\",\"dateModified\":\"2026-01-15T13:44:11+00:00\",\"description\":\"Swiss Military Solar Chronograph SMS34113.06, aliment\u00e9 par la lumi\u00e8re sans changement de pile. Cadran vert, bo\u00eetier en PVD noir, bracelet en caoutchouc, Swiss Made et garantie de 5 ans.\",\"breadcrumb\":{\"@id\":\"https:\/\/swissmilitarywatches.ch\/fr\/produit\/swiss-military-solar-chronograph-vert-pvd-caoutchouc-sms34113-06\/#breadcrumb\"},\"inLanguage\":\"fr-FR\",\"potentialAction\":[{\"@type\":\"ReadAction\",\"target\":[\"https:\/\/swissmilitarywatches.ch\/fr\/produit\/swiss-military-solar-chronograph-vert-pvd-caoutchouc-sms34113-06\/\"]}]},{\"@type\":\"ImageObject\",\"inLanguage\":\"fr-FR\",\"@id\":\"https:\/\/swissmilitarywatches.ch\/fr\/produit\/swiss-military-solar-chronograph-vert-pvd-caoutchouc-sms34113-06\/#primaryimage\",\"url\":\"https:\/\/swissmilitarywatches.ch\/wp-content\/uploads\/2025\/09\/SMS34113.06.png\",\"contentUrl\":\"https:\/\/swissmilitarywatches.ch\/wp-content\/uploads\/2025\/09\/SMS34113.06.png\",\"width\":1300,\"height\":1642,\"caption\":\"Swiss Military Solar Chronograph SMS34113.06 \u2013 aliment\u00e9 par la lumi\u00e8re, sans changement de pile. Avec cadran vert, bo\u00eetier PVD noir et bracelet en caoutchouc.\"},{\"@type\":\"BreadcrumbList\",\"@id\":\"https:\/\/swissmilitarywatches.ch\/fr\/produit\/swiss-military-solar-chronograph-vert-pvd-caoutchouc-sms34113-06\/#breadcrumb\",\"itemListElement\":[{\"@type\":\"ListItem\",\"position\":1,\"name\":\"Home\",\"item\":\"https:\/\/swissmilitarywatches.ch\/fr\/home\/\"},{\"@type\":\"ListItem\",\"position\":2,\"name\":\"Boutique\",\"item\":\"https:\/\/swissmilitarywatches.ch\/fr\/boutique\/\"},{\"@type\":\"ListItem\",\"position\":3,\"name\":\"Toutes les montres\",\"item\":\"https:\/\/swissmilitarywatches.ch\/fr\/categorie-produit-fr\/toutes-les-montres\/\"},{\"@type\":\"ListItem\",\"position\":4,\"name\":\"Montres pour hommes\",\"item\":\"https:\/\/swissmilitarywatches.ch\/fr\/categorie-produit-fr\/toutes-les-montres\/montres-pour-hommes\/\"},{\"@type\":\"ListItem\",\"position\":5,\"name\":\"Montres \u00e0 fonction sp\u00e9ciale\",\"item\":\"https:\/\/swissmilitarywatches.ch\/fr\/categorie-produit-fr\/toutes-les-montres\/montres-pour-hommes\/montres-a-fonction-speciale-fr\/\"},{\"@type\":\"ListItem\",\"position\":6,\"name\":\"Montres solaires\",\"item\":\"https:\/\/swissmilitarywatches.ch\/fr\/categorie-produit-fr\/toutes-les-montres\/montres-pour-hommes\/montres-a-fonction-speciale-fr\/montres-solaires-fr\/\"},{\"@type\":\"ListItem\",\"position\":7,\"name\":\"Chronographe Solaire Swiss Military \u2013 Vert, PVD, Caoutchouc | SMS34113.06\"}]},{\"@type\":\"WebSite\",\"@id\":\"https:\/\/swissmilitarywatches.ch\/fr\/#website\",\"url\":\"https:\/\/swissmilitarywatches.ch\/fr\/\",\"name\":\"Swiss Military by Chrono\",\"description\":\"Official Licensed Product of the Swiss Confederation\",\"publisher\":{\"@id\":\"https:\/\/swissmilitarywatches.ch\/fr\/#organization\"},\"potentialAction\":[{\"@type\":\"SearchAction\",\"target\":{\"@type\":\"EntryPoint\",\"urlTemplate\":\"https:\/\/swissmilitarywatches.ch\/fr\/?s={search_term_string}\"},\"query-input\":{\"@type\":\"PropertyValueSpecification\",\"valueRequired\":true,\"valueName\":\"search_term_string\"}}],\"inLanguage\":\"fr-FR\"},{\"@type\":\"Organization\",\"@id\":\"https:\/\/swissmilitarywatches.ch\/fr\/#organization\",\"name\":\"Swiss Military by Chrono\",\"url\":\"https:\/\/swissmilitarywatches.ch\/fr\/\",\"logo\":{\"@type\":\"ImageObject\",\"inLanguage\":\"fr-FR\",\"@id\":\"https:\/\/swissmilitarywatches.ch\/fr\/#\/schema\/logo\/image\/\",\"url\":\"https:\/\/swissmilitarywatches.ch\/wp-content\/uploads\/2020\/04\/cropped-SM_logo_512x512px.jpg\",\"contentUrl\":\"https:\/\/swissmilitarywatches.ch\/wp-content\/uploads\/2020\/04\/cropped-SM_logo_512x512px.jpg\",\"width\":512,\"height\":512,\"caption\":\"Swiss Military by Chrono\"},\"image\":{\"@id\":\"https:\/\/swissmilitarywatches.ch\/fr\/#\/schema\/logo\/image\/\"},\"sameAs\":[\"https:\/\/m.facebook.com\/swissmilitarybychronoofficial\/\",\"https:\/\/www.instagram.com\/swissmilitarybychrono\/\",\"https:\/\/www.pinterest.ch\/swissmilitarybychrono\/\"]}]}<\/script>\n<meta property=\"product:price:amount\" content=\"549.00\" \/>\n<meta property=\"product:price:currency\" content=\"EUR\" \/>\n<meta property=\"og:availability\" content=\"instock\" \/>\n<meta property=\"product:availability\" content=\"instock\" \/>\n<meta property=\"product:retailer_item_id\" content=\"SMS34113.06\" \/>\n<meta property=\"product:condition\" content=\"new\" \/>\n<!-- \/ Yoast SEO Premium plugin. -->","yoast_head_json":{"title":"Chronographe Solaire Swiss Military \u2013 Vert, PVD, Caoutchouc | SMS34113.06","description":"Swiss Military Solar Chronograph SMS34113.06, aliment\u00e9 par la lumi\u00e8re sans changement de pile. Cadran vert, bo\u00eetier en PVD noir, bracelet en caoutchouc, Swiss Made et garantie de 5 ans.","robots":{"index":"index","follow":"follow","max-snippet":"max-snippet:-1","max-image-preview":"max-image-preview:large","max-video-preview":"max-video-preview:-1"},"canonical":"https:\/\/swissmilitarywatches.ch\/fr\/produit\/swiss-military-solar-chronograph-vert-pvd-caoutchouc-sms34113-06\/","og_locale":"fr_FR","og_type":"article","og_title":"Chronographe Solaire Swiss Military \u2013 Vert, PVD, Caoutchouc | SMS34113.06","og_description":"Swiss Military Solar Chronograph SMS34113.06, aliment\u00e9 par la lumi\u00e8re sans changement de pile. Cadran vert, bo\u00eetier en PVD noir, bracelet en caoutchouc, Swiss Made et garantie de 5 ans.","og_url":"https:\/\/swissmilitarywatches.ch\/fr\/produit\/swiss-military-solar-chronograph-vert-pvd-caoutchouc-sms34113-06\/","og_site_name":"Swiss Military by Chrono","article_publisher":"https:\/\/m.facebook.com\/swissmilitarybychronoofficial\/","article_modified_time":"2026-01-15T13:44:11+00:00","og_image":[{"width":1300,"height":1642,"url":"https:\/\/swissmilitarywatches.ch\/wp-content\/uploads\/2025\/09\/SMS34113.06.png","type":"image\/png"}],"twitter_card":"summary_large_image","twitter_misc":{"Prix":"&euro;549.00 inc. TVA","Disponibilit\u00e9":"En stock"},"schema":{"@context":"https:\/\/schema.org","@graph":[{"@type":"WebPage","@id":"https:\/\/swissmilitarywatches.ch\/fr\/produit\/swiss-military-solar-chronograph-vert-pvd-caoutchouc-sms34113-06\/","url":"https:\/\/swissmilitarywatches.ch\/fr\/produit\/swiss-military-solar-chronograph-vert-pvd-caoutchouc-sms34113-06\/","name":"Chronographe Solaire Swiss Military \u2013 Vert, PVD, Caoutchouc | SMS34113.06","isPartOf":{"@id":"https:\/\/swissmilitarywatches.ch\/fr\/#website"},"primaryImageOfPage":{"@id":"https:\/\/swissmilitarywatches.ch\/fr\/produit\/swiss-military-solar-chronograph-vert-pvd-caoutchouc-sms34113-06\/#primaryimage"},"image":{"@id":"https:\/\/swissmilitarywatches.ch\/fr\/produit\/swiss-military-solar-chronograph-vert-pvd-caoutchouc-sms34113-06\/#primaryimage"},"thumbnailUrl":"https:\/\/swissmilitarywatches.ch\/wp-content\/uploads\/2025\/09\/SMS34113.06.png","datePublished":"2025-09-01T05:47:45+00:00","dateModified":"2026-01-15T13:44:11+00:00","description":"Swiss Military Solar Chronograph SMS34113.06, aliment\u00e9 par la lumi\u00e8re sans changement de pile. Cadran vert, bo\u00eetier en PVD noir, bracelet en caoutchouc, Swiss Made et garantie de 5 ans.","breadcrumb":{"@id":"https:\/\/swissmilitarywatches.ch\/fr\/produit\/swiss-military-solar-chronograph-vert-pvd-caoutchouc-sms34113-06\/#breadcrumb"},"inLanguage":"fr-FR","potentialAction":[{"@type":"ReadAction","target":["https:\/\/swissmilitarywatches.ch\/fr\/produit\/swiss-military-solar-chronograph-vert-pvd-caoutchouc-sms34113-06\/"]}]},{"@type":"ImageObject","inLanguage":"fr-FR","@id":"https:\/\/swissmilitarywatches.ch\/fr\/produit\/swiss-military-solar-chronograph-vert-pvd-caoutchouc-sms34113-06\/#primaryimage","url":"https:\/\/swissmilitarywatches.ch\/wp-content\/uploads\/2025\/09\/SMS34113.06.png","contentUrl":"https:\/\/swissmilitarywatches.ch\/wp-content\/uploads\/2025\/09\/SMS34113.06.png","width":1300,"height":1642,"caption":"Swiss Military Solar Chronograph SMS34113.06 \u2013 aliment\u00e9 par la lumi\u00e8re, sans changement de pile. Avec cadran vert, bo\u00eetier PVD noir et bracelet en caoutchouc."},{"@type":"BreadcrumbList","@id":"https:\/\/swissmilitarywatches.ch\/fr\/produit\/swiss-military-solar-chronograph-vert-pvd-caoutchouc-sms34113-06\/#breadcrumb","itemListElement":[{"@type":"ListItem","position":1,"name":"Home","item":"https:\/\/swissmilitarywatches.ch\/fr\/home\/"},{"@type":"ListItem","position":2,"name":"Boutique","item":"https:\/\/swissmilitarywatches.ch\/fr\/boutique\/"},{"@type":"ListItem","position":3,"name":"Toutes les montres","item":"https:\/\/swissmilitarywatches.ch\/fr\/categorie-produit-fr\/toutes-les-montres\/"},{"@type":"ListItem","position":4,"name":"Montres pour hommes","item":"https:\/\/swissmilitarywatches.ch\/fr\/categorie-produit-fr\/toutes-les-montres\/montres-pour-hommes\/"},{"@type":"ListItem","position":5,"name":"Montres \u00e0 fonction sp\u00e9ciale","item":"https:\/\/swissmilitarywatches.ch\/fr\/categorie-produit-fr\/toutes-les-montres\/montres-pour-hommes\/montres-a-fonction-speciale-fr\/"},{"@type":"ListItem","position":6,"name":"Montres solaires","item":"https:\/\/swissmilitarywatches.ch\/fr\/categorie-produit-fr\/toutes-les-montres\/montres-pour-hommes\/montres-a-fonction-speciale-fr\/montres-solaires-fr\/"},{"@type":"ListItem","position":7,"name":"Chronographe Solaire Swiss Military \u2013 Vert, PVD, Caoutchouc | SMS34113.06"}]},{"@type":"WebSite","@id":"https:\/\/swissmilitarywatches.ch\/fr\/#website","url":"https:\/\/swissmilitarywatches.ch\/fr\/","name":"Swiss Military by Chrono","description":"Official Licensed Product of the Swiss Confederation","publisher":{"@id":"https:\/\/swissmilitarywatches.ch\/fr\/#organization"},"potentialAction":[{"@type":"SearchAction","target":{"@type":"EntryPoint","urlTemplate":"https:\/\/swissmilitarywatches.ch\/fr\/?s={search_term_string}"},"query-input":{"@type":"PropertyValueSpecification","valueRequired":true,"valueName":"search_term_string"}}],"inLanguage":"fr-FR"},{"@type":"Organization","@id":"https:\/\/swissmilitarywatches.ch\/fr\/#organization","name":"Swiss Military by Chrono","url":"https:\/\/swissmilitarywatches.ch\/fr\/","logo":{"@type":"ImageObject","inLanguage":"fr-FR","@id":"https:\/\/swissmilitarywatches.ch\/fr\/#\/schema\/logo\/image\/","url":"https:\/\/swissmilitarywatches.ch\/wp-content\/uploads\/2020\/04\/cropped-SM_logo_512x512px.jpg","contentUrl":"https:\/\/swissmilitarywatches.ch\/wp-content\/uploads\/2020\/04\/cropped-SM_logo_512x512px.jpg","width":512,"height":512,"caption":"Swiss Military by Chrono"},"image":{"@id":"https:\/\/swissmilitarywatches.ch\/fr\/#\/schema\/logo\/image\/"},"sameAs":["https:\/\/m.facebook.com\/swissmilitarybychronoofficial\/","https:\/\/www.instagram.com\/swissmilitarybychrono\/","https:\/\/www.pinterest.ch\/swissmilitarybychrono\/"]}]},"product_price_amount":"549.00","product_price_currency":"EUR","og_availability":"instock","product_availability":"instock","product_retailer_item_id":"SMS34113.06","product_condition":"new"},"jetpack_sharing_enabled":true,"_links":{"self":[{"href":"https:\/\/swissmilitarywatches.ch\/fr\/wp-json\/wp\/v2\/product\/22407","targetHints":{"allow":["GET"]}}],"collection":[{"href":"https:\/\/swissmilitarywatches.ch\/fr\/wp-json\/wp\/v2\/product"}],"about":[{"href":"https:\/\/swissmilitarywatches.ch\/fr\/wp-json\/wp\/v2\/types\/product"}],"replies":[{"embeddable":true,"href":"https:\/\/swissmilitarywatches.ch\/fr\/wp-json\/wp\/v2\/comments?post=22407"}],"wp:featuredmedia":[{"embeddable":true,"href":"https:\/\/swissmilitarywatches.ch\/fr\/wp-json\/wp\/v2\/media\/22283"}],"wp:attachment":[{"href":"https:\/\/swissmilitarywatches.ch\/fr\/wp-json\/wp\/v2\/media?parent=22407"}],"wp:term":[{"taxonomy":"product_brand","embeddable":true,"href":"https:\/\/swissmilitarywatches.ch\/fr\/wp-json\/wp\/v2\/product_brand?post=22407"},{"taxonomy":"product_cat","embeddable":true,"href":"https:\/\/swissmilitarywatches.ch\/fr\/wp-json\/wp\/v2\/product_cat?post=22407"},{"taxonomy":"product_tag","embeddable":true,"href":"https:\/\/swissmilitarywatches.ch\/fr\/wp-json\/wp\/v2\/product_tag?post=22407"}],"curies":[{"name":"wp","href":"https:\/\/api.w.org\/{rel}","templated":true}]}}