{"id":22051,"date":"2025-06-10T08:57:01","date_gmt":"2025-06-10T06:57:01","guid":{"rendered":"https:\/\/swissmilitarywatches.ch\/shop\/montre-automatique-suisse-classique-champagne-bicolore-swiss-military-sma34110-07\/"},"modified":"2025-12-25T15:32:22","modified_gmt":"2025-12-25T13:32:22","slug":"montre-automatique-suisse-classique-champagne-bicolore-swiss-military-sma34110-07","status":"publish","type":"product","link":"https:\/\/swissmilitarywatches.ch\/fr\/produit\/montre-automatique-suisse-classique-champagne-bicolore-swiss-military-sma34110-07\/","title":{"rendered":"Montre automatique suisse classique \u2013 Champagne, bicolore | Swiss Military SMA34110.07"},"content":{"rendered":"<h1 data-start=\"153\" data-end=\"231\"><strong data-start=\"153\" data-end=\"231\">Montre automatique suisse classique : \u00e9l\u00e9gance intemporelle en champagne et bicolore.<\/strong><\/h1>\n<p data-start=\"233\" data-end=\"562\">La Swiss Military SMA34110.07 est une <strong data-start=\"269\" data-end=\"302\">montre automatique suisse classique<\/strong> qui offre \u00e0 la fois style et pr\u00e9cision. Avec son cadran champagne \u00e0 effet soleil et ses index lumineux brillants, cette montre refl\u00e8te clairement la qualit\u00e9 et le savoir-faire suisses. De plus, le bracelet bicolore en acier inoxydable et ton or apporte une touche d\u2019\u00e9l\u00e9gance et de luxe.<\/p>\n<p data-start=\"564\" data-end=\"931\">Cette montre est con\u00e7ue aussi bien pour un usage quotidien que pour des occasions sp\u00e9ciales. Elle est dot\u00e9e d\u2019une lunette cannel\u00e9e et d\u2019une fen\u00eatre de date agrandie \u00e0 3 heures, ce qui rend la lecture de la date simple et pratique. De plus, le verre saphir r\u00e9sistant aux rayures prot\u00e8ge le cadran, et la montre est \u00e9tanche jusqu\u2019\u00e0 100 m\u00e8tres, ce qui vous permet de la porter en toute confiance dans de nombreuses situations.<\/p>\n<p data-start=\"933\" data-end=\"1233\">Anim\u00e9e par un mouvement automatique suisse et soigneusement assembl\u00e9e \u00e0 la main dans notre atelier suisse, la SMA34110.07 garantit une pr\u00e9cision horaire et une fiabilit\u00e9 durable. Que vous la portiez avec un costume ou une tenue d\u00e9contract\u00e9e, cette <strong data-start=\"1152\" data-end=\"1185\">montre automatique suisse classique<\/strong> est un parfait m\u00e9lange de tradition et de style moderne.<\/p>\n<h3 data-start=\"1235\" data-end=\"1291\"><strong data-start=\"1235\" data-end=\"1289\">Caract\u00e9ristiques Cl\u00e9s :<\/strong><\/h3>\n<ul data-start=\"1292\" data-end=\"1591\">\n<li data-start=\"1292\" data-end=\"1339\">\n<p data-start=\"1294\" data-end=\"1339\">Cadran champagne \u00e0 effet soleil avec index lumineux.<\/p>\n<\/li>\n<li data-start=\"1340\" data-end=\"1375\">\n<p data-start=\"1342\" data-end=\"1375\">Lunette cannel\u00e9e et loupe de date<\/p>\n<\/li>\n<li data-start=\"1376\" data-end=\"1427\">\n<p data-start=\"1378\" data-end=\"1427\">Bracelet bicolore en acier inoxydable et ton or<\/p>\n<\/li>\n<li data-start=\"1428\" data-end=\"1466\">\n<p data-start=\"1430\" data-end=\"1466\">Verre saphir r\u00e9sistant aux rayures.<\/p>\n<\/li>\n<li data-start=\"1467\" data-end=\"1495\">\n<p data-start=\"1469\" data-end=\"1495\">Mouvement automatique suisse<\/p>\n<\/li>\n<li data-start=\"1496\" data-end=\"1523\">\n<p data-start=\"1498\" data-end=\"1523\">\u00c9tanche jusqu\u2019\u00e0 100 m.<\/p>\n<\/li>\n<li data-start=\"1524\" data-end=\"1557\">\n<p data-start=\"1526\" data-end=\"1557\">Assembl\u00e9e \u00e0 la main en Suisse<\/p>\n<\/li>\n<li data-start=\"1558\" data-end=\"1591\">\n<p data-start=\"1560\" data-end=\"1591\">Garantie internationale de 5 ans<\/p>\n<\/li>\n<\/ul>\n","protected":false},"excerpt":{"rendered":"<p class=\"ai-optimize-28\">Cette montre automatique suisse classique pr\u00e9sente un cadran champagne \u00e0 effet soleil avec des index lumineux et une lunette cannel\u00e9e. Le bracelet \u00e9l\u00e9gant bicolore en acier inoxydable et ton or apporte une touche de luxe, ce qui en fait un choix parfait pour toutes les occasions.<\/p>\n","protected":false},"featured_media":21923,"comment_status":"open","ping_status":"closed","template":"","meta":[],"product_brand":[],"product_cat":[3034,2295,2293,2306],"product_tag":[],"class_list":{"0":"post-22051","1":"product","2":"type-product","3":"status-publish","4":"has-post-thumbnail","6":"product_cat-sma34110-fr","7":"product_cat-toutes-les-montres","8":"product_cat-montres-pour-hommes","9":"product_cat-montres-mecaniques-fr","10":"product_shipping_class-livraison-flexible","12":"first","13":"instock","14":"taxable","15":"shipping-taxable","16":"purchasable","17":"product-type-simple"},"yoast_head":"<!-- This site is optimized with the Yoast SEO Premium plugin v26.6 (Yoast SEO v26.6) - https:\/\/yoast.com\/wordpress\/plugins\/seo\/ -->\n<title>Montre automatique suisse classique \u2013 Champagne, bicolore | Swiss Military SMA34110.07<\/title>\n<meta name=\"description\" content=\"Montre automatique suisse classique avec cadran champagne \u00e0 effet soleil et bracelet \u00e9l\u00e9gant bicolore en acier et ton or. Verre saphir durable, \u00e9tanch\u00e9it\u00e9 100 m.\" \/>\n<meta name=\"robots\" content=\"index, follow, max-snippet:-1, max-image-preview:large, max-video-preview:-1\" \/>\n<link rel=\"canonical\" href=\"https:\/\/swissmilitarywatches.ch\/fr\/produit\/montre-automatique-suisse-classique-champagne-bicolore-swiss-military-sma34110-07\/\" \/>\n<meta property=\"og:locale\" content=\"fr_FR\" \/>\n<meta property=\"og:type\" content=\"article\" \/>\n<meta property=\"og:title\" content=\"Montre automatique suisse classique \u2013 Champagne, bicolore | Swiss Military SMA34110.07\" \/>\n<meta property=\"og:description\" content=\"Montre automatique suisse classique avec cadran champagne \u00e0 effet soleil et bracelet \u00e9l\u00e9gant bicolore en acier et ton or. Verre saphir durable, \u00e9tanch\u00e9it\u00e9 100 m.\" \/>\n<meta property=\"og:url\" content=\"https:\/\/swissmilitarywatches.ch\/fr\/produit\/montre-automatique-suisse-classique-champagne-bicolore-swiss-military-sma34110-07\/\" \/>\n<meta property=\"og:site_name\" content=\"Swiss Military by Chrono\" \/>\n<meta property=\"article:publisher\" content=\"https:\/\/m.facebook.com\/swissmilitarybychronoofficial\/\" \/>\n<meta property=\"article:modified_time\" content=\"2025-12-25T13:32:22+00:00\" \/>\n<meta property=\"og:image\" content=\"https:\/\/swissmilitarywatches.ch\/wp-content\/uploads\/2025\/06\/SMA34110.07.png\" \/>\n\t<meta property=\"og:image:width\" content=\"1300\" \/>\n\t<meta property=\"og:image:height\" content=\"1642\" \/>\n\t<meta property=\"og:image:type\" content=\"image\/png\" \/>\n<meta name=\"twitter:card\" content=\"summary_large_image\" \/>\n<meta name=\"twitter:label1\" content=\"Prix\" \/>\n\t<meta name=\"twitter:data1\" content=\"&euro;579.00 inc. TVA\" \/>\n\t<meta name=\"twitter:label2\" content=\"Disponibilit\u00e9\" \/>\n\t<meta name=\"twitter:data2\" content=\"En stock\" \/>\n<script type=\"application\/ld+json\" class=\"yoast-schema-graph\">{\"@context\":\"https:\/\/schema.org\",\"@graph\":[{\"@type\":\"WebPage\",\"@id\":\"https:\/\/swissmilitarywatches.ch\/fr\/produit\/montre-automatique-suisse-classique-champagne-bicolore-swiss-military-sma34110-07\/\",\"url\":\"https:\/\/swissmilitarywatches.ch\/fr\/produit\/montre-automatique-suisse-classique-champagne-bicolore-swiss-military-sma34110-07\/\",\"name\":\"Montre automatique suisse classique \u2013 Champagne, bicolore | Swiss Military SMA34110.07\",\"isPartOf\":{\"@id\":\"https:\/\/swissmilitarywatches.ch\/fr\/#website\"},\"primaryImageOfPage\":{\"@id\":\"https:\/\/swissmilitarywatches.ch\/fr\/produit\/montre-automatique-suisse-classique-champagne-bicolore-swiss-military-sma34110-07\/#primaryimage\"},\"image\":{\"@id\":\"https:\/\/swissmilitarywatches.ch\/fr\/produit\/montre-automatique-suisse-classique-champagne-bicolore-swiss-military-sma34110-07\/#primaryimage\"},\"thumbnailUrl\":\"https:\/\/swissmilitarywatches.ch\/wp-content\/uploads\/2025\/06\/SMA34110.07.png\",\"datePublished\":\"2025-06-10T06:57:01+00:00\",\"dateModified\":\"2025-12-25T13:32:22+00:00\",\"description\":\"Montre automatique suisse classique avec cadran champagne \u00e0 effet soleil et bracelet \u00e9l\u00e9gant bicolore en acier et ton or. Verre saphir durable, \u00e9tanch\u00e9it\u00e9 100 m.\",\"breadcrumb\":{\"@id\":\"https:\/\/swissmilitarywatches.ch\/fr\/produit\/montre-automatique-suisse-classique-champagne-bicolore-swiss-military-sma34110-07\/#breadcrumb\"},\"inLanguage\":\"fr-FR\",\"potentialAction\":[{\"@type\":\"ReadAction\",\"target\":[\"https:\/\/swissmilitarywatches.ch\/fr\/produit\/montre-automatique-suisse-classique-champagne-bicolore-swiss-military-sma34110-07\/\"]}]},{\"@type\":\"ImageObject\",\"inLanguage\":\"fr-FR\",\"@id\":\"https:\/\/swissmilitarywatches.ch\/fr\/produit\/montre-automatique-suisse-classique-champagne-bicolore-swiss-military-sma34110-07\/#primaryimage\",\"url\":\"https:\/\/swissmilitarywatches.ch\/wp-content\/uploads\/2025\/06\/SMA34110.07.png\",\"contentUrl\":\"https:\/\/swissmilitarywatches.ch\/wp-content\/uploads\/2025\/06\/SMA34110.07.png\",\"width\":1300,\"height\":1642,\"caption\":\"Elegant Swiss Military SMA34110.07 automatic watch featuring a champagne sunray dial, fluted bezel, and bi-color stainless steel and gold-tone bracelet.\"},{\"@type\":\"BreadcrumbList\",\"@id\":\"https:\/\/swissmilitarywatches.ch\/fr\/produit\/montre-automatique-suisse-classique-champagne-bicolore-swiss-military-sma34110-07\/#breadcrumb\",\"itemListElement\":[{\"@type\":\"ListItem\",\"position\":1,\"name\":\"Home\",\"item\":\"https:\/\/swissmilitarywatches.ch\/fr\/home\/\"},{\"@type\":\"ListItem\",\"position\":2,\"name\":\"Boutique\",\"item\":\"https:\/\/swissmilitarywatches.ch\/fr\/boutique\/\"},{\"@type\":\"ListItem\",\"position\":3,\"name\":\"Toutes les montres\",\"item\":\"https:\/\/swissmilitarywatches.ch\/fr\/categorie-produit-fr\/toutes-les-montres\/\"},{\"@type\":\"ListItem\",\"position\":4,\"name\":\"Montres pour hommes\",\"item\":\"https:\/\/swissmilitarywatches.ch\/fr\/categorie-produit-fr\/toutes-les-montres\/montres-pour-hommes\/\"},{\"@type\":\"ListItem\",\"position\":5,\"name\":\"Montres m\u00e9caniques\",\"item\":\"https:\/\/swissmilitarywatches.ch\/fr\/categorie-produit-fr\/toutes-les-montres\/montres-pour-hommes\/montres-mecaniques-fr\/\"},{\"@type\":\"ListItem\",\"position\":6,\"name\":\"Montre automatique suisse classique \u2013 Champagne, bicolore | Swiss Military SMA34110.07\"}]},{\"@type\":\"WebSite\",\"@id\":\"https:\/\/swissmilitarywatches.ch\/fr\/#website\",\"url\":\"https:\/\/swissmilitarywatches.ch\/fr\/\",\"name\":\"Swiss Military by Chrono\",\"description\":\"Official Licensed Product of the Swiss Confederation\",\"publisher\":{\"@id\":\"https:\/\/swissmilitarywatches.ch\/fr\/#organization\"},\"potentialAction\":[{\"@type\":\"SearchAction\",\"target\":{\"@type\":\"EntryPoint\",\"urlTemplate\":\"https:\/\/swissmilitarywatches.ch\/fr\/?s={search_term_string}\"},\"query-input\":{\"@type\":\"PropertyValueSpecification\",\"valueRequired\":true,\"valueName\":\"search_term_string\"}}],\"inLanguage\":\"fr-FR\"},{\"@type\":\"Organization\",\"@id\":\"https:\/\/swissmilitarywatches.ch\/fr\/#organization\",\"name\":\"Swiss Military by Chrono\",\"url\":\"https:\/\/swissmilitarywatches.ch\/fr\/\",\"logo\":{\"@type\":\"ImageObject\",\"inLanguage\":\"fr-FR\",\"@id\":\"https:\/\/swissmilitarywatches.ch\/fr\/#\/schema\/logo\/image\/\",\"url\":\"https:\/\/swissmilitarywatches.ch\/wp-content\/uploads\/2020\/04\/cropped-SM_logo_512x512px.jpg\",\"contentUrl\":\"https:\/\/swissmilitarywatches.ch\/wp-content\/uploads\/2020\/04\/cropped-SM_logo_512x512px.jpg\",\"width\":512,\"height\":512,\"caption\":\"Swiss Military by Chrono\"},\"image\":{\"@id\":\"https:\/\/swissmilitarywatches.ch\/fr\/#\/schema\/logo\/image\/\"},\"sameAs\":[\"https:\/\/m.facebook.com\/swissmilitarybychronoofficial\/\",\"https:\/\/www.instagram.com\/swissmilitarybychrono\/\",\"https:\/\/www.pinterest.ch\/swissmilitarybychrono\/\"]}]}<\/script>\n<meta property=\"product:brand\" content=\"Swiss Military by Chrono\" \/>\n<meta property=\"product:price:amount\" content=\"579.00\" \/>\n<meta property=\"product:price:currency\" content=\"EUR\" \/>\n<meta property=\"og:availability\" content=\"instock\" \/>\n<meta property=\"product:availability\" content=\"instock\" \/>\n<meta property=\"product:retailer_item_id\" content=\"SMA34110.07\" \/>\n<meta property=\"product:condition\" content=\"new\" \/>\n<!-- \/ Yoast SEO Premium plugin. -->","yoast_head_json":{"title":"Montre automatique suisse classique \u2013 Champagne, bicolore | Swiss Military SMA34110.07","description":"Montre automatique suisse classique avec cadran champagne \u00e0 effet soleil et bracelet \u00e9l\u00e9gant bicolore en acier et ton or. Verre saphir durable, \u00e9tanch\u00e9it\u00e9 100 m.","robots":{"index":"index","follow":"follow","max-snippet":"max-snippet:-1","max-image-preview":"max-image-preview:large","max-video-preview":"max-video-preview:-1"},"canonical":"https:\/\/swissmilitarywatches.ch\/fr\/produit\/montre-automatique-suisse-classique-champagne-bicolore-swiss-military-sma34110-07\/","og_locale":"fr_FR","og_type":"article","og_title":"Montre automatique suisse classique \u2013 Champagne, bicolore | Swiss Military SMA34110.07","og_description":"Montre automatique suisse classique avec cadran champagne \u00e0 effet soleil et bracelet \u00e9l\u00e9gant bicolore en acier et ton or. Verre saphir durable, \u00e9tanch\u00e9it\u00e9 100 m.","og_url":"https:\/\/swissmilitarywatches.ch\/fr\/produit\/montre-automatique-suisse-classique-champagne-bicolore-swiss-military-sma34110-07\/","og_site_name":"Swiss Military by Chrono","article_publisher":"https:\/\/m.facebook.com\/swissmilitarybychronoofficial\/","article_modified_time":"2025-12-25T13:32:22+00:00","og_image":[{"width":1300,"height":1642,"url":"https:\/\/swissmilitarywatches.ch\/wp-content\/uploads\/2025\/06\/SMA34110.07.png","type":"image\/png"}],"twitter_card":"summary_large_image","twitter_misc":{"Prix":"&euro;579.00 inc. TVA","Disponibilit\u00e9":"En stock"},"schema":{"@context":"https:\/\/schema.org","@graph":[{"@type":"WebPage","@id":"https:\/\/swissmilitarywatches.ch\/fr\/produit\/montre-automatique-suisse-classique-champagne-bicolore-swiss-military-sma34110-07\/","url":"https:\/\/swissmilitarywatches.ch\/fr\/produit\/montre-automatique-suisse-classique-champagne-bicolore-swiss-military-sma34110-07\/","name":"Montre automatique suisse classique \u2013 Champagne, bicolore | Swiss Military SMA34110.07","isPartOf":{"@id":"https:\/\/swissmilitarywatches.ch\/fr\/#website"},"primaryImageOfPage":{"@id":"https:\/\/swissmilitarywatches.ch\/fr\/produit\/montre-automatique-suisse-classique-champagne-bicolore-swiss-military-sma34110-07\/#primaryimage"},"image":{"@id":"https:\/\/swissmilitarywatches.ch\/fr\/produit\/montre-automatique-suisse-classique-champagne-bicolore-swiss-military-sma34110-07\/#primaryimage"},"thumbnailUrl":"https:\/\/swissmilitarywatches.ch\/wp-content\/uploads\/2025\/06\/SMA34110.07.png","datePublished":"2025-06-10T06:57:01+00:00","dateModified":"2025-12-25T13:32:22+00:00","description":"Montre automatique suisse classique avec cadran champagne \u00e0 effet soleil et bracelet \u00e9l\u00e9gant bicolore en acier et ton or. Verre saphir durable, \u00e9tanch\u00e9it\u00e9 100 m.","breadcrumb":{"@id":"https:\/\/swissmilitarywatches.ch\/fr\/produit\/montre-automatique-suisse-classique-champagne-bicolore-swiss-military-sma34110-07\/#breadcrumb"},"inLanguage":"fr-FR","potentialAction":[{"@type":"ReadAction","target":["https:\/\/swissmilitarywatches.ch\/fr\/produit\/montre-automatique-suisse-classique-champagne-bicolore-swiss-military-sma34110-07\/"]}]},{"@type":"ImageObject","inLanguage":"fr-FR","@id":"https:\/\/swissmilitarywatches.ch\/fr\/produit\/montre-automatique-suisse-classique-champagne-bicolore-swiss-military-sma34110-07\/#primaryimage","url":"https:\/\/swissmilitarywatches.ch\/wp-content\/uploads\/2025\/06\/SMA34110.07.png","contentUrl":"https:\/\/swissmilitarywatches.ch\/wp-content\/uploads\/2025\/06\/SMA34110.07.png","width":1300,"height":1642,"caption":"Elegant Swiss Military SMA34110.07 automatic watch featuring a champagne sunray dial, fluted bezel, and bi-color stainless steel and gold-tone bracelet."},{"@type":"BreadcrumbList","@id":"https:\/\/swissmilitarywatches.ch\/fr\/produit\/montre-automatique-suisse-classique-champagne-bicolore-swiss-military-sma34110-07\/#breadcrumb","itemListElement":[{"@type":"ListItem","position":1,"name":"Home","item":"https:\/\/swissmilitarywatches.ch\/fr\/home\/"},{"@type":"ListItem","position":2,"name":"Boutique","item":"https:\/\/swissmilitarywatches.ch\/fr\/boutique\/"},{"@type":"ListItem","position":3,"name":"Toutes les montres","item":"https:\/\/swissmilitarywatches.ch\/fr\/categorie-produit-fr\/toutes-les-montres\/"},{"@type":"ListItem","position":4,"name":"Montres pour hommes","item":"https:\/\/swissmilitarywatches.ch\/fr\/categorie-produit-fr\/toutes-les-montres\/montres-pour-hommes\/"},{"@type":"ListItem","position":5,"name":"Montres m\u00e9caniques","item":"https:\/\/swissmilitarywatches.ch\/fr\/categorie-produit-fr\/toutes-les-montres\/montres-pour-hommes\/montres-mecaniques-fr\/"},{"@type":"ListItem","position":6,"name":"Montre automatique suisse classique \u2013 Champagne, bicolore | Swiss Military SMA34110.07"}]},{"@type":"WebSite","@id":"https:\/\/swissmilitarywatches.ch\/fr\/#website","url":"https:\/\/swissmilitarywatches.ch\/fr\/","name":"Swiss Military by Chrono","description":"Official Licensed Product of the Swiss Confederation","publisher":{"@id":"https:\/\/swissmilitarywatches.ch\/fr\/#organization"},"potentialAction":[{"@type":"SearchAction","target":{"@type":"EntryPoint","urlTemplate":"https:\/\/swissmilitarywatches.ch\/fr\/?s={search_term_string}"},"query-input":{"@type":"PropertyValueSpecification","valueRequired":true,"valueName":"search_term_string"}}],"inLanguage":"fr-FR"},{"@type":"Organization","@id":"https:\/\/swissmilitarywatches.ch\/fr\/#organization","name":"Swiss Military by Chrono","url":"https:\/\/swissmilitarywatches.ch\/fr\/","logo":{"@type":"ImageObject","inLanguage":"fr-FR","@id":"https:\/\/swissmilitarywatches.ch\/fr\/#\/schema\/logo\/image\/","url":"https:\/\/swissmilitarywatches.ch\/wp-content\/uploads\/2020\/04\/cropped-SM_logo_512x512px.jpg","contentUrl":"https:\/\/swissmilitarywatches.ch\/wp-content\/uploads\/2020\/04\/cropped-SM_logo_512x512px.jpg","width":512,"height":512,"caption":"Swiss Military by Chrono"},"image":{"@id":"https:\/\/swissmilitarywatches.ch\/fr\/#\/schema\/logo\/image\/"},"sameAs":["https:\/\/m.facebook.com\/swissmilitarybychronoofficial\/","https:\/\/www.instagram.com\/swissmilitarybychrono\/","https:\/\/www.pinterest.ch\/swissmilitarybychrono\/"]}]},"product_brand":"Swiss Military by Chrono","product_price_amount":"579.00","product_price_currency":"EUR","og_availability":"instock","product_availability":"instock","product_retailer_item_id":"SMA34110.07","product_condition":"new"},"jetpack_sharing_enabled":true,"_links":{"self":[{"href":"https:\/\/swissmilitarywatches.ch\/fr\/wp-json\/wp\/v2\/product\/22051","targetHints":{"allow":["GET"]}}],"collection":[{"href":"https:\/\/swissmilitarywatches.ch\/fr\/wp-json\/wp\/v2\/product"}],"about":[{"href":"https:\/\/swissmilitarywatches.ch\/fr\/wp-json\/wp\/v2\/types\/product"}],"replies":[{"embeddable":true,"href":"https:\/\/swissmilitarywatches.ch\/fr\/wp-json\/wp\/v2\/comments?post=22051"}],"wp:featuredmedia":[{"embeddable":true,"href":"https:\/\/swissmilitarywatches.ch\/fr\/wp-json\/wp\/v2\/media\/21923"}],"wp:attachment":[{"href":"https:\/\/swissmilitarywatches.ch\/fr\/wp-json\/wp\/v2\/media?parent=22051"}],"wp:term":[{"taxonomy":"product_brand","embeddable":true,"href":"https:\/\/swissmilitarywatches.ch\/fr\/wp-json\/wp\/v2\/product_brand?post=22051"},{"taxonomy":"product_cat","embeddable":true,"href":"https:\/\/swissmilitarywatches.ch\/fr\/wp-json\/wp\/v2\/product_cat?post=22051"},{"taxonomy":"product_tag","embeddable":true,"href":"https:\/\/swissmilitarywatches.ch\/fr\/wp-json\/wp\/v2\/product_tag?post=22051"}],"curies":[{"name":"wp","href":"https:\/\/api.w.org\/{rel}","templated":true}]}}