{"id":22048,"date":"2025-06-10T08:57:01","date_gmt":"2025-06-10T06:57:01","guid":{"rendered":"https:\/\/swissmilitarywatches.ch\/shop\/montre-automatique-suisse-classique-vert-acier-swiss-military-sma34110-04\/"},"modified":"2025-11-24T00:01:45","modified_gmt":"2025-11-23T22:01:45","slug":"montre-automatique-suisse-classique-vert-acier-swiss-military-sma34110-04","status":"publish","type":"product","link":"https:\/\/swissmilitarywatches.ch\/fr\/produit\/montre-automatique-suisse-classique-vert-acier-swiss-military-sma34110-04\/","title":{"rendered":"Montre automatique suisse classique \u2013 Vert, acier | Swiss Military SMA34110.04"},"content":{"rendered":"<h1 data-start=\"705\" data-end=\"761\"><strong data-start=\"705\" data-end=\"761\">Montre automatique suisse classique avec un cadran vert audacieux<\/strong><\/h1>\n<p data-start=\"763\" data-end=\"994\">La Swiss Military SMA34110.04 est une montre automatique suisse classique qui se distingue par un cadran vert raffin\u00e9 \u00e0 effet soleil. Associ\u00e9e \u00e0 une lunette cannel\u00e9e et \u00e0 des index luminescents, elle offre un m\u00e9lange parfait de design intemporel et d\u2019\u00e9l\u00e9gance contemporaine.<\/p>\n<p data-start=\"996\" data-end=\"1230\">Une fen\u00eatre de date agrandie \u00e0 3 heures ajoute une touche pratique, tandis que le bo\u00eetier et le bracelet en acier inoxydable poli garantissent durabilit\u00e9 et \u00e9l\u00e9gance. Cette montre m\u00e9canique suisse est aussi bien adapt\u00e9e aux occasions formelles qu\u2019\u00e0 un usage quotidien.<\/p>\n<p data-start=\"1232\" data-end=\"1490\">\u00c0 l\u2019int\u00e9rieur, un mouvement automatique suisse pr\u00e9cis assure une mesure du temps parfaite. Prot\u00e9g\u00e9e par un verre saphir et r\u00e9sistante \u00e0 l\u2019eau jusqu\u2019\u00e0 100 m\u00e8tres, elle est con\u00e7ue pour les conditions de la vie quotidienne. Chaque montre est assembl\u00e9e \u00e0 la main dans notre atelier suisse afin de garantir une qualit\u00e9 parfaite dans les moindres d\u00e9tails.<\/p>\n<p data-start=\"1492\" data-end=\"1626\">Que vous soyez en tenue habill\u00e9e ou d\u00e9contract\u00e9e, ce garde-temps suisse offre un style classique et affirm\u00e9 \u2013 anim\u00e9 par la tradition.<\/p>\n<h3 data-start=\"1633\" data-end=\"1656\"><strong data-start=\"1640\" data-end=\"1656\">Caract\u00e9ristiques cl\u00e9s de ce garde-temps automatique fabriqu\u00e9 en Suisse :<\/strong><\/h3>\n<ul data-start=\"1657\" data-end=\"1965\">\n<li data-start=\"1657\" data-end=\"1700\">\n<p data-start=\"1659\" data-end=\"1700\">Cadran vert effet soleil avec index luminescents<\/p>\n<\/li>\n<li data-start=\"1701\" data-end=\"1747\">\n<p data-start=\"1703\" data-end=\"1747\">Lunette cannel\u00e9e et affichage de la date avec loupe<\/p>\n<\/li>\n<li data-start=\"1748\" data-end=\"1791\">\n<p data-start=\"1750\" data-end=\"1791\">Bo\u00eetier et bracelet en acier inoxydable (41 mm)<\/p>\n<\/li>\n<li data-start=\"1792\" data-end=\"1820\">\n<p data-start=\"1794\" data-end=\"1820\">Mouvement automatique suisse<\/p>\n<\/li>\n<li data-start=\"1821\" data-end=\"1847\">\n<p data-start=\"1823\" data-end=\"1847\">Verre saphir<\/p>\n<\/li>\n<li data-start=\"1848\" data-end=\"1874\">\n<p data-start=\"1850\" data-end=\"1874\">Aiguille des secondes \u00e0 pointe rouge<\/p>\n<\/li>\n<li data-start=\"1875\" data-end=\"1901\">\n<p data-start=\"1877\" data-end=\"1901\">R\u00e9sistance \u00e0 l\u2019eau jusqu\u2019\u00e0 100\u202fm\u00e8tres<\/p>\n<\/li>\n<li data-start=\"1902\" data-end=\"1933\">\n<p data-start=\"1904\" data-end=\"1933\">Fabriqu\u00e9e en Suisse et assembl\u00e9e \u00e0 la main<\/p>\n<\/li>\n<li data-start=\"1934\" data-end=\"1965\">\n<p data-start=\"1936\" data-end=\"1965\">Garantie internationale de 5 ans<\/p>\n<\/li>\n<\/ul>\n","protected":false},"excerpt":{"rendered":"<p>Une montre automatique suisse classique avec un cadran vert \u00e0 effet soleil, une lunette cannel\u00e9e, une loupe de date et des index luminescents. Fabriqu\u00e9e en Suisse et r\u00e9sistante \u00e0 l&rsquo;eau jusqu&rsquo;\u00e0 100\u202fm.<\/p>\n","protected":false},"featured_media":21908,"comment_status":"open","ping_status":"closed","template":"","meta":[],"product_brand":[],"product_cat":[3034,2295,2293,2306],"product_tag":[],"class_list":{"0":"post-22048","1":"product","2":"type-product","3":"status-publish","4":"has-post-thumbnail","6":"product_cat-sma34110-fr","7":"product_cat-toutes-les-montres","8":"product_cat-montres-pour-hommes","9":"product_cat-montres-mecaniques-fr","10":"product_shipping_class-livraison-flexible","12":"first","13":"instock","14":"taxable","15":"shipping-taxable","16":"purchasable","17":"product-type-simple"},"yoast_head":"<!-- This site is optimized with the Yoast SEO Premium plugin v26.6 (Yoast SEO v26.6) - https:\/\/yoast.com\/wordpress\/plugins\/seo\/ -->\n<title>Montre automatique suisse classique \u2013 Vert, acier | Swiss Military SMA34110.04<\/title>\n<meta name=\"description\" content=\"Montre automatique suisse classique pour hommes avec cadran vert \u00e0 effet soleil, lunette cannel\u00e9e et loupe de date. Bo\u00eetier en acier inoxydable. R\u00e9sistante \u00e0 l\u2019eau jusqu\u2019\u00e0 100\u202fm\u00e8tres.\" \/>\n<meta name=\"robots\" content=\"index, follow, max-snippet:-1, max-image-preview:large, max-video-preview:-1\" \/>\n<link rel=\"canonical\" href=\"https:\/\/swissmilitarywatches.ch\/fr\/produit\/montre-automatique-suisse-classique-vert-acier-swiss-military-sma34110-04\/\" \/>\n<meta property=\"og:locale\" content=\"fr_FR\" \/>\n<meta property=\"og:type\" content=\"article\" \/>\n<meta property=\"og:title\" content=\"Montre automatique suisse classique \u2013 Vert, acier | Swiss Military SMA34110.04\" \/>\n<meta property=\"og:description\" content=\"Montre automatique suisse classique pour hommes avec cadran vert \u00e0 effet soleil, lunette cannel\u00e9e et loupe de date. Bo\u00eetier en acier inoxydable. R\u00e9sistante \u00e0 l\u2019eau jusqu\u2019\u00e0 100\u202fm\u00e8tres.\" \/>\n<meta property=\"og:url\" content=\"https:\/\/swissmilitarywatches.ch\/fr\/produit\/montre-automatique-suisse-classique-vert-acier-swiss-military-sma34110-04\/\" \/>\n<meta property=\"og:site_name\" content=\"Swiss Military by Chrono\" \/>\n<meta property=\"article:publisher\" content=\"https:\/\/m.facebook.com\/swissmilitarybychronoofficial\/\" \/>\n<meta property=\"article:modified_time\" content=\"2025-11-23T22:01:45+00:00\" \/>\n<meta property=\"og:image\" content=\"https:\/\/swissmilitarywatches.ch\/wp-content\/uploads\/2025\/06\/SMA34110.04.png\" \/>\n\t<meta property=\"og:image:width\" content=\"1300\" \/>\n\t<meta property=\"og:image:height\" content=\"1642\" \/>\n\t<meta property=\"og:image:type\" content=\"image\/png\" \/>\n<meta name=\"twitter:card\" content=\"summary_large_image\" \/>\n<meta name=\"twitter:label1\" content=\"Prix\" \/>\n\t<meta name=\"twitter:data1\" content=\"&euro;549.00 inc. TVA\" \/>\n\t<meta name=\"twitter:label2\" content=\"Disponibilit\u00e9\" \/>\n\t<meta name=\"twitter:data2\" content=\"En stock\" \/>\n<script type=\"application\/ld+json\" class=\"yoast-schema-graph\">{\"@context\":\"https:\/\/schema.org\",\"@graph\":[{\"@type\":\"WebPage\",\"@id\":\"https:\/\/swissmilitarywatches.ch\/fr\/produit\/montre-automatique-suisse-classique-vert-acier-swiss-military-sma34110-04\/\",\"url\":\"https:\/\/swissmilitarywatches.ch\/fr\/produit\/montre-automatique-suisse-classique-vert-acier-swiss-military-sma34110-04\/\",\"name\":\"Montre automatique suisse classique \u2013 Vert, acier | Swiss Military SMA34110.04\",\"isPartOf\":{\"@id\":\"https:\/\/swissmilitarywatches.ch\/fr\/#website\"},\"primaryImageOfPage\":{\"@id\":\"https:\/\/swissmilitarywatches.ch\/fr\/produit\/montre-automatique-suisse-classique-vert-acier-swiss-military-sma34110-04\/#primaryimage\"},\"image\":{\"@id\":\"https:\/\/swissmilitarywatches.ch\/fr\/produit\/montre-automatique-suisse-classique-vert-acier-swiss-military-sma34110-04\/#primaryimage\"},\"thumbnailUrl\":\"https:\/\/swissmilitarywatches.ch\/wp-content\/uploads\/2025\/06\/SMA34110.04.png\",\"datePublished\":\"2025-06-10T06:57:01+00:00\",\"dateModified\":\"2025-11-23T22:01:45+00:00\",\"description\":\"Montre automatique suisse classique pour hommes avec cadran vert \u00e0 effet soleil, lunette cannel\u00e9e et loupe de date. Bo\u00eetier en acier inoxydable. R\u00e9sistante \u00e0 l\u2019eau jusqu\u2019\u00e0 100\u202fm\u00e8tres.\",\"breadcrumb\":{\"@id\":\"https:\/\/swissmilitarywatches.ch\/fr\/produit\/montre-automatique-suisse-classique-vert-acier-swiss-military-sma34110-04\/#breadcrumb\"},\"inLanguage\":\"fr-FR\",\"potentialAction\":[{\"@type\":\"ReadAction\",\"target\":[\"https:\/\/swissmilitarywatches.ch\/fr\/produit\/montre-automatique-suisse-classique-vert-acier-swiss-military-sma34110-04\/\"]}]},{\"@type\":\"ImageObject\",\"inLanguage\":\"fr-FR\",\"@id\":\"https:\/\/swissmilitarywatches.ch\/fr\/produit\/montre-automatique-suisse-classique-vert-acier-swiss-military-sma34110-04\/#primaryimage\",\"url\":\"https:\/\/swissmilitarywatches.ch\/wp-content\/uploads\/2025\/06\/SMA34110.04.png\",\"contentUrl\":\"https:\/\/swissmilitarywatches.ch\/wp-content\/uploads\/2025\/06\/SMA34110.04.png\",\"width\":1300,\"height\":1642,\"caption\":\"With a bold green dial, fluted bezel, and magnified date window, the SMA34110.04 brings a fresh take to classic Swiss watchmaking.\"},{\"@type\":\"BreadcrumbList\",\"@id\":\"https:\/\/swissmilitarywatches.ch\/fr\/produit\/montre-automatique-suisse-classique-vert-acier-swiss-military-sma34110-04\/#breadcrumb\",\"itemListElement\":[{\"@type\":\"ListItem\",\"position\":1,\"name\":\"Home\",\"item\":\"https:\/\/swissmilitarywatches.ch\/fr\/home\/\"},{\"@type\":\"ListItem\",\"position\":2,\"name\":\"Boutique\",\"item\":\"https:\/\/swissmilitarywatches.ch\/fr\/boutique\/\"},{\"@type\":\"ListItem\",\"position\":3,\"name\":\"Toutes les montres\",\"item\":\"https:\/\/swissmilitarywatches.ch\/fr\/categorie-produit-fr\/toutes-les-montres\/\"},{\"@type\":\"ListItem\",\"position\":4,\"name\":\"Montres pour hommes\",\"item\":\"https:\/\/swissmilitarywatches.ch\/fr\/categorie-produit-fr\/toutes-les-montres\/montres-pour-hommes\/\"},{\"@type\":\"ListItem\",\"position\":5,\"name\":\"Montres m\u00e9caniques\",\"item\":\"https:\/\/swissmilitarywatches.ch\/fr\/categorie-produit-fr\/toutes-les-montres\/montres-pour-hommes\/montres-mecaniques-fr\/\"},{\"@type\":\"ListItem\",\"position\":6,\"name\":\"Montre automatique suisse classique \u2013 Vert, acier | Swiss Military SMA34110.04\"}]},{\"@type\":\"WebSite\",\"@id\":\"https:\/\/swissmilitarywatches.ch\/fr\/#website\",\"url\":\"https:\/\/swissmilitarywatches.ch\/fr\/\",\"name\":\"Swiss Military by Chrono\",\"description\":\"Official Licensed Product of the Swiss Confederation\",\"publisher\":{\"@id\":\"https:\/\/swissmilitarywatches.ch\/fr\/#organization\"},\"potentialAction\":[{\"@type\":\"SearchAction\",\"target\":{\"@type\":\"EntryPoint\",\"urlTemplate\":\"https:\/\/swissmilitarywatches.ch\/fr\/?s={search_term_string}\"},\"query-input\":{\"@type\":\"PropertyValueSpecification\",\"valueRequired\":true,\"valueName\":\"search_term_string\"}}],\"inLanguage\":\"fr-FR\"},{\"@type\":\"Organization\",\"@id\":\"https:\/\/swissmilitarywatches.ch\/fr\/#organization\",\"name\":\"Swiss Military by Chrono\",\"url\":\"https:\/\/swissmilitarywatches.ch\/fr\/\",\"logo\":{\"@type\":\"ImageObject\",\"inLanguage\":\"fr-FR\",\"@id\":\"https:\/\/swissmilitarywatches.ch\/fr\/#\/schema\/logo\/image\/\",\"url\":\"https:\/\/swissmilitarywatches.ch\/wp-content\/uploads\/2020\/04\/cropped-SM_logo_512x512px.jpg\",\"contentUrl\":\"https:\/\/swissmilitarywatches.ch\/wp-content\/uploads\/2020\/04\/cropped-SM_logo_512x512px.jpg\",\"width\":512,\"height\":512,\"caption\":\"Swiss Military by Chrono\"},\"image\":{\"@id\":\"https:\/\/swissmilitarywatches.ch\/fr\/#\/schema\/logo\/image\/\"},\"sameAs\":[\"https:\/\/m.facebook.com\/swissmilitarybychronoofficial\/\",\"https:\/\/www.instagram.com\/swissmilitarybychrono\/\",\"https:\/\/www.pinterest.ch\/swissmilitarybychrono\/\"]}]}<\/script>\n<meta property=\"product:brand\" content=\"Swiss Military by Chrono\" \/>\n<meta property=\"product:price:amount\" content=\"549.00\" \/>\n<meta property=\"product:price:currency\" content=\"EUR\" \/>\n<meta property=\"og:availability\" content=\"instock\" \/>\n<meta property=\"product:availability\" content=\"instock\" \/>\n<meta property=\"product:retailer_item_id\" content=\"SMA34110.04\" \/>\n<meta property=\"product:condition\" content=\"new\" \/>\n<!-- \/ Yoast SEO Premium plugin. -->","yoast_head_json":{"title":"Montre automatique suisse classique \u2013 Vert, acier | Swiss Military SMA34110.04","description":"Montre automatique suisse classique pour hommes avec cadran vert \u00e0 effet soleil, lunette cannel\u00e9e et loupe de date. Bo\u00eetier en acier inoxydable. R\u00e9sistante \u00e0 l\u2019eau jusqu\u2019\u00e0 100\u202fm\u00e8tres.","robots":{"index":"index","follow":"follow","max-snippet":"max-snippet:-1","max-image-preview":"max-image-preview:large","max-video-preview":"max-video-preview:-1"},"canonical":"https:\/\/swissmilitarywatches.ch\/fr\/produit\/montre-automatique-suisse-classique-vert-acier-swiss-military-sma34110-04\/","og_locale":"fr_FR","og_type":"article","og_title":"Montre automatique suisse classique \u2013 Vert, acier | Swiss Military SMA34110.04","og_description":"Montre automatique suisse classique pour hommes avec cadran vert \u00e0 effet soleil, lunette cannel\u00e9e et loupe de date. Bo\u00eetier en acier inoxydable. R\u00e9sistante \u00e0 l\u2019eau jusqu\u2019\u00e0 100\u202fm\u00e8tres.","og_url":"https:\/\/swissmilitarywatches.ch\/fr\/produit\/montre-automatique-suisse-classique-vert-acier-swiss-military-sma34110-04\/","og_site_name":"Swiss Military by Chrono","article_publisher":"https:\/\/m.facebook.com\/swissmilitarybychronoofficial\/","article_modified_time":"2025-11-23T22:01:45+00:00","og_image":[{"width":1300,"height":1642,"url":"https:\/\/swissmilitarywatches.ch\/wp-content\/uploads\/2025\/06\/SMA34110.04.png","type":"image\/png"}],"twitter_card":"summary_large_image","twitter_misc":{"Prix":"&euro;549.00 inc. TVA","Disponibilit\u00e9":"En stock"},"schema":{"@context":"https:\/\/schema.org","@graph":[{"@type":"WebPage","@id":"https:\/\/swissmilitarywatches.ch\/fr\/produit\/montre-automatique-suisse-classique-vert-acier-swiss-military-sma34110-04\/","url":"https:\/\/swissmilitarywatches.ch\/fr\/produit\/montre-automatique-suisse-classique-vert-acier-swiss-military-sma34110-04\/","name":"Montre automatique suisse classique \u2013 Vert, acier | Swiss Military SMA34110.04","isPartOf":{"@id":"https:\/\/swissmilitarywatches.ch\/fr\/#website"},"primaryImageOfPage":{"@id":"https:\/\/swissmilitarywatches.ch\/fr\/produit\/montre-automatique-suisse-classique-vert-acier-swiss-military-sma34110-04\/#primaryimage"},"image":{"@id":"https:\/\/swissmilitarywatches.ch\/fr\/produit\/montre-automatique-suisse-classique-vert-acier-swiss-military-sma34110-04\/#primaryimage"},"thumbnailUrl":"https:\/\/swissmilitarywatches.ch\/wp-content\/uploads\/2025\/06\/SMA34110.04.png","datePublished":"2025-06-10T06:57:01+00:00","dateModified":"2025-11-23T22:01:45+00:00","description":"Montre automatique suisse classique pour hommes avec cadran vert \u00e0 effet soleil, lunette cannel\u00e9e et loupe de date. Bo\u00eetier en acier inoxydable. R\u00e9sistante \u00e0 l\u2019eau jusqu\u2019\u00e0 100\u202fm\u00e8tres.","breadcrumb":{"@id":"https:\/\/swissmilitarywatches.ch\/fr\/produit\/montre-automatique-suisse-classique-vert-acier-swiss-military-sma34110-04\/#breadcrumb"},"inLanguage":"fr-FR","potentialAction":[{"@type":"ReadAction","target":["https:\/\/swissmilitarywatches.ch\/fr\/produit\/montre-automatique-suisse-classique-vert-acier-swiss-military-sma34110-04\/"]}]},{"@type":"ImageObject","inLanguage":"fr-FR","@id":"https:\/\/swissmilitarywatches.ch\/fr\/produit\/montre-automatique-suisse-classique-vert-acier-swiss-military-sma34110-04\/#primaryimage","url":"https:\/\/swissmilitarywatches.ch\/wp-content\/uploads\/2025\/06\/SMA34110.04.png","contentUrl":"https:\/\/swissmilitarywatches.ch\/wp-content\/uploads\/2025\/06\/SMA34110.04.png","width":1300,"height":1642,"caption":"With a bold green dial, fluted bezel, and magnified date window, the SMA34110.04 brings a fresh take to classic Swiss watchmaking."},{"@type":"BreadcrumbList","@id":"https:\/\/swissmilitarywatches.ch\/fr\/produit\/montre-automatique-suisse-classique-vert-acier-swiss-military-sma34110-04\/#breadcrumb","itemListElement":[{"@type":"ListItem","position":1,"name":"Home","item":"https:\/\/swissmilitarywatches.ch\/fr\/home\/"},{"@type":"ListItem","position":2,"name":"Boutique","item":"https:\/\/swissmilitarywatches.ch\/fr\/boutique\/"},{"@type":"ListItem","position":3,"name":"Toutes les montres","item":"https:\/\/swissmilitarywatches.ch\/fr\/categorie-produit-fr\/toutes-les-montres\/"},{"@type":"ListItem","position":4,"name":"Montres pour hommes","item":"https:\/\/swissmilitarywatches.ch\/fr\/categorie-produit-fr\/toutes-les-montres\/montres-pour-hommes\/"},{"@type":"ListItem","position":5,"name":"Montres m\u00e9caniques","item":"https:\/\/swissmilitarywatches.ch\/fr\/categorie-produit-fr\/toutes-les-montres\/montres-pour-hommes\/montres-mecaniques-fr\/"},{"@type":"ListItem","position":6,"name":"Montre automatique suisse classique \u2013 Vert, acier | Swiss Military SMA34110.04"}]},{"@type":"WebSite","@id":"https:\/\/swissmilitarywatches.ch\/fr\/#website","url":"https:\/\/swissmilitarywatches.ch\/fr\/","name":"Swiss Military by Chrono","description":"Official Licensed Product of the Swiss Confederation","publisher":{"@id":"https:\/\/swissmilitarywatches.ch\/fr\/#organization"},"potentialAction":[{"@type":"SearchAction","target":{"@type":"EntryPoint","urlTemplate":"https:\/\/swissmilitarywatches.ch\/fr\/?s={search_term_string}"},"query-input":{"@type":"PropertyValueSpecification","valueRequired":true,"valueName":"search_term_string"}}],"inLanguage":"fr-FR"},{"@type":"Organization","@id":"https:\/\/swissmilitarywatches.ch\/fr\/#organization","name":"Swiss Military by Chrono","url":"https:\/\/swissmilitarywatches.ch\/fr\/","logo":{"@type":"ImageObject","inLanguage":"fr-FR","@id":"https:\/\/swissmilitarywatches.ch\/fr\/#\/schema\/logo\/image\/","url":"https:\/\/swissmilitarywatches.ch\/wp-content\/uploads\/2020\/04\/cropped-SM_logo_512x512px.jpg","contentUrl":"https:\/\/swissmilitarywatches.ch\/wp-content\/uploads\/2020\/04\/cropped-SM_logo_512x512px.jpg","width":512,"height":512,"caption":"Swiss Military by Chrono"},"image":{"@id":"https:\/\/swissmilitarywatches.ch\/fr\/#\/schema\/logo\/image\/"},"sameAs":["https:\/\/m.facebook.com\/swissmilitarybychronoofficial\/","https:\/\/www.instagram.com\/swissmilitarybychrono\/","https:\/\/www.pinterest.ch\/swissmilitarybychrono\/"]}]},"product_brand":"Swiss Military by Chrono","product_price_amount":"549.00","product_price_currency":"EUR","og_availability":"instock","product_availability":"instock","product_retailer_item_id":"SMA34110.04","product_condition":"new"},"jetpack_sharing_enabled":true,"_links":{"self":[{"href":"https:\/\/swissmilitarywatches.ch\/fr\/wp-json\/wp\/v2\/product\/22048","targetHints":{"allow":["GET"]}}],"collection":[{"href":"https:\/\/swissmilitarywatches.ch\/fr\/wp-json\/wp\/v2\/product"}],"about":[{"href":"https:\/\/swissmilitarywatches.ch\/fr\/wp-json\/wp\/v2\/types\/product"}],"replies":[{"embeddable":true,"href":"https:\/\/swissmilitarywatches.ch\/fr\/wp-json\/wp\/v2\/comments?post=22048"}],"wp:featuredmedia":[{"embeddable":true,"href":"https:\/\/swissmilitarywatches.ch\/fr\/wp-json\/wp\/v2\/media\/21908"}],"wp:attachment":[{"href":"https:\/\/swissmilitarywatches.ch\/fr\/wp-json\/wp\/v2\/media?parent=22048"}],"wp:term":[{"taxonomy":"product_brand","embeddable":true,"href":"https:\/\/swissmilitarywatches.ch\/fr\/wp-json\/wp\/v2\/product_brand?post=22048"},{"taxonomy":"product_cat","embeddable":true,"href":"https:\/\/swissmilitarywatches.ch\/fr\/wp-json\/wp\/v2\/product_cat?post=22048"},{"taxonomy":"product_tag","embeddable":true,"href":"https:\/\/swissmilitarywatches.ch\/fr\/wp-json\/wp\/v2\/product_tag?post=22048"}],"curies":[{"name":"wp","href":"https:\/\/api.w.org\/{rel}","templated":true}]}}