{"id":22046,"date":"2025-06-10T08:57:01","date_gmt":"2025-06-10T06:57:01","guid":{"rendered":"https:\/\/swissmilitarywatches.ch\/shop\/montre-automatique-suisse-classique-argent-acier-swiss-military-sma34110-02\/"},"modified":"2025-11-24T00:01:44","modified_gmt":"2025-11-23T22:01:44","slug":"montre-automatique-suisse-classique-argent-acier-swiss-military-sma34110-02","status":"publish","type":"product","link":"https:\/\/swissmilitarywatches.ch\/fr\/produit\/montre-automatique-suisse-classique-argent-acier-swiss-military-sma34110-02\/","title":{"rendered":"Montre automatique suisse classique \u2013 Argent, Acier | Swiss Military SMA34110.02"},"content":{"rendered":"<h1 data-start=\"748\" data-end=\"806\"><strong data-start=\"748\" data-end=\"804\">Montre automatique suisse classique au style intemporel<\/strong><\/h1>\n<p data-start=\"810\" data-end=\"1018\">La Swiss Military SMA34110.02 est une montre automatique suisse classique qui allie raffinement discret et performance m\u00e9canique. Son cadran argent\u00e9 \u00e0 effet soleil et sa lunette cannel\u00e9e cr\u00e9ent une esth\u00e9tique \u00e9l\u00e9gante et intemporelle.<\/p>\n<p data-start=\"1020\" data-end=\"1266\">Des index et aiguilles luminescents assurent une lisibilit\u00e9 optimale, tandis que la date agrandie \u00e0 3 heures am\u00e9liore la praticit\u00e9. Log\u00e9e dans un bo\u00eetier en acier inoxydable de 41\u202fmm avec un bracelet assorti, cette montre automatique suisse allie durabilit\u00e9 et \u00e9l\u00e9gance.<\/p>\n<p data-start=\"1268\" data-end=\"1571\">Anim\u00e9e par un mouvement automatique suisse, elle garantit une pr\u00e9cision horaire optimale. Le verre saphir r\u00e9sistant aux rayures prot\u00e8ge le cadran, tandis que son \u00e9tanch\u00e9it\u00e9 jusqu\u2019\u00e0 100 m\u00e8tres la rend id\u00e9ale pour un usage quotidien. Assembl\u00e9e \u00e0 la main dans notre propre atelier en Suisse, cette montre t\u00e9moigne d\u2019un savoir-faire minutieux jusque dans les moindres d\u00e9tails.<\/p>\n<p data-start=\"1573\" data-end=\"1712\">Que vous la portiez au bureau ou lors d\u2019un \u00e9v\u00e9nement formel, cette montre m\u00e9canique fabriqu\u00e9e en Suisse est le parfait m\u00e9lange de tradition et de sophistication.<\/p>\n<h3 data-start=\"1719\" data-end=\"1743\"><strong data-start=\"1726\" data-end=\"1743\">Caract\u00e9ristiques cl\u00e9s de cette montre automatique suisse classique :<\/strong><\/h3>\n<ul data-start=\"1745\" data-end=\"2014\">\n<li data-start=\"1745\" data-end=\"1789\">\n<p data-start=\"1747\" data-end=\"1789\">Cadran argent\u00e9 effet soleil avec index luminescents<\/p>\n<\/li>\n<li data-start=\"1790\" data-end=\"1823\">\n<p data-start=\"1792\" data-end=\"1823\">Lunette cannel\u00e9e et loupe de date<\/p>\n<\/li>\n<li data-start=\"1824\" data-end=\"1867\">\n<p data-start=\"1826\" data-end=\"1867\">Bo\u00eetier et bracelet en acier inoxydable (41 mm)<\/p>\n<\/li>\n<li data-start=\"1868\" data-end=\"1894\">\n<p data-start=\"1870\" data-end=\"1894\">Verre saphir<\/p>\n<\/li>\n<li data-start=\"1895\" data-end=\"1921\">\n<p data-start=\"1897\" data-end=\"1921\">Aiguille des secondes \u00e0 pointe rouge<\/p>\n<\/li>\n<li data-start=\"1922\" data-end=\"1948\">\n<p data-start=\"1924\" data-end=\"1948\">R\u00e9sistance \u00e0 l\u2019eau jusqu\u2019\u00e0 100\u202fm\u00e8tres<\/p>\n<\/li>\n<li data-start=\"1949\" data-end=\"1980\">\n<p data-start=\"1951\" data-end=\"1980\">Fabriqu\u00e9e en Suisse et assembl\u00e9e \u00e0 la main<\/p>\n<\/li>\n<li data-start=\"1981\" data-end=\"2014\">\n<p data-start=\"1983\" data-end=\"2014\">Garantie internationale de 5 ans<\/p>\n<\/li>\n<\/ul>\n","protected":false},"excerpt":{"rendered":"<p>La Swiss Military SMA34110.02 pr\u00e9sente un cadran argent\u00e9 \u00e0 effet soleil, des index luminescents et une lunette cannel\u00e9e, ainsi qu\u2019un guichet de date agrandi qui apporte une touche de distinction suisse.<\/p>\n","protected":false},"featured_media":21898,"comment_status":"open","ping_status":"closed","template":"","meta":[],"product_brand":[],"product_cat":[3034,2295,2293,2306],"product_tag":[],"class_list":{"0":"post-22046","1":"product","2":"type-product","3":"status-publish","4":"has-post-thumbnail","6":"product_cat-sma34110-fr","7":"product_cat-toutes-les-montres","8":"product_cat-montres-pour-hommes","9":"product_cat-montres-mecaniques-fr","10":"product_shipping_class-livraison-flexible","12":"first","13":"instock","14":"taxable","15":"shipping-taxable","16":"purchasable","17":"product-type-simple"},"yoast_head":"<!-- This site is optimized with the Yoast SEO Premium plugin v26.6 (Yoast SEO v26.6) - https:\/\/yoast.com\/wordpress\/plugins\/seo\/ -->\n<title>Montre automatique suisse classique \u2013 Argent, Acier | Swiss Military SMA34110.02<\/title>\n<meta name=\"description\" content=\"Montre automatique suisse classique pour hommes avec cadran argent\u00e9 effet soleil, lunette cannel\u00e9e et loupe de date. Bo\u00eetier \u00e9l\u00e9gant en acier. R\u00e9sistante \u00e0 l\u2019eau jusqu\u2019\u00e0 100\u202fm\u00e8tres.\" \/>\n<meta name=\"robots\" content=\"index, follow, max-snippet:-1, max-image-preview:large, max-video-preview:-1\" \/>\n<link rel=\"canonical\" href=\"https:\/\/swissmilitarywatches.ch\/fr\/produit\/montre-automatique-suisse-classique-argent-acier-swiss-military-sma34110-02\/\" \/>\n<meta property=\"og:locale\" content=\"fr_FR\" \/>\n<meta property=\"og:type\" content=\"article\" \/>\n<meta property=\"og:title\" content=\"Montre automatique suisse classique \u2013 Argent, Acier | Swiss Military SMA34110.02\" \/>\n<meta property=\"og:description\" content=\"Montre automatique suisse classique pour hommes avec cadran argent\u00e9 effet soleil, lunette cannel\u00e9e et loupe de date. Bo\u00eetier \u00e9l\u00e9gant en acier. R\u00e9sistante \u00e0 l\u2019eau jusqu\u2019\u00e0 100\u202fm\u00e8tres.\" \/>\n<meta property=\"og:url\" content=\"https:\/\/swissmilitarywatches.ch\/fr\/produit\/montre-automatique-suisse-classique-argent-acier-swiss-military-sma34110-02\/\" \/>\n<meta property=\"og:site_name\" content=\"Swiss Military by Chrono\" \/>\n<meta property=\"article:publisher\" content=\"https:\/\/m.facebook.com\/swissmilitarybychronoofficial\/\" \/>\n<meta property=\"article:modified_time\" content=\"2025-11-23T22:01:44+00:00\" \/>\n<meta property=\"og:image\" content=\"https:\/\/swissmilitarywatches.ch\/wp-content\/uploads\/2025\/06\/SMA34110.02.png\" \/>\n\t<meta property=\"og:image:width\" content=\"1300\" \/>\n\t<meta property=\"og:image:height\" content=\"1642\" \/>\n\t<meta property=\"og:image:type\" content=\"image\/png\" \/>\n<meta name=\"twitter:card\" content=\"summary_large_image\" \/>\n<meta name=\"twitter:label1\" content=\"Prix\" \/>\n\t<meta name=\"twitter:data1\" content=\"&euro;549.00 inc. TVA\" \/>\n\t<meta name=\"twitter:label2\" content=\"Disponibilit\u00e9\" \/>\n\t<meta name=\"twitter:data2\" content=\"En stock\" \/>\n<script type=\"application\/ld+json\" class=\"yoast-schema-graph\">{\"@context\":\"https:\/\/schema.org\",\"@graph\":[{\"@type\":\"WebPage\",\"@id\":\"https:\/\/swissmilitarywatches.ch\/fr\/produit\/montre-automatique-suisse-classique-argent-acier-swiss-military-sma34110-02\/\",\"url\":\"https:\/\/swissmilitarywatches.ch\/fr\/produit\/montre-automatique-suisse-classique-argent-acier-swiss-military-sma34110-02\/\",\"name\":\"Montre automatique suisse classique \u2013 Argent, Acier | Swiss Military SMA34110.02\",\"isPartOf\":{\"@id\":\"https:\/\/swissmilitarywatches.ch\/fr\/#website\"},\"primaryImageOfPage\":{\"@id\":\"https:\/\/swissmilitarywatches.ch\/fr\/produit\/montre-automatique-suisse-classique-argent-acier-swiss-military-sma34110-02\/#primaryimage\"},\"image\":{\"@id\":\"https:\/\/swissmilitarywatches.ch\/fr\/produit\/montre-automatique-suisse-classique-argent-acier-swiss-military-sma34110-02\/#primaryimage\"},\"thumbnailUrl\":\"https:\/\/swissmilitarywatches.ch\/wp-content\/uploads\/2025\/06\/SMA34110.02.png\",\"datePublished\":\"2025-06-10T06:57:01+00:00\",\"dateModified\":\"2025-11-23T22:01:44+00:00\",\"description\":\"Montre automatique suisse classique pour hommes avec cadran argent\u00e9 effet soleil, lunette cannel\u00e9e et loupe de date. Bo\u00eetier \u00e9l\u00e9gant en acier. R\u00e9sistante \u00e0 l\u2019eau jusqu\u2019\u00e0 100\u202fm\u00e8tres.\",\"breadcrumb\":{\"@id\":\"https:\/\/swissmilitarywatches.ch\/fr\/produit\/montre-automatique-suisse-classique-argent-acier-swiss-military-sma34110-02\/#breadcrumb\"},\"inLanguage\":\"fr-FR\",\"potentialAction\":[{\"@type\":\"ReadAction\",\"target\":[\"https:\/\/swissmilitarywatches.ch\/fr\/produit\/montre-automatique-suisse-classique-argent-acier-swiss-military-sma34110-02\/\"]}]},{\"@type\":\"ImageObject\",\"inLanguage\":\"fr-FR\",\"@id\":\"https:\/\/swissmilitarywatches.ch\/fr\/produit\/montre-automatique-suisse-classique-argent-acier-swiss-military-sma34110-02\/#primaryimage\",\"url\":\"https:\/\/swissmilitarywatches.ch\/wp-content\/uploads\/2025\/06\/SMA34110.02.png\",\"contentUrl\":\"https:\/\/swissmilitarywatches.ch\/wp-content\/uploads\/2025\/06\/SMA34110.02.png\",\"width\":1300,\"height\":1642,\"caption\":\"Featuring a silver sunray dial, fluted bezel, and magnified date window \u2013 the SMA34110.02 defines classic Swiss watch design.\"},{\"@type\":\"BreadcrumbList\",\"@id\":\"https:\/\/swissmilitarywatches.ch\/fr\/produit\/montre-automatique-suisse-classique-argent-acier-swiss-military-sma34110-02\/#breadcrumb\",\"itemListElement\":[{\"@type\":\"ListItem\",\"position\":1,\"name\":\"Home\",\"item\":\"https:\/\/swissmilitarywatches.ch\/fr\/home\/\"},{\"@type\":\"ListItem\",\"position\":2,\"name\":\"Boutique\",\"item\":\"https:\/\/swissmilitarywatches.ch\/fr\/boutique\/\"},{\"@type\":\"ListItem\",\"position\":3,\"name\":\"Toutes les montres\",\"item\":\"https:\/\/swissmilitarywatches.ch\/fr\/categorie-produit-fr\/toutes-les-montres\/\"},{\"@type\":\"ListItem\",\"position\":4,\"name\":\"Montres pour hommes\",\"item\":\"https:\/\/swissmilitarywatches.ch\/fr\/categorie-produit-fr\/toutes-les-montres\/montres-pour-hommes\/\"},{\"@type\":\"ListItem\",\"position\":5,\"name\":\"Montres m\u00e9caniques\",\"item\":\"https:\/\/swissmilitarywatches.ch\/fr\/categorie-produit-fr\/toutes-les-montres\/montres-pour-hommes\/montres-mecaniques-fr\/\"},{\"@type\":\"ListItem\",\"position\":6,\"name\":\"Montre automatique suisse classique \u2013 Argent, Acier | Swiss Military SMA34110.02\"}]},{\"@type\":\"WebSite\",\"@id\":\"https:\/\/swissmilitarywatches.ch\/fr\/#website\",\"url\":\"https:\/\/swissmilitarywatches.ch\/fr\/\",\"name\":\"Swiss Military by Chrono\",\"description\":\"Official Licensed Product of the Swiss Confederation\",\"publisher\":{\"@id\":\"https:\/\/swissmilitarywatches.ch\/fr\/#organization\"},\"potentialAction\":[{\"@type\":\"SearchAction\",\"target\":{\"@type\":\"EntryPoint\",\"urlTemplate\":\"https:\/\/swissmilitarywatches.ch\/fr\/?s={search_term_string}\"},\"query-input\":{\"@type\":\"PropertyValueSpecification\",\"valueRequired\":true,\"valueName\":\"search_term_string\"}}],\"inLanguage\":\"fr-FR\"},{\"@type\":\"Organization\",\"@id\":\"https:\/\/swissmilitarywatches.ch\/fr\/#organization\",\"name\":\"Swiss Military by Chrono\",\"url\":\"https:\/\/swissmilitarywatches.ch\/fr\/\",\"logo\":{\"@type\":\"ImageObject\",\"inLanguage\":\"fr-FR\",\"@id\":\"https:\/\/swissmilitarywatches.ch\/fr\/#\/schema\/logo\/image\/\",\"url\":\"https:\/\/swissmilitarywatches.ch\/wp-content\/uploads\/2020\/04\/cropped-SM_logo_512x512px.jpg\",\"contentUrl\":\"https:\/\/swissmilitarywatches.ch\/wp-content\/uploads\/2020\/04\/cropped-SM_logo_512x512px.jpg\",\"width\":512,\"height\":512,\"caption\":\"Swiss Military by Chrono\"},\"image\":{\"@id\":\"https:\/\/swissmilitarywatches.ch\/fr\/#\/schema\/logo\/image\/\"},\"sameAs\":[\"https:\/\/m.facebook.com\/swissmilitarybychronoofficial\/\",\"https:\/\/www.instagram.com\/swissmilitarybychrono\/\",\"https:\/\/www.pinterest.ch\/swissmilitarybychrono\/\"]}]}<\/script>\n<meta property=\"product:brand\" content=\"Swiss Military by Chrono\" \/>\n<meta property=\"product:price:amount\" content=\"549.00\" \/>\n<meta property=\"product:price:currency\" content=\"EUR\" \/>\n<meta property=\"og:availability\" content=\"instock\" \/>\n<meta property=\"product:availability\" content=\"instock\" \/>\n<meta property=\"product:retailer_item_id\" content=\"SMA34110.02\" \/>\n<meta property=\"product:condition\" content=\"new\" \/>\n<!-- \/ Yoast SEO Premium plugin. -->","yoast_head_json":{"title":"Montre automatique suisse classique \u2013 Argent, Acier | Swiss Military SMA34110.02","description":"Montre automatique suisse classique pour hommes avec cadran argent\u00e9 effet soleil, lunette cannel\u00e9e et loupe de date. Bo\u00eetier \u00e9l\u00e9gant en acier. R\u00e9sistante \u00e0 l\u2019eau jusqu\u2019\u00e0 100\u202fm\u00e8tres.","robots":{"index":"index","follow":"follow","max-snippet":"max-snippet:-1","max-image-preview":"max-image-preview:large","max-video-preview":"max-video-preview:-1"},"canonical":"https:\/\/swissmilitarywatches.ch\/fr\/produit\/montre-automatique-suisse-classique-argent-acier-swiss-military-sma34110-02\/","og_locale":"fr_FR","og_type":"article","og_title":"Montre automatique suisse classique \u2013 Argent, Acier | Swiss Military SMA34110.02","og_description":"Montre automatique suisse classique pour hommes avec cadran argent\u00e9 effet soleil, lunette cannel\u00e9e et loupe de date. Bo\u00eetier \u00e9l\u00e9gant en acier. R\u00e9sistante \u00e0 l\u2019eau jusqu\u2019\u00e0 100\u202fm\u00e8tres.","og_url":"https:\/\/swissmilitarywatches.ch\/fr\/produit\/montre-automatique-suisse-classique-argent-acier-swiss-military-sma34110-02\/","og_site_name":"Swiss Military by Chrono","article_publisher":"https:\/\/m.facebook.com\/swissmilitarybychronoofficial\/","article_modified_time":"2025-11-23T22:01:44+00:00","og_image":[{"width":1300,"height":1642,"url":"https:\/\/swissmilitarywatches.ch\/wp-content\/uploads\/2025\/06\/SMA34110.02.png","type":"image\/png"}],"twitter_card":"summary_large_image","twitter_misc":{"Prix":"&euro;549.00 inc. TVA","Disponibilit\u00e9":"En stock"},"schema":{"@context":"https:\/\/schema.org","@graph":[{"@type":"WebPage","@id":"https:\/\/swissmilitarywatches.ch\/fr\/produit\/montre-automatique-suisse-classique-argent-acier-swiss-military-sma34110-02\/","url":"https:\/\/swissmilitarywatches.ch\/fr\/produit\/montre-automatique-suisse-classique-argent-acier-swiss-military-sma34110-02\/","name":"Montre automatique suisse classique \u2013 Argent, Acier | Swiss Military SMA34110.02","isPartOf":{"@id":"https:\/\/swissmilitarywatches.ch\/fr\/#website"},"primaryImageOfPage":{"@id":"https:\/\/swissmilitarywatches.ch\/fr\/produit\/montre-automatique-suisse-classique-argent-acier-swiss-military-sma34110-02\/#primaryimage"},"image":{"@id":"https:\/\/swissmilitarywatches.ch\/fr\/produit\/montre-automatique-suisse-classique-argent-acier-swiss-military-sma34110-02\/#primaryimage"},"thumbnailUrl":"https:\/\/swissmilitarywatches.ch\/wp-content\/uploads\/2025\/06\/SMA34110.02.png","datePublished":"2025-06-10T06:57:01+00:00","dateModified":"2025-11-23T22:01:44+00:00","description":"Montre automatique suisse classique pour hommes avec cadran argent\u00e9 effet soleil, lunette cannel\u00e9e et loupe de date. Bo\u00eetier \u00e9l\u00e9gant en acier. R\u00e9sistante \u00e0 l\u2019eau jusqu\u2019\u00e0 100\u202fm\u00e8tres.","breadcrumb":{"@id":"https:\/\/swissmilitarywatches.ch\/fr\/produit\/montre-automatique-suisse-classique-argent-acier-swiss-military-sma34110-02\/#breadcrumb"},"inLanguage":"fr-FR","potentialAction":[{"@type":"ReadAction","target":["https:\/\/swissmilitarywatches.ch\/fr\/produit\/montre-automatique-suisse-classique-argent-acier-swiss-military-sma34110-02\/"]}]},{"@type":"ImageObject","inLanguage":"fr-FR","@id":"https:\/\/swissmilitarywatches.ch\/fr\/produit\/montre-automatique-suisse-classique-argent-acier-swiss-military-sma34110-02\/#primaryimage","url":"https:\/\/swissmilitarywatches.ch\/wp-content\/uploads\/2025\/06\/SMA34110.02.png","contentUrl":"https:\/\/swissmilitarywatches.ch\/wp-content\/uploads\/2025\/06\/SMA34110.02.png","width":1300,"height":1642,"caption":"Featuring a silver sunray dial, fluted bezel, and magnified date window \u2013 the SMA34110.02 defines classic Swiss watch design."},{"@type":"BreadcrumbList","@id":"https:\/\/swissmilitarywatches.ch\/fr\/produit\/montre-automatique-suisse-classique-argent-acier-swiss-military-sma34110-02\/#breadcrumb","itemListElement":[{"@type":"ListItem","position":1,"name":"Home","item":"https:\/\/swissmilitarywatches.ch\/fr\/home\/"},{"@type":"ListItem","position":2,"name":"Boutique","item":"https:\/\/swissmilitarywatches.ch\/fr\/boutique\/"},{"@type":"ListItem","position":3,"name":"Toutes les montres","item":"https:\/\/swissmilitarywatches.ch\/fr\/categorie-produit-fr\/toutes-les-montres\/"},{"@type":"ListItem","position":4,"name":"Montres pour hommes","item":"https:\/\/swissmilitarywatches.ch\/fr\/categorie-produit-fr\/toutes-les-montres\/montres-pour-hommes\/"},{"@type":"ListItem","position":5,"name":"Montres m\u00e9caniques","item":"https:\/\/swissmilitarywatches.ch\/fr\/categorie-produit-fr\/toutes-les-montres\/montres-pour-hommes\/montres-mecaniques-fr\/"},{"@type":"ListItem","position":6,"name":"Montre automatique suisse classique \u2013 Argent, Acier | Swiss Military SMA34110.02"}]},{"@type":"WebSite","@id":"https:\/\/swissmilitarywatches.ch\/fr\/#website","url":"https:\/\/swissmilitarywatches.ch\/fr\/","name":"Swiss Military by Chrono","description":"Official Licensed Product of the Swiss Confederation","publisher":{"@id":"https:\/\/swissmilitarywatches.ch\/fr\/#organization"},"potentialAction":[{"@type":"SearchAction","target":{"@type":"EntryPoint","urlTemplate":"https:\/\/swissmilitarywatches.ch\/fr\/?s={search_term_string}"},"query-input":{"@type":"PropertyValueSpecification","valueRequired":true,"valueName":"search_term_string"}}],"inLanguage":"fr-FR"},{"@type":"Organization","@id":"https:\/\/swissmilitarywatches.ch\/fr\/#organization","name":"Swiss Military by Chrono","url":"https:\/\/swissmilitarywatches.ch\/fr\/","logo":{"@type":"ImageObject","inLanguage":"fr-FR","@id":"https:\/\/swissmilitarywatches.ch\/fr\/#\/schema\/logo\/image\/","url":"https:\/\/swissmilitarywatches.ch\/wp-content\/uploads\/2020\/04\/cropped-SM_logo_512x512px.jpg","contentUrl":"https:\/\/swissmilitarywatches.ch\/wp-content\/uploads\/2020\/04\/cropped-SM_logo_512x512px.jpg","width":512,"height":512,"caption":"Swiss Military by Chrono"},"image":{"@id":"https:\/\/swissmilitarywatches.ch\/fr\/#\/schema\/logo\/image\/"},"sameAs":["https:\/\/m.facebook.com\/swissmilitarybychronoofficial\/","https:\/\/www.instagram.com\/swissmilitarybychrono\/","https:\/\/www.pinterest.ch\/swissmilitarybychrono\/"]}]},"product_brand":"Swiss Military by Chrono","product_price_amount":"549.00","product_price_currency":"EUR","og_availability":"instock","product_availability":"instock","product_retailer_item_id":"SMA34110.02","product_condition":"new"},"jetpack_sharing_enabled":true,"_links":{"self":[{"href":"https:\/\/swissmilitarywatches.ch\/fr\/wp-json\/wp\/v2\/product\/22046","targetHints":{"allow":["GET"]}}],"collection":[{"href":"https:\/\/swissmilitarywatches.ch\/fr\/wp-json\/wp\/v2\/product"}],"about":[{"href":"https:\/\/swissmilitarywatches.ch\/fr\/wp-json\/wp\/v2\/types\/product"}],"replies":[{"embeddable":true,"href":"https:\/\/swissmilitarywatches.ch\/fr\/wp-json\/wp\/v2\/comments?post=22046"}],"wp:featuredmedia":[{"embeddable":true,"href":"https:\/\/swissmilitarywatches.ch\/fr\/wp-json\/wp\/v2\/media\/21898"}],"wp:attachment":[{"href":"https:\/\/swissmilitarywatches.ch\/fr\/wp-json\/wp\/v2\/media?parent=22046"}],"wp:term":[{"taxonomy":"product_brand","embeddable":true,"href":"https:\/\/swissmilitarywatches.ch\/fr\/wp-json\/wp\/v2\/product_brand?post=22046"},{"taxonomy":"product_cat","embeddable":true,"href":"https:\/\/swissmilitarywatches.ch\/fr\/wp-json\/wp\/v2\/product_cat?post=22046"},{"taxonomy":"product_tag","embeddable":true,"href":"https:\/\/swissmilitarywatches.ch\/fr\/wp-json\/wp\/v2\/product_tag?post=22046"}],"curies":[{"name":"wp","href":"https:\/\/api.w.org\/{rel}","templated":true}]}}