{"id":21044,"date":"2024-12-11T08:42:47","date_gmt":"2024-12-11T06:42:47","guid":{"rendered":"https:\/\/swissmilitarywatches.ch\/shop\/swiss-military-sm34107-04-montre-chronographe-classique-vert-acier\/"},"modified":"2025-11-24T00:01:34","modified_gmt":"2025-11-23T22:01:34","slug":"swiss-military-sm34107-04-montre-chronographe-classique-vert-acier","status":"publish","type":"product","link":"https:\/\/swissmilitarywatches.ch\/fr\/produit\/swiss-military-sm34107-04-montre-chronographe-classique-vert-acier\/","title":{"rendered":"Swiss Military SM34107.04 &#8211; Montre chronographe classique vert acier"},"content":{"rendered":"<p>Les montres chronographes classiques Swiss Military SM34107.03 en acier bleu pr\u00e9sentent un cadran bleu \u00e0 effet soleill\u00e9, un bo\u00eetier et un bracelet en acier inoxydable, offrant une pr\u00e9cision suisse et un style polyvalent. Le cadran vert \u00e0 effet soleill\u00e9 rayonne de style, encadr\u00e9 par un bo\u00eetier en acier inoxydable robuste. Le bracelet pr\u00e9sente des maillons ext\u00e9rieurs larges avec cinq maillons centraux fins, offrant \u00e0 la fois robustesse et confort.<\/p>\n<p>Le verre saphir prot\u00e8ge le cadran des rayures, garantissant une visibilit\u00e9 claire pendant des ann\u00e9es. Les aiguilles et index lumineux facilitent la lecture de l&rsquo;heure, m\u00eame en faible luminosit\u00e9. Aliment\u00e9e par un mouvement de chronographe suisse fiable, cette montre assure une mesure du temps pr\u00e9cise. Elle est assembl\u00e9e \u00e0 la main dans notre atelier horloger suisse interne, d\u00e9montrant un savoir-faire in\u00e9gal\u00e9.<\/p>\n<p>De plus, la Swiss Military SM34107.04 est livr\u00e9e avec une garantie internationale de 5 ans, offrant une tranquillit\u00e9 d&rsquo;esprit suppl\u00e9mentaire.<\/p>\n<p>Que vous vous habilliez pour une occasion formelle ou pour un week-end d\u00e9contract\u00e9, ce chronographe s&rsquo;adapte parfaitement \u00e0 toutes les situations. Il offre un \u00e9quilibre parfait entre style et performance, adapt\u00e9 \u00e0 la fois aux modes de vie professionnels et actifs.<\/p>\n<p><strong>Caract\u00e9ristiques Cl\u00e9s :<\/strong><\/p>\n<ul>\n<li><strong>Cadran : <\/strong>Cadran vert soleil avec aiguilles et index luminescents pour une excellente visibilit\u00e9.<\/li>\n<li><strong>Bo\u00eetier :<\/strong> Bo\u00eetier en acier inoxydable de 40 mm, alliant durabilit\u00e9 et sophistication.<\/li>\n<li><strong>Bracelet :<\/strong> Bracelet en acier inoxydable avec des maillons ext\u00e9rieurs larges et cinq maillons centraux fins pour un confort et une flexibilit\u00e9 optimaux.<\/li>\n<li><strong>Verre : <\/strong>Cristal saphir r\u00e9sistant aux rayures pour une clart\u00e9 et une protection accrues.<\/li>\n<li><strong>Mouvement :<\/strong> Mouvement chronographe fabriqu\u00e9 en Suisse pour un chronom\u00e9trage pr\u00e9cis.<\/li>\n<li><strong>Assemblage<\/strong> : Assembl\u00e9e \u00e0 la main dans notre atelier suisse pour un savoir-faire sup\u00e9rieur.<\/li>\n<li><strong>Garantie : <\/strong>Accompagn\u00e9e d&rsquo;une garantie internationale de 5 ans pour une tranquillit\u00e9 d&rsquo;esprit durable.<\/li>\n<\/ul>\n","protected":false},"excerpt":{"rendered":"<p>La montre chronographe classique <strong>Swiss Military SM34107.04<\/strong> vert acier pr\u00e9sente un \u00e9l\u00e9gant cadran vert soleil, un bo\u00eetier et un bracelet en acier inoxydable, ainsi qu&rsquo;une pr\u00e9cision fabriqu\u00e9e en Suisse pour des performances polyvalentes.<\/p>\n","protected":false},"featured_media":20997,"comment_status":"open","ping_status":"closed","template":"","meta":[],"product_brand":[],"product_cat":[2966,2295,2293,2294],"product_tag":[],"class_list":{"0":"post-21044","1":"product","2":"type-product","3":"status-publish","4":"has-post-thumbnail","6":"product_cat-sm34107-fr","7":"product_cat-toutes-les-montres","8":"product_cat-montres-pour-hommes","9":"product_cat-montres-chronographes","10":"product_shipping_class-livraison-flexible","12":"first","13":"instock","14":"taxable","15":"shipping-taxable","16":"purchasable","17":"product-type-simple"},"yoast_head":"<!-- This site is optimized with the Yoast SEO Premium plugin v26.6 (Yoast SEO v26.6) - https:\/\/yoast.com\/wordpress\/plugins\/seo\/ -->\n<title>Swiss Military SM34107.04 - Montre chronographe classique vert acier<\/title>\n<meta name=\"description\" content=\"Montre chronographe classique Swiss Military SM34107.04 avec cadran vert, bo\u00eetier et bracelet en acier inoxydable. Mouvement fabriqu\u00e9 en Suisse, garantie de 5 ans\" \/>\n<meta name=\"robots\" content=\"index, follow, max-snippet:-1, max-image-preview:large, max-video-preview:-1\" \/>\n<link rel=\"canonical\" href=\"https:\/\/swissmilitarywatches.ch\/fr\/produit\/swiss-military-sm34107-04-montre-chronographe-classique-vert-acier\/\" \/>\n<meta property=\"og:locale\" content=\"fr_FR\" \/>\n<meta property=\"og:type\" content=\"article\" \/>\n<meta property=\"og:title\" content=\"Swiss Military SM34107.04 - Montre chronographe classique vert acier\" \/>\n<meta property=\"og:description\" content=\"Montre chronographe classique Swiss Military SM34107.04 avec cadran vert, bo\u00eetier et bracelet en acier inoxydable. Mouvement fabriqu\u00e9 en Suisse, garantie de 5 ans\" \/>\n<meta property=\"og:url\" content=\"https:\/\/swissmilitarywatches.ch\/fr\/produit\/swiss-military-sm34107-04-montre-chronographe-classique-vert-acier\/\" \/>\n<meta property=\"og:site_name\" content=\"Swiss Military by Chrono\" \/>\n<meta property=\"article:publisher\" content=\"https:\/\/m.facebook.com\/swissmilitarybychronoofficial\/\" \/>\n<meta property=\"article:modified_time\" content=\"2025-11-23T22:01:34+00:00\" \/>\n<meta property=\"og:image\" content=\"https:\/\/swissmilitarywatches.ch\/wp-content\/uploads\/2024\/12\/SM34107.04.png\" \/>\n\t<meta property=\"og:image:width\" content=\"1300\" \/>\n\t<meta property=\"og:image:height\" content=\"1642\" \/>\n\t<meta property=\"og:image:type\" content=\"image\/png\" \/>\n<meta name=\"twitter:card\" content=\"summary_large_image\" \/>\n<meta name=\"twitter:label1\" content=\"Prix\" \/>\n\t<meta name=\"twitter:data1\" content=\"&euro;379.00 inc. TVA\" \/>\n\t<meta name=\"twitter:label2\" content=\"Disponibilit\u00e9\" \/>\n\t<meta name=\"twitter:data2\" content=\"En stock\" \/>\n<script type=\"application\/ld+json\" class=\"yoast-schema-graph\">{\"@context\":\"https:\/\/schema.org\",\"@graph\":[{\"@type\":\"WebPage\",\"@id\":\"https:\/\/swissmilitarywatches.ch\/fr\/produit\/swiss-military-sm34107-04-montre-chronographe-classique-vert-acier\/\",\"url\":\"https:\/\/swissmilitarywatches.ch\/fr\/produit\/swiss-military-sm34107-04-montre-chronographe-classique-vert-acier\/\",\"name\":\"Swiss Military SM34107.04 - Montre chronographe classique vert acier\",\"isPartOf\":{\"@id\":\"https:\/\/swissmilitarywatches.ch\/fr\/#website\"},\"primaryImageOfPage\":{\"@id\":\"https:\/\/swissmilitarywatches.ch\/fr\/produit\/swiss-military-sm34107-04-montre-chronographe-classique-vert-acier\/#primaryimage\"},\"image\":{\"@id\":\"https:\/\/swissmilitarywatches.ch\/fr\/produit\/swiss-military-sm34107-04-montre-chronographe-classique-vert-acier\/#primaryimage\"},\"thumbnailUrl\":\"https:\/\/swissmilitarywatches.ch\/wp-content\/uploads\/2024\/12\/SM34107.04.png\",\"datePublished\":\"2024-12-11T06:42:47+00:00\",\"dateModified\":\"2025-11-23T22:01:34+00:00\",\"description\":\"Montre chronographe classique Swiss Military SM34107.04 avec cadran vert, bo\u00eetier et bracelet en acier inoxydable. Mouvement fabriqu\u00e9 en Suisse, garantie de 5 ans\",\"breadcrumb\":{\"@id\":\"https:\/\/swissmilitarywatches.ch\/fr\/produit\/swiss-military-sm34107-04-montre-chronographe-classique-vert-acier\/#breadcrumb\"},\"inLanguage\":\"fr-FR\",\"potentialAction\":[{\"@type\":\"ReadAction\",\"target\":[\"https:\/\/swissmilitarywatches.ch\/fr\/produit\/swiss-military-sm34107-04-montre-chronographe-classique-vert-acier\/\"]}]},{\"@type\":\"ImageObject\",\"inLanguage\":\"fr-FR\",\"@id\":\"https:\/\/swissmilitarywatches.ch\/fr\/produit\/swiss-military-sm34107-04-montre-chronographe-classique-vert-acier\/#primaryimage\",\"url\":\"https:\/\/swissmilitarywatches.ch\/wp-content\/uploads\/2024\/12\/SM34107.04.png\",\"contentUrl\":\"https:\/\/swissmilitarywatches.ch\/wp-content\/uploads\/2024\/12\/SM34107.04.png\",\"width\":1300,\"height\":1642,\"caption\":\"Swiss Military SM34107.04 Classic Chronograph Watch Green Steel \u2013 A bold and elegant chronograph with Swiss precision.\"},{\"@type\":\"BreadcrumbList\",\"@id\":\"https:\/\/swissmilitarywatches.ch\/fr\/produit\/swiss-military-sm34107-04-montre-chronographe-classique-vert-acier\/#breadcrumb\",\"itemListElement\":[{\"@type\":\"ListItem\",\"position\":1,\"name\":\"Home\",\"item\":\"https:\/\/swissmilitarywatches.ch\/fr\/home\/\"},{\"@type\":\"ListItem\",\"position\":2,\"name\":\"Boutique\",\"item\":\"https:\/\/swissmilitarywatches.ch\/fr\/boutique\/\"},{\"@type\":\"ListItem\",\"position\":3,\"name\":\"Toutes les montres\",\"item\":\"https:\/\/swissmilitarywatches.ch\/fr\/categorie-produit-fr\/toutes-les-montres\/\"},{\"@type\":\"ListItem\",\"position\":4,\"name\":\"Montres pour hommes\",\"item\":\"https:\/\/swissmilitarywatches.ch\/fr\/categorie-produit-fr\/toutes-les-montres\/montres-pour-hommes\/\"},{\"@type\":\"ListItem\",\"position\":5,\"name\":\"Montres chronographes\",\"item\":\"https:\/\/swissmilitarywatches.ch\/fr\/categorie-produit-fr\/toutes-les-montres\/montres-pour-hommes\/montres-chronographes\/\"},{\"@type\":\"ListItem\",\"position\":6,\"name\":\"Swiss Military SM34107.04 &#8211; Montre chronographe classique vert acier\"}]},{\"@type\":\"WebSite\",\"@id\":\"https:\/\/swissmilitarywatches.ch\/fr\/#website\",\"url\":\"https:\/\/swissmilitarywatches.ch\/fr\/\",\"name\":\"Swiss Military by Chrono\",\"description\":\"Official Licensed Product of the Swiss Confederation\",\"publisher\":{\"@id\":\"https:\/\/swissmilitarywatches.ch\/fr\/#organization\"},\"potentialAction\":[{\"@type\":\"SearchAction\",\"target\":{\"@type\":\"EntryPoint\",\"urlTemplate\":\"https:\/\/swissmilitarywatches.ch\/fr\/?s={search_term_string}\"},\"query-input\":{\"@type\":\"PropertyValueSpecification\",\"valueRequired\":true,\"valueName\":\"search_term_string\"}}],\"inLanguage\":\"fr-FR\"},{\"@type\":\"Organization\",\"@id\":\"https:\/\/swissmilitarywatches.ch\/fr\/#organization\",\"name\":\"Swiss Military by Chrono\",\"url\":\"https:\/\/swissmilitarywatches.ch\/fr\/\",\"logo\":{\"@type\":\"ImageObject\",\"inLanguage\":\"fr-FR\",\"@id\":\"https:\/\/swissmilitarywatches.ch\/fr\/#\/schema\/logo\/image\/\",\"url\":\"https:\/\/swissmilitarywatches.ch\/wp-content\/uploads\/2020\/04\/cropped-SM_logo_512x512px.jpg\",\"contentUrl\":\"https:\/\/swissmilitarywatches.ch\/wp-content\/uploads\/2020\/04\/cropped-SM_logo_512x512px.jpg\",\"width\":512,\"height\":512,\"caption\":\"Swiss Military by Chrono\"},\"image\":{\"@id\":\"https:\/\/swissmilitarywatches.ch\/fr\/#\/schema\/logo\/image\/\"},\"sameAs\":[\"https:\/\/m.facebook.com\/swissmilitarybychronoofficial\/\",\"https:\/\/www.instagram.com\/swissmilitarybychrono\/\",\"https:\/\/www.pinterest.ch\/swissmilitarybychrono\/\"]}]}<\/script>\n<meta property=\"product:brand\" content=\"Swiss Military by Chrono\" \/>\n<meta property=\"product:price:amount\" content=\"379.00\" \/>\n<meta property=\"product:price:currency\" content=\"EUR\" \/>\n<meta property=\"og:availability\" content=\"instock\" \/>\n<meta property=\"product:availability\" content=\"instock\" \/>\n<meta property=\"product:retailer_item_id\" content=\"SM34107.04\" \/>\n<meta property=\"product:condition\" content=\"new\" \/>\n<!-- \/ Yoast SEO Premium plugin. -->","yoast_head_json":{"title":"Swiss Military SM34107.04 - Montre chronographe classique vert acier","description":"Montre chronographe classique Swiss Military SM34107.04 avec cadran vert, bo\u00eetier et bracelet en acier inoxydable. Mouvement fabriqu\u00e9 en Suisse, garantie de 5 ans","robots":{"index":"index","follow":"follow","max-snippet":"max-snippet:-1","max-image-preview":"max-image-preview:large","max-video-preview":"max-video-preview:-1"},"canonical":"https:\/\/swissmilitarywatches.ch\/fr\/produit\/swiss-military-sm34107-04-montre-chronographe-classique-vert-acier\/","og_locale":"fr_FR","og_type":"article","og_title":"Swiss Military SM34107.04 - Montre chronographe classique vert acier","og_description":"Montre chronographe classique Swiss Military SM34107.04 avec cadran vert, bo\u00eetier et bracelet en acier inoxydable. Mouvement fabriqu\u00e9 en Suisse, garantie de 5 ans","og_url":"https:\/\/swissmilitarywatches.ch\/fr\/produit\/swiss-military-sm34107-04-montre-chronographe-classique-vert-acier\/","og_site_name":"Swiss Military by Chrono","article_publisher":"https:\/\/m.facebook.com\/swissmilitarybychronoofficial\/","article_modified_time":"2025-11-23T22:01:34+00:00","og_image":[{"width":1300,"height":1642,"url":"https:\/\/swissmilitarywatches.ch\/wp-content\/uploads\/2024\/12\/SM34107.04.png","type":"image\/png"}],"twitter_card":"summary_large_image","twitter_misc":{"Prix":"&euro;379.00 inc. TVA","Disponibilit\u00e9":"En stock"},"schema":{"@context":"https:\/\/schema.org","@graph":[{"@type":"WebPage","@id":"https:\/\/swissmilitarywatches.ch\/fr\/produit\/swiss-military-sm34107-04-montre-chronographe-classique-vert-acier\/","url":"https:\/\/swissmilitarywatches.ch\/fr\/produit\/swiss-military-sm34107-04-montre-chronographe-classique-vert-acier\/","name":"Swiss Military SM34107.04 - Montre chronographe classique vert acier","isPartOf":{"@id":"https:\/\/swissmilitarywatches.ch\/fr\/#website"},"primaryImageOfPage":{"@id":"https:\/\/swissmilitarywatches.ch\/fr\/produit\/swiss-military-sm34107-04-montre-chronographe-classique-vert-acier\/#primaryimage"},"image":{"@id":"https:\/\/swissmilitarywatches.ch\/fr\/produit\/swiss-military-sm34107-04-montre-chronographe-classique-vert-acier\/#primaryimage"},"thumbnailUrl":"https:\/\/swissmilitarywatches.ch\/wp-content\/uploads\/2024\/12\/SM34107.04.png","datePublished":"2024-12-11T06:42:47+00:00","dateModified":"2025-11-23T22:01:34+00:00","description":"Montre chronographe classique Swiss Military SM34107.04 avec cadran vert, bo\u00eetier et bracelet en acier inoxydable. Mouvement fabriqu\u00e9 en Suisse, garantie de 5 ans","breadcrumb":{"@id":"https:\/\/swissmilitarywatches.ch\/fr\/produit\/swiss-military-sm34107-04-montre-chronographe-classique-vert-acier\/#breadcrumb"},"inLanguage":"fr-FR","potentialAction":[{"@type":"ReadAction","target":["https:\/\/swissmilitarywatches.ch\/fr\/produit\/swiss-military-sm34107-04-montre-chronographe-classique-vert-acier\/"]}]},{"@type":"ImageObject","inLanguage":"fr-FR","@id":"https:\/\/swissmilitarywatches.ch\/fr\/produit\/swiss-military-sm34107-04-montre-chronographe-classique-vert-acier\/#primaryimage","url":"https:\/\/swissmilitarywatches.ch\/wp-content\/uploads\/2024\/12\/SM34107.04.png","contentUrl":"https:\/\/swissmilitarywatches.ch\/wp-content\/uploads\/2024\/12\/SM34107.04.png","width":1300,"height":1642,"caption":"Swiss Military SM34107.04 Classic Chronograph Watch Green Steel \u2013 A bold and elegant chronograph with Swiss precision."},{"@type":"BreadcrumbList","@id":"https:\/\/swissmilitarywatches.ch\/fr\/produit\/swiss-military-sm34107-04-montre-chronographe-classique-vert-acier\/#breadcrumb","itemListElement":[{"@type":"ListItem","position":1,"name":"Home","item":"https:\/\/swissmilitarywatches.ch\/fr\/home\/"},{"@type":"ListItem","position":2,"name":"Boutique","item":"https:\/\/swissmilitarywatches.ch\/fr\/boutique\/"},{"@type":"ListItem","position":3,"name":"Toutes les montres","item":"https:\/\/swissmilitarywatches.ch\/fr\/categorie-produit-fr\/toutes-les-montres\/"},{"@type":"ListItem","position":4,"name":"Montres pour hommes","item":"https:\/\/swissmilitarywatches.ch\/fr\/categorie-produit-fr\/toutes-les-montres\/montres-pour-hommes\/"},{"@type":"ListItem","position":5,"name":"Montres chronographes","item":"https:\/\/swissmilitarywatches.ch\/fr\/categorie-produit-fr\/toutes-les-montres\/montres-pour-hommes\/montres-chronographes\/"},{"@type":"ListItem","position":6,"name":"Swiss Military SM34107.04 &#8211; Montre chronographe classique vert acier"}]},{"@type":"WebSite","@id":"https:\/\/swissmilitarywatches.ch\/fr\/#website","url":"https:\/\/swissmilitarywatches.ch\/fr\/","name":"Swiss Military by Chrono","description":"Official Licensed Product of the Swiss Confederation","publisher":{"@id":"https:\/\/swissmilitarywatches.ch\/fr\/#organization"},"potentialAction":[{"@type":"SearchAction","target":{"@type":"EntryPoint","urlTemplate":"https:\/\/swissmilitarywatches.ch\/fr\/?s={search_term_string}"},"query-input":{"@type":"PropertyValueSpecification","valueRequired":true,"valueName":"search_term_string"}}],"inLanguage":"fr-FR"},{"@type":"Organization","@id":"https:\/\/swissmilitarywatches.ch\/fr\/#organization","name":"Swiss Military by Chrono","url":"https:\/\/swissmilitarywatches.ch\/fr\/","logo":{"@type":"ImageObject","inLanguage":"fr-FR","@id":"https:\/\/swissmilitarywatches.ch\/fr\/#\/schema\/logo\/image\/","url":"https:\/\/swissmilitarywatches.ch\/wp-content\/uploads\/2020\/04\/cropped-SM_logo_512x512px.jpg","contentUrl":"https:\/\/swissmilitarywatches.ch\/wp-content\/uploads\/2020\/04\/cropped-SM_logo_512x512px.jpg","width":512,"height":512,"caption":"Swiss Military by Chrono"},"image":{"@id":"https:\/\/swissmilitarywatches.ch\/fr\/#\/schema\/logo\/image\/"},"sameAs":["https:\/\/m.facebook.com\/swissmilitarybychronoofficial\/","https:\/\/www.instagram.com\/swissmilitarybychrono\/","https:\/\/www.pinterest.ch\/swissmilitarybychrono\/"]}]},"product_brand":"Swiss Military by Chrono","product_price_amount":"379.00","product_price_currency":"EUR","og_availability":"instock","product_availability":"instock","product_retailer_item_id":"SM34107.04","product_condition":"new"},"jetpack_sharing_enabled":true,"_links":{"self":[{"href":"https:\/\/swissmilitarywatches.ch\/fr\/wp-json\/wp\/v2\/product\/21044","targetHints":{"allow":["GET"]}}],"collection":[{"href":"https:\/\/swissmilitarywatches.ch\/fr\/wp-json\/wp\/v2\/product"}],"about":[{"href":"https:\/\/swissmilitarywatches.ch\/fr\/wp-json\/wp\/v2\/types\/product"}],"replies":[{"embeddable":true,"href":"https:\/\/swissmilitarywatches.ch\/fr\/wp-json\/wp\/v2\/comments?post=21044"}],"wp:featuredmedia":[{"embeddable":true,"href":"https:\/\/swissmilitarywatches.ch\/fr\/wp-json\/wp\/v2\/media\/20997"}],"wp:attachment":[{"href":"https:\/\/swissmilitarywatches.ch\/fr\/wp-json\/wp\/v2\/media?parent=21044"}],"wp:term":[{"taxonomy":"product_brand","embeddable":true,"href":"https:\/\/swissmilitarywatches.ch\/fr\/wp-json\/wp\/v2\/product_brand?post=21044"},{"taxonomy":"product_cat","embeddable":true,"href":"https:\/\/swissmilitarywatches.ch\/fr\/wp-json\/wp\/v2\/product_cat?post=21044"},{"taxonomy":"product_tag","embeddable":true,"href":"https:\/\/swissmilitarywatches.ch\/fr\/wp-json\/wp\/v2\/product_tag?post=21044"}],"curies":[{"name":"wp","href":"https:\/\/api.w.org\/{rel}","templated":true}]}}