{"id":21043,"date":"2024-12-11T08:42:47","date_gmt":"2024-12-11T06:42:47","guid":{"rendered":"https:\/\/swissmilitarywatches.ch\/shop\/swiss-military-sm34107-03-montre-chronographe-classique-bleu-acier\/"},"modified":"2025-11-24T00:01:34","modified_gmt":"2025-11-23T22:01:34","slug":"swiss-military-sm34107-03-montre-chronographe-classique-bleu-acier","status":"publish","type":"product","link":"https:\/\/swissmilitarywatches.ch\/fr\/produit\/swiss-military-sm34107-03-montre-chronographe-classique-bleu-acier\/","title":{"rendered":"Swiss Military SM34107.03 &#8211; Montre chronographe classique bleu acier"},"content":{"rendered":"<p>La montre chronographe classique Swiss Military SM34107.03 Blue Steel allie \u00e9l\u00e9gance et performance sportive. Son cadran bleu \u00e0 effet soleill\u00e9 brille intens\u00e9ment dans un bo\u00eetier en acier inoxydable, offrant \u00e0 la fois solidit\u00e9 et style. Le bracelet pr\u00e9sente des maillons ext\u00e9rieurs larges et cinq maillons centraux fins, offrant un ajustement confortable.<\/p>\n<p>Le verre saphir prot\u00e8ge le cadran, le maintenant clair et sans rayures. Les aiguilles et index lumineux am\u00e9liorent la visibilit\u00e9 en faible luminosit\u00e9, tandis que le mouvement chronographe fabriqu\u00e9 en Suisse assure une mesure du temps pr\u00e9cise. Cette montre est assembl\u00e9e \u00e0 la main dans notre atelier suisse interne, mettant en valeur un savoir-faire expert.<\/p>\n<p>De plus, la Swiss Military SM34107.03 est livr\u00e9e avec une garantie internationale de 5 ans, vous offrant ainsi une protection suppl\u00e9mentaire et une tranquillit\u00e9 d&rsquo;esprit.<\/p>\n<p>Avec son design \u00e9pur\u00e9, ce chronographe convient \u00e0 toutes les occasions. Que vous soyez dans un cadre formel ou en train de profiter d&rsquo;une journ\u00e9e d\u00e9contract\u00e9e, il offre \u00e0 la fois style et fonctionnalit\u00e9.<\/p>\n<p>Caract\u00e9ristiques Cl\u00e9s :<\/p>\n<ul>\n<li><strong>Cadran : <\/strong>Cadran bleu soleil avec aiguilles et index luminescents pour une visibilit\u00e9 claire.<\/li>\n<li><strong>Bo\u00eetier :<\/strong> Bo\u00eetier en acier inoxydable de 40 mm pour allier robustesse et \u00e9l\u00e9gance.<\/li>\n<li><strong>Bracelet :<\/strong> Bracelet en acier inoxydable avec des maillons ext\u00e9rieurs larges et cinq maillons centraux fins pour un confort optimal.<\/li>\n<li><strong>Verre : <\/strong>Cristal saphir r\u00e9sistant aux rayures pour une clart\u00e9 durable.<\/li>\n<li><strong>Mouvement :<\/strong> Mouvement chronographe fabriqu\u00e9 en Suisse pour un chronom\u00e9trage fiable.<\/li>\n<li><strong>Assemblage :<\/strong> Assembl\u00e9e \u00e0 la main dans notre atelier suisse pour un savoir-faire de qualit\u00e9 sup\u00e9rieure.<\/li>\n<li><strong>Garantie :<\/strong> Inclut une garantie internationale de 5 ans pour une tranquillit\u00e9 d&rsquo;esprit suppl\u00e9mentaire.<\/li>\n<\/ul>\n","protected":false},"excerpt":{"rendered":"<p>La montre chronographe classique<strong> Swiss Military SM34107.03 <\/strong>pr\u00e9sente un cadran bleu \u00e0 effet soleill\u00e9, un bo\u00eetier et un bracelet en acier inoxydable, offrant une pr\u00e9cision suisse et un style polyvalent.<\/p>\n","protected":false},"featured_media":20992,"comment_status":"open","ping_status":"closed","template":"","meta":[],"product_brand":[],"product_cat":[2966,2295,2293,2294],"product_tag":[],"class_list":{"0":"post-21043","1":"product","2":"type-product","3":"status-publish","4":"has-post-thumbnail","6":"product_cat-sm34107-fr","7":"product_cat-toutes-les-montres","8":"product_cat-montres-pour-hommes","9":"product_cat-montres-chronographes","10":"product_shipping_class-livraison-flexible","12":"first","13":"instock","14":"taxable","15":"shipping-taxable","16":"purchasable","17":"product-type-simple"},"yoast_head":"<!-- This site is optimized with the Yoast SEO Premium plugin v26.6 (Yoast SEO v26.6) - https:\/\/yoast.com\/wordpress\/plugins\/seo\/ -->\n<title>Swiss Military SM34107.03 - Montre chronographe classique bleu acier<\/title>\n<meta name=\"description\" content=\"Montre chronographe classique Swiss Military SM34107.03 avec cadran bleu, bo\u00eetier et bracelet en acier inoxydable. Pr\u00e9cision, style et performance fabriqu\u00e9s en Suisse.\" \/>\n<meta name=\"robots\" content=\"index, follow, max-snippet:-1, max-image-preview:large, max-video-preview:-1\" \/>\n<link rel=\"canonical\" href=\"https:\/\/swissmilitarywatches.ch\/fr\/produit\/swiss-military-sm34107-03-montre-chronographe-classique-bleu-acier\/\" \/>\n<meta property=\"og:locale\" content=\"fr_FR\" \/>\n<meta property=\"og:type\" content=\"article\" \/>\n<meta property=\"og:title\" content=\"Swiss Military SM34107.03 - Montre chronographe classique bleu acier\" \/>\n<meta property=\"og:description\" content=\"Montre chronographe classique Swiss Military SM34107.03 avec cadran bleu, bo\u00eetier et bracelet en acier inoxydable. Pr\u00e9cision, style et performance fabriqu\u00e9s en Suisse.\" \/>\n<meta property=\"og:url\" content=\"https:\/\/swissmilitarywatches.ch\/fr\/produit\/swiss-military-sm34107-03-montre-chronographe-classique-bleu-acier\/\" \/>\n<meta property=\"og:site_name\" content=\"Swiss Military by Chrono\" \/>\n<meta property=\"article:publisher\" content=\"https:\/\/m.facebook.com\/swissmilitarybychronoofficial\/\" \/>\n<meta property=\"article:modified_time\" content=\"2025-11-23T22:01:34+00:00\" \/>\n<meta property=\"og:image\" content=\"https:\/\/swissmilitarywatches.ch\/wp-content\/uploads\/2024\/12\/SM34107.03.png\" \/>\n\t<meta property=\"og:image:width\" content=\"1300\" \/>\n\t<meta property=\"og:image:height\" content=\"1642\" \/>\n\t<meta property=\"og:image:type\" content=\"image\/png\" \/>\n<meta name=\"twitter:card\" content=\"summary_large_image\" \/>\n<meta name=\"twitter:label1\" content=\"Prix\" \/>\n\t<meta name=\"twitter:data1\" content=\"&euro;379.00 inc. TVA\" \/>\n\t<meta name=\"twitter:label2\" content=\"Disponibilit\u00e9\" \/>\n\t<meta name=\"twitter:data2\" content=\"En stock\" \/>\n<script type=\"application\/ld+json\" class=\"yoast-schema-graph\">{\"@context\":\"https:\/\/schema.org\",\"@graph\":[{\"@type\":\"WebPage\",\"@id\":\"https:\/\/swissmilitarywatches.ch\/fr\/produit\/swiss-military-sm34107-03-montre-chronographe-classique-bleu-acier\/\",\"url\":\"https:\/\/swissmilitarywatches.ch\/fr\/produit\/swiss-military-sm34107-03-montre-chronographe-classique-bleu-acier\/\",\"name\":\"Swiss Military SM34107.03 - Montre chronographe classique bleu acier\",\"isPartOf\":{\"@id\":\"https:\/\/swissmilitarywatches.ch\/fr\/#website\"},\"primaryImageOfPage\":{\"@id\":\"https:\/\/swissmilitarywatches.ch\/fr\/produit\/swiss-military-sm34107-03-montre-chronographe-classique-bleu-acier\/#primaryimage\"},\"image\":{\"@id\":\"https:\/\/swissmilitarywatches.ch\/fr\/produit\/swiss-military-sm34107-03-montre-chronographe-classique-bleu-acier\/#primaryimage\"},\"thumbnailUrl\":\"https:\/\/swissmilitarywatches.ch\/wp-content\/uploads\/2024\/12\/SM34107.03.png\",\"datePublished\":\"2024-12-11T06:42:47+00:00\",\"dateModified\":\"2025-11-23T22:01:34+00:00\",\"description\":\"Montre chronographe classique Swiss Military SM34107.03 avec cadran bleu, bo\u00eetier et bracelet en acier inoxydable. Pr\u00e9cision, style et performance fabriqu\u00e9s en Suisse.\",\"breadcrumb\":{\"@id\":\"https:\/\/swissmilitarywatches.ch\/fr\/produit\/swiss-military-sm34107-03-montre-chronographe-classique-bleu-acier\/#breadcrumb\"},\"inLanguage\":\"fr-FR\",\"potentialAction\":[{\"@type\":\"ReadAction\",\"target\":[\"https:\/\/swissmilitarywatches.ch\/fr\/produit\/swiss-military-sm34107-03-montre-chronographe-classique-bleu-acier\/\"]}]},{\"@type\":\"ImageObject\",\"inLanguage\":\"fr-FR\",\"@id\":\"https:\/\/swissmilitarywatches.ch\/fr\/produit\/swiss-military-sm34107-03-montre-chronographe-classique-bleu-acier\/#primaryimage\",\"url\":\"https:\/\/swissmilitarywatches.ch\/wp-content\/uploads\/2024\/12\/SM34107.03.png\",\"contentUrl\":\"https:\/\/swissmilitarywatches.ch\/wp-content\/uploads\/2024\/12\/SM34107.03.png\",\"width\":1300,\"height\":1642,\"caption\":\"Swiss Military SM34107.03 Classic Chronograph Watch Blue Steel \u2013 A blend of elegance and sporty precision\"},{\"@type\":\"BreadcrumbList\",\"@id\":\"https:\/\/swissmilitarywatches.ch\/fr\/produit\/swiss-military-sm34107-03-montre-chronographe-classique-bleu-acier\/#breadcrumb\",\"itemListElement\":[{\"@type\":\"ListItem\",\"position\":1,\"name\":\"Home\",\"item\":\"https:\/\/swissmilitarywatches.ch\/fr\/home\/\"},{\"@type\":\"ListItem\",\"position\":2,\"name\":\"Boutique\",\"item\":\"https:\/\/swissmilitarywatches.ch\/fr\/boutique\/\"},{\"@type\":\"ListItem\",\"position\":3,\"name\":\"Toutes les montres\",\"item\":\"https:\/\/swissmilitarywatches.ch\/fr\/categorie-produit-fr\/toutes-les-montres\/\"},{\"@type\":\"ListItem\",\"position\":4,\"name\":\"Montres pour hommes\",\"item\":\"https:\/\/swissmilitarywatches.ch\/fr\/categorie-produit-fr\/toutes-les-montres\/montres-pour-hommes\/\"},{\"@type\":\"ListItem\",\"position\":5,\"name\":\"Montres chronographes\",\"item\":\"https:\/\/swissmilitarywatches.ch\/fr\/categorie-produit-fr\/toutes-les-montres\/montres-pour-hommes\/montres-chronographes\/\"},{\"@type\":\"ListItem\",\"position\":6,\"name\":\"Swiss Military SM34107.03 &#8211; Montre chronographe classique bleu acier\"}]},{\"@type\":\"WebSite\",\"@id\":\"https:\/\/swissmilitarywatches.ch\/fr\/#website\",\"url\":\"https:\/\/swissmilitarywatches.ch\/fr\/\",\"name\":\"Swiss Military by Chrono\",\"description\":\"Official Licensed Product of the Swiss Confederation\",\"publisher\":{\"@id\":\"https:\/\/swissmilitarywatches.ch\/fr\/#organization\"},\"potentialAction\":[{\"@type\":\"SearchAction\",\"target\":{\"@type\":\"EntryPoint\",\"urlTemplate\":\"https:\/\/swissmilitarywatches.ch\/fr\/?s={search_term_string}\"},\"query-input\":{\"@type\":\"PropertyValueSpecification\",\"valueRequired\":true,\"valueName\":\"search_term_string\"}}],\"inLanguage\":\"fr-FR\"},{\"@type\":\"Organization\",\"@id\":\"https:\/\/swissmilitarywatches.ch\/fr\/#organization\",\"name\":\"Swiss Military by Chrono\",\"url\":\"https:\/\/swissmilitarywatches.ch\/fr\/\",\"logo\":{\"@type\":\"ImageObject\",\"inLanguage\":\"fr-FR\",\"@id\":\"https:\/\/swissmilitarywatches.ch\/fr\/#\/schema\/logo\/image\/\",\"url\":\"https:\/\/swissmilitarywatches.ch\/wp-content\/uploads\/2020\/04\/cropped-SM_logo_512x512px.jpg\",\"contentUrl\":\"https:\/\/swissmilitarywatches.ch\/wp-content\/uploads\/2020\/04\/cropped-SM_logo_512x512px.jpg\",\"width\":512,\"height\":512,\"caption\":\"Swiss Military by Chrono\"},\"image\":{\"@id\":\"https:\/\/swissmilitarywatches.ch\/fr\/#\/schema\/logo\/image\/\"},\"sameAs\":[\"https:\/\/m.facebook.com\/swissmilitarybychronoofficial\/\",\"https:\/\/www.instagram.com\/swissmilitarybychrono\/\",\"https:\/\/www.pinterest.ch\/swissmilitarybychrono\/\"]}]}<\/script>\n<meta property=\"product:brand\" content=\"Swiss Military by Chrono\" \/>\n<meta property=\"product:price:amount\" content=\"379.00\" \/>\n<meta property=\"product:price:currency\" content=\"EUR\" \/>\n<meta property=\"og:availability\" content=\"instock\" \/>\n<meta property=\"product:availability\" content=\"instock\" \/>\n<meta property=\"product:retailer_item_id\" content=\"SM34107.03\" \/>\n<meta property=\"product:condition\" content=\"new\" \/>\n<!-- \/ Yoast SEO Premium plugin. -->","yoast_head_json":{"title":"Swiss Military SM34107.03 - Montre chronographe classique bleu acier","description":"Montre chronographe classique Swiss Military SM34107.03 avec cadran bleu, bo\u00eetier et bracelet en acier inoxydable. Pr\u00e9cision, style et performance fabriqu\u00e9s en Suisse.","robots":{"index":"index","follow":"follow","max-snippet":"max-snippet:-1","max-image-preview":"max-image-preview:large","max-video-preview":"max-video-preview:-1"},"canonical":"https:\/\/swissmilitarywatches.ch\/fr\/produit\/swiss-military-sm34107-03-montre-chronographe-classique-bleu-acier\/","og_locale":"fr_FR","og_type":"article","og_title":"Swiss Military SM34107.03 - Montre chronographe classique bleu acier","og_description":"Montre chronographe classique Swiss Military SM34107.03 avec cadran bleu, bo\u00eetier et bracelet en acier inoxydable. Pr\u00e9cision, style et performance fabriqu\u00e9s en Suisse.","og_url":"https:\/\/swissmilitarywatches.ch\/fr\/produit\/swiss-military-sm34107-03-montre-chronographe-classique-bleu-acier\/","og_site_name":"Swiss Military by Chrono","article_publisher":"https:\/\/m.facebook.com\/swissmilitarybychronoofficial\/","article_modified_time":"2025-11-23T22:01:34+00:00","og_image":[{"width":1300,"height":1642,"url":"https:\/\/swissmilitarywatches.ch\/wp-content\/uploads\/2024\/12\/SM34107.03.png","type":"image\/png"}],"twitter_card":"summary_large_image","twitter_misc":{"Prix":"&euro;379.00 inc. TVA","Disponibilit\u00e9":"En stock"},"schema":{"@context":"https:\/\/schema.org","@graph":[{"@type":"WebPage","@id":"https:\/\/swissmilitarywatches.ch\/fr\/produit\/swiss-military-sm34107-03-montre-chronographe-classique-bleu-acier\/","url":"https:\/\/swissmilitarywatches.ch\/fr\/produit\/swiss-military-sm34107-03-montre-chronographe-classique-bleu-acier\/","name":"Swiss Military SM34107.03 - Montre chronographe classique bleu acier","isPartOf":{"@id":"https:\/\/swissmilitarywatches.ch\/fr\/#website"},"primaryImageOfPage":{"@id":"https:\/\/swissmilitarywatches.ch\/fr\/produit\/swiss-military-sm34107-03-montre-chronographe-classique-bleu-acier\/#primaryimage"},"image":{"@id":"https:\/\/swissmilitarywatches.ch\/fr\/produit\/swiss-military-sm34107-03-montre-chronographe-classique-bleu-acier\/#primaryimage"},"thumbnailUrl":"https:\/\/swissmilitarywatches.ch\/wp-content\/uploads\/2024\/12\/SM34107.03.png","datePublished":"2024-12-11T06:42:47+00:00","dateModified":"2025-11-23T22:01:34+00:00","description":"Montre chronographe classique Swiss Military SM34107.03 avec cadran bleu, bo\u00eetier et bracelet en acier inoxydable. Pr\u00e9cision, style et performance fabriqu\u00e9s en Suisse.","breadcrumb":{"@id":"https:\/\/swissmilitarywatches.ch\/fr\/produit\/swiss-military-sm34107-03-montre-chronographe-classique-bleu-acier\/#breadcrumb"},"inLanguage":"fr-FR","potentialAction":[{"@type":"ReadAction","target":["https:\/\/swissmilitarywatches.ch\/fr\/produit\/swiss-military-sm34107-03-montre-chronographe-classique-bleu-acier\/"]}]},{"@type":"ImageObject","inLanguage":"fr-FR","@id":"https:\/\/swissmilitarywatches.ch\/fr\/produit\/swiss-military-sm34107-03-montre-chronographe-classique-bleu-acier\/#primaryimage","url":"https:\/\/swissmilitarywatches.ch\/wp-content\/uploads\/2024\/12\/SM34107.03.png","contentUrl":"https:\/\/swissmilitarywatches.ch\/wp-content\/uploads\/2024\/12\/SM34107.03.png","width":1300,"height":1642,"caption":"Swiss Military SM34107.03 Classic Chronograph Watch Blue Steel \u2013 A blend of elegance and sporty precision"},{"@type":"BreadcrumbList","@id":"https:\/\/swissmilitarywatches.ch\/fr\/produit\/swiss-military-sm34107-03-montre-chronographe-classique-bleu-acier\/#breadcrumb","itemListElement":[{"@type":"ListItem","position":1,"name":"Home","item":"https:\/\/swissmilitarywatches.ch\/fr\/home\/"},{"@type":"ListItem","position":2,"name":"Boutique","item":"https:\/\/swissmilitarywatches.ch\/fr\/boutique\/"},{"@type":"ListItem","position":3,"name":"Toutes les montres","item":"https:\/\/swissmilitarywatches.ch\/fr\/categorie-produit-fr\/toutes-les-montres\/"},{"@type":"ListItem","position":4,"name":"Montres pour hommes","item":"https:\/\/swissmilitarywatches.ch\/fr\/categorie-produit-fr\/toutes-les-montres\/montres-pour-hommes\/"},{"@type":"ListItem","position":5,"name":"Montres chronographes","item":"https:\/\/swissmilitarywatches.ch\/fr\/categorie-produit-fr\/toutes-les-montres\/montres-pour-hommes\/montres-chronographes\/"},{"@type":"ListItem","position":6,"name":"Swiss Military SM34107.03 &#8211; Montre chronographe classique bleu acier"}]},{"@type":"WebSite","@id":"https:\/\/swissmilitarywatches.ch\/fr\/#website","url":"https:\/\/swissmilitarywatches.ch\/fr\/","name":"Swiss Military by Chrono","description":"Official Licensed Product of the Swiss Confederation","publisher":{"@id":"https:\/\/swissmilitarywatches.ch\/fr\/#organization"},"potentialAction":[{"@type":"SearchAction","target":{"@type":"EntryPoint","urlTemplate":"https:\/\/swissmilitarywatches.ch\/fr\/?s={search_term_string}"},"query-input":{"@type":"PropertyValueSpecification","valueRequired":true,"valueName":"search_term_string"}}],"inLanguage":"fr-FR"},{"@type":"Organization","@id":"https:\/\/swissmilitarywatches.ch\/fr\/#organization","name":"Swiss Military by Chrono","url":"https:\/\/swissmilitarywatches.ch\/fr\/","logo":{"@type":"ImageObject","inLanguage":"fr-FR","@id":"https:\/\/swissmilitarywatches.ch\/fr\/#\/schema\/logo\/image\/","url":"https:\/\/swissmilitarywatches.ch\/wp-content\/uploads\/2020\/04\/cropped-SM_logo_512x512px.jpg","contentUrl":"https:\/\/swissmilitarywatches.ch\/wp-content\/uploads\/2020\/04\/cropped-SM_logo_512x512px.jpg","width":512,"height":512,"caption":"Swiss Military by Chrono"},"image":{"@id":"https:\/\/swissmilitarywatches.ch\/fr\/#\/schema\/logo\/image\/"},"sameAs":["https:\/\/m.facebook.com\/swissmilitarybychronoofficial\/","https:\/\/www.instagram.com\/swissmilitarybychrono\/","https:\/\/www.pinterest.ch\/swissmilitarybychrono\/"]}]},"product_brand":"Swiss Military by Chrono","product_price_amount":"379.00","product_price_currency":"EUR","og_availability":"instock","product_availability":"instock","product_retailer_item_id":"SM34107.03","product_condition":"new"},"jetpack_sharing_enabled":true,"_links":{"self":[{"href":"https:\/\/swissmilitarywatches.ch\/fr\/wp-json\/wp\/v2\/product\/21043","targetHints":{"allow":["GET"]}}],"collection":[{"href":"https:\/\/swissmilitarywatches.ch\/fr\/wp-json\/wp\/v2\/product"}],"about":[{"href":"https:\/\/swissmilitarywatches.ch\/fr\/wp-json\/wp\/v2\/types\/product"}],"replies":[{"embeddable":true,"href":"https:\/\/swissmilitarywatches.ch\/fr\/wp-json\/wp\/v2\/comments?post=21043"}],"wp:featuredmedia":[{"embeddable":true,"href":"https:\/\/swissmilitarywatches.ch\/fr\/wp-json\/wp\/v2\/media\/20992"}],"wp:attachment":[{"href":"https:\/\/swissmilitarywatches.ch\/fr\/wp-json\/wp\/v2\/media?parent=21043"}],"wp:term":[{"taxonomy":"product_brand","embeddable":true,"href":"https:\/\/swissmilitarywatches.ch\/fr\/wp-json\/wp\/v2\/product_brand?post=21043"},{"taxonomy":"product_cat","embeddable":true,"href":"https:\/\/swissmilitarywatches.ch\/fr\/wp-json\/wp\/v2\/product_cat?post=21043"},{"taxonomy":"product_tag","embeddable":true,"href":"https:\/\/swissmilitarywatches.ch\/fr\/wp-json\/wp\/v2\/product_tag?post=21043"}],"curies":[{"name":"wp","href":"https:\/\/api.w.org\/{rel}","templated":true}]}}