{"id":21042,"date":"2024-12-11T08:42:47","date_gmt":"2024-12-11T06:42:47","guid":{"rendered":"https:\/\/swissmilitarywatches.ch\/shop\/swiss-military-sm34107-06-montre-chronographe-classique-argent-bicolore\/"},"modified":"2025-11-24T00:01:36","modified_gmt":"2025-11-23T22:01:36","slug":"swiss-military-sm34107-06-montre-chronographe-classique-argent-bicolore","status":"publish","type":"product","link":"https:\/\/swissmilitarywatches.ch\/fr\/produit\/swiss-military-sm34107-06-montre-chronographe-classique-argent-bicolore\/","title":{"rendered":"Swiss Military SM34107.06 &#8211; Montre chronographe classique argent bicolore"},"content":{"rendered":"<p>La Swiss Military SM34107.06 allie \u00e9l\u00e9gance et durabilit\u00e9 dans une montre exceptionnelle. Le cadran argent soleil capte la lumi\u00e8re, tandis que le bo\u00eetier bicolore en acier inoxydable allie robustesse et sophistication. Son bracelet unique pr\u00e9sente des maillons ext\u00e9rieurs larges et cinq maillons centraux fins, garantissant un ajustement confortable et une allure durable. Gr\u00e2ce au verre saphir r\u00e9sistant aux rayures, cette montre reste comme neuve m\u00eame apr\u00e8s un usage quotidien. Les aiguilles et les index luminescents assurent une lisibilit\u00e9 parfaite, m\u00eame en faible luminosit\u00e9, alliant praticit\u00e9 et style. Aliment\u00e9e par un mouvement chronographe fabriqu\u00e9 en Suisse, elle garantit un chronom\u00e9trage pr\u00e9cis. Chaque pi\u00e8ce est assembl\u00e9e \u00e0 la main dans notre atelier suisse, reflet de notre engagement envers la qualit\u00e9 et le savoir-faire. Vous pouvez compter sur cette montre pour r\u00e9sister \u00e0 l\u2019\u00e9preuve du temps. La Swiss Military SM34107.06 est accompagn\u00e9e d\u2019une garantie internationale de 5 ans, vous offrant une tranquillit\u00e9 d\u2019esprit et une s\u00e9curit\u00e9 suppl\u00e9mentaires lors de votre achat.  <\/p>\n<p><strong>Caract\u00e9ristiques Cl\u00e9s :<\/strong><\/p>\n<ul>\n<li><strong>Cadran <\/strong>: Cadran argent soleil avec aiguilles luminescentes pour une lecture facile.<\/li>\n<li><strong>Bo\u00eetier :<\/strong> Bo\u00eetier bicolore en acier inoxydable de 40 mm, offrant un design \u00e9l\u00e9gant et durable.<\/li>\n<li><strong>Bracelet : <\/strong>Bracelet en acier inoxydable confortable avec des maillons ext\u00e9rieurs larges et cinq maillons centraux fins.<\/li>\n<li><strong>Verre : <\/strong>Verre saphir r\u00e9sistant aux rayures pour une durabilit\u00e9 accrue.<\/li>\n<li><strong>Mouvement :<\/strong> Mouvement chronographe fabriqu\u00e9 en Suisse pour un chronom\u00e9trage pr\u00e9cis.<\/li>\n<li><strong>Assemblage :<\/strong> Assembl\u00e9e \u00e0 la main dans notre atelier suisse pour un savoir-faire de premier ordre.<\/li>\n<li><strong>Garantie : <\/strong>Inclut une garantie internationale de 5 ans pour une s\u00e9curit\u00e9 renforc\u00e9e.<\/li>\n<\/ul>\n","protected":false},"excerpt":{"rendered":"<p>La montre chronographe classique <strong>Swiss Military SM34107.06<\/strong> combine un cadran argent soleil, un bo\u00eetier bicolore en acier inoxydable et un mouvement chronographe fabriqu\u00e9 en Suisse pour un style intemporel.<\/p>\n","protected":false},"featured_media":21007,"comment_status":"open","ping_status":"closed","template":"","meta":[],"product_brand":[],"product_cat":[2966,2295,2293,2294],"product_tag":[],"class_list":{"0":"post-21042","1":"product","2":"type-product","3":"status-publish","4":"has-post-thumbnail","6":"product_cat-sm34107-fr","7":"product_cat-toutes-les-montres","8":"product_cat-montres-pour-hommes","9":"product_cat-montres-chronographes","10":"product_shipping_class-livraison-flexible","12":"first","13":"instock","14":"taxable","15":"shipping-taxable","16":"purchasable","17":"product-type-simple"},"yoast_head":"<!-- This site is optimized with the Yoast SEO Premium plugin v26.6 (Yoast SEO v26.6) - https:\/\/yoast.com\/wordpress\/plugins\/seo\/ -->\n<title>Swiss Military SM34107.06 - Montre chronographe classique argent bicolore<\/title>\n<meta name=\"description\" content=\"Montre chronographe classique Swiss Military SM34107.06 avec cadran argent soleil, bo\u00eetier bicolore en acier inoxydable et mouvement fabriqu\u00e9 en Suisse, garantie de 5 ans.\" \/>\n<meta name=\"robots\" content=\"index, follow, max-snippet:-1, max-image-preview:large, max-video-preview:-1\" \/>\n<link rel=\"canonical\" href=\"https:\/\/swissmilitarywatches.ch\/fr\/produit\/swiss-military-sm34107-06-montre-chronographe-classique-argent-bicolore\/\" \/>\n<meta property=\"og:locale\" content=\"fr_FR\" \/>\n<meta property=\"og:type\" content=\"article\" \/>\n<meta property=\"og:title\" content=\"Swiss Military SM34107.06 - Montre chronographe classique argent bicolore\" \/>\n<meta property=\"og:description\" content=\"Montre chronographe classique Swiss Military SM34107.06 avec cadran argent soleil, bo\u00eetier bicolore en acier inoxydable et mouvement fabriqu\u00e9 en Suisse, garantie de 5 ans.\" \/>\n<meta property=\"og:url\" content=\"https:\/\/swissmilitarywatches.ch\/fr\/produit\/swiss-military-sm34107-06-montre-chronographe-classique-argent-bicolore\/\" \/>\n<meta property=\"og:site_name\" content=\"Swiss Military by Chrono\" \/>\n<meta property=\"article:publisher\" content=\"https:\/\/m.facebook.com\/swissmilitarybychronoofficial\/\" \/>\n<meta property=\"article:modified_time\" content=\"2025-11-23T22:01:36+00:00\" \/>\n<meta property=\"og:image\" content=\"https:\/\/swissmilitarywatches.ch\/wp-content\/uploads\/2024\/12\/SM34107.06.png\" \/>\n\t<meta property=\"og:image:width\" content=\"1300\" \/>\n\t<meta property=\"og:image:height\" content=\"1642\" \/>\n\t<meta property=\"og:image:type\" content=\"image\/png\" \/>\n<meta name=\"twitter:card\" content=\"summary_large_image\" \/>\n<meta name=\"twitter:label1\" content=\"Prix\" \/>\n\t<meta name=\"twitter:data1\" content=\"&euro;399.00 inc. TVA\" \/>\n\t<meta name=\"twitter:label2\" content=\"Disponibilit\u00e9\" \/>\n\t<meta name=\"twitter:data2\" content=\"En stock\" \/>\n<script type=\"application\/ld+json\" class=\"yoast-schema-graph\">{\"@context\":\"https:\/\/schema.org\",\"@graph\":[{\"@type\":\"WebPage\",\"@id\":\"https:\/\/swissmilitarywatches.ch\/fr\/produit\/swiss-military-sm34107-06-montre-chronographe-classique-argent-bicolore\/\",\"url\":\"https:\/\/swissmilitarywatches.ch\/fr\/produit\/swiss-military-sm34107-06-montre-chronographe-classique-argent-bicolore\/\",\"name\":\"Swiss Military SM34107.06 - Montre chronographe classique argent bicolore\",\"isPartOf\":{\"@id\":\"https:\/\/swissmilitarywatches.ch\/fr\/#website\"},\"primaryImageOfPage\":{\"@id\":\"https:\/\/swissmilitarywatches.ch\/fr\/produit\/swiss-military-sm34107-06-montre-chronographe-classique-argent-bicolore\/#primaryimage\"},\"image\":{\"@id\":\"https:\/\/swissmilitarywatches.ch\/fr\/produit\/swiss-military-sm34107-06-montre-chronographe-classique-argent-bicolore\/#primaryimage\"},\"thumbnailUrl\":\"https:\/\/swissmilitarywatches.ch\/wp-content\/uploads\/2024\/12\/SM34107.06.png\",\"datePublished\":\"2024-12-11T06:42:47+00:00\",\"dateModified\":\"2025-11-23T22:01:36+00:00\",\"description\":\"Montre chronographe classique Swiss Military SM34107.06 avec cadran argent soleil, bo\u00eetier bicolore en acier inoxydable et mouvement fabriqu\u00e9 en Suisse, garantie de 5 ans.\",\"breadcrumb\":{\"@id\":\"https:\/\/swissmilitarywatches.ch\/fr\/produit\/swiss-military-sm34107-06-montre-chronographe-classique-argent-bicolore\/#breadcrumb\"},\"inLanguage\":\"fr-FR\",\"potentialAction\":[{\"@type\":\"ReadAction\",\"target\":[\"https:\/\/swissmilitarywatches.ch\/fr\/produit\/swiss-military-sm34107-06-montre-chronographe-classique-argent-bicolore\/\"]}]},{\"@type\":\"ImageObject\",\"inLanguage\":\"fr-FR\",\"@id\":\"https:\/\/swissmilitarywatches.ch\/fr\/produit\/swiss-military-sm34107-06-montre-chronographe-classique-argent-bicolore\/#primaryimage\",\"url\":\"https:\/\/swissmilitarywatches.ch\/wp-content\/uploads\/2024\/12\/SM34107.06.png\",\"contentUrl\":\"https:\/\/swissmilitarywatches.ch\/wp-content\/uploads\/2024\/12\/SM34107.06.png\",\"width\":1300,\"height\":1642,\"caption\":\"Swiss Military SM34107.06 Classic Chronograph Watch \u2013 Silver Sunray Dial, Bicolor Stainless Steel Case, Swiss-Made Movement.\"},{\"@type\":\"BreadcrumbList\",\"@id\":\"https:\/\/swissmilitarywatches.ch\/fr\/produit\/swiss-military-sm34107-06-montre-chronographe-classique-argent-bicolore\/#breadcrumb\",\"itemListElement\":[{\"@type\":\"ListItem\",\"position\":1,\"name\":\"Home\",\"item\":\"https:\/\/swissmilitarywatches.ch\/fr\/home\/\"},{\"@type\":\"ListItem\",\"position\":2,\"name\":\"Boutique\",\"item\":\"https:\/\/swissmilitarywatches.ch\/fr\/boutique\/\"},{\"@type\":\"ListItem\",\"position\":3,\"name\":\"Toutes les montres\",\"item\":\"https:\/\/swissmilitarywatches.ch\/fr\/categorie-produit-fr\/toutes-les-montres\/\"},{\"@type\":\"ListItem\",\"position\":4,\"name\":\"Montres pour hommes\",\"item\":\"https:\/\/swissmilitarywatches.ch\/fr\/categorie-produit-fr\/toutes-les-montres\/montres-pour-hommes\/\"},{\"@type\":\"ListItem\",\"position\":5,\"name\":\"Montres chronographes\",\"item\":\"https:\/\/swissmilitarywatches.ch\/fr\/categorie-produit-fr\/toutes-les-montres\/montres-pour-hommes\/montres-chronographes\/\"},{\"@type\":\"ListItem\",\"position\":6,\"name\":\"Swiss Military SM34107.06 &#8211; Montre chronographe classique argent bicolore\"}]},{\"@type\":\"WebSite\",\"@id\":\"https:\/\/swissmilitarywatches.ch\/fr\/#website\",\"url\":\"https:\/\/swissmilitarywatches.ch\/fr\/\",\"name\":\"Swiss Military by Chrono\",\"description\":\"Official Licensed Product of the Swiss Confederation\",\"publisher\":{\"@id\":\"https:\/\/swissmilitarywatches.ch\/fr\/#organization\"},\"potentialAction\":[{\"@type\":\"SearchAction\",\"target\":{\"@type\":\"EntryPoint\",\"urlTemplate\":\"https:\/\/swissmilitarywatches.ch\/fr\/?s={search_term_string}\"},\"query-input\":{\"@type\":\"PropertyValueSpecification\",\"valueRequired\":true,\"valueName\":\"search_term_string\"}}],\"inLanguage\":\"fr-FR\"},{\"@type\":\"Organization\",\"@id\":\"https:\/\/swissmilitarywatches.ch\/fr\/#organization\",\"name\":\"Swiss Military by Chrono\",\"url\":\"https:\/\/swissmilitarywatches.ch\/fr\/\",\"logo\":{\"@type\":\"ImageObject\",\"inLanguage\":\"fr-FR\",\"@id\":\"https:\/\/swissmilitarywatches.ch\/fr\/#\/schema\/logo\/image\/\",\"url\":\"https:\/\/swissmilitarywatches.ch\/wp-content\/uploads\/2020\/04\/cropped-SM_logo_512x512px.jpg\",\"contentUrl\":\"https:\/\/swissmilitarywatches.ch\/wp-content\/uploads\/2020\/04\/cropped-SM_logo_512x512px.jpg\",\"width\":512,\"height\":512,\"caption\":\"Swiss Military by Chrono\"},\"image\":{\"@id\":\"https:\/\/swissmilitarywatches.ch\/fr\/#\/schema\/logo\/image\/\"},\"sameAs\":[\"https:\/\/m.facebook.com\/swissmilitarybychronoofficial\/\",\"https:\/\/www.instagram.com\/swissmilitarybychrono\/\",\"https:\/\/www.pinterest.ch\/swissmilitarybychrono\/\"]}]}<\/script>\n<meta property=\"product:brand\" content=\"Swiss Military by Chrono\" \/>\n<meta property=\"product:price:amount\" content=\"399.00\" \/>\n<meta property=\"product:price:currency\" content=\"EUR\" \/>\n<meta property=\"og:availability\" content=\"instock\" \/>\n<meta property=\"product:availability\" content=\"instock\" \/>\n<meta property=\"product:retailer_item_id\" content=\"SM34107.06\" \/>\n<meta property=\"product:condition\" content=\"new\" \/>\n<!-- \/ Yoast SEO Premium plugin. -->","yoast_head_json":{"title":"Swiss Military SM34107.06 - Montre chronographe classique argent bicolore","description":"Montre chronographe classique Swiss Military SM34107.06 avec cadran argent soleil, bo\u00eetier bicolore en acier inoxydable et mouvement fabriqu\u00e9 en Suisse, garantie de 5 ans.","robots":{"index":"index","follow":"follow","max-snippet":"max-snippet:-1","max-image-preview":"max-image-preview:large","max-video-preview":"max-video-preview:-1"},"canonical":"https:\/\/swissmilitarywatches.ch\/fr\/produit\/swiss-military-sm34107-06-montre-chronographe-classique-argent-bicolore\/","og_locale":"fr_FR","og_type":"article","og_title":"Swiss Military SM34107.06 - Montre chronographe classique argent bicolore","og_description":"Montre chronographe classique Swiss Military SM34107.06 avec cadran argent soleil, bo\u00eetier bicolore en acier inoxydable et mouvement fabriqu\u00e9 en Suisse, garantie de 5 ans.","og_url":"https:\/\/swissmilitarywatches.ch\/fr\/produit\/swiss-military-sm34107-06-montre-chronographe-classique-argent-bicolore\/","og_site_name":"Swiss Military by Chrono","article_publisher":"https:\/\/m.facebook.com\/swissmilitarybychronoofficial\/","article_modified_time":"2025-11-23T22:01:36+00:00","og_image":[{"width":1300,"height":1642,"url":"https:\/\/swissmilitarywatches.ch\/wp-content\/uploads\/2024\/12\/SM34107.06.png","type":"image\/png"}],"twitter_card":"summary_large_image","twitter_misc":{"Prix":"&euro;399.00 inc. TVA","Disponibilit\u00e9":"En stock"},"schema":{"@context":"https:\/\/schema.org","@graph":[{"@type":"WebPage","@id":"https:\/\/swissmilitarywatches.ch\/fr\/produit\/swiss-military-sm34107-06-montre-chronographe-classique-argent-bicolore\/","url":"https:\/\/swissmilitarywatches.ch\/fr\/produit\/swiss-military-sm34107-06-montre-chronographe-classique-argent-bicolore\/","name":"Swiss Military SM34107.06 - Montre chronographe classique argent bicolore","isPartOf":{"@id":"https:\/\/swissmilitarywatches.ch\/fr\/#website"},"primaryImageOfPage":{"@id":"https:\/\/swissmilitarywatches.ch\/fr\/produit\/swiss-military-sm34107-06-montre-chronographe-classique-argent-bicolore\/#primaryimage"},"image":{"@id":"https:\/\/swissmilitarywatches.ch\/fr\/produit\/swiss-military-sm34107-06-montre-chronographe-classique-argent-bicolore\/#primaryimage"},"thumbnailUrl":"https:\/\/swissmilitarywatches.ch\/wp-content\/uploads\/2024\/12\/SM34107.06.png","datePublished":"2024-12-11T06:42:47+00:00","dateModified":"2025-11-23T22:01:36+00:00","description":"Montre chronographe classique Swiss Military SM34107.06 avec cadran argent soleil, bo\u00eetier bicolore en acier inoxydable et mouvement fabriqu\u00e9 en Suisse, garantie de 5 ans.","breadcrumb":{"@id":"https:\/\/swissmilitarywatches.ch\/fr\/produit\/swiss-military-sm34107-06-montre-chronographe-classique-argent-bicolore\/#breadcrumb"},"inLanguage":"fr-FR","potentialAction":[{"@type":"ReadAction","target":["https:\/\/swissmilitarywatches.ch\/fr\/produit\/swiss-military-sm34107-06-montre-chronographe-classique-argent-bicolore\/"]}]},{"@type":"ImageObject","inLanguage":"fr-FR","@id":"https:\/\/swissmilitarywatches.ch\/fr\/produit\/swiss-military-sm34107-06-montre-chronographe-classique-argent-bicolore\/#primaryimage","url":"https:\/\/swissmilitarywatches.ch\/wp-content\/uploads\/2024\/12\/SM34107.06.png","contentUrl":"https:\/\/swissmilitarywatches.ch\/wp-content\/uploads\/2024\/12\/SM34107.06.png","width":1300,"height":1642,"caption":"Swiss Military SM34107.06 Classic Chronograph Watch \u2013 Silver Sunray Dial, Bicolor Stainless Steel Case, Swiss-Made Movement."},{"@type":"BreadcrumbList","@id":"https:\/\/swissmilitarywatches.ch\/fr\/produit\/swiss-military-sm34107-06-montre-chronographe-classique-argent-bicolore\/#breadcrumb","itemListElement":[{"@type":"ListItem","position":1,"name":"Home","item":"https:\/\/swissmilitarywatches.ch\/fr\/home\/"},{"@type":"ListItem","position":2,"name":"Boutique","item":"https:\/\/swissmilitarywatches.ch\/fr\/boutique\/"},{"@type":"ListItem","position":3,"name":"Toutes les montres","item":"https:\/\/swissmilitarywatches.ch\/fr\/categorie-produit-fr\/toutes-les-montres\/"},{"@type":"ListItem","position":4,"name":"Montres pour hommes","item":"https:\/\/swissmilitarywatches.ch\/fr\/categorie-produit-fr\/toutes-les-montres\/montres-pour-hommes\/"},{"@type":"ListItem","position":5,"name":"Montres chronographes","item":"https:\/\/swissmilitarywatches.ch\/fr\/categorie-produit-fr\/toutes-les-montres\/montres-pour-hommes\/montres-chronographes\/"},{"@type":"ListItem","position":6,"name":"Swiss Military SM34107.06 &#8211; Montre chronographe classique argent bicolore"}]},{"@type":"WebSite","@id":"https:\/\/swissmilitarywatches.ch\/fr\/#website","url":"https:\/\/swissmilitarywatches.ch\/fr\/","name":"Swiss Military by Chrono","description":"Official Licensed Product of the Swiss Confederation","publisher":{"@id":"https:\/\/swissmilitarywatches.ch\/fr\/#organization"},"potentialAction":[{"@type":"SearchAction","target":{"@type":"EntryPoint","urlTemplate":"https:\/\/swissmilitarywatches.ch\/fr\/?s={search_term_string}"},"query-input":{"@type":"PropertyValueSpecification","valueRequired":true,"valueName":"search_term_string"}}],"inLanguage":"fr-FR"},{"@type":"Organization","@id":"https:\/\/swissmilitarywatches.ch\/fr\/#organization","name":"Swiss Military by Chrono","url":"https:\/\/swissmilitarywatches.ch\/fr\/","logo":{"@type":"ImageObject","inLanguage":"fr-FR","@id":"https:\/\/swissmilitarywatches.ch\/fr\/#\/schema\/logo\/image\/","url":"https:\/\/swissmilitarywatches.ch\/wp-content\/uploads\/2020\/04\/cropped-SM_logo_512x512px.jpg","contentUrl":"https:\/\/swissmilitarywatches.ch\/wp-content\/uploads\/2020\/04\/cropped-SM_logo_512x512px.jpg","width":512,"height":512,"caption":"Swiss Military by Chrono"},"image":{"@id":"https:\/\/swissmilitarywatches.ch\/fr\/#\/schema\/logo\/image\/"},"sameAs":["https:\/\/m.facebook.com\/swissmilitarybychronoofficial\/","https:\/\/www.instagram.com\/swissmilitarybychrono\/","https:\/\/www.pinterest.ch\/swissmilitarybychrono\/"]}]},"product_brand":"Swiss Military by Chrono","product_price_amount":"399.00","product_price_currency":"EUR","og_availability":"instock","product_availability":"instock","product_retailer_item_id":"SM34107.06","product_condition":"new"},"jetpack_sharing_enabled":true,"_links":{"self":[{"href":"https:\/\/swissmilitarywatches.ch\/fr\/wp-json\/wp\/v2\/product\/21042","targetHints":{"allow":["GET"]}}],"collection":[{"href":"https:\/\/swissmilitarywatches.ch\/fr\/wp-json\/wp\/v2\/product"}],"about":[{"href":"https:\/\/swissmilitarywatches.ch\/fr\/wp-json\/wp\/v2\/types\/product"}],"replies":[{"embeddable":true,"href":"https:\/\/swissmilitarywatches.ch\/fr\/wp-json\/wp\/v2\/comments?post=21042"}],"wp:featuredmedia":[{"embeddable":true,"href":"https:\/\/swissmilitarywatches.ch\/fr\/wp-json\/wp\/v2\/media\/21007"}],"wp:attachment":[{"href":"https:\/\/swissmilitarywatches.ch\/fr\/wp-json\/wp\/v2\/media?parent=21042"}],"wp:term":[{"taxonomy":"product_brand","embeddable":true,"href":"https:\/\/swissmilitarywatches.ch\/fr\/wp-json\/wp\/v2\/product_brand?post=21042"},{"taxonomy":"product_cat","embeddable":true,"href":"https:\/\/swissmilitarywatches.ch\/fr\/wp-json\/wp\/v2\/product_cat?post=21042"},{"taxonomy":"product_tag","embeddable":true,"href":"https:\/\/swissmilitarywatches.ch\/fr\/wp-json\/wp\/v2\/product_tag?post=21042"}],"curies":[{"name":"wp","href":"https:\/\/api.w.org\/{rel}","templated":true}]}}