{"id":18582,"date":"2024-01-18T12:17:35","date_gmt":"2024-01-18T10:17:35","guid":{"rendered":"https:\/\/swissmilitarywatches.ch\/shop\/swiss-military-sma34106-12-montre-de-plongee-automatique-200\/"},"modified":"2025-11-24T00:01:28","modified_gmt":"2025-11-23T22:01:28","slug":"swiss-military-sma34106-12-automatic-dive-watch-200-fr","status":"publish","type":"product","link":"https:\/\/swissmilitarywatches.ch\/fr\/produit\/swiss-military-sma34106-12-automatic-dive-watch-200-fr\/","title":{"rendered":"Swiss Military SMA34106.12 &#8211; Montre de Plong\u00e9e Automatique 200"},"content":{"rendered":"<p><span style=\"font-size: 100%;\">Entrez dans le monde de notre SMA34106 montre de plong\u00e9e automatique 200, con\u00e7ue avec l&rsquo;\u00e9l\u00e9gance de l&rsquo;artisanat suisse et l&rsquo;esprit de l&rsquo;oc\u00e9an. La lunette saphir tournante unidirectionnelle bomb\u00e9e avec des chiffres lumineux verts conf\u00e8re \u00e0 la montre une esth\u00e9tique, une fonctionnalit\u00e9 et une robustesse impressionnantes. En acier inoxydable et dot\u00e9e d&rsquo;une couronne viss\u00e9e, cette montre de plong\u00e9e pour homme rel\u00e8ve les d\u00e9fis du monde sous-marin, mais aussi de la jungle urbaine. Le cadran bleu, compl\u00e9t\u00e9 par des aiguilles et des index lumineux, est prot\u00e9g\u00e9 par un verre saphir antireflet et inrayable. Avec un diam\u00e8tre de 41,5 mm, cette montre de plong\u00e9e pour homme offre un \u00e9quilibre id\u00e9al entre taille et confort. L&rsquo;ouverture discr\u00e8te du cadran permet aux amateurs de voir battre le c\u0153ur de l&rsquo;artisanat suisse, tandis que le fond transparent du bo\u00eetier offre une vue subtile de la m\u00e9canique pr\u00e9cise. Pour ceux qui pr\u00e9f\u00e8rent une touche classique, la SMA34106 Automatic Dive Watch 200 est \u00e9galement propos\u00e9e sans la fonction c\u0153ur ouvert, conservant ainsi un design intemporel et \u00e9l\u00e9gant.<\/span><\/p>\n<p><span style=\"font-size: 100%;\">De plus, cette montre Swiss Military est dot\u00e9e de caract\u00e9ristiques de haute qualit\u00e9, dignes d&rsquo;une montre de plong\u00e9e militaire. Le bo\u00eetier et le bracelet de ce mod\u00e8le sont en acier inoxydable r\u00e9sistant. La SMA34106 montre de plong\u00e9e automatique 200 est anim\u00e9e par un mouvement automatique de Swiss Made et est assembl\u00e9e \u00e0 la main dans notre <a href=\"https:\/\/swissmilitarywatches.ch\/fr\/marque\/#brand-swiss-made\">atelier d&rsquo;horlogerie interne<\/a>. Comme promesse de notre qualit\u00e9 Swiss Military Swiss Made, cette montre est couverte par une <a href=\"https:\/\/swissmilitarywatches.ch\/fr\/garantie\/\">garantie internationale de 5 ans<\/a>.<\/span><\/p>\n","protected":false},"excerpt":{"rendered":"<h2><span style=\"font-size: 80%;\">Plongez avec style : L&rsquo;artisanat suisse rencontre l&rsquo;esprit de l&rsquo;oc\u00e9an<\/span><\/h2>\n<p>La montre de plong\u00e9e automatique SMA34106 200 allie \u00e9l\u00e9gance et profondeur. Qu&rsquo;il s&rsquo;agisse de plonger dans l&rsquo;oc\u00e9an ou de naviguer dans la jungle urbaine, ce garde-temps est un compagnon polyvalent pour ceux qui exigent \u00e0 la fois style et substance. De plus, cette montre automatique pour homme est fabriqu\u00e9e avec toutes nos caract\u00e9ristiques de qualit\u00e9 suisse :<\/p>\n<ul>\n<li>Lunette saphir bomb\u00e9e, tournante et unidirectionnelle, lumineuse<\/li>\n<li>Verre saphir antireflet et r\u00e9sistant aux rayures<\/li>\n<li>Couronne \u00e0 vis<\/li>\n<li>R\u00e9sistance \u00e0 l&rsquo;eau jusqu&rsquo;\u00e0 200M\/20ATM<\/li>\n<li>Bo\u00eetier et bracelet en acier inoxydable<\/li>\n<li>Production interne Swiss Made<\/li>\n<li>Mouvement automatique Swiss Made<\/li>\n<li>Garantie internationale de 5 ans<\/li>\n<\/ul>\n","protected":false},"featured_media":18199,"comment_status":"open","ping_status":"closed","template":"","meta":[],"product_brand":[],"product_cat":[2854,2295,2293,2306,2308],"product_tag":[],"class_list":{"0":"post-18582","1":"product","2":"type-product","3":"status-publish","4":"has-post-thumbnail","6":"product_cat-sma34106-fr","7":"product_cat-toutes-les-montres","8":"product_cat-montres-pour-hommes","9":"product_cat-montres-mecaniques-fr","10":"product_cat-montres-a-fonction-speciale-fr","11":"product_shipping_class-livraison-flexible","13":"first","14":"instock","15":"taxable","16":"shipping-taxable","17":"purchasable","18":"product-type-simple"},"yoast_head":"<!-- This site is optimized with the Yoast SEO Premium plugin v26.6 (Yoast SEO v26.6) - https:\/\/yoast.com\/wordpress\/plugins\/seo\/ -->\n<title>Swiss Military SMA34106.12 - Montre de Plong\u00e9e Automatique 200 - Swiss Military by Chrono<\/title>\n<meta name=\"description\" content=\"Montre de plong\u00e9e automatique suisse 200 avec mouvement \u00e0 c\u0153ur ouvert et lunette saphir bomb\u00e9e rotative unidirectionnelle lumineuse. Etanche jusqu&#039;\u00e0 200 m !\" \/>\n<meta name=\"robots\" content=\"index, follow, max-snippet:-1, max-image-preview:large, max-video-preview:-1\" \/>\n<link rel=\"canonical\" href=\"https:\/\/swissmilitarywatches.ch\/fr\/produit\/swiss-military-sma34106-12-automatic-dive-watch-200-fr\/\" \/>\n<meta property=\"og:locale\" content=\"fr_FR\" \/>\n<meta property=\"og:type\" content=\"article\" \/>\n<meta property=\"og:title\" content=\"Swiss Military SMA34106.12 - Montre de Plong\u00e9e Automatique 200\" \/>\n<meta property=\"og:description\" content=\"Montre de plong\u00e9e automatique suisse 200 avec mouvement \u00e0 c\u0153ur ouvert et lunette saphir bomb\u00e9e rotative unidirectionnelle lumineuse. Etanche jusqu&#039;\u00e0 200 m !\" \/>\n<meta property=\"og:url\" content=\"https:\/\/swissmilitarywatches.ch\/fr\/produit\/swiss-military-sma34106-12-automatic-dive-watch-200-fr\/\" \/>\n<meta property=\"og:site_name\" content=\"Swiss Military by Chrono\" \/>\n<meta property=\"article:publisher\" content=\"https:\/\/m.facebook.com\/swissmilitarybychronoofficial\/\" \/>\n<meta property=\"article:modified_time\" content=\"2025-11-23T22:01:28+00:00\" \/>\n<meta property=\"og:image\" content=\"https:\/\/swissmilitarywatches.ch\/wp-content\/uploads\/2024\/01\/SMA34106.12.png\" \/>\n\t<meta property=\"og:image:width\" content=\"1300\" \/>\n\t<meta property=\"og:image:height\" content=\"1642\" \/>\n\t<meta property=\"og:image:type\" content=\"image\/png\" \/>\n<meta name=\"twitter:card\" content=\"summary_large_image\" \/>\n<meta name=\"twitter:label1\" content=\"Prix\" \/>\n\t<meta name=\"twitter:data1\" content=\"&euro;899.00 inc. TVA\" \/>\n\t<meta name=\"twitter:label2\" content=\"Disponibilit\u00e9\" \/>\n\t<meta name=\"twitter:data2\" content=\"En stock\" \/>\n<script type=\"application\/ld+json\" class=\"yoast-schema-graph\">{\"@context\":\"https:\/\/schema.org\",\"@graph\":[{\"@type\":\"WebPage\",\"@id\":\"https:\/\/swissmilitarywatches.ch\/fr\/produit\/swiss-military-sma34106-12-automatic-dive-watch-200-fr\/\",\"url\":\"https:\/\/swissmilitarywatches.ch\/fr\/produit\/swiss-military-sma34106-12-automatic-dive-watch-200-fr\/\",\"name\":\"Swiss Military SMA34106.12 - Montre de Plong\u00e9e Automatique 200 - Swiss Military by Chrono\",\"isPartOf\":{\"@id\":\"https:\/\/swissmilitarywatches.ch\/fr\/#website\"},\"primaryImageOfPage\":{\"@id\":\"https:\/\/swissmilitarywatches.ch\/fr\/produit\/swiss-military-sma34106-12-automatic-dive-watch-200-fr\/#primaryimage\"},\"image\":{\"@id\":\"https:\/\/swissmilitarywatches.ch\/fr\/produit\/swiss-military-sma34106-12-automatic-dive-watch-200-fr\/#primaryimage\"},\"thumbnailUrl\":\"https:\/\/swissmilitarywatches.ch\/wp-content\/uploads\/2024\/01\/SMA34106.12.png\",\"datePublished\":\"2024-01-18T10:17:35+00:00\",\"dateModified\":\"2025-11-23T22:01:28+00:00\",\"description\":\"Montre de plong\u00e9e automatique suisse 200 avec mouvement \u00e0 c\u0153ur ouvert et lunette saphir bomb\u00e9e rotative unidirectionnelle lumineuse. Etanche jusqu'\u00e0 200 m !\",\"breadcrumb\":{\"@id\":\"https:\/\/swissmilitarywatches.ch\/fr\/produit\/swiss-military-sma34106-12-automatic-dive-watch-200-fr\/#breadcrumb\"},\"inLanguage\":\"fr-FR\",\"potentialAction\":[{\"@type\":\"ReadAction\",\"target\":[\"https:\/\/swissmilitarywatches.ch\/fr\/produit\/swiss-military-sma34106-12-automatic-dive-watch-200-fr\/\"]}]},{\"@type\":\"ImageObject\",\"inLanguage\":\"fr-FR\",\"@id\":\"https:\/\/swissmilitarywatches.ch\/fr\/produit\/swiss-military-sma34106-12-automatic-dive-watch-200-fr\/#primaryimage\",\"url\":\"https:\/\/swissmilitarywatches.ch\/wp-content\/uploads\/2024\/01\/SMA34106.12.png\",\"contentUrl\":\"https:\/\/swissmilitarywatches.ch\/wp-content\/uploads\/2024\/01\/SMA34106.12.png\",\"width\":1300,\"height\":1642,\"caption\":\"Swiss Military SMS34106.12 - Automatic Dive Watch 200\"},{\"@type\":\"BreadcrumbList\",\"@id\":\"https:\/\/swissmilitarywatches.ch\/fr\/produit\/swiss-military-sma34106-12-automatic-dive-watch-200-fr\/#breadcrumb\",\"itemListElement\":[{\"@type\":\"ListItem\",\"position\":1,\"name\":\"Home\",\"item\":\"https:\/\/swissmilitarywatches.ch\/fr\/home\/\"},{\"@type\":\"ListItem\",\"position\":2,\"name\":\"Boutique\",\"item\":\"https:\/\/swissmilitarywatches.ch\/fr\/boutique\/\"},{\"@type\":\"ListItem\",\"position\":3,\"name\":\"Toutes les montres\",\"item\":\"https:\/\/swissmilitarywatches.ch\/fr\/categorie-produit-fr\/toutes-les-montres\/\"},{\"@type\":\"ListItem\",\"position\":4,\"name\":\"Montres pour hommes\",\"item\":\"https:\/\/swissmilitarywatches.ch\/fr\/categorie-produit-fr\/toutes-les-montres\/montres-pour-hommes\/\"},{\"@type\":\"ListItem\",\"position\":5,\"name\":\"Montres m\u00e9caniques\",\"item\":\"https:\/\/swissmilitarywatches.ch\/fr\/categorie-produit-fr\/toutes-les-montres\/montres-pour-hommes\/montres-mecaniques-fr\/\"},{\"@type\":\"ListItem\",\"position\":6,\"name\":\"Swiss Military SMA34106.12 &#8211; Montre de Plong\u00e9e Automatique 200\"}]},{\"@type\":\"WebSite\",\"@id\":\"https:\/\/swissmilitarywatches.ch\/fr\/#website\",\"url\":\"https:\/\/swissmilitarywatches.ch\/fr\/\",\"name\":\"Swiss Military by Chrono\",\"description\":\"Official Licensed Product of the Swiss Confederation\",\"publisher\":{\"@id\":\"https:\/\/swissmilitarywatches.ch\/fr\/#organization\"},\"potentialAction\":[{\"@type\":\"SearchAction\",\"target\":{\"@type\":\"EntryPoint\",\"urlTemplate\":\"https:\/\/swissmilitarywatches.ch\/fr\/?s={search_term_string}\"},\"query-input\":{\"@type\":\"PropertyValueSpecification\",\"valueRequired\":true,\"valueName\":\"search_term_string\"}}],\"inLanguage\":\"fr-FR\"},{\"@type\":\"Organization\",\"@id\":\"https:\/\/swissmilitarywatches.ch\/fr\/#organization\",\"name\":\"Swiss Military by Chrono\",\"url\":\"https:\/\/swissmilitarywatches.ch\/fr\/\",\"logo\":{\"@type\":\"ImageObject\",\"inLanguage\":\"fr-FR\",\"@id\":\"https:\/\/swissmilitarywatches.ch\/fr\/#\/schema\/logo\/image\/\",\"url\":\"https:\/\/swissmilitarywatches.ch\/wp-content\/uploads\/2020\/04\/cropped-SM_logo_512x512px.jpg\",\"contentUrl\":\"https:\/\/swissmilitarywatches.ch\/wp-content\/uploads\/2020\/04\/cropped-SM_logo_512x512px.jpg\",\"width\":512,\"height\":512,\"caption\":\"Swiss Military by Chrono\"},\"image\":{\"@id\":\"https:\/\/swissmilitarywatches.ch\/fr\/#\/schema\/logo\/image\/\"},\"sameAs\":[\"https:\/\/m.facebook.com\/swissmilitarybychronoofficial\/\",\"https:\/\/www.instagram.com\/swissmilitarybychrono\/\",\"https:\/\/www.pinterest.ch\/swissmilitarybychrono\/\"]}]}<\/script>\n<meta property=\"product:brand\" content=\"Swiss Military by Chrono\" \/>\n<meta property=\"product:price:amount\" content=\"899.00\" \/>\n<meta property=\"product:price:currency\" content=\"EUR\" \/>\n<meta property=\"og:availability\" content=\"instock\" \/>\n<meta property=\"product:availability\" content=\"instock\" \/>\n<meta property=\"product:retailer_item_id\" content=\"SMA34106.12\" \/>\n<meta property=\"product:condition\" content=\"new\" \/>\n<!-- \/ Yoast SEO Premium plugin. -->","yoast_head_json":{"title":"Swiss Military SMA34106.12 - Montre de Plong\u00e9e Automatique 200 - Swiss Military by Chrono","description":"Montre de plong\u00e9e automatique suisse 200 avec mouvement \u00e0 c\u0153ur ouvert et lunette saphir bomb\u00e9e rotative unidirectionnelle lumineuse. Etanche jusqu'\u00e0 200 m !","robots":{"index":"index","follow":"follow","max-snippet":"max-snippet:-1","max-image-preview":"max-image-preview:large","max-video-preview":"max-video-preview:-1"},"canonical":"https:\/\/swissmilitarywatches.ch\/fr\/produit\/swiss-military-sma34106-12-automatic-dive-watch-200-fr\/","og_locale":"fr_FR","og_type":"article","og_title":"Swiss Military SMA34106.12 - Montre de Plong\u00e9e Automatique 200","og_description":"Montre de plong\u00e9e automatique suisse 200 avec mouvement \u00e0 c\u0153ur ouvert et lunette saphir bomb\u00e9e rotative unidirectionnelle lumineuse. Etanche jusqu'\u00e0 200 m !","og_url":"https:\/\/swissmilitarywatches.ch\/fr\/produit\/swiss-military-sma34106-12-automatic-dive-watch-200-fr\/","og_site_name":"Swiss Military by Chrono","article_publisher":"https:\/\/m.facebook.com\/swissmilitarybychronoofficial\/","article_modified_time":"2025-11-23T22:01:28+00:00","og_image":[{"width":1300,"height":1642,"url":"https:\/\/swissmilitarywatches.ch\/wp-content\/uploads\/2024\/01\/SMA34106.12.png","type":"image\/png"}],"twitter_card":"summary_large_image","twitter_misc":{"Prix":"&euro;899.00 inc. TVA","Disponibilit\u00e9":"En stock"},"schema":{"@context":"https:\/\/schema.org","@graph":[{"@type":"WebPage","@id":"https:\/\/swissmilitarywatches.ch\/fr\/produit\/swiss-military-sma34106-12-automatic-dive-watch-200-fr\/","url":"https:\/\/swissmilitarywatches.ch\/fr\/produit\/swiss-military-sma34106-12-automatic-dive-watch-200-fr\/","name":"Swiss Military SMA34106.12 - Montre de Plong\u00e9e Automatique 200 - Swiss Military by Chrono","isPartOf":{"@id":"https:\/\/swissmilitarywatches.ch\/fr\/#website"},"primaryImageOfPage":{"@id":"https:\/\/swissmilitarywatches.ch\/fr\/produit\/swiss-military-sma34106-12-automatic-dive-watch-200-fr\/#primaryimage"},"image":{"@id":"https:\/\/swissmilitarywatches.ch\/fr\/produit\/swiss-military-sma34106-12-automatic-dive-watch-200-fr\/#primaryimage"},"thumbnailUrl":"https:\/\/swissmilitarywatches.ch\/wp-content\/uploads\/2024\/01\/SMA34106.12.png","datePublished":"2024-01-18T10:17:35+00:00","dateModified":"2025-11-23T22:01:28+00:00","description":"Montre de plong\u00e9e automatique suisse 200 avec mouvement \u00e0 c\u0153ur ouvert et lunette saphir bomb\u00e9e rotative unidirectionnelle lumineuse. Etanche jusqu'\u00e0 200 m !","breadcrumb":{"@id":"https:\/\/swissmilitarywatches.ch\/fr\/produit\/swiss-military-sma34106-12-automatic-dive-watch-200-fr\/#breadcrumb"},"inLanguage":"fr-FR","potentialAction":[{"@type":"ReadAction","target":["https:\/\/swissmilitarywatches.ch\/fr\/produit\/swiss-military-sma34106-12-automatic-dive-watch-200-fr\/"]}]},{"@type":"ImageObject","inLanguage":"fr-FR","@id":"https:\/\/swissmilitarywatches.ch\/fr\/produit\/swiss-military-sma34106-12-automatic-dive-watch-200-fr\/#primaryimage","url":"https:\/\/swissmilitarywatches.ch\/wp-content\/uploads\/2024\/01\/SMA34106.12.png","contentUrl":"https:\/\/swissmilitarywatches.ch\/wp-content\/uploads\/2024\/01\/SMA34106.12.png","width":1300,"height":1642,"caption":"Swiss Military SMS34106.12 - Automatic Dive Watch 200"},{"@type":"BreadcrumbList","@id":"https:\/\/swissmilitarywatches.ch\/fr\/produit\/swiss-military-sma34106-12-automatic-dive-watch-200-fr\/#breadcrumb","itemListElement":[{"@type":"ListItem","position":1,"name":"Home","item":"https:\/\/swissmilitarywatches.ch\/fr\/home\/"},{"@type":"ListItem","position":2,"name":"Boutique","item":"https:\/\/swissmilitarywatches.ch\/fr\/boutique\/"},{"@type":"ListItem","position":3,"name":"Toutes les montres","item":"https:\/\/swissmilitarywatches.ch\/fr\/categorie-produit-fr\/toutes-les-montres\/"},{"@type":"ListItem","position":4,"name":"Montres pour hommes","item":"https:\/\/swissmilitarywatches.ch\/fr\/categorie-produit-fr\/toutes-les-montres\/montres-pour-hommes\/"},{"@type":"ListItem","position":5,"name":"Montres m\u00e9caniques","item":"https:\/\/swissmilitarywatches.ch\/fr\/categorie-produit-fr\/toutes-les-montres\/montres-pour-hommes\/montres-mecaniques-fr\/"},{"@type":"ListItem","position":6,"name":"Swiss Military SMA34106.12 &#8211; Montre de Plong\u00e9e Automatique 200"}]},{"@type":"WebSite","@id":"https:\/\/swissmilitarywatches.ch\/fr\/#website","url":"https:\/\/swissmilitarywatches.ch\/fr\/","name":"Swiss Military by Chrono","description":"Official Licensed Product of the Swiss Confederation","publisher":{"@id":"https:\/\/swissmilitarywatches.ch\/fr\/#organization"},"potentialAction":[{"@type":"SearchAction","target":{"@type":"EntryPoint","urlTemplate":"https:\/\/swissmilitarywatches.ch\/fr\/?s={search_term_string}"},"query-input":{"@type":"PropertyValueSpecification","valueRequired":true,"valueName":"search_term_string"}}],"inLanguage":"fr-FR"},{"@type":"Organization","@id":"https:\/\/swissmilitarywatches.ch\/fr\/#organization","name":"Swiss Military by Chrono","url":"https:\/\/swissmilitarywatches.ch\/fr\/","logo":{"@type":"ImageObject","inLanguage":"fr-FR","@id":"https:\/\/swissmilitarywatches.ch\/fr\/#\/schema\/logo\/image\/","url":"https:\/\/swissmilitarywatches.ch\/wp-content\/uploads\/2020\/04\/cropped-SM_logo_512x512px.jpg","contentUrl":"https:\/\/swissmilitarywatches.ch\/wp-content\/uploads\/2020\/04\/cropped-SM_logo_512x512px.jpg","width":512,"height":512,"caption":"Swiss Military by Chrono"},"image":{"@id":"https:\/\/swissmilitarywatches.ch\/fr\/#\/schema\/logo\/image\/"},"sameAs":["https:\/\/m.facebook.com\/swissmilitarybychronoofficial\/","https:\/\/www.instagram.com\/swissmilitarybychrono\/","https:\/\/www.pinterest.ch\/swissmilitarybychrono\/"]}]},"product_brand":"Swiss Military by Chrono","product_price_amount":"899.00","product_price_currency":"EUR","og_availability":"instock","product_availability":"instock","product_retailer_item_id":"SMA34106.12","product_condition":"new"},"jetpack_sharing_enabled":true,"_links":{"self":[{"href":"https:\/\/swissmilitarywatches.ch\/fr\/wp-json\/wp\/v2\/product\/18582","targetHints":{"allow":["GET"]}}],"collection":[{"href":"https:\/\/swissmilitarywatches.ch\/fr\/wp-json\/wp\/v2\/product"}],"about":[{"href":"https:\/\/swissmilitarywatches.ch\/fr\/wp-json\/wp\/v2\/types\/product"}],"replies":[{"embeddable":true,"href":"https:\/\/swissmilitarywatches.ch\/fr\/wp-json\/wp\/v2\/comments?post=18582"}],"wp:featuredmedia":[{"embeddable":true,"href":"https:\/\/swissmilitarywatches.ch\/fr\/wp-json\/wp\/v2\/media\/18199"}],"wp:attachment":[{"href":"https:\/\/swissmilitarywatches.ch\/fr\/wp-json\/wp\/v2\/media?parent=18582"}],"wp:term":[{"taxonomy":"product_brand","embeddable":true,"href":"https:\/\/swissmilitarywatches.ch\/fr\/wp-json\/wp\/v2\/product_brand?post=18582"},{"taxonomy":"product_cat","embeddable":true,"href":"https:\/\/swissmilitarywatches.ch\/fr\/wp-json\/wp\/v2\/product_cat?post=18582"},{"taxonomy":"product_tag","embeddable":true,"href":"https:\/\/swissmilitarywatches.ch\/fr\/wp-json\/wp\/v2\/product_tag?post=18582"}],"curies":[{"name":"wp","href":"https:\/\/api.w.org\/{rel}","templated":true}]}}