{"id":15340,"date":"2023-06-06T11:29:24","date_gmt":"2023-06-06T09:29:24","guid":{"rendered":"https:\/\/swissmilitarywatches.ch\/?post_type=product&#038;p=15340"},"modified":"2024-01-25T09:41:17","modified_gmt":"2024-01-25T07:41:17","slug":"swiss-military-b-a14100-02-blue-rubber-strap-titanium-fr","status":"publish","type":"product","link":"https:\/\/swissmilitarywatches.ch\/fr\/produit\/swiss-military-b-a14100-02-blue-rubber-strap-titanium-fr\/","title":{"rendered":"Swiss Military B.A14100.02 &#8211; Bracelet en Caoutchouc Bleu Titane"},"content":{"rendered":"<p>Ce bracelet en caoutchouc bleu avec boucle en titane est indispensable \u00e0 tous ceux qui poss\u00e8dent la montre l\u00e9g\u00e8re Montres Swiss Military TITANIUM 300. Gr\u00e2ce au syst\u00e8me d&#8217;embo\u00eetement et de d\u00e9bo\u00eetement des bracelets en caoutchouc et en titane, il est tr\u00e8s facile d&rsquo;adapter la montre \u00e0 vos besoins quotidiens. Il vous suffit de passer d&rsquo;un bracelet en caoutchouc \u00e0 un autre de couleur diff\u00e9rente ou d&rsquo;\u00e9changer le bracelet m\u00e9tallique contre un bracelet en caoutchouc lorsque vous en avez envie.<\/p>\n","protected":false},"excerpt":{"rendered":"<h2><span style=\"font-size: 80%;\">Envie d&rsquo;un changement ? <\/span><\/h2>\n<p>Ce bracelet en caoutchouc bleu avec boucle en titane est indispensable \u00e0 tous ceux qui poss\u00e8dent la montre l\u00e9g\u00e8re Montres Swiss Military TITANIUM 300. Gr\u00e2ce au syst\u00e8me d&#8217;embo\u00eetement et de d\u00e9bo\u00eetement des bracelets en caoutchouc et en titane, il est tr\u00e8s facile d&rsquo;adapter la montre \u00e0 vos besoins quotidiens.<\/p>\n<p><strong>Bracelet en caoutchouc :<\/strong><\/p>\n<ul>\n<li>Largeur du bracelet : 22 mm<\/li>\n<li>Boucle en titane<\/li>\n<li>Syst\u00e8me de fixation des sangles par simple clic<\/li>\n<\/ul>\n","protected":false},"featured_media":14707,"comment_status":"open","ping_status":"closed","template":"","meta":[],"product_brand":[],"product_cat":[2462],"product_tag":[],"class_list":{"0":"post-15340","1":"product","2":"type-product","3":"status-publish","4":"has-post-thumbnail","6":"product_cat-bracelets","7":"product_shipping_class-livraison-flexible","9":"first","10":"instock","11":"taxable","12":"shipping-taxable","13":"purchasable","14":"product-type-simple"},"yoast_head":"<!-- This site is optimized with the Yoast SEO Premium plugin v26.6 (Yoast SEO v26.6) - https:\/\/yoast.com\/wordpress\/plugins\/seo\/ -->\n<title>Swiss Military B.A14100.02 - Bracelet en Caoutchouc Bleu Titane<\/title>\n<meta name=\"description\" content=\"Bracelet en caoutchouc bleu avec syst\u00e8me d&#039;embo\u00eetement et de d\u00e9bo\u00eetement facile pour adapter votre montre TITANIUM 300 \u00e0 vos besoins quotidiens. Parfait pour toutes les activit\u00e9s sportives.\" \/>\n<meta name=\"robots\" content=\"index, follow, max-snippet:-1, max-image-preview:large, max-video-preview:-1\" \/>\n<link rel=\"canonical\" href=\"https:\/\/swissmilitarywatches.ch\/fr\/produit\/swiss-military-b-a14100-02-blue-rubber-strap-titanium-fr\/\" \/>\n<meta property=\"og:locale\" content=\"fr_FR\" \/>\n<meta property=\"og:type\" content=\"article\" \/>\n<meta property=\"og:title\" content=\"Swiss Military B.A14100.02 - Bracelet en Caoutchouc Bleu Titane\" \/>\n<meta property=\"og:description\" content=\"Bracelet en caoutchouc bleu avec syst\u00e8me d&#039;embo\u00eetement et de d\u00e9bo\u00eetement facile pour adapter votre montre TITANIUM 300 \u00e0 vos besoins quotidiens. Parfait pour toutes les activit\u00e9s sportives.\" \/>\n<meta property=\"og:url\" content=\"https:\/\/swissmilitarywatches.ch\/fr\/produit\/swiss-military-b-a14100-02-blue-rubber-strap-titanium-fr\/\" \/>\n<meta property=\"og:site_name\" content=\"Swiss Military by Chrono\" \/>\n<meta property=\"article:publisher\" content=\"https:\/\/m.facebook.com\/swissmilitarybychronoofficial\/\" \/>\n<meta property=\"article:modified_time\" content=\"2024-01-25T07:41:17+00:00\" \/>\n<meta property=\"og:image\" content=\"https:\/\/swissmilitarywatches.ch\/wp-content\/uploads\/2023\/03\/B.A14100.02.png\" \/>\n\t<meta property=\"og:image:width\" content=\"1300\" \/>\n\t<meta property=\"og:image:height\" content=\"1642\" \/>\n\t<meta property=\"og:image:type\" content=\"image\/png\" \/>\n<meta name=\"twitter:card\" content=\"summary_large_image\" \/>\n<meta name=\"twitter:label1\" content=\"Prix\" \/>\n\t<meta name=\"twitter:data1\" content=\"&euro;79.00 inc. TVA\" \/>\n\t<meta name=\"twitter:label2\" content=\"Disponibilit\u00e9\" \/>\n\t<meta name=\"twitter:data2\" content=\"En stock\" \/>\n<script type=\"application\/ld+json\" class=\"yoast-schema-graph\">{\"@context\":\"https:\/\/schema.org\",\"@graph\":[{\"@type\":\"WebPage\",\"@id\":\"https:\/\/swissmilitarywatches.ch\/fr\/produit\/swiss-military-b-a14100-02-blue-rubber-strap-titanium-fr\/\",\"url\":\"https:\/\/swissmilitarywatches.ch\/fr\/produit\/swiss-military-b-a14100-02-blue-rubber-strap-titanium-fr\/\",\"name\":\"Swiss Military B.A14100.02 - Bracelet en Caoutchouc Bleu Titane\",\"isPartOf\":{\"@id\":\"https:\/\/swissmilitarywatches.ch\/fr\/#website\"},\"primaryImageOfPage\":{\"@id\":\"https:\/\/swissmilitarywatches.ch\/fr\/produit\/swiss-military-b-a14100-02-blue-rubber-strap-titanium-fr\/#primaryimage\"},\"image\":{\"@id\":\"https:\/\/swissmilitarywatches.ch\/fr\/produit\/swiss-military-b-a14100-02-blue-rubber-strap-titanium-fr\/#primaryimage\"},\"thumbnailUrl\":\"https:\/\/swissmilitarywatches.ch\/wp-content\/uploads\/2023\/03\/B.A14100.02.png\",\"datePublished\":\"2023-06-06T09:29:24+00:00\",\"dateModified\":\"2024-01-25T07:41:17+00:00\",\"description\":\"Bracelet en caoutchouc bleu avec syst\u00e8me d'embo\u00eetement et de d\u00e9bo\u00eetement facile pour adapter votre montre TITANIUM 300 \u00e0 vos besoins quotidiens. Parfait pour toutes les activit\u00e9s sportives.\",\"breadcrumb\":{\"@id\":\"https:\/\/swissmilitarywatches.ch\/fr\/produit\/swiss-military-b-a14100-02-blue-rubber-strap-titanium-fr\/#breadcrumb\"},\"inLanguage\":\"fr-FR\",\"potentialAction\":[{\"@type\":\"ReadAction\",\"target\":[\"https:\/\/swissmilitarywatches.ch\/fr\/produit\/swiss-military-b-a14100-02-blue-rubber-strap-titanium-fr\/\"]}]},{\"@type\":\"ImageObject\",\"inLanguage\":\"fr-FR\",\"@id\":\"https:\/\/swissmilitarywatches.ch\/fr\/produit\/swiss-military-b-a14100-02-blue-rubber-strap-titanium-fr\/#primaryimage\",\"url\":\"https:\/\/swissmilitarywatches.ch\/wp-content\/uploads\/2023\/03\/B.A14100.02.png\",\"contentUrl\":\"https:\/\/swissmilitarywatches.ch\/wp-content\/uploads\/2023\/03\/B.A14100.02.png\",\"width\":1300,\"height\":1642,\"caption\":\"Titanium 300 blue rubber band\"},{\"@type\":\"BreadcrumbList\",\"@id\":\"https:\/\/swissmilitarywatches.ch\/fr\/produit\/swiss-military-b-a14100-02-blue-rubber-strap-titanium-fr\/#breadcrumb\",\"itemListElement\":[{\"@type\":\"ListItem\",\"position\":1,\"name\":\"Home\",\"item\":\"https:\/\/swissmilitarywatches.ch\/fr\/home\/\"},{\"@type\":\"ListItem\",\"position\":2,\"name\":\"Boutique\",\"item\":\"https:\/\/swissmilitarywatches.ch\/fr\/boutique\/\"},{\"@type\":\"ListItem\",\"position\":3,\"name\":\"Bracelets\",\"item\":\"https:\/\/swissmilitarywatches.ch\/fr\/categorie-produit-fr\/bracelets\/\"},{\"@type\":\"ListItem\",\"position\":4,\"name\":\"Swiss Military B.A14100.02 &#8211; Bracelet en Caoutchouc Bleu Titane\"}]},{\"@type\":\"WebSite\",\"@id\":\"https:\/\/swissmilitarywatches.ch\/fr\/#website\",\"url\":\"https:\/\/swissmilitarywatches.ch\/fr\/\",\"name\":\"Swiss Military by Chrono\",\"description\":\"Official Licensed Product of the Swiss Confederation\",\"publisher\":{\"@id\":\"https:\/\/swissmilitarywatches.ch\/fr\/#organization\"},\"potentialAction\":[{\"@type\":\"SearchAction\",\"target\":{\"@type\":\"EntryPoint\",\"urlTemplate\":\"https:\/\/swissmilitarywatches.ch\/fr\/?s={search_term_string}\"},\"query-input\":{\"@type\":\"PropertyValueSpecification\",\"valueRequired\":true,\"valueName\":\"search_term_string\"}}],\"inLanguage\":\"fr-FR\"},{\"@type\":\"Organization\",\"@id\":\"https:\/\/swissmilitarywatches.ch\/fr\/#organization\",\"name\":\"Swiss Military by Chrono\",\"url\":\"https:\/\/swissmilitarywatches.ch\/fr\/\",\"logo\":{\"@type\":\"ImageObject\",\"inLanguage\":\"fr-FR\",\"@id\":\"https:\/\/swissmilitarywatches.ch\/fr\/#\/schema\/logo\/image\/\",\"url\":\"https:\/\/swissmilitarywatches.ch\/wp-content\/uploads\/2020\/04\/cropped-SM_logo_512x512px.jpg\",\"contentUrl\":\"https:\/\/swissmilitarywatches.ch\/wp-content\/uploads\/2020\/04\/cropped-SM_logo_512x512px.jpg\",\"width\":512,\"height\":512,\"caption\":\"Swiss Military by Chrono\"},\"image\":{\"@id\":\"https:\/\/swissmilitarywatches.ch\/fr\/#\/schema\/logo\/image\/\"},\"sameAs\":[\"https:\/\/m.facebook.com\/swissmilitarybychronoofficial\/\",\"https:\/\/www.instagram.com\/swissmilitarybychrono\/\",\"https:\/\/www.pinterest.ch\/swissmilitarybychrono\/\"]}]}<\/script>\n<meta property=\"product:brand\" content=\"Swiss Military by Chrono\" \/>\n<meta property=\"product:price:amount\" content=\"79.00\" \/>\n<meta property=\"product:price:currency\" content=\"EUR\" \/>\n<meta property=\"og:availability\" content=\"instock\" \/>\n<meta property=\"product:availability\" content=\"instock\" \/>\n<meta property=\"product:retailer_item_id\" content=\"B.A14100.02\" \/>\n<meta property=\"product:condition\" content=\"new\" \/>\n<!-- \/ Yoast SEO Premium plugin. -->","yoast_head_json":{"title":"Swiss Military B.A14100.02 - Bracelet en Caoutchouc Bleu Titane","description":"Bracelet en caoutchouc bleu avec syst\u00e8me d'embo\u00eetement et de d\u00e9bo\u00eetement facile pour adapter votre montre TITANIUM 300 \u00e0 vos besoins quotidiens. Parfait pour toutes les activit\u00e9s sportives.","robots":{"index":"index","follow":"follow","max-snippet":"max-snippet:-1","max-image-preview":"max-image-preview:large","max-video-preview":"max-video-preview:-1"},"canonical":"https:\/\/swissmilitarywatches.ch\/fr\/produit\/swiss-military-b-a14100-02-blue-rubber-strap-titanium-fr\/","og_locale":"fr_FR","og_type":"article","og_title":"Swiss Military B.A14100.02 - Bracelet en Caoutchouc Bleu Titane","og_description":"Bracelet en caoutchouc bleu avec syst\u00e8me d'embo\u00eetement et de d\u00e9bo\u00eetement facile pour adapter votre montre TITANIUM 300 \u00e0 vos besoins quotidiens. Parfait pour toutes les activit\u00e9s sportives.","og_url":"https:\/\/swissmilitarywatches.ch\/fr\/produit\/swiss-military-b-a14100-02-blue-rubber-strap-titanium-fr\/","og_site_name":"Swiss Military by Chrono","article_publisher":"https:\/\/m.facebook.com\/swissmilitarybychronoofficial\/","article_modified_time":"2024-01-25T07:41:17+00:00","og_image":[{"width":1300,"height":1642,"url":"https:\/\/swissmilitarywatches.ch\/wp-content\/uploads\/2023\/03\/B.A14100.02.png","type":"image\/png"}],"twitter_card":"summary_large_image","twitter_misc":{"Prix":"&euro;79.00 inc. TVA","Disponibilit\u00e9":"En stock"},"schema":{"@context":"https:\/\/schema.org","@graph":[{"@type":"WebPage","@id":"https:\/\/swissmilitarywatches.ch\/fr\/produit\/swiss-military-b-a14100-02-blue-rubber-strap-titanium-fr\/","url":"https:\/\/swissmilitarywatches.ch\/fr\/produit\/swiss-military-b-a14100-02-blue-rubber-strap-titanium-fr\/","name":"Swiss Military B.A14100.02 - Bracelet en Caoutchouc Bleu Titane","isPartOf":{"@id":"https:\/\/swissmilitarywatches.ch\/fr\/#website"},"primaryImageOfPage":{"@id":"https:\/\/swissmilitarywatches.ch\/fr\/produit\/swiss-military-b-a14100-02-blue-rubber-strap-titanium-fr\/#primaryimage"},"image":{"@id":"https:\/\/swissmilitarywatches.ch\/fr\/produit\/swiss-military-b-a14100-02-blue-rubber-strap-titanium-fr\/#primaryimage"},"thumbnailUrl":"https:\/\/swissmilitarywatches.ch\/wp-content\/uploads\/2023\/03\/B.A14100.02.png","datePublished":"2023-06-06T09:29:24+00:00","dateModified":"2024-01-25T07:41:17+00:00","description":"Bracelet en caoutchouc bleu avec syst\u00e8me d'embo\u00eetement et de d\u00e9bo\u00eetement facile pour adapter votre montre TITANIUM 300 \u00e0 vos besoins quotidiens. Parfait pour toutes les activit\u00e9s sportives.","breadcrumb":{"@id":"https:\/\/swissmilitarywatches.ch\/fr\/produit\/swiss-military-b-a14100-02-blue-rubber-strap-titanium-fr\/#breadcrumb"},"inLanguage":"fr-FR","potentialAction":[{"@type":"ReadAction","target":["https:\/\/swissmilitarywatches.ch\/fr\/produit\/swiss-military-b-a14100-02-blue-rubber-strap-titanium-fr\/"]}]},{"@type":"ImageObject","inLanguage":"fr-FR","@id":"https:\/\/swissmilitarywatches.ch\/fr\/produit\/swiss-military-b-a14100-02-blue-rubber-strap-titanium-fr\/#primaryimage","url":"https:\/\/swissmilitarywatches.ch\/wp-content\/uploads\/2023\/03\/B.A14100.02.png","contentUrl":"https:\/\/swissmilitarywatches.ch\/wp-content\/uploads\/2023\/03\/B.A14100.02.png","width":1300,"height":1642,"caption":"Titanium 300 blue rubber band"},{"@type":"BreadcrumbList","@id":"https:\/\/swissmilitarywatches.ch\/fr\/produit\/swiss-military-b-a14100-02-blue-rubber-strap-titanium-fr\/#breadcrumb","itemListElement":[{"@type":"ListItem","position":1,"name":"Home","item":"https:\/\/swissmilitarywatches.ch\/fr\/home\/"},{"@type":"ListItem","position":2,"name":"Boutique","item":"https:\/\/swissmilitarywatches.ch\/fr\/boutique\/"},{"@type":"ListItem","position":3,"name":"Bracelets","item":"https:\/\/swissmilitarywatches.ch\/fr\/categorie-produit-fr\/bracelets\/"},{"@type":"ListItem","position":4,"name":"Swiss Military B.A14100.02 &#8211; Bracelet en Caoutchouc Bleu Titane"}]},{"@type":"WebSite","@id":"https:\/\/swissmilitarywatches.ch\/fr\/#website","url":"https:\/\/swissmilitarywatches.ch\/fr\/","name":"Swiss Military by Chrono","description":"Official Licensed Product of the Swiss Confederation","publisher":{"@id":"https:\/\/swissmilitarywatches.ch\/fr\/#organization"},"potentialAction":[{"@type":"SearchAction","target":{"@type":"EntryPoint","urlTemplate":"https:\/\/swissmilitarywatches.ch\/fr\/?s={search_term_string}"},"query-input":{"@type":"PropertyValueSpecification","valueRequired":true,"valueName":"search_term_string"}}],"inLanguage":"fr-FR"},{"@type":"Organization","@id":"https:\/\/swissmilitarywatches.ch\/fr\/#organization","name":"Swiss Military by Chrono","url":"https:\/\/swissmilitarywatches.ch\/fr\/","logo":{"@type":"ImageObject","inLanguage":"fr-FR","@id":"https:\/\/swissmilitarywatches.ch\/fr\/#\/schema\/logo\/image\/","url":"https:\/\/swissmilitarywatches.ch\/wp-content\/uploads\/2020\/04\/cropped-SM_logo_512x512px.jpg","contentUrl":"https:\/\/swissmilitarywatches.ch\/wp-content\/uploads\/2020\/04\/cropped-SM_logo_512x512px.jpg","width":512,"height":512,"caption":"Swiss Military by Chrono"},"image":{"@id":"https:\/\/swissmilitarywatches.ch\/fr\/#\/schema\/logo\/image\/"},"sameAs":["https:\/\/m.facebook.com\/swissmilitarybychronoofficial\/","https:\/\/www.instagram.com\/swissmilitarybychrono\/","https:\/\/www.pinterest.ch\/swissmilitarybychrono\/"]}]},"product_brand":"Swiss Military by Chrono","product_price_amount":"79.00","product_price_currency":"EUR","og_availability":"instock","product_availability":"instock","product_retailer_item_id":"B.A14100.02","product_condition":"new"},"jetpack_sharing_enabled":true,"_links":{"self":[{"href":"https:\/\/swissmilitarywatches.ch\/fr\/wp-json\/wp\/v2\/product\/15340","targetHints":{"allow":["GET"]}}],"collection":[{"href":"https:\/\/swissmilitarywatches.ch\/fr\/wp-json\/wp\/v2\/product"}],"about":[{"href":"https:\/\/swissmilitarywatches.ch\/fr\/wp-json\/wp\/v2\/types\/product"}],"replies":[{"embeddable":true,"href":"https:\/\/swissmilitarywatches.ch\/fr\/wp-json\/wp\/v2\/comments?post=15340"}],"wp:featuredmedia":[{"embeddable":true,"href":"https:\/\/swissmilitarywatches.ch\/fr\/wp-json\/wp\/v2\/media\/14707"}],"wp:attachment":[{"href":"https:\/\/swissmilitarywatches.ch\/fr\/wp-json\/wp\/v2\/media?parent=15340"}],"wp:term":[{"taxonomy":"product_brand","embeddable":true,"href":"https:\/\/swissmilitarywatches.ch\/fr\/wp-json\/wp\/v2\/product_brand?post=15340"},{"taxonomy":"product_cat","embeddable":true,"href":"https:\/\/swissmilitarywatches.ch\/fr\/wp-json\/wp\/v2\/product_cat?post=15340"},{"taxonomy":"product_tag","embeddable":true,"href":"https:\/\/swissmilitarywatches.ch\/fr\/wp-json\/wp\/v2\/product_tag?post=15340"}],"curies":[{"name":"wp","href":"https:\/\/api.w.org\/{rel}","templated":true}]}}