{"id":14775,"date":"2020-04-14T09:37:11","date_gmt":"2020-04-14T07:37:11","guid":{"rendered":"https:\/\/swissmilitarywatches.ch\/shop\/swiss-military-sm30200-26-montre-classique-swiss-made-pour-hommes\/"},"modified":"2025-12-02T00:00:41","modified_gmt":"2025-12-01T22:00:41","slug":"swiss-military-sm30200-26-fr","status":"publish","type":"product","link":"https:\/\/swissmilitarywatches.ch\/fr\/produit\/swiss-military-sm30200-26-fr\/","title":{"rendered":"Swiss Military SM30200.26 &#8211; Montre Classique Swiss Made pour Hommes"},"content":{"rendered":"<p>Cette montre classique pour hommes est un must dans toute collection de montres pour hommes. Non seulement il est un parfait compagnon intemporel, mais il est \u00e9galement s\u00fbr de s&rsquo;accorder avec toutes les situations vestimentaires que vous pourriez rencontrer. Le bo\u00eetier \u00e9pur\u00e9 en acier est finement bross\u00e9 pour obtenir une finition mate, tandis que la lunette est polie pour contrebalancer le design mat et apporter un certain attrait visuel. Un cadran bleu intemporel avec des chiffres arabes classiques et des dessins d&rsquo;aiguilles compl\u00e8te le design classique de la montre.<\/p>\n<p>Fid\u00e8le \u00e0 notre approche de l&rsquo;horlogerie Swiss Made, le bo\u00eetier de cette montre argent\u00e9e classique est en acier inoxydable durable et s&rsquo;accompagne d&rsquo;un bracelet en cuir noir v\u00e9ritable. Un verre saphir inrayable recouvre le cadran bleu de la montre. Tous les rep\u00e8res des heures, ainsi que les aiguilles des heures et des minutes, sont lumineux et brillent dans le noir. Cette montre classique pour homme est \u00e9quip\u00e9e d&rsquo;un mouvement \u00e0 quartz de haute pr\u00e9cision de fabrication suisse et est assembl\u00e9e \u00e0 la main dans notre <a href=\"https:\/\/swissmilitarywatches.ch\/fr\/marque\/#brand-swiss-made\">atelier d&rsquo;horlogerie interne<\/a>. Comme promesse de notre qualit\u00e9 Swiss Military Swiss Made, cette montre est couverte par une <a href=\"https:\/\/swissmilitarywatches.ch\/fr\/garantie\/\">garantie internationale de 5 ans<\/a>.<\/p>\n","protected":false},"excerpt":{"rendered":"<h2><span style=\"font-size: 80%;\">L&rsquo;ultime montre Swiss Military classique pour les hommes<\/span><\/h2>\n<p>Cette montre classique pour homme est le parfait compagnon intemporel et un must dans la collection de montres de tout homme. Le design \u00e9pur\u00e9 en acier pr\u00e9sente un cadran bleu avec des chiffres arabes classiques et des dessins d&rsquo;aiguilles.<\/p>\n<p>De plus, cette montre traditionnelle pour homme est fabriqu\u00e9e avec toutes nos caract\u00e9ristiques de qualit\u00e9 Swiss Made :<\/p>\n<ul>\n<li>Production interne Swiss Made<\/li>\n<li>Bo\u00eetier en acier inoxydable<\/li>\n<li>Verre saphir<\/li>\n<li>R\u00e9sistance \u00e0 l&rsquo;eau jusqu&rsquo;\u00e0 100M\/10ATM<\/li>\n<li>Mouvement \u00e0 quartz de haute pr\u00e9cision Swiss Made<\/li>\n<li>Garantie internationale de 5 ans<\/li>\n<\/ul>\n","protected":false},"featured_media":19259,"comment_status":"open","ping_status":"closed","template":"","meta":[],"product_brand":[],"product_cat":[2295,2293,2307,2460],"product_tag":[],"class_list":{"0":"post-14775","1":"product","2":"type-product","3":"status-publish","4":"has-post-thumbnail","6":"product_cat-toutes-les-montres","7":"product_cat-montres-pour-hommes","8":"product_cat-montres-a-quartz-fr","9":"product_cat-sm30200-fr","10":"product_shipping_class-livraison-flexible","12":"first","13":"instock","14":"taxable","15":"shipping-taxable","16":"purchasable","17":"product-type-simple"},"yoast_head":"<!-- This site is optimized with the Yoast SEO Premium plugin v26.6 (Yoast SEO v26.6) - https:\/\/yoast.com\/wordpress\/plugins\/seo\/ -->\n<title>Swiss Military SM30200.26 - Montre Classique Swiss Made pour Hommes<\/title>\n<meta name=\"description\" content=\"Cette montre Swiss Made classique pour homme avec cadran bleu est le parfait compagnon intemporel et un must dans la collection de montres de tout homme.\" \/>\n<meta name=\"robots\" content=\"index, follow, max-snippet:-1, max-image-preview:large, max-video-preview:-1\" \/>\n<link rel=\"canonical\" href=\"https:\/\/swissmilitarywatches.ch\/fr\/produit\/swiss-military-sm30200-26-fr\/\" \/>\n<meta property=\"og:locale\" content=\"fr_FR\" \/>\n<meta property=\"og:type\" content=\"article\" \/>\n<meta property=\"og:title\" content=\"Swiss Military SM30200.26 - Montre Classique Swiss Made pour Hommes\" \/>\n<meta property=\"og:description\" content=\"Cette montre Swiss Made classique pour homme avec cadran bleu est le parfait compagnon intemporel et un must dans la collection de montres de tout homme.\" \/>\n<meta property=\"og:url\" content=\"https:\/\/swissmilitarywatches.ch\/fr\/produit\/swiss-military-sm30200-26-fr\/\" \/>\n<meta property=\"og:site_name\" content=\"Swiss Military by Chrono\" \/>\n<meta property=\"article:publisher\" content=\"https:\/\/m.facebook.com\/swissmilitarybychronoofficial\/\" \/>\n<meta property=\"article:modified_time\" content=\"2025-12-01T22:00:41+00:00\" \/>\n<meta property=\"og:image\" content=\"https:\/\/swissmilitarywatches.ch\/wp-content\/uploads\/2020\/04\/SM30200.26.png\" \/>\n\t<meta property=\"og:image:width\" content=\"1300\" \/>\n\t<meta property=\"og:image:height\" content=\"1642\" \/>\n\t<meta property=\"og:image:type\" content=\"image\/png\" \/>\n<meta name=\"twitter:card\" content=\"summary_large_image\" \/>\n<meta name=\"twitter:label1\" content=\"Prix\" \/>\n\t<meta name=\"twitter:data1\" content=\"&euro;239.00 inc. TVA\" \/>\n\t<meta name=\"twitter:label2\" content=\"Disponibilit\u00e9\" \/>\n\t<meta name=\"twitter:data2\" content=\"En stock\" \/>\n<script type=\"application\/ld+json\" class=\"yoast-schema-graph\">{\"@context\":\"https:\/\/schema.org\",\"@graph\":[{\"@type\":\"WebPage\",\"@id\":\"https:\/\/swissmilitarywatches.ch\/fr\/produit\/swiss-military-sm30200-26-fr\/\",\"url\":\"https:\/\/swissmilitarywatches.ch\/fr\/produit\/swiss-military-sm30200-26-fr\/\",\"name\":\"Swiss Military SM30200.26 - Montre Classique Swiss Made pour Hommes\",\"isPartOf\":{\"@id\":\"https:\/\/swissmilitarywatches.ch\/fr\/#website\"},\"primaryImageOfPage\":{\"@id\":\"https:\/\/swissmilitarywatches.ch\/fr\/produit\/swiss-military-sm30200-26-fr\/#primaryimage\"},\"image\":{\"@id\":\"https:\/\/swissmilitarywatches.ch\/fr\/produit\/swiss-military-sm30200-26-fr\/#primaryimage\"},\"thumbnailUrl\":\"https:\/\/swissmilitarywatches.ch\/wp-content\/uploads\/2024\/03\/SM30200.26.png\",\"datePublished\":\"2020-04-14T07:37:11+00:00\",\"dateModified\":\"2025-12-01T22:00:41+00:00\",\"description\":\"Cette montre Swiss Made classique pour homme avec cadran bleu est le parfait compagnon intemporel et un must dans la collection de montres de tout homme.\",\"breadcrumb\":{\"@id\":\"https:\/\/swissmilitarywatches.ch\/fr\/produit\/swiss-military-sm30200-26-fr\/#breadcrumb\"},\"inLanguage\":\"fr-FR\",\"potentialAction\":[{\"@type\":\"ReadAction\",\"target\":[\"https:\/\/swissmilitarywatches.ch\/fr\/produit\/swiss-military-sm30200-26-fr\/\"]}]},{\"@type\":\"ImageObject\",\"inLanguage\":\"fr-FR\",\"@id\":\"https:\/\/swissmilitarywatches.ch\/fr\/produit\/swiss-military-sm30200-26-fr\/#primaryimage\",\"url\":\"https:\/\/swissmilitarywatches.ch\/wp-content\/uploads\/2024\/03\/SM30200.26.png\",\"contentUrl\":\"https:\/\/swissmilitarywatches.ch\/wp-content\/uploads\/2024\/03\/SM30200.26.png\",\"width\":1300,\"height\":1642},{\"@type\":\"BreadcrumbList\",\"@id\":\"https:\/\/swissmilitarywatches.ch\/fr\/produit\/swiss-military-sm30200-26-fr\/#breadcrumb\",\"itemListElement\":[{\"@type\":\"ListItem\",\"position\":1,\"name\":\"Home\",\"item\":\"https:\/\/swissmilitarywatches.ch\/fr\/home\/\"},{\"@type\":\"ListItem\",\"position\":2,\"name\":\"Boutique\",\"item\":\"https:\/\/swissmilitarywatches.ch\/fr\/boutique\/\"},{\"@type\":\"ListItem\",\"position\":3,\"name\":\"Swiss Military SM30200.26 &#8211; Montre Classique Swiss Made pour Hommes\"}]},{\"@type\":\"WebSite\",\"@id\":\"https:\/\/swissmilitarywatches.ch\/fr\/#website\",\"url\":\"https:\/\/swissmilitarywatches.ch\/fr\/\",\"name\":\"Swiss Military by Chrono\",\"description\":\"Official Licensed Product of the Swiss Confederation\",\"publisher\":{\"@id\":\"https:\/\/swissmilitarywatches.ch\/fr\/#organization\"},\"potentialAction\":[{\"@type\":\"SearchAction\",\"target\":{\"@type\":\"EntryPoint\",\"urlTemplate\":\"https:\/\/swissmilitarywatches.ch\/fr\/?s={search_term_string}\"},\"query-input\":{\"@type\":\"PropertyValueSpecification\",\"valueRequired\":true,\"valueName\":\"search_term_string\"}}],\"inLanguage\":\"fr-FR\"},{\"@type\":\"Organization\",\"@id\":\"https:\/\/swissmilitarywatches.ch\/fr\/#organization\",\"name\":\"Swiss Military by Chrono\",\"url\":\"https:\/\/swissmilitarywatches.ch\/fr\/\",\"logo\":{\"@type\":\"ImageObject\",\"inLanguage\":\"fr-FR\",\"@id\":\"https:\/\/swissmilitarywatches.ch\/fr\/#\/schema\/logo\/image\/\",\"url\":\"https:\/\/swissmilitarywatches.ch\/wp-content\/uploads\/2020\/04\/cropped-SM_logo_512x512px.jpg\",\"contentUrl\":\"https:\/\/swissmilitarywatches.ch\/wp-content\/uploads\/2020\/04\/cropped-SM_logo_512x512px.jpg\",\"width\":512,\"height\":512,\"caption\":\"Swiss Military by Chrono\"},\"image\":{\"@id\":\"https:\/\/swissmilitarywatches.ch\/fr\/#\/schema\/logo\/image\/\"},\"sameAs\":[\"https:\/\/m.facebook.com\/swissmilitarybychronoofficial\/\",\"https:\/\/www.instagram.com\/swissmilitarybychrono\/\",\"https:\/\/www.pinterest.ch\/swissmilitarybychrono\/\"]}]}<\/script>\n<meta property=\"product:brand\" content=\"Swiss Military by Chrono\" \/>\n<meta property=\"product:price:amount\" content=\"239.00\" \/>\n<meta property=\"product:price:currency\" content=\"EUR\" \/>\n<meta property=\"og:availability\" content=\"instock\" \/>\n<meta property=\"product:availability\" content=\"instock\" \/>\n<meta property=\"product:retailer_item_id\" content=\"SM30200.26\" \/>\n<meta property=\"product:condition\" content=\"new\" \/>\n<!-- \/ Yoast SEO Premium plugin. -->","yoast_head_json":{"title":"Swiss Military SM30200.26 - Montre Classique Swiss Made pour Hommes","description":"Cette montre Swiss Made classique pour homme avec cadran bleu est le parfait compagnon intemporel et un must dans la collection de montres de tout homme.","robots":{"index":"index","follow":"follow","max-snippet":"max-snippet:-1","max-image-preview":"max-image-preview:large","max-video-preview":"max-video-preview:-1"},"canonical":"https:\/\/swissmilitarywatches.ch\/fr\/produit\/swiss-military-sm30200-26-fr\/","og_locale":"fr_FR","og_type":"article","og_title":"Swiss Military SM30200.26 - Montre Classique Swiss Made pour Hommes","og_description":"Cette montre Swiss Made classique pour homme avec cadran bleu est le parfait compagnon intemporel et un must dans la collection de montres de tout homme.","og_url":"https:\/\/swissmilitarywatches.ch\/fr\/produit\/swiss-military-sm30200-26-fr\/","og_site_name":"Swiss Military by Chrono","article_publisher":"https:\/\/m.facebook.com\/swissmilitarybychronoofficial\/","article_modified_time":"2025-12-01T22:00:41+00:00","og_image":[{"width":1300,"height":1642,"url":"https:\/\/swissmilitarywatches.ch\/wp-content\/uploads\/2020\/04\/SM30200.26.png","type":"image\/png"}],"twitter_card":"summary_large_image","twitter_misc":{"Prix":"&euro;239.00 inc. TVA","Disponibilit\u00e9":"En stock"},"schema":{"@context":"https:\/\/schema.org","@graph":[{"@type":"WebPage","@id":"https:\/\/swissmilitarywatches.ch\/fr\/produit\/swiss-military-sm30200-26-fr\/","url":"https:\/\/swissmilitarywatches.ch\/fr\/produit\/swiss-military-sm30200-26-fr\/","name":"Swiss Military SM30200.26 - Montre Classique Swiss Made pour Hommes","isPartOf":{"@id":"https:\/\/swissmilitarywatches.ch\/fr\/#website"},"primaryImageOfPage":{"@id":"https:\/\/swissmilitarywatches.ch\/fr\/produit\/swiss-military-sm30200-26-fr\/#primaryimage"},"image":{"@id":"https:\/\/swissmilitarywatches.ch\/fr\/produit\/swiss-military-sm30200-26-fr\/#primaryimage"},"thumbnailUrl":"https:\/\/swissmilitarywatches.ch\/wp-content\/uploads\/2024\/03\/SM30200.26.png","datePublished":"2020-04-14T07:37:11+00:00","dateModified":"2025-12-01T22:00:41+00:00","description":"Cette montre Swiss Made classique pour homme avec cadran bleu est le parfait compagnon intemporel et un must dans la collection de montres de tout homme.","breadcrumb":{"@id":"https:\/\/swissmilitarywatches.ch\/fr\/produit\/swiss-military-sm30200-26-fr\/#breadcrumb"},"inLanguage":"fr-FR","potentialAction":[{"@type":"ReadAction","target":["https:\/\/swissmilitarywatches.ch\/fr\/produit\/swiss-military-sm30200-26-fr\/"]}]},{"@type":"ImageObject","inLanguage":"fr-FR","@id":"https:\/\/swissmilitarywatches.ch\/fr\/produit\/swiss-military-sm30200-26-fr\/#primaryimage","url":"https:\/\/swissmilitarywatches.ch\/wp-content\/uploads\/2024\/03\/SM30200.26.png","contentUrl":"https:\/\/swissmilitarywatches.ch\/wp-content\/uploads\/2024\/03\/SM30200.26.png","width":1300,"height":1642},{"@type":"BreadcrumbList","@id":"https:\/\/swissmilitarywatches.ch\/fr\/produit\/swiss-military-sm30200-26-fr\/#breadcrumb","itemListElement":[{"@type":"ListItem","position":1,"name":"Home","item":"https:\/\/swissmilitarywatches.ch\/fr\/home\/"},{"@type":"ListItem","position":2,"name":"Boutique","item":"https:\/\/swissmilitarywatches.ch\/fr\/boutique\/"},{"@type":"ListItem","position":3,"name":"Swiss Military SM30200.26 &#8211; Montre Classique Swiss Made pour Hommes"}]},{"@type":"WebSite","@id":"https:\/\/swissmilitarywatches.ch\/fr\/#website","url":"https:\/\/swissmilitarywatches.ch\/fr\/","name":"Swiss Military by Chrono","description":"Official Licensed Product of the Swiss Confederation","publisher":{"@id":"https:\/\/swissmilitarywatches.ch\/fr\/#organization"},"potentialAction":[{"@type":"SearchAction","target":{"@type":"EntryPoint","urlTemplate":"https:\/\/swissmilitarywatches.ch\/fr\/?s={search_term_string}"},"query-input":{"@type":"PropertyValueSpecification","valueRequired":true,"valueName":"search_term_string"}}],"inLanguage":"fr-FR"},{"@type":"Organization","@id":"https:\/\/swissmilitarywatches.ch\/fr\/#organization","name":"Swiss Military by Chrono","url":"https:\/\/swissmilitarywatches.ch\/fr\/","logo":{"@type":"ImageObject","inLanguage":"fr-FR","@id":"https:\/\/swissmilitarywatches.ch\/fr\/#\/schema\/logo\/image\/","url":"https:\/\/swissmilitarywatches.ch\/wp-content\/uploads\/2020\/04\/cropped-SM_logo_512x512px.jpg","contentUrl":"https:\/\/swissmilitarywatches.ch\/wp-content\/uploads\/2020\/04\/cropped-SM_logo_512x512px.jpg","width":512,"height":512,"caption":"Swiss Military by Chrono"},"image":{"@id":"https:\/\/swissmilitarywatches.ch\/fr\/#\/schema\/logo\/image\/"},"sameAs":["https:\/\/m.facebook.com\/swissmilitarybychronoofficial\/","https:\/\/www.instagram.com\/swissmilitarybychrono\/","https:\/\/www.pinterest.ch\/swissmilitarybychrono\/"]}]},"product_brand":"Swiss Military by Chrono","product_price_amount":"239.00","product_price_currency":"EUR","og_availability":"instock","product_availability":"instock","product_retailer_item_id":"SM30200.26","product_condition":"new"},"jetpack_sharing_enabled":true,"_links":{"self":[{"href":"https:\/\/swissmilitarywatches.ch\/fr\/wp-json\/wp\/v2\/product\/14775","targetHints":{"allow":["GET"]}}],"collection":[{"href":"https:\/\/swissmilitarywatches.ch\/fr\/wp-json\/wp\/v2\/product"}],"about":[{"href":"https:\/\/swissmilitarywatches.ch\/fr\/wp-json\/wp\/v2\/types\/product"}],"replies":[{"embeddable":true,"href":"https:\/\/swissmilitarywatches.ch\/fr\/wp-json\/wp\/v2\/comments?post=14775"}],"wp:featuredmedia":[{"embeddable":true,"href":"https:\/\/swissmilitarywatches.ch\/fr\/wp-json\/wp\/v2\/media\/19259"}],"wp:attachment":[{"href":"https:\/\/swissmilitarywatches.ch\/fr\/wp-json\/wp\/v2\/media?parent=14775"}],"wp:term":[{"taxonomy":"product_brand","embeddable":true,"href":"https:\/\/swissmilitarywatches.ch\/fr\/wp-json\/wp\/v2\/product_brand?post=14775"},{"taxonomy":"product_cat","embeddable":true,"href":"https:\/\/swissmilitarywatches.ch\/fr\/wp-json\/wp\/v2\/product_cat?post=14775"},{"taxonomy":"product_tag","embeddable":true,"href":"https:\/\/swissmilitarywatches.ch\/fr\/wp-json\/wp\/v2\/product_tag?post=14775"}],"curies":[{"name":"wp","href":"https:\/\/api.w.org\/{rel}","templated":true}]}}