{"id":14673,"date":"2023-03-29T09:35:43","date_gmt":"2023-03-29T07:35:43","guid":{"rendered":"https:\/\/swissmilitarywatches.ch\/shop\/swiss-military-sma34100-08-titanium-300-montre-dexterieur-legere\/"},"modified":"2025-11-24T00:01:17","modified_gmt":"2025-11-23T22:01:17","slug":"swiss-military-sma34100-08-titanium-300-outdoor-watch-fr","status":"publish","type":"product","link":"https:\/\/swissmilitarywatches.ch\/fr\/produit\/swiss-military-sma34100-08-titanium-300-outdoor-watch-fr\/","title":{"rendered":"Swiss Military SMA34100.08 &#8211; Titanium 300 Montre d&rsquo;Ext\u00e9rieur L\u00e9g\u00e8re"},"content":{"rendered":"<p>Fabriqu\u00e9e en titane ultra-robuste et l\u00e9ger, la nouvelle SMA34100 Titanium 300 est la montre l\u00e9g\u00e8re id\u00e9ale pour les activit\u00e9s de plein air. Le faible poids promet une sensation de port absolument confortable, en particulier lors d&rsquo;activit\u00e9s sportives ou d&rsquo;un port prolong\u00e9, tandis que la solidit\u00e9 du mat\u00e9riau fait de cette montre en titane un compagnon vraiment robuste. Le bo\u00eetier r\u00e9sistant \u00e0 la pression jusqu&rsquo;\u00e0 300 m, avec couronne viss\u00e9e, est dot\u00e9 d&rsquo;une lunette rotative unidirectionnelle en c\u00e9ramique. Cette montre de sport en titane est accompagn\u00e9e d&rsquo;un bracelet sportif en caoutchouc noir. Le cadran blanc est recouvert d&rsquo;un verre saphir inrayable. En outre, les aiguilles et les index de cette montre robuste en titane sont recouverts de SuperLuminova vert clair et facilitent la lecture de l&rsquo;heure sous l&rsquo;eau ou dans des conditions de faible luminosit\u00e9. Le ton gris clair du titane cr\u00e9e un look extraordinaire et souligne la finesse technique de cette montre automatique l\u00e9g\u00e8re.<\/p>\n<p>La SMA34100 Titanium 300 est disponible dans plusieurs combinaisons de couleurs exceptionnelles et peut \u00eatre \u00e9quip\u00e9e d&rsquo;un bracelet en titane ou en caoutchouc. Les deux sangles peuvent \u00eatre facilement interchang\u00e9es gr\u00e2ce \u00e0 un syst\u00e8me de clics pour une adaptation maximale \u00e0 vos besoins quotidiens.<\/p>\n<p>Cette robuste montre l\u00e9g\u00e8re en titane est anim\u00e9e par un mouvement automatique Swiss Made de Sellita et est assembl\u00e9e \u00e0 la main dans notre <a href=\"https:\/\/swissmilitarywatches.ch\/fr\/marque\/#brand-swiss-made\">atelier d&rsquo;horlogerie interne.<\/a> Promesse de notre qualit\u00e9 Montres Swiss Made, cette montre outdoor en titane est couverte par une <a href=\"https:\/\/swissmilitarywatches.ch\/fr\/garantie\/\">garantie internationale de 5 ans<\/a>.<\/p>\n","protected":false},"excerpt":{"rendered":"<h2><span style=\"font-size: 80%;\"><strong>Montre l\u00e9g\u00e8re en titane ultra-robuste<\/strong><\/span><\/h2>\n<p>La nouvelle SMA34100 Titanium 300 est la montre d&rsquo;ext\u00e9rieur id\u00e9ale, fabriqu\u00e9e en titane ultra-robuste et l\u00e9ger. De plus, ce garde-temps est dot\u00e9 de caract\u00e9ristiques de haute qualit\u00e9, dignes d&rsquo;une montre d&rsquo;ext\u00e9rieur Swiss Made vraiment robuste :<\/p>\n<ul>\n<li>Production interne Swiss Made<\/li>\n<li>Bo\u00eetier en titane r\u00e9sistant \u00e0 la pression<\/li>\n<li>Lunette en c\u00e9ramique<\/li>\n<li>Verre saphir r\u00e9sistant aux rayures<\/li>\n<li>R\u00e9sistance \u00e0 l&rsquo;eau jusqu&rsquo;\u00e0 300\/1000FT<\/li>\n<li>Couronne \u00e0 vis<\/li>\n<li>Mouvement automatique Swiss Made<\/li>\n<li>Garantie internationale de 5 ans<\/li>\n<\/ul>\n","protected":false},"featured_media":14091,"comment_status":"open","ping_status":"closed","template":"","meta":[],"product_brand":[],"product_cat":[3077,2515,2295,2293,2306,2308],"product_tag":[],"class_list":{"0":"post-14673","1":"product","2":"type-product","3":"status-publish","4":"has-post-thumbnail","6":"product_cat-montres-outdoor","7":"product_cat-sma34100-fr","8":"product_cat-toutes-les-montres","9":"product_cat-montres-pour-hommes","10":"product_cat-montres-mecaniques-fr","11":"product_cat-montres-a-fonction-speciale-fr","12":"product_shipping_class-livraison-flexible","14":"first","15":"instock","16":"taxable","17":"shipping-taxable","18":"purchasable","19":"product-type-simple"},"yoast_head":"<!-- This site is optimized with the Yoast SEO Premium plugin v26.6 (Yoast SEO v26.6) - https:\/\/yoast.com\/wordpress\/plugins\/seo\/ -->\n<title>Swiss Military SMA34100.08 - Titanium 300 Montre d&#039;Ext\u00e9rieur L\u00e9g\u00e8re - Swiss Military by Chrono<\/title>\n<meta name=\"description\" content=\"La montre automatique Titanium 300 Lightweight Outdoor Watch est fabriqu\u00e9e en titane ultra-robuste et comporte une lunette en c\u00e9ramique et un verre saphir. 5-ans-de-garantie\" \/>\n<meta name=\"robots\" content=\"index, follow, max-snippet:-1, max-image-preview:large, max-video-preview:-1\" \/>\n<link rel=\"canonical\" href=\"https:\/\/swissmilitarywatches.ch\/fr\/produit\/swiss-military-sma34100-08-titanium-300-outdoor-watch-fr\/\" \/>\n<meta property=\"og:locale\" content=\"fr_FR\" \/>\n<meta property=\"og:type\" content=\"article\" \/>\n<meta property=\"og:title\" content=\"Swiss Military SMA34100.08 - Titanium 300 Montre d&#039;Ext\u00e9rieur L\u00e9g\u00e8re\" \/>\n<meta property=\"og:description\" content=\"La montre automatique Titanium 300 Lightweight Outdoor Watch est fabriqu\u00e9e en titane ultra-robuste et comporte une lunette en c\u00e9ramique et un verre saphir. 5-ans-de-garantie\" \/>\n<meta property=\"og:url\" content=\"https:\/\/swissmilitarywatches.ch\/fr\/produit\/swiss-military-sma34100-08-titanium-300-outdoor-watch-fr\/\" \/>\n<meta property=\"og:site_name\" content=\"Swiss Military by Chrono\" \/>\n<meta property=\"article:publisher\" content=\"https:\/\/m.facebook.com\/swissmilitarybychronoofficial\/\" \/>\n<meta property=\"article:modified_time\" content=\"2025-11-23T22:01:17+00:00\" \/>\n<meta property=\"og:image\" content=\"https:\/\/swissmilitarywatches.ch\/wp-content\/uploads\/2023\/03\/SMA34100.08.png\" \/>\n\t<meta property=\"og:image:width\" content=\"1300\" \/>\n\t<meta property=\"og:image:height\" content=\"1642\" \/>\n\t<meta property=\"og:image:type\" content=\"image\/png\" \/>\n<meta name=\"twitter:card\" content=\"summary_large_image\" \/>\n<meta name=\"twitter:label1\" content=\"Prix\" \/>\n\t<meta name=\"twitter:data1\" content=\"&euro;999.00 inc. TVA\" \/>\n\t<meta name=\"twitter:label2\" content=\"Disponibilit\u00e9\" \/>\n\t<meta name=\"twitter:data2\" content=\"En stock\" \/>\n<script type=\"application\/ld+json\" class=\"yoast-schema-graph\">{\"@context\":\"https:\/\/schema.org\",\"@graph\":[{\"@type\":\"WebPage\",\"@id\":\"https:\/\/swissmilitarywatches.ch\/fr\/produit\/swiss-military-sma34100-08-titanium-300-outdoor-watch-fr\/\",\"url\":\"https:\/\/swissmilitarywatches.ch\/fr\/produit\/swiss-military-sma34100-08-titanium-300-outdoor-watch-fr\/\",\"name\":\"Swiss Military SMA34100.08 - Titanium 300 Montre d'Ext\u00e9rieur L\u00e9g\u00e8re - Swiss Military by Chrono\",\"isPartOf\":{\"@id\":\"https:\/\/swissmilitarywatches.ch\/fr\/#website\"},\"primaryImageOfPage\":{\"@id\":\"https:\/\/swissmilitarywatches.ch\/fr\/produit\/swiss-military-sma34100-08-titanium-300-outdoor-watch-fr\/#primaryimage\"},\"image\":{\"@id\":\"https:\/\/swissmilitarywatches.ch\/fr\/produit\/swiss-military-sma34100-08-titanium-300-outdoor-watch-fr\/#primaryimage\"},\"thumbnailUrl\":\"https:\/\/swissmilitarywatches.ch\/wp-content\/uploads\/2023\/03\/SMA34100.08.png\",\"datePublished\":\"2023-03-29T07:35:43+00:00\",\"dateModified\":\"2025-11-23T22:01:17+00:00\",\"description\":\"La montre automatique Titanium 300 Lightweight Outdoor Watch est fabriqu\u00e9e en titane ultra-robuste et comporte une lunette en c\u00e9ramique et un verre saphir. 5-ans-de-garantie\",\"breadcrumb\":{\"@id\":\"https:\/\/swissmilitarywatches.ch\/fr\/produit\/swiss-military-sma34100-08-titanium-300-outdoor-watch-fr\/#breadcrumb\"},\"inLanguage\":\"fr-FR\",\"potentialAction\":[{\"@type\":\"ReadAction\",\"target\":[\"https:\/\/swissmilitarywatches.ch\/fr\/produit\/swiss-military-sma34100-08-titanium-300-outdoor-watch-fr\/\"]}]},{\"@type\":\"ImageObject\",\"inLanguage\":\"fr-FR\",\"@id\":\"https:\/\/swissmilitarywatches.ch\/fr\/produit\/swiss-military-sma34100-08-titanium-300-outdoor-watch-fr\/#primaryimage\",\"url\":\"https:\/\/swissmilitarywatches.ch\/wp-content\/uploads\/2023\/03\/SMA34100.08.png\",\"contentUrl\":\"https:\/\/swissmilitarywatches.ch\/wp-content\/uploads\/2023\/03\/SMA34100.08.png\",\"width\":1300,\"height\":1642,\"caption\":\"Swiss Military SMA34100.08 - Titanium 300 Outdoor Watch\"},{\"@type\":\"BreadcrumbList\",\"@id\":\"https:\/\/swissmilitarywatches.ch\/fr\/produit\/swiss-military-sma34100-08-titanium-300-outdoor-watch-fr\/#breadcrumb\",\"itemListElement\":[{\"@type\":\"ListItem\",\"position\":1,\"name\":\"Home\",\"item\":\"https:\/\/swissmilitarywatches.ch\/fr\/home\/\"},{\"@type\":\"ListItem\",\"position\":2,\"name\":\"Boutique\",\"item\":\"https:\/\/swissmilitarywatches.ch\/fr\/boutique\/\"},{\"@type\":\"ListItem\",\"position\":3,\"name\":\"Toutes les montres\",\"item\":\"https:\/\/swissmilitarywatches.ch\/fr\/categorie-produit-fr\/toutes-les-montres\/\"},{\"@type\":\"ListItem\",\"position\":4,\"name\":\"Montres pour hommes\",\"item\":\"https:\/\/swissmilitarywatches.ch\/fr\/categorie-produit-fr\/toutes-les-montres\/montres-pour-hommes\/\"},{\"@type\":\"ListItem\",\"position\":5,\"name\":\"Montres m\u00e9caniques\",\"item\":\"https:\/\/swissmilitarywatches.ch\/fr\/categorie-produit-fr\/toutes-les-montres\/montres-pour-hommes\/montres-mecaniques-fr\/\"},{\"@type\":\"ListItem\",\"position\":6,\"name\":\"Swiss Military SMA34100.08 &#8211; Titanium 300 Montre d&#8217;Ext\u00e9rieur L\u00e9g\u00e8re\"}]},{\"@type\":\"WebSite\",\"@id\":\"https:\/\/swissmilitarywatches.ch\/fr\/#website\",\"url\":\"https:\/\/swissmilitarywatches.ch\/fr\/\",\"name\":\"Swiss Military by Chrono\",\"description\":\"Official Licensed Product of the Swiss Confederation\",\"publisher\":{\"@id\":\"https:\/\/swissmilitarywatches.ch\/fr\/#organization\"},\"potentialAction\":[{\"@type\":\"SearchAction\",\"target\":{\"@type\":\"EntryPoint\",\"urlTemplate\":\"https:\/\/swissmilitarywatches.ch\/fr\/?s={search_term_string}\"},\"query-input\":{\"@type\":\"PropertyValueSpecification\",\"valueRequired\":true,\"valueName\":\"search_term_string\"}}],\"inLanguage\":\"fr-FR\"},{\"@type\":\"Organization\",\"@id\":\"https:\/\/swissmilitarywatches.ch\/fr\/#organization\",\"name\":\"Swiss Military by Chrono\",\"url\":\"https:\/\/swissmilitarywatches.ch\/fr\/\",\"logo\":{\"@type\":\"ImageObject\",\"inLanguage\":\"fr-FR\",\"@id\":\"https:\/\/swissmilitarywatches.ch\/fr\/#\/schema\/logo\/image\/\",\"url\":\"https:\/\/swissmilitarywatches.ch\/wp-content\/uploads\/2020\/04\/cropped-SM_logo_512x512px.jpg\",\"contentUrl\":\"https:\/\/swissmilitarywatches.ch\/wp-content\/uploads\/2020\/04\/cropped-SM_logo_512x512px.jpg\",\"width\":512,\"height\":512,\"caption\":\"Swiss Military by Chrono\"},\"image\":{\"@id\":\"https:\/\/swissmilitarywatches.ch\/fr\/#\/schema\/logo\/image\/\"},\"sameAs\":[\"https:\/\/m.facebook.com\/swissmilitarybychronoofficial\/\",\"https:\/\/www.instagram.com\/swissmilitarybychrono\/\",\"https:\/\/www.pinterest.ch\/swissmilitarybychrono\/\"]}]}<\/script>\n<meta property=\"product:brand\" content=\"Swiss Military by Chrono\" \/>\n<meta property=\"product:price:amount\" content=\"999.00\" \/>\n<meta property=\"product:price:currency\" content=\"EUR\" \/>\n<meta property=\"og:availability\" content=\"instock\" \/>\n<meta property=\"product:availability\" content=\"instock\" \/>\n<meta property=\"product:retailer_item_id\" content=\"SMA34100.08\" \/>\n<meta property=\"product:condition\" content=\"new\" \/>\n<!-- \/ Yoast SEO Premium plugin. -->","yoast_head_json":{"title":"Swiss Military SMA34100.08 - Titanium 300 Montre d'Ext\u00e9rieur L\u00e9g\u00e8re - Swiss Military by Chrono","description":"La montre automatique Titanium 300 Lightweight Outdoor Watch est fabriqu\u00e9e en titane ultra-robuste et comporte une lunette en c\u00e9ramique et un verre saphir. 5-ans-de-garantie","robots":{"index":"index","follow":"follow","max-snippet":"max-snippet:-1","max-image-preview":"max-image-preview:large","max-video-preview":"max-video-preview:-1"},"canonical":"https:\/\/swissmilitarywatches.ch\/fr\/produit\/swiss-military-sma34100-08-titanium-300-outdoor-watch-fr\/","og_locale":"fr_FR","og_type":"article","og_title":"Swiss Military SMA34100.08 - Titanium 300 Montre d'Ext\u00e9rieur L\u00e9g\u00e8re","og_description":"La montre automatique Titanium 300 Lightweight Outdoor Watch est fabriqu\u00e9e en titane ultra-robuste et comporte une lunette en c\u00e9ramique et un verre saphir. 5-ans-de-garantie","og_url":"https:\/\/swissmilitarywatches.ch\/fr\/produit\/swiss-military-sma34100-08-titanium-300-outdoor-watch-fr\/","og_site_name":"Swiss Military by Chrono","article_publisher":"https:\/\/m.facebook.com\/swissmilitarybychronoofficial\/","article_modified_time":"2025-11-23T22:01:17+00:00","og_image":[{"width":1300,"height":1642,"url":"https:\/\/swissmilitarywatches.ch\/wp-content\/uploads\/2023\/03\/SMA34100.08.png","type":"image\/png"}],"twitter_card":"summary_large_image","twitter_misc":{"Prix":"&euro;999.00 inc. TVA","Disponibilit\u00e9":"En stock"},"schema":{"@context":"https:\/\/schema.org","@graph":[{"@type":"WebPage","@id":"https:\/\/swissmilitarywatches.ch\/fr\/produit\/swiss-military-sma34100-08-titanium-300-outdoor-watch-fr\/","url":"https:\/\/swissmilitarywatches.ch\/fr\/produit\/swiss-military-sma34100-08-titanium-300-outdoor-watch-fr\/","name":"Swiss Military SMA34100.08 - Titanium 300 Montre d'Ext\u00e9rieur L\u00e9g\u00e8re - Swiss Military by Chrono","isPartOf":{"@id":"https:\/\/swissmilitarywatches.ch\/fr\/#website"},"primaryImageOfPage":{"@id":"https:\/\/swissmilitarywatches.ch\/fr\/produit\/swiss-military-sma34100-08-titanium-300-outdoor-watch-fr\/#primaryimage"},"image":{"@id":"https:\/\/swissmilitarywatches.ch\/fr\/produit\/swiss-military-sma34100-08-titanium-300-outdoor-watch-fr\/#primaryimage"},"thumbnailUrl":"https:\/\/swissmilitarywatches.ch\/wp-content\/uploads\/2023\/03\/SMA34100.08.png","datePublished":"2023-03-29T07:35:43+00:00","dateModified":"2025-11-23T22:01:17+00:00","description":"La montre automatique Titanium 300 Lightweight Outdoor Watch est fabriqu\u00e9e en titane ultra-robuste et comporte une lunette en c\u00e9ramique et un verre saphir. 5-ans-de-garantie","breadcrumb":{"@id":"https:\/\/swissmilitarywatches.ch\/fr\/produit\/swiss-military-sma34100-08-titanium-300-outdoor-watch-fr\/#breadcrumb"},"inLanguage":"fr-FR","potentialAction":[{"@type":"ReadAction","target":["https:\/\/swissmilitarywatches.ch\/fr\/produit\/swiss-military-sma34100-08-titanium-300-outdoor-watch-fr\/"]}]},{"@type":"ImageObject","inLanguage":"fr-FR","@id":"https:\/\/swissmilitarywatches.ch\/fr\/produit\/swiss-military-sma34100-08-titanium-300-outdoor-watch-fr\/#primaryimage","url":"https:\/\/swissmilitarywatches.ch\/wp-content\/uploads\/2023\/03\/SMA34100.08.png","contentUrl":"https:\/\/swissmilitarywatches.ch\/wp-content\/uploads\/2023\/03\/SMA34100.08.png","width":1300,"height":1642,"caption":"Swiss Military SMA34100.08 - Titanium 300 Outdoor Watch"},{"@type":"BreadcrumbList","@id":"https:\/\/swissmilitarywatches.ch\/fr\/produit\/swiss-military-sma34100-08-titanium-300-outdoor-watch-fr\/#breadcrumb","itemListElement":[{"@type":"ListItem","position":1,"name":"Home","item":"https:\/\/swissmilitarywatches.ch\/fr\/home\/"},{"@type":"ListItem","position":2,"name":"Boutique","item":"https:\/\/swissmilitarywatches.ch\/fr\/boutique\/"},{"@type":"ListItem","position":3,"name":"Toutes les montres","item":"https:\/\/swissmilitarywatches.ch\/fr\/categorie-produit-fr\/toutes-les-montres\/"},{"@type":"ListItem","position":4,"name":"Montres pour hommes","item":"https:\/\/swissmilitarywatches.ch\/fr\/categorie-produit-fr\/toutes-les-montres\/montres-pour-hommes\/"},{"@type":"ListItem","position":5,"name":"Montres m\u00e9caniques","item":"https:\/\/swissmilitarywatches.ch\/fr\/categorie-produit-fr\/toutes-les-montres\/montres-pour-hommes\/montres-mecaniques-fr\/"},{"@type":"ListItem","position":6,"name":"Swiss Military SMA34100.08 &#8211; Titanium 300 Montre d&#8217;Ext\u00e9rieur L\u00e9g\u00e8re"}]},{"@type":"WebSite","@id":"https:\/\/swissmilitarywatches.ch\/fr\/#website","url":"https:\/\/swissmilitarywatches.ch\/fr\/","name":"Swiss Military by Chrono","description":"Official Licensed Product of the Swiss Confederation","publisher":{"@id":"https:\/\/swissmilitarywatches.ch\/fr\/#organization"},"potentialAction":[{"@type":"SearchAction","target":{"@type":"EntryPoint","urlTemplate":"https:\/\/swissmilitarywatches.ch\/fr\/?s={search_term_string}"},"query-input":{"@type":"PropertyValueSpecification","valueRequired":true,"valueName":"search_term_string"}}],"inLanguage":"fr-FR"},{"@type":"Organization","@id":"https:\/\/swissmilitarywatches.ch\/fr\/#organization","name":"Swiss Military by Chrono","url":"https:\/\/swissmilitarywatches.ch\/fr\/","logo":{"@type":"ImageObject","inLanguage":"fr-FR","@id":"https:\/\/swissmilitarywatches.ch\/fr\/#\/schema\/logo\/image\/","url":"https:\/\/swissmilitarywatches.ch\/wp-content\/uploads\/2020\/04\/cropped-SM_logo_512x512px.jpg","contentUrl":"https:\/\/swissmilitarywatches.ch\/wp-content\/uploads\/2020\/04\/cropped-SM_logo_512x512px.jpg","width":512,"height":512,"caption":"Swiss Military by Chrono"},"image":{"@id":"https:\/\/swissmilitarywatches.ch\/fr\/#\/schema\/logo\/image\/"},"sameAs":["https:\/\/m.facebook.com\/swissmilitarybychronoofficial\/","https:\/\/www.instagram.com\/swissmilitarybychrono\/","https:\/\/www.pinterest.ch\/swissmilitarybychrono\/"]}]},"product_brand":"Swiss Military by Chrono","product_price_amount":"999.00","product_price_currency":"EUR","og_availability":"instock","product_availability":"instock","product_retailer_item_id":"SMA34100.08","product_condition":"new"},"jetpack_sharing_enabled":true,"_links":{"self":[{"href":"https:\/\/swissmilitarywatches.ch\/fr\/wp-json\/wp\/v2\/product\/14673","targetHints":{"allow":["GET"]}}],"collection":[{"href":"https:\/\/swissmilitarywatches.ch\/fr\/wp-json\/wp\/v2\/product"}],"about":[{"href":"https:\/\/swissmilitarywatches.ch\/fr\/wp-json\/wp\/v2\/types\/product"}],"replies":[{"embeddable":true,"href":"https:\/\/swissmilitarywatches.ch\/fr\/wp-json\/wp\/v2\/comments?post=14673"}],"wp:featuredmedia":[{"embeddable":true,"href":"https:\/\/swissmilitarywatches.ch\/fr\/wp-json\/wp\/v2\/media\/14091"}],"wp:attachment":[{"href":"https:\/\/swissmilitarywatches.ch\/fr\/wp-json\/wp\/v2\/media?parent=14673"}],"wp:term":[{"taxonomy":"product_brand","embeddable":true,"href":"https:\/\/swissmilitarywatches.ch\/fr\/wp-json\/wp\/v2\/product_brand?post=14673"},{"taxonomy":"product_cat","embeddable":true,"href":"https:\/\/swissmilitarywatches.ch\/fr\/wp-json\/wp\/v2\/product_cat?post=14673"},{"taxonomy":"product_tag","embeddable":true,"href":"https:\/\/swissmilitarywatches.ch\/fr\/wp-json\/wp\/v2\/product_tag?post=14673"}],"curies":[{"name":"wp","href":"https:\/\/api.w.org\/{rel}","templated":true}]}}