{"id":14128,"date":"2023-03-29T09:35:43","date_gmt":"2023-03-29T07:35:43","guid":{"rendered":"https:\/\/swissmilitarywatches.ch\/shop\/swiss-military-sm34094-04-montre-suisse-en-acier-pour-hommes\/"},"modified":"2025-11-24T00:01:15","modified_gmt":"2025-11-23T22:01:15","slug":"swiss-military-sm34094-04-swiss-stainless-steel-watch-for-men-fr","status":"publish","type":"product","link":"https:\/\/swissmilitarywatches.ch\/fr\/produit\/swiss-military-sm34094-04-swiss-stainless-steel-watch-for-men-fr\/","title":{"rendered":"Swiss Military SM34094.04 &#8211; Montre Suisse en Acier pour Hommes"},"content":{"rendered":"<p>Cette montre suisse en acier inoxydable pour homme est parfaite pour tous les hommes qui souhaitent ajouter \u00e0 leur vie quotidienne un fid\u00e8le compagnon de chronom\u00e9trage. L&rsquo;ADN de cette montre pour homme, \u00e0 la fois aventureux et \u00e9l\u00e9gant, s&rsquo;int\u00e8gre parfaitement \u00e0 votre style de vie, que ce soit dans le cadre de vos activit\u00e9s professionnelles ou de vos loisirs. Le design ext\u00e9rieur \u00e9pur\u00e9 pr\u00e9sente un bracelet avec deux bandes plaqu\u00e9es PVD dans un ton d&rsquo;or brillant, tandis que les autres parties sont en argent mat. Le cadran argent\u00e9 de cette montre en acier pour homme est dot\u00e9 d&rsquo;index bien lisibles et sportifs et d&rsquo;une indication de la date bien visible.<\/p>\n<p>Le bo\u00eetier et le bracelet de cette montre suisse pour homme sont fabriqu\u00e9s en acier inoxydable durable. Un verre min\u00e9ral robuste recouvre le cadran argent\u00e9 de la montre. Tous les rep\u00e8res des heures, ainsi que les aiguilles des heures et des minutes, sont lumineux et brillent dans le noir. Cette montre suisse argent\u00e9e pour homme est anim\u00e9e par un mouvement \u00e0 quartz Swiss Made et est assembl\u00e9e \u00e0 la main dans notre <a href=\"https:\/\/swissmilitarywatches.ch\/fr\/marque\/#brand-swiss-made\" target=\"_blank\" rel=\"noopener noreferrer\">atelier d&rsquo;horlogerie interne<\/a>. Promesse de notre qualit\u00e9 Montres Swiss Made, cette montre est couverte par une <a class=\"yoast-text-mark\" href=\"https:\/\/swissmilitarywatches.ch\/fr\/garantie\/\" target=\"_blank\" rel=\"noopener noreferrer\">garantie de 5 ans<\/a>.<\/p>\n","protected":false},"excerpt":{"rendered":"<h2><span style=\"font-size: 80%;\">Montre militaire intemporelle en acier pour hommes<\/span><\/h2>\n<p>Cette montre suisse en acier inoxydable pour hommes est dot\u00e9e d&rsquo;un \u00e9l\u00e9gant bo\u00eetier et d&rsquo;un bracelet en acier inoxydable bicolore. Le cadran argent\u00e9 clair pr\u00e9sente des index \u00e9l\u00e9gants et sportifs ainsi qu&rsquo;une indication de la date bien visible.<\/p>\n<p>De plus, cette montre militaire pour homme est fabriqu\u00e9e avec toutes nos caract\u00e9ristiques de qualit\u00e9 Swiss Made :<\/p>\n<ul>\n<li>Production interne Swiss Made<\/li>\n<li>Bo\u00eetier en acier inoxydable<\/li>\n<li>Verre min\u00e9ral robuste<\/li>\n<li>R\u00e9sistance \u00e0 l&rsquo;eau jusqu&rsquo;\u00e0 50M\/ 5ATM<\/li>\n<li>Indication de la date<\/li>\n<li>Swiss Made quartz movement<\/li>\n<li>Garantie internationale de 5 ans<\/li>\n<\/ul>\n","protected":false},"featured_media":13884,"comment_status":"open","ping_status":"closed","template":"","meta":[],"product_brand":[],"product_cat":[2487,2295,2293,2307],"product_tag":[],"class_list":{"0":"post-14128","1":"product","2":"type-product","3":"status-publish","4":"has-post-thumbnail","6":"product_cat-sm34094-fr","7":"product_cat-toutes-les-montres","8":"product_cat-montres-pour-hommes","9":"product_cat-montres-a-quartz-fr","10":"product_shipping_class-livraison-flexible","12":"first","13":"instock","14":"taxable","15":"shipping-taxable","16":"purchasable","17":"product-type-simple"},"yoast_head":"<!-- This site is optimized with the Yoast SEO Premium plugin v26.6 (Yoast SEO v26.6) - https:\/\/yoast.com\/wordpress\/plugins\/seo\/ -->\n<title>Swiss Military SM34094.04 - Montre Suisse en Acier pour Hommes<\/title>\n<meta name=\"description\" content=\"Cette montre suisse en acier inoxydable pour homme est parfaite pour tous les hommes qui souhaitent ajouter \u00e0 leur vie quotidienne un fid\u00e8le compagnon de chronom\u00e9trage. 5-ans-de-garantie\" \/>\n<meta name=\"robots\" content=\"index, follow, max-snippet:-1, max-image-preview:large, max-video-preview:-1\" \/>\n<link rel=\"canonical\" href=\"https:\/\/swissmilitarywatches.ch\/fr\/produit\/swiss-military-sm34094-04-swiss-stainless-steel-watch-for-men-fr\/\" \/>\n<meta property=\"og:locale\" content=\"fr_FR\" \/>\n<meta property=\"og:type\" content=\"article\" \/>\n<meta property=\"og:title\" content=\"Swiss Military SM34094.04 - Montre Suisse en Acier pour Hommes\" \/>\n<meta property=\"og:description\" content=\"Cette montre suisse en acier inoxydable pour homme est parfaite pour tous les hommes qui souhaitent ajouter \u00e0 leur vie quotidienne un fid\u00e8le compagnon de chronom\u00e9trage. 5-ans-de-garantie\" \/>\n<meta property=\"og:url\" content=\"https:\/\/swissmilitarywatches.ch\/fr\/produit\/swiss-military-sm34094-04-swiss-stainless-steel-watch-for-men-fr\/\" \/>\n<meta property=\"og:site_name\" content=\"Swiss Military by Chrono\" \/>\n<meta property=\"article:publisher\" content=\"https:\/\/m.facebook.com\/swissmilitarybychronoofficial\/\" \/>\n<meta property=\"article:modified_time\" content=\"2025-11-23T22:01:15+00:00\" \/>\n<meta property=\"og:image\" content=\"https:\/\/swissmilitarywatches.ch\/wp-content\/uploads\/2023\/03\/SM34094.04.png\" \/>\n\t<meta property=\"og:image:width\" content=\"1300\" \/>\n\t<meta property=\"og:image:height\" content=\"1642\" \/>\n\t<meta property=\"og:image:type\" content=\"image\/png\" \/>\n<meta name=\"twitter:card\" content=\"summary_large_image\" \/>\n<meta name=\"twitter:label1\" content=\"Prix\" \/>\n\t<meta name=\"twitter:data1\" content=\"&euro;249.00 inc. TVA\" \/>\n\t<meta name=\"twitter:label2\" content=\"Disponibilit\u00e9\" \/>\n\t<meta name=\"twitter:data2\" content=\"En stock\" \/>\n<script type=\"application\/ld+json\" class=\"yoast-schema-graph\">{\"@context\":\"https:\/\/schema.org\",\"@graph\":[{\"@type\":\"WebPage\",\"@id\":\"https:\/\/swissmilitarywatches.ch\/fr\/produit\/swiss-military-sm34094-04-swiss-stainless-steel-watch-for-men-fr\/\",\"url\":\"https:\/\/swissmilitarywatches.ch\/fr\/produit\/swiss-military-sm34094-04-swiss-stainless-steel-watch-for-men-fr\/\",\"name\":\"Swiss Military SM34094.04 - Montre Suisse en Acier pour Hommes\",\"isPartOf\":{\"@id\":\"https:\/\/swissmilitarywatches.ch\/fr\/#website\"},\"primaryImageOfPage\":{\"@id\":\"https:\/\/swissmilitarywatches.ch\/fr\/produit\/swiss-military-sm34094-04-swiss-stainless-steel-watch-for-men-fr\/#primaryimage\"},\"image\":{\"@id\":\"https:\/\/swissmilitarywatches.ch\/fr\/produit\/swiss-military-sm34094-04-swiss-stainless-steel-watch-for-men-fr\/#primaryimage\"},\"thumbnailUrl\":\"https:\/\/swissmilitarywatches.ch\/wp-content\/uploads\/2023\/03\/SM34094.04.png\",\"datePublished\":\"2023-03-29T07:35:43+00:00\",\"dateModified\":\"2025-11-23T22:01:15+00:00\",\"description\":\"Cette montre suisse en acier inoxydable pour homme est parfaite pour tous les hommes qui souhaitent ajouter \u00e0 leur vie quotidienne un fid\u00e8le compagnon de chronom\u00e9trage. 5-ans-de-garantie\",\"breadcrumb\":{\"@id\":\"https:\/\/swissmilitarywatches.ch\/fr\/produit\/swiss-military-sm34094-04-swiss-stainless-steel-watch-for-men-fr\/#breadcrumb\"},\"inLanguage\":\"fr-FR\",\"potentialAction\":[{\"@type\":\"ReadAction\",\"target\":[\"https:\/\/swissmilitarywatches.ch\/fr\/produit\/swiss-military-sm34094-04-swiss-stainless-steel-watch-for-men-fr\/\"]}]},{\"@type\":\"ImageObject\",\"inLanguage\":\"fr-FR\",\"@id\":\"https:\/\/swissmilitarywatches.ch\/fr\/produit\/swiss-military-sm34094-04-swiss-stainless-steel-watch-for-men-fr\/#primaryimage\",\"url\":\"https:\/\/swissmilitarywatches.ch\/wp-content\/uploads\/2023\/03\/SM34094.04.png\",\"contentUrl\":\"https:\/\/swissmilitarywatches.ch\/wp-content\/uploads\/2023\/03\/SM34094.04.png\",\"width\":1300,\"height\":1642,\"caption\":\"Swiss Military SM34094.04 - Silver Swiss Watch for Men\"},{\"@type\":\"BreadcrumbList\",\"@id\":\"https:\/\/swissmilitarywatches.ch\/fr\/produit\/swiss-military-sm34094-04-swiss-stainless-steel-watch-for-men-fr\/#breadcrumb\",\"itemListElement\":[{\"@type\":\"ListItem\",\"position\":1,\"name\":\"Home\",\"item\":\"https:\/\/swissmilitarywatches.ch\/fr\/home\/\"},{\"@type\":\"ListItem\",\"position\":2,\"name\":\"Boutique\",\"item\":\"https:\/\/swissmilitarywatches.ch\/fr\/boutique\/\"},{\"@type\":\"ListItem\",\"position\":3,\"name\":\"Swiss Military SM34094.04 &#8211; Montre Suisse en Acier pour Hommes\"}]},{\"@type\":\"WebSite\",\"@id\":\"https:\/\/swissmilitarywatches.ch\/fr\/#website\",\"url\":\"https:\/\/swissmilitarywatches.ch\/fr\/\",\"name\":\"Swiss Military by Chrono\",\"description\":\"Official Licensed Product of the Swiss Confederation\",\"publisher\":{\"@id\":\"https:\/\/swissmilitarywatches.ch\/fr\/#organization\"},\"potentialAction\":[{\"@type\":\"SearchAction\",\"target\":{\"@type\":\"EntryPoint\",\"urlTemplate\":\"https:\/\/swissmilitarywatches.ch\/fr\/?s={search_term_string}\"},\"query-input\":{\"@type\":\"PropertyValueSpecification\",\"valueRequired\":true,\"valueName\":\"search_term_string\"}}],\"inLanguage\":\"fr-FR\"},{\"@type\":\"Organization\",\"@id\":\"https:\/\/swissmilitarywatches.ch\/fr\/#organization\",\"name\":\"Swiss Military by Chrono\",\"url\":\"https:\/\/swissmilitarywatches.ch\/fr\/\",\"logo\":{\"@type\":\"ImageObject\",\"inLanguage\":\"fr-FR\",\"@id\":\"https:\/\/swissmilitarywatches.ch\/fr\/#\/schema\/logo\/image\/\",\"url\":\"https:\/\/swissmilitarywatches.ch\/wp-content\/uploads\/2020\/04\/cropped-SM_logo_512x512px.jpg\",\"contentUrl\":\"https:\/\/swissmilitarywatches.ch\/wp-content\/uploads\/2020\/04\/cropped-SM_logo_512x512px.jpg\",\"width\":512,\"height\":512,\"caption\":\"Swiss Military by Chrono\"},\"image\":{\"@id\":\"https:\/\/swissmilitarywatches.ch\/fr\/#\/schema\/logo\/image\/\"},\"sameAs\":[\"https:\/\/m.facebook.com\/swissmilitarybychronoofficial\/\",\"https:\/\/www.instagram.com\/swissmilitarybychrono\/\",\"https:\/\/www.pinterest.ch\/swissmilitarybychrono\/\"]}]}<\/script>\n<meta property=\"product:brand\" content=\"Swiss Military by Chrono\" \/>\n<meta property=\"product:price:amount\" content=\"249.00\" \/>\n<meta property=\"product:price:currency\" content=\"EUR\" \/>\n<meta property=\"og:availability\" content=\"instock\" \/>\n<meta property=\"product:availability\" content=\"instock\" \/>\n<meta property=\"product:retailer_item_id\" content=\"SM34094.04\" \/>\n<meta property=\"product:condition\" content=\"new\" \/>\n<!-- \/ Yoast SEO Premium plugin. -->","yoast_head_json":{"title":"Swiss Military SM34094.04 - Montre Suisse en Acier pour Hommes","description":"Cette montre suisse en acier inoxydable pour homme est parfaite pour tous les hommes qui souhaitent ajouter \u00e0 leur vie quotidienne un fid\u00e8le compagnon de chronom\u00e9trage. 5-ans-de-garantie","robots":{"index":"index","follow":"follow","max-snippet":"max-snippet:-1","max-image-preview":"max-image-preview:large","max-video-preview":"max-video-preview:-1"},"canonical":"https:\/\/swissmilitarywatches.ch\/fr\/produit\/swiss-military-sm34094-04-swiss-stainless-steel-watch-for-men-fr\/","og_locale":"fr_FR","og_type":"article","og_title":"Swiss Military SM34094.04 - Montre Suisse en Acier pour Hommes","og_description":"Cette montre suisse en acier inoxydable pour homme est parfaite pour tous les hommes qui souhaitent ajouter \u00e0 leur vie quotidienne un fid\u00e8le compagnon de chronom\u00e9trage. 5-ans-de-garantie","og_url":"https:\/\/swissmilitarywatches.ch\/fr\/produit\/swiss-military-sm34094-04-swiss-stainless-steel-watch-for-men-fr\/","og_site_name":"Swiss Military by Chrono","article_publisher":"https:\/\/m.facebook.com\/swissmilitarybychronoofficial\/","article_modified_time":"2025-11-23T22:01:15+00:00","og_image":[{"width":1300,"height":1642,"url":"https:\/\/swissmilitarywatches.ch\/wp-content\/uploads\/2023\/03\/SM34094.04.png","type":"image\/png"}],"twitter_card":"summary_large_image","twitter_misc":{"Prix":"&euro;249.00 inc. TVA","Disponibilit\u00e9":"En stock"},"schema":{"@context":"https:\/\/schema.org","@graph":[{"@type":"WebPage","@id":"https:\/\/swissmilitarywatches.ch\/fr\/produit\/swiss-military-sm34094-04-swiss-stainless-steel-watch-for-men-fr\/","url":"https:\/\/swissmilitarywatches.ch\/fr\/produit\/swiss-military-sm34094-04-swiss-stainless-steel-watch-for-men-fr\/","name":"Swiss Military SM34094.04 - Montre Suisse en Acier pour Hommes","isPartOf":{"@id":"https:\/\/swissmilitarywatches.ch\/fr\/#website"},"primaryImageOfPage":{"@id":"https:\/\/swissmilitarywatches.ch\/fr\/produit\/swiss-military-sm34094-04-swiss-stainless-steel-watch-for-men-fr\/#primaryimage"},"image":{"@id":"https:\/\/swissmilitarywatches.ch\/fr\/produit\/swiss-military-sm34094-04-swiss-stainless-steel-watch-for-men-fr\/#primaryimage"},"thumbnailUrl":"https:\/\/swissmilitarywatches.ch\/wp-content\/uploads\/2023\/03\/SM34094.04.png","datePublished":"2023-03-29T07:35:43+00:00","dateModified":"2025-11-23T22:01:15+00:00","description":"Cette montre suisse en acier inoxydable pour homme est parfaite pour tous les hommes qui souhaitent ajouter \u00e0 leur vie quotidienne un fid\u00e8le compagnon de chronom\u00e9trage. 5-ans-de-garantie","breadcrumb":{"@id":"https:\/\/swissmilitarywatches.ch\/fr\/produit\/swiss-military-sm34094-04-swiss-stainless-steel-watch-for-men-fr\/#breadcrumb"},"inLanguage":"fr-FR","potentialAction":[{"@type":"ReadAction","target":["https:\/\/swissmilitarywatches.ch\/fr\/produit\/swiss-military-sm34094-04-swiss-stainless-steel-watch-for-men-fr\/"]}]},{"@type":"ImageObject","inLanguage":"fr-FR","@id":"https:\/\/swissmilitarywatches.ch\/fr\/produit\/swiss-military-sm34094-04-swiss-stainless-steel-watch-for-men-fr\/#primaryimage","url":"https:\/\/swissmilitarywatches.ch\/wp-content\/uploads\/2023\/03\/SM34094.04.png","contentUrl":"https:\/\/swissmilitarywatches.ch\/wp-content\/uploads\/2023\/03\/SM34094.04.png","width":1300,"height":1642,"caption":"Swiss Military SM34094.04 - Silver Swiss Watch for Men"},{"@type":"BreadcrumbList","@id":"https:\/\/swissmilitarywatches.ch\/fr\/produit\/swiss-military-sm34094-04-swiss-stainless-steel-watch-for-men-fr\/#breadcrumb","itemListElement":[{"@type":"ListItem","position":1,"name":"Home","item":"https:\/\/swissmilitarywatches.ch\/fr\/home\/"},{"@type":"ListItem","position":2,"name":"Boutique","item":"https:\/\/swissmilitarywatches.ch\/fr\/boutique\/"},{"@type":"ListItem","position":3,"name":"Swiss Military SM34094.04 &#8211; Montre Suisse en Acier pour Hommes"}]},{"@type":"WebSite","@id":"https:\/\/swissmilitarywatches.ch\/fr\/#website","url":"https:\/\/swissmilitarywatches.ch\/fr\/","name":"Swiss Military by Chrono","description":"Official Licensed Product of the Swiss Confederation","publisher":{"@id":"https:\/\/swissmilitarywatches.ch\/fr\/#organization"},"potentialAction":[{"@type":"SearchAction","target":{"@type":"EntryPoint","urlTemplate":"https:\/\/swissmilitarywatches.ch\/fr\/?s={search_term_string}"},"query-input":{"@type":"PropertyValueSpecification","valueRequired":true,"valueName":"search_term_string"}}],"inLanguage":"fr-FR"},{"@type":"Organization","@id":"https:\/\/swissmilitarywatches.ch\/fr\/#organization","name":"Swiss Military by Chrono","url":"https:\/\/swissmilitarywatches.ch\/fr\/","logo":{"@type":"ImageObject","inLanguage":"fr-FR","@id":"https:\/\/swissmilitarywatches.ch\/fr\/#\/schema\/logo\/image\/","url":"https:\/\/swissmilitarywatches.ch\/wp-content\/uploads\/2020\/04\/cropped-SM_logo_512x512px.jpg","contentUrl":"https:\/\/swissmilitarywatches.ch\/wp-content\/uploads\/2020\/04\/cropped-SM_logo_512x512px.jpg","width":512,"height":512,"caption":"Swiss Military by Chrono"},"image":{"@id":"https:\/\/swissmilitarywatches.ch\/fr\/#\/schema\/logo\/image\/"},"sameAs":["https:\/\/m.facebook.com\/swissmilitarybychronoofficial\/","https:\/\/www.instagram.com\/swissmilitarybychrono\/","https:\/\/www.pinterest.ch\/swissmilitarybychrono\/"]}]},"product_brand":"Swiss Military by Chrono","product_price_amount":"249.00","product_price_currency":"EUR","og_availability":"instock","product_availability":"instock","product_retailer_item_id":"SM34094.04","product_condition":"new"},"jetpack_sharing_enabled":true,"_links":{"self":[{"href":"https:\/\/swissmilitarywatches.ch\/fr\/wp-json\/wp\/v2\/product\/14128","targetHints":{"allow":["GET"]}}],"collection":[{"href":"https:\/\/swissmilitarywatches.ch\/fr\/wp-json\/wp\/v2\/product"}],"about":[{"href":"https:\/\/swissmilitarywatches.ch\/fr\/wp-json\/wp\/v2\/types\/product"}],"replies":[{"embeddable":true,"href":"https:\/\/swissmilitarywatches.ch\/fr\/wp-json\/wp\/v2\/comments?post=14128"}],"wp:featuredmedia":[{"embeddable":true,"href":"https:\/\/swissmilitarywatches.ch\/fr\/wp-json\/wp\/v2\/media\/13884"}],"wp:attachment":[{"href":"https:\/\/swissmilitarywatches.ch\/fr\/wp-json\/wp\/v2\/media?parent=14128"}],"wp:term":[{"taxonomy":"product_brand","embeddable":true,"href":"https:\/\/swissmilitarywatches.ch\/fr\/wp-json\/wp\/v2\/product_brand?post=14128"},{"taxonomy":"product_cat","embeddable":true,"href":"https:\/\/swissmilitarywatches.ch\/fr\/wp-json\/wp\/v2\/product_cat?post=14128"},{"taxonomy":"product_tag","embeddable":true,"href":"https:\/\/swissmilitarywatches.ch\/fr\/wp-json\/wp\/v2\/product_tag?post=14128"}],"curies":[{"name":"wp","href":"https:\/\/api.w.org\/{rel}","templated":true}]}}