{"id":13802,"date":"2020-04-14T09:37:25","date_gmt":"2020-04-14T07:37:25","guid":{"rendered":"https:\/\/swissmilitarywatches.ch\/shop\/swiss-military-sm34039-08-montre-classique-en-cuir-pour-hommes\/"},"modified":"2025-12-02T00:01:28","modified_gmt":"2025-12-01T22:01:28","slug":"swiss-military-sm34039-08-fr","status":"publish","type":"product","link":"https:\/\/swissmilitarywatches.ch\/fr\/produit\/swiss-military-sm34039-08-fr\/","title":{"rendered":"Swiss Military SM34039.08 &#8211; Montre Classique en Cuir pour Hommes"},"content":{"rendered":"","protected":false},"excerpt":{"rendered":"<h2><span style=\"font-size: 80%;\">La montre en cuir classique et intemporelle pour hommes<\/span><\/h2>\n<p>Cette montre en cuir noir pour homme est le parfait compagnon intemporel et un must dans la collection de montres de tout homme. Le design classique avec une touche de modernit\u00e9 pr\u00e9sente un cadran argent\u00e9 avec des index et des aiguilles classiques en or rose.<\/p>\n<p>Cette montre Swiss Made est assembl\u00e9e \u00e0 la main dans notre <a href=\"https:\/\/swissmilitarywatches.ch\/brand\/#brand-swiss-made\">atelier d&rsquo;horlogerie interne<\/a> et b\u00e9n\u00e9ficie d&rsquo;une <a href=\"https:\/\/swissmilitarywatches.ch\/warranty\/\">garantie internationale de 5 ans<\/a>.<\/p>\n<p>De plus, cette montre analogique pour homme est fabriqu\u00e9e avec toutes nos caract\u00e9ristiques de qualit\u00e9 Swiss Made :<\/p>\n<ul>\n<li>Production interne Swiss Made<\/li>\n<li>Bo\u00eetier en acier inoxydable<\/li>\n<li>Verre min\u00e9ral extra-durci K1 avec rev\u00eatement saphir<\/li>\n<li>R\u00e9sistance \u00e0 l&rsquo;eau jusqu&rsquo;\u00e0 100M\/10ATM<\/li>\n<li>Mouvement \u00e0 quartz de haute pr\u00e9cision Swiss Made<\/li>\n<li>Garantie internationale de 5 ans<\/li>\n<\/ul>\n","protected":false},"featured_media":3900,"comment_status":"open","ping_status":"closed","template":"","meta":[],"product_brand":[],"product_cat":[2295,2293,2307,2480],"product_tag":[],"class_list":{"0":"post-13802","1":"product","2":"type-product","3":"status-publish","4":"has-post-thumbnail","6":"product_cat-toutes-les-montres","7":"product_cat-montres-pour-hommes","8":"product_cat-montres-a-quartz-fr","9":"product_cat-sm34039-fr","10":"product_shipping_class-livraison-flexible","12":"first","13":"instock","14":"taxable","15":"shipping-taxable","16":"purchasable","17":"product-type-simple"},"yoast_head":"<!-- This site is optimized with the Yoast SEO Premium plugin v26.6 (Yoast SEO v26.6) - https:\/\/yoast.com\/wordpress\/plugins\/seo\/ -->\n<title>Swiss Military SM34039.08 - Montre Classique en Cuir pour Hommes<\/title>\n<meta name=\"description\" content=\"Cette montre classique en cuir noir pour homme est dot\u00e9e d&#039;un bo\u00eetier plat en acier inoxydable, d&#039;un bracelet en cuir noir, d&#039;un cadran argent\u00e9 et or rose et d&#039;une garantie internationale de 5 ans.\" \/>\n<meta name=\"robots\" content=\"index, follow, max-snippet:-1, max-image-preview:large, max-video-preview:-1\" \/>\n<link rel=\"canonical\" href=\"https:\/\/swissmilitarywatches.ch\/fr\/produit\/swiss-military-sm34039-08-fr\/\" \/>\n<meta property=\"og:locale\" content=\"fr_FR\" \/>\n<meta property=\"og:type\" content=\"article\" \/>\n<meta property=\"og:title\" content=\"Swiss Military SM34039.08 - Montre Classique en Cuir pour Hommes\" \/>\n<meta property=\"og:description\" content=\"Cette montre classique en cuir noir pour homme est dot\u00e9e d&#039;un bo\u00eetier plat en acier inoxydable, d&#039;un bracelet en cuir noir, d&#039;un cadran argent\u00e9 et or rose et d&#039;une garantie internationale de 5 ans.\" \/>\n<meta property=\"og:url\" content=\"https:\/\/swissmilitarywatches.ch\/fr\/produit\/swiss-military-sm34039-08-fr\/\" \/>\n<meta property=\"og:site_name\" content=\"Swiss Military by Chrono\" \/>\n<meta property=\"article:publisher\" content=\"https:\/\/m.facebook.com\/swissmilitarybychronoofficial\/\" \/>\n<meta property=\"article:modified_time\" content=\"2025-12-01T22:01:28+00:00\" \/>\n<meta property=\"og:image\" content=\"https:\/\/swissmilitarywatches.ch\/wp-content\/uploads\/2020\/04\/SM34039.08.png\" \/>\n\t<meta property=\"og:image:width\" content=\"1300\" \/>\n\t<meta property=\"og:image:height\" content=\"1642\" \/>\n\t<meta property=\"og:image:type\" content=\"image\/png\" \/>\n<meta name=\"twitter:card\" content=\"summary_large_image\" \/>\n<meta name=\"twitter:label1\" content=\"Prix\" \/>\n\t<meta name=\"twitter:data1\" content=\"&euro;199.00 inc. TVA\" \/>\n\t<meta name=\"twitter:label2\" content=\"Disponibilit\u00e9\" \/>\n\t<meta name=\"twitter:data2\" content=\"En stock\" \/>\n<script type=\"application\/ld+json\" class=\"yoast-schema-graph\">{\"@context\":\"https:\/\/schema.org\",\"@graph\":[{\"@type\":\"WebPage\",\"@id\":\"https:\/\/swissmilitarywatches.ch\/fr\/produit\/swiss-military-sm34039-08-fr\/\",\"url\":\"https:\/\/swissmilitarywatches.ch\/fr\/produit\/swiss-military-sm34039-08-fr\/\",\"name\":\"Swiss Military SM34039.08 - Montre Classique en Cuir pour Hommes\",\"isPartOf\":{\"@id\":\"https:\/\/swissmilitarywatches.ch\/fr\/#website\"},\"primaryImageOfPage\":{\"@id\":\"https:\/\/swissmilitarywatches.ch\/fr\/produit\/swiss-military-sm34039-08-fr\/#primaryimage\"},\"image\":{\"@id\":\"https:\/\/swissmilitarywatches.ch\/fr\/produit\/swiss-military-sm34039-08-fr\/#primaryimage\"},\"thumbnailUrl\":\"https:\/\/swissmilitarywatches.ch\/wp-content\/uploads\/2020\/04\/SM34039.08.png\",\"datePublished\":\"2020-04-14T07:37:25+00:00\",\"dateModified\":\"2025-12-01T22:01:28+00:00\",\"description\":\"Cette montre classique en cuir noir pour homme est dot\u00e9e d'un bo\u00eetier plat en acier inoxydable, d'un bracelet en cuir noir, d'un cadran argent\u00e9 et or rose et d'une garantie internationale de 5 ans.\",\"breadcrumb\":{\"@id\":\"https:\/\/swissmilitarywatches.ch\/fr\/produit\/swiss-military-sm34039-08-fr\/#breadcrumb\"},\"inLanguage\":\"fr-FR\",\"potentialAction\":[{\"@type\":\"ReadAction\",\"target\":[\"https:\/\/swissmilitarywatches.ch\/fr\/produit\/swiss-military-sm34039-08-fr\/\"]}]},{\"@type\":\"ImageObject\",\"inLanguage\":\"fr-FR\",\"@id\":\"https:\/\/swissmilitarywatches.ch\/fr\/produit\/swiss-military-sm34039-08-fr\/#primaryimage\",\"url\":\"https:\/\/swissmilitarywatches.ch\/wp-content\/uploads\/2020\/04\/SM34039.08.png\",\"contentUrl\":\"https:\/\/swissmilitarywatches.ch\/wp-content\/uploads\/2020\/04\/SM34039.08.png\",\"width\":1300,\"height\":1642,\"caption\":\"Swiss Made SM34039.08- Classic Leather Watch for Men\"},{\"@type\":\"BreadcrumbList\",\"@id\":\"https:\/\/swissmilitarywatches.ch\/fr\/produit\/swiss-military-sm34039-08-fr\/#breadcrumb\",\"itemListElement\":[{\"@type\":\"ListItem\",\"position\":1,\"name\":\"Home\",\"item\":\"https:\/\/swissmilitarywatches.ch\/fr\/home\/\"},{\"@type\":\"ListItem\",\"position\":2,\"name\":\"Boutique\",\"item\":\"https:\/\/swissmilitarywatches.ch\/fr\/boutique\/\"},{\"@type\":\"ListItem\",\"position\":3,\"name\":\"Swiss Military SM34039.08 &#8211; Montre Classique en Cuir pour Hommes\"}]},{\"@type\":\"WebSite\",\"@id\":\"https:\/\/swissmilitarywatches.ch\/fr\/#website\",\"url\":\"https:\/\/swissmilitarywatches.ch\/fr\/\",\"name\":\"Swiss Military by Chrono\",\"description\":\"Official Licensed Product of the Swiss Confederation\",\"publisher\":{\"@id\":\"https:\/\/swissmilitarywatches.ch\/fr\/#organization\"},\"potentialAction\":[{\"@type\":\"SearchAction\",\"target\":{\"@type\":\"EntryPoint\",\"urlTemplate\":\"https:\/\/swissmilitarywatches.ch\/fr\/?s={search_term_string}\"},\"query-input\":{\"@type\":\"PropertyValueSpecification\",\"valueRequired\":true,\"valueName\":\"search_term_string\"}}],\"inLanguage\":\"fr-FR\"},{\"@type\":\"Organization\",\"@id\":\"https:\/\/swissmilitarywatches.ch\/fr\/#organization\",\"name\":\"Swiss Military by Chrono\",\"url\":\"https:\/\/swissmilitarywatches.ch\/fr\/\",\"logo\":{\"@type\":\"ImageObject\",\"inLanguage\":\"fr-FR\",\"@id\":\"https:\/\/swissmilitarywatches.ch\/fr\/#\/schema\/logo\/image\/\",\"url\":\"https:\/\/swissmilitarywatches.ch\/wp-content\/uploads\/2020\/04\/cropped-SM_logo_512x512px.jpg\",\"contentUrl\":\"https:\/\/swissmilitarywatches.ch\/wp-content\/uploads\/2020\/04\/cropped-SM_logo_512x512px.jpg\",\"width\":512,\"height\":512,\"caption\":\"Swiss Military by Chrono\"},\"image\":{\"@id\":\"https:\/\/swissmilitarywatches.ch\/fr\/#\/schema\/logo\/image\/\"},\"sameAs\":[\"https:\/\/m.facebook.com\/swissmilitarybychronoofficial\/\",\"https:\/\/www.instagram.com\/swissmilitarybychrono\/\",\"https:\/\/www.pinterest.ch\/swissmilitarybychrono\/\"]}]}<\/script>\n<meta property=\"product:brand\" content=\"Swiss Military by Chrono\" \/>\n<meta property=\"product:price:amount\" content=\"199.00\" \/>\n<meta property=\"product:price:currency\" content=\"EUR\" \/>\n<meta property=\"og:availability\" content=\"instock\" \/>\n<meta property=\"product:availability\" content=\"instock\" \/>\n<meta property=\"product:retailer_item_id\" content=\"SM34039.08\" \/>\n<meta property=\"product:condition\" content=\"new\" \/>\n<!-- \/ Yoast SEO Premium plugin. -->","yoast_head_json":{"title":"Swiss Military SM34039.08 - Montre Classique en Cuir pour Hommes","description":"Cette montre classique en cuir noir pour homme est dot\u00e9e d'un bo\u00eetier plat en acier inoxydable, d'un bracelet en cuir noir, d'un cadran argent\u00e9 et or rose et d'une garantie internationale de 5 ans.","robots":{"index":"index","follow":"follow","max-snippet":"max-snippet:-1","max-image-preview":"max-image-preview:large","max-video-preview":"max-video-preview:-1"},"canonical":"https:\/\/swissmilitarywatches.ch\/fr\/produit\/swiss-military-sm34039-08-fr\/","og_locale":"fr_FR","og_type":"article","og_title":"Swiss Military SM34039.08 - Montre Classique en Cuir pour Hommes","og_description":"Cette montre classique en cuir noir pour homme est dot\u00e9e d'un bo\u00eetier plat en acier inoxydable, d'un bracelet en cuir noir, d'un cadran argent\u00e9 et or rose et d'une garantie internationale de 5 ans.","og_url":"https:\/\/swissmilitarywatches.ch\/fr\/produit\/swiss-military-sm34039-08-fr\/","og_site_name":"Swiss Military by Chrono","article_publisher":"https:\/\/m.facebook.com\/swissmilitarybychronoofficial\/","article_modified_time":"2025-12-01T22:01:28+00:00","og_image":[{"width":1300,"height":1642,"url":"https:\/\/swissmilitarywatches.ch\/wp-content\/uploads\/2020\/04\/SM34039.08.png","type":"image\/png"}],"twitter_card":"summary_large_image","twitter_misc":{"Prix":"&euro;199.00 inc. TVA","Disponibilit\u00e9":"En stock"},"schema":{"@context":"https:\/\/schema.org","@graph":[{"@type":"WebPage","@id":"https:\/\/swissmilitarywatches.ch\/fr\/produit\/swiss-military-sm34039-08-fr\/","url":"https:\/\/swissmilitarywatches.ch\/fr\/produit\/swiss-military-sm34039-08-fr\/","name":"Swiss Military SM34039.08 - Montre Classique en Cuir pour Hommes","isPartOf":{"@id":"https:\/\/swissmilitarywatches.ch\/fr\/#website"},"primaryImageOfPage":{"@id":"https:\/\/swissmilitarywatches.ch\/fr\/produit\/swiss-military-sm34039-08-fr\/#primaryimage"},"image":{"@id":"https:\/\/swissmilitarywatches.ch\/fr\/produit\/swiss-military-sm34039-08-fr\/#primaryimage"},"thumbnailUrl":"https:\/\/swissmilitarywatches.ch\/wp-content\/uploads\/2020\/04\/SM34039.08.png","datePublished":"2020-04-14T07:37:25+00:00","dateModified":"2025-12-01T22:01:28+00:00","description":"Cette montre classique en cuir noir pour homme est dot\u00e9e d'un bo\u00eetier plat en acier inoxydable, d'un bracelet en cuir noir, d'un cadran argent\u00e9 et or rose et d'une garantie internationale de 5 ans.","breadcrumb":{"@id":"https:\/\/swissmilitarywatches.ch\/fr\/produit\/swiss-military-sm34039-08-fr\/#breadcrumb"},"inLanguage":"fr-FR","potentialAction":[{"@type":"ReadAction","target":["https:\/\/swissmilitarywatches.ch\/fr\/produit\/swiss-military-sm34039-08-fr\/"]}]},{"@type":"ImageObject","inLanguage":"fr-FR","@id":"https:\/\/swissmilitarywatches.ch\/fr\/produit\/swiss-military-sm34039-08-fr\/#primaryimage","url":"https:\/\/swissmilitarywatches.ch\/wp-content\/uploads\/2020\/04\/SM34039.08.png","contentUrl":"https:\/\/swissmilitarywatches.ch\/wp-content\/uploads\/2020\/04\/SM34039.08.png","width":1300,"height":1642,"caption":"Swiss Made SM34039.08- Classic Leather Watch for Men"},{"@type":"BreadcrumbList","@id":"https:\/\/swissmilitarywatches.ch\/fr\/produit\/swiss-military-sm34039-08-fr\/#breadcrumb","itemListElement":[{"@type":"ListItem","position":1,"name":"Home","item":"https:\/\/swissmilitarywatches.ch\/fr\/home\/"},{"@type":"ListItem","position":2,"name":"Boutique","item":"https:\/\/swissmilitarywatches.ch\/fr\/boutique\/"},{"@type":"ListItem","position":3,"name":"Swiss Military SM34039.08 &#8211; Montre Classique en Cuir pour Hommes"}]},{"@type":"WebSite","@id":"https:\/\/swissmilitarywatches.ch\/fr\/#website","url":"https:\/\/swissmilitarywatches.ch\/fr\/","name":"Swiss Military by Chrono","description":"Official Licensed Product of the Swiss Confederation","publisher":{"@id":"https:\/\/swissmilitarywatches.ch\/fr\/#organization"},"potentialAction":[{"@type":"SearchAction","target":{"@type":"EntryPoint","urlTemplate":"https:\/\/swissmilitarywatches.ch\/fr\/?s={search_term_string}"},"query-input":{"@type":"PropertyValueSpecification","valueRequired":true,"valueName":"search_term_string"}}],"inLanguage":"fr-FR"},{"@type":"Organization","@id":"https:\/\/swissmilitarywatches.ch\/fr\/#organization","name":"Swiss Military by Chrono","url":"https:\/\/swissmilitarywatches.ch\/fr\/","logo":{"@type":"ImageObject","inLanguage":"fr-FR","@id":"https:\/\/swissmilitarywatches.ch\/fr\/#\/schema\/logo\/image\/","url":"https:\/\/swissmilitarywatches.ch\/wp-content\/uploads\/2020\/04\/cropped-SM_logo_512x512px.jpg","contentUrl":"https:\/\/swissmilitarywatches.ch\/wp-content\/uploads\/2020\/04\/cropped-SM_logo_512x512px.jpg","width":512,"height":512,"caption":"Swiss Military by Chrono"},"image":{"@id":"https:\/\/swissmilitarywatches.ch\/fr\/#\/schema\/logo\/image\/"},"sameAs":["https:\/\/m.facebook.com\/swissmilitarybychronoofficial\/","https:\/\/www.instagram.com\/swissmilitarybychrono\/","https:\/\/www.pinterest.ch\/swissmilitarybychrono\/"]}]},"product_brand":"Swiss Military by Chrono","product_price_amount":"199.00","product_price_currency":"EUR","og_availability":"instock","product_availability":"instock","product_retailer_item_id":"SM34039.08","product_condition":"new"},"jetpack_sharing_enabled":true,"_links":{"self":[{"href":"https:\/\/swissmilitarywatches.ch\/fr\/wp-json\/wp\/v2\/product\/13802","targetHints":{"allow":["GET"]}}],"collection":[{"href":"https:\/\/swissmilitarywatches.ch\/fr\/wp-json\/wp\/v2\/product"}],"about":[{"href":"https:\/\/swissmilitarywatches.ch\/fr\/wp-json\/wp\/v2\/types\/product"}],"replies":[{"embeddable":true,"href":"https:\/\/swissmilitarywatches.ch\/fr\/wp-json\/wp\/v2\/comments?post=13802"}],"wp:featuredmedia":[{"embeddable":true,"href":"https:\/\/swissmilitarywatches.ch\/fr\/wp-json\/wp\/v2\/media\/3900"}],"wp:attachment":[{"href":"https:\/\/swissmilitarywatches.ch\/fr\/wp-json\/wp\/v2\/media?parent=13802"}],"wp:term":[{"taxonomy":"product_brand","embeddable":true,"href":"https:\/\/swissmilitarywatches.ch\/fr\/wp-json\/wp\/v2\/product_brand?post=13802"},{"taxonomy":"product_cat","embeddable":true,"href":"https:\/\/swissmilitarywatches.ch\/fr\/wp-json\/wp\/v2\/product_cat?post=13802"},{"taxonomy":"product_tag","embeddable":true,"href":"https:\/\/swissmilitarywatches.ch\/fr\/wp-json\/wp\/v2\/product_tag?post=13802"}],"curies":[{"name":"wp","href":"https:\/\/api.w.org\/{rel}","templated":true}]}}