{"id":13719,"date":"2020-04-14T09:37:32","date_gmt":"2020-04-14T07:37:32","guid":{"rendered":"https:\/\/swissmilitarywatches.ch\/shop\/swiss-military-sm34061-01-r-montre-chronographe-multifonction-avec-reflecteur-de-recherche-et-sauvetage\/"},"modified":"2026-04-23T10:11:46","modified_gmt":"2026-04-23T08:11:46","slug":"swiss-military-sm34061-01-r-fr","status":"publish","type":"product","link":"https:\/\/swissmilitarywatches.ch\/fr\/produit\/swiss-military-sm34061-01-r-fr\/","title":{"rendered":"Swiss Military SM34061.01.R &#8211; Montre Chronographe Multifonction avec R\u00e9flecteur de Recherche et Sauvetage"},"content":{"rendered":"<p>Cette montre chronographe multifonction robuste est un must pour les aventuriers et les sportifs de plein air. La montre de l&rsquo;\u00e9dition sp\u00e9ciale est tr\u00e8s polyvalente et multifonctionnelle dans toutes les situations. Il comporte un altim\u00e8tre, un affichage m\u00e9t\u00e9o avec pression atmosph\u00e9rique absolue et relative, un chronom\u00e8tre, un affichage des fuseaux horaires, une alarme et une fonction de minuterie. Une \u00e9lectronique de pr\u00e9cision \u00e0 l&rsquo;int\u00e9rieur du chronographe multifonction g\u00e8re ces diff\u00e9rentes fonctions et une construction \u00e0 double fond prot\u00e8ge les capteurs sp\u00e9ciaux. De plus, cette montre chronographe est \u00e9quip\u00e9e d&rsquo;un bracelet de montre de recherche et de sauvetage avec un r\u00e9flecteur RECCO int\u00e9gr\u00e9. C&rsquo;est un must pour tous ceux qui aiment les sports de plein air.<\/p>\n<p>Le bo\u00eetier de cette montre chronographe multifonction pour homme est en acier inoxydable r\u00e9sistant et la couleur noire de la lunette est obtenue gr\u00e2ce \u00e0 un placage PDV de qualit\u00e9. Des poussoirs rouges remarquables donnent au design monochrome une note saisissante. De plus, cette montre suisse est dot\u00e9e de caract\u00e9ristiques de haute qualit\u00e9 dignes d&rsquo;une montre de sport militaire. Un verre saphir inrayable recouvre le cadran noir de la montre. Les aiguilles et les index bien lisibles sont lumineux et brillent dans le noir. Cette montre est \u00e9quip\u00e9e d&rsquo;un mouvement chronographe Swiss Made et est assembl\u00e9e \u00e0 la main dans notre <a href=\"https:\/\/swissmilitarywatches.ch\/fr\/marque\/#brand-swiss-made\" target=\"_blank\" rel=\"noopener noreferrer\">atelier d&rsquo;horlogerie interne.<\/a> Comme promesse de notre qualit\u00e9 Swiss Military Swiss Made, cette montre est couverte par une <a href=\"https:\/\/swissmilitarywatches.ch\/fr\/garantie\/\" target=\"_blank\" rel=\"noopener noreferrer\">garantie internationale de 5 ans<\/a>.<\/p>\n<p><strong>Bracelet de montre de recherche et de sauvetage avec un r\u00e9flecteur RECCO int\u00e9gr\u00e9<\/strong><\/p>\n<p>Le r\u00e9flecteur RECCO de ce bracelet-montre permet aux professionnels du sauvetage de vous localiser avec les d\u00e9tecteurs RECCO en cas d&rsquo;accident d&rsquo;avalanche ou lorsque vous \u00eates perdu en pleine nature. Les d\u00e9tecteurs RECCO sont utilis\u00e9s par les professionnels du sauvetage dans le monde entier. Visitez <a href=\"http:\/\/recco.com\/\" target=\"_blank\" rel=\"noopener noreferrer\">recco.com<\/a> pour consulter la liste compl\u00e8te. Le plus important, c&rsquo;est que les r\u00e9flecteurs RECCO ne n\u00e9cessitent aucune alimentation \u00e9lectrique et aucune activation pour fonctionner. Il est recommand\u00e9 d&rsquo;utiliser plusieurs r\u00e9flecteurs pour une performance optimale.<\/p>\n<p>Ce bracelet de montre est fabriqu\u00e9 en textile durable Schoeller\u00ae outdoor Kevlar pour une r\u00e9sistance maximale aux expositions ext\u00e9rieures telles que l&rsquo;eau, la neige, la chaleur et le froid. Pour un maintien facile mais s\u00fbr de la montre au poignet, ce bracelet est \u00e9quip\u00e9 d&rsquo;une fermeture Velcro\u00ae. Pour un remplacement facile et rapide du bracelet de la montre, ce bracelet est dot\u00e9 d&rsquo;un syst\u00e8me d&#8217;embo\u00eetage par clic.<\/p>\n<p><span style=\"font-size: 80%;\">Avis de non-responsabilit\u00e9 :<\/span><br \/>\n<span style=\"font-size: 80%;\">La technologie RECCO\u00ae ne remplace pas un d\u00e9tecteur de victimes d&rsquo;avalanche. Les montres dot\u00e9es de la technologie Recco sont cr\u00e9\u00e9es pour offrir une tranquillit\u00e9 d&rsquo;esprit suppl\u00e9mentaire lorsque les \u00e9l\u00e9ments frappent \u00e0 l&rsquo;ext\u00e9rieur et vous permettent d&rsquo;\u00eatre recherch\u00e9 par les sauveteurs professionnels \u00e9quip\u00e9s de d\u00e9tecteurs RECCO\u00ae. La connaissance et le bon sens sont les meilleurs moyens d&rsquo;\u00e9viter les accidents. Respectez toujours les r\u00e8gles de s\u00e9curit\u00e9 et les r\u00e8glements. Sachez que la technologie RECCO\u00ae ne fonctionne pas sous l&rsquo;eau.<\/span><\/p>\n<p>&nbsp;<\/p>\n","protected":false},"excerpt":{"rendered":"<p>Cette montre chronographe multifonction robuste est un must pour les aventuriers et les sportifs de plein air. Elle dispose de 2 alarmes, d&rsquo;un altim\u00e8tre, d&rsquo;un chronom\u00e8tre (ADD &amp; Split), d&rsquo;une indication de l&rsquo;heure locale et d&rsquo;un second fuseau horaire, d&rsquo;un indicateur de tendance m\u00e9t\u00e9o, d&rsquo;une indication de la pression absolue et relative, d&rsquo;un calendrier perp\u00e9tuel, d&rsquo;un thermom\u00e8tre et d&rsquo;une minuterie. Le bracelet de montre Search &amp; Rescue avec un r\u00e9flecteur RECCO int\u00e9gr\u00e9 est un must pour tous ceux qui pratiquent des sports de plein air. Le r\u00e9flecteur RECCO de ce bracelet-montre permet aux professionnels du sauvetage de vous localiser avec les d\u00e9tecteurs RECCO en cas d&rsquo;accident d&rsquo;avalanche ou lorsque vous \u00eates perdu en pleine nature.<\/p>\n<p>En plus de ces fonctions sp\u00e9ciales, ce chronographe d&rsquo;ext\u00e9rieur est fabriqu\u00e9 avec toutes nos caract\u00e9ristiques de qualit\u00e9 Swiss Made :<\/p>\n<ul>\n<li>Production interne Swiss Made<\/li>\n<li>Bo\u00eetier en acier inoxydable<\/li>\n<li>Placage PVD noir<\/li>\n<li>Verre min\u00e9ral extra-durci K1 avec rev\u00eatement saphir<\/li>\n<li>R\u00e9sistance \u00e0 l&rsquo;eau jusqu&rsquo;\u00e0 100M\/10ATM<\/li>\n<li>Mouvement chronographe 1\/10 Swiss Made<\/li>\n<li>Garantie internationale de 5 ans<\/li>\n<\/ul>\n","protected":false},"featured_media":4499,"comment_status":"open","ping_status":"closed","template":"","meta":[],"product_brand":[],"product_cat":[2295,2293,2294,2308,2309,2470],"product_tag":[],"class_list":{"0":"post-13719","1":"product","2":"type-product","3":"status-publish","4":"has-post-thumbnail","6":"product_cat-toutes-les-montres","7":"product_cat-montres-pour-hommes","8":"product_cat-montres-chronographes","9":"product_cat-montres-a-fonction-speciale-fr","10":"product_cat-montres-multifonctions-fr","11":"product_cat-sm34061-fr","12":"product_shipping_class-livraison-flexible","14":"first","15":"instock","16":"featured","17":"taxable","18":"shipping-taxable","19":"purchasable","20":"product-type-simple"},"yoast_head":"<!-- This site is optimized with the Yoast SEO Premium plugin v26.6 (Yoast SEO v26.6) - https:\/\/yoast.com\/wordpress\/plugins\/seo\/ -->\n<title>Swiss Military SM34061.01.R - Montre Chronographe Multifonction avec R\u00e9flecteur de Recherche et Sauvetage<\/title>\n<meta name=\"description\" content=\"Cette montre chronographe multifonctions pour hommes est \u00e9quip\u00e9e d&#039;un bracelet de recherche et de sauvetage avec r\u00e9flecteur RECCO int\u00e9gr\u00e9 et est un must pour tous les sportifs.\" \/>\n<meta name=\"robots\" content=\"index, follow, max-snippet:-1, max-image-preview:large, max-video-preview:-1\" \/>\n<link rel=\"canonical\" href=\"https:\/\/swissmilitarywatches.ch\/fr\/produit\/swiss-military-sm34061-01-r-fr\/\" \/>\n<meta property=\"og:locale\" content=\"fr_FR\" \/>\n<meta property=\"og:type\" content=\"article\" \/>\n<meta property=\"og:title\" content=\"Swiss Military SM34061.01.R - Montre Chronographe Multifonction avec R\u00e9flecteur de Recherche et Sauvetage\" \/>\n<meta property=\"og:description\" content=\"Cette montre chronographe multifonctions pour hommes est \u00e9quip\u00e9e d&#039;un bracelet de recherche et de sauvetage avec r\u00e9flecteur RECCO int\u00e9gr\u00e9 et est un must pour tous les sportifs.\" \/>\n<meta property=\"og:url\" content=\"https:\/\/swissmilitarywatches.ch\/fr\/produit\/swiss-military-sm34061-01-r-fr\/\" \/>\n<meta property=\"og:site_name\" content=\"Swiss Military by Chrono\" \/>\n<meta property=\"article:publisher\" content=\"https:\/\/m.facebook.com\/swissmilitarybychronoofficial\/\" \/>\n<meta property=\"article:modified_time\" content=\"2026-04-23T08:11:46+00:00\" \/>\n<meta property=\"og:image\" content=\"https:\/\/swissmilitarywatches.ch\/wp-content\/uploads\/2020\/04\/SM34061.01.R.png\" \/>\n\t<meta property=\"og:image:width\" content=\"1300\" \/>\n\t<meta property=\"og:image:height\" content=\"1642\" \/>\n\t<meta property=\"og:image:type\" content=\"image\/png\" \/>\n<meta name=\"twitter:card\" content=\"summary_large_image\" \/>\n<meta name=\"twitter:label1\" content=\"Prix\" \/>\n\t<meta name=\"twitter:data1\" content=\"&euro;699.00 inc. TVA\" \/>\n\t<meta name=\"twitter:label2\" content=\"Disponibilit\u00e9\" \/>\n\t<meta name=\"twitter:data2\" content=\"En stock\" \/>\n<script type=\"application\/ld+json\" class=\"yoast-schema-graph\">{\"@context\":\"https:\/\/schema.org\",\"@graph\":[{\"@type\":\"WebPage\",\"@id\":\"https:\/\/swissmilitarywatches.ch\/fr\/produit\/swiss-military-sm34061-01-r-fr\/\",\"url\":\"https:\/\/swissmilitarywatches.ch\/fr\/produit\/swiss-military-sm34061-01-r-fr\/\",\"name\":\"Swiss Military SM34061.01.R - Montre Chronographe Multifonction avec R\u00e9flecteur de Recherche et Sauvetage\",\"isPartOf\":{\"@id\":\"https:\/\/swissmilitarywatches.ch\/fr\/#website\"},\"primaryImageOfPage\":{\"@id\":\"https:\/\/swissmilitarywatches.ch\/fr\/produit\/swiss-military-sm34061-01-r-fr\/#primaryimage\"},\"image\":{\"@id\":\"https:\/\/swissmilitarywatches.ch\/fr\/produit\/swiss-military-sm34061-01-r-fr\/#primaryimage\"},\"thumbnailUrl\":\"https:\/\/swissmilitarywatches.ch\/wp-content\/uploads\/2020\/04\/SM34061.01.R.png\",\"datePublished\":\"2020-04-14T07:37:32+00:00\",\"dateModified\":\"2026-04-23T08:11:46+00:00\",\"description\":\"Cette montre chronographe multifonctions pour hommes est \u00e9quip\u00e9e d'un bracelet de recherche et de sauvetage avec r\u00e9flecteur RECCO int\u00e9gr\u00e9 et est un must pour tous les sportifs.\",\"breadcrumb\":{\"@id\":\"https:\/\/swissmilitarywatches.ch\/fr\/produit\/swiss-military-sm34061-01-r-fr\/#breadcrumb\"},\"inLanguage\":\"fr-FR\",\"potentialAction\":[{\"@type\":\"ReadAction\",\"target\":[\"https:\/\/swissmilitarywatches.ch\/fr\/produit\/swiss-military-sm34061-01-r-fr\/\"]}]},{\"@type\":\"ImageObject\",\"inLanguage\":\"fr-FR\",\"@id\":\"https:\/\/swissmilitarywatches.ch\/fr\/produit\/swiss-military-sm34061-01-r-fr\/#primaryimage\",\"url\":\"https:\/\/swissmilitarywatches.ch\/wp-content\/uploads\/2020\/04\/SM34061.01.R.png\",\"contentUrl\":\"https:\/\/swissmilitarywatches.ch\/wp-content\/uploads\/2020\/04\/SM34061.01.R.png\",\"width\":1300,\"height\":1642,\"caption\":\"Swiss Military SM34061.01.R - Multifunction Chronograph Watch with Search &amp; Rescue Reflector\"},{\"@type\":\"BreadcrumbList\",\"@id\":\"https:\/\/swissmilitarywatches.ch\/fr\/produit\/swiss-military-sm34061-01-r-fr\/#breadcrumb\",\"itemListElement\":[{\"@type\":\"ListItem\",\"position\":1,\"name\":\"Home\",\"item\":\"https:\/\/swissmilitarywatches.ch\/fr\/home\/\"},{\"@type\":\"ListItem\",\"position\":2,\"name\":\"Boutique\",\"item\":\"https:\/\/swissmilitarywatches.ch\/fr\/boutique\/\"},{\"@type\":\"ListItem\",\"position\":3,\"name\":\"Swiss Military SM34061.01.R &#8211; Montre Chronographe Multifonction avec R\u00e9flecteur de Recherche et Sauvetage\"}]},{\"@type\":\"WebSite\",\"@id\":\"https:\/\/swissmilitarywatches.ch\/fr\/#website\",\"url\":\"https:\/\/swissmilitarywatches.ch\/fr\/\",\"name\":\"Swiss Military by Chrono\",\"description\":\"Official Licensed Product of the Swiss Confederation\",\"publisher\":{\"@id\":\"https:\/\/swissmilitarywatches.ch\/fr\/#organization\"},\"potentialAction\":[{\"@type\":\"SearchAction\",\"target\":{\"@type\":\"EntryPoint\",\"urlTemplate\":\"https:\/\/swissmilitarywatches.ch\/fr\/?s={search_term_string}\"},\"query-input\":{\"@type\":\"PropertyValueSpecification\",\"valueRequired\":true,\"valueName\":\"search_term_string\"}}],\"inLanguage\":\"fr-FR\"},{\"@type\":\"Organization\",\"@id\":\"https:\/\/swissmilitarywatches.ch\/fr\/#organization\",\"name\":\"Swiss Military by Chrono\",\"url\":\"https:\/\/swissmilitarywatches.ch\/fr\/\",\"logo\":{\"@type\":\"ImageObject\",\"inLanguage\":\"fr-FR\",\"@id\":\"https:\/\/swissmilitarywatches.ch\/fr\/#\/schema\/logo\/image\/\",\"url\":\"https:\/\/swissmilitarywatches.ch\/wp-content\/uploads\/2020\/04\/cropped-SM_logo_512x512px.jpg\",\"contentUrl\":\"https:\/\/swissmilitarywatches.ch\/wp-content\/uploads\/2020\/04\/cropped-SM_logo_512x512px.jpg\",\"width\":512,\"height\":512,\"caption\":\"Swiss Military by Chrono\"},\"image\":{\"@id\":\"https:\/\/swissmilitarywatches.ch\/fr\/#\/schema\/logo\/image\/\"},\"sameAs\":[\"https:\/\/m.facebook.com\/swissmilitarybychronoofficial\/\",\"https:\/\/www.instagram.com\/swissmilitarybychrono\/\",\"https:\/\/www.pinterest.ch\/swissmilitarybychrono\/\"]}]}<\/script>\n<meta property=\"product:brand\" content=\"Swiss Military by Chrono\" \/>\n<meta property=\"product:price:amount\" content=\"699.00\" \/>\n<meta property=\"product:price:currency\" content=\"EUR\" \/>\n<meta property=\"og:availability\" content=\"instock\" \/>\n<meta property=\"product:availability\" content=\"instock\" \/>\n<meta property=\"product:retailer_item_id\" content=\"SM34061.01.R\" \/>\n<meta property=\"product:condition\" content=\"new\" \/>\n<!-- \/ Yoast SEO Premium plugin. -->","yoast_head_json":{"title":"Swiss Military SM34061.01.R - Montre Chronographe Multifonction avec R\u00e9flecteur de Recherche et Sauvetage","description":"Cette montre chronographe multifonctions pour hommes est \u00e9quip\u00e9e d'un bracelet de recherche et de sauvetage avec r\u00e9flecteur RECCO int\u00e9gr\u00e9 et est un must pour tous les sportifs.","robots":{"index":"index","follow":"follow","max-snippet":"max-snippet:-1","max-image-preview":"max-image-preview:large","max-video-preview":"max-video-preview:-1"},"canonical":"https:\/\/swissmilitarywatches.ch\/fr\/produit\/swiss-military-sm34061-01-r-fr\/","og_locale":"fr_FR","og_type":"article","og_title":"Swiss Military SM34061.01.R - Montre Chronographe Multifonction avec R\u00e9flecteur de Recherche et Sauvetage","og_description":"Cette montre chronographe multifonctions pour hommes est \u00e9quip\u00e9e d'un bracelet de recherche et de sauvetage avec r\u00e9flecteur RECCO int\u00e9gr\u00e9 et est un must pour tous les sportifs.","og_url":"https:\/\/swissmilitarywatches.ch\/fr\/produit\/swiss-military-sm34061-01-r-fr\/","og_site_name":"Swiss Military by Chrono","article_publisher":"https:\/\/m.facebook.com\/swissmilitarybychronoofficial\/","article_modified_time":"2026-04-23T08:11:46+00:00","og_image":[{"width":1300,"height":1642,"url":"https:\/\/swissmilitarywatches.ch\/wp-content\/uploads\/2020\/04\/SM34061.01.R.png","type":"image\/png"}],"twitter_card":"summary_large_image","twitter_misc":{"Prix":"&euro;699.00 inc. TVA","Disponibilit\u00e9":"En stock"},"schema":{"@context":"https:\/\/schema.org","@graph":[{"@type":"WebPage","@id":"https:\/\/swissmilitarywatches.ch\/fr\/produit\/swiss-military-sm34061-01-r-fr\/","url":"https:\/\/swissmilitarywatches.ch\/fr\/produit\/swiss-military-sm34061-01-r-fr\/","name":"Swiss Military SM34061.01.R - Montre Chronographe Multifonction avec R\u00e9flecteur de Recherche et Sauvetage","isPartOf":{"@id":"https:\/\/swissmilitarywatches.ch\/fr\/#website"},"primaryImageOfPage":{"@id":"https:\/\/swissmilitarywatches.ch\/fr\/produit\/swiss-military-sm34061-01-r-fr\/#primaryimage"},"image":{"@id":"https:\/\/swissmilitarywatches.ch\/fr\/produit\/swiss-military-sm34061-01-r-fr\/#primaryimage"},"thumbnailUrl":"https:\/\/swissmilitarywatches.ch\/wp-content\/uploads\/2020\/04\/SM34061.01.R.png","datePublished":"2020-04-14T07:37:32+00:00","dateModified":"2026-04-23T08:11:46+00:00","description":"Cette montre chronographe multifonctions pour hommes est \u00e9quip\u00e9e d'un bracelet de recherche et de sauvetage avec r\u00e9flecteur RECCO int\u00e9gr\u00e9 et est un must pour tous les sportifs.","breadcrumb":{"@id":"https:\/\/swissmilitarywatches.ch\/fr\/produit\/swiss-military-sm34061-01-r-fr\/#breadcrumb"},"inLanguage":"fr-FR","potentialAction":[{"@type":"ReadAction","target":["https:\/\/swissmilitarywatches.ch\/fr\/produit\/swiss-military-sm34061-01-r-fr\/"]}]},{"@type":"ImageObject","inLanguage":"fr-FR","@id":"https:\/\/swissmilitarywatches.ch\/fr\/produit\/swiss-military-sm34061-01-r-fr\/#primaryimage","url":"https:\/\/swissmilitarywatches.ch\/wp-content\/uploads\/2020\/04\/SM34061.01.R.png","contentUrl":"https:\/\/swissmilitarywatches.ch\/wp-content\/uploads\/2020\/04\/SM34061.01.R.png","width":1300,"height":1642,"caption":"Swiss Military SM34061.01.R - Multifunction Chronograph Watch with Search &amp; Rescue Reflector"},{"@type":"BreadcrumbList","@id":"https:\/\/swissmilitarywatches.ch\/fr\/produit\/swiss-military-sm34061-01-r-fr\/#breadcrumb","itemListElement":[{"@type":"ListItem","position":1,"name":"Home","item":"https:\/\/swissmilitarywatches.ch\/fr\/home\/"},{"@type":"ListItem","position":2,"name":"Boutique","item":"https:\/\/swissmilitarywatches.ch\/fr\/boutique\/"},{"@type":"ListItem","position":3,"name":"Swiss Military SM34061.01.R &#8211; Montre Chronographe Multifonction avec R\u00e9flecteur de Recherche et Sauvetage"}]},{"@type":"WebSite","@id":"https:\/\/swissmilitarywatches.ch\/fr\/#website","url":"https:\/\/swissmilitarywatches.ch\/fr\/","name":"Swiss Military by Chrono","description":"Official Licensed Product of the Swiss Confederation","publisher":{"@id":"https:\/\/swissmilitarywatches.ch\/fr\/#organization"},"potentialAction":[{"@type":"SearchAction","target":{"@type":"EntryPoint","urlTemplate":"https:\/\/swissmilitarywatches.ch\/fr\/?s={search_term_string}"},"query-input":{"@type":"PropertyValueSpecification","valueRequired":true,"valueName":"search_term_string"}}],"inLanguage":"fr-FR"},{"@type":"Organization","@id":"https:\/\/swissmilitarywatches.ch\/fr\/#organization","name":"Swiss Military by Chrono","url":"https:\/\/swissmilitarywatches.ch\/fr\/","logo":{"@type":"ImageObject","inLanguage":"fr-FR","@id":"https:\/\/swissmilitarywatches.ch\/fr\/#\/schema\/logo\/image\/","url":"https:\/\/swissmilitarywatches.ch\/wp-content\/uploads\/2020\/04\/cropped-SM_logo_512x512px.jpg","contentUrl":"https:\/\/swissmilitarywatches.ch\/wp-content\/uploads\/2020\/04\/cropped-SM_logo_512x512px.jpg","width":512,"height":512,"caption":"Swiss Military by Chrono"},"image":{"@id":"https:\/\/swissmilitarywatches.ch\/fr\/#\/schema\/logo\/image\/"},"sameAs":["https:\/\/m.facebook.com\/swissmilitarybychronoofficial\/","https:\/\/www.instagram.com\/swissmilitarybychrono\/","https:\/\/www.pinterest.ch\/swissmilitarybychrono\/"]}]},"product_brand":"Swiss Military by Chrono","product_price_amount":"699.00","product_price_currency":"EUR","og_availability":"instock","product_availability":"instock","product_retailer_item_id":"SM34061.01.R","product_condition":"new"},"jetpack_sharing_enabled":true,"_links":{"self":[{"href":"https:\/\/swissmilitarywatches.ch\/fr\/wp-json\/wp\/v2\/product\/13719","targetHints":{"allow":["GET"]}}],"collection":[{"href":"https:\/\/swissmilitarywatches.ch\/fr\/wp-json\/wp\/v2\/product"}],"about":[{"href":"https:\/\/swissmilitarywatches.ch\/fr\/wp-json\/wp\/v2\/types\/product"}],"replies":[{"embeddable":true,"href":"https:\/\/swissmilitarywatches.ch\/fr\/wp-json\/wp\/v2\/comments?post=13719"}],"wp:featuredmedia":[{"embeddable":true,"href":"https:\/\/swissmilitarywatches.ch\/fr\/wp-json\/wp\/v2\/media\/4499"}],"wp:attachment":[{"href":"https:\/\/swissmilitarywatches.ch\/fr\/wp-json\/wp\/v2\/media?parent=13719"}],"wp:term":[{"taxonomy":"product_brand","embeddable":true,"href":"https:\/\/swissmilitarywatches.ch\/fr\/wp-json\/wp\/v2\/product_brand?post=13719"},{"taxonomy":"product_cat","embeddable":true,"href":"https:\/\/swissmilitarywatches.ch\/fr\/wp-json\/wp\/v2\/product_cat?post=13719"},{"taxonomy":"product_tag","embeddable":true,"href":"https:\/\/swissmilitarywatches.ch\/fr\/wp-json\/wp\/v2\/product_tag?post=13719"}],"curies":[{"name":"wp","href":"https:\/\/api.w.org\/{rel}","templated":true}]}}