{"id":13703,"date":"2020-04-14T09:37:34","date_gmt":"2020-04-14T07:37:34","guid":{"rendered":"https:\/\/swissmilitarywatches.ch\/shop\/swiss-military-sm34066-06-montre-suisse-elegante-pour-femmes\/"},"modified":"2025-11-24T00:00:39","modified_gmt":"2025-11-23T22:00:39","slug":"swiss-military-sm34066-06-fr","status":"publish","type":"product","link":"https:\/\/swissmilitarywatches.ch\/fr\/produit\/swiss-military-sm34066-06-fr\/","title":{"rendered":"Swiss Military SM34066.06 &#8211; Montre Suisse El\u00e9gante pour Femmes"},"content":{"rendered":"","protected":false},"excerpt":{"rendered":"<h2><span style=\"font-size: 80%;\">L&rsquo;ultime montre suisse \u00e9l\u00e9gante pour les femmes<\/span><\/h2>\n<p>Cette \u00e9l\u00e9gante montre pour femme est un must-have dans toute collection de montres pour femme. Le design fin en acier et or rose pr\u00e9sente une lunette cannel\u00e9e et un cadran noir avec des index et des aiguilles classiques en or rose.<\/p>\n<p>Cette montre Swiss Made est assembl\u00e9e \u00e0 la main dans notre <a href=\"https:\/\/swissmilitarywatches.ch\/brand\/#brand-swiss-made\">atelier d&rsquo;horlogerie interne<\/a> et b\u00e9n\u00e9ficie d&rsquo;une <a href=\"https:\/\/swissmilitarywatches.ch\/warranty\/\">garantie internationale de 5 ans.<\/a><\/p>\n<p>De plus, cette montre traditionnelle pour femme est fabriqu\u00e9e avec toutes nos caract\u00e9ristiques de qualit\u00e9 Swiss Made :<\/p>\n<ul>\n<li>Production interne Swiss Made<\/li>\n<li>Bo\u00eetier en acier inoxydable<\/li>\n<li>Placage PVD or rose durable<\/li>\n<li>Verre min\u00e9ral extra-durci K1 avec rev\u00eatement saphir<\/li>\n<li>R\u00e9sistance \u00e0 l&rsquo;eau jusqu&rsquo;\u00e0 50M\/5ATM<\/li>\n<li>Mouvement \u00e0 quartz de haute pr\u00e9cision Swiss Made<\/li>\n<li>Garantie internationale de 5 ans<\/li>\n<\/ul>\n","protected":false},"featured_media":21717,"comment_status":"open","ping_status":"closed","template":"","meta":[],"product_brand":[],"product_cat":[2295,2452,2456,2455],"product_tag":[],"class_list":{"0":"post-13703","1":"product","2":"type-product","3":"status-publish","4":"has-post-thumbnail","6":"product_cat-toutes-les-montres","7":"product_cat-montres-pour-femmes","8":"product_cat-montres-a-quartz","9":"product_cat-sm34066-fr","10":"product_shipping_class-livraison-flexible","12":"first","13":"instock","14":"taxable","15":"shipping-taxable","16":"purchasable","17":"product-type-simple"},"yoast_head":"<!-- This site is optimized with the Yoast SEO Premium plugin v26.6 (Yoast SEO v26.6) - https:\/\/yoast.com\/wordpress\/plugins\/seo\/ -->\n<title>Swiss Military SM34066.06 - Montre Suisse El\u00e9gante pour Femmes<\/title>\n<meta name=\"description\" content=\"Cette montre Swiss made pour femme pr\u00e9sente un bo\u00eetier\/bracelet en acier inoxydable, une lunette cannel\u00e9e, un mouvement \u00e0 quartz de haute pr\u00e9cision et une garantie internationale de 5 ans.\" \/>\n<meta name=\"robots\" content=\"index, follow, max-snippet:-1, max-image-preview:large, max-video-preview:-1\" \/>\n<link rel=\"canonical\" href=\"https:\/\/swissmilitarywatches.ch\/fr\/produit\/swiss-military-sm34066-06-fr\/\" \/>\n<meta property=\"og:locale\" content=\"fr_FR\" \/>\n<meta property=\"og:type\" content=\"article\" \/>\n<meta property=\"og:title\" content=\"Swiss Military SM34066.06 - Montre Suisse El\u00e9gante pour Femmes\" \/>\n<meta property=\"og:description\" content=\"Cette montre Swiss made pour femme pr\u00e9sente un bo\u00eetier\/bracelet en acier inoxydable, une lunette cannel\u00e9e, un mouvement \u00e0 quartz de haute pr\u00e9cision et une garantie internationale de 5 ans.\" \/>\n<meta property=\"og:url\" content=\"https:\/\/swissmilitarywatches.ch\/fr\/produit\/swiss-military-sm34066-06-fr\/\" \/>\n<meta property=\"og:site_name\" content=\"Swiss Military by Chrono\" \/>\n<meta property=\"article:publisher\" content=\"https:\/\/m.facebook.com\/swissmilitarybychronoofficial\/\" \/>\n<meta property=\"article:modified_time\" content=\"2025-11-23T22:00:39+00:00\" \/>\n<meta property=\"og:image\" content=\"https:\/\/swissmilitarywatches.ch\/wp-content\/uploads\/2020\/04\/SM34066.06.png\" \/>\n\t<meta property=\"og:image:width\" content=\"1300\" \/>\n\t<meta property=\"og:image:height\" content=\"1642\" \/>\n\t<meta property=\"og:image:type\" content=\"image\/png\" \/>\n<meta name=\"twitter:card\" content=\"summary_large_image\" \/>\n<meta name=\"twitter:label1\" content=\"Prix\" \/>\n\t<meta name=\"twitter:data1\" content=\"&euro;269.00 inc. TVA\" \/>\n\t<meta name=\"twitter:label2\" content=\"Disponibilit\u00e9\" \/>\n\t<meta name=\"twitter:data2\" content=\"En stock\" \/>\n<script type=\"application\/ld+json\" class=\"yoast-schema-graph\">{\"@context\":\"https:\/\/schema.org\",\"@graph\":[{\"@type\":\"WebPage\",\"@id\":\"https:\/\/swissmilitarywatches.ch\/fr\/produit\/swiss-military-sm34066-06-fr\/\",\"url\":\"https:\/\/swissmilitarywatches.ch\/fr\/produit\/swiss-military-sm34066-06-fr\/\",\"name\":\"Swiss Military SM34066.06 - Montre Suisse El\u00e9gante pour Femmes\",\"isPartOf\":{\"@id\":\"https:\/\/swissmilitarywatches.ch\/fr\/#website\"},\"primaryImageOfPage\":{\"@id\":\"https:\/\/swissmilitarywatches.ch\/fr\/produit\/swiss-military-sm34066-06-fr\/#primaryimage\"},\"image\":{\"@id\":\"https:\/\/swissmilitarywatches.ch\/fr\/produit\/swiss-military-sm34066-06-fr\/#primaryimage\"},\"thumbnailUrl\":\"https:\/\/swissmilitarywatches.ch\/wp-content\/uploads\/2025\/04\/SM34066.06.png\",\"datePublished\":\"2020-04-14T07:37:34+00:00\",\"dateModified\":\"2025-11-23T22:00:39+00:00\",\"description\":\"Cette montre Swiss made pour femme pr\u00e9sente un bo\u00eetier\/bracelet en acier inoxydable, une lunette cannel\u00e9e, un mouvement \u00e0 quartz de haute pr\u00e9cision et une garantie internationale de 5 ans.\",\"breadcrumb\":{\"@id\":\"https:\/\/swissmilitarywatches.ch\/fr\/produit\/swiss-military-sm34066-06-fr\/#breadcrumb\"},\"inLanguage\":\"fr-FR\",\"potentialAction\":[{\"@type\":\"ReadAction\",\"target\":[\"https:\/\/swissmilitarywatches.ch\/fr\/produit\/swiss-military-sm34066-06-fr\/\"]}]},{\"@type\":\"ImageObject\",\"inLanguage\":\"fr-FR\",\"@id\":\"https:\/\/swissmilitarywatches.ch\/fr\/produit\/swiss-military-sm34066-06-fr\/#primaryimage\",\"url\":\"https:\/\/swissmilitarywatches.ch\/wp-content\/uploads\/2025\/04\/SM34066.06.png\",\"contentUrl\":\"https:\/\/swissmilitarywatches.ch\/wp-content\/uploads\/2025\/04\/SM34066.06.png\",\"width\":1300,\"height\":1642,\"caption\":\"Swiss Military SM34066.06 - Elegant Swiss Watch for Women\"},{\"@type\":\"BreadcrumbList\",\"@id\":\"https:\/\/swissmilitarywatches.ch\/fr\/produit\/swiss-military-sm34066-06-fr\/#breadcrumb\",\"itemListElement\":[{\"@type\":\"ListItem\",\"position\":1,\"name\":\"Home\",\"item\":\"https:\/\/swissmilitarywatches.ch\/fr\/home\/\"},{\"@type\":\"ListItem\",\"position\":2,\"name\":\"Boutique\",\"item\":\"https:\/\/swissmilitarywatches.ch\/fr\/boutique\/\"},{\"@type\":\"ListItem\",\"position\":3,\"name\":\"Swiss Military SM34066.06 &#8211; Montre Suisse El\u00e9gante pour Femmes\"}]},{\"@type\":\"WebSite\",\"@id\":\"https:\/\/swissmilitarywatches.ch\/fr\/#website\",\"url\":\"https:\/\/swissmilitarywatches.ch\/fr\/\",\"name\":\"Swiss Military by Chrono\",\"description\":\"Official Licensed Product of the Swiss Confederation\",\"publisher\":{\"@id\":\"https:\/\/swissmilitarywatches.ch\/fr\/#organization\"},\"potentialAction\":[{\"@type\":\"SearchAction\",\"target\":{\"@type\":\"EntryPoint\",\"urlTemplate\":\"https:\/\/swissmilitarywatches.ch\/fr\/?s={search_term_string}\"},\"query-input\":{\"@type\":\"PropertyValueSpecification\",\"valueRequired\":true,\"valueName\":\"search_term_string\"}}],\"inLanguage\":\"fr-FR\"},{\"@type\":\"Organization\",\"@id\":\"https:\/\/swissmilitarywatches.ch\/fr\/#organization\",\"name\":\"Swiss Military by Chrono\",\"url\":\"https:\/\/swissmilitarywatches.ch\/fr\/\",\"logo\":{\"@type\":\"ImageObject\",\"inLanguage\":\"fr-FR\",\"@id\":\"https:\/\/swissmilitarywatches.ch\/fr\/#\/schema\/logo\/image\/\",\"url\":\"https:\/\/swissmilitarywatches.ch\/wp-content\/uploads\/2020\/04\/cropped-SM_logo_512x512px.jpg\",\"contentUrl\":\"https:\/\/swissmilitarywatches.ch\/wp-content\/uploads\/2020\/04\/cropped-SM_logo_512x512px.jpg\",\"width\":512,\"height\":512,\"caption\":\"Swiss Military by Chrono\"},\"image\":{\"@id\":\"https:\/\/swissmilitarywatches.ch\/fr\/#\/schema\/logo\/image\/\"},\"sameAs\":[\"https:\/\/m.facebook.com\/swissmilitarybychronoofficial\/\",\"https:\/\/www.instagram.com\/swissmilitarybychrono\/\",\"https:\/\/www.pinterest.ch\/swissmilitarybychrono\/\"]}]}<\/script>\n<meta property=\"product:brand\" content=\"Swiss Military by Chrono\" \/>\n<meta property=\"product:price:amount\" content=\"269.00\" \/>\n<meta property=\"product:price:currency\" content=\"EUR\" \/>\n<meta property=\"og:availability\" content=\"instock\" \/>\n<meta property=\"product:availability\" content=\"instock\" \/>\n<meta property=\"product:retailer_item_id\" content=\"SM34066.06\" \/>\n<meta property=\"product:condition\" content=\"new\" \/>\n<!-- \/ Yoast SEO Premium plugin. -->","yoast_head_json":{"title":"Swiss Military SM34066.06 - Montre Suisse El\u00e9gante pour Femmes","description":"Cette montre Swiss made pour femme pr\u00e9sente un bo\u00eetier\/bracelet en acier inoxydable, une lunette cannel\u00e9e, un mouvement \u00e0 quartz de haute pr\u00e9cision et une garantie internationale de 5 ans.","robots":{"index":"index","follow":"follow","max-snippet":"max-snippet:-1","max-image-preview":"max-image-preview:large","max-video-preview":"max-video-preview:-1"},"canonical":"https:\/\/swissmilitarywatches.ch\/fr\/produit\/swiss-military-sm34066-06-fr\/","og_locale":"fr_FR","og_type":"article","og_title":"Swiss Military SM34066.06 - Montre Suisse El\u00e9gante pour Femmes","og_description":"Cette montre Swiss made pour femme pr\u00e9sente un bo\u00eetier\/bracelet en acier inoxydable, une lunette cannel\u00e9e, un mouvement \u00e0 quartz de haute pr\u00e9cision et une garantie internationale de 5 ans.","og_url":"https:\/\/swissmilitarywatches.ch\/fr\/produit\/swiss-military-sm34066-06-fr\/","og_site_name":"Swiss Military by Chrono","article_publisher":"https:\/\/m.facebook.com\/swissmilitarybychronoofficial\/","article_modified_time":"2025-11-23T22:00:39+00:00","og_image":[{"width":1300,"height":1642,"url":"https:\/\/swissmilitarywatches.ch\/wp-content\/uploads\/2020\/04\/SM34066.06.png","type":"image\/png"}],"twitter_card":"summary_large_image","twitter_misc":{"Prix":"&euro;269.00 inc. TVA","Disponibilit\u00e9":"En stock"},"schema":{"@context":"https:\/\/schema.org","@graph":[{"@type":"WebPage","@id":"https:\/\/swissmilitarywatches.ch\/fr\/produit\/swiss-military-sm34066-06-fr\/","url":"https:\/\/swissmilitarywatches.ch\/fr\/produit\/swiss-military-sm34066-06-fr\/","name":"Swiss Military SM34066.06 - Montre Suisse El\u00e9gante pour Femmes","isPartOf":{"@id":"https:\/\/swissmilitarywatches.ch\/fr\/#website"},"primaryImageOfPage":{"@id":"https:\/\/swissmilitarywatches.ch\/fr\/produit\/swiss-military-sm34066-06-fr\/#primaryimage"},"image":{"@id":"https:\/\/swissmilitarywatches.ch\/fr\/produit\/swiss-military-sm34066-06-fr\/#primaryimage"},"thumbnailUrl":"https:\/\/swissmilitarywatches.ch\/wp-content\/uploads\/2025\/04\/SM34066.06.png","datePublished":"2020-04-14T07:37:34+00:00","dateModified":"2025-11-23T22:00:39+00:00","description":"Cette montre Swiss made pour femme pr\u00e9sente un bo\u00eetier\/bracelet en acier inoxydable, une lunette cannel\u00e9e, un mouvement \u00e0 quartz de haute pr\u00e9cision et une garantie internationale de 5 ans.","breadcrumb":{"@id":"https:\/\/swissmilitarywatches.ch\/fr\/produit\/swiss-military-sm34066-06-fr\/#breadcrumb"},"inLanguage":"fr-FR","potentialAction":[{"@type":"ReadAction","target":["https:\/\/swissmilitarywatches.ch\/fr\/produit\/swiss-military-sm34066-06-fr\/"]}]},{"@type":"ImageObject","inLanguage":"fr-FR","@id":"https:\/\/swissmilitarywatches.ch\/fr\/produit\/swiss-military-sm34066-06-fr\/#primaryimage","url":"https:\/\/swissmilitarywatches.ch\/wp-content\/uploads\/2025\/04\/SM34066.06.png","contentUrl":"https:\/\/swissmilitarywatches.ch\/wp-content\/uploads\/2025\/04\/SM34066.06.png","width":1300,"height":1642,"caption":"Swiss Military SM34066.06 - Elegant Swiss Watch for Women"},{"@type":"BreadcrumbList","@id":"https:\/\/swissmilitarywatches.ch\/fr\/produit\/swiss-military-sm34066-06-fr\/#breadcrumb","itemListElement":[{"@type":"ListItem","position":1,"name":"Home","item":"https:\/\/swissmilitarywatches.ch\/fr\/home\/"},{"@type":"ListItem","position":2,"name":"Boutique","item":"https:\/\/swissmilitarywatches.ch\/fr\/boutique\/"},{"@type":"ListItem","position":3,"name":"Swiss Military SM34066.06 &#8211; Montre Suisse El\u00e9gante pour Femmes"}]},{"@type":"WebSite","@id":"https:\/\/swissmilitarywatches.ch\/fr\/#website","url":"https:\/\/swissmilitarywatches.ch\/fr\/","name":"Swiss Military by Chrono","description":"Official Licensed Product of the Swiss Confederation","publisher":{"@id":"https:\/\/swissmilitarywatches.ch\/fr\/#organization"},"potentialAction":[{"@type":"SearchAction","target":{"@type":"EntryPoint","urlTemplate":"https:\/\/swissmilitarywatches.ch\/fr\/?s={search_term_string}"},"query-input":{"@type":"PropertyValueSpecification","valueRequired":true,"valueName":"search_term_string"}}],"inLanguage":"fr-FR"},{"@type":"Organization","@id":"https:\/\/swissmilitarywatches.ch\/fr\/#organization","name":"Swiss Military by Chrono","url":"https:\/\/swissmilitarywatches.ch\/fr\/","logo":{"@type":"ImageObject","inLanguage":"fr-FR","@id":"https:\/\/swissmilitarywatches.ch\/fr\/#\/schema\/logo\/image\/","url":"https:\/\/swissmilitarywatches.ch\/wp-content\/uploads\/2020\/04\/cropped-SM_logo_512x512px.jpg","contentUrl":"https:\/\/swissmilitarywatches.ch\/wp-content\/uploads\/2020\/04\/cropped-SM_logo_512x512px.jpg","width":512,"height":512,"caption":"Swiss Military by Chrono"},"image":{"@id":"https:\/\/swissmilitarywatches.ch\/fr\/#\/schema\/logo\/image\/"},"sameAs":["https:\/\/m.facebook.com\/swissmilitarybychronoofficial\/","https:\/\/www.instagram.com\/swissmilitarybychrono\/","https:\/\/www.pinterest.ch\/swissmilitarybychrono\/"]}]},"product_brand":"Swiss Military by Chrono","product_price_amount":"269.00","product_price_currency":"EUR","og_availability":"instock","product_availability":"instock","product_retailer_item_id":"SM34066.06","product_condition":"new"},"jetpack_sharing_enabled":true,"_links":{"self":[{"href":"https:\/\/swissmilitarywatches.ch\/fr\/wp-json\/wp\/v2\/product\/13703","targetHints":{"allow":["GET"]}}],"collection":[{"href":"https:\/\/swissmilitarywatches.ch\/fr\/wp-json\/wp\/v2\/product"}],"about":[{"href":"https:\/\/swissmilitarywatches.ch\/fr\/wp-json\/wp\/v2\/types\/product"}],"replies":[{"embeddable":true,"href":"https:\/\/swissmilitarywatches.ch\/fr\/wp-json\/wp\/v2\/comments?post=13703"}],"wp:featuredmedia":[{"embeddable":true,"href":"https:\/\/swissmilitarywatches.ch\/fr\/wp-json\/wp\/v2\/media\/21717"}],"wp:attachment":[{"href":"https:\/\/swissmilitarywatches.ch\/fr\/wp-json\/wp\/v2\/media?parent=13703"}],"wp:term":[{"taxonomy":"product_brand","embeddable":true,"href":"https:\/\/swissmilitarywatches.ch\/fr\/wp-json\/wp\/v2\/product_brand?post=13703"},{"taxonomy":"product_cat","embeddable":true,"href":"https:\/\/swissmilitarywatches.ch\/fr\/wp-json\/wp\/v2\/product_cat?post=13703"},{"taxonomy":"product_tag","embeddable":true,"href":"https:\/\/swissmilitarywatches.ch\/fr\/wp-json\/wp\/v2\/product_tag?post=13703"}],"curies":[{"name":"wp","href":"https:\/\/api.w.org\/{rel}","templated":true}]}}