{"id":13564,"date":"2020-04-14T09:37:47","date_gmt":"2023-03-01T09:31:54","guid":{"rendered":"https:\/\/swissmilitarywatches.ch\/shop\/swiss-military-sma34077-06-montre-automatique-swiss-made-pour-hommes\/"},"modified":"2025-11-24T00:00:45","modified_gmt":"2025-11-23T22:00:45","slug":"swiss-military-sma34077-06-fr","status":"publish","type":"product","link":"https:\/\/swissmilitarywatches.ch\/fr\/produit\/swiss-military-sma34077-06-fr\/","title":{"rendered":"Swiss Military SMA34077.06 &#8211; Montre Automatique Swiss Made pour Hommes"},"content":{"rendered":"<p>Une montre automatique moderne pour hommes est cr\u00e9\u00e9e lorsque les valeurs horlog\u00e8res de Swiss Made sont associ\u00e9es \u00e0 un esprit militaire moderne \u00e0 l&rsquo;ext\u00e9rieur. L&rsquo;attrait de cette montre contemporaine pour homme \u00e0 l&rsquo;attitude audacieuse r\u00e9side dans l&rsquo;association du bo\u00eetier noir et du cadran vert accrocheur. Les chiffres arabes contemporains et les aiguilles modernes s&rsquo;opposent parfaitement \u00e0 l&rsquo;\u00e9l\u00e9gance du cadran soleill\u00e9 chatoyant. Le bracelet en cuir brun de style vintage avec des surpiq\u00fbres blanches renforce l&rsquo;aspect contemporain de cette montre suisse. C&rsquo;est une combinaison qui est faite pour impressionner.<\/p>\n<p>Fid\u00e8le \u00e0 notre approche de l&rsquo;horlogerie d\u00e9di\u00e9e \u00e0 la qualit\u00e9 Swiss Made, le bo\u00eetier de cette montre automatique est fabriqu\u00e9 en acier inoxydable durable et plaqu\u00e9 PVD noir. Sapphire glass covers the dial as well as the see-through case back. Le fonctionnement du mouvement automatique Swiss Made est visible \u00e0 travers le fond du bo\u00eetier en verre. Tous les rep\u00e8res des heures, ainsi que les aiguilles des heures et des minutes, sont lumineux et brillent dans le noir. Ce garde-temps est assembl\u00e9 \u00e0 la main dans notre <a href=\"https:\/\/swissmilitarywatches.ch\/fr\/marque\/#brand-swiss-made\">atelier d&rsquo;horlogerie interne<\/a> et b\u00e9n\u00e9ficie d&rsquo;une <a href=\"https:\/\/swissmilitarywatches.ch\/fr\/garantie\/\">garantie internationale de 5 ans.<\/a><\/p>\n","protected":false},"excerpt":{"rendered":"<p><strong>L&rsquo;horlogerie traditionnelle Swiss Made rencontre le design moderne des montres.<\/strong><\/p>\n<p>Lorsque les valeurs horlog\u00e8res Swiss Made \u00e0 l&rsquo;int\u00e9rieur sont associ\u00e9es \u00e0 un esprit militaire moderne \u00e0 l&rsquo;ext\u00e9rieur, une montre automatique de caract\u00e8re ind\u00e9pendant est n\u00e9e. L&rsquo;attrait de cette montre contemporaine pour homme r\u00e9side dans son bo\u00eetier noir audacieux et son cadran moderne. Les chiffres arabes et les aiguilles modernes s&rsquo;accordent parfaitement avec l&rsquo;\u00e9l\u00e9gance du cadran soleill\u00e9. Le bracelet en cuir de style vintage avec surpiq\u00fbres blanches renforce l&rsquo;aspect contemporain de cette montre. C&rsquo;est une combinaison qui est faite pour impressionner.<\/p>\n<p>De plus, cette montre automatique moderne pour hommes est dot\u00e9e de toutes nos caract\u00e9ristiques de qualit\u00e9 Swiss Made :<\/p>\n<ul>\n<li>Production interne Swiss Made<\/li>\n<li>Bo\u00eetier robuste en acier inoxydable<\/li>\n<li>Placage PVD noir durable<\/li>\n<li>Verre saphir r\u00e9sistant aux rayures<\/li>\n<li>R\u00e9sistance \u00e0 l&rsquo;eau jusqu&rsquo;\u00e0 100M\/10ATM<\/li>\n<li>Mouvement automatique Swiss Made<\/li>\n<li>Garantie internationale de 5 ans<\/li>\n<\/ul>\n","protected":false},"featured_media":4152,"comment_status":"open","ping_status":"closed","template":"","meta":[],"product_brand":[],"product_cat":[2295,2293,2306,2476],"product_tag":[],"class_list":{"0":"post-13564","1":"product","2":"type-product","3":"status-publish","4":"has-post-thumbnail","6":"product_cat-toutes-les-montres","7":"product_cat-montres-pour-hommes","8":"product_cat-montres-mecaniques-fr","9":"product_cat-sma34077-fr","10":"product_shipping_class-livraison-flexible","12":"first","13":"instock","14":"taxable","15":"shipping-taxable","16":"purchasable","17":"product-type-simple"},"yoast_head":"<!-- This site is optimized with the Yoast SEO Premium plugin v26.6 (Yoast SEO v26.6) - https:\/\/yoast.com\/wordpress\/plugins\/seo\/ -->\n<title>Swiss Military SMA34077.06 - Montre Automatique Swiss Made pour Hommes<\/title>\n<meta name=\"description\" content=\"Cette montre suisse automatique pour hommes est une fusion des valeurs horlog\u00e8res Swiss Made et d&#039;une nature militaire contemporaine. Ind\u00e9pendant, audacieux et fort.\" \/>\n<meta name=\"robots\" content=\"index, follow, max-snippet:-1, max-image-preview:large, max-video-preview:-1\" \/>\n<link rel=\"canonical\" href=\"https:\/\/swissmilitarywatches.ch\/fr\/produit\/swiss-military-sma34077-06-fr\/\" \/>\n<meta property=\"og:locale\" content=\"fr_FR\" \/>\n<meta property=\"og:type\" content=\"article\" \/>\n<meta property=\"og:title\" content=\"Swiss Military SMA34077.06 - Montre Automatique Swiss Made pour Hommes\" \/>\n<meta property=\"og:description\" content=\"Cette montre suisse automatique pour hommes est une fusion des valeurs horlog\u00e8res Swiss Made et d&#039;une nature militaire contemporaine. Ind\u00e9pendant, audacieux et fort.\" \/>\n<meta property=\"og:url\" content=\"https:\/\/swissmilitarywatches.ch\/fr\/produit\/swiss-military-sma34077-06-fr\/\" \/>\n<meta property=\"og:site_name\" content=\"Swiss Military by Chrono\" \/>\n<meta property=\"article:publisher\" content=\"https:\/\/m.facebook.com\/swissmilitarybychronoofficial\/\" \/>\n<meta property=\"article:modified_time\" content=\"2025-11-23T22:00:45+00:00\" \/>\n<meta property=\"og:image\" content=\"https:\/\/swissmilitarywatches.ch\/wp-content\/uploads\/2020\/04\/SMA34077.06.png\" \/>\n\t<meta property=\"og:image:width\" content=\"1300\" \/>\n\t<meta property=\"og:image:height\" content=\"1642\" \/>\n\t<meta property=\"og:image:type\" content=\"image\/png\" \/>\n<meta name=\"twitter:card\" content=\"summary_large_image\" \/>\n<meta name=\"twitter:label1\" content=\"Prix\" \/>\n\t<meta name=\"twitter:data1\" content=\"&euro;679.00 inc. TVA\" \/>\n\t<meta name=\"twitter:label2\" content=\"Disponibilit\u00e9\" \/>\n\t<meta name=\"twitter:data2\" content=\"En stock\" \/>\n<script type=\"application\/ld+json\" class=\"yoast-schema-graph\">{\"@context\":\"https:\/\/schema.org\",\"@graph\":[{\"@type\":\"WebPage\",\"@id\":\"https:\/\/swissmilitarywatches.ch\/fr\/produit\/swiss-military-sma34077-06-fr\/\",\"url\":\"https:\/\/swissmilitarywatches.ch\/fr\/produit\/swiss-military-sma34077-06-fr\/\",\"name\":\"Swiss Military SMA34077.06 - Montre Automatique Swiss Made pour Hommes\",\"isPartOf\":{\"@id\":\"https:\/\/swissmilitarywatches.ch\/fr\/#website\"},\"primaryImageOfPage\":{\"@id\":\"https:\/\/swissmilitarywatches.ch\/fr\/produit\/swiss-military-sma34077-06-fr\/#primaryimage\"},\"image\":{\"@id\":\"https:\/\/swissmilitarywatches.ch\/fr\/produit\/swiss-military-sma34077-06-fr\/#primaryimage\"},\"thumbnailUrl\":\"https:\/\/swissmilitarywatches.ch\/wp-content\/uploads\/2020\/04\/SMA34077.06.png\",\"datePublished\":\"2023-03-01T09:31:54+00:00\",\"dateModified\":\"2025-11-23T22:00:45+00:00\",\"description\":\"Cette montre suisse automatique pour hommes est une fusion des valeurs horlog\u00e8res Swiss Made et d'une nature militaire contemporaine. Ind\u00e9pendant, audacieux et fort.\",\"breadcrumb\":{\"@id\":\"https:\/\/swissmilitarywatches.ch\/fr\/produit\/swiss-military-sma34077-06-fr\/#breadcrumb\"},\"inLanguage\":\"fr-FR\",\"potentialAction\":[{\"@type\":\"ReadAction\",\"target\":[\"https:\/\/swissmilitarywatches.ch\/fr\/produit\/swiss-military-sma34077-06-fr\/\"]}]},{\"@type\":\"ImageObject\",\"inLanguage\":\"fr-FR\",\"@id\":\"https:\/\/swissmilitarywatches.ch\/fr\/produit\/swiss-military-sma34077-06-fr\/#primaryimage\",\"url\":\"https:\/\/swissmilitarywatches.ch\/wp-content\/uploads\/2020\/04\/SMA34077.06.png\",\"contentUrl\":\"https:\/\/swissmilitarywatches.ch\/wp-content\/uploads\/2020\/04\/SMA34077.06.png\",\"width\":1300,\"height\":1642,\"caption\":\"Swiss Military SMA34077.06 - Swiss Made Automatic Watch for Men\"},{\"@type\":\"BreadcrumbList\",\"@id\":\"https:\/\/swissmilitarywatches.ch\/fr\/produit\/swiss-military-sma34077-06-fr\/#breadcrumb\",\"itemListElement\":[{\"@type\":\"ListItem\",\"position\":1,\"name\":\"Home\",\"item\":\"https:\/\/swissmilitarywatches.ch\/fr\/home\/\"},{\"@type\":\"ListItem\",\"position\":2,\"name\":\"Boutique\",\"item\":\"https:\/\/swissmilitarywatches.ch\/fr\/boutique\/\"},{\"@type\":\"ListItem\",\"position\":3,\"name\":\"Swiss Military SMA34077.06 &#8211; Montre Automatique Swiss Made pour Hommes\"}]},{\"@type\":\"WebSite\",\"@id\":\"https:\/\/swissmilitarywatches.ch\/fr\/#website\",\"url\":\"https:\/\/swissmilitarywatches.ch\/fr\/\",\"name\":\"Swiss Military by Chrono\",\"description\":\"Official Licensed Product of the Swiss Confederation\",\"publisher\":{\"@id\":\"https:\/\/swissmilitarywatches.ch\/fr\/#organization\"},\"potentialAction\":[{\"@type\":\"SearchAction\",\"target\":{\"@type\":\"EntryPoint\",\"urlTemplate\":\"https:\/\/swissmilitarywatches.ch\/fr\/?s={search_term_string}\"},\"query-input\":{\"@type\":\"PropertyValueSpecification\",\"valueRequired\":true,\"valueName\":\"search_term_string\"}}],\"inLanguage\":\"fr-FR\"},{\"@type\":\"Organization\",\"@id\":\"https:\/\/swissmilitarywatches.ch\/fr\/#organization\",\"name\":\"Swiss Military by Chrono\",\"url\":\"https:\/\/swissmilitarywatches.ch\/fr\/\",\"logo\":{\"@type\":\"ImageObject\",\"inLanguage\":\"fr-FR\",\"@id\":\"https:\/\/swissmilitarywatches.ch\/fr\/#\/schema\/logo\/image\/\",\"url\":\"https:\/\/swissmilitarywatches.ch\/wp-content\/uploads\/2020\/04\/cropped-SM_logo_512x512px.jpg\",\"contentUrl\":\"https:\/\/swissmilitarywatches.ch\/wp-content\/uploads\/2020\/04\/cropped-SM_logo_512x512px.jpg\",\"width\":512,\"height\":512,\"caption\":\"Swiss Military by Chrono\"},\"image\":{\"@id\":\"https:\/\/swissmilitarywatches.ch\/fr\/#\/schema\/logo\/image\/\"},\"sameAs\":[\"https:\/\/m.facebook.com\/swissmilitarybychronoofficial\/\",\"https:\/\/www.instagram.com\/swissmilitarybychrono\/\",\"https:\/\/www.pinterest.ch\/swissmilitarybychrono\/\"]}]}<\/script>\n<meta property=\"product:brand\" content=\"Swiss Military by Chrono\" \/>\n<meta property=\"product:price:amount\" content=\"679.00\" \/>\n<meta property=\"product:price:currency\" content=\"EUR\" \/>\n<meta property=\"og:availability\" content=\"instock\" \/>\n<meta property=\"product:availability\" content=\"instock\" \/>\n<meta property=\"product:retailer_item_id\" content=\"SMA34077.06\" \/>\n<meta property=\"product:condition\" content=\"new\" \/>\n<!-- \/ Yoast SEO Premium plugin. -->","yoast_head_json":{"title":"Swiss Military SMA34077.06 - Montre Automatique Swiss Made pour Hommes","description":"Cette montre suisse automatique pour hommes est une fusion des valeurs horlog\u00e8res Swiss Made et d'une nature militaire contemporaine. Ind\u00e9pendant, audacieux et fort.","robots":{"index":"index","follow":"follow","max-snippet":"max-snippet:-1","max-image-preview":"max-image-preview:large","max-video-preview":"max-video-preview:-1"},"canonical":"https:\/\/swissmilitarywatches.ch\/fr\/produit\/swiss-military-sma34077-06-fr\/","og_locale":"fr_FR","og_type":"article","og_title":"Swiss Military SMA34077.06 - Montre Automatique Swiss Made pour Hommes","og_description":"Cette montre suisse automatique pour hommes est une fusion des valeurs horlog\u00e8res Swiss Made et d'une nature militaire contemporaine. Ind\u00e9pendant, audacieux et fort.","og_url":"https:\/\/swissmilitarywatches.ch\/fr\/produit\/swiss-military-sma34077-06-fr\/","og_site_name":"Swiss Military by Chrono","article_publisher":"https:\/\/m.facebook.com\/swissmilitarybychronoofficial\/","article_modified_time":"2025-11-23T22:00:45+00:00","og_image":[{"width":1300,"height":1642,"url":"https:\/\/swissmilitarywatches.ch\/wp-content\/uploads\/2020\/04\/SMA34077.06.png","type":"image\/png"}],"twitter_card":"summary_large_image","twitter_misc":{"Prix":"&euro;679.00 inc. TVA","Disponibilit\u00e9":"En stock"},"schema":{"@context":"https:\/\/schema.org","@graph":[{"@type":"WebPage","@id":"https:\/\/swissmilitarywatches.ch\/fr\/produit\/swiss-military-sma34077-06-fr\/","url":"https:\/\/swissmilitarywatches.ch\/fr\/produit\/swiss-military-sma34077-06-fr\/","name":"Swiss Military SMA34077.06 - Montre Automatique Swiss Made pour Hommes","isPartOf":{"@id":"https:\/\/swissmilitarywatches.ch\/fr\/#website"},"primaryImageOfPage":{"@id":"https:\/\/swissmilitarywatches.ch\/fr\/produit\/swiss-military-sma34077-06-fr\/#primaryimage"},"image":{"@id":"https:\/\/swissmilitarywatches.ch\/fr\/produit\/swiss-military-sma34077-06-fr\/#primaryimage"},"thumbnailUrl":"https:\/\/swissmilitarywatches.ch\/wp-content\/uploads\/2020\/04\/SMA34077.06.png","datePublished":"2023-03-01T09:31:54+00:00","dateModified":"2025-11-23T22:00:45+00:00","description":"Cette montre suisse automatique pour hommes est une fusion des valeurs horlog\u00e8res Swiss Made et d'une nature militaire contemporaine. Ind\u00e9pendant, audacieux et fort.","breadcrumb":{"@id":"https:\/\/swissmilitarywatches.ch\/fr\/produit\/swiss-military-sma34077-06-fr\/#breadcrumb"},"inLanguage":"fr-FR","potentialAction":[{"@type":"ReadAction","target":["https:\/\/swissmilitarywatches.ch\/fr\/produit\/swiss-military-sma34077-06-fr\/"]}]},{"@type":"ImageObject","inLanguage":"fr-FR","@id":"https:\/\/swissmilitarywatches.ch\/fr\/produit\/swiss-military-sma34077-06-fr\/#primaryimage","url":"https:\/\/swissmilitarywatches.ch\/wp-content\/uploads\/2020\/04\/SMA34077.06.png","contentUrl":"https:\/\/swissmilitarywatches.ch\/wp-content\/uploads\/2020\/04\/SMA34077.06.png","width":1300,"height":1642,"caption":"Swiss Military SMA34077.06 - Swiss Made Automatic Watch for Men"},{"@type":"BreadcrumbList","@id":"https:\/\/swissmilitarywatches.ch\/fr\/produit\/swiss-military-sma34077-06-fr\/#breadcrumb","itemListElement":[{"@type":"ListItem","position":1,"name":"Home","item":"https:\/\/swissmilitarywatches.ch\/fr\/home\/"},{"@type":"ListItem","position":2,"name":"Boutique","item":"https:\/\/swissmilitarywatches.ch\/fr\/boutique\/"},{"@type":"ListItem","position":3,"name":"Swiss Military SMA34077.06 &#8211; Montre Automatique Swiss Made pour Hommes"}]},{"@type":"WebSite","@id":"https:\/\/swissmilitarywatches.ch\/fr\/#website","url":"https:\/\/swissmilitarywatches.ch\/fr\/","name":"Swiss Military by Chrono","description":"Official Licensed Product of the Swiss Confederation","publisher":{"@id":"https:\/\/swissmilitarywatches.ch\/fr\/#organization"},"potentialAction":[{"@type":"SearchAction","target":{"@type":"EntryPoint","urlTemplate":"https:\/\/swissmilitarywatches.ch\/fr\/?s={search_term_string}"},"query-input":{"@type":"PropertyValueSpecification","valueRequired":true,"valueName":"search_term_string"}}],"inLanguage":"fr-FR"},{"@type":"Organization","@id":"https:\/\/swissmilitarywatches.ch\/fr\/#organization","name":"Swiss Military by Chrono","url":"https:\/\/swissmilitarywatches.ch\/fr\/","logo":{"@type":"ImageObject","inLanguage":"fr-FR","@id":"https:\/\/swissmilitarywatches.ch\/fr\/#\/schema\/logo\/image\/","url":"https:\/\/swissmilitarywatches.ch\/wp-content\/uploads\/2020\/04\/cropped-SM_logo_512x512px.jpg","contentUrl":"https:\/\/swissmilitarywatches.ch\/wp-content\/uploads\/2020\/04\/cropped-SM_logo_512x512px.jpg","width":512,"height":512,"caption":"Swiss Military by Chrono"},"image":{"@id":"https:\/\/swissmilitarywatches.ch\/fr\/#\/schema\/logo\/image\/"},"sameAs":["https:\/\/m.facebook.com\/swissmilitarybychronoofficial\/","https:\/\/www.instagram.com\/swissmilitarybychrono\/","https:\/\/www.pinterest.ch\/swissmilitarybychrono\/"]}]},"product_brand":"Swiss Military by Chrono","product_price_amount":"679.00","product_price_currency":"EUR","og_availability":"instock","product_availability":"instock","product_retailer_item_id":"SMA34077.06","product_condition":"new"},"jetpack_sharing_enabled":true,"_links":{"self":[{"href":"https:\/\/swissmilitarywatches.ch\/fr\/wp-json\/wp\/v2\/product\/13564","targetHints":{"allow":["GET"]}}],"collection":[{"href":"https:\/\/swissmilitarywatches.ch\/fr\/wp-json\/wp\/v2\/product"}],"about":[{"href":"https:\/\/swissmilitarywatches.ch\/fr\/wp-json\/wp\/v2\/types\/product"}],"replies":[{"embeddable":true,"href":"https:\/\/swissmilitarywatches.ch\/fr\/wp-json\/wp\/v2\/comments?post=13564"}],"wp:featuredmedia":[{"embeddable":true,"href":"https:\/\/swissmilitarywatches.ch\/fr\/wp-json\/wp\/v2\/media\/4152"}],"wp:attachment":[{"href":"https:\/\/swissmilitarywatches.ch\/fr\/wp-json\/wp\/v2\/media?parent=13564"}],"wp:term":[{"taxonomy":"product_brand","embeddable":true,"href":"https:\/\/swissmilitarywatches.ch\/fr\/wp-json\/wp\/v2\/product_brand?post=13564"},{"taxonomy":"product_cat","embeddable":true,"href":"https:\/\/swissmilitarywatches.ch\/fr\/wp-json\/wp\/v2\/product_cat?post=13564"},{"taxonomy":"product_tag","embeddable":true,"href":"https:\/\/swissmilitarywatches.ch\/fr\/wp-json\/wp\/v2\/product_tag?post=13564"}],"curies":[{"name":"wp","href":"https:\/\/api.w.org\/{rel}","templated":true}]}}