{"id":13502,"date":"2021-03-17T13:03:15","date_gmt":"2021-03-17T11:03:15","guid":{"rendered":"https:\/\/swissmilitarywatches.ch\/shop\/swiss-military-sma34075-06-swiss-made-montre-de-plongee-automatique-500m\/"},"modified":"2025-11-24T00:00:53","modified_gmt":"2025-11-23T22:00:53","slug":"swiss-military-sma34075-06-swiss-made-automatic-dive-watch-500m-fr","status":"publish","type":"product","link":"https:\/\/swissmilitarywatches.ch\/fr\/produit\/swiss-military-sma34075-06-swiss-made-automatic-dive-watch-500m-fr\/","title":{"rendered":"Swiss Military SMA34075.06 &#8211; Swiss Made Montre de Plong\u00e9e Automatique 500M"},"content":{"rendered":"<p>Cette robuste montre de plong\u00e9e professionnelle est le compagnon id\u00e9al de vos aventures de plein air sur terre et dans l&rsquo;eau. Cette impressionnante montre pour homme Swiss Made n&rsquo;est pas seulement un compagnon id\u00e9al pour vos activit\u00e9s de plein air, c&rsquo;est aussi un partenaire fiable pour la vie de tous les jours. Quelle que soit l&rsquo;occasion, qu&rsquo;elle soit d\u00e9contract\u00e9e, sportive ou \u00e9l\u00e9gante, cette montre automatique de haute qualit\u00e9 au design classique de montre de plong\u00e9e convainc toujours.<\/p>\n<p>De plus, ce garde-temps est dot\u00e9 de caract\u00e9ristiques de haute qualit\u00e9 adapt\u00e9es \u00e0 une montre de sport vraiment robuste. Le bo\u00eetier de cette montre d&rsquo;ext\u00e9rieur est fabriqu\u00e9 en acier inoxydable r\u00e9sistant et comporte une lunette rotative en c\u00e9ramique r\u00e9sistant aux rayures. Un verre saphir inrayable recouvre le cadran noir classique. Le bracelet en caoutchouc noir compl\u00e8te le look sportif. Les aiguilles et les index bien lisibles sont lumineux et brillent dans le noir. Plus important encore, cette montre de plong\u00e9e professionnelle est \u00e9tanche jusqu&rsquo;\u00e0 500M\/50ATM. Afin de garantir la fonctionnalit\u00e9 \u00e0 ces grandes profondeurs, une valve de lib\u00e9ration d&rsquo;h\u00e9lium sur le c\u00f4t\u00e9 du bo\u00eetier de la montre fonctionne comme un compensateur de pression.<\/p>\n<p>Ce garde-temps est anim\u00e9 par un mouvement automatique Swiss Made de Ronda ou Sellita et est assembl\u00e9 \u00e0 la main dans notre <a href=\"https:\/\/swissmilitarywatches.ch\/fr\/marque\/#brand-swiss-made\">atelier d&rsquo;horlogerie interne<\/a>. Comme promesse de notre qualit\u00e9 Swiss Military Swiss Made, cette montre est couverte par une <a href=\"https:\/\/swissmilitarywatches.ch\/fr\/garantie\/\">garantie internationale de 5 ans<\/a>.<\/p>\n<p>&nbsp;<\/p>\n","protected":false},"excerpt":{"rendered":"<p><strong>Vous \u00eates \u00e0 la recherche de la montre d&rsquo;ext\u00e9rieur parfaite ?<\/strong><\/p>\n<p>Cette robuste montre de plong\u00e9e professionnelle est le compagnon id\u00e9al de vos aventures sur terre et dans l&rsquo;eau. Cependant, cette impressionnante montre pour homme Swiss Made n&rsquo;est pas seulement un partenaire parfait pour vos activit\u00e9s de plein air, c&rsquo;est aussi un partenaire fiable pour la vie de tous les jours. Quelle que soit l&rsquo;occasion, qu&rsquo;elle soit d\u00e9contract\u00e9e, sportive ou \u00e9l\u00e9gante, cette montre automatique de haute qualit\u00e9 au design classique de montre de plong\u00e9e convainc toujours. De plus, ce garde-temps est dot\u00e9 de toutes les caract\u00e9ristiques de haute qualit\u00e9 d&rsquo;une montre de sport Swiss Made vraiment robuste :<\/p>\n<ul>\n<li>Production interne Swiss Made<\/li>\n<li>Bo\u00eetier robuste en acier inoxydable<\/li>\n<li>Lunette en c\u00e9ramique<\/li>\n<li>Verre saphir r\u00e9sistant aux rayures<\/li>\n<li>R\u00e9sistance \u00e0 l&rsquo;eau jusqu&rsquo;\u00e0 500M\/50ATM<\/li>\n<li>Couronne \u00e0 vis<\/li>\n<li>Valve de lib\u00e9ration d&rsquo;h\u00e9lium<\/li>\n<li>Mouvement automatique Swiss Made<\/li>\n<li>Garantie internationale de 5 ans<\/li>\n<\/ul>\n","protected":false},"featured_media":9264,"comment_status":"open","ping_status":"closed","template":"","meta":[],"product_brand":[],"product_cat":[3077,2295,2293,2306,2477],"product_tag":[],"class_list":{"0":"post-13502","1":"product","2":"type-product","3":"status-publish","4":"has-post-thumbnail","6":"product_cat-montres-outdoor","7":"product_cat-toutes-les-montres","8":"product_cat-montres-pour-hommes","9":"product_cat-montres-mecaniques-fr","10":"product_cat-sma34075-fr","11":"product_shipping_class-livraison-flexible","13":"first","14":"instock","15":"taxable","16":"shipping-taxable","17":"purchasable","18":"product-type-simple"},"yoast_head":"<!-- This site is optimized with the Yoast SEO Premium plugin v26.6 (Yoast SEO v26.6) - https:\/\/yoast.com\/wordpress\/plugins\/seo\/ -->\n<title>Swiss Military SMA34075.06 - Swiss Made Montre de Plong\u00e9e Automatique 500M<\/title>\n<meta name=\"description\" content=\"Cette robuste montre de plong\u00e9e professionnelle est le compagnon id\u00e9al de vos aventures en plein air. \u00c9tanche \u00e0 500 m\u00e8tres, mouvement automatique, verre saphir !\" \/>\n<meta name=\"robots\" content=\"index, follow, max-snippet:-1, max-image-preview:large, max-video-preview:-1\" \/>\n<link rel=\"canonical\" href=\"https:\/\/swissmilitarywatches.ch\/fr\/produit\/swiss-military-sma34075-06-swiss-made-automatic-dive-watch-500m-fr\/\" \/>\n<meta property=\"og:locale\" content=\"fr_FR\" \/>\n<meta property=\"og:type\" content=\"article\" \/>\n<meta property=\"og:title\" content=\"Swiss Military SMA34075.06 - Swiss Made Montre de Plong\u00e9e Automatique 500M\" \/>\n<meta property=\"og:description\" content=\"Cette robuste montre de plong\u00e9e professionnelle est le compagnon id\u00e9al de vos aventures en plein air. \u00c9tanche \u00e0 500 m\u00e8tres, mouvement automatique, verre saphir !\" \/>\n<meta property=\"og:url\" content=\"https:\/\/swissmilitarywatches.ch\/fr\/produit\/swiss-military-sma34075-06-swiss-made-automatic-dive-watch-500m-fr\/\" \/>\n<meta property=\"og:site_name\" content=\"Swiss Military by Chrono\" \/>\n<meta property=\"article:publisher\" content=\"https:\/\/m.facebook.com\/swissmilitarybychronoofficial\/\" \/>\n<meta property=\"article:modified_time\" content=\"2025-11-23T22:00:53+00:00\" \/>\n<meta property=\"og:image\" content=\"https:\/\/swissmilitarywatches.ch\/wp-content\/uploads\/2021\/03\/SMA34075.06.png\" \/>\n\t<meta property=\"og:image:width\" content=\"1300\" \/>\n\t<meta property=\"og:image:height\" content=\"1642\" \/>\n\t<meta property=\"og:image:type\" content=\"image\/png\" \/>\n<meta name=\"twitter:card\" content=\"summary_large_image\" \/>\n<meta name=\"twitter:label1\" content=\"Prix\" \/>\n\t<meta name=\"twitter:data1\" content=\"&euro;919.00 inc. TVA\" \/>\n\t<meta name=\"twitter:label2\" content=\"Disponibilit\u00e9\" \/>\n\t<meta name=\"twitter:data2\" content=\"En stock\" \/>\n<script type=\"application\/ld+json\" class=\"yoast-schema-graph\">{\"@context\":\"https:\/\/schema.org\",\"@graph\":[{\"@type\":\"WebPage\",\"@id\":\"https:\/\/swissmilitarywatches.ch\/fr\/produit\/swiss-military-sma34075-06-swiss-made-automatic-dive-watch-500m-fr\/\",\"url\":\"https:\/\/swissmilitarywatches.ch\/fr\/produit\/swiss-military-sma34075-06-swiss-made-automatic-dive-watch-500m-fr\/\",\"name\":\"Swiss Military SMA34075.06 - Swiss Made Montre de Plong\u00e9e Automatique 500M\",\"isPartOf\":{\"@id\":\"https:\/\/swissmilitarywatches.ch\/fr\/#website\"},\"primaryImageOfPage\":{\"@id\":\"https:\/\/swissmilitarywatches.ch\/fr\/produit\/swiss-military-sma34075-06-swiss-made-automatic-dive-watch-500m-fr\/#primaryimage\"},\"image\":{\"@id\":\"https:\/\/swissmilitarywatches.ch\/fr\/produit\/swiss-military-sma34075-06-swiss-made-automatic-dive-watch-500m-fr\/#primaryimage\"},\"thumbnailUrl\":\"https:\/\/swissmilitarywatches.ch\/wp-content\/uploads\/2021\/03\/SMA34075.06.png\",\"datePublished\":\"2021-03-17T11:03:15+00:00\",\"dateModified\":\"2025-11-23T22:00:53+00:00\",\"description\":\"Cette robuste montre de plong\u00e9e professionnelle est le compagnon id\u00e9al de vos aventures en plein air. \u00c9tanche \u00e0 500 m\u00e8tres, mouvement automatique, verre saphir !\",\"breadcrumb\":{\"@id\":\"https:\/\/swissmilitarywatches.ch\/fr\/produit\/swiss-military-sma34075-06-swiss-made-automatic-dive-watch-500m-fr\/#breadcrumb\"},\"inLanguage\":\"fr-FR\",\"potentialAction\":[{\"@type\":\"ReadAction\",\"target\":[\"https:\/\/swissmilitarywatches.ch\/fr\/produit\/swiss-military-sma34075-06-swiss-made-automatic-dive-watch-500m-fr\/\"]}]},{\"@type\":\"ImageObject\",\"inLanguage\":\"fr-FR\",\"@id\":\"https:\/\/swissmilitarywatches.ch\/fr\/produit\/swiss-military-sma34075-06-swiss-made-automatic-dive-watch-500m-fr\/#primaryimage\",\"url\":\"https:\/\/swissmilitarywatches.ch\/wp-content\/uploads\/2021\/03\/SMA34075.06.png\",\"contentUrl\":\"https:\/\/swissmilitarywatches.ch\/wp-content\/uploads\/2021\/03\/SMA34075.06.png\",\"width\":1300,\"height\":1642,\"caption\":\"Swiss Military SMA34075.06 - Reloj autom\u00e1tico de buceo Swiss Made 500M\"},{\"@type\":\"BreadcrumbList\",\"@id\":\"https:\/\/swissmilitarywatches.ch\/fr\/produit\/swiss-military-sma34075-06-swiss-made-automatic-dive-watch-500m-fr\/#breadcrumb\",\"itemListElement\":[{\"@type\":\"ListItem\",\"position\":1,\"name\":\"Home\",\"item\":\"https:\/\/swissmilitarywatches.ch\/fr\/home\/\"},{\"@type\":\"ListItem\",\"position\":2,\"name\":\"Boutique\",\"item\":\"https:\/\/swissmilitarywatches.ch\/fr\/boutique\/\"},{\"@type\":\"ListItem\",\"position\":3,\"name\":\"Toutes les montres\",\"item\":\"https:\/\/swissmilitarywatches.ch\/fr\/categorie-produit-fr\/toutes-les-montres\/\"},{\"@type\":\"ListItem\",\"position\":4,\"name\":\"Montres pour hommes\",\"item\":\"https:\/\/swissmilitarywatches.ch\/fr\/categorie-produit-fr\/toutes-les-montres\/montres-pour-hommes\/\"},{\"@type\":\"ListItem\",\"position\":5,\"name\":\"Montres m\u00e9caniques\",\"item\":\"https:\/\/swissmilitarywatches.ch\/fr\/categorie-produit-fr\/toutes-les-montres\/montres-pour-hommes\/montres-mecaniques-fr\/\"},{\"@type\":\"ListItem\",\"position\":6,\"name\":\"Swiss Military SMA34075.06 &#8211; Swiss Made Montre de Plong\u00e9e Automatique 500M\"}]},{\"@type\":\"WebSite\",\"@id\":\"https:\/\/swissmilitarywatches.ch\/fr\/#website\",\"url\":\"https:\/\/swissmilitarywatches.ch\/fr\/\",\"name\":\"Swiss Military by Chrono\",\"description\":\"Official Licensed Product of the Swiss Confederation\",\"publisher\":{\"@id\":\"https:\/\/swissmilitarywatches.ch\/fr\/#organization\"},\"potentialAction\":[{\"@type\":\"SearchAction\",\"target\":{\"@type\":\"EntryPoint\",\"urlTemplate\":\"https:\/\/swissmilitarywatches.ch\/fr\/?s={search_term_string}\"},\"query-input\":{\"@type\":\"PropertyValueSpecification\",\"valueRequired\":true,\"valueName\":\"search_term_string\"}}],\"inLanguage\":\"fr-FR\"},{\"@type\":\"Organization\",\"@id\":\"https:\/\/swissmilitarywatches.ch\/fr\/#organization\",\"name\":\"Swiss Military by Chrono\",\"url\":\"https:\/\/swissmilitarywatches.ch\/fr\/\",\"logo\":{\"@type\":\"ImageObject\",\"inLanguage\":\"fr-FR\",\"@id\":\"https:\/\/swissmilitarywatches.ch\/fr\/#\/schema\/logo\/image\/\",\"url\":\"https:\/\/swissmilitarywatches.ch\/wp-content\/uploads\/2020\/04\/cropped-SM_logo_512x512px.jpg\",\"contentUrl\":\"https:\/\/swissmilitarywatches.ch\/wp-content\/uploads\/2020\/04\/cropped-SM_logo_512x512px.jpg\",\"width\":512,\"height\":512,\"caption\":\"Swiss Military by Chrono\"},\"image\":{\"@id\":\"https:\/\/swissmilitarywatches.ch\/fr\/#\/schema\/logo\/image\/\"},\"sameAs\":[\"https:\/\/m.facebook.com\/swissmilitarybychronoofficial\/\",\"https:\/\/www.instagram.com\/swissmilitarybychrono\/\",\"https:\/\/www.pinterest.ch\/swissmilitarybychrono\/\"]}]}<\/script>\n<meta property=\"product:brand\" content=\"Swiss Military by Chrono\" \/>\n<meta property=\"product:price:amount\" content=\"919.00\" \/>\n<meta property=\"product:price:currency\" content=\"EUR\" \/>\n<meta property=\"og:availability\" content=\"instock\" \/>\n<meta property=\"product:availability\" content=\"instock\" \/>\n<meta property=\"product:retailer_item_id\" content=\"SMA34075.06\" \/>\n<meta property=\"product:condition\" content=\"new\" \/>\n<!-- \/ Yoast SEO Premium plugin. -->","yoast_head_json":{"title":"Swiss Military SMA34075.06 - Swiss Made Montre de Plong\u00e9e Automatique 500M","description":"Cette robuste montre de plong\u00e9e professionnelle est le compagnon id\u00e9al de vos aventures en plein air. \u00c9tanche \u00e0 500 m\u00e8tres, mouvement automatique, verre saphir !","robots":{"index":"index","follow":"follow","max-snippet":"max-snippet:-1","max-image-preview":"max-image-preview:large","max-video-preview":"max-video-preview:-1"},"canonical":"https:\/\/swissmilitarywatches.ch\/fr\/produit\/swiss-military-sma34075-06-swiss-made-automatic-dive-watch-500m-fr\/","og_locale":"fr_FR","og_type":"article","og_title":"Swiss Military SMA34075.06 - Swiss Made Montre de Plong\u00e9e Automatique 500M","og_description":"Cette robuste montre de plong\u00e9e professionnelle est le compagnon id\u00e9al de vos aventures en plein air. \u00c9tanche \u00e0 500 m\u00e8tres, mouvement automatique, verre saphir !","og_url":"https:\/\/swissmilitarywatches.ch\/fr\/produit\/swiss-military-sma34075-06-swiss-made-automatic-dive-watch-500m-fr\/","og_site_name":"Swiss Military by Chrono","article_publisher":"https:\/\/m.facebook.com\/swissmilitarybychronoofficial\/","article_modified_time":"2025-11-23T22:00:53+00:00","og_image":[{"width":1300,"height":1642,"url":"https:\/\/swissmilitarywatches.ch\/wp-content\/uploads\/2021\/03\/SMA34075.06.png","type":"image\/png"}],"twitter_card":"summary_large_image","twitter_misc":{"Prix":"&euro;919.00 inc. TVA","Disponibilit\u00e9":"En stock"},"schema":{"@context":"https:\/\/schema.org","@graph":[{"@type":"WebPage","@id":"https:\/\/swissmilitarywatches.ch\/fr\/produit\/swiss-military-sma34075-06-swiss-made-automatic-dive-watch-500m-fr\/","url":"https:\/\/swissmilitarywatches.ch\/fr\/produit\/swiss-military-sma34075-06-swiss-made-automatic-dive-watch-500m-fr\/","name":"Swiss Military SMA34075.06 - Swiss Made Montre de Plong\u00e9e Automatique 500M","isPartOf":{"@id":"https:\/\/swissmilitarywatches.ch\/fr\/#website"},"primaryImageOfPage":{"@id":"https:\/\/swissmilitarywatches.ch\/fr\/produit\/swiss-military-sma34075-06-swiss-made-automatic-dive-watch-500m-fr\/#primaryimage"},"image":{"@id":"https:\/\/swissmilitarywatches.ch\/fr\/produit\/swiss-military-sma34075-06-swiss-made-automatic-dive-watch-500m-fr\/#primaryimage"},"thumbnailUrl":"https:\/\/swissmilitarywatches.ch\/wp-content\/uploads\/2021\/03\/SMA34075.06.png","datePublished":"2021-03-17T11:03:15+00:00","dateModified":"2025-11-23T22:00:53+00:00","description":"Cette robuste montre de plong\u00e9e professionnelle est le compagnon id\u00e9al de vos aventures en plein air. \u00c9tanche \u00e0 500 m\u00e8tres, mouvement automatique, verre saphir !","breadcrumb":{"@id":"https:\/\/swissmilitarywatches.ch\/fr\/produit\/swiss-military-sma34075-06-swiss-made-automatic-dive-watch-500m-fr\/#breadcrumb"},"inLanguage":"fr-FR","potentialAction":[{"@type":"ReadAction","target":["https:\/\/swissmilitarywatches.ch\/fr\/produit\/swiss-military-sma34075-06-swiss-made-automatic-dive-watch-500m-fr\/"]}]},{"@type":"ImageObject","inLanguage":"fr-FR","@id":"https:\/\/swissmilitarywatches.ch\/fr\/produit\/swiss-military-sma34075-06-swiss-made-automatic-dive-watch-500m-fr\/#primaryimage","url":"https:\/\/swissmilitarywatches.ch\/wp-content\/uploads\/2021\/03\/SMA34075.06.png","contentUrl":"https:\/\/swissmilitarywatches.ch\/wp-content\/uploads\/2021\/03\/SMA34075.06.png","width":1300,"height":1642,"caption":"Swiss Military SMA34075.06 - Reloj autom\u00e1tico de buceo Swiss Made 500M"},{"@type":"BreadcrumbList","@id":"https:\/\/swissmilitarywatches.ch\/fr\/produit\/swiss-military-sma34075-06-swiss-made-automatic-dive-watch-500m-fr\/#breadcrumb","itemListElement":[{"@type":"ListItem","position":1,"name":"Home","item":"https:\/\/swissmilitarywatches.ch\/fr\/home\/"},{"@type":"ListItem","position":2,"name":"Boutique","item":"https:\/\/swissmilitarywatches.ch\/fr\/boutique\/"},{"@type":"ListItem","position":3,"name":"Toutes les montres","item":"https:\/\/swissmilitarywatches.ch\/fr\/categorie-produit-fr\/toutes-les-montres\/"},{"@type":"ListItem","position":4,"name":"Montres pour hommes","item":"https:\/\/swissmilitarywatches.ch\/fr\/categorie-produit-fr\/toutes-les-montres\/montres-pour-hommes\/"},{"@type":"ListItem","position":5,"name":"Montres m\u00e9caniques","item":"https:\/\/swissmilitarywatches.ch\/fr\/categorie-produit-fr\/toutes-les-montres\/montres-pour-hommes\/montres-mecaniques-fr\/"},{"@type":"ListItem","position":6,"name":"Swiss Military SMA34075.06 &#8211; Swiss Made Montre de Plong\u00e9e Automatique 500M"}]},{"@type":"WebSite","@id":"https:\/\/swissmilitarywatches.ch\/fr\/#website","url":"https:\/\/swissmilitarywatches.ch\/fr\/","name":"Swiss Military by Chrono","description":"Official Licensed Product of the Swiss Confederation","publisher":{"@id":"https:\/\/swissmilitarywatches.ch\/fr\/#organization"},"potentialAction":[{"@type":"SearchAction","target":{"@type":"EntryPoint","urlTemplate":"https:\/\/swissmilitarywatches.ch\/fr\/?s={search_term_string}"},"query-input":{"@type":"PropertyValueSpecification","valueRequired":true,"valueName":"search_term_string"}}],"inLanguage":"fr-FR"},{"@type":"Organization","@id":"https:\/\/swissmilitarywatches.ch\/fr\/#organization","name":"Swiss Military by Chrono","url":"https:\/\/swissmilitarywatches.ch\/fr\/","logo":{"@type":"ImageObject","inLanguage":"fr-FR","@id":"https:\/\/swissmilitarywatches.ch\/fr\/#\/schema\/logo\/image\/","url":"https:\/\/swissmilitarywatches.ch\/wp-content\/uploads\/2020\/04\/cropped-SM_logo_512x512px.jpg","contentUrl":"https:\/\/swissmilitarywatches.ch\/wp-content\/uploads\/2020\/04\/cropped-SM_logo_512x512px.jpg","width":512,"height":512,"caption":"Swiss Military by Chrono"},"image":{"@id":"https:\/\/swissmilitarywatches.ch\/fr\/#\/schema\/logo\/image\/"},"sameAs":["https:\/\/m.facebook.com\/swissmilitarybychronoofficial\/","https:\/\/www.instagram.com\/swissmilitarybychrono\/","https:\/\/www.pinterest.ch\/swissmilitarybychrono\/"]}]},"product_brand":"Swiss Military by Chrono","product_price_amount":"919.00","product_price_currency":"EUR","og_availability":"instock","product_availability":"instock","product_retailer_item_id":"SMA34075.06","product_condition":"new"},"jetpack_sharing_enabled":true,"_links":{"self":[{"href":"https:\/\/swissmilitarywatches.ch\/fr\/wp-json\/wp\/v2\/product\/13502","targetHints":{"allow":["GET"]}}],"collection":[{"href":"https:\/\/swissmilitarywatches.ch\/fr\/wp-json\/wp\/v2\/product"}],"about":[{"href":"https:\/\/swissmilitarywatches.ch\/fr\/wp-json\/wp\/v2\/types\/product"}],"replies":[{"embeddable":true,"href":"https:\/\/swissmilitarywatches.ch\/fr\/wp-json\/wp\/v2\/comments?post=13502"}],"wp:featuredmedia":[{"embeddable":true,"href":"https:\/\/swissmilitarywatches.ch\/fr\/wp-json\/wp\/v2\/media\/9264"}],"wp:attachment":[{"href":"https:\/\/swissmilitarywatches.ch\/fr\/wp-json\/wp\/v2\/media?parent=13502"}],"wp:term":[{"taxonomy":"product_brand","embeddable":true,"href":"https:\/\/swissmilitarywatches.ch\/fr\/wp-json\/wp\/v2\/product_brand?post=13502"},{"taxonomy":"product_cat","embeddable":true,"href":"https:\/\/swissmilitarywatches.ch\/fr\/wp-json\/wp\/v2\/product_cat?post=13502"},{"taxonomy":"product_tag","embeddable":true,"href":"https:\/\/swissmilitarywatches.ch\/fr\/wp-json\/wp\/v2\/product_tag?post=13502"}],"curies":[{"name":"wp","href":"https:\/\/api.w.org\/{rel}","templated":true}]}}