{"id":13478,"date":"2022-02-01T12:34:27","date_gmt":"2022-02-01T10:34:27","guid":{"rendered":"https:\/\/swissmilitarywatches.ch\/shop\/swiss-military-sm34089-02-montre-de-plongee-pour-femmes-200m\/"},"modified":"2025-11-24T00:00:59","modified_gmt":"2025-11-23T22:00:59","slug":"swiss-military-sm34089-02-fr","status":"publish","type":"product","link":"https:\/\/swissmilitarywatches.ch\/fr\/produit\/swiss-military-sm34089-02-fr\/","title":{"rendered":"Swiss Military SM34089.02 &#8211; Montre de Plong\u00e9e pour Femmes 200M"},"content":{"rendered":"<p><span style=\"font-size: 100%;\">Cette montre de plong\u00e9e est le compagnon id\u00e9al de toutes les femmes qui m\u00e8nent une vie active. Tout est con\u00e7u pour souligner le caract\u00e8re actif de cette s\u00e9duisante montre pour femme : de la lunette noire sportive avec des rep\u00e8res de minutes distincts au cadran bleu avec des aiguilles et des index sp\u00e9cifiques \u00e0 la plong\u00e9e. Le design s&rsquo;accorde parfaitement avec toutes les situations vestimentaires. Et m\u00eame si cette montre pour dame suit parfaitement le mouvement, elle ne manque jamais de souligner le caract\u00e8re f\u00e9minin de celle qui la porte. Comme c&rsquo;est le cas pour toute montre de plong\u00e9e, la couronne peut \u00eatre solidement viss\u00e9e dans le bo\u00eetier afin que l&rsquo;eau ne puisse pas p\u00e9n\u00e9trer dans le bo\u00eetier de la montre \u00e0 des profondeurs inf\u00e9rieures. De plus, la lunette pro\u00e9minente tourne de mani\u00e8re unidirectionnelle pour aider les plongeurs \u00e0 g\u00e9rer le temps.<\/span><\/p>\n<p><span style=\"font-size: 100%;\">De plus, cette montre suisse est dot\u00e9e de toutes les caract\u00e9ristiques de haute qualit\u00e9 d&rsquo;une montre militaire suisse. Le bo\u00eetier et le bracelet de cette montre de plong\u00e9e sont fabriqu\u00e9s en acier inoxydable r\u00e9sistant. Un verre min\u00e9ral K1 extra-durci avec rev\u00eatement saphir recouvre le cadran noir de la montre. Les aiguilles et les index bien lisibles sont lumineux et brillent dans le noir. Cette montre de plong\u00e9e pour femme est \u00e9quip\u00e9e d&rsquo;un mouvement Swiss Made et est assembl\u00e9e \u00e0 la main dans notre <a href=\"https:\/\/swissmilitarywatches.ch\/fr\/marque\/#brand-swiss-made\">atelier d&rsquo;horlogerie<\/a>. Comme promesse de notre qualit\u00e9 Swiss Military Swiss Made, cette montre est couverte par une <a href=\"https:\/\/swissmilitarywatches.ch\/fr\/garantie\/\">garantie internationale de 5 ans<\/a>.<\/span><\/p>\n","protected":false},"excerpt":{"rendered":"<h2><span style=\"font-size: 80%;\">Le sport est au rendez-vous avec cette attrayante montre de plong\u00e9e pour femmes !<\/span><\/h2>\n<p>Sortez et amusez-vous avec cette montre de plong\u00e9e pour femmes. Le design super sportif est parfait pour toutes les femmes qui m\u00e8nent un style de vie actif et qui recherchent une montre adapt\u00e9e \u00e0 leur caract\u00e8re.<\/p>\n<p>C&rsquo;est pourquoi cette montre de plong\u00e9e est dot\u00e9e de toutes nos caract\u00e9ristiques de qualit\u00e9 Swiss Made :<\/p>\n<ul>\n<li>Production interne Swiss Made<\/li>\n<li>Bo\u00eetier en acier inoxydable<\/li>\n<li>Verre min\u00e9ral extra-durci K1 avec rev\u00eatement saphir<\/li>\n<li>R\u00e9sistance \u00e0 l&rsquo;eau jusqu&rsquo;\u00e0 200M\/20ATM<\/li>\n<li>Couronne \u00e0 vis<\/li>\n<li>Mouvement Swiss Made<\/li>\n<li>Garantie internationale de 5 ans<\/li>\n<\/ul>\n","protected":false},"featured_media":10178,"comment_status":"open","ping_status":"closed","template":"","meta":[],"product_brand":[],"product_cat":[2295,2452,2456,2466],"product_tag":[],"class_list":{"0":"post-13478","1":"product","2":"type-product","3":"status-publish","4":"has-post-thumbnail","6":"product_cat-toutes-les-montres","7":"product_cat-montres-pour-femmes","8":"product_cat-montres-a-quartz","9":"product_cat-sm34089-fr","10":"product_shipping_class-livraison-flexible","12":"first","13":"instock","14":"taxable","15":"shipping-taxable","16":"purchasable","17":"product-type-simple"},"yoast_head":"<!-- This site is optimized with the Yoast SEO Premium plugin v26.6 (Yoast SEO v26.6) - https:\/\/yoast.com\/wordpress\/plugins\/seo\/ -->\n<title>Swiss Military SM34089.02 - Montre de Plong\u00e9e pour Femmes 200M<\/title>\n<meta name=\"description\" content=\"Cette montre de plong\u00e9e pour femmes est le compagnon id\u00e9al de vos aventures en plein air. Etanche \u00e0 200 m\u00e8tres, couronne viss\u00e9e, lunette tournante !\" \/>\n<meta name=\"robots\" content=\"index, follow, max-snippet:-1, max-image-preview:large, max-video-preview:-1\" \/>\n<link rel=\"canonical\" href=\"https:\/\/swissmilitarywatches.ch\/fr\/produit\/swiss-military-sm34089-02-fr\/\" \/>\n<meta property=\"og:locale\" content=\"fr_FR\" \/>\n<meta property=\"og:type\" content=\"article\" \/>\n<meta property=\"og:title\" content=\"Swiss Military SM34089.02 - Montre de Plong\u00e9e pour Femmes 200M\" \/>\n<meta property=\"og:description\" content=\"Cette montre de plong\u00e9e pour femmes est le compagnon id\u00e9al de vos aventures en plein air. Etanche \u00e0 200 m\u00e8tres, couronne viss\u00e9e, lunette tournante !\" \/>\n<meta property=\"og:url\" content=\"https:\/\/swissmilitarywatches.ch\/fr\/produit\/swiss-military-sm34089-02-fr\/\" \/>\n<meta property=\"og:site_name\" content=\"Swiss Military by Chrono\" \/>\n<meta property=\"article:publisher\" content=\"https:\/\/m.facebook.com\/swissmilitarybychronoofficial\/\" \/>\n<meta property=\"article:modified_time\" content=\"2025-11-23T22:00:59+00:00\" \/>\n<meta property=\"og:image\" content=\"https:\/\/swissmilitarywatches.ch\/wp-content\/uploads\/2022\/02\/SM34089.02.png\" \/>\n\t<meta property=\"og:image:width\" content=\"1300\" \/>\n\t<meta property=\"og:image:height\" content=\"1642\" \/>\n\t<meta property=\"og:image:type\" content=\"image\/png\" \/>\n<meta name=\"twitter:card\" content=\"summary_large_image\" \/>\n<meta name=\"twitter:label1\" content=\"Prix\" \/>\n\t<meta name=\"twitter:data1\" content=\"&euro;379.00 inc. TVA\" \/>\n\t<meta name=\"twitter:label2\" content=\"Disponibilit\u00e9\" \/>\n\t<meta name=\"twitter:data2\" content=\"En stock\" \/>\n<script type=\"application\/ld+json\" class=\"yoast-schema-graph\">{\"@context\":\"https:\/\/schema.org\",\"@graph\":[{\"@type\":\"WebPage\",\"@id\":\"https:\/\/swissmilitarywatches.ch\/fr\/produit\/swiss-military-sm34089-02-fr\/\",\"url\":\"https:\/\/swissmilitarywatches.ch\/fr\/produit\/swiss-military-sm34089-02-fr\/\",\"name\":\"Swiss Military SM34089.02 - Montre de Plong\u00e9e pour Femmes 200M\",\"isPartOf\":{\"@id\":\"https:\/\/swissmilitarywatches.ch\/fr\/#website\"},\"primaryImageOfPage\":{\"@id\":\"https:\/\/swissmilitarywatches.ch\/fr\/produit\/swiss-military-sm34089-02-fr\/#primaryimage\"},\"image\":{\"@id\":\"https:\/\/swissmilitarywatches.ch\/fr\/produit\/swiss-military-sm34089-02-fr\/#primaryimage\"},\"thumbnailUrl\":\"https:\/\/swissmilitarywatches.ch\/wp-content\/uploads\/2022\/02\/SM34089.02.png\",\"datePublished\":\"2022-02-01T10:34:27+00:00\",\"dateModified\":\"2025-11-23T22:00:59+00:00\",\"description\":\"Cette montre de plong\u00e9e pour femmes est le compagnon id\u00e9al de vos aventures en plein air. Etanche \u00e0 200 m\u00e8tres, couronne viss\u00e9e, lunette tournante !\",\"breadcrumb\":{\"@id\":\"https:\/\/swissmilitarywatches.ch\/fr\/produit\/swiss-military-sm34089-02-fr\/#breadcrumb\"},\"inLanguage\":\"fr-FR\",\"potentialAction\":[{\"@type\":\"ReadAction\",\"target\":[\"https:\/\/swissmilitarywatches.ch\/fr\/produit\/swiss-military-sm34089-02-fr\/\"]}]},{\"@type\":\"ImageObject\",\"inLanguage\":\"fr-FR\",\"@id\":\"https:\/\/swissmilitarywatches.ch\/fr\/produit\/swiss-military-sm34089-02-fr\/#primaryimage\",\"url\":\"https:\/\/swissmilitarywatches.ch\/wp-content\/uploads\/2022\/02\/SM34089.02.png\",\"contentUrl\":\"https:\/\/swissmilitarywatches.ch\/wp-content\/uploads\/2022\/02\/SM34089.02.png\",\"width\":1300,\"height\":1642,\"caption\":\"Swiss MilitarySM34089.02 - Dive Watch for Women 200M\"},{\"@type\":\"BreadcrumbList\",\"@id\":\"https:\/\/swissmilitarywatches.ch\/fr\/produit\/swiss-military-sm34089-02-fr\/#breadcrumb\",\"itemListElement\":[{\"@type\":\"ListItem\",\"position\":1,\"name\":\"Home\",\"item\":\"https:\/\/swissmilitarywatches.ch\/fr\/home\/\"},{\"@type\":\"ListItem\",\"position\":2,\"name\":\"Boutique\",\"item\":\"https:\/\/swissmilitarywatches.ch\/fr\/boutique\/\"},{\"@type\":\"ListItem\",\"position\":3,\"name\":\"Toutes les montres\",\"item\":\"https:\/\/swissmilitarywatches.ch\/fr\/categorie-produit-fr\/toutes-les-montres\/\"},{\"@type\":\"ListItem\",\"position\":4,\"name\":\"Montres pour femmes\",\"item\":\"https:\/\/swissmilitarywatches.ch\/fr\/categorie-produit-fr\/toutes-les-montres\/montres-pour-femmes\/\"},{\"@type\":\"ListItem\",\"position\":5,\"name\":\"Montres \u00e0 quartz\",\"item\":\"https:\/\/swissmilitarywatches.ch\/fr\/categorie-produit-fr\/toutes-les-montres\/montres-pour-femmes\/montres-a-quartz\/\"},{\"@type\":\"ListItem\",\"position\":6,\"name\":\"Swiss Military SM34089.02 &#8211; Montre de Plong\u00e9e pour Femmes 200M\"}]},{\"@type\":\"WebSite\",\"@id\":\"https:\/\/swissmilitarywatches.ch\/fr\/#website\",\"url\":\"https:\/\/swissmilitarywatches.ch\/fr\/\",\"name\":\"Swiss Military by Chrono\",\"description\":\"Official Licensed Product of the Swiss Confederation\",\"publisher\":{\"@id\":\"https:\/\/swissmilitarywatches.ch\/fr\/#organization\"},\"potentialAction\":[{\"@type\":\"SearchAction\",\"target\":{\"@type\":\"EntryPoint\",\"urlTemplate\":\"https:\/\/swissmilitarywatches.ch\/fr\/?s={search_term_string}\"},\"query-input\":{\"@type\":\"PropertyValueSpecification\",\"valueRequired\":true,\"valueName\":\"search_term_string\"}}],\"inLanguage\":\"fr-FR\"},{\"@type\":\"Organization\",\"@id\":\"https:\/\/swissmilitarywatches.ch\/fr\/#organization\",\"name\":\"Swiss Military by Chrono\",\"url\":\"https:\/\/swissmilitarywatches.ch\/fr\/\",\"logo\":{\"@type\":\"ImageObject\",\"inLanguage\":\"fr-FR\",\"@id\":\"https:\/\/swissmilitarywatches.ch\/fr\/#\/schema\/logo\/image\/\",\"url\":\"https:\/\/swissmilitarywatches.ch\/wp-content\/uploads\/2020\/04\/cropped-SM_logo_512x512px.jpg\",\"contentUrl\":\"https:\/\/swissmilitarywatches.ch\/wp-content\/uploads\/2020\/04\/cropped-SM_logo_512x512px.jpg\",\"width\":512,\"height\":512,\"caption\":\"Swiss Military by Chrono\"},\"image\":{\"@id\":\"https:\/\/swissmilitarywatches.ch\/fr\/#\/schema\/logo\/image\/\"},\"sameAs\":[\"https:\/\/m.facebook.com\/swissmilitarybychronoofficial\/\",\"https:\/\/www.instagram.com\/swissmilitarybychrono\/\",\"https:\/\/www.pinterest.ch\/swissmilitarybychrono\/\"]}]}<\/script>\n<meta property=\"product:brand\" content=\"Swiss Military by Chrono\" \/>\n<meta property=\"product:price:amount\" content=\"379.00\" \/>\n<meta property=\"product:price:currency\" content=\"EUR\" \/>\n<meta property=\"og:availability\" content=\"instock\" \/>\n<meta property=\"product:availability\" content=\"instock\" \/>\n<meta property=\"product:retailer_item_id\" content=\"SM34089.02\" \/>\n<meta property=\"product:condition\" content=\"new\" \/>\n<!-- \/ Yoast SEO Premium plugin. -->","yoast_head_json":{"title":"Swiss Military SM34089.02 - Montre de Plong\u00e9e pour Femmes 200M","description":"Cette montre de plong\u00e9e pour femmes est le compagnon id\u00e9al de vos aventures en plein air. Etanche \u00e0 200 m\u00e8tres, couronne viss\u00e9e, lunette tournante !","robots":{"index":"index","follow":"follow","max-snippet":"max-snippet:-1","max-image-preview":"max-image-preview:large","max-video-preview":"max-video-preview:-1"},"canonical":"https:\/\/swissmilitarywatches.ch\/fr\/produit\/swiss-military-sm34089-02-fr\/","og_locale":"fr_FR","og_type":"article","og_title":"Swiss Military SM34089.02 - Montre de Plong\u00e9e pour Femmes 200M","og_description":"Cette montre de plong\u00e9e pour femmes est le compagnon id\u00e9al de vos aventures en plein air. Etanche \u00e0 200 m\u00e8tres, couronne viss\u00e9e, lunette tournante !","og_url":"https:\/\/swissmilitarywatches.ch\/fr\/produit\/swiss-military-sm34089-02-fr\/","og_site_name":"Swiss Military by Chrono","article_publisher":"https:\/\/m.facebook.com\/swissmilitarybychronoofficial\/","article_modified_time":"2025-11-23T22:00:59+00:00","og_image":[{"width":1300,"height":1642,"url":"https:\/\/swissmilitarywatches.ch\/wp-content\/uploads\/2022\/02\/SM34089.02.png","type":"image\/png"}],"twitter_card":"summary_large_image","twitter_misc":{"Prix":"&euro;379.00 inc. TVA","Disponibilit\u00e9":"En stock"},"schema":{"@context":"https:\/\/schema.org","@graph":[{"@type":"WebPage","@id":"https:\/\/swissmilitarywatches.ch\/fr\/produit\/swiss-military-sm34089-02-fr\/","url":"https:\/\/swissmilitarywatches.ch\/fr\/produit\/swiss-military-sm34089-02-fr\/","name":"Swiss Military SM34089.02 - Montre de Plong\u00e9e pour Femmes 200M","isPartOf":{"@id":"https:\/\/swissmilitarywatches.ch\/fr\/#website"},"primaryImageOfPage":{"@id":"https:\/\/swissmilitarywatches.ch\/fr\/produit\/swiss-military-sm34089-02-fr\/#primaryimage"},"image":{"@id":"https:\/\/swissmilitarywatches.ch\/fr\/produit\/swiss-military-sm34089-02-fr\/#primaryimage"},"thumbnailUrl":"https:\/\/swissmilitarywatches.ch\/wp-content\/uploads\/2022\/02\/SM34089.02.png","datePublished":"2022-02-01T10:34:27+00:00","dateModified":"2025-11-23T22:00:59+00:00","description":"Cette montre de plong\u00e9e pour femmes est le compagnon id\u00e9al de vos aventures en plein air. Etanche \u00e0 200 m\u00e8tres, couronne viss\u00e9e, lunette tournante !","breadcrumb":{"@id":"https:\/\/swissmilitarywatches.ch\/fr\/produit\/swiss-military-sm34089-02-fr\/#breadcrumb"},"inLanguage":"fr-FR","potentialAction":[{"@type":"ReadAction","target":["https:\/\/swissmilitarywatches.ch\/fr\/produit\/swiss-military-sm34089-02-fr\/"]}]},{"@type":"ImageObject","inLanguage":"fr-FR","@id":"https:\/\/swissmilitarywatches.ch\/fr\/produit\/swiss-military-sm34089-02-fr\/#primaryimage","url":"https:\/\/swissmilitarywatches.ch\/wp-content\/uploads\/2022\/02\/SM34089.02.png","contentUrl":"https:\/\/swissmilitarywatches.ch\/wp-content\/uploads\/2022\/02\/SM34089.02.png","width":1300,"height":1642,"caption":"Swiss MilitarySM34089.02 - Dive Watch for Women 200M"},{"@type":"BreadcrumbList","@id":"https:\/\/swissmilitarywatches.ch\/fr\/produit\/swiss-military-sm34089-02-fr\/#breadcrumb","itemListElement":[{"@type":"ListItem","position":1,"name":"Home","item":"https:\/\/swissmilitarywatches.ch\/fr\/home\/"},{"@type":"ListItem","position":2,"name":"Boutique","item":"https:\/\/swissmilitarywatches.ch\/fr\/boutique\/"},{"@type":"ListItem","position":3,"name":"Toutes les montres","item":"https:\/\/swissmilitarywatches.ch\/fr\/categorie-produit-fr\/toutes-les-montres\/"},{"@type":"ListItem","position":4,"name":"Montres pour femmes","item":"https:\/\/swissmilitarywatches.ch\/fr\/categorie-produit-fr\/toutes-les-montres\/montres-pour-femmes\/"},{"@type":"ListItem","position":5,"name":"Montres \u00e0 quartz","item":"https:\/\/swissmilitarywatches.ch\/fr\/categorie-produit-fr\/toutes-les-montres\/montres-pour-femmes\/montres-a-quartz\/"},{"@type":"ListItem","position":6,"name":"Swiss Military SM34089.02 &#8211; Montre de Plong\u00e9e pour Femmes 200M"}]},{"@type":"WebSite","@id":"https:\/\/swissmilitarywatches.ch\/fr\/#website","url":"https:\/\/swissmilitarywatches.ch\/fr\/","name":"Swiss Military by Chrono","description":"Official Licensed Product of the Swiss Confederation","publisher":{"@id":"https:\/\/swissmilitarywatches.ch\/fr\/#organization"},"potentialAction":[{"@type":"SearchAction","target":{"@type":"EntryPoint","urlTemplate":"https:\/\/swissmilitarywatches.ch\/fr\/?s={search_term_string}"},"query-input":{"@type":"PropertyValueSpecification","valueRequired":true,"valueName":"search_term_string"}}],"inLanguage":"fr-FR"},{"@type":"Organization","@id":"https:\/\/swissmilitarywatches.ch\/fr\/#organization","name":"Swiss Military by Chrono","url":"https:\/\/swissmilitarywatches.ch\/fr\/","logo":{"@type":"ImageObject","inLanguage":"fr-FR","@id":"https:\/\/swissmilitarywatches.ch\/fr\/#\/schema\/logo\/image\/","url":"https:\/\/swissmilitarywatches.ch\/wp-content\/uploads\/2020\/04\/cropped-SM_logo_512x512px.jpg","contentUrl":"https:\/\/swissmilitarywatches.ch\/wp-content\/uploads\/2020\/04\/cropped-SM_logo_512x512px.jpg","width":512,"height":512,"caption":"Swiss Military by Chrono"},"image":{"@id":"https:\/\/swissmilitarywatches.ch\/fr\/#\/schema\/logo\/image\/"},"sameAs":["https:\/\/m.facebook.com\/swissmilitarybychronoofficial\/","https:\/\/www.instagram.com\/swissmilitarybychrono\/","https:\/\/www.pinterest.ch\/swissmilitarybychrono\/"]}]},"product_brand":"Swiss Military by Chrono","product_price_amount":"379.00","product_price_currency":"EUR","og_availability":"instock","product_availability":"instock","product_retailer_item_id":"SM34089.02","product_condition":"new"},"jetpack_sharing_enabled":true,"_links":{"self":[{"href":"https:\/\/swissmilitarywatches.ch\/fr\/wp-json\/wp\/v2\/product\/13478","targetHints":{"allow":["GET"]}}],"collection":[{"href":"https:\/\/swissmilitarywatches.ch\/fr\/wp-json\/wp\/v2\/product"}],"about":[{"href":"https:\/\/swissmilitarywatches.ch\/fr\/wp-json\/wp\/v2\/types\/product"}],"replies":[{"embeddable":true,"href":"https:\/\/swissmilitarywatches.ch\/fr\/wp-json\/wp\/v2\/comments?post=13478"}],"wp:featuredmedia":[{"embeddable":true,"href":"https:\/\/swissmilitarywatches.ch\/fr\/wp-json\/wp\/v2\/media\/10178"}],"wp:attachment":[{"href":"https:\/\/swissmilitarywatches.ch\/fr\/wp-json\/wp\/v2\/media?parent=13478"}],"wp:term":[{"taxonomy":"product_brand","embeddable":true,"href":"https:\/\/swissmilitarywatches.ch\/fr\/wp-json\/wp\/v2\/product_brand?post=13478"},{"taxonomy":"product_cat","embeddable":true,"href":"https:\/\/swissmilitarywatches.ch\/fr\/wp-json\/wp\/v2\/product_cat?post=13478"},{"taxonomy":"product_tag","embeddable":true,"href":"https:\/\/swissmilitarywatches.ch\/fr\/wp-json\/wp\/v2\/product_tag?post=13478"}],"curies":[{"name":"wp","href":"https:\/\/api.w.org\/{rel}","templated":true}]}}