{"id":13450,"date":"2022-02-01T12:34:32","date_gmt":"2022-02-01T10:34:32","guid":{"rendered":"https:\/\/swissmilitarywatches.ch\/shop\/swiss-military-sma34085-36-montre-automatique-elegante-pour-hommes\/"},"modified":"2025-11-24T00:01:03","modified_gmt":"2025-11-23T22:01:03","slug":"swiss-military-sma34085-36-fr","status":"publish","type":"product","link":"https:\/\/swissmilitarywatches.ch\/fr\/produit\/swiss-military-sma34085-36-fr\/","title":{"rendered":"Swiss Military SMA34085.36 &#8211; Montre Automatique El\u00e9gante pour Hommes"},"content":{"rendered":"<p>Cette montre automatique pour homme repr\u00e9sente parfaitement les valeurs de l&rsquo;horlogerie traditionnelle Swiss Made, \u00e0 l&rsquo;int\u00e9rieur comme \u00e0 l&rsquo;ext\u00e9rieur. L&rsquo;attrait de cette montre pour homme de couleur argent\u00e9e et dor\u00e9e r\u00e9side dans la combinaison parfaite du design classique de la montre ronde et de l&rsquo;\u00e9clatant cadran soleill\u00e9. Des index fins et \u00e9l\u00e9gants ainsi que des aiguilles au design classique compl\u00e8tent cette \u00e9l\u00e9gante montre pour homme. De plus, le bo\u00eetier de cette montre automatique pour homme pr\u00e9sente des \u00e9l\u00e9ments \u00e0 la fois mats et brillants. Alors que les parties mates se trouvent sur le c\u00f4t\u00e9 ext\u00e9rieur du bo\u00eetier et du bracelet et sont destin\u00e9es \u00e0 encadrer la montre, les parties brillantes sont destin\u00e9es \u00e0 illuminer la partie centrale de la montre et \u00e0 attirer le regard sur le cadran argent\u00e9 \u00e9l\u00e9gant et parfaitement \u00e9quilibr\u00e9.<span style=\"font-size: 14.4px;\"> Un mouvement \u00e0 c\u0153ur ouvert fait battre le c\u0153ur de cette cr\u00e9ation et une ouverture dans le cadran permet de d\u00e9couvrir l&rsquo;art de l&rsquo;horlogerie suisse. C&rsquo;est une combinaison qui est faite pour impressionner.<\/span><\/p>\n<p>Fid\u00e8le \u00e0 notre approche de l&rsquo;horlogerie d\u00e9di\u00e9e \u00e0 la qualit\u00e9 Swiss Made, le bo\u00eetier de cette montre automatique pour homme est fabriqu\u00e9 en acier inoxydable durable et est associ\u00e9 \u00e0 un bracelet en cuir v\u00e9ritable noir. Sapphire glass covers the dial as well as the see-through case back. Le fonctionnement du mouvement automatique Swiss Made est visible \u00e0 travers le fond du bo\u00eetier en verre. Ce garde-temps est assembl\u00e9 \u00e0 la main dans notre <a href=\"https:\/\/swissmilitarywatches.ch\/fr\/marque\/#brand-swiss-made\">atelier d&rsquo;horlogerie interne<\/a> et b\u00e9n\u00e9ficie d&rsquo;une <a href=\"https:\/\/swissmilitarywatches.ch\/fr\/garantie\/\">garantie internationale de 5 ans.<\/a><\/p>\n","protected":false},"excerpt":{"rendered":"<h2><span style=\"font-size: 80%;\"><strong>Traditional Swiss Made watchmaking<\/strong><\/span><\/h2>\n<p>Cette montre automatique pour homme repr\u00e9sente parfaitement les valeurs de l&rsquo;horlogerie traditionnelle Swiss Made, tant \u00e0 l&rsquo;int\u00e9rieur qu&rsquo;\u00e0 l&rsquo;ext\u00e9rieur. L&rsquo;attrait de cette montre pour homme r\u00e9side dans l&rsquo;association parfaite entre le design classique de la montre ronde et le brillant cadran soleill\u00e9. Des index fins et \u00e9l\u00e9gants ainsi que des aiguilles au design classique compl\u00e8tent cette \u00e9l\u00e9gante montre pour homme. Un mouvement \u00e0 c\u0153ur ouvert fait battre le c\u0153ur de cette cr\u00e9ation et une ouverture dans le cadran permet de d\u00e9couvrir l&rsquo;art de l&rsquo;horlogerie suisse.<\/p>\n<p>De plus, cette \u00e9l\u00e9gante montre automatique pour homme est fabriqu\u00e9e avec toutes nos caract\u00e9ristiques de qualit\u00e9 Swiss Made :<\/p>\n<ul>\n<li>Production interne Swiss Made<\/li>\n<li>Bo\u00eetier robuste en acier inoxydable<\/li>\n<li>Placage PVD or durable<\/li>\n<li>Verre saphir r\u00e9sistant aux rayures<\/li>\n<li>R\u00e9sistance \u00e0 l&rsquo;eau jusqu&rsquo;\u00e0 100M\/10ATM<\/li>\n<li>Mouvement automatique Swiss Made<\/li>\n<li>Garantie internationale de 5 ans<\/li>\n<\/ul>\n","protected":false},"featured_media":10058,"comment_status":"open","ping_status":"closed","template":"","meta":[],"product_brand":[],"product_cat":[2295,2293,2306,2463],"product_tag":[],"class_list":{"0":"post-13450","1":"product","2":"type-product","3":"status-publish","4":"has-post-thumbnail","6":"product_cat-toutes-les-montres","7":"product_cat-montres-pour-hommes","8":"product_cat-montres-mecaniques-fr","9":"product_cat-sma34085-coeur-ouvert","10":"product_shipping_class-livraison-flexible","12":"first","13":"instock","14":"taxable","15":"shipping-taxable","16":"purchasable","17":"product-type-simple"},"yoast_head":"<!-- This site is optimized with the Yoast SEO Premium plugin v26.6 (Yoast SEO v26.6) - https:\/\/yoast.com\/wordpress\/plugins\/seo\/ -->\n<title>Swiss Military SMA34085.36 - Montre Automatique El\u00e9gante pour Hommes<\/title>\n<meta name=\"description\" content=\"Cette \u00e9l\u00e9gante montre automatique pour homme repr\u00e9sente parfaitement les valeurs de l&#039;horlogerie traditionnelle Swiss Made, tant \u00e0 l&#039;int\u00e9rieur qu&#039;\u00e0 l&#039;ext\u00e9rieur.\" \/>\n<meta name=\"robots\" content=\"index, follow, max-snippet:-1, max-image-preview:large, max-video-preview:-1\" \/>\n<link rel=\"canonical\" href=\"https:\/\/swissmilitarywatches.ch\/fr\/produit\/swiss-military-sma34085-36-fr\/\" \/>\n<meta property=\"og:locale\" content=\"fr_FR\" \/>\n<meta property=\"og:type\" content=\"article\" \/>\n<meta property=\"og:title\" content=\"Swiss Military SMA34085.36 - Montre Automatique El\u00e9gante pour Hommes\" \/>\n<meta property=\"og:description\" content=\"Cette \u00e9l\u00e9gante montre automatique pour homme repr\u00e9sente parfaitement les valeurs de l&#039;horlogerie traditionnelle Swiss Made, tant \u00e0 l&#039;int\u00e9rieur qu&#039;\u00e0 l&#039;ext\u00e9rieur.\" \/>\n<meta property=\"og:url\" content=\"https:\/\/swissmilitarywatches.ch\/fr\/produit\/swiss-military-sma34085-36-fr\/\" \/>\n<meta property=\"og:site_name\" content=\"Swiss Military by Chrono\" \/>\n<meta property=\"article:publisher\" content=\"https:\/\/m.facebook.com\/swissmilitarybychronoofficial\/\" \/>\n<meta property=\"article:modified_time\" content=\"2025-11-23T22:01:03+00:00\" \/>\n<meta property=\"og:image\" content=\"https:\/\/swissmilitarywatches.ch\/wp-content\/uploads\/2022\/02\/SMA34085.36.png\" \/>\n\t<meta property=\"og:image:width\" content=\"1300\" \/>\n\t<meta property=\"og:image:height\" content=\"1642\" \/>\n\t<meta property=\"og:image:type\" content=\"image\/png\" \/>\n<meta name=\"twitter:card\" content=\"summary_large_image\" \/>\n<meta name=\"twitter:label1\" content=\"Prix\" \/>\n\t<meta name=\"twitter:data1\" content=\"&euro;779.00 inc. TVA\" \/>\n\t<meta name=\"twitter:label2\" content=\"Disponibilit\u00e9\" \/>\n\t<meta name=\"twitter:data2\" content=\"En stock\" \/>\n<script type=\"application\/ld+json\" class=\"yoast-schema-graph\">{\"@context\":\"https:\/\/schema.org\",\"@graph\":[{\"@type\":\"WebPage\",\"@id\":\"https:\/\/swissmilitarywatches.ch\/fr\/produit\/swiss-military-sma34085-36-fr\/\",\"url\":\"https:\/\/swissmilitarywatches.ch\/fr\/produit\/swiss-military-sma34085-36-fr\/\",\"name\":\"Swiss Military SMA34085.36 - Montre Automatique El\u00e9gante pour Hommes\",\"isPartOf\":{\"@id\":\"https:\/\/swissmilitarywatches.ch\/fr\/#website\"},\"primaryImageOfPage\":{\"@id\":\"https:\/\/swissmilitarywatches.ch\/fr\/produit\/swiss-military-sma34085-36-fr\/#primaryimage\"},\"image\":{\"@id\":\"https:\/\/swissmilitarywatches.ch\/fr\/produit\/swiss-military-sma34085-36-fr\/#primaryimage\"},\"thumbnailUrl\":\"https:\/\/swissmilitarywatches.ch\/wp-content\/uploads\/2022\/02\/SMA34085.36.png\",\"datePublished\":\"2022-02-01T10:34:32+00:00\",\"dateModified\":\"2025-11-23T22:01:03+00:00\",\"description\":\"Cette \u00e9l\u00e9gante montre automatique pour homme repr\u00e9sente parfaitement les valeurs de l'horlogerie traditionnelle Swiss Made, tant \u00e0 l'int\u00e9rieur qu'\u00e0 l'ext\u00e9rieur.\",\"breadcrumb\":{\"@id\":\"https:\/\/swissmilitarywatches.ch\/fr\/produit\/swiss-military-sma34085-36-fr\/#breadcrumb\"},\"inLanguage\":\"fr-FR\",\"potentialAction\":[{\"@type\":\"ReadAction\",\"target\":[\"https:\/\/swissmilitarywatches.ch\/fr\/produit\/swiss-military-sma34085-36-fr\/\"]}]},{\"@type\":\"ImageObject\",\"inLanguage\":\"fr-FR\",\"@id\":\"https:\/\/swissmilitarywatches.ch\/fr\/produit\/swiss-military-sma34085-36-fr\/#primaryimage\",\"url\":\"https:\/\/swissmilitarywatches.ch\/wp-content\/uploads\/2022\/02\/SMA34085.36.png\",\"contentUrl\":\"https:\/\/swissmilitarywatches.ch\/wp-content\/uploads\/2022\/02\/SMA34085.36.png\",\"width\":1300,\"height\":1642,\"caption\":\"Swiss MilitarySMA34085.36 - Elegant Automatic Watch for Men\"},{\"@type\":\"BreadcrumbList\",\"@id\":\"https:\/\/swissmilitarywatches.ch\/fr\/produit\/swiss-military-sma34085-36-fr\/#breadcrumb\",\"itemListElement\":[{\"@type\":\"ListItem\",\"position\":1,\"name\":\"Home\",\"item\":\"https:\/\/swissmilitarywatches.ch\/fr\/home\/\"},{\"@type\":\"ListItem\",\"position\":2,\"name\":\"Boutique\",\"item\":\"https:\/\/swissmilitarywatches.ch\/fr\/boutique\/\"},{\"@type\":\"ListItem\",\"position\":3,\"name\":\"Toutes les montres\",\"item\":\"https:\/\/swissmilitarywatches.ch\/fr\/categorie-produit-fr\/toutes-les-montres\/\"},{\"@type\":\"ListItem\",\"position\":4,\"name\":\"Montres pour hommes\",\"item\":\"https:\/\/swissmilitarywatches.ch\/fr\/categorie-produit-fr\/toutes-les-montres\/montres-pour-hommes\/\"},{\"@type\":\"ListItem\",\"position\":5,\"name\":\"Montres m\u00e9caniques\",\"item\":\"https:\/\/swissmilitarywatches.ch\/fr\/categorie-produit-fr\/toutes-les-montres\/montres-pour-hommes\/montres-mecaniques-fr\/\"},{\"@type\":\"ListItem\",\"position\":6,\"name\":\"Swiss Military SMA34085.36 &#8211; Montre Automatique El\u00e9gante pour Hommes\"}]},{\"@type\":\"WebSite\",\"@id\":\"https:\/\/swissmilitarywatches.ch\/fr\/#website\",\"url\":\"https:\/\/swissmilitarywatches.ch\/fr\/\",\"name\":\"Swiss Military by Chrono\",\"description\":\"Official Licensed Product of the Swiss Confederation\",\"publisher\":{\"@id\":\"https:\/\/swissmilitarywatches.ch\/fr\/#organization\"},\"potentialAction\":[{\"@type\":\"SearchAction\",\"target\":{\"@type\":\"EntryPoint\",\"urlTemplate\":\"https:\/\/swissmilitarywatches.ch\/fr\/?s={search_term_string}\"},\"query-input\":{\"@type\":\"PropertyValueSpecification\",\"valueRequired\":true,\"valueName\":\"search_term_string\"}}],\"inLanguage\":\"fr-FR\"},{\"@type\":\"Organization\",\"@id\":\"https:\/\/swissmilitarywatches.ch\/fr\/#organization\",\"name\":\"Swiss Military by Chrono\",\"url\":\"https:\/\/swissmilitarywatches.ch\/fr\/\",\"logo\":{\"@type\":\"ImageObject\",\"inLanguage\":\"fr-FR\",\"@id\":\"https:\/\/swissmilitarywatches.ch\/fr\/#\/schema\/logo\/image\/\",\"url\":\"https:\/\/swissmilitarywatches.ch\/wp-content\/uploads\/2020\/04\/cropped-SM_logo_512x512px.jpg\",\"contentUrl\":\"https:\/\/swissmilitarywatches.ch\/wp-content\/uploads\/2020\/04\/cropped-SM_logo_512x512px.jpg\",\"width\":512,\"height\":512,\"caption\":\"Swiss Military by Chrono\"},\"image\":{\"@id\":\"https:\/\/swissmilitarywatches.ch\/fr\/#\/schema\/logo\/image\/\"},\"sameAs\":[\"https:\/\/m.facebook.com\/swissmilitarybychronoofficial\/\",\"https:\/\/www.instagram.com\/swissmilitarybychrono\/\",\"https:\/\/www.pinterest.ch\/swissmilitarybychrono\/\"]}]}<\/script>\n<meta property=\"product:brand\" content=\"Swiss Military by Chrono\" \/>\n<meta property=\"product:price:amount\" content=\"779.00\" \/>\n<meta property=\"product:price:currency\" content=\"EUR\" \/>\n<meta property=\"og:availability\" content=\"instock\" \/>\n<meta property=\"product:availability\" content=\"instock\" \/>\n<meta property=\"product:retailer_item_id\" content=\"SMA34085.36\" \/>\n<meta property=\"product:condition\" content=\"new\" \/>\n<!-- \/ Yoast SEO Premium plugin. -->","yoast_head_json":{"title":"Swiss Military SMA34085.36 - Montre Automatique El\u00e9gante pour Hommes","description":"Cette \u00e9l\u00e9gante montre automatique pour homme repr\u00e9sente parfaitement les valeurs de l'horlogerie traditionnelle Swiss Made, tant \u00e0 l'int\u00e9rieur qu'\u00e0 l'ext\u00e9rieur.","robots":{"index":"index","follow":"follow","max-snippet":"max-snippet:-1","max-image-preview":"max-image-preview:large","max-video-preview":"max-video-preview:-1"},"canonical":"https:\/\/swissmilitarywatches.ch\/fr\/produit\/swiss-military-sma34085-36-fr\/","og_locale":"fr_FR","og_type":"article","og_title":"Swiss Military SMA34085.36 - Montre Automatique El\u00e9gante pour Hommes","og_description":"Cette \u00e9l\u00e9gante montre automatique pour homme repr\u00e9sente parfaitement les valeurs de l'horlogerie traditionnelle Swiss Made, tant \u00e0 l'int\u00e9rieur qu'\u00e0 l'ext\u00e9rieur.","og_url":"https:\/\/swissmilitarywatches.ch\/fr\/produit\/swiss-military-sma34085-36-fr\/","og_site_name":"Swiss Military by Chrono","article_publisher":"https:\/\/m.facebook.com\/swissmilitarybychronoofficial\/","article_modified_time":"2025-11-23T22:01:03+00:00","og_image":[{"width":1300,"height":1642,"url":"https:\/\/swissmilitarywatches.ch\/wp-content\/uploads\/2022\/02\/SMA34085.36.png","type":"image\/png"}],"twitter_card":"summary_large_image","twitter_misc":{"Prix":"&euro;779.00 inc. TVA","Disponibilit\u00e9":"En stock"},"schema":{"@context":"https:\/\/schema.org","@graph":[{"@type":"WebPage","@id":"https:\/\/swissmilitarywatches.ch\/fr\/produit\/swiss-military-sma34085-36-fr\/","url":"https:\/\/swissmilitarywatches.ch\/fr\/produit\/swiss-military-sma34085-36-fr\/","name":"Swiss Military SMA34085.36 - Montre Automatique El\u00e9gante pour Hommes","isPartOf":{"@id":"https:\/\/swissmilitarywatches.ch\/fr\/#website"},"primaryImageOfPage":{"@id":"https:\/\/swissmilitarywatches.ch\/fr\/produit\/swiss-military-sma34085-36-fr\/#primaryimage"},"image":{"@id":"https:\/\/swissmilitarywatches.ch\/fr\/produit\/swiss-military-sma34085-36-fr\/#primaryimage"},"thumbnailUrl":"https:\/\/swissmilitarywatches.ch\/wp-content\/uploads\/2022\/02\/SMA34085.36.png","datePublished":"2022-02-01T10:34:32+00:00","dateModified":"2025-11-23T22:01:03+00:00","description":"Cette \u00e9l\u00e9gante montre automatique pour homme repr\u00e9sente parfaitement les valeurs de l'horlogerie traditionnelle Swiss Made, tant \u00e0 l'int\u00e9rieur qu'\u00e0 l'ext\u00e9rieur.","breadcrumb":{"@id":"https:\/\/swissmilitarywatches.ch\/fr\/produit\/swiss-military-sma34085-36-fr\/#breadcrumb"},"inLanguage":"fr-FR","potentialAction":[{"@type":"ReadAction","target":["https:\/\/swissmilitarywatches.ch\/fr\/produit\/swiss-military-sma34085-36-fr\/"]}]},{"@type":"ImageObject","inLanguage":"fr-FR","@id":"https:\/\/swissmilitarywatches.ch\/fr\/produit\/swiss-military-sma34085-36-fr\/#primaryimage","url":"https:\/\/swissmilitarywatches.ch\/wp-content\/uploads\/2022\/02\/SMA34085.36.png","contentUrl":"https:\/\/swissmilitarywatches.ch\/wp-content\/uploads\/2022\/02\/SMA34085.36.png","width":1300,"height":1642,"caption":"Swiss MilitarySMA34085.36 - Elegant Automatic Watch for Men"},{"@type":"BreadcrumbList","@id":"https:\/\/swissmilitarywatches.ch\/fr\/produit\/swiss-military-sma34085-36-fr\/#breadcrumb","itemListElement":[{"@type":"ListItem","position":1,"name":"Home","item":"https:\/\/swissmilitarywatches.ch\/fr\/home\/"},{"@type":"ListItem","position":2,"name":"Boutique","item":"https:\/\/swissmilitarywatches.ch\/fr\/boutique\/"},{"@type":"ListItem","position":3,"name":"Toutes les montres","item":"https:\/\/swissmilitarywatches.ch\/fr\/categorie-produit-fr\/toutes-les-montres\/"},{"@type":"ListItem","position":4,"name":"Montres pour hommes","item":"https:\/\/swissmilitarywatches.ch\/fr\/categorie-produit-fr\/toutes-les-montres\/montres-pour-hommes\/"},{"@type":"ListItem","position":5,"name":"Montres m\u00e9caniques","item":"https:\/\/swissmilitarywatches.ch\/fr\/categorie-produit-fr\/toutes-les-montres\/montres-pour-hommes\/montres-mecaniques-fr\/"},{"@type":"ListItem","position":6,"name":"Swiss Military SMA34085.36 &#8211; Montre Automatique El\u00e9gante pour Hommes"}]},{"@type":"WebSite","@id":"https:\/\/swissmilitarywatches.ch\/fr\/#website","url":"https:\/\/swissmilitarywatches.ch\/fr\/","name":"Swiss Military by Chrono","description":"Official Licensed Product of the Swiss Confederation","publisher":{"@id":"https:\/\/swissmilitarywatches.ch\/fr\/#organization"},"potentialAction":[{"@type":"SearchAction","target":{"@type":"EntryPoint","urlTemplate":"https:\/\/swissmilitarywatches.ch\/fr\/?s={search_term_string}"},"query-input":{"@type":"PropertyValueSpecification","valueRequired":true,"valueName":"search_term_string"}}],"inLanguage":"fr-FR"},{"@type":"Organization","@id":"https:\/\/swissmilitarywatches.ch\/fr\/#organization","name":"Swiss Military by Chrono","url":"https:\/\/swissmilitarywatches.ch\/fr\/","logo":{"@type":"ImageObject","inLanguage":"fr-FR","@id":"https:\/\/swissmilitarywatches.ch\/fr\/#\/schema\/logo\/image\/","url":"https:\/\/swissmilitarywatches.ch\/wp-content\/uploads\/2020\/04\/cropped-SM_logo_512x512px.jpg","contentUrl":"https:\/\/swissmilitarywatches.ch\/wp-content\/uploads\/2020\/04\/cropped-SM_logo_512x512px.jpg","width":512,"height":512,"caption":"Swiss Military by Chrono"},"image":{"@id":"https:\/\/swissmilitarywatches.ch\/fr\/#\/schema\/logo\/image\/"},"sameAs":["https:\/\/m.facebook.com\/swissmilitarybychronoofficial\/","https:\/\/www.instagram.com\/swissmilitarybychrono\/","https:\/\/www.pinterest.ch\/swissmilitarybychrono\/"]}]},"product_brand":"Swiss Military by Chrono","product_price_amount":"779.00","product_price_currency":"EUR","og_availability":"instock","product_availability":"instock","product_retailer_item_id":"SMA34085.36","product_condition":"new"},"jetpack_sharing_enabled":true,"_links":{"self":[{"href":"https:\/\/swissmilitarywatches.ch\/fr\/wp-json\/wp\/v2\/product\/13450","targetHints":{"allow":["GET"]}}],"collection":[{"href":"https:\/\/swissmilitarywatches.ch\/fr\/wp-json\/wp\/v2\/product"}],"about":[{"href":"https:\/\/swissmilitarywatches.ch\/fr\/wp-json\/wp\/v2\/types\/product"}],"replies":[{"embeddable":true,"href":"https:\/\/swissmilitarywatches.ch\/fr\/wp-json\/wp\/v2\/comments?post=13450"}],"wp:featuredmedia":[{"embeddable":true,"href":"https:\/\/swissmilitarywatches.ch\/fr\/wp-json\/wp\/v2\/media\/10058"}],"wp:attachment":[{"href":"https:\/\/swissmilitarywatches.ch\/fr\/wp-json\/wp\/v2\/media?parent=13450"}],"wp:term":[{"taxonomy":"product_brand","embeddable":true,"href":"https:\/\/swissmilitarywatches.ch\/fr\/wp-json\/wp\/v2\/product_brand?post=13450"},{"taxonomy":"product_cat","embeddable":true,"href":"https:\/\/swissmilitarywatches.ch\/fr\/wp-json\/wp\/v2\/product_cat?post=13450"},{"taxonomy":"product_tag","embeddable":true,"href":"https:\/\/swissmilitarywatches.ch\/fr\/wp-json\/wp\/v2\/product_tag?post=13450"}],"curies":[{"name":"wp","href":"https:\/\/api.w.org\/{rel}","templated":true}]}}