{"id":13396,"date":"2022-10-13T10:43:56","date_gmt":"2022-10-13T08:43:56","guid":{"rendered":"https:\/\/swissmilitarywatches.ch\/shop\/swiss-military-sm30207-08-montre-chronographe-elegante-pour-femmes\/"},"modified":"2025-11-24T00:01:07","modified_gmt":"2025-11-23T22:01:07","slug":"swiss-military-sm30207-08-fr","status":"publish","type":"product","link":"https:\/\/swissmilitarywatches.ch\/fr\/produit\/swiss-military-sm30207-08-fr\/","title":{"rendered":"Swiss Military SM30207.08 &#8211; Montre Chronographe El\u00e9gante pour Femmes"},"content":{"rendered":"<p><span style=\"font-size: 100%;\">Cette \u00e9l\u00e9gante montre chronographe pour femme est un compagnon dynamique pour tous ceux qui appr\u00e9cient l&rsquo;\u00e9l\u00e9gance de la mode, agr\u00e9ment\u00e9e d&rsquo;une touche de sportivit\u00e9. Des proportions parfaites et des formes f\u00e9minines doucement fluides cr\u00e9ent l&rsquo;aura harmonieuse de ce chronographe habilement con\u00e7u. Le bo\u00eetier classique de forme ronde est dot\u00e9 d&rsquo;une \u00e9l\u00e9gante lunette cannel\u00e9e. Elle poss\u00e8de un pr\u00e9cieux cadran en nacre, unique en son genre, qui est \u00e9l\u00e9gamment d\u00e9cor\u00e9 de pierres de cristal. Le bracelet sophistiqu\u00e9 en acier inoxydable avec boucle d\u00e9ployante orne le poignet de toutes les femmes.<\/span><\/p>\n<p><span style=\"font-size: 100%;\">De plus, cette montre suisse est dot\u00e9e de toutes les caract\u00e9ristiques de haute qualit\u00e9 d&rsquo;une montre militaire suisse. Le bo\u00eetier de cette \u00e9l\u00e9gante montre chronographe est fabriqu\u00e9 en acier inoxydable r\u00e9sistant et plaqu\u00e9 PVD en or. Un verre saphir recouvre le cadran vert. Les \u00e9l\u00e9gantes aiguilles et les index sont lumineux et brillent dans le noir. Cette montre pour femme est livr\u00e9e avec un bracelet en cuir v\u00e9ritable et est anim\u00e9e par un mouvement Swiss Made. Elle est assembl\u00e9e \u00e0 la main dans notre <a href=\"https:\/\/swissmilitarywatches.ch\/fr\/marque\/#brand-swiss-made\">atelier d&rsquo;horlogerie interne<\/a>. Comme promesse de notre qualit\u00e9 Swiss Military Swiss Made, cette montre est couverte par une <a href=\"https:\/\/swissmilitarywatches.ch\/fr\/garantie\/\">garantie internationale de 5 ans<\/a>.<\/span><\/p>\n","protected":false},"excerpt":{"rendered":"<h2><span style=\"font-size: 80%;\">\u00c9l\u00e9gance audacieuse<\/span><\/h2>\n<p>Ce chronographe est une montre vibrante pour les dames qui appr\u00e9cient l&rsquo;\u00e9l\u00e9gance de la mode infus\u00e9e d&rsquo;une touche de sportivit\u00e9<\/p>\n<p>C&rsquo;est pourquoi cette montre chronographe pour femme est fabriqu\u00e9e avec toutes nos caract\u00e9ristiques de qualit\u00e9 Swiss Made :<\/p>\n<ul>\n<li>Production interne Swiss Made<\/li>\n<li>Bo\u00eetier en acier inoxydable<\/li>\n<li>Placage PVD or durable<\/li>\n<li>Verre saphir<\/li>\n<li>R\u00e9sistance \u00e0 l&rsquo;eau jusqu&rsquo;\u00e0 50M\/5ATM<\/li>\n<li>Mouvement Swiss Made<\/li>\n<li>Garantie internationale de 5 ans<\/li>\n<\/ul>\n","protected":false},"featured_media":13124,"comment_status":"open","ping_status":"closed","template":"","meta":[],"product_brand":[],"product_cat":[2454,2295,2452,2453],"product_tag":[],"class_list":{"0":"post-13396","1":"product","2":"type-product","3":"status-publish","4":"has-post-thumbnail","6":"product_cat-sm30207-fr","7":"product_cat-toutes-les-montres","8":"product_cat-montres-pour-femmes","9":"product_cat-montres-chronographes-fr","10":"product_shipping_class-livraison-flexible","12":"first","13":"instock","14":"taxable","15":"shipping-taxable","16":"purchasable","17":"product-type-simple"},"yoast_head":"<!-- This site is optimized with the Yoast SEO Premium plugin v26.6 (Yoast SEO v26.6) - https:\/\/yoast.com\/wordpress\/plugins\/seo\/ -->\n<title>Swiss Military SM30207.08 - Montre Chronographe El\u00e9gante pour Femmes<\/title>\n<meta name=\"description\" content=\"Cette \u00e9l\u00e9gante montre chronographe est destin\u00e9e aux femmes qui appr\u00e9cient l&#039;\u00e9l\u00e9gance de la mode. \u00c9tanch\u00e9it\u00e9 \u00e0 50 m\u00e8tres, verre saphir, garantie de 5 ans !\" \/>\n<meta name=\"robots\" content=\"index, follow, max-snippet:-1, max-image-preview:large, max-video-preview:-1\" \/>\n<link rel=\"canonical\" href=\"https:\/\/swissmilitarywatches.ch\/fr\/produit\/swiss-military-sm30207-08-fr\/\" \/>\n<meta property=\"og:locale\" content=\"fr_FR\" \/>\n<meta property=\"og:type\" content=\"article\" \/>\n<meta property=\"og:title\" content=\"Swiss Military SM30207.08 - Montre Chronographe El\u00e9gante pour Femmes\" \/>\n<meta property=\"og:description\" content=\"Cette \u00e9l\u00e9gante montre chronographe est destin\u00e9e aux femmes qui appr\u00e9cient l&#039;\u00e9l\u00e9gance de la mode. \u00c9tanch\u00e9it\u00e9 \u00e0 50 m\u00e8tres, verre saphir, garantie de 5 ans !\" \/>\n<meta property=\"og:url\" content=\"https:\/\/swissmilitarywatches.ch\/fr\/produit\/swiss-military-sm30207-08-fr\/\" \/>\n<meta property=\"og:site_name\" content=\"Swiss Military by Chrono\" \/>\n<meta property=\"article:publisher\" content=\"https:\/\/m.facebook.com\/swissmilitarybychronoofficial\/\" \/>\n<meta property=\"article:modified_time\" content=\"2025-11-23T22:01:07+00:00\" \/>\n<meta property=\"og:image\" content=\"https:\/\/swissmilitarywatches.ch\/wp-content\/uploads\/2022\/10\/SM30207.08.png\" \/>\n\t<meta property=\"og:image:width\" content=\"1300\" \/>\n\t<meta property=\"og:image:height\" content=\"1642\" \/>\n\t<meta property=\"og:image:type\" content=\"image\/png\" \/>\n<meta name=\"twitter:card\" content=\"summary_large_image\" \/>\n<meta name=\"twitter:label1\" content=\"Prix\" \/>\n\t<meta name=\"twitter:data1\" content=\"&euro;429.00 inc. TVA\" \/>\n\t<meta name=\"twitter:label2\" content=\"Disponibilit\u00e9\" \/>\n\t<meta name=\"twitter:data2\" content=\"En stock\" \/>\n<script type=\"application\/ld+json\" class=\"yoast-schema-graph\">{\"@context\":\"https:\/\/schema.org\",\"@graph\":[{\"@type\":\"WebPage\",\"@id\":\"https:\/\/swissmilitarywatches.ch\/fr\/produit\/swiss-military-sm30207-08-fr\/\",\"url\":\"https:\/\/swissmilitarywatches.ch\/fr\/produit\/swiss-military-sm30207-08-fr\/\",\"name\":\"Swiss Military SM30207.08 - Montre Chronographe El\u00e9gante pour Femmes\",\"isPartOf\":{\"@id\":\"https:\/\/swissmilitarywatches.ch\/fr\/#website\"},\"primaryImageOfPage\":{\"@id\":\"https:\/\/swissmilitarywatches.ch\/fr\/produit\/swiss-military-sm30207-08-fr\/#primaryimage\"},\"image\":{\"@id\":\"https:\/\/swissmilitarywatches.ch\/fr\/produit\/swiss-military-sm30207-08-fr\/#primaryimage\"},\"thumbnailUrl\":\"https:\/\/swissmilitarywatches.ch\/wp-content\/uploads\/2022\/10\/SM30207.08.png\",\"datePublished\":\"2022-10-13T08:43:56+00:00\",\"dateModified\":\"2025-11-23T22:01:07+00:00\",\"description\":\"Cette \u00e9l\u00e9gante montre chronographe est destin\u00e9e aux femmes qui appr\u00e9cient l'\u00e9l\u00e9gance de la mode. \u00c9tanch\u00e9it\u00e9 \u00e0 50 m\u00e8tres, verre saphir, garantie de 5 ans !\",\"breadcrumb\":{\"@id\":\"https:\/\/swissmilitarywatches.ch\/fr\/produit\/swiss-military-sm30207-08-fr\/#breadcrumb\"},\"inLanguage\":\"fr-FR\",\"potentialAction\":[{\"@type\":\"ReadAction\",\"target\":[\"https:\/\/swissmilitarywatches.ch\/fr\/produit\/swiss-military-sm30207-08-fr\/\"]}]},{\"@type\":\"ImageObject\",\"inLanguage\":\"fr-FR\",\"@id\":\"https:\/\/swissmilitarywatches.ch\/fr\/produit\/swiss-military-sm30207-08-fr\/#primaryimage\",\"url\":\"https:\/\/swissmilitarywatches.ch\/wp-content\/uploads\/2022\/10\/SM30207.08.png\",\"contentUrl\":\"https:\/\/swissmilitarywatches.ch\/wp-content\/uploads\/2022\/10\/SM30207.08.png\",\"width\":1300,\"height\":1642,\"caption\":\"Swiss Military SM30207.08 - Elegant Chronograph Watch for Women\"},{\"@type\":\"BreadcrumbList\",\"@id\":\"https:\/\/swissmilitarywatches.ch\/fr\/produit\/swiss-military-sm30207-08-fr\/#breadcrumb\",\"itemListElement\":[{\"@type\":\"ListItem\",\"position\":1,\"name\":\"Home\",\"item\":\"https:\/\/swissmilitarywatches.ch\/fr\/home\/\"},{\"@type\":\"ListItem\",\"position\":2,\"name\":\"Boutique\",\"item\":\"https:\/\/swissmilitarywatches.ch\/fr\/boutique\/\"},{\"@type\":\"ListItem\",\"position\":3,\"name\":\"Toutes les montres\",\"item\":\"https:\/\/swissmilitarywatches.ch\/fr\/categorie-produit-fr\/toutes-les-montres\/\"},{\"@type\":\"ListItem\",\"position\":4,\"name\":\"Montres pour femmes\",\"item\":\"https:\/\/swissmilitarywatches.ch\/fr\/categorie-produit-fr\/toutes-les-montres\/montres-pour-femmes\/\"},{\"@type\":\"ListItem\",\"position\":5,\"name\":\"Montres chronographes\",\"item\":\"https:\/\/swissmilitarywatches.ch\/fr\/categorie-produit-fr\/toutes-les-montres\/montres-pour-femmes\/montres-chronographes-fr\/\"},{\"@type\":\"ListItem\",\"position\":6,\"name\":\"Swiss Military SM30207.08 &#8211; Montre Chronographe El\u00e9gante pour Femmes\"}]},{\"@type\":\"WebSite\",\"@id\":\"https:\/\/swissmilitarywatches.ch\/fr\/#website\",\"url\":\"https:\/\/swissmilitarywatches.ch\/fr\/\",\"name\":\"Swiss Military by Chrono\",\"description\":\"Official Licensed Product of the Swiss Confederation\",\"publisher\":{\"@id\":\"https:\/\/swissmilitarywatches.ch\/fr\/#organization\"},\"potentialAction\":[{\"@type\":\"SearchAction\",\"target\":{\"@type\":\"EntryPoint\",\"urlTemplate\":\"https:\/\/swissmilitarywatches.ch\/fr\/?s={search_term_string}\"},\"query-input\":{\"@type\":\"PropertyValueSpecification\",\"valueRequired\":true,\"valueName\":\"search_term_string\"}}],\"inLanguage\":\"fr-FR\"},{\"@type\":\"Organization\",\"@id\":\"https:\/\/swissmilitarywatches.ch\/fr\/#organization\",\"name\":\"Swiss Military by Chrono\",\"url\":\"https:\/\/swissmilitarywatches.ch\/fr\/\",\"logo\":{\"@type\":\"ImageObject\",\"inLanguage\":\"fr-FR\",\"@id\":\"https:\/\/swissmilitarywatches.ch\/fr\/#\/schema\/logo\/image\/\",\"url\":\"https:\/\/swissmilitarywatches.ch\/wp-content\/uploads\/2020\/04\/cropped-SM_logo_512x512px.jpg\",\"contentUrl\":\"https:\/\/swissmilitarywatches.ch\/wp-content\/uploads\/2020\/04\/cropped-SM_logo_512x512px.jpg\",\"width\":512,\"height\":512,\"caption\":\"Swiss Military by Chrono\"},\"image\":{\"@id\":\"https:\/\/swissmilitarywatches.ch\/fr\/#\/schema\/logo\/image\/\"},\"sameAs\":[\"https:\/\/m.facebook.com\/swissmilitarybychronoofficial\/\",\"https:\/\/www.instagram.com\/swissmilitarybychrono\/\",\"https:\/\/www.pinterest.ch\/swissmilitarybychrono\/\"]}]}<\/script>\n<meta property=\"product:brand\" content=\"Swiss Military by Chrono\" \/>\n<meta property=\"product:price:amount\" content=\"429.00\" \/>\n<meta property=\"product:price:currency\" content=\"EUR\" \/>\n<meta property=\"og:availability\" content=\"instock\" \/>\n<meta property=\"product:availability\" content=\"instock\" \/>\n<meta property=\"product:retailer_item_id\" content=\"SM30207.08\" \/>\n<meta property=\"product:condition\" content=\"new\" \/>\n<!-- \/ Yoast SEO Premium plugin. -->","yoast_head_json":{"title":"Swiss Military SM30207.08 - Montre Chronographe El\u00e9gante pour Femmes","description":"Cette \u00e9l\u00e9gante montre chronographe est destin\u00e9e aux femmes qui appr\u00e9cient l'\u00e9l\u00e9gance de la mode. \u00c9tanch\u00e9it\u00e9 \u00e0 50 m\u00e8tres, verre saphir, garantie de 5 ans !","robots":{"index":"index","follow":"follow","max-snippet":"max-snippet:-1","max-image-preview":"max-image-preview:large","max-video-preview":"max-video-preview:-1"},"canonical":"https:\/\/swissmilitarywatches.ch\/fr\/produit\/swiss-military-sm30207-08-fr\/","og_locale":"fr_FR","og_type":"article","og_title":"Swiss Military SM30207.08 - Montre Chronographe El\u00e9gante pour Femmes","og_description":"Cette \u00e9l\u00e9gante montre chronographe est destin\u00e9e aux femmes qui appr\u00e9cient l'\u00e9l\u00e9gance de la mode. \u00c9tanch\u00e9it\u00e9 \u00e0 50 m\u00e8tres, verre saphir, garantie de 5 ans !","og_url":"https:\/\/swissmilitarywatches.ch\/fr\/produit\/swiss-military-sm30207-08-fr\/","og_site_name":"Swiss Military by Chrono","article_publisher":"https:\/\/m.facebook.com\/swissmilitarybychronoofficial\/","article_modified_time":"2025-11-23T22:01:07+00:00","og_image":[{"width":1300,"height":1642,"url":"https:\/\/swissmilitarywatches.ch\/wp-content\/uploads\/2022\/10\/SM30207.08.png","type":"image\/png"}],"twitter_card":"summary_large_image","twitter_misc":{"Prix":"&euro;429.00 inc. TVA","Disponibilit\u00e9":"En stock"},"schema":{"@context":"https:\/\/schema.org","@graph":[{"@type":"WebPage","@id":"https:\/\/swissmilitarywatches.ch\/fr\/produit\/swiss-military-sm30207-08-fr\/","url":"https:\/\/swissmilitarywatches.ch\/fr\/produit\/swiss-military-sm30207-08-fr\/","name":"Swiss Military SM30207.08 - Montre Chronographe El\u00e9gante pour Femmes","isPartOf":{"@id":"https:\/\/swissmilitarywatches.ch\/fr\/#website"},"primaryImageOfPage":{"@id":"https:\/\/swissmilitarywatches.ch\/fr\/produit\/swiss-military-sm30207-08-fr\/#primaryimage"},"image":{"@id":"https:\/\/swissmilitarywatches.ch\/fr\/produit\/swiss-military-sm30207-08-fr\/#primaryimage"},"thumbnailUrl":"https:\/\/swissmilitarywatches.ch\/wp-content\/uploads\/2022\/10\/SM30207.08.png","datePublished":"2022-10-13T08:43:56+00:00","dateModified":"2025-11-23T22:01:07+00:00","description":"Cette \u00e9l\u00e9gante montre chronographe est destin\u00e9e aux femmes qui appr\u00e9cient l'\u00e9l\u00e9gance de la mode. \u00c9tanch\u00e9it\u00e9 \u00e0 50 m\u00e8tres, verre saphir, garantie de 5 ans !","breadcrumb":{"@id":"https:\/\/swissmilitarywatches.ch\/fr\/produit\/swiss-military-sm30207-08-fr\/#breadcrumb"},"inLanguage":"fr-FR","potentialAction":[{"@type":"ReadAction","target":["https:\/\/swissmilitarywatches.ch\/fr\/produit\/swiss-military-sm30207-08-fr\/"]}]},{"@type":"ImageObject","inLanguage":"fr-FR","@id":"https:\/\/swissmilitarywatches.ch\/fr\/produit\/swiss-military-sm30207-08-fr\/#primaryimage","url":"https:\/\/swissmilitarywatches.ch\/wp-content\/uploads\/2022\/10\/SM30207.08.png","contentUrl":"https:\/\/swissmilitarywatches.ch\/wp-content\/uploads\/2022\/10\/SM30207.08.png","width":1300,"height":1642,"caption":"Swiss Military SM30207.08 - Elegant Chronograph Watch for Women"},{"@type":"BreadcrumbList","@id":"https:\/\/swissmilitarywatches.ch\/fr\/produit\/swiss-military-sm30207-08-fr\/#breadcrumb","itemListElement":[{"@type":"ListItem","position":1,"name":"Home","item":"https:\/\/swissmilitarywatches.ch\/fr\/home\/"},{"@type":"ListItem","position":2,"name":"Boutique","item":"https:\/\/swissmilitarywatches.ch\/fr\/boutique\/"},{"@type":"ListItem","position":3,"name":"Toutes les montres","item":"https:\/\/swissmilitarywatches.ch\/fr\/categorie-produit-fr\/toutes-les-montres\/"},{"@type":"ListItem","position":4,"name":"Montres pour femmes","item":"https:\/\/swissmilitarywatches.ch\/fr\/categorie-produit-fr\/toutes-les-montres\/montres-pour-femmes\/"},{"@type":"ListItem","position":5,"name":"Montres chronographes","item":"https:\/\/swissmilitarywatches.ch\/fr\/categorie-produit-fr\/toutes-les-montres\/montres-pour-femmes\/montres-chronographes-fr\/"},{"@type":"ListItem","position":6,"name":"Swiss Military SM30207.08 &#8211; Montre Chronographe El\u00e9gante pour Femmes"}]},{"@type":"WebSite","@id":"https:\/\/swissmilitarywatches.ch\/fr\/#website","url":"https:\/\/swissmilitarywatches.ch\/fr\/","name":"Swiss Military by Chrono","description":"Official Licensed Product of the Swiss Confederation","publisher":{"@id":"https:\/\/swissmilitarywatches.ch\/fr\/#organization"},"potentialAction":[{"@type":"SearchAction","target":{"@type":"EntryPoint","urlTemplate":"https:\/\/swissmilitarywatches.ch\/fr\/?s={search_term_string}"},"query-input":{"@type":"PropertyValueSpecification","valueRequired":true,"valueName":"search_term_string"}}],"inLanguage":"fr-FR"},{"@type":"Organization","@id":"https:\/\/swissmilitarywatches.ch\/fr\/#organization","name":"Swiss Military by Chrono","url":"https:\/\/swissmilitarywatches.ch\/fr\/","logo":{"@type":"ImageObject","inLanguage":"fr-FR","@id":"https:\/\/swissmilitarywatches.ch\/fr\/#\/schema\/logo\/image\/","url":"https:\/\/swissmilitarywatches.ch\/wp-content\/uploads\/2020\/04\/cropped-SM_logo_512x512px.jpg","contentUrl":"https:\/\/swissmilitarywatches.ch\/wp-content\/uploads\/2020\/04\/cropped-SM_logo_512x512px.jpg","width":512,"height":512,"caption":"Swiss Military by Chrono"},"image":{"@id":"https:\/\/swissmilitarywatches.ch\/fr\/#\/schema\/logo\/image\/"},"sameAs":["https:\/\/m.facebook.com\/swissmilitarybychronoofficial\/","https:\/\/www.instagram.com\/swissmilitarybychrono\/","https:\/\/www.pinterest.ch\/swissmilitarybychrono\/"]}]},"product_brand":"Swiss Military by Chrono","product_price_amount":"429.00","product_price_currency":"EUR","og_availability":"instock","product_availability":"instock","product_retailer_item_id":"SM30207.08","product_condition":"new"},"jetpack_sharing_enabled":true,"_links":{"self":[{"href":"https:\/\/swissmilitarywatches.ch\/fr\/wp-json\/wp\/v2\/product\/13396","targetHints":{"allow":["GET"]}}],"collection":[{"href":"https:\/\/swissmilitarywatches.ch\/fr\/wp-json\/wp\/v2\/product"}],"about":[{"href":"https:\/\/swissmilitarywatches.ch\/fr\/wp-json\/wp\/v2\/types\/product"}],"replies":[{"embeddable":true,"href":"https:\/\/swissmilitarywatches.ch\/fr\/wp-json\/wp\/v2\/comments?post=13396"}],"wp:featuredmedia":[{"embeddable":true,"href":"https:\/\/swissmilitarywatches.ch\/fr\/wp-json\/wp\/v2\/media\/13124"}],"wp:attachment":[{"href":"https:\/\/swissmilitarywatches.ch\/fr\/wp-json\/wp\/v2\/media?parent=13396"}],"wp:term":[{"taxonomy":"product_brand","embeddable":true,"href":"https:\/\/swissmilitarywatches.ch\/fr\/wp-json\/wp\/v2\/product_brand?post=13396"},{"taxonomy":"product_cat","embeddable":true,"href":"https:\/\/swissmilitarywatches.ch\/fr\/wp-json\/wp\/v2\/product_cat?post=13396"},{"taxonomy":"product_tag","embeddable":true,"href":"https:\/\/swissmilitarywatches.ch\/fr\/wp-json\/wp\/v2\/product_tag?post=13396"}],"curies":[{"name":"wp","href":"https:\/\/api.w.org\/{rel}","templated":true}]}}