{"id":13375,"date":"2023-02-07T14:53:14","date_gmt":"2023-02-07T13:53:14","guid":{"rendered":"https:\/\/swissmilitarywatches.ch\/politique-de-retour\/"},"modified":"2025-09-09T10:13:44","modified_gmt":"2025-09-09T08:13:44","slug":"politique-de-retour","status":"publish","type":"page","link":"https:\/\/swissmilitarywatches.ch\/fr\/politique-de-retour\/","title":{"rendered":"Politique de retour"},"content":{"rendered":"\n<h1 style=\"text-align: left;\">Politique de retour<\/h1>\n<p> <\/p>\n<p style=\"text-align: left;\">Vous avez le droit de r\u00e9voquer les contrats de vente d\u00e9j\u00e0 conclus dans un d\u00e9lai de 14 jours sans donner de raisons. Le d\u00e9lai de r\u00e9vocation est de 14 jours \u00e0 compter du jour o\u00f9 vous ou un tiers d\u00e9sign\u00e9 par vous avez re\u00e7u les marchandises. Le d\u00e9lai d&rsquo;opposition est respect\u00e9 si vous nous envoyez l&rsquo;avis d&rsquo;exercice avant l&rsquo;expiration du d\u00e9lai de r\u00e9vocation. Vous exercez le droit de r\u00e9tractation en nous informant par \u00e9crit (par exemple, par lettre, courriel ou t\u00e9l\u00e9copie) que vous vous retirez du contrat. Veuillez noter que les marchandises doivent \u00eatre intactes, non endommag\u00e9es et emball\u00e9es \u00e0 l&rsquo;origine.<\/p>\n<p>Veuillez vous r\u00e9f\u00e9rer \u00e0 <a href=\"https:\/\/swissmilitarywatches.ch\/fr\/conditions-generales-dutilisation\/\">l&rsquo;article 3 de nos conditions g\u00e9n\u00e9rales<\/a> pour conna\u00eetre l&rsquo;int\u00e9gralit\u00e9 des dispositions relatives \u00e0 la r\u00e9vocation.<\/p>\n<p>Veuillez nous envoyer votre d\u00e9claration de r\u00e9vocation :<\/p>\n<p>Swiss Military by Chrono<br>Chrono AG<br>Weissensteinstrasse 49<br>4502 Solothurn<br>Switzerland<\/p>\n<p>T\u00e9l\u00e9phone : +41 032 624 14 14<br>E-mail : <a href=\"mailto:info@chrono-ag.ch\">info@chrono-ag.ch<\/a><\/p>\n<p> <\/p>\n<p><strong data-start=\"320\" data-end=\"368\">Co\u00fbts et responsabilit\u00e9 du renvoi<\/strong><\/p>\n<p>Le client supporte les frais directs de renvoi des marchandises. En outre, il est responsable de l\u2019obtention et de la fourniture de tous les documents n\u00e9cessaires au renvoi (p. ex. formulaires douaniers, \u00e9tiquettes d\u2019exp\u00e9dition, factures, etc.).  Veuillez noter que les marchandises doivent \u00eatre intactes, non endommag\u00e9es et emball\u00e9es \u00e0 l&rsquo;origine.<\/p>\n<p>Nous recommandons les \u00e9l\u00e9ments suivants pour l&rsquo;exp\u00e9dition de retour<\/p>\n<p>1. d&rsquo;utiliser l&#8217;emballage d&rsquo;origine fourni par nos soins. Cela permettra d&rsquo;\u00e9viter tout dommage pendant le transport.<br><br style=\"text-align: left;\">2. utiliser le <a href=\"https:\/\/swissmilitarywatches.ch\/fr\/formulaire-de-retour\/\">formulaire de retour<\/a> que nous fournissons.<br>3. conserver la preuve d\u2019exp\u00e9dition.<\/p>\n<p> <\/p>\n\n","protected":false},"excerpt":{"rendered":"","protected":false},"author":2,"featured_media":0,"parent":0,"menu_order":0,"comment_status":"closed","ping_status":"closed","template":"","meta":{"footnotes":""},"class_list":["post-13375","page","type-page","status-publish","hentry"],"yoast_head":"<!-- This site is optimized with the Yoast SEO Premium plugin v26.6 (Yoast SEO v26.6) - https:\/\/yoast.com\/wordpress\/plugins\/seo\/ -->\n<title>Politique de retour - Swiss Military by Chrono<\/title>\n<meta name=\"robots\" content=\"index, follow, max-snippet:-1, max-image-preview:large, max-video-preview:-1\" \/>\n<link rel=\"canonical\" href=\"https:\/\/swissmilitarywatches.ch\/fr\/politique-de-retour\/\" \/>\n<meta property=\"og:locale\" content=\"fr_FR\" \/>\n<meta property=\"og:type\" content=\"article\" \/>\n<meta property=\"og:title\" content=\"Politique de retour\" \/>\n<meta property=\"og:url\" content=\"https:\/\/swissmilitarywatches.ch\/fr\/politique-de-retour\/\" \/>\n<meta property=\"og:site_name\" content=\"Swiss Military by Chrono\" \/>\n<meta property=\"article:publisher\" content=\"https:\/\/m.facebook.com\/swissmilitarybychronoofficial\/\" \/>\n<meta property=\"article:modified_time\" content=\"2025-09-09T08:13:44+00:00\" \/>\n<meta name=\"twitter:card\" content=\"summary_large_image\" \/>\n<meta name=\"twitter:label1\" content=\"Dur\u00e9e de lecture estim\u00e9e\" \/>\n\t<meta name=\"twitter:data1\" content=\"1 minute\" \/>\n<script type=\"application\/ld+json\" class=\"yoast-schema-graph\">{\"@context\":\"https:\/\/schema.org\",\"@graph\":[{\"@type\":\"WebPage\",\"@id\":\"https:\/\/swissmilitarywatches.ch\/fr\/politique-de-retour\/\",\"url\":\"https:\/\/swissmilitarywatches.ch\/fr\/politique-de-retour\/\",\"name\":\"Politique de retour - Swiss Military by Chrono\",\"isPartOf\":{\"@id\":\"https:\/\/swissmilitarywatches.ch\/fr\/#website\"},\"datePublished\":\"2023-02-07T13:53:14+00:00\",\"dateModified\":\"2025-09-09T08:13:44+00:00\",\"breadcrumb\":{\"@id\":\"https:\/\/swissmilitarywatches.ch\/fr\/politique-de-retour\/#breadcrumb\"},\"inLanguage\":\"fr-FR\",\"potentialAction\":[{\"@type\":\"ReadAction\",\"target\":[\"https:\/\/swissmilitarywatches.ch\/fr\/politique-de-retour\/\"]}]},{\"@type\":\"BreadcrumbList\",\"@id\":\"https:\/\/swissmilitarywatches.ch\/fr\/politique-de-retour\/#breadcrumb\",\"itemListElement\":[{\"@type\":\"ListItem\",\"position\":1,\"name\":\"Home\",\"item\":\"https:\/\/swissmilitarywatches.ch\/fr\/home\/\"},{\"@type\":\"ListItem\",\"position\":2,\"name\":\"Politique de retour\"}]},{\"@type\":\"WebSite\",\"@id\":\"https:\/\/swissmilitarywatches.ch\/fr\/#website\",\"url\":\"https:\/\/swissmilitarywatches.ch\/fr\/\",\"name\":\"Swiss Military by Chrono\",\"description\":\"Official Licensed Product of the Swiss Confederation\",\"publisher\":{\"@id\":\"https:\/\/swissmilitarywatches.ch\/fr\/#organization\"},\"potentialAction\":[{\"@type\":\"SearchAction\",\"target\":{\"@type\":\"EntryPoint\",\"urlTemplate\":\"https:\/\/swissmilitarywatches.ch\/fr\/?s={search_term_string}\"},\"query-input\":{\"@type\":\"PropertyValueSpecification\",\"valueRequired\":true,\"valueName\":\"search_term_string\"}}],\"inLanguage\":\"fr-FR\"},{\"@type\":\"Organization\",\"@id\":\"https:\/\/swissmilitarywatches.ch\/fr\/#organization\",\"name\":\"Swiss Military by Chrono\",\"url\":\"https:\/\/swissmilitarywatches.ch\/fr\/\",\"logo\":{\"@type\":\"ImageObject\",\"inLanguage\":\"fr-FR\",\"@id\":\"https:\/\/swissmilitarywatches.ch\/fr\/#\/schema\/logo\/image\/\",\"url\":\"https:\/\/swissmilitarywatches.ch\/wp-content\/uploads\/2020\/04\/cropped-SM_logo_512x512px.jpg\",\"contentUrl\":\"https:\/\/swissmilitarywatches.ch\/wp-content\/uploads\/2020\/04\/cropped-SM_logo_512x512px.jpg\",\"width\":512,\"height\":512,\"caption\":\"Swiss Military by Chrono\"},\"image\":{\"@id\":\"https:\/\/swissmilitarywatches.ch\/fr\/#\/schema\/logo\/image\/\"},\"sameAs\":[\"https:\/\/m.facebook.com\/swissmilitarybychronoofficial\/\",\"https:\/\/www.instagram.com\/swissmilitarybychrono\/\",\"https:\/\/www.pinterest.ch\/swissmilitarybychrono\/\"]}]}<\/script>\n<!-- \/ Yoast SEO Premium plugin. -->","yoast_head_json":{"title":"Politique de retour - Swiss Military by Chrono","robots":{"index":"index","follow":"follow","max-snippet":"max-snippet:-1","max-image-preview":"max-image-preview:large","max-video-preview":"max-video-preview:-1"},"canonical":"https:\/\/swissmilitarywatches.ch\/fr\/politique-de-retour\/","og_locale":"fr_FR","og_type":"article","og_title":"Politique de retour","og_url":"https:\/\/swissmilitarywatches.ch\/fr\/politique-de-retour\/","og_site_name":"Swiss Military by Chrono","article_publisher":"https:\/\/m.facebook.com\/swissmilitarybychronoofficial\/","article_modified_time":"2025-09-09T08:13:44+00:00","twitter_card":"summary_large_image","twitter_misc":{"Dur\u00e9e de lecture estim\u00e9e":"1 minute"},"schema":{"@context":"https:\/\/schema.org","@graph":[{"@type":"WebPage","@id":"https:\/\/swissmilitarywatches.ch\/fr\/politique-de-retour\/","url":"https:\/\/swissmilitarywatches.ch\/fr\/politique-de-retour\/","name":"Politique de retour - Swiss Military by Chrono","isPartOf":{"@id":"https:\/\/swissmilitarywatches.ch\/fr\/#website"},"datePublished":"2023-02-07T13:53:14+00:00","dateModified":"2025-09-09T08:13:44+00:00","breadcrumb":{"@id":"https:\/\/swissmilitarywatches.ch\/fr\/politique-de-retour\/#breadcrumb"},"inLanguage":"fr-FR","potentialAction":[{"@type":"ReadAction","target":["https:\/\/swissmilitarywatches.ch\/fr\/politique-de-retour\/"]}]},{"@type":"BreadcrumbList","@id":"https:\/\/swissmilitarywatches.ch\/fr\/politique-de-retour\/#breadcrumb","itemListElement":[{"@type":"ListItem","position":1,"name":"Home","item":"https:\/\/swissmilitarywatches.ch\/fr\/home\/"},{"@type":"ListItem","position":2,"name":"Politique de retour"}]},{"@type":"WebSite","@id":"https:\/\/swissmilitarywatches.ch\/fr\/#website","url":"https:\/\/swissmilitarywatches.ch\/fr\/","name":"Swiss Military by Chrono","description":"Official Licensed Product of the Swiss Confederation","publisher":{"@id":"https:\/\/swissmilitarywatches.ch\/fr\/#organization"},"potentialAction":[{"@type":"SearchAction","target":{"@type":"EntryPoint","urlTemplate":"https:\/\/swissmilitarywatches.ch\/fr\/?s={search_term_string}"},"query-input":{"@type":"PropertyValueSpecification","valueRequired":true,"valueName":"search_term_string"}}],"inLanguage":"fr-FR"},{"@type":"Organization","@id":"https:\/\/swissmilitarywatches.ch\/fr\/#organization","name":"Swiss Military by Chrono","url":"https:\/\/swissmilitarywatches.ch\/fr\/","logo":{"@type":"ImageObject","inLanguage":"fr-FR","@id":"https:\/\/swissmilitarywatches.ch\/fr\/#\/schema\/logo\/image\/","url":"https:\/\/swissmilitarywatches.ch\/wp-content\/uploads\/2020\/04\/cropped-SM_logo_512x512px.jpg","contentUrl":"https:\/\/swissmilitarywatches.ch\/wp-content\/uploads\/2020\/04\/cropped-SM_logo_512x512px.jpg","width":512,"height":512,"caption":"Swiss Military by Chrono"},"image":{"@id":"https:\/\/swissmilitarywatches.ch\/fr\/#\/schema\/logo\/image\/"},"sameAs":["https:\/\/m.facebook.com\/swissmilitarybychronoofficial\/","https:\/\/www.instagram.com\/swissmilitarybychrono\/","https:\/\/www.pinterest.ch\/swissmilitarybychrono\/"]}]}},"jetpack_sharing_enabled":true,"_links":{"self":[{"href":"https:\/\/swissmilitarywatches.ch\/fr\/wp-json\/wp\/v2\/pages\/13375","targetHints":{"allow":["GET"]}}],"collection":[{"href":"https:\/\/swissmilitarywatches.ch\/fr\/wp-json\/wp\/v2\/pages"}],"about":[{"href":"https:\/\/swissmilitarywatches.ch\/fr\/wp-json\/wp\/v2\/types\/page"}],"author":[{"embeddable":true,"href":"https:\/\/swissmilitarywatches.ch\/fr\/wp-json\/wp\/v2\/users\/2"}],"replies":[{"embeddable":true,"href":"https:\/\/swissmilitarywatches.ch\/fr\/wp-json\/wp\/v2\/comments?post=13375"}],"version-history":[{"count":4,"href":"https:\/\/swissmilitarywatches.ch\/fr\/wp-json\/wp\/v2\/pages\/13375\/revisions"}],"predecessor-version":[{"id":22417,"href":"https:\/\/swissmilitarywatches.ch\/fr\/wp-json\/wp\/v2\/pages\/13375\/revisions\/22417"}],"wp:attachment":[{"href":"https:\/\/swissmilitarywatches.ch\/fr\/wp-json\/wp\/v2\/media?parent=13375"}],"curies":[{"name":"wp","href":"https:\/\/api.w.org\/{rel}","templated":true}]}}