{"id":13366,"date":"2023-02-07T14:30:02","date_gmt":"2023-02-07T13:30:02","guid":{"rendered":"https:\/\/swissmilitarywatches.ch\/politique-de-livraison\/"},"modified":"2025-02-24T12:37:42","modified_gmt":"2025-02-24T10:37:42","slug":"politique-de-livraison","status":"publish","type":"page","link":"https:\/\/swissmilitarywatches.ch\/fr\/politique-de-livraison\/","title":{"rendered":"Politique de livraison"},"content":{"rendered":"\n<h1>Politique de livraison<\/h1>\n<h1> <\/h1>\n<h2>Livraison<\/h2>\n<p>Les produits seront livr\u00e9s \u00e0 l&rsquo;adresse de livraison que vous avez indiqu\u00e9e.<\/p>\n<p>Swiss Military by Chrono offre la livraison gratuite pour tous les produits dont la valeur de commande minimale est de 199\u20ac \/ 199$ \/ 199CHF. Les frais de livraison pour les commandes inf\u00e9rieures \u00e0 la valeur minimale sont de 8CHF en Suisse et de 35\u20ac \/ 35$ pour les envois internationaux. Malheureusement, nous ne livrons pas aux pays qui ne sont pas r\u00e9pertori\u00e9s lors de la s\u00e9lection de l&rsquo;adresse de livraison.<\/p>\n<p>Si nous ne sommes pas en mesure de respecter le d\u00e9lai de livraison estim\u00e9 indiqu\u00e9 dans la confirmation de la commande, qui est de 5 \u00e0 7 jours ouvrables en Europe et de 7 \u00e0 9 jours ouvrables \u00e0 l&rsquo;international, nous vous contacterons imm\u00e9diatement pour vous informer d&rsquo;une date de livraison ult\u00e9rieure. Si vous refusez la nouvelle date de livraison, vous pouvez annuler la commande sans frais et le prix d&rsquo;achat vous sera rembours\u00e9.<\/p>\n<p>Si des marchandises pr\u00e9sentant des dommages de transport \u00e9vidents sont livr\u00e9es, veuillez signaler ces erreurs le plus rapidement possible au livreur et nous contacter imm\u00e9diatement. Le fait de ne pas d\u00e9poser de plainte ou de ne pas nous contacter n&rsquo;a aucune cons\u00e9quence sur vos droits l\u00e9gaux et leur mise en \u0153uvre, en particulier sur vos droits de garantie. Cependant, vous nous aidez \u00e0 pouvoir faire valoir nos propres droits contre le transporteur ou l&rsquo;assurance transport.<\/p>\n<p>Pour les conditions compl\u00e8tes concernant la livraison, veuillez vous r\u00e9f\u00e9rer \u00e0 <a href=\"https:\/\/swissmilitarywatches.ch\/fr\/conditions-generales-dutilisation\/\">l&rsquo;article 2 des CGV.<\/a><\/p>\n<p> <\/p>\n<h2>Lieu de livraison<\/h2>\n<p> <\/p>\n<p><strong>Nous livrons dans les pays suivants :<\/strong><\/p>\n<p>Andorre, Australie, Autriche, Belgique, Croatie, Chypre, R\u00e9publique tch\u00e8que, Danemark, Estonie, Finlande, France, Allemagne, Hongrie, Irlande, Italie, Lettonie, Liechtenstein, Lituanie, Luxembourg, Monaco, Pays-Bas, Norv\u00e8ge, Pologne, Portugal, Roumanie, Saint-Marin, Espagne, Su\u00e8de, Suisse, Chine, Hong Kong, Indon\u00e9sie, Japon, Singapour, Slov\u00e9nie, Cor\u00e9e du Sud, Ta\u00efwan, Tha\u00eflande, Nouvelle-Z\u00e9lande, Afrique du Sud, Royaume-Uni.<\/p>\n<p>Si nous ne livrons pas dans votre pays, veuillez <a href=\"https:\/\/swissmilitarywatches.ch\/fr\/contactez-nous\/\">nous contacter<\/a> directement.<\/p>\n<p> <\/p>\n<p><strong>D\u00e9lais de livraison<\/strong><\/p>\n<p>&#8211; UE, Suisse et Norv\u00e8ge : 5 &#8211; 7 jours ouvrables<\/p>\n<p>&#8211; International : 7 &#8211; 14 jours ouvrables<\/p>\n<p> <\/p>\n<p><strong>Fournisseur<\/strong><\/p>\n<p>&#8211; UPS: International orders<\/p>\n<p>&#8211; DHL: Shipments to Switzerland<\/p>\n\n","protected":false},"excerpt":{"rendered":"","protected":false},"author":2,"featured_media":0,"parent":0,"menu_order":0,"comment_status":"closed","ping_status":"closed","template":"","meta":{"footnotes":""},"class_list":["post-13366","page","type-page","status-publish","hentry"],"yoast_head":"<!-- This site is optimized with the Yoast SEO Premium plugin v26.6 (Yoast SEO v26.6) - https:\/\/yoast.com\/wordpress\/plugins\/seo\/ -->\n<title>Politique de livraison - Swiss Military by Chrono<\/title>\n<meta name=\"robots\" content=\"index, follow, max-snippet:-1, max-image-preview:large, max-video-preview:-1\" \/>\n<link rel=\"canonical\" href=\"https:\/\/swissmilitarywatches.ch\/fr\/politique-de-livraison\/\" \/>\n<meta property=\"og:locale\" content=\"fr_FR\" \/>\n<meta property=\"og:type\" content=\"article\" \/>\n<meta property=\"og:title\" content=\"Politique de livraison\" \/>\n<meta property=\"og:url\" content=\"https:\/\/swissmilitarywatches.ch\/fr\/politique-de-livraison\/\" \/>\n<meta property=\"og:site_name\" content=\"Swiss Military by Chrono\" \/>\n<meta property=\"article:publisher\" content=\"https:\/\/m.facebook.com\/swissmilitarybychronoofficial\/\" \/>\n<meta property=\"article:modified_time\" content=\"2025-02-24T10:37:42+00:00\" \/>\n<meta name=\"twitter:card\" content=\"summary_large_image\" \/>\n<meta name=\"twitter:label1\" content=\"Dur\u00e9e de lecture estim\u00e9e\" \/>\n\t<meta name=\"twitter:data1\" content=\"2 minutes\" \/>\n<script type=\"application\/ld+json\" class=\"yoast-schema-graph\">{\"@context\":\"https:\/\/schema.org\",\"@graph\":[{\"@type\":\"WebPage\",\"@id\":\"https:\/\/swissmilitarywatches.ch\/fr\/politique-de-livraison\/\",\"url\":\"https:\/\/swissmilitarywatches.ch\/fr\/politique-de-livraison\/\",\"name\":\"Politique de livraison - Swiss Military by Chrono\",\"isPartOf\":{\"@id\":\"https:\/\/swissmilitarywatches.ch\/fr\/#website\"},\"datePublished\":\"2023-02-07T13:30:02+00:00\",\"dateModified\":\"2025-02-24T10:37:42+00:00\",\"breadcrumb\":{\"@id\":\"https:\/\/swissmilitarywatches.ch\/fr\/politique-de-livraison\/#breadcrumb\"},\"inLanguage\":\"fr-FR\",\"potentialAction\":[{\"@type\":\"ReadAction\",\"target\":[\"https:\/\/swissmilitarywatches.ch\/fr\/politique-de-livraison\/\"]}]},{\"@type\":\"BreadcrumbList\",\"@id\":\"https:\/\/swissmilitarywatches.ch\/fr\/politique-de-livraison\/#breadcrumb\",\"itemListElement\":[{\"@type\":\"ListItem\",\"position\":1,\"name\":\"Home\",\"item\":\"https:\/\/swissmilitarywatches.ch\/fr\/home\/\"},{\"@type\":\"ListItem\",\"position\":2,\"name\":\"Politique de livraison\"}]},{\"@type\":\"WebSite\",\"@id\":\"https:\/\/swissmilitarywatches.ch\/fr\/#website\",\"url\":\"https:\/\/swissmilitarywatches.ch\/fr\/\",\"name\":\"Swiss Military by Chrono\",\"description\":\"Official Licensed Product of the Swiss Confederation\",\"publisher\":{\"@id\":\"https:\/\/swissmilitarywatches.ch\/fr\/#organization\"},\"potentialAction\":[{\"@type\":\"SearchAction\",\"target\":{\"@type\":\"EntryPoint\",\"urlTemplate\":\"https:\/\/swissmilitarywatches.ch\/fr\/?s={search_term_string}\"},\"query-input\":{\"@type\":\"PropertyValueSpecification\",\"valueRequired\":true,\"valueName\":\"search_term_string\"}}],\"inLanguage\":\"fr-FR\"},{\"@type\":\"Organization\",\"@id\":\"https:\/\/swissmilitarywatches.ch\/fr\/#organization\",\"name\":\"Swiss Military by Chrono\",\"url\":\"https:\/\/swissmilitarywatches.ch\/fr\/\",\"logo\":{\"@type\":\"ImageObject\",\"inLanguage\":\"fr-FR\",\"@id\":\"https:\/\/swissmilitarywatches.ch\/fr\/#\/schema\/logo\/image\/\",\"url\":\"https:\/\/swissmilitarywatches.ch\/wp-content\/uploads\/2020\/04\/cropped-SM_logo_512x512px.jpg\",\"contentUrl\":\"https:\/\/swissmilitarywatches.ch\/wp-content\/uploads\/2020\/04\/cropped-SM_logo_512x512px.jpg\",\"width\":512,\"height\":512,\"caption\":\"Swiss Military by Chrono\"},\"image\":{\"@id\":\"https:\/\/swissmilitarywatches.ch\/fr\/#\/schema\/logo\/image\/\"},\"sameAs\":[\"https:\/\/m.facebook.com\/swissmilitarybychronoofficial\/\",\"https:\/\/www.instagram.com\/swissmilitarybychrono\/\",\"https:\/\/www.pinterest.ch\/swissmilitarybychrono\/\"]}]}<\/script>\n<!-- \/ Yoast SEO Premium plugin. -->","yoast_head_json":{"title":"Politique de livraison - Swiss Military by Chrono","robots":{"index":"index","follow":"follow","max-snippet":"max-snippet:-1","max-image-preview":"max-image-preview:large","max-video-preview":"max-video-preview:-1"},"canonical":"https:\/\/swissmilitarywatches.ch\/fr\/politique-de-livraison\/","og_locale":"fr_FR","og_type":"article","og_title":"Politique de livraison","og_url":"https:\/\/swissmilitarywatches.ch\/fr\/politique-de-livraison\/","og_site_name":"Swiss Military by Chrono","article_publisher":"https:\/\/m.facebook.com\/swissmilitarybychronoofficial\/","article_modified_time":"2025-02-24T10:37:42+00:00","twitter_card":"summary_large_image","twitter_misc":{"Dur\u00e9e de lecture estim\u00e9e":"2 minutes"},"schema":{"@context":"https:\/\/schema.org","@graph":[{"@type":"WebPage","@id":"https:\/\/swissmilitarywatches.ch\/fr\/politique-de-livraison\/","url":"https:\/\/swissmilitarywatches.ch\/fr\/politique-de-livraison\/","name":"Politique de livraison - Swiss Military by Chrono","isPartOf":{"@id":"https:\/\/swissmilitarywatches.ch\/fr\/#website"},"datePublished":"2023-02-07T13:30:02+00:00","dateModified":"2025-02-24T10:37:42+00:00","breadcrumb":{"@id":"https:\/\/swissmilitarywatches.ch\/fr\/politique-de-livraison\/#breadcrumb"},"inLanguage":"fr-FR","potentialAction":[{"@type":"ReadAction","target":["https:\/\/swissmilitarywatches.ch\/fr\/politique-de-livraison\/"]}]},{"@type":"BreadcrumbList","@id":"https:\/\/swissmilitarywatches.ch\/fr\/politique-de-livraison\/#breadcrumb","itemListElement":[{"@type":"ListItem","position":1,"name":"Home","item":"https:\/\/swissmilitarywatches.ch\/fr\/home\/"},{"@type":"ListItem","position":2,"name":"Politique de livraison"}]},{"@type":"WebSite","@id":"https:\/\/swissmilitarywatches.ch\/fr\/#website","url":"https:\/\/swissmilitarywatches.ch\/fr\/","name":"Swiss Military by Chrono","description":"Official Licensed Product of the Swiss Confederation","publisher":{"@id":"https:\/\/swissmilitarywatches.ch\/fr\/#organization"},"potentialAction":[{"@type":"SearchAction","target":{"@type":"EntryPoint","urlTemplate":"https:\/\/swissmilitarywatches.ch\/fr\/?s={search_term_string}"},"query-input":{"@type":"PropertyValueSpecification","valueRequired":true,"valueName":"search_term_string"}}],"inLanguage":"fr-FR"},{"@type":"Organization","@id":"https:\/\/swissmilitarywatches.ch\/fr\/#organization","name":"Swiss Military by Chrono","url":"https:\/\/swissmilitarywatches.ch\/fr\/","logo":{"@type":"ImageObject","inLanguage":"fr-FR","@id":"https:\/\/swissmilitarywatches.ch\/fr\/#\/schema\/logo\/image\/","url":"https:\/\/swissmilitarywatches.ch\/wp-content\/uploads\/2020\/04\/cropped-SM_logo_512x512px.jpg","contentUrl":"https:\/\/swissmilitarywatches.ch\/wp-content\/uploads\/2020\/04\/cropped-SM_logo_512x512px.jpg","width":512,"height":512,"caption":"Swiss Military by Chrono"},"image":{"@id":"https:\/\/swissmilitarywatches.ch\/fr\/#\/schema\/logo\/image\/"},"sameAs":["https:\/\/m.facebook.com\/swissmilitarybychronoofficial\/","https:\/\/www.instagram.com\/swissmilitarybychrono\/","https:\/\/www.pinterest.ch\/swissmilitarybychrono\/"]}]}},"jetpack_sharing_enabled":true,"_links":{"self":[{"href":"https:\/\/swissmilitarywatches.ch\/fr\/wp-json\/wp\/v2\/pages\/13366","targetHints":{"allow":["GET"]}}],"collection":[{"href":"https:\/\/swissmilitarywatches.ch\/fr\/wp-json\/wp\/v2\/pages"}],"about":[{"href":"https:\/\/swissmilitarywatches.ch\/fr\/wp-json\/wp\/v2\/types\/page"}],"author":[{"embeddable":true,"href":"https:\/\/swissmilitarywatches.ch\/fr\/wp-json\/wp\/v2\/users\/2"}],"replies":[{"embeddable":true,"href":"https:\/\/swissmilitarywatches.ch\/fr\/wp-json\/wp\/v2\/comments?post=13366"}],"version-history":[{"count":13,"href":"https:\/\/swissmilitarywatches.ch\/fr\/wp-json\/wp\/v2\/pages\/13366\/revisions"}],"predecessor-version":[{"id":21457,"href":"https:\/\/swissmilitarywatches.ch\/fr\/wp-json\/wp\/v2\/pages\/13366\/revisions\/21457"}],"wp:attachment":[{"href":"https:\/\/swissmilitarywatches.ch\/fr\/wp-json\/wp\/v2\/media?parent=13366"}],"curies":[{"name":"wp","href":"https:\/\/api.w.org\/{rel}","templated":true}]}}