{"id":13362,"date":"2023-02-07T14:21:09","date_gmt":"2023-02-07T13:21:09","guid":{"rendered":"https:\/\/swissmilitarywatches.ch\/inscription-au-bulletin-dinformation\/"},"modified":"2023-02-07T14:21:09","modified_gmt":"2023-02-07T13:21:09","slug":"inscription-au-bulletin-dinformation","status":"publish","type":"page","link":"https:\/\/swissmilitarywatches.ch\/fr\/inscription-au-bulletin-dinformation\/","title":{"rendered":"Inscription au bulletin d&rsquo;information"},"content":{"rendered":"\n<h2 class=\"wp-block-heading\" id=\"h-subscribe-now-and-get-15-off-on-your-first-order-with-swiss-military-by-chrono\">Abonnez-vous maintenant et obtenez 15% de r\u00e9duction sur votre premi\u00e8re commande avec Swiss Military by Chrono !<\/h2>\n\n<h3 class=\"wp-block-heading\" id=\"h-and-don-t-miss-out-on-novelties-promotions-and-special-offers\">&#8230; et ne manquez pas les nouveaut\u00e9s, les promotions et les offres sp\u00e9ciales !<br\/><\/h3>\n\n<!-- Begin Mailchimp Signup Form -->\n<div id=\"mc_embed_signup\">\n<form action=\"https:\/\/swissmilitarywatches.us4.list-manage.com\/subscribe\/post?u=0284495186600c478a80d1637&#038;id=0a5887348d\" method=\"post\" id=\"mc-embedded-subscribe-form\" name=\"mc-embedded-subscribe-form\" class=\"validate\" target=\"_blank\" novalidate=\"\">\n    <div id=\"mc_embed_signup_scroll\">\n<div class=\"mc-field-group\">\n\t<label for=\"mce-EMAIL\">Adresse e-mail <span class=\"asterisk\">*<\/span>\n<\/label>\n\t<input type=\"email\" value=\"\" name=\"EMAIL\" class=\"required email\" id=\"mce-EMAIL\"\/><\/div>\n<div class=\"mc-field-group\">\n\t<label for=\"mce-FNAME\">Pr\u00e9nom <\/label>\n\t<input type=\"text\" value=\"\" name=\"FNAME\" class=\"\" id=\"mce-FNAME\"\/><\/div>\n<div class=\"mc-field-group\">\n\t<label for=\"mce-LNAME\">Nom de famille <\/label>\n\t<input type=\"text\" value=\"\" name=\"LNAME\" class=\"\" id=\"mce-LNAME\"\/><div class=\"indicates-required\"><span class=\"asterisk\">*<\/span> indique que c&rsquo;est n\u00e9cessaire<\/div>\n\n<\/div>\n<div id=\"mergeRow-gdpr\" class=\"mergeRow gdpr-mergeRow content__gdprBlock mc-field-group\">\n    <div class=\"content__gdpr\">\n        <label>Autorisations de marketing<\/label>\n        <p>Veuillez s\u00e9lectionner toutes les fa\u00e7ons dont vous souhaitez recevoir des nouvelles de Swiss Military by Chrono :<\/p>\n        <fieldset class=\"mc_fieldset gdprRequired mc-field-group\" name=\"interestgroup_field\"><label class=\"checkbox subfield\" for=\"gdpr_38743\"><input type=\"checkbox\" id=\"gdpr_38743\" name=\"gdpr[38743]\" value=\"Y\" class=\"av-checkbox gdpr\"\/><span>Email<\/span> <\/label>\n        <\/fieldset><p>Vous pouvez vous d\u00e9sinscrire \u00e0 tout moment en cliquant sur le lien figurant dans le pied de page de nos e-mails. Pour en savoir plus sur nos pratiques en mati\u00e8re de confidentialit\u00e9, veuillez consulter notre politique de confidentialit\u00e9 sur notre website.<\/p>\n    <\/div>\n    <div class=\"content__gdprLegal\">\n        <p>Nous utilisons Mailchimp comme plateforme de marketing. En cliquant ci-dessous pour vous abonner, vous reconnaissez que vos informations seront transf\u00e9r\u00e9es \u00e0 Mailchimp pour \u00eatre trait\u00e9es. <a href=\"https:\/\/mailchimp.com\/legal\/\" target=\"_blank\" rel=\"noopener\">Pour en savoir plus sur les pratiques de Mailchimp en mati\u00e8re de confidentialit\u00e9, cliquez ici.<\/a><\/p>\n    <\/div>\n<\/div>\n\t<div id=\"mce-responses\" class=\"clear\">\n\t\t<div class=\"response\" id=\"mce-error-response\" style=\"display:none\"><\/div>\n\t\t<div class=\"response\" id=\"mce-success-response\" style=\"display:none\"><\/div>\n\t<\/div>    <!-- real people should not fill this in and expect good things - do not remove this or risk form bot signups-->\n    <div style=\"position: absolute; left: -5000px;\" aria-hidden=\"true\"><input type=\"text\" name=\"b_0284495186600c478a80d1637_0a5887348d\" tabindex=\"-1\" value=\"\"\/><\/div>\n    <div class=\"clear\"><input type=\"submit\" value=\"S'abonner \u00e0\" name=\"subscribe\" id=\"mc-embedded-subscribe\" class=\"button\"\/><\/div>\n    <\/div>\n<\/form>\n<\/div>\n\n<!--End mc_embed_signup-->\n\n<p><\/p>\n","protected":false},"excerpt":{"rendered":"<p>Abonnez-vous maintenant et obtenez 15% de r\u00e9duction sur votre premi\u00e8re commande avec Swiss Military by Chrono ! &#8230; et ne manquez pas les nouveaut\u00e9s, les promotions et les offres sp\u00e9ciales ! Adresse e-mail * Pr\u00e9nom Nom de famille * indique que c&rsquo;est n\u00e9cessaire Autorisations de marketing Veuillez s\u00e9lectionner toutes les fa\u00e7ons dont vous souhaitez recevoir [&#8230;]\n","protected":false},"author":2,"featured_media":0,"parent":0,"menu_order":0,"comment_status":"closed","ping_status":"closed","template":"","meta":{"footnotes":""},"class_list":["post-13362","page","type-page","status-publish","hentry"],"yoast_head":"<!-- This site is optimized with the Yoast SEO Premium plugin v26.6 (Yoast SEO v26.6) - https:\/\/yoast.com\/wordpress\/plugins\/seo\/ -->\n<title>Inscription au bulletin d&#039;information - Swiss Military by Chrono<\/title>\n<meta name=\"robots\" content=\"index, follow, max-snippet:-1, max-image-preview:large, max-video-preview:-1\" \/>\n<link rel=\"canonical\" href=\"https:\/\/swissmilitarywatches.ch\/fr\/inscription-au-bulletin-dinformation\/\" \/>\n<meta property=\"og:locale\" content=\"fr_FR\" \/>\n<meta property=\"og:type\" content=\"article\" \/>\n<meta property=\"og:title\" content=\"Inscription au bulletin d&#039;information\" \/>\n<meta property=\"og:description\" content=\"Abonnez-vous maintenant et obtenez 15% de r\u00e9duction sur votre premi\u00e8re commande avec Swiss Military by Chrono ! &#8230; et ne manquez pas les nouveaut\u00e9s, les promotions et les offres sp\u00e9ciales ! Adresse e-mail * Pr\u00e9nom Nom de famille * indique que c&rsquo;est n\u00e9cessaire Autorisations de marketing Veuillez s\u00e9lectionner toutes les fa\u00e7ons dont vous souhaitez recevoir [...]\" \/>\n<meta property=\"og:url\" content=\"https:\/\/swissmilitarywatches.ch\/fr\/inscription-au-bulletin-dinformation\/\" \/>\n<meta property=\"og:site_name\" content=\"Swiss Military by Chrono\" \/>\n<meta property=\"article:publisher\" content=\"https:\/\/m.facebook.com\/swissmilitarybychronoofficial\/\" \/>\n<meta name=\"twitter:card\" content=\"summary_large_image\" \/>\n<meta name=\"twitter:label1\" content=\"Dur\u00e9e de lecture estim\u00e9e\" \/>\n\t<meta name=\"twitter:data1\" content=\"1 minute\" \/>\n<script type=\"application\/ld+json\" class=\"yoast-schema-graph\">{\"@context\":\"https:\/\/schema.org\",\"@graph\":[{\"@type\":\"WebPage\",\"@id\":\"https:\/\/swissmilitarywatches.ch\/fr\/inscription-au-bulletin-dinformation\/\",\"url\":\"https:\/\/swissmilitarywatches.ch\/fr\/inscription-au-bulletin-dinformation\/\",\"name\":\"Inscription au bulletin d'information - Swiss Military by Chrono\",\"isPartOf\":{\"@id\":\"https:\/\/swissmilitarywatches.ch\/fr\/#website\"},\"datePublished\":\"2023-02-07T13:21:09+00:00\",\"breadcrumb\":{\"@id\":\"https:\/\/swissmilitarywatches.ch\/fr\/inscription-au-bulletin-dinformation\/#breadcrumb\"},\"inLanguage\":\"fr-FR\",\"potentialAction\":[{\"@type\":\"ReadAction\",\"target\":[\"https:\/\/swissmilitarywatches.ch\/fr\/inscription-au-bulletin-dinformation\/\"]}]},{\"@type\":\"BreadcrumbList\",\"@id\":\"https:\/\/swissmilitarywatches.ch\/fr\/inscription-au-bulletin-dinformation\/#breadcrumb\",\"itemListElement\":[{\"@type\":\"ListItem\",\"position\":1,\"name\":\"Home\",\"item\":\"https:\/\/swissmilitarywatches.ch\/fr\/home\/\"},{\"@type\":\"ListItem\",\"position\":2,\"name\":\"Inscription au bulletin d&#8217;information\"}]},{\"@type\":\"WebSite\",\"@id\":\"https:\/\/swissmilitarywatches.ch\/fr\/#website\",\"url\":\"https:\/\/swissmilitarywatches.ch\/fr\/\",\"name\":\"Swiss Military by Chrono\",\"description\":\"Official Licensed Product of the Swiss Confederation\",\"publisher\":{\"@id\":\"https:\/\/swissmilitarywatches.ch\/fr\/#organization\"},\"potentialAction\":[{\"@type\":\"SearchAction\",\"target\":{\"@type\":\"EntryPoint\",\"urlTemplate\":\"https:\/\/swissmilitarywatches.ch\/fr\/?s={search_term_string}\"},\"query-input\":{\"@type\":\"PropertyValueSpecification\",\"valueRequired\":true,\"valueName\":\"search_term_string\"}}],\"inLanguage\":\"fr-FR\"},{\"@type\":\"Organization\",\"@id\":\"https:\/\/swissmilitarywatches.ch\/fr\/#organization\",\"name\":\"Swiss Military by Chrono\",\"url\":\"https:\/\/swissmilitarywatches.ch\/fr\/\",\"logo\":{\"@type\":\"ImageObject\",\"inLanguage\":\"fr-FR\",\"@id\":\"https:\/\/swissmilitarywatches.ch\/fr\/#\/schema\/logo\/image\/\",\"url\":\"https:\/\/swissmilitarywatches.ch\/wp-content\/uploads\/2020\/04\/cropped-SM_logo_512x512px.jpg\",\"contentUrl\":\"https:\/\/swissmilitarywatches.ch\/wp-content\/uploads\/2020\/04\/cropped-SM_logo_512x512px.jpg\",\"width\":512,\"height\":512,\"caption\":\"Swiss Military by Chrono\"},\"image\":{\"@id\":\"https:\/\/swissmilitarywatches.ch\/fr\/#\/schema\/logo\/image\/\"},\"sameAs\":[\"https:\/\/m.facebook.com\/swissmilitarybychronoofficial\/\",\"https:\/\/www.instagram.com\/swissmilitarybychrono\/\",\"https:\/\/www.pinterest.ch\/swissmilitarybychrono\/\"]}]}<\/script>\n<!-- \/ Yoast SEO Premium plugin. -->","yoast_head_json":{"title":"Inscription au bulletin d'information - Swiss Military by Chrono","robots":{"index":"index","follow":"follow","max-snippet":"max-snippet:-1","max-image-preview":"max-image-preview:large","max-video-preview":"max-video-preview:-1"},"canonical":"https:\/\/swissmilitarywatches.ch\/fr\/inscription-au-bulletin-dinformation\/","og_locale":"fr_FR","og_type":"article","og_title":"Inscription au bulletin d'information","og_description":"Abonnez-vous maintenant et obtenez 15% de r\u00e9duction sur votre premi\u00e8re commande avec Swiss Military by Chrono ! &#8230; et ne manquez pas les nouveaut\u00e9s, les promotions et les offres sp\u00e9ciales ! Adresse e-mail * Pr\u00e9nom Nom de famille * indique que c&rsquo;est n\u00e9cessaire Autorisations de marketing Veuillez s\u00e9lectionner toutes les fa\u00e7ons dont vous souhaitez recevoir [...]","og_url":"https:\/\/swissmilitarywatches.ch\/fr\/inscription-au-bulletin-dinformation\/","og_site_name":"Swiss Military by Chrono","article_publisher":"https:\/\/m.facebook.com\/swissmilitarybychronoofficial\/","twitter_card":"summary_large_image","twitter_misc":{"Dur\u00e9e de lecture estim\u00e9e":"1 minute"},"schema":{"@context":"https:\/\/schema.org","@graph":[{"@type":"WebPage","@id":"https:\/\/swissmilitarywatches.ch\/fr\/inscription-au-bulletin-dinformation\/","url":"https:\/\/swissmilitarywatches.ch\/fr\/inscription-au-bulletin-dinformation\/","name":"Inscription au bulletin d'information - Swiss Military by Chrono","isPartOf":{"@id":"https:\/\/swissmilitarywatches.ch\/fr\/#website"},"datePublished":"2023-02-07T13:21:09+00:00","breadcrumb":{"@id":"https:\/\/swissmilitarywatches.ch\/fr\/inscription-au-bulletin-dinformation\/#breadcrumb"},"inLanguage":"fr-FR","potentialAction":[{"@type":"ReadAction","target":["https:\/\/swissmilitarywatches.ch\/fr\/inscription-au-bulletin-dinformation\/"]}]},{"@type":"BreadcrumbList","@id":"https:\/\/swissmilitarywatches.ch\/fr\/inscription-au-bulletin-dinformation\/#breadcrumb","itemListElement":[{"@type":"ListItem","position":1,"name":"Home","item":"https:\/\/swissmilitarywatches.ch\/fr\/home\/"},{"@type":"ListItem","position":2,"name":"Inscription au bulletin d&#8217;information"}]},{"@type":"WebSite","@id":"https:\/\/swissmilitarywatches.ch\/fr\/#website","url":"https:\/\/swissmilitarywatches.ch\/fr\/","name":"Swiss Military by Chrono","description":"Official Licensed Product of the Swiss Confederation","publisher":{"@id":"https:\/\/swissmilitarywatches.ch\/fr\/#organization"},"potentialAction":[{"@type":"SearchAction","target":{"@type":"EntryPoint","urlTemplate":"https:\/\/swissmilitarywatches.ch\/fr\/?s={search_term_string}"},"query-input":{"@type":"PropertyValueSpecification","valueRequired":true,"valueName":"search_term_string"}}],"inLanguage":"fr-FR"},{"@type":"Organization","@id":"https:\/\/swissmilitarywatches.ch\/fr\/#organization","name":"Swiss Military by Chrono","url":"https:\/\/swissmilitarywatches.ch\/fr\/","logo":{"@type":"ImageObject","inLanguage":"fr-FR","@id":"https:\/\/swissmilitarywatches.ch\/fr\/#\/schema\/logo\/image\/","url":"https:\/\/swissmilitarywatches.ch\/wp-content\/uploads\/2020\/04\/cropped-SM_logo_512x512px.jpg","contentUrl":"https:\/\/swissmilitarywatches.ch\/wp-content\/uploads\/2020\/04\/cropped-SM_logo_512x512px.jpg","width":512,"height":512,"caption":"Swiss Military by Chrono"},"image":{"@id":"https:\/\/swissmilitarywatches.ch\/fr\/#\/schema\/logo\/image\/"},"sameAs":["https:\/\/m.facebook.com\/swissmilitarybychronoofficial\/","https:\/\/www.instagram.com\/swissmilitarybychrono\/","https:\/\/www.pinterest.ch\/swissmilitarybychrono\/"]}]}},"jetpack_sharing_enabled":true,"_links":{"self":[{"href":"https:\/\/swissmilitarywatches.ch\/fr\/wp-json\/wp\/v2\/pages\/13362","targetHints":{"allow":["GET"]}}],"collection":[{"href":"https:\/\/swissmilitarywatches.ch\/fr\/wp-json\/wp\/v2\/pages"}],"about":[{"href":"https:\/\/swissmilitarywatches.ch\/fr\/wp-json\/wp\/v2\/types\/page"}],"author":[{"embeddable":true,"href":"https:\/\/swissmilitarywatches.ch\/fr\/wp-json\/wp\/v2\/users\/2"}],"replies":[{"embeddable":true,"href":"https:\/\/swissmilitarywatches.ch\/fr\/wp-json\/wp\/v2\/comments?post=13362"}],"version-history":[{"count":1,"href":"https:\/\/swissmilitarywatches.ch\/fr\/wp-json\/wp\/v2\/pages\/13362\/revisions"}],"predecessor-version":[{"id":13363,"href":"https:\/\/swissmilitarywatches.ch\/fr\/wp-json\/wp\/v2\/pages\/13362\/revisions\/13363"}],"wp:attachment":[{"href":"https:\/\/swissmilitarywatches.ch\/fr\/wp-json\/wp\/v2\/media?parent=13362"}],"curies":[{"name":"wp","href":"https:\/\/api.w.org\/{rel}","templated":true}]}}