{"id":13340,"date":"2023-02-07T13:46:31","date_gmt":"2023-02-07T12:46:31","guid":{"rendered":"https:\/\/swissmilitarywatches.ch\/conditions-dutilisation\/"},"modified":"2023-02-07T13:53:30","modified_gmt":"2023-02-07T12:53:30","slug":"conditions-dutilisation","status":"publish","type":"page","link":"https:\/\/swissmilitarywatches.ch\/fr\/conditions-dutilisation\/","title":{"rendered":"Conditions d&rsquo;utilisation"},"content":{"rendered":"\n<h1>Conditions d&rsquo;utilisation<\/h1>\n<p> <\/p>\n<p>Ce site Web est fourni par Chrono AG, une soci\u00e9t\u00e9 de droit suisse, num\u00e9ro d&rsquo;identification de la soci\u00e9t\u00e9 CHE-108.009.554, Weissensteinstrasse 49, 4502 Solothurn, Suisse. Chrono AG est le propri\u00e9taire de la marque de montres Swiss Military by Chrono. Le propri\u00e9taire du website sera donc d\u00e9sign\u00e9 par \u00ab\u00a0Swiss Military by Chrono\u00a0\u00bb ci-apr\u00e8s.<\/p>\n<p>Veuillez noter que les services fournis par Swiss Military by Chrono sur l&rsquo;internet ne constituent pas une offre de conclure un contrat avec les utilisateurs du website. La conclusion et l&rsquo;ex\u00e9cution des contrats d&rsquo;achat sont soumises aux conditions g\u00e9n\u00e9rales de Swiss Military by Chrono. La version actuelle de ces derniers est disponible sur ce website.<\/p>\n<p> <\/p>\n<p>L&rsquo;acc\u00e8s \u00e0 ce site web est soumis aux conditions d&rsquo;utilisation suivantes :<\/p>\n<p> <\/p>\n<p>1.<\/p>\n<p>Tous les contenus du site swissmilitarywatches.ch (y compris, sans s&rsquo;y limiter, les images, les photos, le design, les textes, les logos, les graphiques, les ic\u00f4nes, les clips audio\/vid\u00e9o, les t\u00e9l\u00e9chargements, les interfaces, les informations, les mat\u00e9riaux, les codes et les logiciels ainsi que la s\u00e9lection et l&rsquo;arrangement) sont la propri\u00e9t\u00e9 exclusive de Swiss Military by Chrono, de ses conc\u00e9dants de licence ou de ses fournisseurs de contenus et sont prot\u00e9g\u00e9s par le droit d&rsquo;auteur, le droit des marques et d&rsquo;autres lois applicables.<\/p>\n<p> <\/p>\n<p>2.<\/p>\n<p>Les utilisateurs du website peuvent acc\u00e9der, copier, t\u00e9l\u00e9charger et imprimer le contenu du website pour un usage personnel et non commercial uniquement, \u00e0 condition que les utilisateurs ne modifient pas ou ne suppriment pas les avis de droits d&rsquo;auteur, de marques commerciales ou autres avis de propri\u00e9t\u00e9 figurant sur le contenu du website auquel les utilisateurs acc\u00e8dent, copient, t\u00e9l\u00e9chargent ou impriment. Toute autre utilisation du contenu du website est interdite, y compris, mais sans s&rsquo;y limiter, la modification, la distribution, la transmission, la diffusion, l&rsquo;affichage, le t\u00e9l\u00e9chargement, l&rsquo;octroi de licences, l&rsquo;ing\u00e9nierie inverse, le transfert ou la vente ou la cr\u00e9ation d&rsquo;\u0153uvres d\u00e9riv\u00e9es du contenu, des produits ou des services obtenus \u00e0 partir du website ou l&rsquo;utilisation du website \u00e0 des fins qui font concurrence \u00e0 Swiss Military by Chrono.<\/p>\n<p> <\/p>\n<p>3.<\/p>\n<p>Bien que Swiss Military by Chrono veille \u00e0 ce que ce Website contienne des informations correctes et actualis\u00e9es, la soci\u00e9t\u00e9 n&rsquo;assume aucune garantie quant au contenu du website. Swiss Military by Chrono n&rsquo;assume aucune responsabilit\u00e9 quant \u00e0 l&rsquo;exactitude, l&rsquo;actualit\u00e9 et l&rsquo;exhaustivit\u00e9 des informations contenues sur le website swissmilitarywatches.ch. Swiss Military by Chrono se r\u00e9serve le droit de modifier le contenu du website swissmilitarywatches.ch de quelque mani\u00e8re que ce soit, \u00e0 tout moment, pour quelque raison que ce soit et sans pr\u00e9avis, et n&rsquo;est en aucun cas responsable des cons\u00e9quences de telles modifications.<\/p>\n<p> <\/p>\n<p>4.<\/p>\n<p>Swiss Military by Chrono ne peut \u00eatre tenu responsable de tout dommage, co\u00fbt ou perte r\u00e9sultant de l&rsquo;utilisation du website swissmilitarywatches.ch et\/ou de la boutique en ligne, ni de l&rsquo;utilisation des liens et\/ou des adresses e-mail fournis par Swiss Military by Chrono.<\/p>\n<p> <\/p>\n<p>5.<\/p>\n<p>Dans la mesure o\u00f9 la loi le permet, les pr\u00e9sentes conditions d&rsquo;utilisation sont soumises au droit suisse.<\/p>\n<p>Dans la mesure o\u00f9 la loi le permet, Soleure\/Suisse est le lieu de juridiction pour tous les litiges d\u00e9coulant des pr\u00e9sentes conditions d&rsquo;utilisation. Swiss Military by Chrono a \u00e9galement le droit d&rsquo;intenter un proc\u00e8s chez le client.<\/p>\n<p> <\/p>\n","protected":false},"excerpt":{"rendered":"<p>Conditions d&rsquo;utilisation Ce site Web est fourni par Chrono AG, une soci\u00e9t\u00e9 de droit suisse, num\u00e9ro d&rsquo;identification de la soci\u00e9t\u00e9 CHE-108.009.554, Weissensteinstrasse 49, 4502 Solothurn, Suisse. Chrono AG est le propri\u00e9taire de la marque de montres Swiss Military by Chrono. Le propri\u00e9taire du website sera donc d\u00e9sign\u00e9 par \u00ab\u00a0Swiss Military by Chrono\u00a0\u00bb ci-apr\u00e8s. Veuillez noter [&#8230;]\n","protected":false},"author":2,"featured_media":0,"parent":0,"menu_order":0,"comment_status":"closed","ping_status":"closed","template":"","meta":{"footnotes":""},"class_list":["post-13340","page","type-page","status-publish","hentry"],"yoast_head":"<!-- This site is optimized with the Yoast SEO Premium plugin v26.6 (Yoast SEO v26.6) - https:\/\/yoast.com\/wordpress\/plugins\/seo\/ -->\n<title>Conditions d&#039;utilisation - Swiss Military by Chrono<\/title>\n<meta name=\"robots\" content=\"noindex, nofollow\" \/>\n<meta property=\"og:locale\" content=\"fr_FR\" \/>\n<meta property=\"og:type\" content=\"article\" \/>\n<meta property=\"og:title\" content=\"Conditions d&#039;utilisation\" \/>\n<meta property=\"og:description\" content=\"Conditions d&rsquo;utilisation Ce site Web est fourni par Chrono AG, une soci\u00e9t\u00e9 de droit suisse, num\u00e9ro d&rsquo;identification de la soci\u00e9t\u00e9 CHE-108.009.554, Weissensteinstrasse 49, 4502 Solothurn, Suisse. Chrono AG est le propri\u00e9taire de la marque de montres Swiss Military by Chrono. Le propri\u00e9taire du website sera donc d\u00e9sign\u00e9 par \u00ab\u00a0Swiss Military by Chrono\u00a0\u00bb ci-apr\u00e8s. Veuillez noter [...]\" \/>\n<meta property=\"og:url\" content=\"https:\/\/swissmilitarywatches.ch\/fr\/conditions-dutilisation\/\" \/>\n<meta property=\"og:site_name\" content=\"Swiss Military by Chrono\" \/>\n<meta property=\"article:publisher\" content=\"https:\/\/m.facebook.com\/swissmilitarybychronoofficial\/\" \/>\n<meta property=\"article:modified_time\" content=\"2023-02-07T12:53:30+00:00\" \/>\n<meta name=\"twitter:card\" content=\"summary_large_image\" \/>\n<meta name=\"twitter:label1\" content=\"Dur\u00e9e de lecture estim\u00e9e\" \/>\n\t<meta name=\"twitter:data1\" content=\"3 minutes\" \/>\n<script type=\"application\/ld+json\" class=\"yoast-schema-graph\">{\"@context\":\"https:\/\/schema.org\",\"@graph\":[{\"@type\":\"WebPage\",\"@id\":\"https:\/\/swissmilitarywatches.ch\/fr\/conditions-dutilisation\/\",\"url\":\"https:\/\/swissmilitarywatches.ch\/fr\/conditions-dutilisation\/\",\"name\":\"Conditions d'utilisation - Swiss Military by Chrono\",\"isPartOf\":{\"@id\":\"https:\/\/swissmilitarywatches.ch\/fr\/#website\"},\"datePublished\":\"2023-02-07T12:46:31+00:00\",\"dateModified\":\"2023-02-07T12:53:30+00:00\",\"breadcrumb\":{\"@id\":\"https:\/\/swissmilitarywatches.ch\/fr\/conditions-dutilisation\/#breadcrumb\"},\"inLanguage\":\"fr-FR\",\"potentialAction\":[{\"@type\":\"ReadAction\",\"target\":[\"https:\/\/swissmilitarywatches.ch\/fr\/conditions-dutilisation\/\"]}]},{\"@type\":\"BreadcrumbList\",\"@id\":\"https:\/\/swissmilitarywatches.ch\/fr\/conditions-dutilisation\/#breadcrumb\",\"itemListElement\":[{\"@type\":\"ListItem\",\"position\":1,\"name\":\"Home\",\"item\":\"https:\/\/swissmilitarywatches.ch\/fr\/home\/\"},{\"@type\":\"ListItem\",\"position\":2,\"name\":\"Conditions d&#8217;utilisation\"}]},{\"@type\":\"WebSite\",\"@id\":\"https:\/\/swissmilitarywatches.ch\/fr\/#website\",\"url\":\"https:\/\/swissmilitarywatches.ch\/fr\/\",\"name\":\"Swiss Military by Chrono\",\"description\":\"Official Licensed Product of the Swiss Confederation\",\"publisher\":{\"@id\":\"https:\/\/swissmilitarywatches.ch\/fr\/#organization\"},\"potentialAction\":[{\"@type\":\"SearchAction\",\"target\":{\"@type\":\"EntryPoint\",\"urlTemplate\":\"https:\/\/swissmilitarywatches.ch\/fr\/?s={search_term_string}\"},\"query-input\":{\"@type\":\"PropertyValueSpecification\",\"valueRequired\":true,\"valueName\":\"search_term_string\"}}],\"inLanguage\":\"fr-FR\"},{\"@type\":\"Organization\",\"@id\":\"https:\/\/swissmilitarywatches.ch\/fr\/#organization\",\"name\":\"Swiss Military by Chrono\",\"url\":\"https:\/\/swissmilitarywatches.ch\/fr\/\",\"logo\":{\"@type\":\"ImageObject\",\"inLanguage\":\"fr-FR\",\"@id\":\"https:\/\/swissmilitarywatches.ch\/fr\/#\/schema\/logo\/image\/\",\"url\":\"https:\/\/swissmilitarywatches.ch\/wp-content\/uploads\/2020\/04\/cropped-SM_logo_512x512px.jpg\",\"contentUrl\":\"https:\/\/swissmilitarywatches.ch\/wp-content\/uploads\/2020\/04\/cropped-SM_logo_512x512px.jpg\",\"width\":512,\"height\":512,\"caption\":\"Swiss Military by Chrono\"},\"image\":{\"@id\":\"https:\/\/swissmilitarywatches.ch\/fr\/#\/schema\/logo\/image\/\"},\"sameAs\":[\"https:\/\/m.facebook.com\/swissmilitarybychronoofficial\/\",\"https:\/\/www.instagram.com\/swissmilitarybychrono\/\",\"https:\/\/www.pinterest.ch\/swissmilitarybychrono\/\"]}]}<\/script>\n<!-- \/ Yoast SEO Premium plugin. -->","yoast_head_json":{"title":"Conditions d'utilisation - Swiss Military by Chrono","robots":{"index":"noindex","follow":"nofollow"},"og_locale":"fr_FR","og_type":"article","og_title":"Conditions d'utilisation","og_description":"Conditions d&rsquo;utilisation Ce site Web est fourni par Chrono AG, une soci\u00e9t\u00e9 de droit suisse, num\u00e9ro d&rsquo;identification de la soci\u00e9t\u00e9 CHE-108.009.554, Weissensteinstrasse 49, 4502 Solothurn, Suisse. Chrono AG est le propri\u00e9taire de la marque de montres Swiss Military by Chrono. Le propri\u00e9taire du website sera donc d\u00e9sign\u00e9 par \u00ab\u00a0Swiss Military by Chrono\u00a0\u00bb ci-apr\u00e8s. Veuillez noter [...]","og_url":"https:\/\/swissmilitarywatches.ch\/fr\/conditions-dutilisation\/","og_site_name":"Swiss Military by Chrono","article_publisher":"https:\/\/m.facebook.com\/swissmilitarybychronoofficial\/","article_modified_time":"2023-02-07T12:53:30+00:00","twitter_card":"summary_large_image","twitter_misc":{"Dur\u00e9e de lecture estim\u00e9e":"3 minutes"},"schema":{"@context":"https:\/\/schema.org","@graph":[{"@type":"WebPage","@id":"https:\/\/swissmilitarywatches.ch\/fr\/conditions-dutilisation\/","url":"https:\/\/swissmilitarywatches.ch\/fr\/conditions-dutilisation\/","name":"Conditions d'utilisation - Swiss Military by Chrono","isPartOf":{"@id":"https:\/\/swissmilitarywatches.ch\/fr\/#website"},"datePublished":"2023-02-07T12:46:31+00:00","dateModified":"2023-02-07T12:53:30+00:00","breadcrumb":{"@id":"https:\/\/swissmilitarywatches.ch\/fr\/conditions-dutilisation\/#breadcrumb"},"inLanguage":"fr-FR","potentialAction":[{"@type":"ReadAction","target":["https:\/\/swissmilitarywatches.ch\/fr\/conditions-dutilisation\/"]}]},{"@type":"BreadcrumbList","@id":"https:\/\/swissmilitarywatches.ch\/fr\/conditions-dutilisation\/#breadcrumb","itemListElement":[{"@type":"ListItem","position":1,"name":"Home","item":"https:\/\/swissmilitarywatches.ch\/fr\/home\/"},{"@type":"ListItem","position":2,"name":"Conditions d&#8217;utilisation"}]},{"@type":"WebSite","@id":"https:\/\/swissmilitarywatches.ch\/fr\/#website","url":"https:\/\/swissmilitarywatches.ch\/fr\/","name":"Swiss Military by Chrono","description":"Official Licensed Product of the Swiss Confederation","publisher":{"@id":"https:\/\/swissmilitarywatches.ch\/fr\/#organization"},"potentialAction":[{"@type":"SearchAction","target":{"@type":"EntryPoint","urlTemplate":"https:\/\/swissmilitarywatches.ch\/fr\/?s={search_term_string}"},"query-input":{"@type":"PropertyValueSpecification","valueRequired":true,"valueName":"search_term_string"}}],"inLanguage":"fr-FR"},{"@type":"Organization","@id":"https:\/\/swissmilitarywatches.ch\/fr\/#organization","name":"Swiss Military by Chrono","url":"https:\/\/swissmilitarywatches.ch\/fr\/","logo":{"@type":"ImageObject","inLanguage":"fr-FR","@id":"https:\/\/swissmilitarywatches.ch\/fr\/#\/schema\/logo\/image\/","url":"https:\/\/swissmilitarywatches.ch\/wp-content\/uploads\/2020\/04\/cropped-SM_logo_512x512px.jpg","contentUrl":"https:\/\/swissmilitarywatches.ch\/wp-content\/uploads\/2020\/04\/cropped-SM_logo_512x512px.jpg","width":512,"height":512,"caption":"Swiss Military by Chrono"},"image":{"@id":"https:\/\/swissmilitarywatches.ch\/fr\/#\/schema\/logo\/image\/"},"sameAs":["https:\/\/m.facebook.com\/swissmilitarybychronoofficial\/","https:\/\/www.instagram.com\/swissmilitarybychrono\/","https:\/\/www.pinterest.ch\/swissmilitarybychrono\/"]}]}},"jetpack_sharing_enabled":true,"_links":{"self":[{"href":"https:\/\/swissmilitarywatches.ch\/fr\/wp-json\/wp\/v2\/pages\/13340","targetHints":{"allow":["GET"]}}],"collection":[{"href":"https:\/\/swissmilitarywatches.ch\/fr\/wp-json\/wp\/v2\/pages"}],"about":[{"href":"https:\/\/swissmilitarywatches.ch\/fr\/wp-json\/wp\/v2\/types\/page"}],"author":[{"embeddable":true,"href":"https:\/\/swissmilitarywatches.ch\/fr\/wp-json\/wp\/v2\/users\/2"}],"replies":[{"embeddable":true,"href":"https:\/\/swissmilitarywatches.ch\/fr\/wp-json\/wp\/v2\/comments?post=13340"}],"version-history":[{"count":3,"href":"https:\/\/swissmilitarywatches.ch\/fr\/wp-json\/wp\/v2\/pages\/13340\/revisions"}],"predecessor-version":[{"id":13351,"href":"https:\/\/swissmilitarywatches.ch\/fr\/wp-json\/wp\/v2\/pages\/13340\/revisions\/13351"}],"wp:attachment":[{"href":"https:\/\/swissmilitarywatches.ch\/fr\/wp-json\/wp\/v2\/media?parent=13340"}],"curies":[{"name":"wp","href":"https:\/\/api.w.org\/{rel}","templated":true}]}}