{"id":8382,"date":"2020-04-09T08:01:04","date_gmt":"2020-04-09T06:01:04","guid":{"rendered":"https:\/\/swissmilitarywatches.ch\/product\/swiss-military-sm34080-03-reloj-militar-tactico-de-hombre\/"},"modified":"2025-12-02T00:00:19","modified_gmt":"2025-12-01T22:00:19","slug":"swiss-military-sm34080-03-es","status":"publish","type":"product","link":"https:\/\/swissmilitarywatches.ch\/es\/tienda\/swiss-military-sm34080-03-es\/","title":{"rendered":"Swiss Military SM34080.03 &#8211; Reloj militar t\u00e1ctico de hombre"},"content":{"rendered":"<p>Este llamativo reloj militar es imprescindible para todas las aventuras al aire libre. El reloj de buceo edici\u00f3n especial de 200 metros viene con caracter\u00edsticas t\u00e1cticas de alta funci\u00f3n. La caja de este reloj militar de hombre est\u00e1 fabricada con acero inoxidable duradero y tiene un plaqueado de PVD negro de alta calidad. Adem\u00e1s, el plaqueado negro est\u00e1 finamente pulido para conseguir un acabado totalmente mate en la caja, el bisel y la pulsera met\u00e1lica. El prominente bisel lleva un punto luminoso situado a las 12 horas y gira unidireccionalmente para ayudar a los buceadores a manejar el tiempo. Como es habitual en cualquier reloj de buceo, la corona se puede atornillar de forma segura en la caja para que el agua no pueda penetrar en la caja del reloj a bajas profundidades de buceo. Sin embargo, lo que convierte a este reloj en un funcional reloj militar t\u00e1ctico son las marcas altamente luminosas de todas las manecillas y marcadores de hora que permiten una gran legibilidad de la esfera del reloj en la oscuridad y bajo el agua. Por supuesto, este reloj militar t\u00e1ctico tiene un cristal de zafiro que no se raya. Est\u00e1 equipado con un movimiento de cron\u00f3grafo Swiss Made y se ensambla a mano en<a href=\"https:\/\/swissmilitarywatches.ch\/es\/marca\/#brand-swiss-made\" target=\"_blank\" rel=\"noopener noreferrer\">nuestro taller de relojer\u00eda.<\/a> Como promesa de nuestra calidad Swiss Military Swiss Made, este reloj est\u00e1 cubierto por <a href=\"https:\/\/swissmilitarywatches.ch\/es\/garantia\/\" target=\"_blank\" rel=\"noopener noreferrer\">una garant\u00eda internacional de 5 a\u00f1os.<\/a><\/p>\n<p><strong>Trigalight\u00ae tecnolog\u00eda de auto-iluminaci\u00f3n<\/strong><\/p>\n<p>Trigalight\u00ae representa la tecnolog\u00eda de auto-iluminaci\u00f3n y las fuentes de luz de tritio gaseoso (GTLS) m\u00e1s peque\u00f1as del mundo. Trigalight\u00ae consisten de sistemas herm\u00e9ticos, que funcionan completamente sin necesidad de luz externa o fuentes de energ\u00eda. Es una tecnolog\u00eda de iluminaci\u00f3n permanente ampliamente utilizada y aprobada.<\/p>\n<p>Este reloj contiene un m\u00e1ximo de 1 GigaBecquerel (GBq) de gas tritio, un elemento radioactivo generado artificialmente que tambi\u00e9n se encuentra en la naturaleza. El tritio gaseoso est\u00e1 encerrado en una peque\u00f1a pieza hueca de vidrio mineral. Por lo tanto, la superficie del reloj est\u00e1 libre de cualquier radiaci\u00f3n porque los electrones no pueden penetrar ni la pared de cristal de la fuente de luz ni la caja del reloj.<\/p>\n<p>Los relojes con tecnolog\u00eda de auto-iluminaci\u00f3n Trigalight\u00ae deben cumplir con los requisitos y directrices de prueba aplicables internacionalmente. Las fuentes de luz del reloj est\u00e1n instaladas de tal manera que el gas tritio no se libera bajo<br \/>\ntensiones mec\u00e1nicas y t\u00e9rmicas. Nuestros relojes con fuentes de tritio cumplen los requisitos para la aprobaci\u00f3n oficial. Su reloj est\u00e1 aprobado por la Oficina Federal de Salud P\u00fablica con el n\u00famero BAG 2020-6.<\/p>\n<p>El reloj \u00abNIGHT LIGHTS\u00bb SWISS MILITARY by Chrono debe ser devuelto al fabricante para su desecho profesional y gratuito.<\/p>\n<p>&nbsp;<\/p>\n","protected":false},"excerpt":{"rendered":"<h2><span style=\"font-size: 80%;\">\u00bfEres un aventurero en tierra y en el agua?<\/span><\/h2>\n<p>Este llamativo reloj militar es imprescindible para todas las aventuras al aire libre. El reloj de buceo edici\u00f3n especial de 200 metros viene con caracter\u00edsticas t\u00e1cticas de alta funci\u00f3n. Sin embargo, lo que convierte a este reloj en un funcional reloj militar t\u00e1ctico son las marcas altamente luminosas en todas las manecillas y marcadores de hora que permiten una gran legibilidad de la esfera del reloj en la oscuridad y bajo el agua.<\/p>\n<p>Adem\u00e1s, este reloj viene con caracter\u00edsticas de alta calidad dignas de un reloj deportivo verdaderamente robusto Swiss Made:<\/p>\n<ul>\n<li>Producci\u00f3n propia Swiss Made<\/li>\n<li>Robusta caja de acero inoxidable<\/li>\n<li>Cristal de zafiro resistente a rayaduras<\/li>\n<li>Trigalight\u00ae tecnolog\u00eda de auto-iluminaci\u00f3n<\/li>\n<li>Resistencia al agua hasta 200M\/20ATM<\/li>\n<li>Corona de tornillo<\/li>\n<li>Swiss Made movement<\/li>\n<li>5 a\u00f1os de garant\u00eda internacional<\/li>\n<\/ul>\n<p><strong>Debido a las directrices de importaci\u00f3n espec\u00edficas de cada pa\u00eds con respecto a los relojes con fuentes de luz de tritio, este reloj s\u00f3lo se puede enviar a las direcciones situadas en los siguientes pa\u00edses: Suiza, Reino Unido, Italia, Irlanda, Hungr\u00eda, Eslovaquia y Letonia. <\/strong><\/p>\n","protected":false},"featured_media":12797,"comment_status":"open","ping_status":"closed","template":"","meta":[],"product_brand":[],"product_cat":[1813,1816,1824,2130,1821,1855],"product_tag":[],"class_list":{"0":"post-8382","1":"product","2":"type-product","3":"status-publish","4":"has-post-thumbnail","6":"product_cat-todos-los-relojes-es","7":"product_cat-relojes-hombre-es","8":"product_cat-relojes-de-cuarzo","9":"product_cat-relojes-con-funciones-especiales","10":"product_cat-night-lights-es","11":"product_cat-sm34080-es","12":"product_shipping_class-envio-flexible-es","14":"first","15":"instock","16":"taxable","17":"shipping-taxable","18":"purchasable","19":"product-type-simple"},"yoast_head":"<!-- This site is optimized with the Yoast SEO Premium plugin v26.6 (Yoast SEO v26.6) - https:\/\/yoast.com\/wordpress\/plugins\/seo\/ -->\n<title>Swiss Military SM34080.03 - Reloj militar t\u00e1ctico de hombre<\/title>\n<meta name=\"description\" content=\"Este reloj de buceo 200M es un robusto reloj militar t\u00e1ctico con marcas altamente luminosas en todas las manecillas y marcadores de hora hechos con tecnolog\u00eda de autoiluminaci\u00f3n Trigalight\u00ae.\" \/>\n<meta name=\"robots\" content=\"index, follow, max-snippet:-1, max-image-preview:large, max-video-preview:-1\" \/>\n<link rel=\"canonical\" href=\"https:\/\/swissmilitarywatches.ch\/es\/tienda\/swiss-military-sm34080-03-es\/\" \/>\n<meta property=\"og:locale\" content=\"es_ES\" \/>\n<meta property=\"og:type\" content=\"article\" \/>\n<meta property=\"og:title\" content=\"Swiss Military SM34080.03 - Reloj militar t\u00e1ctico de hombre\" \/>\n<meta property=\"og:description\" content=\"Este reloj de buceo 200M es un robusto reloj militar t\u00e1ctico con marcas altamente luminosas en todas las manecillas y marcadores de hora hechos con tecnolog\u00eda de autoiluminaci\u00f3n Trigalight\u00ae.\" \/>\n<meta property=\"og:url\" content=\"https:\/\/swissmilitarywatches.ch\/es\/tienda\/swiss-military-sm34080-03-es\/\" \/>\n<meta property=\"og:site_name\" content=\"Swiss Military by Chrono\" \/>\n<meta property=\"article:publisher\" content=\"https:\/\/m.facebook.com\/swissmilitarybychronoofficial\/\" \/>\n<meta property=\"article:modified_time\" content=\"2025-12-01T22:00:19+00:00\" \/>\n<meta property=\"og:image\" content=\"https:\/\/swissmilitarywatches.ch\/wp-content\/uploads\/2020\/04\/SM34080.03.png\" \/>\n\t<meta property=\"og:image:width\" content=\"1300\" \/>\n\t<meta property=\"og:image:height\" content=\"1642\" \/>\n\t<meta property=\"og:image:type\" content=\"image\/png\" \/>\n<meta name=\"twitter:card\" content=\"summary_large_image\" \/>\n<meta name=\"twitter:label1\" content=\"Precio\" \/>\n\t<meta name=\"twitter:data1\" content=\"&euro;549.00 con IVA\" \/>\n\t<meta name=\"twitter:label2\" content=\"Disponibilidad\" \/>\n\t<meta name=\"twitter:data2\" content=\"Disponible\" \/>\n<script type=\"application\/ld+json\" class=\"yoast-schema-graph\">{\"@context\":\"https:\/\/schema.org\",\"@graph\":[{\"@type\":\"WebPage\",\"@id\":\"https:\/\/swissmilitarywatches.ch\/es\/tienda\/swiss-military-sm34080-03-es\/\",\"url\":\"https:\/\/swissmilitarywatches.ch\/es\/tienda\/swiss-military-sm34080-03-es\/\",\"name\":\"Swiss Military SM34080.03 - Reloj militar t\u00e1ctico de hombre\",\"isPartOf\":{\"@id\":\"https:\/\/swissmilitarywatches.ch\/es\/#website\"},\"primaryImageOfPage\":{\"@id\":\"https:\/\/swissmilitarywatches.ch\/es\/tienda\/swiss-military-sm34080-03-es\/#primaryimage\"},\"image\":{\"@id\":\"https:\/\/swissmilitarywatches.ch\/es\/tienda\/swiss-military-sm34080-03-es\/#primaryimage\"},\"thumbnailUrl\":\"https:\/\/swissmilitarywatches.ch\/wp-content\/uploads\/2023\/01\/PKG.SM0015_open.png\",\"datePublished\":\"2020-04-09T06:01:04+00:00\",\"dateModified\":\"2025-12-01T22:00:19+00:00\",\"description\":\"Este reloj de buceo 200M es un robusto reloj militar t\u00e1ctico con marcas altamente luminosas en todas las manecillas y marcadores de hora hechos con tecnolog\u00eda de autoiluminaci\u00f3n Trigalight\u00ae.\",\"breadcrumb\":{\"@id\":\"https:\/\/swissmilitarywatches.ch\/es\/tienda\/swiss-military-sm34080-03-es\/#breadcrumb\"},\"inLanguage\":\"es\",\"potentialAction\":[{\"@type\":\"ReadAction\",\"target\":[\"https:\/\/swissmilitarywatches.ch\/es\/tienda\/swiss-military-sm34080-03-es\/\"]}]},{\"@type\":\"ImageObject\",\"inLanguage\":\"es\",\"@id\":\"https:\/\/swissmilitarywatches.ch\/es\/tienda\/swiss-military-sm34080-03-es\/#primaryimage\",\"url\":\"https:\/\/swissmilitarywatches.ch\/wp-content\/uploads\/2023\/01\/PKG.SM0015_open.png\",\"contentUrl\":\"https:\/\/swissmilitarywatches.ch\/wp-content\/uploads\/2023\/01\/PKG.SM0015_open.png\",\"width\":1300,\"height\":1642,\"caption\":\"PKG.SM0015_abrir\"},{\"@type\":\"BreadcrumbList\",\"@id\":\"https:\/\/swissmilitarywatches.ch\/es\/tienda\/swiss-military-sm34080-03-es\/#breadcrumb\",\"itemListElement\":[{\"@type\":\"ListItem\",\"position\":1,\"name\":\"Home\",\"item\":\"https:\/\/swissmilitarywatches.ch\/es\/pagina-principal-2\/\"},{\"@type\":\"ListItem\",\"position\":2,\"name\":\"Tienda\",\"item\":\"https:\/\/swissmilitarywatches.ch\/es\/tienda\/\"},{\"@type\":\"ListItem\",\"position\":3,\"name\":\"Todos los relojes\",\"item\":\"https:\/\/swissmilitarywatches.ch\/es\/categoria-de-producto\/todos-los-relojes-es\/\"},{\"@type\":\"ListItem\",\"position\":4,\"name\":\"Relojes de hombre\",\"item\":\"https:\/\/swissmilitarywatches.ch\/es\/categoria-de-producto\/todos-los-relojes-es\/relojes-hombre-es\/\"},{\"@type\":\"ListItem\",\"position\":5,\"name\":\"Relojes con funciones especiales\",\"item\":\"https:\/\/swissmilitarywatches.ch\/es\/categoria-de-producto\/todos-los-relojes-es\/relojes-hombre-es\/relojes-con-funciones-especiales\/\"},{\"@type\":\"ListItem\",\"position\":6,\"name\":\"Swiss Military SM34080.03 &#8211; Reloj militar t\u00e1ctico de hombre\"}]},{\"@type\":\"WebSite\",\"@id\":\"https:\/\/swissmilitarywatches.ch\/es\/#website\",\"url\":\"https:\/\/swissmilitarywatches.ch\/es\/\",\"name\":\"Swiss Military by Chrono\",\"description\":\"Official Licensed Product of the Swiss Confederation\",\"publisher\":{\"@id\":\"https:\/\/swissmilitarywatches.ch\/es\/#organization\"},\"potentialAction\":[{\"@type\":\"SearchAction\",\"target\":{\"@type\":\"EntryPoint\",\"urlTemplate\":\"https:\/\/swissmilitarywatches.ch\/es\/?s={search_term_string}\"},\"query-input\":{\"@type\":\"PropertyValueSpecification\",\"valueRequired\":true,\"valueName\":\"search_term_string\"}}],\"inLanguage\":\"es\"},{\"@type\":\"Organization\",\"@id\":\"https:\/\/swissmilitarywatches.ch\/es\/#organization\",\"name\":\"Swiss Military by Chrono\",\"url\":\"https:\/\/swissmilitarywatches.ch\/es\/\",\"logo\":{\"@type\":\"ImageObject\",\"inLanguage\":\"es\",\"@id\":\"https:\/\/swissmilitarywatches.ch\/es\/#\/schema\/logo\/image\/\",\"url\":\"https:\/\/swissmilitarywatches.ch\/wp-content\/uploads\/2020\/04\/cropped-SM_logo_512x512px.jpg\",\"contentUrl\":\"https:\/\/swissmilitarywatches.ch\/wp-content\/uploads\/2020\/04\/cropped-SM_logo_512x512px.jpg\",\"width\":512,\"height\":512,\"caption\":\"Swiss Military by Chrono\"},\"image\":{\"@id\":\"https:\/\/swissmilitarywatches.ch\/es\/#\/schema\/logo\/image\/\"},\"sameAs\":[\"https:\/\/m.facebook.com\/swissmilitarybychronoofficial\/\",\"https:\/\/www.instagram.com\/swissmilitarybychrono\/\",\"https:\/\/www.pinterest.ch\/swissmilitarybychrono\/\"]}]}<\/script>\n<meta property=\"product:brand\" content=\"Swiss Military by Chrono\" \/>\n<meta property=\"product:price:amount\" content=\"549.00\" \/>\n<meta property=\"product:price:currency\" content=\"EUR\" \/>\n<meta property=\"og:availability\" content=\"instock\" \/>\n<meta property=\"product:availability\" content=\"instock\" \/>\n<meta property=\"product:retailer_item_id\" content=\"SM34080.03\" \/>\n<meta property=\"product:condition\" content=\"new\" \/>\n<!-- \/ Yoast SEO Premium plugin. -->","yoast_head_json":{"title":"Swiss Military SM34080.03 - Reloj militar t\u00e1ctico de hombre","description":"Este reloj de buceo 200M es un robusto reloj militar t\u00e1ctico con marcas altamente luminosas en todas las manecillas y marcadores de hora hechos con tecnolog\u00eda de autoiluminaci\u00f3n Trigalight\u00ae.","robots":{"index":"index","follow":"follow","max-snippet":"max-snippet:-1","max-image-preview":"max-image-preview:large","max-video-preview":"max-video-preview:-1"},"canonical":"https:\/\/swissmilitarywatches.ch\/es\/tienda\/swiss-military-sm34080-03-es\/","og_locale":"es_ES","og_type":"article","og_title":"Swiss Military SM34080.03 - Reloj militar t\u00e1ctico de hombre","og_description":"Este reloj de buceo 200M es un robusto reloj militar t\u00e1ctico con marcas altamente luminosas en todas las manecillas y marcadores de hora hechos con tecnolog\u00eda de autoiluminaci\u00f3n Trigalight\u00ae.","og_url":"https:\/\/swissmilitarywatches.ch\/es\/tienda\/swiss-military-sm34080-03-es\/","og_site_name":"Swiss Military by Chrono","article_publisher":"https:\/\/m.facebook.com\/swissmilitarybychronoofficial\/","article_modified_time":"2025-12-01T22:00:19+00:00","og_image":[{"width":1300,"height":1642,"url":"https:\/\/swissmilitarywatches.ch\/wp-content\/uploads\/2020\/04\/SM34080.03.png","type":"image\/png"}],"twitter_card":"summary_large_image","twitter_misc":{"Precio":"&euro;549.00 con IVA","Disponibilidad":"Disponible"},"schema":{"@context":"https:\/\/schema.org","@graph":[{"@type":"WebPage","@id":"https:\/\/swissmilitarywatches.ch\/es\/tienda\/swiss-military-sm34080-03-es\/","url":"https:\/\/swissmilitarywatches.ch\/es\/tienda\/swiss-military-sm34080-03-es\/","name":"Swiss Military SM34080.03 - Reloj militar t\u00e1ctico de hombre","isPartOf":{"@id":"https:\/\/swissmilitarywatches.ch\/es\/#website"},"primaryImageOfPage":{"@id":"https:\/\/swissmilitarywatches.ch\/es\/tienda\/swiss-military-sm34080-03-es\/#primaryimage"},"image":{"@id":"https:\/\/swissmilitarywatches.ch\/es\/tienda\/swiss-military-sm34080-03-es\/#primaryimage"},"thumbnailUrl":"https:\/\/swissmilitarywatches.ch\/wp-content\/uploads\/2023\/01\/PKG.SM0015_open.png","datePublished":"2020-04-09T06:01:04+00:00","dateModified":"2025-12-01T22:00:19+00:00","description":"Este reloj de buceo 200M es un robusto reloj militar t\u00e1ctico con marcas altamente luminosas en todas las manecillas y marcadores de hora hechos con tecnolog\u00eda de autoiluminaci\u00f3n Trigalight\u00ae.","breadcrumb":{"@id":"https:\/\/swissmilitarywatches.ch\/es\/tienda\/swiss-military-sm34080-03-es\/#breadcrumb"},"inLanguage":"es","potentialAction":[{"@type":"ReadAction","target":["https:\/\/swissmilitarywatches.ch\/es\/tienda\/swiss-military-sm34080-03-es\/"]}]},{"@type":"ImageObject","inLanguage":"es","@id":"https:\/\/swissmilitarywatches.ch\/es\/tienda\/swiss-military-sm34080-03-es\/#primaryimage","url":"https:\/\/swissmilitarywatches.ch\/wp-content\/uploads\/2023\/01\/PKG.SM0015_open.png","contentUrl":"https:\/\/swissmilitarywatches.ch\/wp-content\/uploads\/2023\/01\/PKG.SM0015_open.png","width":1300,"height":1642,"caption":"PKG.SM0015_abrir"},{"@type":"BreadcrumbList","@id":"https:\/\/swissmilitarywatches.ch\/es\/tienda\/swiss-military-sm34080-03-es\/#breadcrumb","itemListElement":[{"@type":"ListItem","position":1,"name":"Home","item":"https:\/\/swissmilitarywatches.ch\/es\/pagina-principal-2\/"},{"@type":"ListItem","position":2,"name":"Tienda","item":"https:\/\/swissmilitarywatches.ch\/es\/tienda\/"},{"@type":"ListItem","position":3,"name":"Todos los relojes","item":"https:\/\/swissmilitarywatches.ch\/es\/categoria-de-producto\/todos-los-relojes-es\/"},{"@type":"ListItem","position":4,"name":"Relojes de hombre","item":"https:\/\/swissmilitarywatches.ch\/es\/categoria-de-producto\/todos-los-relojes-es\/relojes-hombre-es\/"},{"@type":"ListItem","position":5,"name":"Relojes con funciones especiales","item":"https:\/\/swissmilitarywatches.ch\/es\/categoria-de-producto\/todos-los-relojes-es\/relojes-hombre-es\/relojes-con-funciones-especiales\/"},{"@type":"ListItem","position":6,"name":"Swiss Military SM34080.03 &#8211; Reloj militar t\u00e1ctico de hombre"}]},{"@type":"WebSite","@id":"https:\/\/swissmilitarywatches.ch\/es\/#website","url":"https:\/\/swissmilitarywatches.ch\/es\/","name":"Swiss Military by Chrono","description":"Official Licensed Product of the Swiss Confederation","publisher":{"@id":"https:\/\/swissmilitarywatches.ch\/es\/#organization"},"potentialAction":[{"@type":"SearchAction","target":{"@type":"EntryPoint","urlTemplate":"https:\/\/swissmilitarywatches.ch\/es\/?s={search_term_string}"},"query-input":{"@type":"PropertyValueSpecification","valueRequired":true,"valueName":"search_term_string"}}],"inLanguage":"es"},{"@type":"Organization","@id":"https:\/\/swissmilitarywatches.ch\/es\/#organization","name":"Swiss Military by Chrono","url":"https:\/\/swissmilitarywatches.ch\/es\/","logo":{"@type":"ImageObject","inLanguage":"es","@id":"https:\/\/swissmilitarywatches.ch\/es\/#\/schema\/logo\/image\/","url":"https:\/\/swissmilitarywatches.ch\/wp-content\/uploads\/2020\/04\/cropped-SM_logo_512x512px.jpg","contentUrl":"https:\/\/swissmilitarywatches.ch\/wp-content\/uploads\/2020\/04\/cropped-SM_logo_512x512px.jpg","width":512,"height":512,"caption":"Swiss Military by Chrono"},"image":{"@id":"https:\/\/swissmilitarywatches.ch\/es\/#\/schema\/logo\/image\/"},"sameAs":["https:\/\/m.facebook.com\/swissmilitarybychronoofficial\/","https:\/\/www.instagram.com\/swissmilitarybychrono\/","https:\/\/www.pinterest.ch\/swissmilitarybychrono\/"]}]},"product_brand":"Swiss Military by Chrono","product_price_amount":"549.00","product_price_currency":"EUR","og_availability":"instock","product_availability":"instock","product_retailer_item_id":"SM34080.03","product_condition":"new"},"jetpack_sharing_enabled":true,"_links":{"self":[{"href":"https:\/\/swissmilitarywatches.ch\/es\/wp-json\/wp\/v2\/product\/8382","targetHints":{"allow":["GET"]}}],"collection":[{"href":"https:\/\/swissmilitarywatches.ch\/es\/wp-json\/wp\/v2\/product"}],"about":[{"href":"https:\/\/swissmilitarywatches.ch\/es\/wp-json\/wp\/v2\/types\/product"}],"replies":[{"embeddable":true,"href":"https:\/\/swissmilitarywatches.ch\/es\/wp-json\/wp\/v2\/comments?post=8382"}],"wp:featuredmedia":[{"embeddable":true,"href":"https:\/\/swissmilitarywatches.ch\/es\/wp-json\/wp\/v2\/media\/12797"}],"wp:attachment":[{"href":"https:\/\/swissmilitarywatches.ch\/es\/wp-json\/wp\/v2\/media?parent=8382"}],"wp:term":[{"taxonomy":"product_brand","embeddable":true,"href":"https:\/\/swissmilitarywatches.ch\/es\/wp-json\/wp\/v2\/product_brand?post=8382"},{"taxonomy":"product_cat","embeddable":true,"href":"https:\/\/swissmilitarywatches.ch\/es\/wp-json\/wp\/v2\/product_cat?post=8382"},{"taxonomy":"product_tag","embeddable":true,"href":"https:\/\/swissmilitarywatches.ch\/es\/wp-json\/wp\/v2\/product_tag?post=8382"}],"curies":[{"name":"wp","href":"https:\/\/api.w.org\/{rel}","templated":true}]}}