{"id":8302,"date":"2020-04-14T09:37:12","date_gmt":"2020-04-14T07:37:12","guid":{"rendered":"https:\/\/swissmilitarywatches.ch\/product\/swiss-military-sm30200-29-reloj-clasico-swiss-made-de-hombre\/"},"modified":"2025-12-02T00:00:43","modified_gmt":"2025-12-01T22:00:43","slug":"swiss-military-sm30200-29-es","status":"publish","type":"product","link":"https:\/\/swissmilitarywatches.ch\/es\/tienda\/swiss-military-sm30200-29-es\/","title":{"rendered":"Swiss Military SM30200.29 &#8211; Reloj cl\u00e1sico Swiss Made de hombre"},"content":{"rendered":"<p>Este reloj cl\u00e1sico no puede faltar en la colecci\u00f3n de relojes de cualquier hombre. No s\u00f3lo es un compa\u00f1ero perfecto y atemporal, sino que tambi\u00e9n es seguro que va a combinar con cualquier situaci\u00f3n de vestimenta que pueda encontrar. La elegante caja dorada tiene un plaqueado de PVD y se ha pulido finamente para conseguir un acabado mate, mientras que el bisel queda brillante para conseguir una atracci\u00f3n visual. Una esfera blanca atemporal con n\u00fameros ar\u00e1bicos y manecillas doradas completa el estilo cl\u00e1sico del reloj.<\/p>\n<p>Fiel a nuestro concepto de relojer\u00eda Swiss Made, la caja de este reloj dorado cl\u00e1sico est\u00e1 hecha de acero inoxidable duradero y viene con una pulsera de cuero negro genuino. Un cristal de zafiro que no se raya cubre la esfera blanca del reloj. Todos los indicadores de hora, as\u00ed como las manecillas de la hora y de los minutos, son luminosos y brillan en la oscuridad. Este reloj cl\u00e1sico de hombre est\u00e1 equipado con un movimiento de cuarzo Swiss Made de alta precisi\u00f3n y se ensambla a mano en<a href=\"https:\/\/swissmilitarywatches.ch\/es\/marca\/#brand-swiss-made\">nuestro taller de relojer\u00eda.<\/a> Como promesa de nuestra calidad Swiss Military Swiss Made, este reloj est\u00e1 cubierto por <a href=\"https:\/\/swissmilitarywatches.ch\/es\/garantia\/\">una garant\u00eda internacional de 5 a\u00f1os.<\/a><\/p>\n<p>&nbsp;<\/p>\n","protected":false},"excerpt":{"rendered":"<h2><span style=\"font-size: 80%;\">El reloj cl\u00e1sico militar suizo supremo para hombres<\/span><\/h2>\n<p>Este reloj cl\u00e1sico es el compa\u00f1ero perfecto y atemporal que no puede faltar en la colecci\u00f3n de relojes de cualquier hombre. El elegante modelo dorado tiene una esfera blanca con n\u00fameros ar\u00e1bigos y manecillas cl\u00e1sicas.<\/p>\n<p>Adem\u00e1s, este reloj de hombre tradicional est\u00e1 fabricado con todas nuestras caracter\u00edsticas de calidad Swiss Made:<\/p>\n<ul>\n<li>Producci\u00f3n propia Swiss Made<\/li>\n<li>Caja de acero inoxidable<\/li>\n<li>Cristal de zafiro<\/li>\n<li>Resistencia al agua hasta 100M\/10ATM<\/li>\n<li>Movimiento de cuarzo de alta precisi\u00f3n Swiss Made<\/li>\n<li>5 a\u00f1os de garant\u00eda internacional<\/li>\n<\/ul>\n","protected":false},"featured_media":19277,"comment_status":"open","ping_status":"closed","template":"","meta":[],"product_brand":[],"product_cat":[1813,1816,1824,1827],"product_tag":[],"class_list":{"0":"post-8302","1":"product","2":"type-product","3":"status-publish","4":"has-post-thumbnail","6":"product_cat-todos-los-relojes-es","7":"product_cat-relojes-hombre-es","8":"product_cat-relojes-de-cuarzo","9":"product_cat-sm30200-es","10":"product_shipping_class-envio-flexible-es","12":"first","13":"instock","14":"taxable","15":"shipping-taxable","16":"purchasable","17":"product-type-simple"},"yoast_head":"<!-- This site is optimized with the Yoast SEO Premium plugin v26.6 (Yoast SEO v26.6) - https:\/\/yoast.com\/wordpress\/plugins\/seo\/ -->\n<title>Swiss Military SM30200.29 - Reloj cl\u00e1sico Swiss Made de hombre<\/title>\n<meta name=\"description\" content=\"Este reloj cl\u00e1sico Swiss Made de hombre con esfera blanca es el compa\u00f1ero perfecto y atemporal que no puede faltar en la colecci\u00f3n de relojes de cualquier hombre.\" \/>\n<meta name=\"robots\" content=\"index, follow, max-snippet:-1, max-image-preview:large, max-video-preview:-1\" \/>\n<link rel=\"canonical\" href=\"https:\/\/swissmilitarywatches.ch\/es\/tienda\/swiss-military-sm30200-29-es\/\" \/>\n<meta property=\"og:locale\" content=\"es_ES\" \/>\n<meta property=\"og:type\" content=\"article\" \/>\n<meta property=\"og:title\" content=\"Swiss Military SM30200.29 - Reloj cl\u00e1sico Swiss Made de hombre\" \/>\n<meta property=\"og:description\" content=\"Este reloj cl\u00e1sico Swiss Made de hombre con esfera blanca es el compa\u00f1ero perfecto y atemporal que no puede faltar en la colecci\u00f3n de relojes de cualquier hombre.\" \/>\n<meta property=\"og:url\" content=\"https:\/\/swissmilitarywatches.ch\/es\/tienda\/swiss-military-sm30200-29-es\/\" \/>\n<meta property=\"og:site_name\" content=\"Swiss Military by Chrono\" \/>\n<meta property=\"article:publisher\" content=\"https:\/\/m.facebook.com\/swissmilitarybychronoofficial\/\" \/>\n<meta property=\"article:modified_time\" content=\"2025-12-01T22:00:43+00:00\" \/>\n<meta property=\"og:image\" content=\"https:\/\/swissmilitarywatches.ch\/wp-content\/uploads\/2024\/03\/SM30200.29.png\" \/>\n\t<meta property=\"og:image:width\" content=\"1300\" \/>\n\t<meta property=\"og:image:height\" content=\"1642\" \/>\n\t<meta property=\"og:image:type\" content=\"image\/png\" \/>\n<meta name=\"twitter:card\" content=\"summary_large_image\" \/>\n<meta name=\"twitter:label1\" content=\"Precio\" \/>\n\t<meta name=\"twitter:data1\" content=\"&euro;249.00 con IVA\" \/>\n\t<meta name=\"twitter:label2\" content=\"Disponibilidad\" \/>\n\t<meta name=\"twitter:data2\" content=\"Disponible\" \/>\n<script type=\"application\/ld+json\" class=\"yoast-schema-graph\">{\"@context\":\"https:\/\/schema.org\",\"@graph\":[{\"@type\":\"WebPage\",\"@id\":\"https:\/\/swissmilitarywatches.ch\/es\/tienda\/swiss-military-sm30200-29-es\/\",\"url\":\"https:\/\/swissmilitarywatches.ch\/es\/tienda\/swiss-military-sm30200-29-es\/\",\"name\":\"Swiss Military SM30200.29 - Reloj cl\u00e1sico Swiss Made de hombre\",\"isPartOf\":{\"@id\":\"https:\/\/swissmilitarywatches.ch\/es\/#website\"},\"primaryImageOfPage\":{\"@id\":\"https:\/\/swissmilitarywatches.ch\/es\/tienda\/swiss-military-sm30200-29-es\/#primaryimage\"},\"image\":{\"@id\":\"https:\/\/swissmilitarywatches.ch\/es\/tienda\/swiss-military-sm30200-29-es\/#primaryimage\"},\"thumbnailUrl\":\"https:\/\/swissmilitarywatches.ch\/wp-content\/uploads\/2024\/03\/SM30200.29.png\",\"datePublished\":\"2020-04-14T07:37:12+00:00\",\"dateModified\":\"2025-12-01T22:00:43+00:00\",\"description\":\"Este reloj cl\u00e1sico Swiss Made de hombre con esfera blanca es el compa\u00f1ero perfecto y atemporal que no puede faltar en la colecci\u00f3n de relojes de cualquier hombre.\",\"breadcrumb\":{\"@id\":\"https:\/\/swissmilitarywatches.ch\/es\/tienda\/swiss-military-sm30200-29-es\/#breadcrumb\"},\"inLanguage\":\"es\",\"potentialAction\":[{\"@type\":\"ReadAction\",\"target\":[\"https:\/\/swissmilitarywatches.ch\/es\/tienda\/swiss-military-sm30200-29-es\/\"]}]},{\"@type\":\"ImageObject\",\"inLanguage\":\"es\",\"@id\":\"https:\/\/swissmilitarywatches.ch\/es\/tienda\/swiss-military-sm30200-29-es\/#primaryimage\",\"url\":\"https:\/\/swissmilitarywatches.ch\/wp-content\/uploads\/2024\/03\/SM30200.29.png\",\"contentUrl\":\"https:\/\/swissmilitarywatches.ch\/wp-content\/uploads\/2024\/03\/SM30200.29.png\",\"width\":1300,\"height\":1642},{\"@type\":\"BreadcrumbList\",\"@id\":\"https:\/\/swissmilitarywatches.ch\/es\/tienda\/swiss-military-sm30200-29-es\/#breadcrumb\",\"itemListElement\":[{\"@type\":\"ListItem\",\"position\":1,\"name\":\"Home\",\"item\":\"https:\/\/swissmilitarywatches.ch\/es\/pagina-principal-2\/\"},{\"@type\":\"ListItem\",\"position\":2,\"name\":\"Tienda\",\"item\":\"https:\/\/swissmilitarywatches.ch\/es\/tienda\/\"},{\"@type\":\"ListItem\",\"position\":3,\"name\":\"Todos los relojes\",\"item\":\"https:\/\/swissmilitarywatches.ch\/es\/categoria-de-producto\/todos-los-relojes-es\/\"},{\"@type\":\"ListItem\",\"position\":4,\"name\":\"Relojes de hombre\",\"item\":\"https:\/\/swissmilitarywatches.ch\/es\/categoria-de-producto\/todos-los-relojes-es\/relojes-hombre-es\/\"},{\"@type\":\"ListItem\",\"position\":5,\"name\":\"Relojes de cuarzo\",\"item\":\"https:\/\/swissmilitarywatches.ch\/es\/categoria-de-producto\/todos-los-relojes-es\/relojes-hombre-es\/relojes-de-cuarzo\/\"},{\"@type\":\"ListItem\",\"position\":6,\"name\":\"Swiss Military SM30200.29 &#8211; Reloj cl\u00e1sico Swiss Made de hombre\"}]},{\"@type\":\"WebSite\",\"@id\":\"https:\/\/swissmilitarywatches.ch\/es\/#website\",\"url\":\"https:\/\/swissmilitarywatches.ch\/es\/\",\"name\":\"Swiss Military by Chrono\",\"description\":\"Official Licensed Product of the Swiss Confederation\",\"publisher\":{\"@id\":\"https:\/\/swissmilitarywatches.ch\/es\/#organization\"},\"potentialAction\":[{\"@type\":\"SearchAction\",\"target\":{\"@type\":\"EntryPoint\",\"urlTemplate\":\"https:\/\/swissmilitarywatches.ch\/es\/?s={search_term_string}\"},\"query-input\":{\"@type\":\"PropertyValueSpecification\",\"valueRequired\":true,\"valueName\":\"search_term_string\"}}],\"inLanguage\":\"es\"},{\"@type\":\"Organization\",\"@id\":\"https:\/\/swissmilitarywatches.ch\/es\/#organization\",\"name\":\"Swiss Military by Chrono\",\"url\":\"https:\/\/swissmilitarywatches.ch\/es\/\",\"logo\":{\"@type\":\"ImageObject\",\"inLanguage\":\"es\",\"@id\":\"https:\/\/swissmilitarywatches.ch\/es\/#\/schema\/logo\/image\/\",\"url\":\"https:\/\/swissmilitarywatches.ch\/wp-content\/uploads\/2020\/04\/cropped-SM_logo_512x512px.jpg\",\"contentUrl\":\"https:\/\/swissmilitarywatches.ch\/wp-content\/uploads\/2020\/04\/cropped-SM_logo_512x512px.jpg\",\"width\":512,\"height\":512,\"caption\":\"Swiss Military by Chrono\"},\"image\":{\"@id\":\"https:\/\/swissmilitarywatches.ch\/es\/#\/schema\/logo\/image\/\"},\"sameAs\":[\"https:\/\/m.facebook.com\/swissmilitarybychronoofficial\/\",\"https:\/\/www.instagram.com\/swissmilitarybychrono\/\",\"https:\/\/www.pinterest.ch\/swissmilitarybychrono\/\"]}]}<\/script>\n<meta property=\"product:brand\" content=\"Swiss Military by Chrono\" \/>\n<meta property=\"product:price:amount\" content=\"249.00\" \/>\n<meta property=\"product:price:currency\" content=\"EUR\" \/>\n<meta property=\"og:availability\" content=\"instock\" \/>\n<meta property=\"product:availability\" content=\"instock\" \/>\n<meta property=\"product:retailer_item_id\" content=\"SM30200.29\" \/>\n<meta property=\"product:condition\" content=\"new\" \/>\n<!-- \/ Yoast SEO Premium plugin. -->","yoast_head_json":{"title":"Swiss Military SM30200.29 - Reloj cl\u00e1sico Swiss Made de hombre","description":"Este reloj cl\u00e1sico Swiss Made de hombre con esfera blanca es el compa\u00f1ero perfecto y atemporal que no puede faltar en la colecci\u00f3n de relojes de cualquier hombre.","robots":{"index":"index","follow":"follow","max-snippet":"max-snippet:-1","max-image-preview":"max-image-preview:large","max-video-preview":"max-video-preview:-1"},"canonical":"https:\/\/swissmilitarywatches.ch\/es\/tienda\/swiss-military-sm30200-29-es\/","og_locale":"es_ES","og_type":"article","og_title":"Swiss Military SM30200.29 - Reloj cl\u00e1sico Swiss Made de hombre","og_description":"Este reloj cl\u00e1sico Swiss Made de hombre con esfera blanca es el compa\u00f1ero perfecto y atemporal que no puede faltar en la colecci\u00f3n de relojes de cualquier hombre.","og_url":"https:\/\/swissmilitarywatches.ch\/es\/tienda\/swiss-military-sm30200-29-es\/","og_site_name":"Swiss Military by Chrono","article_publisher":"https:\/\/m.facebook.com\/swissmilitarybychronoofficial\/","article_modified_time":"2025-12-01T22:00:43+00:00","og_image":[{"width":1300,"height":1642,"url":"https:\/\/swissmilitarywatches.ch\/wp-content\/uploads\/2024\/03\/SM30200.29.png","type":"image\/png"}],"twitter_card":"summary_large_image","twitter_misc":{"Precio":"&euro;249.00 con IVA","Disponibilidad":"Disponible"},"schema":{"@context":"https:\/\/schema.org","@graph":[{"@type":"WebPage","@id":"https:\/\/swissmilitarywatches.ch\/es\/tienda\/swiss-military-sm30200-29-es\/","url":"https:\/\/swissmilitarywatches.ch\/es\/tienda\/swiss-military-sm30200-29-es\/","name":"Swiss Military SM30200.29 - Reloj cl\u00e1sico Swiss Made de hombre","isPartOf":{"@id":"https:\/\/swissmilitarywatches.ch\/es\/#website"},"primaryImageOfPage":{"@id":"https:\/\/swissmilitarywatches.ch\/es\/tienda\/swiss-military-sm30200-29-es\/#primaryimage"},"image":{"@id":"https:\/\/swissmilitarywatches.ch\/es\/tienda\/swiss-military-sm30200-29-es\/#primaryimage"},"thumbnailUrl":"https:\/\/swissmilitarywatches.ch\/wp-content\/uploads\/2024\/03\/SM30200.29.png","datePublished":"2020-04-14T07:37:12+00:00","dateModified":"2025-12-01T22:00:43+00:00","description":"Este reloj cl\u00e1sico Swiss Made de hombre con esfera blanca es el compa\u00f1ero perfecto y atemporal que no puede faltar en la colecci\u00f3n de relojes de cualquier hombre.","breadcrumb":{"@id":"https:\/\/swissmilitarywatches.ch\/es\/tienda\/swiss-military-sm30200-29-es\/#breadcrumb"},"inLanguage":"es","potentialAction":[{"@type":"ReadAction","target":["https:\/\/swissmilitarywatches.ch\/es\/tienda\/swiss-military-sm30200-29-es\/"]}]},{"@type":"ImageObject","inLanguage":"es","@id":"https:\/\/swissmilitarywatches.ch\/es\/tienda\/swiss-military-sm30200-29-es\/#primaryimage","url":"https:\/\/swissmilitarywatches.ch\/wp-content\/uploads\/2024\/03\/SM30200.29.png","contentUrl":"https:\/\/swissmilitarywatches.ch\/wp-content\/uploads\/2024\/03\/SM30200.29.png","width":1300,"height":1642},{"@type":"BreadcrumbList","@id":"https:\/\/swissmilitarywatches.ch\/es\/tienda\/swiss-military-sm30200-29-es\/#breadcrumb","itemListElement":[{"@type":"ListItem","position":1,"name":"Home","item":"https:\/\/swissmilitarywatches.ch\/es\/pagina-principal-2\/"},{"@type":"ListItem","position":2,"name":"Tienda","item":"https:\/\/swissmilitarywatches.ch\/es\/tienda\/"},{"@type":"ListItem","position":3,"name":"Todos los relojes","item":"https:\/\/swissmilitarywatches.ch\/es\/categoria-de-producto\/todos-los-relojes-es\/"},{"@type":"ListItem","position":4,"name":"Relojes de hombre","item":"https:\/\/swissmilitarywatches.ch\/es\/categoria-de-producto\/todos-los-relojes-es\/relojes-hombre-es\/"},{"@type":"ListItem","position":5,"name":"Relojes de cuarzo","item":"https:\/\/swissmilitarywatches.ch\/es\/categoria-de-producto\/todos-los-relojes-es\/relojes-hombre-es\/relojes-de-cuarzo\/"},{"@type":"ListItem","position":6,"name":"Swiss Military SM30200.29 &#8211; Reloj cl\u00e1sico Swiss Made de hombre"}]},{"@type":"WebSite","@id":"https:\/\/swissmilitarywatches.ch\/es\/#website","url":"https:\/\/swissmilitarywatches.ch\/es\/","name":"Swiss Military by Chrono","description":"Official Licensed Product of the Swiss Confederation","publisher":{"@id":"https:\/\/swissmilitarywatches.ch\/es\/#organization"},"potentialAction":[{"@type":"SearchAction","target":{"@type":"EntryPoint","urlTemplate":"https:\/\/swissmilitarywatches.ch\/es\/?s={search_term_string}"},"query-input":{"@type":"PropertyValueSpecification","valueRequired":true,"valueName":"search_term_string"}}],"inLanguage":"es"},{"@type":"Organization","@id":"https:\/\/swissmilitarywatches.ch\/es\/#organization","name":"Swiss Military by Chrono","url":"https:\/\/swissmilitarywatches.ch\/es\/","logo":{"@type":"ImageObject","inLanguage":"es","@id":"https:\/\/swissmilitarywatches.ch\/es\/#\/schema\/logo\/image\/","url":"https:\/\/swissmilitarywatches.ch\/wp-content\/uploads\/2020\/04\/cropped-SM_logo_512x512px.jpg","contentUrl":"https:\/\/swissmilitarywatches.ch\/wp-content\/uploads\/2020\/04\/cropped-SM_logo_512x512px.jpg","width":512,"height":512,"caption":"Swiss Military by Chrono"},"image":{"@id":"https:\/\/swissmilitarywatches.ch\/es\/#\/schema\/logo\/image\/"},"sameAs":["https:\/\/m.facebook.com\/swissmilitarybychronoofficial\/","https:\/\/www.instagram.com\/swissmilitarybychrono\/","https:\/\/www.pinterest.ch\/swissmilitarybychrono\/"]}]},"product_brand":"Swiss Military by Chrono","product_price_amount":"249.00","product_price_currency":"EUR","og_availability":"instock","product_availability":"instock","product_retailer_item_id":"SM30200.29","product_condition":"new"},"jetpack_sharing_enabled":true,"_links":{"self":[{"href":"https:\/\/swissmilitarywatches.ch\/es\/wp-json\/wp\/v2\/product\/8302","targetHints":{"allow":["GET"]}}],"collection":[{"href":"https:\/\/swissmilitarywatches.ch\/es\/wp-json\/wp\/v2\/product"}],"about":[{"href":"https:\/\/swissmilitarywatches.ch\/es\/wp-json\/wp\/v2\/types\/product"}],"replies":[{"embeddable":true,"href":"https:\/\/swissmilitarywatches.ch\/es\/wp-json\/wp\/v2\/comments?post=8302"}],"wp:featuredmedia":[{"embeddable":true,"href":"https:\/\/swissmilitarywatches.ch\/es\/wp-json\/wp\/v2\/media\/19277"}],"wp:attachment":[{"href":"https:\/\/swissmilitarywatches.ch\/es\/wp-json\/wp\/v2\/media?parent=8302"}],"wp:term":[{"taxonomy":"product_brand","embeddable":true,"href":"https:\/\/swissmilitarywatches.ch\/es\/wp-json\/wp\/v2\/product_brand?post=8302"},{"taxonomy":"product_cat","embeddable":true,"href":"https:\/\/swissmilitarywatches.ch\/es\/wp-json\/wp\/v2\/product_cat?post=8302"},{"taxonomy":"product_tag","embeddable":true,"href":"https:\/\/swissmilitarywatches.ch\/es\/wp-json\/wp\/v2\/product_tag?post=8302"}],"curies":[{"name":"wp","href":"https:\/\/api.w.org\/{rel}","templated":true}]}}