{"id":8246,"date":"2020-04-14T09:37:19","date_gmt":"2020-04-14T07:37:19","guid":{"rendered":"https:\/\/swissmilitarywatches.ch\/product\/swiss-military-sm34005-02-reloj-cronografo-clasico-unisex-de-estilo-militar\/"},"modified":"2025-12-02T00:01:02","modified_gmt":"2025-12-01T22:01:02","slug":"swiss-military-sm34005-02-es","status":"publish","type":"product","link":"https:\/\/swissmilitarywatches.ch\/es\/tienda\/swiss-military-sm34005-02-es\/","title":{"rendered":"Swiss Military SM34005.02 &#8211; Reloj cron\u00f3grafo cl\u00e1sico unisex de estilo militar"},"content":{"rendered":"<p>Este cron\u00f3grafo cl\u00e1sico unisex de estilo militar tiene un dise\u00f1o atemporal que no pasa de moda. La caja y la pulsera de acero inoxidable tienen un elegante efecto brillante. El modelo de acero tiene un bisel muy fino para que la abertura de la esfera sea lo m\u00e1s amplia posible. La elegante esfera blanca del reloj tiene marcadores de hora de estilo minimalista y manecillas finas cl\u00e1sicas. Para que este reloj de estilo militar cl\u00e1sico conecte con el ADN deportivo b\u00e1sico de un cron\u00f3grafo, los marcadores de minutos est\u00e1n situados en el c\u00edrculo exterior de la esfera y los marcadores de segundos est\u00e1n colocados entre los \u00edndices de las horas.<\/p>\n<p>Adem\u00e1s, este reloj suizo de hombre y mujer viene equipado con caracter\u00edsticas de alta calidad dignas de un reloj cron\u00f3grafo militar. Un cristal mineral K1 extra endurecido con capa de zafiro cubre la esfera blanca del reloj. Las manecillas y los marcadores de hora, bien visibles, son luminosos y brillan en la oscuridad. Las tres subesferas en la esfera del reloj cron\u00f3grafo cuentan los segundos, los minutos y 1\/10 segundos cuando se activa la funci\u00f3n de cron\u00f3metro. Este cron\u00f3grafo militar unisex est\u00e1 fabricado con un movimiento de cron\u00f3grafo Swiss Made y se ensambla a mano en <a href=\"https:\/\/swissmilitarywatches.ch\/es\/marca\/#brand-swiss-made\">nuestro taller de relojer\u00eda.<\/a> Como promesa de nuestra calidad Swiss Military Swiss Made, este reloj est\u00e1 cubierto por <a href=\"https:\/\/swissmilitarywatches.ch\/es\/garantia\/\">una garant\u00eda internacional de 5 a\u00f1os.<\/a><\/p>\n","protected":false},"excerpt":{"rendered":"<h2><span style=\"font-size: 80%;\">El cl\u00e1sico cron\u00f3grafo Swiss Military unisex supremo <\/span><\/h2>\n<p>Este reloj unisex es una pieza intemporal. Es la representaci\u00f3n del dise\u00f1o militar cl\u00e1sico supremo que no envejece y que la gente siempre aprecia.<\/p>\n<p>Adem\u00e1s, este reloj cron\u00f3grafo de hombre y mujer est\u00e1 fabricado con todas nuestras caracter\u00edsticas de calidad Swiss Made:<\/p>\n<ul>\n<li>Producci\u00f3n propia Swiss Made<\/li>\n<li>Caja de acero inoxidable<\/li>\n<li>Cristal mineral extra endurecido K1 con capa de zafiro<\/li>\n<li>Resistencia al agua hasta 50M\/5ATM<\/li>\n<li>Movimiento de cron\u00f3grafo 1\/10 Swiss Made<\/li>\n<li>5 a\u00f1os de garant\u00eda internacional<\/li>\n<\/ul>\n","protected":false},"featured_media":8247,"comment_status":"open","ping_status":"closed","template":"","meta":[],"product_brand":[],"product_cat":[2157,1813,1819,2153],"product_tag":[],"class_list":{"0":"post-8246","1":"product","2":"type-product","3":"status-publish","4":"has-post-thumbnail","6":"product_cat-sm34005-es","7":"product_cat-todos-los-relojes-es","8":"product_cat-relojes-mujer-es","9":"product_cat-cronografo-w","10":"product_shipping_class-envio-flexible-es","12":"first","13":"instock","14":"taxable","15":"shipping-taxable","16":"purchasable","17":"product-type-simple"},"yoast_head":"<!-- This site is optimized with the Yoast SEO Premium plugin v26.6 (Yoast SEO v26.6) - https:\/\/yoast.com\/wordpress\/plugins\/seo\/ -->\n<title>Swiss Military SM34005.02 - Reloj cron\u00f3grafo cl\u00e1sico unisex de estilo militar<\/title>\n<meta name=\"description\" content=\"Este reloj Swiss Made de hombre y mujer es la representaci\u00f3n del cl\u00e1sico cron\u00f3grafo militar unisex perfecto que no pasa de moda.\" \/>\n<meta name=\"robots\" content=\"index, follow, max-snippet:-1, max-image-preview:large, max-video-preview:-1\" \/>\n<link rel=\"canonical\" href=\"https:\/\/swissmilitarywatches.ch\/es\/tienda\/swiss-military-sm34005-02-es\/\" \/>\n<meta property=\"og:locale\" content=\"es_ES\" \/>\n<meta property=\"og:type\" content=\"article\" \/>\n<meta property=\"og:title\" content=\"Swiss Military SM34005.02 - Reloj cron\u00f3grafo cl\u00e1sico unisex de estilo militar\" \/>\n<meta property=\"og:description\" content=\"Este reloj Swiss Made de hombre y mujer es la representaci\u00f3n del cl\u00e1sico cron\u00f3grafo militar unisex perfecto que no pasa de moda.\" \/>\n<meta property=\"og:url\" content=\"https:\/\/swissmilitarywatches.ch\/es\/tienda\/swiss-military-sm34005-02-es\/\" \/>\n<meta property=\"og:site_name\" content=\"Swiss Military by Chrono\" \/>\n<meta property=\"article:publisher\" content=\"https:\/\/m.facebook.com\/swissmilitarybychronoofficial\/\" \/>\n<meta property=\"article:modified_time\" content=\"2025-12-01T22:01:02+00:00\" \/>\n<meta property=\"og:image\" content=\"https:\/\/swissmilitarywatches.ch\/wp-content\/uploads\/2021\/03\/SM34005.02.png\" \/>\n\t<meta property=\"og:image:width\" content=\"1300\" \/>\n\t<meta property=\"og:image:height\" content=\"1642\" \/>\n\t<meta property=\"og:image:type\" content=\"image\/png\" \/>\n<meta name=\"twitter:card\" content=\"summary_large_image\" \/>\n<meta name=\"twitter:label1\" content=\"Precio\" \/>\n\t<meta name=\"twitter:data1\" content=\"&euro;299.00 con IVA\" \/>\n\t<meta name=\"twitter:label2\" content=\"Disponibilidad\" \/>\n\t<meta name=\"twitter:data2\" content=\"Disponible\" \/>\n<script type=\"application\/ld+json\" class=\"yoast-schema-graph\">{\"@context\":\"https:\/\/schema.org\",\"@graph\":[{\"@type\":\"WebPage\",\"@id\":\"https:\/\/swissmilitarywatches.ch\/es\/tienda\/swiss-military-sm34005-02-es\/\",\"url\":\"https:\/\/swissmilitarywatches.ch\/es\/tienda\/swiss-military-sm34005-02-es\/\",\"name\":\"Swiss Military SM34005.02 - Reloj cron\u00f3grafo cl\u00e1sico unisex de estilo militar\",\"isPartOf\":{\"@id\":\"https:\/\/swissmilitarywatches.ch\/es\/#website\"},\"primaryImageOfPage\":{\"@id\":\"https:\/\/swissmilitarywatches.ch\/es\/tienda\/swiss-military-sm34005-02-es\/#primaryimage\"},\"image\":{\"@id\":\"https:\/\/swissmilitarywatches.ch\/es\/tienda\/swiss-military-sm34005-02-es\/#primaryimage\"},\"thumbnailUrl\":\"https:\/\/swissmilitarywatches.ch\/wp-content\/uploads\/2021\/03\/SM34005.02.png\",\"datePublished\":\"2020-04-14T07:37:19+00:00\",\"dateModified\":\"2025-12-01T22:01:02+00:00\",\"description\":\"Este reloj Swiss Made de hombre y mujer es la representaci\u00f3n del cl\u00e1sico cron\u00f3grafo militar unisex perfecto que no pasa de moda.\",\"breadcrumb\":{\"@id\":\"https:\/\/swissmilitarywatches.ch\/es\/tienda\/swiss-military-sm34005-02-es\/#breadcrumb\"},\"inLanguage\":\"es\",\"potentialAction\":[{\"@type\":\"ReadAction\",\"target\":[\"https:\/\/swissmilitarywatches.ch\/es\/tienda\/swiss-military-sm34005-02-es\/\"]}]},{\"@type\":\"ImageObject\",\"inLanguage\":\"es\",\"@id\":\"https:\/\/swissmilitarywatches.ch\/es\/tienda\/swiss-military-sm34005-02-es\/#primaryimage\",\"url\":\"https:\/\/swissmilitarywatches.ch\/wp-content\/uploads\/2021\/03\/SM34005.02.png\",\"contentUrl\":\"https:\/\/swissmilitarywatches.ch\/wp-content\/uploads\/2021\/03\/SM34005.02.png\",\"width\":1300,\"height\":1642,\"caption\":\"Swiss Military SM34005.02 \u2013 Reloj cron\u00f3grafo cl\u00e1sico unisex de estilo militar\"},{\"@type\":\"BreadcrumbList\",\"@id\":\"https:\/\/swissmilitarywatches.ch\/es\/tienda\/swiss-military-sm34005-02-es\/#breadcrumb\",\"itemListElement\":[{\"@type\":\"ListItem\",\"position\":1,\"name\":\"Home\",\"item\":\"https:\/\/swissmilitarywatches.ch\/es\/pagina-principal-2\/\"},{\"@type\":\"ListItem\",\"position\":2,\"name\":\"Tienda\",\"item\":\"https:\/\/swissmilitarywatches.ch\/es\/tienda\/\"},{\"@type\":\"ListItem\",\"position\":3,\"name\":\"Todos los relojes\",\"item\":\"https:\/\/swissmilitarywatches.ch\/es\/categoria-de-producto\/todos-los-relojes-es\/\"},{\"@type\":\"ListItem\",\"position\":4,\"name\":\"Relojes de mujer\",\"item\":\"https:\/\/swissmilitarywatches.ch\/es\/categoria-de-producto\/todos-los-relojes-es\/relojes-mujer-es\/\"},{\"@type\":\"ListItem\",\"position\":5,\"name\":\"Cron\u00f3grafo\",\"item\":\"https:\/\/swissmilitarywatches.ch\/es\/categoria-de-producto\/todos-los-relojes-es\/relojes-mujer-es\/cronografo-w\/\"},{\"@type\":\"ListItem\",\"position\":6,\"name\":\"Swiss Military SM34005.02 &#8211; Reloj cron\u00f3grafo cl\u00e1sico unisex de estilo militar\"}]},{\"@type\":\"WebSite\",\"@id\":\"https:\/\/swissmilitarywatches.ch\/es\/#website\",\"url\":\"https:\/\/swissmilitarywatches.ch\/es\/\",\"name\":\"Swiss Military by Chrono\",\"description\":\"Official Licensed Product of the Swiss Confederation\",\"publisher\":{\"@id\":\"https:\/\/swissmilitarywatches.ch\/es\/#organization\"},\"potentialAction\":[{\"@type\":\"SearchAction\",\"target\":{\"@type\":\"EntryPoint\",\"urlTemplate\":\"https:\/\/swissmilitarywatches.ch\/es\/?s={search_term_string}\"},\"query-input\":{\"@type\":\"PropertyValueSpecification\",\"valueRequired\":true,\"valueName\":\"search_term_string\"}}],\"inLanguage\":\"es\"},{\"@type\":\"Organization\",\"@id\":\"https:\/\/swissmilitarywatches.ch\/es\/#organization\",\"name\":\"Swiss Military by Chrono\",\"url\":\"https:\/\/swissmilitarywatches.ch\/es\/\",\"logo\":{\"@type\":\"ImageObject\",\"inLanguage\":\"es\",\"@id\":\"https:\/\/swissmilitarywatches.ch\/es\/#\/schema\/logo\/image\/\",\"url\":\"https:\/\/swissmilitarywatches.ch\/wp-content\/uploads\/2020\/04\/cropped-SM_logo_512x512px.jpg\",\"contentUrl\":\"https:\/\/swissmilitarywatches.ch\/wp-content\/uploads\/2020\/04\/cropped-SM_logo_512x512px.jpg\",\"width\":512,\"height\":512,\"caption\":\"Swiss Military by Chrono\"},\"image\":{\"@id\":\"https:\/\/swissmilitarywatches.ch\/es\/#\/schema\/logo\/image\/\"},\"sameAs\":[\"https:\/\/m.facebook.com\/swissmilitarybychronoofficial\/\",\"https:\/\/www.instagram.com\/swissmilitarybychrono\/\",\"https:\/\/www.pinterest.ch\/swissmilitarybychrono\/\"]}]}<\/script>\n<meta property=\"product:brand\" content=\"Swiss Military by Chrono\" \/>\n<meta property=\"product:price:amount\" content=\"299.00\" \/>\n<meta property=\"product:price:currency\" content=\"EUR\" \/>\n<meta property=\"og:availability\" content=\"instock\" \/>\n<meta property=\"product:availability\" content=\"instock\" \/>\n<meta property=\"product:retailer_item_id\" content=\"SM34005.02\" \/>\n<meta property=\"product:condition\" content=\"new\" \/>\n<!-- \/ Yoast SEO Premium plugin. -->","yoast_head_json":{"title":"Swiss Military SM34005.02 - Reloj cron\u00f3grafo cl\u00e1sico unisex de estilo militar","description":"Este reloj Swiss Made de hombre y mujer es la representaci\u00f3n del cl\u00e1sico cron\u00f3grafo militar unisex perfecto que no pasa de moda.","robots":{"index":"index","follow":"follow","max-snippet":"max-snippet:-1","max-image-preview":"max-image-preview:large","max-video-preview":"max-video-preview:-1"},"canonical":"https:\/\/swissmilitarywatches.ch\/es\/tienda\/swiss-military-sm34005-02-es\/","og_locale":"es_ES","og_type":"article","og_title":"Swiss Military SM34005.02 - Reloj cron\u00f3grafo cl\u00e1sico unisex de estilo militar","og_description":"Este reloj Swiss Made de hombre y mujer es la representaci\u00f3n del cl\u00e1sico cron\u00f3grafo militar unisex perfecto que no pasa de moda.","og_url":"https:\/\/swissmilitarywatches.ch\/es\/tienda\/swiss-military-sm34005-02-es\/","og_site_name":"Swiss Military by Chrono","article_publisher":"https:\/\/m.facebook.com\/swissmilitarybychronoofficial\/","article_modified_time":"2025-12-01T22:01:02+00:00","og_image":[{"width":1300,"height":1642,"url":"https:\/\/swissmilitarywatches.ch\/wp-content\/uploads\/2021\/03\/SM34005.02.png","type":"image\/png"}],"twitter_card":"summary_large_image","twitter_misc":{"Precio":"&euro;299.00 con IVA","Disponibilidad":"Disponible"},"schema":{"@context":"https:\/\/schema.org","@graph":[{"@type":"WebPage","@id":"https:\/\/swissmilitarywatches.ch\/es\/tienda\/swiss-military-sm34005-02-es\/","url":"https:\/\/swissmilitarywatches.ch\/es\/tienda\/swiss-military-sm34005-02-es\/","name":"Swiss Military SM34005.02 - Reloj cron\u00f3grafo cl\u00e1sico unisex de estilo militar","isPartOf":{"@id":"https:\/\/swissmilitarywatches.ch\/es\/#website"},"primaryImageOfPage":{"@id":"https:\/\/swissmilitarywatches.ch\/es\/tienda\/swiss-military-sm34005-02-es\/#primaryimage"},"image":{"@id":"https:\/\/swissmilitarywatches.ch\/es\/tienda\/swiss-military-sm34005-02-es\/#primaryimage"},"thumbnailUrl":"https:\/\/swissmilitarywatches.ch\/wp-content\/uploads\/2021\/03\/SM34005.02.png","datePublished":"2020-04-14T07:37:19+00:00","dateModified":"2025-12-01T22:01:02+00:00","description":"Este reloj Swiss Made de hombre y mujer es la representaci\u00f3n del cl\u00e1sico cron\u00f3grafo militar unisex perfecto que no pasa de moda.","breadcrumb":{"@id":"https:\/\/swissmilitarywatches.ch\/es\/tienda\/swiss-military-sm34005-02-es\/#breadcrumb"},"inLanguage":"es","potentialAction":[{"@type":"ReadAction","target":["https:\/\/swissmilitarywatches.ch\/es\/tienda\/swiss-military-sm34005-02-es\/"]}]},{"@type":"ImageObject","inLanguage":"es","@id":"https:\/\/swissmilitarywatches.ch\/es\/tienda\/swiss-military-sm34005-02-es\/#primaryimage","url":"https:\/\/swissmilitarywatches.ch\/wp-content\/uploads\/2021\/03\/SM34005.02.png","contentUrl":"https:\/\/swissmilitarywatches.ch\/wp-content\/uploads\/2021\/03\/SM34005.02.png","width":1300,"height":1642,"caption":"Swiss Military SM34005.02 \u2013 Reloj cron\u00f3grafo cl\u00e1sico unisex de estilo militar"},{"@type":"BreadcrumbList","@id":"https:\/\/swissmilitarywatches.ch\/es\/tienda\/swiss-military-sm34005-02-es\/#breadcrumb","itemListElement":[{"@type":"ListItem","position":1,"name":"Home","item":"https:\/\/swissmilitarywatches.ch\/es\/pagina-principal-2\/"},{"@type":"ListItem","position":2,"name":"Tienda","item":"https:\/\/swissmilitarywatches.ch\/es\/tienda\/"},{"@type":"ListItem","position":3,"name":"Todos los relojes","item":"https:\/\/swissmilitarywatches.ch\/es\/categoria-de-producto\/todos-los-relojes-es\/"},{"@type":"ListItem","position":4,"name":"Relojes de mujer","item":"https:\/\/swissmilitarywatches.ch\/es\/categoria-de-producto\/todos-los-relojes-es\/relojes-mujer-es\/"},{"@type":"ListItem","position":5,"name":"Cron\u00f3grafo","item":"https:\/\/swissmilitarywatches.ch\/es\/categoria-de-producto\/todos-los-relojes-es\/relojes-mujer-es\/cronografo-w\/"},{"@type":"ListItem","position":6,"name":"Swiss Military SM34005.02 &#8211; Reloj cron\u00f3grafo cl\u00e1sico unisex de estilo militar"}]},{"@type":"WebSite","@id":"https:\/\/swissmilitarywatches.ch\/es\/#website","url":"https:\/\/swissmilitarywatches.ch\/es\/","name":"Swiss Military by Chrono","description":"Official Licensed Product of the Swiss Confederation","publisher":{"@id":"https:\/\/swissmilitarywatches.ch\/es\/#organization"},"potentialAction":[{"@type":"SearchAction","target":{"@type":"EntryPoint","urlTemplate":"https:\/\/swissmilitarywatches.ch\/es\/?s={search_term_string}"},"query-input":{"@type":"PropertyValueSpecification","valueRequired":true,"valueName":"search_term_string"}}],"inLanguage":"es"},{"@type":"Organization","@id":"https:\/\/swissmilitarywatches.ch\/es\/#organization","name":"Swiss Military by Chrono","url":"https:\/\/swissmilitarywatches.ch\/es\/","logo":{"@type":"ImageObject","inLanguage":"es","@id":"https:\/\/swissmilitarywatches.ch\/es\/#\/schema\/logo\/image\/","url":"https:\/\/swissmilitarywatches.ch\/wp-content\/uploads\/2020\/04\/cropped-SM_logo_512x512px.jpg","contentUrl":"https:\/\/swissmilitarywatches.ch\/wp-content\/uploads\/2020\/04\/cropped-SM_logo_512x512px.jpg","width":512,"height":512,"caption":"Swiss Military by Chrono"},"image":{"@id":"https:\/\/swissmilitarywatches.ch\/es\/#\/schema\/logo\/image\/"},"sameAs":["https:\/\/m.facebook.com\/swissmilitarybychronoofficial\/","https:\/\/www.instagram.com\/swissmilitarybychrono\/","https:\/\/www.pinterest.ch\/swissmilitarybychrono\/"]}]},"product_brand":"Swiss Military by Chrono","product_price_amount":"299.00","product_price_currency":"EUR","og_availability":"instock","product_availability":"instock","product_retailer_item_id":"SM34005.02","product_condition":"new"},"jetpack_sharing_enabled":true,"_links":{"self":[{"href":"https:\/\/swissmilitarywatches.ch\/es\/wp-json\/wp\/v2\/product\/8246","targetHints":{"allow":["GET"]}}],"collection":[{"href":"https:\/\/swissmilitarywatches.ch\/es\/wp-json\/wp\/v2\/product"}],"about":[{"href":"https:\/\/swissmilitarywatches.ch\/es\/wp-json\/wp\/v2\/types\/product"}],"replies":[{"embeddable":true,"href":"https:\/\/swissmilitarywatches.ch\/es\/wp-json\/wp\/v2\/comments?post=8246"}],"wp:featuredmedia":[{"embeddable":true,"href":"https:\/\/swissmilitarywatches.ch\/es\/wp-json\/wp\/v2\/media\/8247"}],"wp:attachment":[{"href":"https:\/\/swissmilitarywatches.ch\/es\/wp-json\/wp\/v2\/media?parent=8246"}],"wp:term":[{"taxonomy":"product_brand","embeddable":true,"href":"https:\/\/swissmilitarywatches.ch\/es\/wp-json\/wp\/v2\/product_brand?post=8246"},{"taxonomy":"product_cat","embeddable":true,"href":"https:\/\/swissmilitarywatches.ch\/es\/wp-json\/wp\/v2\/product_cat?post=8246"},{"taxonomy":"product_tag","embeddable":true,"href":"https:\/\/swissmilitarywatches.ch\/es\/wp-json\/wp\/v2\/product_tag?post=8246"}],"curies":[{"name":"wp","href":"https:\/\/api.w.org\/{rel}","templated":true}]}}