{"id":8015,"date":"2020-04-14T08:37:34","date_gmt":"2021-06-24T07:08:32","guid":{"rendered":"https:\/\/swissmilitarywatches.ch\/product\/swiss-military-sm34067-04-r-reloj-cronografo-deportivo-suizo-con-reflector-de-busqueda-y-rescate\/"},"modified":"2022-03-28T09:57:48","modified_gmt":"2022-03-28T08:57:48","slug":"swiss-military-sm34067-04-r-es","status":"publish","type":"product","link":"https:\/\/swissmilitarywatches.ch\/es\/tienda\/swiss-military-sm34067-04-r-es\/","title":{"rendered":"Swiss Military SM34067.04.R &#8211; Reloj cron\u00f3grafo deportivo suizo con reflector de b\u00fasqueda y rescate"},"content":{"rendered":"<p>Este reloj cron\u00f3grafo deportivo es el compa\u00f1ero perfecto para todos los hombres que llevan un estilo de vida activo. Desde el prominente bisel negro con marcadores de minutos distintivos hasta la esfera negra con manecillas y marcadores de hora llamativos, todo est\u00e1 dise\u00f1ado para resaltar el car\u00e1cter deportivo militar de este atractivo reloj de hombre. Adem\u00e1s, este reloj cron\u00f3grafo viene con una correa de b\u00fasqueda y rescate con un reflector RECCO integrado. It&#8217;s a must for all who are into outdoor sports.Es un producto indispensable para todos los que se dedican a los deportes al aire libre. Sin embargo, este reloj militar no solamente tiene un aspecto deportivo. El dise\u00f1o combina perfectamente con cualquier situaci\u00f3n de vestimenta. Y adem\u00e1s, que este reloj de hombre acompa\u00f1e perfectamente, nunca deja de acentuar el car\u00e1cter masculino de su portador.<\/p>\n<p>Adem\u00e1s, este reloj suizo viene con todas las caracter\u00edsticas de alta calidad dignas de un reloj cron\u00f3grafo deportivo militar. La caja de este reloj cron\u00f3grafo es de acero inoxidable resistente. Un cristal de mineral K1 extra endurecido con capa de zafiro cubre la esfera negra del reloj. Las manecillas y los marcadores de hora, bien visibles, son luminosos y brillan en la oscuridad. Las tres subesferas en la esfera del reloj cron\u00f3grafo cuentan los segundos, los minutos y 1\/10 segundos cuando se activa la funci\u00f3n de cron\u00f3metro. Este cron\u00f3grafo deportivo de hombre est\u00e1 equipado con un movimiento de cron\u00f3grafo Swiss Made y se ensambla a mano en<a href=\"https:\/\/swissmilitarywatches.ch\/es\/marca\/#brand-swiss-made\">nuestro taller de relojer\u00eda.<\/a> Como promesa de nuestra calidad Swiss Military Swiss Made, este reloj est\u00e1 cubierto por <a href=\"https:\/\/swissmilitarywatches.ch\/es\/garantia\/\">una garant\u00eda internacional de 5 a\u00f1os.<\/a><\/p>\n<p><strong>Pulsera de b\u00fasqueda y rescate con un reflector RECCO integrado<\/strong><\/p>\n<p>El reflector RECCO de esta pulsera permite a los profesionales de rescate localizarle con los detectores RECCO en caso de accidente por avalancha o cuando se pierda en la naturaleza. Los detectores RECCO son utilizados por los profesionales de rescate a nivel mundial. Visite<a href=\"http:\/\/recco.com\/\" target=\"_blank\" rel=\"noopener noreferrer\">recco.com<\/a>para ver la lista completa. Lo m\u00e1s importante es que los reflectores RECCO no necesitan energ\u00eda ni activaci\u00f3n para funcionar. Se recomienda utilizar varios reflectores para obtener un rendimiento \u00f3ptimo.<\/p>\n<p>Esta pulsera de reloj est\u00e1 fabricada con el duradero tejido de Kevlar Schoeller\u00ae para exteriores, que ofrece la m\u00e1xima resistencia a la exposici\u00f3n al exterior, como el agua, la nieve, el calor y el fr\u00edo. Para un ajuste f\u00e1cil pero seguro del reloj en la mu\u00f1eca, esta pulsera est\u00e1 equipada con un cierre de gancho y bucle de Velcro\u00ae. Para que el cambio de pulsera sea f\u00e1cil y r\u00e1pido, esta correa viene con un sistema que permite poner y quitar la pulsera con un clic.<\/p>\n<p><span style=\"font-size: 80%;\">Aviso legal:<\/span><br \/>\n<span style=\"font-size: 80%;\">La tecnolog\u00eda RECCO\u00ae no sustituye a un transceptor de avalanchas. Los relojes con tecnolog\u00eda Recco han sido creados para ofrecer una mayor tranquilidad cuando los elementos golpean al exterior y hacer que te puedan buscar los rescatistas profesionales equipados con detectores RECCO\u00ae. El conocimiento y el sentido com\u00fan son las mejores maneras de evitar accidentes. Respete siempre las normas de seguridad. Tenga en cuenta que la tecnolog\u00eda RECCO\u00ae no funciona bajo del agua.<\/span><\/p>\n","protected":false},"excerpt":{"rendered":"<h2><span style=\"font-size: 80%;\">El deporte comienza con este atractivo reloj cron\u00f3grafo de hombre!<\/span><\/h2>\n<p>Salga a divertirse con este reloj cron\u00f3grafo de hombre. La correa de reloj de b\u00fasqueda y rescate con reflector RECCO integrado es imprescindible para todos los que practican deportes al aire libre. El reflector RECCO de esta correa permite a los profesionales de rescate localizarle con los detectores RECCO en caso de accidente por avalancha o cuando se pierda en la naturaleza. El dise\u00f1o superdeportivo es perfecto para todos los hombres que llevan un estilo de vida activo y buscan un reloj que se adapte a su car\u00e1cter.<\/p>\n<p>Esta es la raz\u00f3n por la que este reloj cron\u00f3grafo est\u00e1 fabricado con todas nuestras caracter\u00edsticas de calidad Swiss Made:<\/p>\n<ul>\n<li>Producci\u00f3n propia Swiss Made<\/li>\n<li>Caja de acero inoxidable<\/li>\n<li>Cristal mineral extra endurecido K1 con capa de zafiro<\/li>\n<li>Resistencia al agua hasta 100M\/10ATM<\/li>\n<li>Movimiento de cron\u00f3grafo 1\/10 Swiss Made<\/li>\n<li>5 a\u00f1os de garant\u00eda internacional<\/li>\n<\/ul>\n","protected":false},"featured_media":0,"comment_status":"open","ping_status":"closed","template":"","meta":[],"product_brand":[],"product_cat":[1813,1816,1823,1847],"product_tag":[],"class_list":{"0":"post-8015","1":"product","2":"type-product","3":"status-publish","5":"product_cat-todos-los-relojes-es","6":"product_cat-relojes-hombre-es","7":"product_cat-cronografo","8":"product_cat-sm34067-es","9":"product_shipping_class-envio-flexible-es","11":"first","12":"outofstock","13":"taxable","14":"shipping-taxable","15":"purchasable","16":"product-type-simple"},"yoast_head":"<!-- This site is optimized with the Yoast SEO Premium plugin v26.6 (Yoast SEO v26.6) - https:\/\/yoast.com\/wordpress\/plugins\/seo\/ -->\n<title>Swiss Military SM34067.04.R - Reloj cron\u00f3grafo deportivo suizo con reflector de b\u00fasqueda y rescate<\/title>\n<meta name=\"description\" content=\"Este reloj cron\u00f3grafo deportivo de hombre viene con una correa de b\u00fasqueda y rescate con un reflector RECCO integrado y es imprescindible para todos los deportistas.\" \/>\n<meta name=\"robots\" content=\"index, follow, max-snippet:-1, max-image-preview:large, max-video-preview:-1\" \/>\n<link rel=\"canonical\" href=\"https:\/\/swissmilitarywatches.ch\/es\/tienda\/swiss-military-sm34067-04-r-es\/\" \/>\n<meta property=\"og:locale\" content=\"es_ES\" \/>\n<meta property=\"og:type\" content=\"article\" \/>\n<meta property=\"og:title\" content=\"Swiss Military SM34067.04.R - Reloj cron\u00f3grafo deportivo suizo con reflector de b\u00fasqueda y rescate\" \/>\n<meta property=\"og:description\" content=\"Este reloj cron\u00f3grafo deportivo de hombre viene con una correa de b\u00fasqueda y rescate con un reflector RECCO integrado y es imprescindible para todos los deportistas.\" \/>\n<meta property=\"og:url\" content=\"https:\/\/swissmilitarywatches.ch\/es\/tienda\/swiss-military-sm34067-04-r-es\/\" \/>\n<meta property=\"og:site_name\" content=\"Swiss Military by Chrono\" \/>\n<meta property=\"article:publisher\" content=\"https:\/\/m.facebook.com\/swissmilitarybychronoofficial\/\" \/>\n<meta property=\"article:modified_time\" content=\"2022-03-28T08:57:48+00:00\" \/>\n<meta property=\"og:image\" content=\"https:\/\/swissmilitarywatches.ch\/wp-content\/uploads\/2021\/03\/SM34067.04.R.png\" \/>\n\t<meta property=\"og:image:width\" content=\"1300\" \/>\n\t<meta property=\"og:image:height\" content=\"1642\" \/>\n\t<meta property=\"og:image:type\" content=\"image\/png\" \/>\n<meta name=\"twitter:card\" content=\"summary_large_image\" \/>\n<meta name=\"twitter:label1\" content=\"Precio\" \/>\n\t<meta name=\"twitter:data1\" content=\"&euro;309.00 con IVA\" \/>\n\t<meta name=\"twitter:label2\" content=\"Disponibilidad\" \/>\n\t<meta name=\"twitter:data2\" content=\"Sin existencias\" \/>\n<script type=\"application\/ld+json\" class=\"yoast-schema-graph\">{\"@context\":\"https:\/\/schema.org\",\"@graph\":[{\"@type\":\"WebPage\",\"@id\":\"https:\/\/swissmilitarywatches.ch\/es\/tienda\/swiss-military-sm34067-04-r-es\/\",\"url\":\"https:\/\/swissmilitarywatches.ch\/es\/tienda\/swiss-military-sm34067-04-r-es\/\",\"name\":\"Swiss Military SM34067.04.R - Reloj cron\u00f3grafo deportivo suizo con reflector de b\u00fasqueda y rescate\",\"isPartOf\":{\"@id\":\"https:\/\/swissmilitarywatches.ch\/es\/#website\"},\"datePublished\":\"2021-06-24T07:08:32+00:00\",\"dateModified\":\"2022-03-28T08:57:48+00:00\",\"description\":\"Este reloj cron\u00f3grafo deportivo de hombre viene con una correa de b\u00fasqueda y rescate con un reflector RECCO integrado y es imprescindible para todos los deportistas.\",\"breadcrumb\":{\"@id\":\"https:\/\/swissmilitarywatches.ch\/es\/tienda\/swiss-military-sm34067-04-r-es\/#breadcrumb\"},\"inLanguage\":\"es\",\"potentialAction\":[{\"@type\":\"ReadAction\",\"target\":[\"https:\/\/swissmilitarywatches.ch\/es\/tienda\/swiss-military-sm34067-04-r-es\/\"]}]},{\"@type\":\"BreadcrumbList\",\"@id\":\"https:\/\/swissmilitarywatches.ch\/es\/tienda\/swiss-military-sm34067-04-r-es\/#breadcrumb\",\"itemListElement\":[{\"@type\":\"ListItem\",\"position\":1,\"name\":\"Home\",\"item\":\"https:\/\/swissmilitarywatches.ch\/es\/pagina-principal-2\/\"},{\"@type\":\"ListItem\",\"position\":2,\"name\":\"Tienda\",\"item\":\"https:\/\/swissmilitarywatches.ch\/es\/tienda\/\"},{\"@type\":\"ListItem\",\"position\":3,\"name\":\"Todos los relojes\",\"item\":\"https:\/\/swissmilitarywatches.ch\/es\/categoria-de-producto\/todos-los-relojes-es\/\"},{\"@type\":\"ListItem\",\"position\":4,\"name\":\"Relojes de hombre\",\"item\":\"https:\/\/swissmilitarywatches.ch\/es\/categoria-de-producto\/todos-los-relojes-es\/relojes-hombre-es\/\"},{\"@type\":\"ListItem\",\"position\":5,\"name\":\"Cron\u00f3grafo\",\"item\":\"https:\/\/swissmilitarywatches.ch\/es\/categoria-de-producto\/todos-los-relojes-es\/relojes-hombre-es\/cronografo\/\"},{\"@type\":\"ListItem\",\"position\":6,\"name\":\"Swiss Military SM34067.04.R &#8211; Reloj cron\u00f3grafo deportivo suizo con reflector de b\u00fasqueda y rescate\"}]},{\"@type\":\"WebSite\",\"@id\":\"https:\/\/swissmilitarywatches.ch\/es\/#website\",\"url\":\"https:\/\/swissmilitarywatches.ch\/es\/\",\"name\":\"Swiss Military by Chrono\",\"description\":\"Official Licensed Product of the Swiss Confederation\",\"publisher\":{\"@id\":\"https:\/\/swissmilitarywatches.ch\/es\/#organization\"},\"potentialAction\":[{\"@type\":\"SearchAction\",\"target\":{\"@type\":\"EntryPoint\",\"urlTemplate\":\"https:\/\/swissmilitarywatches.ch\/es\/?s={search_term_string}\"},\"query-input\":{\"@type\":\"PropertyValueSpecification\",\"valueRequired\":true,\"valueName\":\"search_term_string\"}}],\"inLanguage\":\"es\"},{\"@type\":\"Organization\",\"@id\":\"https:\/\/swissmilitarywatches.ch\/es\/#organization\",\"name\":\"Swiss Military by Chrono\",\"url\":\"https:\/\/swissmilitarywatches.ch\/es\/\",\"logo\":{\"@type\":\"ImageObject\",\"inLanguage\":\"es\",\"@id\":\"https:\/\/swissmilitarywatches.ch\/es\/#\/schema\/logo\/image\/\",\"url\":\"https:\/\/swissmilitarywatches.ch\/wp-content\/uploads\/2020\/04\/cropped-SM_logo_512x512px.jpg\",\"contentUrl\":\"https:\/\/swissmilitarywatches.ch\/wp-content\/uploads\/2020\/04\/cropped-SM_logo_512x512px.jpg\",\"width\":512,\"height\":512,\"caption\":\"Swiss Military by Chrono\"},\"image\":{\"@id\":\"https:\/\/swissmilitarywatches.ch\/es\/#\/schema\/logo\/image\/\"},\"sameAs\":[\"https:\/\/m.facebook.com\/swissmilitarybychronoofficial\/\",\"https:\/\/www.instagram.com\/swissmilitarybychrono\/\",\"https:\/\/www.pinterest.ch\/swissmilitarybychrono\/\"]}]}<\/script>\n<meta property=\"product:price:amount\" content=\"309.00\" \/>\n<meta property=\"product:price:currency\" content=\"EUR\" \/>\n<meta property=\"og:availability\" content=\"out of stock\" \/>\n<meta property=\"product:availability\" content=\"out of stock\" \/>\n<meta property=\"product:retailer_item_id\" content=\"SM34067.04.R\" \/>\n<meta property=\"product:condition\" content=\"new\" \/>\n<!-- \/ Yoast SEO Premium plugin. -->","yoast_head_json":{"title":"Swiss Military SM34067.04.R - Reloj cron\u00f3grafo deportivo suizo con reflector de b\u00fasqueda y rescate","description":"Este reloj cron\u00f3grafo deportivo de hombre viene con una correa de b\u00fasqueda y rescate con un reflector RECCO integrado y es imprescindible para todos los deportistas.","robots":{"index":"index","follow":"follow","max-snippet":"max-snippet:-1","max-image-preview":"max-image-preview:large","max-video-preview":"max-video-preview:-1"},"canonical":"https:\/\/swissmilitarywatches.ch\/es\/tienda\/swiss-military-sm34067-04-r-es\/","og_locale":"es_ES","og_type":"article","og_title":"Swiss Military SM34067.04.R - Reloj cron\u00f3grafo deportivo suizo con reflector de b\u00fasqueda y rescate","og_description":"Este reloj cron\u00f3grafo deportivo de hombre viene con una correa de b\u00fasqueda y rescate con un reflector RECCO integrado y es imprescindible para todos los deportistas.","og_url":"https:\/\/swissmilitarywatches.ch\/es\/tienda\/swiss-military-sm34067-04-r-es\/","og_site_name":"Swiss Military by Chrono","article_publisher":"https:\/\/m.facebook.com\/swissmilitarybychronoofficial\/","article_modified_time":"2022-03-28T08:57:48+00:00","og_image":[{"width":1300,"height":1642,"url":"https:\/\/swissmilitarywatches.ch\/wp-content\/uploads\/2021\/03\/SM34067.04.R.png","type":"image\/png"}],"twitter_card":"summary_large_image","twitter_misc":{"Precio":"&euro;309.00 con IVA","Disponibilidad":"Sin existencias"},"schema":{"@context":"https:\/\/schema.org","@graph":[{"@type":"WebPage","@id":"https:\/\/swissmilitarywatches.ch\/es\/tienda\/swiss-military-sm34067-04-r-es\/","url":"https:\/\/swissmilitarywatches.ch\/es\/tienda\/swiss-military-sm34067-04-r-es\/","name":"Swiss Military SM34067.04.R - Reloj cron\u00f3grafo deportivo suizo con reflector de b\u00fasqueda y rescate","isPartOf":{"@id":"https:\/\/swissmilitarywatches.ch\/es\/#website"},"datePublished":"2021-06-24T07:08:32+00:00","dateModified":"2022-03-28T08:57:48+00:00","description":"Este reloj cron\u00f3grafo deportivo de hombre viene con una correa de b\u00fasqueda y rescate con un reflector RECCO integrado y es imprescindible para todos los deportistas.","breadcrumb":{"@id":"https:\/\/swissmilitarywatches.ch\/es\/tienda\/swiss-military-sm34067-04-r-es\/#breadcrumb"},"inLanguage":"es","potentialAction":[{"@type":"ReadAction","target":["https:\/\/swissmilitarywatches.ch\/es\/tienda\/swiss-military-sm34067-04-r-es\/"]}]},{"@type":"BreadcrumbList","@id":"https:\/\/swissmilitarywatches.ch\/es\/tienda\/swiss-military-sm34067-04-r-es\/#breadcrumb","itemListElement":[{"@type":"ListItem","position":1,"name":"Home","item":"https:\/\/swissmilitarywatches.ch\/es\/pagina-principal-2\/"},{"@type":"ListItem","position":2,"name":"Tienda","item":"https:\/\/swissmilitarywatches.ch\/es\/tienda\/"},{"@type":"ListItem","position":3,"name":"Todos los relojes","item":"https:\/\/swissmilitarywatches.ch\/es\/categoria-de-producto\/todos-los-relojes-es\/"},{"@type":"ListItem","position":4,"name":"Relojes de hombre","item":"https:\/\/swissmilitarywatches.ch\/es\/categoria-de-producto\/todos-los-relojes-es\/relojes-hombre-es\/"},{"@type":"ListItem","position":5,"name":"Cron\u00f3grafo","item":"https:\/\/swissmilitarywatches.ch\/es\/categoria-de-producto\/todos-los-relojes-es\/relojes-hombre-es\/cronografo\/"},{"@type":"ListItem","position":6,"name":"Swiss Military SM34067.04.R &#8211; Reloj cron\u00f3grafo deportivo suizo con reflector de b\u00fasqueda y rescate"}]},{"@type":"WebSite","@id":"https:\/\/swissmilitarywatches.ch\/es\/#website","url":"https:\/\/swissmilitarywatches.ch\/es\/","name":"Swiss Military by Chrono","description":"Official Licensed Product of the Swiss Confederation","publisher":{"@id":"https:\/\/swissmilitarywatches.ch\/es\/#organization"},"potentialAction":[{"@type":"SearchAction","target":{"@type":"EntryPoint","urlTemplate":"https:\/\/swissmilitarywatches.ch\/es\/?s={search_term_string}"},"query-input":{"@type":"PropertyValueSpecification","valueRequired":true,"valueName":"search_term_string"}}],"inLanguage":"es"},{"@type":"Organization","@id":"https:\/\/swissmilitarywatches.ch\/es\/#organization","name":"Swiss Military by Chrono","url":"https:\/\/swissmilitarywatches.ch\/es\/","logo":{"@type":"ImageObject","inLanguage":"es","@id":"https:\/\/swissmilitarywatches.ch\/es\/#\/schema\/logo\/image\/","url":"https:\/\/swissmilitarywatches.ch\/wp-content\/uploads\/2020\/04\/cropped-SM_logo_512x512px.jpg","contentUrl":"https:\/\/swissmilitarywatches.ch\/wp-content\/uploads\/2020\/04\/cropped-SM_logo_512x512px.jpg","width":512,"height":512,"caption":"Swiss Military by Chrono"},"image":{"@id":"https:\/\/swissmilitarywatches.ch\/es\/#\/schema\/logo\/image\/"},"sameAs":["https:\/\/m.facebook.com\/swissmilitarybychronoofficial\/","https:\/\/www.instagram.com\/swissmilitarybychrono\/","https:\/\/www.pinterest.ch\/swissmilitarybychrono\/"]}]},"product_price_amount":"309.00","product_price_currency":"EUR","og_availability":"out of stock","product_availability":"out of stock","product_retailer_item_id":"SM34067.04.R","product_condition":"new"},"jetpack_sharing_enabled":true,"_links":{"self":[{"href":"https:\/\/swissmilitarywatches.ch\/es\/wp-json\/wp\/v2\/product\/8015","targetHints":{"allow":["GET"]}}],"collection":[{"href":"https:\/\/swissmilitarywatches.ch\/es\/wp-json\/wp\/v2\/product"}],"about":[{"href":"https:\/\/swissmilitarywatches.ch\/es\/wp-json\/wp\/v2\/types\/product"}],"replies":[{"embeddable":true,"href":"https:\/\/swissmilitarywatches.ch\/es\/wp-json\/wp\/v2\/comments?post=8015"}],"wp:attachment":[{"href":"https:\/\/swissmilitarywatches.ch\/es\/wp-json\/wp\/v2\/media?parent=8015"}],"wp:term":[{"taxonomy":"product_brand","embeddable":true,"href":"https:\/\/swissmilitarywatches.ch\/es\/wp-json\/wp\/v2\/product_brand?post=8015"},{"taxonomy":"product_cat","embeddable":true,"href":"https:\/\/swissmilitarywatches.ch\/es\/wp-json\/wp\/v2\/product_cat?post=8015"},{"taxonomy":"product_tag","embeddable":true,"href":"https:\/\/swissmilitarywatches.ch\/es\/wp-json\/wp\/v2\/product_tag?post=8015"}],"curies":[{"name":"wp","href":"https:\/\/api.w.org\/{rel}","templated":true}]}}