{"id":7874,"date":"2020-04-14T08:37:45","date_gmt":"2021-06-22T14:57:32","guid":{"rendered":"https:\/\/swissmilitarywatches.ch\/product\/swiss-military-sma34070-01-reloj-automatico-de-doble-horario-swiss-made\/"},"modified":"2022-03-28T10:11:47","modified_gmt":"2022-03-28T09:11:47","slug":"swiss-military-sma34070-01-es","status":"publish","type":"product","link":"https:\/\/swissmilitarywatches.ch\/es\/tienda\/swiss-military-sma34070-01-es\/","title":{"rendered":"Swiss Military SMA34070.01 &#8211; Reloj autom\u00e1tico de doble horario Swiss Made"},"content":{"rendered":"<p>Con este elegante reloj de doble horario para hombre, nunca m\u00e1s perder\u00e1 la noci\u00f3n del tiempo durante todos sus viajes. La manecilla adicional de este reloj Swiss Made GMT ofrece la posibilidad de mostrar dos zonas horarias diferentes en una sola esfera. De este modo, no se volver\u00e1 a confundir con la diferencia horaria. S\u00f3lo tiene que ajustar este segundero a la zona horaria que desee tener disponible y adaptar la manecilla principal de la hora, los minutos y los segundos a la zona horaria en la que se encuentre. Para ayudarle a establecer el segundo huso horario, el fondo de la caja tiene una inscripci\u00f3n decorativa de ciudades, cada una de las cuales representa un huso horario determinado. Estos sirven de gu\u00eda para la funci\u00f3n de zona horaria.<\/p>\n<p>Adem\u00e1s, este reloj de dos zonas horarias viene con funciones de alta calidad perfectas para ser un compa\u00f1ero de viaje fiable. La caja y la pulsera de este moderno reloj son de resistente acero inoxidable. El bisel negro mate est\u00e1 hecho con un plaqueado de PVD de alta calidad. Un cristal de zafiro que no se raya cubre la esfera negra con su numeraci\u00f3n y dise\u00f1o contempor\u00e1neo. Tambi\u00e9n el hermoso fondo de caja transparente est\u00e1 hecho con cristal de zafiro. Las manecillas y los marcadores de hora, bien visibles, son luminosos y brillan en la oscuridad. Este reloj est\u00e1 equipado con un movimiento autom\u00e1tico Swiss Made y se ensambla a mano en <a href=\"https:\/\/swissmilitarywatches.ch\/es\/marca\/#brand-swiss-made\">nuestro taller de relojer\u00eda.<\/a> Como promesa de nuestra calidad Swiss Military Swiss Made, este reloj est\u00e1 cubierto por <a href=\"https:\/\/swissmilitarywatches.ch\/es\/garantia\/\">una garant\u00eda internacional de 5 a\u00f1os.<\/a><\/p>\n<p>Cada uno de estos modernos relojes autom\u00e1ticos de hombre forma parte de una serie de edici\u00f3n limitada que tiene 300 ejemplares. La numeraci\u00f3n de la edici\u00f3n limitada est\u00e1 colocada de forma atractiva en la corona.<\/p>\n","protected":false},"excerpt":{"rendered":"<p><strong>\u00bfEs usted un viajero del mundo que salta de una zona horaria a otra?<\/strong><\/p>\n<p>Con este reloj de doble horario para hombre, nunca perder\u00e1 la noci\u00f3n del tiempo durante todos sus viajes. La manecilla adicional en el dise\u00f1o de este reloj GMT permite mostrar dos zonas horarias diferentes en una sola esfera, para que nunca m\u00e1s se confunda con la diferencia horaria. S\u00f3lo tiene que ajustar este segundero a la zona horaria que desee tener disponible y adaptar la manecilla principal de la hora, los minutos y los segundos a la zona horaria en la que se encuentre. El fondo de la caja contiene una inscripci\u00f3n decorativa de ciudades que representan una zona horaria. Estos sirven de gu\u00eda para la funci\u00f3n de zona horaria. Cada uno de estos modernos relojes autom\u00e1ticos de edici\u00f3n limitada para hombre est\u00e1 fabricado con caracter\u00edsticas de alta relojer\u00eda:<\/p>\n<ul>\n<li>Producci\u00f3n propia Swiss Made<\/li>\n<li>Robusta caja de acero inoxidable<\/li>\n<li>Cristal de zafiro resistente a rayaduras<\/li>\n<li>Resistencia al agua hasta 100M\/10ATM<\/li>\n<li>Doble indicaci\u00f3n de horario \/ indicaci\u00f3n GMT<\/li>\n<li>Movimiento autom\u00e1tico Swiss Made<\/li>\n<li>Edici\u00f3n limitada de 300 ejemplares<\/li>\n<li>5 a\u00f1os de garant\u00eda internacional<\/li>\n<\/ul>\n","protected":false},"featured_media":0,"comment_status":"open","ping_status":"closed","template":"","meta":[],"product_brand":[],"product_cat":[1813,1816,1814],"product_tag":[],"class_list":{"0":"post-7874","1":"product","2":"type-product","3":"status-publish","5":"product_cat-todos-los-relojes-es","6":"product_cat-relojes-hombre-es","7":"product_cat-relojes-automaticos-es","8":"product_shipping_class-envio-flexible-es","10":"first","11":"outofstock","12":"taxable","13":"shipping-taxable","14":"purchasable","15":"product-type-simple"},"yoast_head":"<!-- This site is optimized with the Yoast SEO Premium plugin v26.6 (Yoast SEO v26.6) - https:\/\/yoast.com\/wordpress\/plugins\/seo\/ -->\n<title>Swiss Military SMA34070.01 - Reloj autom\u00e1tico de doble horario Swiss Made<\/title>\n<meta name=\"description\" content=\"Este reloj Swiss Made de doble horario es perfecto si viaja mucho. Las dos manecillas de hora muestran dos zonas horarias diferentes. No se confunda con la diferencia horaria!\" \/>\n<meta name=\"robots\" content=\"index, follow, max-snippet:-1, max-image-preview:large, max-video-preview:-1\" \/>\n<link rel=\"canonical\" href=\"https:\/\/swissmilitarywatches.ch\/es\/tienda\/swiss-military-sma34070-01-es\/\" \/>\n<meta property=\"og:locale\" content=\"es_ES\" \/>\n<meta property=\"og:type\" content=\"article\" \/>\n<meta property=\"og:title\" content=\"Swiss Military SMA34070.01 - Reloj autom\u00e1tico de doble horario Swiss Made\" \/>\n<meta property=\"og:description\" content=\"Este reloj Swiss Made de doble horario es perfecto si viaja mucho. Las dos manecillas de hora muestran dos zonas horarias diferentes. No se confunda con la diferencia horaria!\" \/>\n<meta property=\"og:url\" content=\"https:\/\/swissmilitarywatches.ch\/es\/tienda\/swiss-military-sma34070-01-es\/\" \/>\n<meta property=\"og:site_name\" content=\"Swiss Military by Chrono\" \/>\n<meta property=\"article:publisher\" content=\"https:\/\/m.facebook.com\/swissmilitarybychronoofficial\/\" \/>\n<meta property=\"article:modified_time\" content=\"2022-03-28T09:11:47+00:00\" \/>\n<meta property=\"og:image\" content=\"https:\/\/swissmilitarywatches.ch\/wp-content\/uploads\/2020\/05\/SM34070.01.png\" \/>\n\t<meta property=\"og:image:width\" content=\"1300\" \/>\n\t<meta property=\"og:image:height\" content=\"1642\" \/>\n\t<meta property=\"og:image:type\" content=\"image\/png\" \/>\n<meta name=\"twitter:card\" content=\"summary_large_image\" \/>\n<meta name=\"twitter:label1\" content=\"Precio\" \/>\n\t<meta name=\"twitter:data1\" content=\"&euro;799.00 con IVA\" \/>\n\t<meta name=\"twitter:label2\" content=\"Disponibilidad\" \/>\n\t<meta name=\"twitter:data2\" content=\"Sin existencias\" \/>\n<script type=\"application\/ld+json\" class=\"yoast-schema-graph\">{\"@context\":\"https:\/\/schema.org\",\"@graph\":[{\"@type\":\"WebPage\",\"@id\":\"https:\/\/swissmilitarywatches.ch\/es\/tienda\/swiss-military-sma34070-01-es\/\",\"url\":\"https:\/\/swissmilitarywatches.ch\/es\/tienda\/swiss-military-sma34070-01-es\/\",\"name\":\"Swiss Military SMA34070.01 - Reloj autom\u00e1tico de doble horario Swiss Made\",\"isPartOf\":{\"@id\":\"https:\/\/swissmilitarywatches.ch\/es\/#website\"},\"datePublished\":\"2021-06-22T14:57:32+00:00\",\"dateModified\":\"2022-03-28T09:11:47+00:00\",\"description\":\"Este reloj Swiss Made de doble horario es perfecto si viaja mucho. Las dos manecillas de hora muestran dos zonas horarias diferentes. No se confunda con la diferencia horaria!\",\"breadcrumb\":{\"@id\":\"https:\/\/swissmilitarywatches.ch\/es\/tienda\/swiss-military-sma34070-01-es\/#breadcrumb\"},\"inLanguage\":\"es\",\"potentialAction\":[{\"@type\":\"ReadAction\",\"target\":[\"https:\/\/swissmilitarywatches.ch\/es\/tienda\/swiss-military-sma34070-01-es\/\"]}]},{\"@type\":\"BreadcrumbList\",\"@id\":\"https:\/\/swissmilitarywatches.ch\/es\/tienda\/swiss-military-sma34070-01-es\/#breadcrumb\",\"itemListElement\":[{\"@type\":\"ListItem\",\"position\":1,\"name\":\"Home\",\"item\":\"https:\/\/swissmilitarywatches.ch\/es\/pagina-principal-2\/\"},{\"@type\":\"ListItem\",\"position\":2,\"name\":\"Tienda\",\"item\":\"https:\/\/swissmilitarywatches.ch\/es\/tienda\/\"},{\"@type\":\"ListItem\",\"position\":3,\"name\":\"Todos los relojes\",\"item\":\"https:\/\/swissmilitarywatches.ch\/es\/categoria-de-producto\/todos-los-relojes-es\/\"},{\"@type\":\"ListItem\",\"position\":4,\"name\":\"Relojes de hombre\",\"item\":\"https:\/\/swissmilitarywatches.ch\/es\/categoria-de-producto\/todos-los-relojes-es\/relojes-hombre-es\/\"},{\"@type\":\"ListItem\",\"position\":5,\"name\":\"Relojes autom\u00e1ticos\",\"item\":\"https:\/\/swissmilitarywatches.ch\/es\/categoria-de-producto\/todos-los-relojes-es\/relojes-hombre-es\/relojes-automaticos-es\/\"},{\"@type\":\"ListItem\",\"position\":6,\"name\":\"Swiss Military SMA34070.01 &#8211; Reloj autom\u00e1tico de doble horario Swiss Made\"}]},{\"@type\":\"WebSite\",\"@id\":\"https:\/\/swissmilitarywatches.ch\/es\/#website\",\"url\":\"https:\/\/swissmilitarywatches.ch\/es\/\",\"name\":\"Swiss Military by Chrono\",\"description\":\"Official Licensed Product of the Swiss Confederation\",\"publisher\":{\"@id\":\"https:\/\/swissmilitarywatches.ch\/es\/#organization\"},\"potentialAction\":[{\"@type\":\"SearchAction\",\"target\":{\"@type\":\"EntryPoint\",\"urlTemplate\":\"https:\/\/swissmilitarywatches.ch\/es\/?s={search_term_string}\"},\"query-input\":{\"@type\":\"PropertyValueSpecification\",\"valueRequired\":true,\"valueName\":\"search_term_string\"}}],\"inLanguage\":\"es\"},{\"@type\":\"Organization\",\"@id\":\"https:\/\/swissmilitarywatches.ch\/es\/#organization\",\"name\":\"Swiss Military by Chrono\",\"url\":\"https:\/\/swissmilitarywatches.ch\/es\/\",\"logo\":{\"@type\":\"ImageObject\",\"inLanguage\":\"es\",\"@id\":\"https:\/\/swissmilitarywatches.ch\/es\/#\/schema\/logo\/image\/\",\"url\":\"https:\/\/swissmilitarywatches.ch\/wp-content\/uploads\/2020\/04\/cropped-SM_logo_512x512px.jpg\",\"contentUrl\":\"https:\/\/swissmilitarywatches.ch\/wp-content\/uploads\/2020\/04\/cropped-SM_logo_512x512px.jpg\",\"width\":512,\"height\":512,\"caption\":\"Swiss Military by Chrono\"},\"image\":{\"@id\":\"https:\/\/swissmilitarywatches.ch\/es\/#\/schema\/logo\/image\/\"},\"sameAs\":[\"https:\/\/m.facebook.com\/swissmilitarybychronoofficial\/\",\"https:\/\/www.instagram.com\/swissmilitarybychrono\/\",\"https:\/\/www.pinterest.ch\/swissmilitarybychrono\/\"]}]}<\/script>\n<meta property=\"product:price:amount\" content=\"799.00\" \/>\n<meta property=\"product:price:currency\" content=\"EUR\" \/>\n<meta property=\"og:availability\" content=\"out of stock\" \/>\n<meta property=\"product:availability\" content=\"out of stock\" \/>\n<meta property=\"product:retailer_item_id\" content=\"SMA34070.01\" \/>\n<meta property=\"product:condition\" content=\"new\" \/>\n<!-- \/ Yoast SEO Premium plugin. -->","yoast_head_json":{"title":"Swiss Military SMA34070.01 - Reloj autom\u00e1tico de doble horario Swiss Made","description":"Este reloj Swiss Made de doble horario es perfecto si viaja mucho. Las dos manecillas de hora muestran dos zonas horarias diferentes. No se confunda con la diferencia horaria!","robots":{"index":"index","follow":"follow","max-snippet":"max-snippet:-1","max-image-preview":"max-image-preview:large","max-video-preview":"max-video-preview:-1"},"canonical":"https:\/\/swissmilitarywatches.ch\/es\/tienda\/swiss-military-sma34070-01-es\/","og_locale":"es_ES","og_type":"article","og_title":"Swiss Military SMA34070.01 - Reloj autom\u00e1tico de doble horario Swiss Made","og_description":"Este reloj Swiss Made de doble horario es perfecto si viaja mucho. Las dos manecillas de hora muestran dos zonas horarias diferentes. No se confunda con la diferencia horaria!","og_url":"https:\/\/swissmilitarywatches.ch\/es\/tienda\/swiss-military-sma34070-01-es\/","og_site_name":"Swiss Military by Chrono","article_publisher":"https:\/\/m.facebook.com\/swissmilitarybychronoofficial\/","article_modified_time":"2022-03-28T09:11:47+00:00","og_image":[{"width":1300,"height":1642,"url":"https:\/\/swissmilitarywatches.ch\/wp-content\/uploads\/2020\/05\/SM34070.01.png","type":"image\/png"}],"twitter_card":"summary_large_image","twitter_misc":{"Precio":"&euro;799.00 con IVA","Disponibilidad":"Sin existencias"},"schema":{"@context":"https:\/\/schema.org","@graph":[{"@type":"WebPage","@id":"https:\/\/swissmilitarywatches.ch\/es\/tienda\/swiss-military-sma34070-01-es\/","url":"https:\/\/swissmilitarywatches.ch\/es\/tienda\/swiss-military-sma34070-01-es\/","name":"Swiss Military SMA34070.01 - Reloj autom\u00e1tico de doble horario Swiss Made","isPartOf":{"@id":"https:\/\/swissmilitarywatches.ch\/es\/#website"},"datePublished":"2021-06-22T14:57:32+00:00","dateModified":"2022-03-28T09:11:47+00:00","description":"Este reloj Swiss Made de doble horario es perfecto si viaja mucho. Las dos manecillas de hora muestran dos zonas horarias diferentes. No se confunda con la diferencia horaria!","breadcrumb":{"@id":"https:\/\/swissmilitarywatches.ch\/es\/tienda\/swiss-military-sma34070-01-es\/#breadcrumb"},"inLanguage":"es","potentialAction":[{"@type":"ReadAction","target":["https:\/\/swissmilitarywatches.ch\/es\/tienda\/swiss-military-sma34070-01-es\/"]}]},{"@type":"BreadcrumbList","@id":"https:\/\/swissmilitarywatches.ch\/es\/tienda\/swiss-military-sma34070-01-es\/#breadcrumb","itemListElement":[{"@type":"ListItem","position":1,"name":"Home","item":"https:\/\/swissmilitarywatches.ch\/es\/pagina-principal-2\/"},{"@type":"ListItem","position":2,"name":"Tienda","item":"https:\/\/swissmilitarywatches.ch\/es\/tienda\/"},{"@type":"ListItem","position":3,"name":"Todos los relojes","item":"https:\/\/swissmilitarywatches.ch\/es\/categoria-de-producto\/todos-los-relojes-es\/"},{"@type":"ListItem","position":4,"name":"Relojes de hombre","item":"https:\/\/swissmilitarywatches.ch\/es\/categoria-de-producto\/todos-los-relojes-es\/relojes-hombre-es\/"},{"@type":"ListItem","position":5,"name":"Relojes autom\u00e1ticos","item":"https:\/\/swissmilitarywatches.ch\/es\/categoria-de-producto\/todos-los-relojes-es\/relojes-hombre-es\/relojes-automaticos-es\/"},{"@type":"ListItem","position":6,"name":"Swiss Military SMA34070.01 &#8211; Reloj autom\u00e1tico de doble horario Swiss Made"}]},{"@type":"WebSite","@id":"https:\/\/swissmilitarywatches.ch\/es\/#website","url":"https:\/\/swissmilitarywatches.ch\/es\/","name":"Swiss Military by Chrono","description":"Official Licensed Product of the Swiss Confederation","publisher":{"@id":"https:\/\/swissmilitarywatches.ch\/es\/#organization"},"potentialAction":[{"@type":"SearchAction","target":{"@type":"EntryPoint","urlTemplate":"https:\/\/swissmilitarywatches.ch\/es\/?s={search_term_string}"},"query-input":{"@type":"PropertyValueSpecification","valueRequired":true,"valueName":"search_term_string"}}],"inLanguage":"es"},{"@type":"Organization","@id":"https:\/\/swissmilitarywatches.ch\/es\/#organization","name":"Swiss Military by Chrono","url":"https:\/\/swissmilitarywatches.ch\/es\/","logo":{"@type":"ImageObject","inLanguage":"es","@id":"https:\/\/swissmilitarywatches.ch\/es\/#\/schema\/logo\/image\/","url":"https:\/\/swissmilitarywatches.ch\/wp-content\/uploads\/2020\/04\/cropped-SM_logo_512x512px.jpg","contentUrl":"https:\/\/swissmilitarywatches.ch\/wp-content\/uploads\/2020\/04\/cropped-SM_logo_512x512px.jpg","width":512,"height":512,"caption":"Swiss Military by Chrono"},"image":{"@id":"https:\/\/swissmilitarywatches.ch\/es\/#\/schema\/logo\/image\/"},"sameAs":["https:\/\/m.facebook.com\/swissmilitarybychronoofficial\/","https:\/\/www.instagram.com\/swissmilitarybychrono\/","https:\/\/www.pinterest.ch\/swissmilitarybychrono\/"]}]},"product_price_amount":"799.00","product_price_currency":"EUR","og_availability":"out of stock","product_availability":"out of stock","product_retailer_item_id":"SMA34070.01","product_condition":"new"},"jetpack_sharing_enabled":true,"_links":{"self":[{"href":"https:\/\/swissmilitarywatches.ch\/es\/wp-json\/wp\/v2\/product\/7874","targetHints":{"allow":["GET"]}}],"collection":[{"href":"https:\/\/swissmilitarywatches.ch\/es\/wp-json\/wp\/v2\/product"}],"about":[{"href":"https:\/\/swissmilitarywatches.ch\/es\/wp-json\/wp\/v2\/types\/product"}],"replies":[{"embeddable":true,"href":"https:\/\/swissmilitarywatches.ch\/es\/wp-json\/wp\/v2\/comments?post=7874"}],"wp:attachment":[{"href":"https:\/\/swissmilitarywatches.ch\/es\/wp-json\/wp\/v2\/media?parent=7874"}],"wp:term":[{"taxonomy":"product_brand","embeddable":true,"href":"https:\/\/swissmilitarywatches.ch\/es\/wp-json\/wp\/v2\/product_brand?post=7874"},{"taxonomy":"product_cat","embeddable":true,"href":"https:\/\/swissmilitarywatches.ch\/es\/wp-json\/wp\/v2\/product_cat?post=7874"},{"taxonomy":"product_tag","embeddable":true,"href":"https:\/\/swissmilitarywatches.ch\/es\/wp-json\/wp\/v2\/product_tag?post=7874"}],"curies":[{"name":"wp","href":"https:\/\/api.w.org\/{rel}","templated":true}]}}