{"id":7842,"date":"2020-04-14T08:37:53","date_gmt":"2021-06-22T12:20:08","guid":{"rendered":"https:\/\/swissmilitarywatches.ch\/product\/swiss-military-sms34072-07-cronografo-solar-swiss-made\/"},"modified":"2022-03-28T10:05:31","modified_gmt":"2022-03-28T09:05:31","slug":"swiss-military-sms34072-07-es","status":"publish","type":"product","link":"https:\/\/swissmilitarywatches.ch\/es\/tienda\/swiss-military-sms34072-07-es\/","title":{"rendered":"Swiss Military SMS34072.07 &#8211; Cron\u00f3grafo solar Swiss Made"},"content":{"rendered":"<p>Este cron\u00f3grafo solar Swiss Made utiliza la luz como fuente de energ\u00eda. Funciona de forma fiable y con la m\u00e1xima precisi\u00f3n gracias al impulso de la luz. La bater\u00eda recargable integrada se carga cada vez que el reloj se expone a cualquier tipo de fuente de luz. Una vez cargada por completo, la bater\u00eda tiene suficiente energ\u00eda para que el reloj funcione durante varios meses sin estar expuesto a la luz. Como resultado, se acabaron los fastidiosos cambios de pilas y los relojes sin carga!<\/p>\n<p>Este reloj solar de hombre, deportivo y muy funcional, cuenta con una duradera caja de acero inoxidable. El color gris plateado de la caja y del bisel poligonal se ha realizado mediante un plaqueado de PVD de alta calidad. Se combina con una banda de caucho negra que completa el aspecto deportivo y moderno. La esfera negra, siempre a la moda, cuenta con llamativos marcadores de hora y manecillas. Todos los indicadores de hora, as\u00ed como las manecillas de la hora y de los minutos, son luminosos y brillan en la oscuridad. Este cron\u00f3grafo solar est\u00e1 equipado con un movimiento solar Swiss Made y se ensambla a mano en <a href=\"https:\/\/swissmilitarywatches.ch\/es\/marca\/#brand-swiss-made\">nuestro taller de relojer\u00eda.<\/a> Como promesa de nuestra calidad Swiss Military Swiss Made, este reloj est\u00e1 cubierto por <a href=\"https:\/\/swissmilitarywatches.ch\/es\/garantia\/\">una garant\u00eda internacional de 5 a\u00f1os.<\/a><\/p>\n","protected":false},"excerpt":{"rendered":"<p><strong>\u00bfEst\u00e1 cansado de encontrarse con un reloj que no tiene bater\u00eda y tener que ir a un punto de servicio para cambiarla? Descubre el reloj solar!<\/strong><\/p>\n<p>Este cron\u00f3grafo de hombre Swiss Made utiliza la luz como fuente de energ\u00eda. Funciona de forma fiable y precisa durante varios meses sin exposici\u00f3n a la luz una vez que la bater\u00eda recargable integrada est\u00e1 completamente cargada. Adem\u00e1s, este atractivo reloj viene con todas las especificaciones de calidad de un verdadero reloj Swiss Made:<\/p>\n<ul>\n<li>Producci\u00f3n propia Swiss Made<\/li>\n<li>Caja de acero inoxidable<\/li>\n<li>Cristal mineral extra endurecido K1 con capa de zafiro<\/li>\n<li>Resistencia al agua hasta 100M\/10ATM<\/li>\n<li>Movimiento solar Swiss Made<\/li>\n<li>5 a\u00f1os de garant\u00eda internacional<\/li>\n<\/ul>\n","protected":false},"featured_media":0,"comment_status":"open","ping_status":"closed","template":"","meta":[],"product_brand":[],"product_cat":[1813,1816,1824,1877],"product_tag":[],"class_list":{"0":"post-7842","1":"product","2":"type-product","3":"status-publish","5":"product_cat-todos-los-relojes-es","6":"product_cat-relojes-hombre-es","7":"product_cat-relojes-de-cuarzo","8":"product_cat-energia-solar","9":"product_shipping_class-envio-flexible-es","11":"first","12":"outofstock","13":"taxable","14":"shipping-taxable","15":"purchasable","16":"product-type-simple"},"yoast_head":"<!-- This site is optimized with the Yoast SEO Premium plugin v26.6 (Yoast SEO v26.6) - https:\/\/yoast.com\/wordpress\/plugins\/seo\/ -->\n<title>Swiss Military SMS34072.07 - Cron\u00f3grafo solar Swiss Made<\/title>\n<meta name=\"description\" content=\"Nuestro cron\u00f3grafo solar Swiss Made Swiss Military utiliza la luz como fuente de energ\u00eda fiable. La bater\u00eda recargable integrada se carga cuando se expone a la luz.\" \/>\n<meta name=\"robots\" content=\"index, follow, max-snippet:-1, max-image-preview:large, max-video-preview:-1\" \/>\n<link rel=\"canonical\" href=\"https:\/\/swissmilitarywatches.ch\/es\/tienda\/swiss-military-sms34072-07-es\/\" \/>\n<meta property=\"og:locale\" content=\"es_ES\" \/>\n<meta property=\"og:type\" content=\"article\" \/>\n<meta property=\"og:title\" content=\"Swiss Military SMS34072.07 - Cron\u00f3grafo solar Swiss Made\" \/>\n<meta property=\"og:description\" content=\"Nuestro cron\u00f3grafo solar Swiss Made Swiss Military utiliza la luz como fuente de energ\u00eda fiable. La bater\u00eda recargable integrada se carga cuando se expone a la luz.\" \/>\n<meta property=\"og:url\" content=\"https:\/\/swissmilitarywatches.ch\/es\/tienda\/swiss-military-sms34072-07-es\/\" \/>\n<meta property=\"og:site_name\" content=\"Swiss Military by Chrono\" \/>\n<meta property=\"article:publisher\" content=\"https:\/\/m.facebook.com\/swissmilitarybychronoofficial\/\" \/>\n<meta property=\"article:modified_time\" content=\"2022-03-28T09:05:31+00:00\" \/>\n<meta property=\"og:image\" content=\"https:\/\/swissmilitarywatches.ch\/wp-content\/uploads\/2020\/04\/SMS34072.07.png\" \/>\n\t<meta property=\"og:image:width\" content=\"1300\" \/>\n\t<meta property=\"og:image:height\" content=\"1642\" \/>\n\t<meta property=\"og:image:type\" content=\"image\/png\" \/>\n<meta name=\"twitter:card\" content=\"summary_large_image\" \/>\n<meta name=\"twitter:label1\" content=\"Precio\" \/>\n\t<meta name=\"twitter:data1\" content=\"&euro;359.00 con IVA\" \/>\n\t<meta name=\"twitter:label2\" content=\"Disponibilidad\" \/>\n\t<meta name=\"twitter:data2\" content=\"Sin existencias\" \/>\n<script type=\"application\/ld+json\" class=\"yoast-schema-graph\">{\"@context\":\"https:\/\/schema.org\",\"@graph\":[{\"@type\":\"WebPage\",\"@id\":\"https:\/\/swissmilitarywatches.ch\/es\/tienda\/swiss-military-sms34072-07-es\/\",\"url\":\"https:\/\/swissmilitarywatches.ch\/es\/tienda\/swiss-military-sms34072-07-es\/\",\"name\":\"Swiss Military SMS34072.07 - Cron\u00f3grafo solar Swiss Made\",\"isPartOf\":{\"@id\":\"https:\/\/swissmilitarywatches.ch\/es\/#website\"},\"datePublished\":\"2021-06-22T12:20:08+00:00\",\"dateModified\":\"2022-03-28T09:05:31+00:00\",\"description\":\"Nuestro cron\u00f3grafo solar Swiss Made Swiss Military utiliza la luz como fuente de energ\u00eda fiable. La bater\u00eda recargable integrada se carga cuando se expone a la luz.\",\"breadcrumb\":{\"@id\":\"https:\/\/swissmilitarywatches.ch\/es\/tienda\/swiss-military-sms34072-07-es\/#breadcrumb\"},\"inLanguage\":\"es\",\"potentialAction\":[{\"@type\":\"ReadAction\",\"target\":[\"https:\/\/swissmilitarywatches.ch\/es\/tienda\/swiss-military-sms34072-07-es\/\"]}]},{\"@type\":\"BreadcrumbList\",\"@id\":\"https:\/\/swissmilitarywatches.ch\/es\/tienda\/swiss-military-sms34072-07-es\/#breadcrumb\",\"itemListElement\":[{\"@type\":\"ListItem\",\"position\":1,\"name\":\"Home\",\"item\":\"https:\/\/swissmilitarywatches.ch\/es\/pagina-principal-2\/\"},{\"@type\":\"ListItem\",\"position\":2,\"name\":\"Tienda\",\"item\":\"https:\/\/swissmilitarywatches.ch\/es\/tienda\/\"},{\"@type\":\"ListItem\",\"position\":3,\"name\":\"Todos los relojes\",\"item\":\"https:\/\/swissmilitarywatches.ch\/es\/categoria-de-producto\/todos-los-relojes-es\/\"},{\"@type\":\"ListItem\",\"position\":4,\"name\":\"Relojes de hombre\",\"item\":\"https:\/\/swissmilitarywatches.ch\/es\/categoria-de-producto\/todos-los-relojes-es\/relojes-hombre-es\/\"},{\"@type\":\"ListItem\",\"position\":5,\"name\":\"Relojes con funciones especiales\",\"item\":\"https:\/\/swissmilitarywatches.ch\/es\/categoria-de-producto\/todos-los-relojes-es\/relojes-hombre-es\/relojes-con-funciones-especiales\/\"},{\"@type\":\"ListItem\",\"position\":6,\"name\":\"Energ\u00eda solar\",\"item\":\"https:\/\/swissmilitarywatches.ch\/es\/categoria-de-producto\/todos-los-relojes-es\/relojes-hombre-es\/relojes-con-funciones-especiales\/energia-solar\/\"},{\"@type\":\"ListItem\",\"position\":7,\"name\":\"Swiss Military SMS34072.07 &#8211; Cron\u00f3grafo solar Swiss Made\"}]},{\"@type\":\"WebSite\",\"@id\":\"https:\/\/swissmilitarywatches.ch\/es\/#website\",\"url\":\"https:\/\/swissmilitarywatches.ch\/es\/\",\"name\":\"Swiss Military by Chrono\",\"description\":\"Official Licensed Product of the Swiss Confederation\",\"publisher\":{\"@id\":\"https:\/\/swissmilitarywatches.ch\/es\/#organization\"},\"potentialAction\":[{\"@type\":\"SearchAction\",\"target\":{\"@type\":\"EntryPoint\",\"urlTemplate\":\"https:\/\/swissmilitarywatches.ch\/es\/?s={search_term_string}\"},\"query-input\":{\"@type\":\"PropertyValueSpecification\",\"valueRequired\":true,\"valueName\":\"search_term_string\"}}],\"inLanguage\":\"es\"},{\"@type\":\"Organization\",\"@id\":\"https:\/\/swissmilitarywatches.ch\/es\/#organization\",\"name\":\"Swiss Military by Chrono\",\"url\":\"https:\/\/swissmilitarywatches.ch\/es\/\",\"logo\":{\"@type\":\"ImageObject\",\"inLanguage\":\"es\",\"@id\":\"https:\/\/swissmilitarywatches.ch\/es\/#\/schema\/logo\/image\/\",\"url\":\"https:\/\/swissmilitarywatches.ch\/wp-content\/uploads\/2020\/04\/cropped-SM_logo_512x512px.jpg\",\"contentUrl\":\"https:\/\/swissmilitarywatches.ch\/wp-content\/uploads\/2020\/04\/cropped-SM_logo_512x512px.jpg\",\"width\":512,\"height\":512,\"caption\":\"Swiss Military by Chrono\"},\"image\":{\"@id\":\"https:\/\/swissmilitarywatches.ch\/es\/#\/schema\/logo\/image\/\"},\"sameAs\":[\"https:\/\/m.facebook.com\/swissmilitarybychronoofficial\/\",\"https:\/\/www.instagram.com\/swissmilitarybychrono\/\",\"https:\/\/www.pinterest.ch\/swissmilitarybychrono\/\"]}]}<\/script>\n<meta property=\"product:price:amount\" content=\"359.00\" \/>\n<meta property=\"product:price:currency\" content=\"EUR\" \/>\n<meta property=\"og:availability\" content=\"out of stock\" \/>\n<meta property=\"product:availability\" content=\"out of stock\" \/>\n<meta property=\"product:retailer_item_id\" content=\"SMS34072.07\" \/>\n<meta property=\"product:condition\" content=\"new\" \/>\n<!-- \/ Yoast SEO Premium plugin. -->","yoast_head_json":{"title":"Swiss Military SMS34072.07 - Cron\u00f3grafo solar Swiss Made","description":"Nuestro cron\u00f3grafo solar Swiss Made Swiss Military utiliza la luz como fuente de energ\u00eda fiable. La bater\u00eda recargable integrada se carga cuando se expone a la luz.","robots":{"index":"index","follow":"follow","max-snippet":"max-snippet:-1","max-image-preview":"max-image-preview:large","max-video-preview":"max-video-preview:-1"},"canonical":"https:\/\/swissmilitarywatches.ch\/es\/tienda\/swiss-military-sms34072-07-es\/","og_locale":"es_ES","og_type":"article","og_title":"Swiss Military SMS34072.07 - Cron\u00f3grafo solar Swiss Made","og_description":"Nuestro cron\u00f3grafo solar Swiss Made Swiss Military utiliza la luz como fuente de energ\u00eda fiable. La bater\u00eda recargable integrada se carga cuando se expone a la luz.","og_url":"https:\/\/swissmilitarywatches.ch\/es\/tienda\/swiss-military-sms34072-07-es\/","og_site_name":"Swiss Military by Chrono","article_publisher":"https:\/\/m.facebook.com\/swissmilitarybychronoofficial\/","article_modified_time":"2022-03-28T09:05:31+00:00","og_image":[{"width":1300,"height":1642,"url":"https:\/\/swissmilitarywatches.ch\/wp-content\/uploads\/2020\/04\/SMS34072.07.png","type":"image\/png"}],"twitter_card":"summary_large_image","twitter_misc":{"Precio":"&euro;359.00 con IVA","Disponibilidad":"Sin existencias"},"schema":{"@context":"https:\/\/schema.org","@graph":[{"@type":"WebPage","@id":"https:\/\/swissmilitarywatches.ch\/es\/tienda\/swiss-military-sms34072-07-es\/","url":"https:\/\/swissmilitarywatches.ch\/es\/tienda\/swiss-military-sms34072-07-es\/","name":"Swiss Military SMS34072.07 - Cron\u00f3grafo solar Swiss Made","isPartOf":{"@id":"https:\/\/swissmilitarywatches.ch\/es\/#website"},"datePublished":"2021-06-22T12:20:08+00:00","dateModified":"2022-03-28T09:05:31+00:00","description":"Nuestro cron\u00f3grafo solar Swiss Made Swiss Military utiliza la luz como fuente de energ\u00eda fiable. La bater\u00eda recargable integrada se carga cuando se expone a la luz.","breadcrumb":{"@id":"https:\/\/swissmilitarywatches.ch\/es\/tienda\/swiss-military-sms34072-07-es\/#breadcrumb"},"inLanguage":"es","potentialAction":[{"@type":"ReadAction","target":["https:\/\/swissmilitarywatches.ch\/es\/tienda\/swiss-military-sms34072-07-es\/"]}]},{"@type":"BreadcrumbList","@id":"https:\/\/swissmilitarywatches.ch\/es\/tienda\/swiss-military-sms34072-07-es\/#breadcrumb","itemListElement":[{"@type":"ListItem","position":1,"name":"Home","item":"https:\/\/swissmilitarywatches.ch\/es\/pagina-principal-2\/"},{"@type":"ListItem","position":2,"name":"Tienda","item":"https:\/\/swissmilitarywatches.ch\/es\/tienda\/"},{"@type":"ListItem","position":3,"name":"Todos los relojes","item":"https:\/\/swissmilitarywatches.ch\/es\/categoria-de-producto\/todos-los-relojes-es\/"},{"@type":"ListItem","position":4,"name":"Relojes de hombre","item":"https:\/\/swissmilitarywatches.ch\/es\/categoria-de-producto\/todos-los-relojes-es\/relojes-hombre-es\/"},{"@type":"ListItem","position":5,"name":"Relojes con funciones especiales","item":"https:\/\/swissmilitarywatches.ch\/es\/categoria-de-producto\/todos-los-relojes-es\/relojes-hombre-es\/relojes-con-funciones-especiales\/"},{"@type":"ListItem","position":6,"name":"Energ\u00eda solar","item":"https:\/\/swissmilitarywatches.ch\/es\/categoria-de-producto\/todos-los-relojes-es\/relojes-hombre-es\/relojes-con-funciones-especiales\/energia-solar\/"},{"@type":"ListItem","position":7,"name":"Swiss Military SMS34072.07 &#8211; Cron\u00f3grafo solar Swiss Made"}]},{"@type":"WebSite","@id":"https:\/\/swissmilitarywatches.ch\/es\/#website","url":"https:\/\/swissmilitarywatches.ch\/es\/","name":"Swiss Military by Chrono","description":"Official Licensed Product of the Swiss Confederation","publisher":{"@id":"https:\/\/swissmilitarywatches.ch\/es\/#organization"},"potentialAction":[{"@type":"SearchAction","target":{"@type":"EntryPoint","urlTemplate":"https:\/\/swissmilitarywatches.ch\/es\/?s={search_term_string}"},"query-input":{"@type":"PropertyValueSpecification","valueRequired":true,"valueName":"search_term_string"}}],"inLanguage":"es"},{"@type":"Organization","@id":"https:\/\/swissmilitarywatches.ch\/es\/#organization","name":"Swiss Military by Chrono","url":"https:\/\/swissmilitarywatches.ch\/es\/","logo":{"@type":"ImageObject","inLanguage":"es","@id":"https:\/\/swissmilitarywatches.ch\/es\/#\/schema\/logo\/image\/","url":"https:\/\/swissmilitarywatches.ch\/wp-content\/uploads\/2020\/04\/cropped-SM_logo_512x512px.jpg","contentUrl":"https:\/\/swissmilitarywatches.ch\/wp-content\/uploads\/2020\/04\/cropped-SM_logo_512x512px.jpg","width":512,"height":512,"caption":"Swiss Military by Chrono"},"image":{"@id":"https:\/\/swissmilitarywatches.ch\/es\/#\/schema\/logo\/image\/"},"sameAs":["https:\/\/m.facebook.com\/swissmilitarybychronoofficial\/","https:\/\/www.instagram.com\/swissmilitarybychrono\/","https:\/\/www.pinterest.ch\/swissmilitarybychrono\/"]}]},"product_price_amount":"359.00","product_price_currency":"EUR","og_availability":"out of stock","product_availability":"out of stock","product_retailer_item_id":"SMS34072.07","product_condition":"new"},"jetpack_sharing_enabled":true,"_links":{"self":[{"href":"https:\/\/swissmilitarywatches.ch\/es\/wp-json\/wp\/v2\/product\/7842","targetHints":{"allow":["GET"]}}],"collection":[{"href":"https:\/\/swissmilitarywatches.ch\/es\/wp-json\/wp\/v2\/product"}],"about":[{"href":"https:\/\/swissmilitarywatches.ch\/es\/wp-json\/wp\/v2\/types\/product"}],"replies":[{"embeddable":true,"href":"https:\/\/swissmilitarywatches.ch\/es\/wp-json\/wp\/v2\/comments?post=7842"}],"wp:attachment":[{"href":"https:\/\/swissmilitarywatches.ch\/es\/wp-json\/wp\/v2\/media?parent=7842"}],"wp:term":[{"taxonomy":"product_brand","embeddable":true,"href":"https:\/\/swissmilitarywatches.ch\/es\/wp-json\/wp\/v2\/product_brand?post=7842"},{"taxonomy":"product_cat","embeddable":true,"href":"https:\/\/swissmilitarywatches.ch\/es\/wp-json\/wp\/v2\/product_cat?post=7842"},{"taxonomy":"product_tag","embeddable":true,"href":"https:\/\/swissmilitarywatches.ch\/es\/wp-json\/wp\/v2\/product_tag?post=7842"}],"curies":[{"name":"wp","href":"https:\/\/api.w.org\/{rel}","templated":true}]}}