{"id":7590,"date":"2021-03-17T13:03:15","date_gmt":"2021-03-17T11:03:15","guid":{"rendered":"https:\/\/swissmilitarywatches.ch\/product\/swiss-military-sma34075-06-reloj-automatico-de-buceo-swiss-made-500m\/"},"modified":"2025-11-24T00:00:53","modified_gmt":"2025-11-23T22:00:53","slug":"swiss-military-sma34075-06-swiss-made-automatic-dive-watch-500m-es","status":"publish","type":"product","link":"https:\/\/swissmilitarywatches.ch\/es\/tienda\/swiss-military-sma34075-06-swiss-made-automatic-dive-watch-500m-es\/","title":{"rendered":"Swiss Military SMA34075.06 &#8211; Reloj autom\u00e1tico de buceo Swiss Made 500M"},"content":{"rendered":"<p>Este resistente reloj de buceo profesional es el compa\u00f1ero perfecto para sus aventuras al aire libre tanto en tierra como en el agua. Ese reloj de hombre impresionante de fabricaci\u00f3n suiza no s\u00f3lo es un complemento perfecto para sus actividades al exterior, sino que tambi\u00e9n es un compa\u00f1ero fiable para cada d\u00eda. En cualquier ocasi\u00f3n, ya sea casual, deportiva o elegante, este reloj autom\u00e1tico de alta calidad con su dise\u00f1o cl\u00e1sico al estilo de buceo siempre convence.<\/p>\n<p>Adem\u00e1s, este reloj viene equipado con funciones de alta calidad, dignas de un reloj deportivo verdaderamente robusto. La caja de este reloj de exterior est\u00e1 fabricada con acero inoxidable resistente y cuenta con un bisel giratorio de cer\u00e1mica que no se raya. Un cristal de zafiro resistente a rayaduras cubre la esfera negra cl\u00e1sica. La pulsera de caucho negra completa el dise\u00f1o deportivo. Las manecillas y los marcadores de hora, bien visibles, son luminosos y brillan en la oscuridad. Lo m\u00e1s importante es que este reloj de buceo profesional es resistente al agua hasta 500M\/50ATM. Para garantizar la funcionalidad a estas grandes profundidades, una v\u00e1lvula de liberaci\u00f3n de helio, situada en el lado de la caja del reloj, funciona como compensador de presi\u00f3n.<\/p>\n<p>Este reloj est\u00e1 equipado con un movimiento autom\u00e1tico Swiss Made de Ronda o Sellita y se ensambla a mano<a href=\"https:\/\/swissmilitarywatches.ch\/es\/marca\/#brand-swiss-made\">en nuestro taller de relojer\u00eda.<\/a> Como promesa de nuestra calidad Swiss Military Swiss Made, este reloj est\u00e1 cubierto por <a href=\"https:\/\/swissmilitarywatches.ch\/es\/garantia\/\">una garant\u00eda internacional de 5 a\u00f1os.<\/a><\/p>\n<p>&nbsp;<\/p>\n","protected":false},"excerpt":{"rendered":"<p><strong>\u00bfBusca el reloj perfecto para las actividades exteriores?<\/strong><\/p>\n<p>Este resistente reloj de buceo profesional es el compa\u00f1ero perfecto para sus aventuras al aire libre tanto en tierra como en el agua. Sin embargo, este impresionante reloj de hombre Swiss Made no s\u00f3lo es un complemento perfecto para sus actividades exteriores, sino que tambi\u00e9n es un compa\u00f1ero fiable para la vida diaria. En cualquier ocasi\u00f3n, ya sea casual, deportiva o elegante, este reloj autom\u00e1tico de alta calidad con su dise\u00f1o cl\u00e1sico al estilo de buceo siempre convence. Adem\u00e1s, este reloj est\u00e1 provisto con funciones de alta calidad dignas de un reloj deportivo Swiss Made realmente resistente:<\/p>\n<ul>\n<li>Producci\u00f3n propia Swiss Made<\/li>\n<li>Robusta caja de acero inoxidable<\/li>\n<li>Bisel cer\u00e1mico<\/li>\n<li>Cristal de zafiro resistente a rayaduras<\/li>\n<li>Resistencia al agua hasta 500M\/50ATM<\/li>\n<li>Corona de tornillo<\/li>\n<li>V\u00e1lvula de liberaci\u00f3n de helio<\/li>\n<li>Movimiento autom\u00e1tico Swiss Made<\/li>\n<li>5 a\u00f1os de garant\u00eda internacional<\/li>\n<\/ul>\n","protected":false},"featured_media":7591,"comment_status":"open","ping_status":"closed","template":"","meta":[],"product_brand":[],"product_cat":[3080,1813,1816,1814,1866],"product_tag":[],"class_list":{"0":"post-7590","1":"product","2":"type-product","3":"status-publish","4":"has-post-thumbnail","6":"product_cat-relojes-outdoor","7":"product_cat-todos-los-relojes-es","8":"product_cat-relojes-hombre-es","9":"product_cat-relojes-automaticos-es","10":"product_cat-sma34075-es","11":"product_shipping_class-envio-flexible-es","13":"first","14":"instock","15":"taxable","16":"shipping-taxable","17":"purchasable","18":"product-type-simple"},"yoast_head":"<!-- This site is optimized with the Yoast SEO Premium plugin v26.6 (Yoast SEO v26.6) - https:\/\/yoast.com\/wordpress\/plugins\/seo\/ -->\n<title>Swiss Military SMA34075.06 - Reloj autom\u00e1tico de buceo Swiss Made 500M<\/title>\n<meta name=\"description\" content=\"Este resistente reloj de buceo profesional es el compa\u00f1ero perfecto para sus aventuras al aire libre. 500 metros de resistencia al agua, movimiento autom\u00e1tico, cristal zafiro.\" \/>\n<meta name=\"robots\" content=\"index, follow, max-snippet:-1, max-image-preview:large, max-video-preview:-1\" \/>\n<link rel=\"canonical\" href=\"https:\/\/swissmilitarywatches.ch\/es\/tienda\/swiss-military-sma34075-06-swiss-made-automatic-dive-watch-500m-es\/\" \/>\n<meta property=\"og:locale\" content=\"es_ES\" \/>\n<meta property=\"og:type\" content=\"article\" \/>\n<meta property=\"og:title\" content=\"Swiss Military SMA34075.06 - Reloj autom\u00e1tico de buceo Swiss Made 500M\" \/>\n<meta property=\"og:description\" content=\"Este resistente reloj de buceo profesional es el compa\u00f1ero perfecto para sus aventuras al aire libre. 500 metros de resistencia al agua, movimiento autom\u00e1tico, cristal zafiro.\" \/>\n<meta property=\"og:url\" content=\"https:\/\/swissmilitarywatches.ch\/es\/tienda\/swiss-military-sma34075-06-swiss-made-automatic-dive-watch-500m-es\/\" \/>\n<meta property=\"og:site_name\" content=\"Swiss Military by Chrono\" \/>\n<meta property=\"article:publisher\" content=\"https:\/\/m.facebook.com\/swissmilitarybychronoofficial\/\" \/>\n<meta property=\"article:modified_time\" content=\"2025-11-23T22:00:53+00:00\" \/>\n<meta property=\"og:image\" content=\"https:\/\/swissmilitarywatches.ch\/wp-content\/uploads\/2021\/03\/SMA34075.06.png\" \/>\n\t<meta property=\"og:image:width\" content=\"1300\" \/>\n\t<meta property=\"og:image:height\" content=\"1642\" \/>\n\t<meta property=\"og:image:type\" content=\"image\/png\" \/>\n<meta name=\"twitter:card\" content=\"summary_large_image\" \/>\n<meta name=\"twitter:label1\" content=\"Precio\" \/>\n\t<meta name=\"twitter:data1\" content=\"&euro;919.00 con IVA\" \/>\n\t<meta name=\"twitter:label2\" content=\"Disponibilidad\" \/>\n\t<meta name=\"twitter:data2\" content=\"Disponible\" \/>\n<script type=\"application\/ld+json\" class=\"yoast-schema-graph\">{\"@context\":\"https:\/\/schema.org\",\"@graph\":[{\"@type\":\"WebPage\",\"@id\":\"https:\/\/swissmilitarywatches.ch\/es\/tienda\/swiss-military-sma34075-06-swiss-made-automatic-dive-watch-500m-es\/\",\"url\":\"https:\/\/swissmilitarywatches.ch\/es\/tienda\/swiss-military-sma34075-06-swiss-made-automatic-dive-watch-500m-es\/\",\"name\":\"Swiss Military SMA34075.06 - Reloj autom\u00e1tico de buceo Swiss Made 500M\",\"isPartOf\":{\"@id\":\"https:\/\/swissmilitarywatches.ch\/es\/#website\"},\"primaryImageOfPage\":{\"@id\":\"https:\/\/swissmilitarywatches.ch\/es\/tienda\/swiss-military-sma34075-06-swiss-made-automatic-dive-watch-500m-es\/#primaryimage\"},\"image\":{\"@id\":\"https:\/\/swissmilitarywatches.ch\/es\/tienda\/swiss-military-sma34075-06-swiss-made-automatic-dive-watch-500m-es\/#primaryimage\"},\"thumbnailUrl\":\"https:\/\/swissmilitarywatches.ch\/wp-content\/uploads\/2021\/03\/SMA34075.06.png\",\"datePublished\":\"2021-03-17T11:03:15+00:00\",\"dateModified\":\"2025-11-23T22:00:53+00:00\",\"description\":\"Este resistente reloj de buceo profesional es el compa\u00f1ero perfecto para sus aventuras al aire libre. 500 metros de resistencia al agua, movimiento autom\u00e1tico, cristal zafiro.\",\"breadcrumb\":{\"@id\":\"https:\/\/swissmilitarywatches.ch\/es\/tienda\/swiss-military-sma34075-06-swiss-made-automatic-dive-watch-500m-es\/#breadcrumb\"},\"inLanguage\":\"es\",\"potentialAction\":[{\"@type\":\"ReadAction\",\"target\":[\"https:\/\/swissmilitarywatches.ch\/es\/tienda\/swiss-military-sma34075-06-swiss-made-automatic-dive-watch-500m-es\/\"]}]},{\"@type\":\"ImageObject\",\"inLanguage\":\"es\",\"@id\":\"https:\/\/swissmilitarywatches.ch\/es\/tienda\/swiss-military-sma34075-06-swiss-made-automatic-dive-watch-500m-es\/#primaryimage\",\"url\":\"https:\/\/swissmilitarywatches.ch\/wp-content\/uploads\/2021\/03\/SMA34075.06.png\",\"contentUrl\":\"https:\/\/swissmilitarywatches.ch\/wp-content\/uploads\/2021\/03\/SMA34075.06.png\",\"width\":1300,\"height\":1642,\"caption\":\"Swiss Military SMA34075.06 - Reloj autom\u00e1tico de buceo Swiss Made 500M\"},{\"@type\":\"BreadcrumbList\",\"@id\":\"https:\/\/swissmilitarywatches.ch\/es\/tienda\/swiss-military-sma34075-06-swiss-made-automatic-dive-watch-500m-es\/#breadcrumb\",\"itemListElement\":[{\"@type\":\"ListItem\",\"position\":1,\"name\":\"Home\",\"item\":\"https:\/\/swissmilitarywatches.ch\/es\/pagina-principal-2\/\"},{\"@type\":\"ListItem\",\"position\":2,\"name\":\"Tienda\",\"item\":\"https:\/\/swissmilitarywatches.ch\/es\/tienda\/\"},{\"@type\":\"ListItem\",\"position\":3,\"name\":\"Todos los relojes\",\"item\":\"https:\/\/swissmilitarywatches.ch\/es\/categoria-de-producto\/todos-los-relojes-es\/\"},{\"@type\":\"ListItem\",\"position\":4,\"name\":\"Relojes de hombre\",\"item\":\"https:\/\/swissmilitarywatches.ch\/es\/categoria-de-producto\/todos-los-relojes-es\/relojes-hombre-es\/\"},{\"@type\":\"ListItem\",\"position\":5,\"name\":\"Relojes autom\u00e1ticos\",\"item\":\"https:\/\/swissmilitarywatches.ch\/es\/categoria-de-producto\/todos-los-relojes-es\/relojes-hombre-es\/relojes-automaticos-es\/\"},{\"@type\":\"ListItem\",\"position\":6,\"name\":\"Swiss Military SMA34075.06 &#8211; Reloj autom\u00e1tico de buceo Swiss Made 500M\"}]},{\"@type\":\"WebSite\",\"@id\":\"https:\/\/swissmilitarywatches.ch\/es\/#website\",\"url\":\"https:\/\/swissmilitarywatches.ch\/es\/\",\"name\":\"Swiss Military by Chrono\",\"description\":\"Official Licensed Product of the Swiss Confederation\",\"publisher\":{\"@id\":\"https:\/\/swissmilitarywatches.ch\/es\/#organization\"},\"potentialAction\":[{\"@type\":\"SearchAction\",\"target\":{\"@type\":\"EntryPoint\",\"urlTemplate\":\"https:\/\/swissmilitarywatches.ch\/es\/?s={search_term_string}\"},\"query-input\":{\"@type\":\"PropertyValueSpecification\",\"valueRequired\":true,\"valueName\":\"search_term_string\"}}],\"inLanguage\":\"es\"},{\"@type\":\"Organization\",\"@id\":\"https:\/\/swissmilitarywatches.ch\/es\/#organization\",\"name\":\"Swiss Military by Chrono\",\"url\":\"https:\/\/swissmilitarywatches.ch\/es\/\",\"logo\":{\"@type\":\"ImageObject\",\"inLanguage\":\"es\",\"@id\":\"https:\/\/swissmilitarywatches.ch\/es\/#\/schema\/logo\/image\/\",\"url\":\"https:\/\/swissmilitarywatches.ch\/wp-content\/uploads\/2020\/04\/cropped-SM_logo_512x512px.jpg\",\"contentUrl\":\"https:\/\/swissmilitarywatches.ch\/wp-content\/uploads\/2020\/04\/cropped-SM_logo_512x512px.jpg\",\"width\":512,\"height\":512,\"caption\":\"Swiss Military by Chrono\"},\"image\":{\"@id\":\"https:\/\/swissmilitarywatches.ch\/es\/#\/schema\/logo\/image\/\"},\"sameAs\":[\"https:\/\/m.facebook.com\/swissmilitarybychronoofficial\/\",\"https:\/\/www.instagram.com\/swissmilitarybychrono\/\",\"https:\/\/www.pinterest.ch\/swissmilitarybychrono\/\"]}]}<\/script>\n<meta property=\"product:brand\" content=\"Swiss Military by Chrono\" \/>\n<meta property=\"product:price:amount\" content=\"919.00\" \/>\n<meta property=\"product:price:currency\" content=\"EUR\" \/>\n<meta property=\"og:availability\" content=\"instock\" \/>\n<meta property=\"product:availability\" content=\"instock\" \/>\n<meta property=\"product:retailer_item_id\" content=\"SMA34075.06\" \/>\n<meta property=\"product:condition\" content=\"new\" \/>\n<!-- \/ Yoast SEO Premium plugin. -->","yoast_head_json":{"title":"Swiss Military SMA34075.06 - Reloj autom\u00e1tico de buceo Swiss Made 500M","description":"Este resistente reloj de buceo profesional es el compa\u00f1ero perfecto para sus aventuras al aire libre. 500 metros de resistencia al agua, movimiento autom\u00e1tico, cristal zafiro.","robots":{"index":"index","follow":"follow","max-snippet":"max-snippet:-1","max-image-preview":"max-image-preview:large","max-video-preview":"max-video-preview:-1"},"canonical":"https:\/\/swissmilitarywatches.ch\/es\/tienda\/swiss-military-sma34075-06-swiss-made-automatic-dive-watch-500m-es\/","og_locale":"es_ES","og_type":"article","og_title":"Swiss Military SMA34075.06 - Reloj autom\u00e1tico de buceo Swiss Made 500M","og_description":"Este resistente reloj de buceo profesional es el compa\u00f1ero perfecto para sus aventuras al aire libre. 500 metros de resistencia al agua, movimiento autom\u00e1tico, cristal zafiro.","og_url":"https:\/\/swissmilitarywatches.ch\/es\/tienda\/swiss-military-sma34075-06-swiss-made-automatic-dive-watch-500m-es\/","og_site_name":"Swiss Military by Chrono","article_publisher":"https:\/\/m.facebook.com\/swissmilitarybychronoofficial\/","article_modified_time":"2025-11-23T22:00:53+00:00","og_image":[{"width":1300,"height":1642,"url":"https:\/\/swissmilitarywatches.ch\/wp-content\/uploads\/2021\/03\/SMA34075.06.png","type":"image\/png"}],"twitter_card":"summary_large_image","twitter_misc":{"Precio":"&euro;919.00 con IVA","Disponibilidad":"Disponible"},"schema":{"@context":"https:\/\/schema.org","@graph":[{"@type":"WebPage","@id":"https:\/\/swissmilitarywatches.ch\/es\/tienda\/swiss-military-sma34075-06-swiss-made-automatic-dive-watch-500m-es\/","url":"https:\/\/swissmilitarywatches.ch\/es\/tienda\/swiss-military-sma34075-06-swiss-made-automatic-dive-watch-500m-es\/","name":"Swiss Military SMA34075.06 - Reloj autom\u00e1tico de buceo Swiss Made 500M","isPartOf":{"@id":"https:\/\/swissmilitarywatches.ch\/es\/#website"},"primaryImageOfPage":{"@id":"https:\/\/swissmilitarywatches.ch\/es\/tienda\/swiss-military-sma34075-06-swiss-made-automatic-dive-watch-500m-es\/#primaryimage"},"image":{"@id":"https:\/\/swissmilitarywatches.ch\/es\/tienda\/swiss-military-sma34075-06-swiss-made-automatic-dive-watch-500m-es\/#primaryimage"},"thumbnailUrl":"https:\/\/swissmilitarywatches.ch\/wp-content\/uploads\/2021\/03\/SMA34075.06.png","datePublished":"2021-03-17T11:03:15+00:00","dateModified":"2025-11-23T22:00:53+00:00","description":"Este resistente reloj de buceo profesional es el compa\u00f1ero perfecto para sus aventuras al aire libre. 500 metros de resistencia al agua, movimiento autom\u00e1tico, cristal zafiro.","breadcrumb":{"@id":"https:\/\/swissmilitarywatches.ch\/es\/tienda\/swiss-military-sma34075-06-swiss-made-automatic-dive-watch-500m-es\/#breadcrumb"},"inLanguage":"es","potentialAction":[{"@type":"ReadAction","target":["https:\/\/swissmilitarywatches.ch\/es\/tienda\/swiss-military-sma34075-06-swiss-made-automatic-dive-watch-500m-es\/"]}]},{"@type":"ImageObject","inLanguage":"es","@id":"https:\/\/swissmilitarywatches.ch\/es\/tienda\/swiss-military-sma34075-06-swiss-made-automatic-dive-watch-500m-es\/#primaryimage","url":"https:\/\/swissmilitarywatches.ch\/wp-content\/uploads\/2021\/03\/SMA34075.06.png","contentUrl":"https:\/\/swissmilitarywatches.ch\/wp-content\/uploads\/2021\/03\/SMA34075.06.png","width":1300,"height":1642,"caption":"Swiss Military SMA34075.06 - Reloj autom\u00e1tico de buceo Swiss Made 500M"},{"@type":"BreadcrumbList","@id":"https:\/\/swissmilitarywatches.ch\/es\/tienda\/swiss-military-sma34075-06-swiss-made-automatic-dive-watch-500m-es\/#breadcrumb","itemListElement":[{"@type":"ListItem","position":1,"name":"Home","item":"https:\/\/swissmilitarywatches.ch\/es\/pagina-principal-2\/"},{"@type":"ListItem","position":2,"name":"Tienda","item":"https:\/\/swissmilitarywatches.ch\/es\/tienda\/"},{"@type":"ListItem","position":3,"name":"Todos los relojes","item":"https:\/\/swissmilitarywatches.ch\/es\/categoria-de-producto\/todos-los-relojes-es\/"},{"@type":"ListItem","position":4,"name":"Relojes de hombre","item":"https:\/\/swissmilitarywatches.ch\/es\/categoria-de-producto\/todos-los-relojes-es\/relojes-hombre-es\/"},{"@type":"ListItem","position":5,"name":"Relojes autom\u00e1ticos","item":"https:\/\/swissmilitarywatches.ch\/es\/categoria-de-producto\/todos-los-relojes-es\/relojes-hombre-es\/relojes-automaticos-es\/"},{"@type":"ListItem","position":6,"name":"Swiss Military SMA34075.06 &#8211; Reloj autom\u00e1tico de buceo Swiss Made 500M"}]},{"@type":"WebSite","@id":"https:\/\/swissmilitarywatches.ch\/es\/#website","url":"https:\/\/swissmilitarywatches.ch\/es\/","name":"Swiss Military by Chrono","description":"Official Licensed Product of the Swiss Confederation","publisher":{"@id":"https:\/\/swissmilitarywatches.ch\/es\/#organization"},"potentialAction":[{"@type":"SearchAction","target":{"@type":"EntryPoint","urlTemplate":"https:\/\/swissmilitarywatches.ch\/es\/?s={search_term_string}"},"query-input":{"@type":"PropertyValueSpecification","valueRequired":true,"valueName":"search_term_string"}}],"inLanguage":"es"},{"@type":"Organization","@id":"https:\/\/swissmilitarywatches.ch\/es\/#organization","name":"Swiss Military by Chrono","url":"https:\/\/swissmilitarywatches.ch\/es\/","logo":{"@type":"ImageObject","inLanguage":"es","@id":"https:\/\/swissmilitarywatches.ch\/es\/#\/schema\/logo\/image\/","url":"https:\/\/swissmilitarywatches.ch\/wp-content\/uploads\/2020\/04\/cropped-SM_logo_512x512px.jpg","contentUrl":"https:\/\/swissmilitarywatches.ch\/wp-content\/uploads\/2020\/04\/cropped-SM_logo_512x512px.jpg","width":512,"height":512,"caption":"Swiss Military by Chrono"},"image":{"@id":"https:\/\/swissmilitarywatches.ch\/es\/#\/schema\/logo\/image\/"},"sameAs":["https:\/\/m.facebook.com\/swissmilitarybychronoofficial\/","https:\/\/www.instagram.com\/swissmilitarybychrono\/","https:\/\/www.pinterest.ch\/swissmilitarybychrono\/"]}]},"product_brand":"Swiss Military by Chrono","product_price_amount":"919.00","product_price_currency":"EUR","og_availability":"instock","product_availability":"instock","product_retailer_item_id":"SMA34075.06","product_condition":"new"},"jetpack_sharing_enabled":true,"_links":{"self":[{"href":"https:\/\/swissmilitarywatches.ch\/es\/wp-json\/wp\/v2\/product\/7590","targetHints":{"allow":["GET"]}}],"collection":[{"href":"https:\/\/swissmilitarywatches.ch\/es\/wp-json\/wp\/v2\/product"}],"about":[{"href":"https:\/\/swissmilitarywatches.ch\/es\/wp-json\/wp\/v2\/types\/product"}],"replies":[{"embeddable":true,"href":"https:\/\/swissmilitarywatches.ch\/es\/wp-json\/wp\/v2\/comments?post=7590"}],"wp:featuredmedia":[{"embeddable":true,"href":"https:\/\/swissmilitarywatches.ch\/es\/wp-json\/wp\/v2\/media\/7591"}],"wp:attachment":[{"href":"https:\/\/swissmilitarywatches.ch\/es\/wp-json\/wp\/v2\/media?parent=7590"}],"wp:term":[{"taxonomy":"product_brand","embeddable":true,"href":"https:\/\/swissmilitarywatches.ch\/es\/wp-json\/wp\/v2\/product_brand?post=7590"},{"taxonomy":"product_cat","embeddable":true,"href":"https:\/\/swissmilitarywatches.ch\/es\/wp-json\/wp\/v2\/product_cat?post=7590"},{"taxonomy":"product_tag","embeddable":true,"href":"https:\/\/swissmilitarywatches.ch\/es\/wp-json\/wp\/v2\/product_tag?post=7590"}],"curies":[{"name":"wp","href":"https:\/\/api.w.org\/{rel}","templated":true}]}}