{"id":24919,"date":"2026-01-12T10:35:32","date_gmt":"2026-01-12T08:35:32","guid":{"rendered":"https:\/\/swissmilitarywatches.ch\/shop\/reloj-cronografo-minimalista-militar-suizo-caucho-fkm-chapado-en-negro-sm34114-12\/"},"modified":"2026-02-16T15:06:56","modified_gmt":"2026-02-16T13:06:56","slug":"reloj-cronografo-minimalista-militar-suizo-caucho-fkm-chapado-en-negro-sm34114-12","status":"publish","type":"product","link":"https:\/\/swissmilitarywatches.ch\/es\/tienda\/reloj-cronografo-minimalista-militar-suizo-caucho-fkm-chapado-en-negro-sm34114-12\/","title":{"rendered":"Reloj cron\u00f3grafo minimalista militar suizo &#8211; caucho FKM, chapado en negro | SM34114.12"},"content":{"rendered":"<div>\n<h2><strong>Construido para el movimiento: el Reloj Cron\u00f3grafo Minimalista Militar Suizo con correa de caucho FKM<\/strong><\/h2>\n<\/div>\n<div>\n<p id=\"message\">El <strong>Reloj Cron\u00f3grafo Minimalista Militar Suizo<\/strong> en negro mate fue creado para personas que viven activamente y valoran la durabilidad. Su <strong>esfera negra<\/strong> y su <strong>caja de acero cepillado<\/strong> le confieren un aspecto preciso y poderoso, acorde con su finalidad. Como la correa de caucho FKM es m\u00e1s fuerte y resistente que la silicona ordinaria, tambi\u00e9n ofrece mayor suavidad y comodidad duradera, para que puedas entrenar, viajar o trabajar sin distracciones.  <\/p>\n<\/div>\n<div><\/div>\n<div>\n<p id=\"message\">En su interior, el movimiento cron\u00f3grafo de cuarzo suizo proporciona un cronometraje preciso, y la funci\u00f3n de parada te permite medir cada momento con facilidad. Adem\u00e1s, el cristal de zafiro protege tu visi\u00f3n del tiempo y se mantiene transparente y sin ara\u00f1azos incluso durante el uso activo. Adem\u00e1s, la resistencia al agua de 10 ATM (100 m) mantiene la fiabilidad del reloj en cualquier entorno. Como resultado, combina la precisi\u00f3n suiza con una aut\u00e9ntica comodidad para la aventura.   <\/p>\n<\/div>\n<div><\/div>\n<div><div class=\"is-divider divider clearfix\" style=\"max-width:small;\"><\/div><\/div>\n<div>\n<h3 id=\"message\"><strong>Aspectos destacados del producto:<\/strong><\/h3>\n<ul>\n<li><strong>Movimiento:<\/strong> Cron\u00f3grafo de cuarzo suizo con funci\u00f3n de parada<\/li>\n<li><strong>Cristal:<\/strong> Cristal de zafiro resistente a los ara\u00f1azos<\/li>\n<li><strong>Caja:<\/strong> Acero inoxidable negro (41 mm)<\/li>\n<li><strong>Esfera:<\/strong> Negra con marcadores blancos e indicador de fecha<\/li>\n<li><strong>Correa:<\/strong> goma FKM de alto rendimiento, resistente al calor, al sudor y al desgaste<\/li>\n<li><strong>Resistencia al agua:<\/strong> 10 ATM \/ 100 m<\/li>\n<li><strong>Garant\u00eda:<\/strong> 5 a\u00f1os de garant\u00eda internacional<\/li>\n<li><strong>Fabricado en Suiza:<\/strong> Autorizado y fabricado a mano en Suiza<\/li>\n<\/ul>\n<div class=\"is-divider divider clearfix\" style=\"max-width:small;\"><\/div>\n<p>La Confederaci\u00f3n Suiza autoriza oficialmente cada modelo, y nuestros relojeros ensamblan a mano cada pieza en nuestro atelier suizo. Por lo tanto, cada reloj tiene una garant\u00eda internacional de 5 a\u00f1os, que te da confianza en su aut\u00e9ntica calidad Swiss Made y en su fiabilidad a largo plazo. <\/p>\n<\/div>\n<div class=\"row hide-for-small\"  id=\"row-1232558326\">\n\n\n\t<div id=\"col-487426813\" class=\"col small-12 large-12\"  >\n\t\t\t\t<div class=\"col-inner\"  >\n\t\t\t\n\t\t\t\n\n\t<div class=\"img has-hover x md-x lg-x y md-y lg-y\" id=\"image_1940095521\">\n\t\t\t\t\t\t\t\t<div class=\"img-inner dark\" >\n\t\t\t<img decoding=\"async\" width=\"2560\" height=\"1280\" src=\"https:\/\/swissmilitarywatches.ch\/wp-content\/uploads\/2026\/01\/UX-Block-Images-DESKTOP-LTD-Edition-scaled.jpg\" class=\"attachment-large size-large\" alt=\"Swiss watchmaker assembling a watch movement \u2013 hand\u2011crafted Swiss Military by Chrono timepiece made in Switzerland.\" srcset=\"https:\/\/swissmilitarywatches.ch\/wp-content\/uploads\/2026\/01\/UX-Block-Images-DESKTOP-LTD-Edition-scaled.jpg 2560w, https:\/\/swissmilitarywatches.ch\/wp-content\/uploads\/2026\/01\/UX-Block-Images-DESKTOP-LTD-Edition-768x384.jpg 768w, https:\/\/swissmilitarywatches.ch\/wp-content\/uploads\/2026\/01\/UX-Block-Images-DESKTOP-LTD-Edition-1536x768.jpg 1536w, https:\/\/swissmilitarywatches.ch\/wp-content\/uploads\/2026\/01\/UX-Block-Images-DESKTOP-LTD-Edition-2048x1024.jpg 2048w, https:\/\/swissmilitarywatches.ch\/wp-content\/uploads\/2026\/01\/UX-Block-Images-DESKTOP-LTD-Edition-600x300.jpg 600w\" sizes=\"(max-width: 2560px) 100vw, 2560px\" \/>\t\t\t\t\t\t\n\t\t\t\t\t<\/div>\n\t\t\t\t\t\t\t\t\n<style>\n#image_1940095521 {\n  width: 100%;\n}\n<\/style>\n\t<\/div>\n\t\n\n\n\t\t<\/div>\n\t\t\t\t\t<\/div>\n\n\t\n\n\t<div id=\"col-1695938851\" class=\"col small-12 large-12\"  >\n\t\t\t\t<div class=\"col-inner\"  >\n\t\t\t\n\t\t\t\n\n\t<div class=\"img has-hover x md-x lg-x y md-y lg-y\" id=\"image_1779996565\">\n\t\t\t\t\t\t\t\t<div class=\"img-inner dark\" >\n\t\t\t<img decoding=\"async\" width=\"2560\" height=\"640\" src=\"https:\/\/swissmilitarywatches.ch\/wp-content\/uploads\/2026\/01\/Trust-Desktop-ALL-scaled.jpg\" class=\"attachment-large size-large\" alt=\"Swiss Military by Chrono official license and 5\u2011year international warranty badge \u2013 authentic Swiss Made watch quality guaranteed.\" srcset=\"https:\/\/swissmilitarywatches.ch\/wp-content\/uploads\/2026\/01\/Trust-Desktop-ALL-scaled.jpg 2560w, https:\/\/swissmilitarywatches.ch\/wp-content\/uploads\/2026\/01\/Trust-Desktop-ALL-768x192.jpg 768w, https:\/\/swissmilitarywatches.ch\/wp-content\/uploads\/2026\/01\/Trust-Desktop-ALL-1536x384.jpg 1536w, https:\/\/swissmilitarywatches.ch\/wp-content\/uploads\/2026\/01\/Trust-Desktop-ALL-2048x512.jpg 2048w, https:\/\/swissmilitarywatches.ch\/wp-content\/uploads\/2026\/01\/Trust-Desktop-ALL-600x150.jpg 600w\" sizes=\"(max-width: 2560px) 100vw, 2560px\" \/>\t\t\t\t\t\t\n\t\t\t\t\t<\/div>\n\t\t\t\t\t\t\t\t\n<style>\n#image_1779996565 {\n  width: 100%;\n}\n<\/style>\n\t<\/div>\n\t\n\n\n\t\t<\/div>\n\t\t\t\t\t<\/div>\n\n\t\n\n<\/div>\n<div class=\"row show-for-small\"  id=\"row-1799748346\">\n\n\n\t<div id=\"col-965313989\" class=\"col small-12 large-12\"  >\n\t\t\t\t<div class=\"col-inner\"  >\n\t\t\t\n\t\t\t\n\n\t<div class=\"img has-hover x md-x lg-x y md-y lg-y\" id=\"image_2109485296\">\n\t\t\t\t\t\t\t\t<div class=\"img-inner dark\" >\n\t\t\t<img decoding=\"async\" width=\"2560\" height=\"2560\" src=\"https:\/\/swissmilitarywatches.ch\/wp-content\/uploads\/2026\/01\/UX-Block-Images-MOBILE-LTD-Edtion-scaled.jpg\" class=\"attachment-large size-large\" alt=\"Swiss Military by Chrono watchmaker assembling a watch movement \u2013 hand\u2011crafted Swiss Military timepiece made in Switzerland\" srcset=\"https:\/\/swissmilitarywatches.ch\/wp-content\/uploads\/2026\/01\/UX-Block-Images-MOBILE-LTD-Edtion-scaled.jpg 2560w, https:\/\/swissmilitarywatches.ch\/wp-content\/uploads\/2026\/01\/UX-Block-Images-MOBILE-LTD-Edtion-768x768.jpg 768w, https:\/\/swissmilitarywatches.ch\/wp-content\/uploads\/2026\/01\/UX-Block-Images-MOBILE-LTD-Edtion-1536x1536.jpg 1536w, https:\/\/swissmilitarywatches.ch\/wp-content\/uploads\/2026\/01\/UX-Block-Images-MOBILE-LTD-Edtion-2048x2048.jpg 2048w, https:\/\/swissmilitarywatches.ch\/wp-content\/uploads\/2026\/01\/UX-Block-Images-MOBILE-LTD-Edtion-600x600.jpg 600w, https:\/\/swissmilitarywatches.ch\/wp-content\/uploads\/2026\/01\/UX-Block-Images-MOBILE-LTD-Edtion-100x100.jpg 100w\" sizes=\"(max-width: 2560px) 100vw, 2560px\" \/>\t\t\t\t\t\t\n\t\t\t\t\t<\/div>\n\t\t\t\t\t\t\t\t\n<style>\n#image_2109485296 {\n  width: 100%;\n}\n<\/style>\n\t<\/div>\n\t\n\n\n\t\t<\/div>\n\t\t\t\t\t<\/div>\n\n\t\n\n\t<div id=\"col-1627856012\" class=\"col small-12 large-12\"  >\n\t\t\t\t<div class=\"col-inner\"  >\n\t\t\t\n\t\t\t\n\n\t<div class=\"img has-hover x md-x lg-x y md-y lg-y\" id=\"image_2035012600\">\n\t\t\t\t\t\t\t\t<div class=\"img-inner dark\" >\n\t\t\t<img decoding=\"async\" width=\"2560\" height=\"1280\" src=\"https:\/\/swissmilitarywatches.ch\/wp-content\/uploads\/2026\/01\/Trust-MOBILE-All-scaled.jpg\" class=\"attachment-large size-large\" alt=\"Swiss Military by Chrono official license and 5\u2011year international warranty badge \u2013 authentic Swiss Made watch quality guaranteed.\" srcset=\"https:\/\/swissmilitarywatches.ch\/wp-content\/uploads\/2026\/01\/Trust-MOBILE-All-scaled.jpg 2560w, https:\/\/swissmilitarywatches.ch\/wp-content\/uploads\/2026\/01\/Trust-MOBILE-All-768x384.jpg 768w, https:\/\/swissmilitarywatches.ch\/wp-content\/uploads\/2026\/01\/Trust-MOBILE-All-1536x768.jpg 1536w, https:\/\/swissmilitarywatches.ch\/wp-content\/uploads\/2026\/01\/Trust-MOBILE-All-2048x1024.jpg 2048w, https:\/\/swissmilitarywatches.ch\/wp-content\/uploads\/2026\/01\/Trust-MOBILE-All-600x300.jpg 600w\" sizes=\"(max-width: 2560px) 100vw, 2560px\" \/>\t\t\t\t\t\t\n\t\t\t\t\t<\/div>\n\t\t\t\t\t\t\t\t\n<style>\n#image_2035012600 {\n  width: 100%;\n}\n<\/style>\n\t<\/div>\n\t\n\n\n\t\t<\/div>\n\t\t\t\t\t<\/div>\n\n\t\n\n<\/div>\n","protected":false},"excerpt":{"rendered":"<p>Dise\u00f1ado para la acci\u00f3n. El <strong>Reloj Cron\u00f3grafo Minimalista Militar Suizo<\/strong> es una herramienta de precisi\u00f3n suiza, construida para el rendimiento y la comodidad con una correa de FKM duradera que sigue el ritmo donde otros no pueden. <\/p>\n","protected":false},"featured_media":24925,"comment_status":"open","ping_status":"closed","template":"","meta":[],"product_brand":[],"product_cat":[3193,1813,1816,1823,1820],"product_tag":[],"class_list":{"0":"post-24919","1":"product","2":"type-product","3":"status-publish","4":"has-post-thumbnail","6":"product_cat-sm34114","7":"product_cat-todos-los-relojes-es","8":"product_cat-relojes-hombre-es","9":"product_cat-cronografo","10":"product_cat-novedades","11":"product_shipping_class-envio-flexible-es","13":"first","14":"instock","15":"featured","16":"taxable","17":"shipping-taxable","18":"purchasable","19":"product-type-simple"},"yoast_head":"<!-- This site is optimized with the Yoast SEO Premium plugin v26.6 (Yoast SEO v26.6) - https:\/\/yoast.com\/wordpress\/plugins\/seo\/ -->\n<title>Reloj cron\u00f3grafo minimalista militar suizo - caucho FKM, chapado en negro | SM34114.12<\/title>\n<meta name=\"description\" content=\"Reloj cron\u00f3grafo minimalista militar suizo con correa de caucho FKM: suave, resistente al calor y al desgaste para una comodidad duradera y precisi\u00f3n suiza. 5 a\u00f1os de garant\u00eda.\" \/>\n<meta name=\"robots\" content=\"index, follow, max-snippet:-1, max-image-preview:large, max-video-preview:-1\" \/>\n<link rel=\"canonical\" href=\"https:\/\/swissmilitarywatches.ch\/es\/tienda\/reloj-cronografo-minimalista-militar-suizo-caucho-fkm-chapado-en-negro-sm34114-12\/\" \/>\n<meta property=\"og:locale\" content=\"es_ES\" \/>\n<meta property=\"og:type\" content=\"article\" \/>\n<meta property=\"og:title\" content=\"Reloj cron\u00f3grafo minimalista militar suizo - caucho FKM, chapado en negro | SM34114.12\" \/>\n<meta property=\"og:description\" content=\"Reloj cron\u00f3grafo minimalista militar suizo con correa de caucho FKM: suave, resistente al calor y al desgaste para una comodidad duradera y precisi\u00f3n suiza. 5 a\u00f1os de garant\u00eda.\" \/>\n<meta property=\"og:url\" content=\"https:\/\/swissmilitarywatches.ch\/es\/tienda\/reloj-cronografo-minimalista-militar-suizo-caucho-fkm-chapado-en-negro-sm34114-12\/\" \/>\n<meta property=\"og:site_name\" content=\"Swiss Military by Chrono\" \/>\n<meta property=\"article:publisher\" content=\"https:\/\/m.facebook.com\/swissmilitarybychronoofficial\/\" \/>\n<meta property=\"article:modified_time\" content=\"2026-02-16T13:06:56+00:00\" \/>\n<meta property=\"og:image\" content=\"https:\/\/swissmilitarywatches.ch\/wp-content\/uploads\/2026\/01\/SM34114.12.png\" \/>\n\t<meta property=\"og:image:width\" content=\"1300\" \/>\n\t<meta property=\"og:image:height\" content=\"1642\" \/>\n\t<meta property=\"og:image:type\" content=\"image\/png\" \/>\n<meta name=\"twitter:card\" content=\"summary_large_image\" \/>\n<meta name=\"twitter:label1\" content=\"Precio\" \/>\n\t<meta name=\"twitter:data1\" content=\"&euro;349.00 con IVA\" \/>\n\t<meta name=\"twitter:label2\" content=\"Disponibilidad\" \/>\n\t<meta name=\"twitter:data2\" content=\"Disponible\" \/>\n<script type=\"application\/ld+json\" class=\"yoast-schema-graph\">{\"@context\":\"https:\/\/schema.org\",\"@graph\":[{\"@type\":\"WebPage\",\"@id\":\"https:\/\/swissmilitarywatches.ch\/es\/tienda\/reloj-cronografo-minimalista-militar-suizo-caucho-fkm-chapado-en-negro-sm34114-12\/\",\"url\":\"https:\/\/swissmilitarywatches.ch\/es\/tienda\/reloj-cronografo-minimalista-militar-suizo-caucho-fkm-chapado-en-negro-sm34114-12\/\",\"name\":\"Reloj cron\u00f3grafo minimalista militar suizo - caucho FKM, chapado en negro | SM34114.12\",\"isPartOf\":{\"@id\":\"https:\/\/swissmilitarywatches.ch\/es\/#website\"},\"primaryImageOfPage\":{\"@id\":\"https:\/\/swissmilitarywatches.ch\/es\/tienda\/reloj-cronografo-minimalista-militar-suizo-caucho-fkm-chapado-en-negro-sm34114-12\/#primaryimage\"},\"image\":{\"@id\":\"https:\/\/swissmilitarywatches.ch\/es\/tienda\/reloj-cronografo-minimalista-militar-suizo-caucho-fkm-chapado-en-negro-sm34114-12\/#primaryimage\"},\"thumbnailUrl\":\"https:\/\/swissmilitarywatches.ch\/wp-content\/uploads\/2026\/01\/SM34114.12.png\",\"datePublished\":\"2026-01-12T08:35:32+00:00\",\"dateModified\":\"2026-02-16T13:06:56+00:00\",\"description\":\"Reloj cron\u00f3grafo minimalista militar suizo con correa de caucho FKM: suave, resistente al calor y al desgaste para una comodidad duradera y precisi\u00f3n suiza. 5 a\u00f1os de garant\u00eda.\",\"breadcrumb\":{\"@id\":\"https:\/\/swissmilitarywatches.ch\/es\/tienda\/reloj-cronografo-minimalista-militar-suizo-caucho-fkm-chapado-en-negro-sm34114-12\/#breadcrumb\"},\"inLanguage\":\"es\",\"potentialAction\":[{\"@type\":\"ReadAction\",\"target\":[\"https:\/\/swissmilitarywatches.ch\/es\/tienda\/reloj-cronografo-minimalista-militar-suizo-caucho-fkm-chapado-en-negro-sm34114-12\/\"]}]},{\"@type\":\"ImageObject\",\"inLanguage\":\"es\",\"@id\":\"https:\/\/swissmilitarywatches.ch\/es\/tienda\/reloj-cronografo-minimalista-militar-suizo-caucho-fkm-chapado-en-negro-sm34114-12\/#primaryimage\",\"url\":\"https:\/\/swissmilitarywatches.ch\/wp-content\/uploads\/2026\/01\/SM34114.12.png\",\"contentUrl\":\"https:\/\/swissmilitarywatches.ch\/wp-content\/uploads\/2026\/01\/SM34114.12.png\",\"width\":1300,\"height\":1642,\"caption\":\"Construido para el movimiento: el Reloj Cron\u00f3grafo Minimalista Militar Suizo de color negro combina resistencia, precisi\u00f3n y comodidad FKM de larga duraci\u00f3n.\"},{\"@type\":\"BreadcrumbList\",\"@id\":\"https:\/\/swissmilitarywatches.ch\/es\/tienda\/reloj-cronografo-minimalista-militar-suizo-caucho-fkm-chapado-en-negro-sm34114-12\/#breadcrumb\",\"itemListElement\":[{\"@type\":\"ListItem\",\"position\":1,\"name\":\"Home\",\"item\":\"https:\/\/swissmilitarywatches.ch\/es\/pagina-principal-2\/\"},{\"@type\":\"ListItem\",\"position\":2,\"name\":\"Tienda\",\"item\":\"https:\/\/swissmilitarywatches.ch\/es\/tienda\/\"},{\"@type\":\"ListItem\",\"position\":3,\"name\":\"Reloj cron\u00f3grafo minimalista militar suizo &#8211; caucho FKM, chapado en negro | SM34114.12\"}]},{\"@type\":\"WebSite\",\"@id\":\"https:\/\/swissmilitarywatches.ch\/es\/#website\",\"url\":\"https:\/\/swissmilitarywatches.ch\/es\/\",\"name\":\"Swiss Military by Chrono\",\"description\":\"Official Licensed Product of the Swiss Confederation\",\"publisher\":{\"@id\":\"https:\/\/swissmilitarywatches.ch\/es\/#organization\"},\"potentialAction\":[{\"@type\":\"SearchAction\",\"target\":{\"@type\":\"EntryPoint\",\"urlTemplate\":\"https:\/\/swissmilitarywatches.ch\/es\/?s={search_term_string}\"},\"query-input\":{\"@type\":\"PropertyValueSpecification\",\"valueRequired\":true,\"valueName\":\"search_term_string\"}}],\"inLanguage\":\"es\"},{\"@type\":\"Organization\",\"@id\":\"https:\/\/swissmilitarywatches.ch\/es\/#organization\",\"name\":\"Swiss Military by Chrono\",\"url\":\"https:\/\/swissmilitarywatches.ch\/es\/\",\"logo\":{\"@type\":\"ImageObject\",\"inLanguage\":\"es\",\"@id\":\"https:\/\/swissmilitarywatches.ch\/es\/#\/schema\/logo\/image\/\",\"url\":\"https:\/\/swissmilitarywatches.ch\/wp-content\/uploads\/2020\/04\/cropped-SM_logo_512x512px.jpg\",\"contentUrl\":\"https:\/\/swissmilitarywatches.ch\/wp-content\/uploads\/2020\/04\/cropped-SM_logo_512x512px.jpg\",\"width\":512,\"height\":512,\"caption\":\"Swiss Military by Chrono\"},\"image\":{\"@id\":\"https:\/\/swissmilitarywatches.ch\/es\/#\/schema\/logo\/image\/\"},\"sameAs\":[\"https:\/\/m.facebook.com\/swissmilitarybychronoofficial\/\",\"https:\/\/www.instagram.com\/swissmilitarybychrono\/\",\"https:\/\/www.pinterest.ch\/swissmilitarybychrono\/\"]}]}<\/script>\n<meta property=\"product:brand\" content=\"Swiss Military by Chrono\" \/>\n<meta property=\"product:price:amount\" content=\"349.00\" \/>\n<meta property=\"product:price:currency\" content=\"EUR\" \/>\n<meta property=\"og:availability\" content=\"instock\" \/>\n<meta property=\"product:availability\" content=\"instock\" \/>\n<meta property=\"product:retailer_item_id\" content=\"SM34114.12\" \/>\n<meta property=\"product:condition\" content=\"new\" \/>\n<!-- \/ Yoast SEO Premium plugin. -->","yoast_head_json":{"title":"Reloj cron\u00f3grafo minimalista militar suizo - caucho FKM, chapado en negro | SM34114.12","description":"Reloj cron\u00f3grafo minimalista militar suizo con correa de caucho FKM: suave, resistente al calor y al desgaste para una comodidad duradera y precisi\u00f3n suiza. 5 a\u00f1os de garant\u00eda.","robots":{"index":"index","follow":"follow","max-snippet":"max-snippet:-1","max-image-preview":"max-image-preview:large","max-video-preview":"max-video-preview:-1"},"canonical":"https:\/\/swissmilitarywatches.ch\/es\/tienda\/reloj-cronografo-minimalista-militar-suizo-caucho-fkm-chapado-en-negro-sm34114-12\/","og_locale":"es_ES","og_type":"article","og_title":"Reloj cron\u00f3grafo minimalista militar suizo - caucho FKM, chapado en negro | SM34114.12","og_description":"Reloj cron\u00f3grafo minimalista militar suizo con correa de caucho FKM: suave, resistente al calor y al desgaste para una comodidad duradera y precisi\u00f3n suiza. 5 a\u00f1os de garant\u00eda.","og_url":"https:\/\/swissmilitarywatches.ch\/es\/tienda\/reloj-cronografo-minimalista-militar-suizo-caucho-fkm-chapado-en-negro-sm34114-12\/","og_site_name":"Swiss Military by Chrono","article_publisher":"https:\/\/m.facebook.com\/swissmilitarybychronoofficial\/","article_modified_time":"2026-02-16T13:06:56+00:00","og_image":[{"width":1300,"height":1642,"url":"https:\/\/swissmilitarywatches.ch\/wp-content\/uploads\/2026\/01\/SM34114.12.png","type":"image\/png"}],"twitter_card":"summary_large_image","twitter_misc":{"Precio":"&euro;349.00 con IVA","Disponibilidad":"Disponible"},"schema":{"@context":"https:\/\/schema.org","@graph":[{"@type":"WebPage","@id":"https:\/\/swissmilitarywatches.ch\/es\/tienda\/reloj-cronografo-minimalista-militar-suizo-caucho-fkm-chapado-en-negro-sm34114-12\/","url":"https:\/\/swissmilitarywatches.ch\/es\/tienda\/reloj-cronografo-minimalista-militar-suizo-caucho-fkm-chapado-en-negro-sm34114-12\/","name":"Reloj cron\u00f3grafo minimalista militar suizo - caucho FKM, chapado en negro | SM34114.12","isPartOf":{"@id":"https:\/\/swissmilitarywatches.ch\/es\/#website"},"primaryImageOfPage":{"@id":"https:\/\/swissmilitarywatches.ch\/es\/tienda\/reloj-cronografo-minimalista-militar-suizo-caucho-fkm-chapado-en-negro-sm34114-12\/#primaryimage"},"image":{"@id":"https:\/\/swissmilitarywatches.ch\/es\/tienda\/reloj-cronografo-minimalista-militar-suizo-caucho-fkm-chapado-en-negro-sm34114-12\/#primaryimage"},"thumbnailUrl":"https:\/\/swissmilitarywatches.ch\/wp-content\/uploads\/2026\/01\/SM34114.12.png","datePublished":"2026-01-12T08:35:32+00:00","dateModified":"2026-02-16T13:06:56+00:00","description":"Reloj cron\u00f3grafo minimalista militar suizo con correa de caucho FKM: suave, resistente al calor y al desgaste para una comodidad duradera y precisi\u00f3n suiza. 5 a\u00f1os de garant\u00eda.","breadcrumb":{"@id":"https:\/\/swissmilitarywatches.ch\/es\/tienda\/reloj-cronografo-minimalista-militar-suizo-caucho-fkm-chapado-en-negro-sm34114-12\/#breadcrumb"},"inLanguage":"es","potentialAction":[{"@type":"ReadAction","target":["https:\/\/swissmilitarywatches.ch\/es\/tienda\/reloj-cronografo-minimalista-militar-suizo-caucho-fkm-chapado-en-negro-sm34114-12\/"]}]},{"@type":"ImageObject","inLanguage":"es","@id":"https:\/\/swissmilitarywatches.ch\/es\/tienda\/reloj-cronografo-minimalista-militar-suizo-caucho-fkm-chapado-en-negro-sm34114-12\/#primaryimage","url":"https:\/\/swissmilitarywatches.ch\/wp-content\/uploads\/2026\/01\/SM34114.12.png","contentUrl":"https:\/\/swissmilitarywatches.ch\/wp-content\/uploads\/2026\/01\/SM34114.12.png","width":1300,"height":1642,"caption":"Construido para el movimiento: el Reloj Cron\u00f3grafo Minimalista Militar Suizo de color negro combina resistencia, precisi\u00f3n y comodidad FKM de larga duraci\u00f3n."},{"@type":"BreadcrumbList","@id":"https:\/\/swissmilitarywatches.ch\/es\/tienda\/reloj-cronografo-minimalista-militar-suizo-caucho-fkm-chapado-en-negro-sm34114-12\/#breadcrumb","itemListElement":[{"@type":"ListItem","position":1,"name":"Home","item":"https:\/\/swissmilitarywatches.ch\/es\/pagina-principal-2\/"},{"@type":"ListItem","position":2,"name":"Tienda","item":"https:\/\/swissmilitarywatches.ch\/es\/tienda\/"},{"@type":"ListItem","position":3,"name":"Reloj cron\u00f3grafo minimalista militar suizo &#8211; caucho FKM, chapado en negro | SM34114.12"}]},{"@type":"WebSite","@id":"https:\/\/swissmilitarywatches.ch\/es\/#website","url":"https:\/\/swissmilitarywatches.ch\/es\/","name":"Swiss Military by Chrono","description":"Official Licensed Product of the Swiss Confederation","publisher":{"@id":"https:\/\/swissmilitarywatches.ch\/es\/#organization"},"potentialAction":[{"@type":"SearchAction","target":{"@type":"EntryPoint","urlTemplate":"https:\/\/swissmilitarywatches.ch\/es\/?s={search_term_string}"},"query-input":{"@type":"PropertyValueSpecification","valueRequired":true,"valueName":"search_term_string"}}],"inLanguage":"es"},{"@type":"Organization","@id":"https:\/\/swissmilitarywatches.ch\/es\/#organization","name":"Swiss Military by Chrono","url":"https:\/\/swissmilitarywatches.ch\/es\/","logo":{"@type":"ImageObject","inLanguage":"es","@id":"https:\/\/swissmilitarywatches.ch\/es\/#\/schema\/logo\/image\/","url":"https:\/\/swissmilitarywatches.ch\/wp-content\/uploads\/2020\/04\/cropped-SM_logo_512x512px.jpg","contentUrl":"https:\/\/swissmilitarywatches.ch\/wp-content\/uploads\/2020\/04\/cropped-SM_logo_512x512px.jpg","width":512,"height":512,"caption":"Swiss Military by Chrono"},"image":{"@id":"https:\/\/swissmilitarywatches.ch\/es\/#\/schema\/logo\/image\/"},"sameAs":["https:\/\/m.facebook.com\/swissmilitarybychronoofficial\/","https:\/\/www.instagram.com\/swissmilitarybychrono\/","https:\/\/www.pinterest.ch\/swissmilitarybychrono\/"]}]},"product_brand":"Swiss Military by Chrono","product_price_amount":"349.00","product_price_currency":"EUR","og_availability":"instock","product_availability":"instock","product_retailer_item_id":"SM34114.12","product_condition":"new"},"jetpack_sharing_enabled":true,"_links":{"self":[{"href":"https:\/\/swissmilitarywatches.ch\/es\/wp-json\/wp\/v2\/product\/24919","targetHints":{"allow":["GET"]}}],"collection":[{"href":"https:\/\/swissmilitarywatches.ch\/es\/wp-json\/wp\/v2\/product"}],"about":[{"href":"https:\/\/swissmilitarywatches.ch\/es\/wp-json\/wp\/v2\/types\/product"}],"replies":[{"embeddable":true,"href":"https:\/\/swissmilitarywatches.ch\/es\/wp-json\/wp\/v2\/comments?post=24919"}],"wp:featuredmedia":[{"embeddable":true,"href":"https:\/\/swissmilitarywatches.ch\/es\/wp-json\/wp\/v2\/media\/24925"}],"wp:attachment":[{"href":"https:\/\/swissmilitarywatches.ch\/es\/wp-json\/wp\/v2\/media?parent=24919"}],"wp:term":[{"taxonomy":"product_brand","embeddable":true,"href":"https:\/\/swissmilitarywatches.ch\/es\/wp-json\/wp\/v2\/product_brand?post=24919"},{"taxonomy":"product_cat","embeddable":true,"href":"https:\/\/swissmilitarywatches.ch\/es\/wp-json\/wp\/v2\/product_cat?post=24919"},{"taxonomy":"product_tag","embeddable":true,"href":"https:\/\/swissmilitarywatches.ch\/es\/wp-json\/wp\/v2\/product_tag?post=24919"}],"curies":[{"name":"wp","href":"https:\/\/api.w.org\/{rel}","templated":true}]}}