{"id":24788,"date":"2026-01-12T10:35:28","date_gmt":"2026-01-12T08:35:28","guid":{"rendered":"https:\/\/swissmilitarywatches.ch\/shop\/reloj-cronografo-minimalista-militar-suizo-negro-acero-sm34114-01\/"},"modified":"2026-02-16T15:06:18","modified_gmt":"2026-02-16T13:06:18","slug":"reloj-cronografo-minimalista-militar-suizo-negro-acero-sm34114-01","status":"publish","type":"product","link":"https:\/\/swissmilitarywatches.ch\/es\/tienda\/reloj-cronografo-minimalista-militar-suizo-negro-acero-sm34114-01\/","title":{"rendered":"Reloj Cron\u00f3grafo Minimalista Militar Suizo &#8211; Negro, Acero | SM34114.01"},"content":{"rendered":"<div>\n<h2><strong>\u00bfPor qu\u00e9 elegir el Reloj Cron\u00f3grafo Minimalista Militar Suizo?<\/strong><\/h2>\n<\/div>\n<div>\n<p id=\"message\">El <strong>Reloj Cron\u00f3grafo Minimalista Swiss Military<\/strong> es sin\u00f3nimo de claridad, equilibrio y durabilidad. Su <strong>esfera negra<\/strong> contrasta con la <strong>caja de acero plateado cepillado<\/strong>, creando un aspecto limpio y en\u00e9rgico que se adapta al trabajo, el deporte o los viajes. Porque la precisi\u00f3n importa, el movimiento cron\u00f3grafo de cuarzo suizo incluye una fiable funci\u00f3n de parada. Te permite medir cada momento con facilidad, tanto si est\u00e1s cronometrando una carrera como planificando tu pr\u00f3ximo reto.   <\/p>\n<\/div>\n<div><span style=\"color: #555555;\">El <\/span><strong style=\"color: #555555;\">cristal de zafiro<\/strong><span style=\"color: #555555;\"> resiste los ara\u00f1azos, mientras que <\/span><strong style=\"color: #555555;\">resistencia al agua de 10 ATM (100 m)<\/strong><span style=\"color: #555555;\">  mantiene el reloj seguro durante la nataci\u00f3n o la acci\u00f3n al aire libre. Como resultado, obtienes un rendimiento duradero y la inconfundible artesan\u00eda suiza en un dise\u00f1o seguro. <\/span><\/div>\n<div><div class=\"is-divider divider clearfix\" style=\"max-width:small;\"><\/div><\/div>\n<div><strong style=\"font-size: 20.16px;\">Aspectos destacados del producto:<\/strong><\/div>\n<div>\n<ul>\n<li><strong>Movimiento:<\/strong> Cron\u00f3grafo de cuarzo suizo con funci\u00f3n de parada<\/li>\n<li><strong>Cristal:<\/strong> Cristal de zafiro resistente a los ara\u00f1azos<\/li>\n<li><strong>Caja:<\/strong> Acero inoxidable plateado (41 mm)<\/li>\n<li><strong>Brazalete:<\/strong> Acero inoxidable pulido con cierre de seguridad<\/li>\n<li><strong>Resistencia al agua:<\/strong> 10 ATM \/ 100 m<\/li>\n<li><strong>Garant\u00eda:<\/strong> 5 a\u00f1os de garant\u00eda internacional<\/li>\n<li><strong>Fabricado en Suiza:<\/strong> Aut\u00e9ntica artesan\u00eda y rendimiento<\/li>\n<\/ul>\n<p>&nbsp;<\/p>\n<p>Cada reloj <strong>tiene licencia oficial de la Confederaci\u00f3n Suiza<\/strong>, <strong>se monta a mano en nuestro taller interno<\/strong> y est\u00e1 protegido por una <strong>garant\u00eda internacional de 5 a\u00f1os<\/strong>. As\u00ed es como Swiss Military garantiza una calidad duradera. No s\u00f3lo llevas un cron\u00f3grafo: llevas un aut\u00e9ntico reloj suizo de precisi\u00f3n, fabricado para resistir todas las aventuras.  <\/p>\n<div class=\"row hide-for-small\"  id=\"row-226234172\">\n\n\n\t<div id=\"col-398478544\" class=\"col small-12 large-12\"  >\n\t\t\t\t<div class=\"col-inner\"  >\n\t\t\t\n\t\t\t\n\n\t<div class=\"img has-hover x md-x lg-x y md-y lg-y\" id=\"image_1974618515\">\n\t\t\t\t\t\t\t\t<div class=\"img-inner dark\" >\n\t\t\t<img decoding=\"async\" width=\"2560\" height=\"1280\" src=\"https:\/\/swissmilitarywatches.ch\/wp-content\/uploads\/2026\/01\/UX-Block-Images-DESKTOP-LTD-Edition-scaled.jpg\" class=\"attachment-large size-large\" alt=\"Swiss watchmaker assembling a watch movement \u2013 hand\u2011crafted Swiss Military by Chrono timepiece made in Switzerland.\" srcset=\"https:\/\/swissmilitarywatches.ch\/wp-content\/uploads\/2026\/01\/UX-Block-Images-DESKTOP-LTD-Edition-scaled.jpg 2560w, https:\/\/swissmilitarywatches.ch\/wp-content\/uploads\/2026\/01\/UX-Block-Images-DESKTOP-LTD-Edition-768x384.jpg 768w, https:\/\/swissmilitarywatches.ch\/wp-content\/uploads\/2026\/01\/UX-Block-Images-DESKTOP-LTD-Edition-1536x768.jpg 1536w, https:\/\/swissmilitarywatches.ch\/wp-content\/uploads\/2026\/01\/UX-Block-Images-DESKTOP-LTD-Edition-2048x1024.jpg 2048w, https:\/\/swissmilitarywatches.ch\/wp-content\/uploads\/2026\/01\/UX-Block-Images-DESKTOP-LTD-Edition-600x300.jpg 600w\" sizes=\"(max-width: 2560px) 100vw, 2560px\" \/>\t\t\t\t\t\t\n\t\t\t\t\t<\/div>\n\t\t\t\t\t\t\t\t\n<style>\n#image_1974618515 {\n  width: 100%;\n}\n<\/style>\n\t<\/div>\n\t\n\n\n\t\t<\/div>\n\t\t\t\t\t<\/div>\n\n\t\n\n\t<div id=\"col-351142679\" class=\"col small-12 large-12\"  >\n\t\t\t\t<div class=\"col-inner\"  >\n\t\t\t\n\t\t\t\n\n\t<div class=\"img has-hover x md-x lg-x y md-y lg-y\" id=\"image_256544368\">\n\t\t\t\t\t\t\t\t<div class=\"img-inner dark\" >\n\t\t\t<img decoding=\"async\" width=\"2560\" height=\"640\" src=\"https:\/\/swissmilitarywatches.ch\/wp-content\/uploads\/2026\/01\/Trust-Desktop-ALL-scaled.jpg\" class=\"attachment-large size-large\" alt=\"Swiss Military by Chrono official license and 5\u2011year international warranty badge \u2013 authentic Swiss Made watch quality guaranteed.\" srcset=\"https:\/\/swissmilitarywatches.ch\/wp-content\/uploads\/2026\/01\/Trust-Desktop-ALL-scaled.jpg 2560w, https:\/\/swissmilitarywatches.ch\/wp-content\/uploads\/2026\/01\/Trust-Desktop-ALL-768x192.jpg 768w, https:\/\/swissmilitarywatches.ch\/wp-content\/uploads\/2026\/01\/Trust-Desktop-ALL-1536x384.jpg 1536w, https:\/\/swissmilitarywatches.ch\/wp-content\/uploads\/2026\/01\/Trust-Desktop-ALL-2048x512.jpg 2048w, https:\/\/swissmilitarywatches.ch\/wp-content\/uploads\/2026\/01\/Trust-Desktop-ALL-600x150.jpg 600w\" sizes=\"(max-width: 2560px) 100vw, 2560px\" \/>\t\t\t\t\t\t\n\t\t\t\t\t<\/div>\n\t\t\t\t\t\t\t\t\n<style>\n#image_256544368 {\n  width: 100%;\n}\n<\/style>\n\t<\/div>\n\t\n\n\n\t\t<\/div>\n\t\t\t\t\t<\/div>\n\n\t\n\n<\/div>\n<div class=\"row show-for-small\"  id=\"row-925391329\">\n\n\n\t<div id=\"col-1630005570\" class=\"col small-12 large-12\"  >\n\t\t\t\t<div class=\"col-inner\"  >\n\t\t\t\n\t\t\t\n\n\t<div class=\"img has-hover x md-x lg-x y md-y lg-y\" id=\"image_869139201\">\n\t\t\t\t\t\t\t\t<div class=\"img-inner dark\" >\n\t\t\t<img decoding=\"async\" width=\"2560\" height=\"2560\" src=\"https:\/\/swissmilitarywatches.ch\/wp-content\/uploads\/2026\/01\/UX-Block-Images-MOBILE-LTD-Edtion-scaled.jpg\" class=\"attachment-large size-large\" alt=\"Swiss Military by Chrono watchmaker assembling a watch movement \u2013 hand\u2011crafted Swiss Military timepiece made in Switzerland\" srcset=\"https:\/\/swissmilitarywatches.ch\/wp-content\/uploads\/2026\/01\/UX-Block-Images-MOBILE-LTD-Edtion-scaled.jpg 2560w, https:\/\/swissmilitarywatches.ch\/wp-content\/uploads\/2026\/01\/UX-Block-Images-MOBILE-LTD-Edtion-768x768.jpg 768w, https:\/\/swissmilitarywatches.ch\/wp-content\/uploads\/2026\/01\/UX-Block-Images-MOBILE-LTD-Edtion-1536x1536.jpg 1536w, https:\/\/swissmilitarywatches.ch\/wp-content\/uploads\/2026\/01\/UX-Block-Images-MOBILE-LTD-Edtion-2048x2048.jpg 2048w, https:\/\/swissmilitarywatches.ch\/wp-content\/uploads\/2026\/01\/UX-Block-Images-MOBILE-LTD-Edtion-600x600.jpg 600w, https:\/\/swissmilitarywatches.ch\/wp-content\/uploads\/2026\/01\/UX-Block-Images-MOBILE-LTD-Edtion-100x100.jpg 100w\" sizes=\"(max-width: 2560px) 100vw, 2560px\" \/>\t\t\t\t\t\t\n\t\t\t\t\t<\/div>\n\t\t\t\t\t\t\t\t\n<style>\n#image_869139201 {\n  width: 100%;\n}\n<\/style>\n\t<\/div>\n\t\n\n\n\t\t<\/div>\n\t\t\t\t\t<\/div>\n\n\t\n\n\t<div id=\"col-439714386\" class=\"col small-12 large-12\"  >\n\t\t\t\t<div class=\"col-inner\"  >\n\t\t\t\n\t\t\t\n\n\t<div class=\"img has-hover x md-x lg-x y md-y lg-y\" id=\"image_1856482735\">\n\t\t\t\t\t\t\t\t<div class=\"img-inner dark\" >\n\t\t\t<img decoding=\"async\" width=\"2560\" height=\"1280\" src=\"https:\/\/swissmilitarywatches.ch\/wp-content\/uploads\/2026\/01\/Trust-MOBILE-All-scaled.jpg\" class=\"attachment-large size-large\" alt=\"Swiss Military by Chrono official license and 5\u2011year international warranty badge \u2013 authentic Swiss Made watch quality guaranteed.\" srcset=\"https:\/\/swissmilitarywatches.ch\/wp-content\/uploads\/2026\/01\/Trust-MOBILE-All-scaled.jpg 2560w, https:\/\/swissmilitarywatches.ch\/wp-content\/uploads\/2026\/01\/Trust-MOBILE-All-768x384.jpg 768w, https:\/\/swissmilitarywatches.ch\/wp-content\/uploads\/2026\/01\/Trust-MOBILE-All-1536x768.jpg 1536w, https:\/\/swissmilitarywatches.ch\/wp-content\/uploads\/2026\/01\/Trust-MOBILE-All-2048x1024.jpg 2048w, https:\/\/swissmilitarywatches.ch\/wp-content\/uploads\/2026\/01\/Trust-MOBILE-All-600x300.jpg 600w\" sizes=\"(max-width: 2560px) 100vw, 2560px\" \/>\t\t\t\t\t\t\n\t\t\t\t\t<\/div>\n\t\t\t\t\t\t\t\t\n<style>\n#image_1856482735 {\n  width: 100%;\n}\n<\/style>\n\t<\/div>\n\t\n\n\n\t\t<\/div>\n\t\t\t\t\t<\/div>\n\n\t\n\n<\/div>\n<\/div>\n","protected":false},"excerpt":{"rendered":"<p>Donde la precisi\u00f3n se une al rendimiento. El <strong>Reloj Cron\u00f3grafo Minimalista Swiss Military<\/strong> combina la confianza deportiva con la fiabilidad suiza, dise\u00f1ado para hombres activos que esperan precisi\u00f3n, resistencia diaria y estilo atemporal. <\/p>\n","protected":false},"featured_media":24793,"comment_status":"open","ping_status":"closed","template":"","meta":[],"product_brand":[],"product_cat":[3193,1813,1816,1823,1820],"product_tag":[],"class_list":{"0":"post-24788","1":"product","2":"type-product","3":"status-publish","4":"has-post-thumbnail","6":"product_cat-sm34114","7":"product_cat-todos-los-relojes-es","8":"product_cat-relojes-hombre-es","9":"product_cat-cronografo","10":"product_cat-novedades","11":"product_shipping_class-envio-flexible-es","13":"first","14":"instock","15":"featured","16":"taxable","17":"shipping-taxable","18":"purchasable","19":"product-type-simple"},"yoast_head":"<!-- This site is optimized with the Yoast SEO Premium plugin v26.6 (Yoast SEO v26.6) - https:\/\/yoast.com\/wordpress\/plugins\/seo\/ -->\n<title>Reloj Cron\u00f3grafo Minimalista Militar Suizo - Negro, Acero | SM34114.01<\/title>\n<meta name=\"description\" content=\"Reloj Cron\u00f3grafo Minimalista Militar Suizo de acero plateado con esfera negra.Precisi\u00f3n Swiss Made, funci\u00f3n de parada del cron\u00f3grafo y 5 a\u00f1os de garant\u00eda.\" \/>\n<meta name=\"robots\" content=\"index, follow, max-snippet:-1, max-image-preview:large, max-video-preview:-1\" \/>\n<link rel=\"canonical\" href=\"https:\/\/swissmilitarywatches.ch\/es\/tienda\/reloj-cronografo-minimalista-militar-suizo-negro-acero-sm34114-01\/\" \/>\n<meta property=\"og:locale\" content=\"es_ES\" \/>\n<meta property=\"og:type\" content=\"article\" \/>\n<meta property=\"og:title\" content=\"Reloj Cron\u00f3grafo Minimalista Militar Suizo - Negro, Acero | SM34114.01\" \/>\n<meta property=\"og:description\" content=\"Reloj Cron\u00f3grafo Minimalista Militar Suizo de acero plateado con esfera negra.Precisi\u00f3n Swiss Made, funci\u00f3n de parada del cron\u00f3grafo y 5 a\u00f1os de garant\u00eda.\" \/>\n<meta property=\"og:url\" content=\"https:\/\/swissmilitarywatches.ch\/es\/tienda\/reloj-cronografo-minimalista-militar-suizo-negro-acero-sm34114-01\/\" \/>\n<meta property=\"og:site_name\" content=\"Swiss Military by Chrono\" \/>\n<meta property=\"article:publisher\" content=\"https:\/\/m.facebook.com\/swissmilitarybychronoofficial\/\" \/>\n<meta property=\"article:modified_time\" content=\"2026-02-16T13:06:18+00:00\" \/>\n<meta property=\"og:image\" content=\"https:\/\/swissmilitarywatches.ch\/wp-content\/uploads\/2026\/01\/SM34114.01.png\" \/>\n\t<meta property=\"og:image:width\" content=\"1300\" \/>\n\t<meta property=\"og:image:height\" content=\"1642\" \/>\n\t<meta property=\"og:image:type\" content=\"image\/png\" \/>\n<meta name=\"twitter:card\" content=\"summary_large_image\" \/>\n<meta name=\"twitter:label1\" content=\"Precio\" \/>\n\t<meta name=\"twitter:data1\" content=\"&euro;349.00 con IVA\" \/>\n\t<meta name=\"twitter:label2\" content=\"Disponibilidad\" \/>\n\t<meta name=\"twitter:data2\" content=\"Disponible\" \/>\n<script type=\"application\/ld+json\" class=\"yoast-schema-graph\">{\"@context\":\"https:\/\/schema.org\",\"@graph\":[{\"@type\":\"WebPage\",\"@id\":\"https:\/\/swissmilitarywatches.ch\/es\/tienda\/reloj-cronografo-minimalista-militar-suizo-negro-acero-sm34114-01\/\",\"url\":\"https:\/\/swissmilitarywatches.ch\/es\/tienda\/reloj-cronografo-minimalista-militar-suizo-negro-acero-sm34114-01\/\",\"name\":\"Reloj Cron\u00f3grafo Minimalista Militar Suizo - Negro, Acero | SM34114.01\",\"isPartOf\":{\"@id\":\"https:\/\/swissmilitarywatches.ch\/es\/#website\"},\"primaryImageOfPage\":{\"@id\":\"https:\/\/swissmilitarywatches.ch\/es\/tienda\/reloj-cronografo-minimalista-militar-suizo-negro-acero-sm34114-01\/#primaryimage\"},\"image\":{\"@id\":\"https:\/\/swissmilitarywatches.ch\/es\/tienda\/reloj-cronografo-minimalista-militar-suizo-negro-acero-sm34114-01\/#primaryimage\"},\"thumbnailUrl\":\"https:\/\/swissmilitarywatches.ch\/wp-content\/uploads\/2026\/01\/SM34114.01.png\",\"datePublished\":\"2026-01-12T08:35:28+00:00\",\"dateModified\":\"2026-02-16T13:06:18+00:00\",\"description\":\"Reloj Cron\u00f3grafo Minimalista Militar Suizo de acero plateado con esfera negra.Precisi\u00f3n Swiss Made, funci\u00f3n de parada del cron\u00f3grafo y 5 a\u00f1os de garant\u00eda.\",\"breadcrumb\":{\"@id\":\"https:\/\/swissmilitarywatches.ch\/es\/tienda\/reloj-cronografo-minimalista-militar-suizo-negro-acero-sm34114-01\/#breadcrumb\"},\"inLanguage\":\"es\",\"potentialAction\":[{\"@type\":\"ReadAction\",\"target\":[\"https:\/\/swissmilitarywatches.ch\/es\/tienda\/reloj-cronografo-minimalista-militar-suizo-negro-acero-sm34114-01\/\"]}]},{\"@type\":\"ImageObject\",\"inLanguage\":\"es\",\"@id\":\"https:\/\/swissmilitarywatches.ch\/es\/tienda\/reloj-cronografo-minimalista-militar-suizo-negro-acero-sm34114-01\/#primaryimage\",\"url\":\"https:\/\/swissmilitarywatches.ch\/wp-content\/uploads\/2026\/01\/SM34114.01.png\",\"contentUrl\":\"https:\/\/swissmilitarywatches.ch\/wp-content\/uploads\/2026\/01\/SM34114.01.png\",\"width\":1300,\"height\":1642,\"caption\":\"Atrevida precisi\u00f3n suiza en acero plateado: el Reloj Cron\u00f3grafo Minimalista Militar Suizo con funci\u00f3n de cron\u00f3metro combina una esfera negra, cristal de zafiro y precisi\u00f3n de cron\u00f3metro para un rendimiento activo.\"},{\"@type\":\"BreadcrumbList\",\"@id\":\"https:\/\/swissmilitarywatches.ch\/es\/tienda\/reloj-cronografo-minimalista-militar-suizo-negro-acero-sm34114-01\/#breadcrumb\",\"itemListElement\":[{\"@type\":\"ListItem\",\"position\":1,\"name\":\"Home\",\"item\":\"https:\/\/swissmilitarywatches.ch\/es\/pagina-principal-2\/\"},{\"@type\":\"ListItem\",\"position\":2,\"name\":\"Tienda\",\"item\":\"https:\/\/swissmilitarywatches.ch\/es\/tienda\/\"},{\"@type\":\"ListItem\",\"position\":3,\"name\":\"Reloj Cron\u00f3grafo Minimalista Militar Suizo &#8211; Negro, Acero | SM34114.01\"}]},{\"@type\":\"WebSite\",\"@id\":\"https:\/\/swissmilitarywatches.ch\/es\/#website\",\"url\":\"https:\/\/swissmilitarywatches.ch\/es\/\",\"name\":\"Swiss Military by Chrono\",\"description\":\"Official Licensed Product of the Swiss Confederation\",\"publisher\":{\"@id\":\"https:\/\/swissmilitarywatches.ch\/es\/#organization\"},\"potentialAction\":[{\"@type\":\"SearchAction\",\"target\":{\"@type\":\"EntryPoint\",\"urlTemplate\":\"https:\/\/swissmilitarywatches.ch\/es\/?s={search_term_string}\"},\"query-input\":{\"@type\":\"PropertyValueSpecification\",\"valueRequired\":true,\"valueName\":\"search_term_string\"}}],\"inLanguage\":\"es\"},{\"@type\":\"Organization\",\"@id\":\"https:\/\/swissmilitarywatches.ch\/es\/#organization\",\"name\":\"Swiss Military by Chrono\",\"url\":\"https:\/\/swissmilitarywatches.ch\/es\/\",\"logo\":{\"@type\":\"ImageObject\",\"inLanguage\":\"es\",\"@id\":\"https:\/\/swissmilitarywatches.ch\/es\/#\/schema\/logo\/image\/\",\"url\":\"https:\/\/swissmilitarywatches.ch\/wp-content\/uploads\/2020\/04\/cropped-SM_logo_512x512px.jpg\",\"contentUrl\":\"https:\/\/swissmilitarywatches.ch\/wp-content\/uploads\/2020\/04\/cropped-SM_logo_512x512px.jpg\",\"width\":512,\"height\":512,\"caption\":\"Swiss Military by Chrono\"},\"image\":{\"@id\":\"https:\/\/swissmilitarywatches.ch\/es\/#\/schema\/logo\/image\/\"},\"sameAs\":[\"https:\/\/m.facebook.com\/swissmilitarybychronoofficial\/\",\"https:\/\/www.instagram.com\/swissmilitarybychrono\/\",\"https:\/\/www.pinterest.ch\/swissmilitarybychrono\/\"]}]}<\/script>\n<meta property=\"product:brand\" content=\"Swiss Military by Chrono\" \/>\n<meta property=\"product:price:amount\" content=\"349.00\" \/>\n<meta property=\"product:price:currency\" content=\"EUR\" \/>\n<meta property=\"og:availability\" content=\"instock\" \/>\n<meta property=\"product:availability\" content=\"instock\" \/>\n<meta property=\"product:retailer_item_id\" content=\"SM34114.01\" \/>\n<meta property=\"product:condition\" content=\"new\" \/>\n<!-- \/ Yoast SEO Premium plugin. -->","yoast_head_json":{"title":"Reloj Cron\u00f3grafo Minimalista Militar Suizo - Negro, Acero | SM34114.01","description":"Reloj Cron\u00f3grafo Minimalista Militar Suizo de acero plateado con esfera negra.Precisi\u00f3n Swiss Made, funci\u00f3n de parada del cron\u00f3grafo y 5 a\u00f1os de garant\u00eda.","robots":{"index":"index","follow":"follow","max-snippet":"max-snippet:-1","max-image-preview":"max-image-preview:large","max-video-preview":"max-video-preview:-1"},"canonical":"https:\/\/swissmilitarywatches.ch\/es\/tienda\/reloj-cronografo-minimalista-militar-suizo-negro-acero-sm34114-01\/","og_locale":"es_ES","og_type":"article","og_title":"Reloj Cron\u00f3grafo Minimalista Militar Suizo - Negro, Acero | SM34114.01","og_description":"Reloj Cron\u00f3grafo Minimalista Militar Suizo de acero plateado con esfera negra.Precisi\u00f3n Swiss Made, funci\u00f3n de parada del cron\u00f3grafo y 5 a\u00f1os de garant\u00eda.","og_url":"https:\/\/swissmilitarywatches.ch\/es\/tienda\/reloj-cronografo-minimalista-militar-suizo-negro-acero-sm34114-01\/","og_site_name":"Swiss Military by Chrono","article_publisher":"https:\/\/m.facebook.com\/swissmilitarybychronoofficial\/","article_modified_time":"2026-02-16T13:06:18+00:00","og_image":[{"width":1300,"height":1642,"url":"https:\/\/swissmilitarywatches.ch\/wp-content\/uploads\/2026\/01\/SM34114.01.png","type":"image\/png"}],"twitter_card":"summary_large_image","twitter_misc":{"Precio":"&euro;349.00 con IVA","Disponibilidad":"Disponible"},"schema":{"@context":"https:\/\/schema.org","@graph":[{"@type":"WebPage","@id":"https:\/\/swissmilitarywatches.ch\/es\/tienda\/reloj-cronografo-minimalista-militar-suizo-negro-acero-sm34114-01\/","url":"https:\/\/swissmilitarywatches.ch\/es\/tienda\/reloj-cronografo-minimalista-militar-suizo-negro-acero-sm34114-01\/","name":"Reloj Cron\u00f3grafo Minimalista Militar Suizo - Negro, Acero | SM34114.01","isPartOf":{"@id":"https:\/\/swissmilitarywatches.ch\/es\/#website"},"primaryImageOfPage":{"@id":"https:\/\/swissmilitarywatches.ch\/es\/tienda\/reloj-cronografo-minimalista-militar-suizo-negro-acero-sm34114-01\/#primaryimage"},"image":{"@id":"https:\/\/swissmilitarywatches.ch\/es\/tienda\/reloj-cronografo-minimalista-militar-suizo-negro-acero-sm34114-01\/#primaryimage"},"thumbnailUrl":"https:\/\/swissmilitarywatches.ch\/wp-content\/uploads\/2026\/01\/SM34114.01.png","datePublished":"2026-01-12T08:35:28+00:00","dateModified":"2026-02-16T13:06:18+00:00","description":"Reloj Cron\u00f3grafo Minimalista Militar Suizo de acero plateado con esfera negra.Precisi\u00f3n Swiss Made, funci\u00f3n de parada del cron\u00f3grafo y 5 a\u00f1os de garant\u00eda.","breadcrumb":{"@id":"https:\/\/swissmilitarywatches.ch\/es\/tienda\/reloj-cronografo-minimalista-militar-suizo-negro-acero-sm34114-01\/#breadcrumb"},"inLanguage":"es","potentialAction":[{"@type":"ReadAction","target":["https:\/\/swissmilitarywatches.ch\/es\/tienda\/reloj-cronografo-minimalista-militar-suizo-negro-acero-sm34114-01\/"]}]},{"@type":"ImageObject","inLanguage":"es","@id":"https:\/\/swissmilitarywatches.ch\/es\/tienda\/reloj-cronografo-minimalista-militar-suizo-negro-acero-sm34114-01\/#primaryimage","url":"https:\/\/swissmilitarywatches.ch\/wp-content\/uploads\/2026\/01\/SM34114.01.png","contentUrl":"https:\/\/swissmilitarywatches.ch\/wp-content\/uploads\/2026\/01\/SM34114.01.png","width":1300,"height":1642,"caption":"Atrevida precisi\u00f3n suiza en acero plateado: el Reloj Cron\u00f3grafo Minimalista Militar Suizo con funci\u00f3n de cron\u00f3metro combina una esfera negra, cristal de zafiro y precisi\u00f3n de cron\u00f3metro para un rendimiento activo."},{"@type":"BreadcrumbList","@id":"https:\/\/swissmilitarywatches.ch\/es\/tienda\/reloj-cronografo-minimalista-militar-suizo-negro-acero-sm34114-01\/#breadcrumb","itemListElement":[{"@type":"ListItem","position":1,"name":"Home","item":"https:\/\/swissmilitarywatches.ch\/es\/pagina-principal-2\/"},{"@type":"ListItem","position":2,"name":"Tienda","item":"https:\/\/swissmilitarywatches.ch\/es\/tienda\/"},{"@type":"ListItem","position":3,"name":"Reloj Cron\u00f3grafo Minimalista Militar Suizo &#8211; Negro, Acero | SM34114.01"}]},{"@type":"WebSite","@id":"https:\/\/swissmilitarywatches.ch\/es\/#website","url":"https:\/\/swissmilitarywatches.ch\/es\/","name":"Swiss Military by Chrono","description":"Official Licensed Product of the Swiss Confederation","publisher":{"@id":"https:\/\/swissmilitarywatches.ch\/es\/#organization"},"potentialAction":[{"@type":"SearchAction","target":{"@type":"EntryPoint","urlTemplate":"https:\/\/swissmilitarywatches.ch\/es\/?s={search_term_string}"},"query-input":{"@type":"PropertyValueSpecification","valueRequired":true,"valueName":"search_term_string"}}],"inLanguage":"es"},{"@type":"Organization","@id":"https:\/\/swissmilitarywatches.ch\/es\/#organization","name":"Swiss Military by Chrono","url":"https:\/\/swissmilitarywatches.ch\/es\/","logo":{"@type":"ImageObject","inLanguage":"es","@id":"https:\/\/swissmilitarywatches.ch\/es\/#\/schema\/logo\/image\/","url":"https:\/\/swissmilitarywatches.ch\/wp-content\/uploads\/2020\/04\/cropped-SM_logo_512x512px.jpg","contentUrl":"https:\/\/swissmilitarywatches.ch\/wp-content\/uploads\/2020\/04\/cropped-SM_logo_512x512px.jpg","width":512,"height":512,"caption":"Swiss Military by Chrono"},"image":{"@id":"https:\/\/swissmilitarywatches.ch\/es\/#\/schema\/logo\/image\/"},"sameAs":["https:\/\/m.facebook.com\/swissmilitarybychronoofficial\/","https:\/\/www.instagram.com\/swissmilitarybychrono\/","https:\/\/www.pinterest.ch\/swissmilitarybychrono\/"]}]},"product_brand":"Swiss Military by Chrono","product_price_amount":"349.00","product_price_currency":"EUR","og_availability":"instock","product_availability":"instock","product_retailer_item_id":"SM34114.01","product_condition":"new"},"jetpack_sharing_enabled":true,"_links":{"self":[{"href":"https:\/\/swissmilitarywatches.ch\/es\/wp-json\/wp\/v2\/product\/24788","targetHints":{"allow":["GET"]}}],"collection":[{"href":"https:\/\/swissmilitarywatches.ch\/es\/wp-json\/wp\/v2\/product"}],"about":[{"href":"https:\/\/swissmilitarywatches.ch\/es\/wp-json\/wp\/v2\/types\/product"}],"replies":[{"embeddable":true,"href":"https:\/\/swissmilitarywatches.ch\/es\/wp-json\/wp\/v2\/comments?post=24788"}],"wp:featuredmedia":[{"embeddable":true,"href":"https:\/\/swissmilitarywatches.ch\/es\/wp-json\/wp\/v2\/media\/24793"}],"wp:attachment":[{"href":"https:\/\/swissmilitarywatches.ch\/es\/wp-json\/wp\/v2\/media?parent=24788"}],"wp:term":[{"taxonomy":"product_brand","embeddable":true,"href":"https:\/\/swissmilitarywatches.ch\/es\/wp-json\/wp\/v2\/product_brand?post=24788"},{"taxonomy":"product_cat","embeddable":true,"href":"https:\/\/swissmilitarywatches.ch\/es\/wp-json\/wp\/v2\/product_cat?post=24788"},{"taxonomy":"product_tag","embeddable":true,"href":"https:\/\/swissmilitarywatches.ch\/es\/wp-json\/wp\/v2\/product_tag?post=24788"}],"curies":[{"name":"wp","href":"https:\/\/api.w.org\/{rel}","templated":true}]}}