{"id":24783,"date":"2026-01-27T12:38:54","date_gmt":"2026-01-27T10:38:54","guid":{"rendered":"https:\/\/swissmilitarywatches.ch\/shop\/reloj-militar-suizo-speed-cronografo-caucho-negro-rojo-sm34115-06\/"},"modified":"2026-02-16T15:04:05","modified_gmt":"2026-02-16T13:04:05","slug":"reloj-militar-suizo-speed-cronografo-caucho-negro-rojo-sm34115-06","status":"publish","type":"product","link":"https:\/\/swissmilitarywatches.ch\/es\/tienda\/reloj-militar-suizo-speed-cronografo-caucho-negro-rojo-sm34115-06\/","title":{"rendered":"Reloj militar suizo Speed Cron\u00f3grafo &#8211; Caucho Negro Rojo | SM34115.06"},"content":{"rendered":"<div>\n<h2><strong>Reloj Militar Suizo Cron\u00f3grafo de Velocidad &#8211; Esp\u00edritu de competici\u00f3n y precisi\u00f3n suiza<\/strong><\/h2>\n<\/div>\n<div>\n<p id=\"message\">El <strong>Reloj Cron\u00f3grafo Militar Suizo SM34115.06<\/strong> captura la fuerza del movimiento y la elegancia del control. Impulsado por un movimiento de cuarzo cron\u00f3grafo suizo, ofrece un cronometraje preciso en cada segundo. El bisel taquim\u00e9trico transforma el tiempo en velocidad mensurable, mientras que la esfera negra con segundero y agujas de cron\u00f3grafo rojas crea un aspecto audaz, inspirado en las carreras.  <\/p>\n<\/div>\n<div><\/div>\n<div>\n<p id=\"message\">La correa de goma negra y roja a\u00f1ade flexibilidad, durabilidad y un estilo inconfundible. Se ajusta de forma segura y c\u00f3moda, incluso durante actividades de alta intensidad. Adem\u00e1s, el cristal de zafiro protege la esfera de ara\u00f1azos, garantizando una visibilidad perfecta en cualquier condici\u00f3n. La caja de acero inoxidable de 43 mm refuerza el dise\u00f1o deportivo pero refinado del reloj.   <\/p>\n<\/div>\n<div><\/div>\n<div>\n<p id=\"message\">Gracias a sus funciones de cron\u00f3grafo y fecha, este Reloj Taqu\u00edmetro Suizo combina rendimiento y practicidad. Con una resistencia al agua de 10 ATM, est\u00e1 preparado para la aventura, en tierra o en el agua. Como resultado, el SM34115.06 es una declaraci\u00f3n de velocidad, precisi\u00f3n e ingenier\u00eda suiza, para hombres que nunca bajan el ritmo.  <\/p>\n<div class=\"is-divider divider clearfix\" style=\"max-width:small;\"><\/div>\n<\/div>\n<h3>Caracter\u00edsticas de Kea:<\/h3>\n<div>\n<ul>\n<li><strong>Movimiento de cuarzo cron\u00f3grafo suizo ETA G10.212<\/strong><\/li>\n<li><strong>Bisel taquim\u00e9trico<\/strong> para medir la velocidad<\/li>\n<li><strong>Cristal de zafiro<\/strong>: resistente a los ara\u00f1azos y transparente<\/li>\n<li><strong>Caja de acero inoxidable de 43 mm<\/strong> con esfera negra<\/li>\n<li><strong>Correa de goma negra y roja<\/strong> para mayor comodidad y estilo<\/li>\n<li><strong>Cron\u00f3grafo + funciones d\u00eda-fecha<\/strong><\/li>\n<li><strong>Resistencia al agua de 10 ATM<\/strong> (100 m)<\/li>\n<li><strong>Swiss Made<\/strong>, 5 a\u00f1os de garant\u00eda internacional<\/li>\n<\/ul>\n<\/div>\n<div>\n<p id=\"message\"><strong><div class=\"is-divider divider clearfix\" style=\"max-width:small;\"><\/div><\/strong><\/p>\n<p><strong>Autorizado por la Confederaci\u00f3n Helv\u00e9tica, montado a mano en Suiza y protegido por una garant\u00eda internacional de 5 a\u00f1os.<\/strong><\/p>\n<div class=\"row hide-for-small\"  id=\"row-235294118\">\n\n\n\t<div id=\"col-1717047079\" class=\"col small-12 large-12\"  >\n\t\t\t\t<div class=\"col-inner\"  >\n\t\t\t\n\t\t\t\n\n\t<div class=\"img has-hover x md-x lg-x y md-y lg-y\" id=\"image_1625158782\">\n\t\t\t\t\t\t\t\t<div class=\"img-inner dark\" >\n\t\t\t<img decoding=\"async\" width=\"2560\" height=\"1280\" src=\"https:\/\/swissmilitarywatches.ch\/wp-content\/uploads\/2026\/01\/UX-Block-Images-DESKTOP-LTD-Edition-scaled.jpg\" class=\"attachment-large size-large\" alt=\"Swiss watchmaker assembling a watch movement \u2013 hand\u2011crafted Swiss Military by Chrono timepiece made in Switzerland.\" srcset=\"https:\/\/swissmilitarywatches.ch\/wp-content\/uploads\/2026\/01\/UX-Block-Images-DESKTOP-LTD-Edition-scaled.jpg 2560w, https:\/\/swissmilitarywatches.ch\/wp-content\/uploads\/2026\/01\/UX-Block-Images-DESKTOP-LTD-Edition-768x384.jpg 768w, https:\/\/swissmilitarywatches.ch\/wp-content\/uploads\/2026\/01\/UX-Block-Images-DESKTOP-LTD-Edition-1536x768.jpg 1536w, https:\/\/swissmilitarywatches.ch\/wp-content\/uploads\/2026\/01\/UX-Block-Images-DESKTOP-LTD-Edition-2048x1024.jpg 2048w, https:\/\/swissmilitarywatches.ch\/wp-content\/uploads\/2026\/01\/UX-Block-Images-DESKTOP-LTD-Edition-600x300.jpg 600w\" sizes=\"(max-width: 2560px) 100vw, 2560px\" \/>\t\t\t\t\t\t\n\t\t\t\t\t<\/div>\n\t\t\t\t\t\t\t\t\n<style>\n#image_1625158782 {\n  width: 100%;\n}\n<\/style>\n\t<\/div>\n\t\n\n\n\t\t<\/div>\n\t\t\t\t\t<\/div>\n\n\t\n\n\t<div id=\"col-1498268990\" class=\"col small-12 large-12\"  >\n\t\t\t\t<div class=\"col-inner\"  >\n\t\t\t\n\t\t\t\n\n\t<div class=\"img has-hover x md-x lg-x y md-y lg-y\" id=\"image_570912867\">\n\t\t\t\t\t\t\t\t<div class=\"img-inner dark\" >\n\t\t\t<img decoding=\"async\" width=\"2560\" height=\"640\" src=\"https:\/\/swissmilitarywatches.ch\/wp-content\/uploads\/2026\/01\/Trust-Desktop-ALL-scaled.jpg\" class=\"attachment-large size-large\" alt=\"Swiss Military by Chrono official license and 5\u2011year international warranty badge \u2013 authentic Swiss Made watch quality guaranteed.\" srcset=\"https:\/\/swissmilitarywatches.ch\/wp-content\/uploads\/2026\/01\/Trust-Desktop-ALL-scaled.jpg 2560w, https:\/\/swissmilitarywatches.ch\/wp-content\/uploads\/2026\/01\/Trust-Desktop-ALL-768x192.jpg 768w, https:\/\/swissmilitarywatches.ch\/wp-content\/uploads\/2026\/01\/Trust-Desktop-ALL-1536x384.jpg 1536w, https:\/\/swissmilitarywatches.ch\/wp-content\/uploads\/2026\/01\/Trust-Desktop-ALL-2048x512.jpg 2048w, https:\/\/swissmilitarywatches.ch\/wp-content\/uploads\/2026\/01\/Trust-Desktop-ALL-600x150.jpg 600w\" sizes=\"(max-width: 2560px) 100vw, 2560px\" \/>\t\t\t\t\t\t\n\t\t\t\t\t<\/div>\n\t\t\t\t\t\t\t\t\n<style>\n#image_570912867 {\n  width: 100%;\n}\n<\/style>\n\t<\/div>\n\t\n\n\n\t\t<\/div>\n\t\t\t\t\t<\/div>\n\n\t\n\n<\/div>\n<div class=\"row show-for-small\"  id=\"row-568005666\">\n\n\n\t<div id=\"col-182421028\" class=\"col small-12 large-12\"  >\n\t\t\t\t<div class=\"col-inner\"  >\n\t\t\t\n\t\t\t\n\n\t<div class=\"img has-hover x md-x lg-x y md-y lg-y\" id=\"image_888455249\">\n\t\t\t\t\t\t\t\t<div class=\"img-inner dark\" >\n\t\t\t<img decoding=\"async\" width=\"2560\" height=\"2560\" src=\"https:\/\/swissmilitarywatches.ch\/wp-content\/uploads\/2026\/01\/UX-Block-Images-MOBILE-LTD-Edtion-scaled.jpg\" class=\"attachment-large size-large\" alt=\"Swiss Military by Chrono watchmaker assembling a watch movement \u2013 hand\u2011crafted Swiss Military timepiece made in Switzerland\" srcset=\"https:\/\/swissmilitarywatches.ch\/wp-content\/uploads\/2026\/01\/UX-Block-Images-MOBILE-LTD-Edtion-scaled.jpg 2560w, https:\/\/swissmilitarywatches.ch\/wp-content\/uploads\/2026\/01\/UX-Block-Images-MOBILE-LTD-Edtion-768x768.jpg 768w, https:\/\/swissmilitarywatches.ch\/wp-content\/uploads\/2026\/01\/UX-Block-Images-MOBILE-LTD-Edtion-1536x1536.jpg 1536w, https:\/\/swissmilitarywatches.ch\/wp-content\/uploads\/2026\/01\/UX-Block-Images-MOBILE-LTD-Edtion-2048x2048.jpg 2048w, https:\/\/swissmilitarywatches.ch\/wp-content\/uploads\/2026\/01\/UX-Block-Images-MOBILE-LTD-Edtion-600x600.jpg 600w, https:\/\/swissmilitarywatches.ch\/wp-content\/uploads\/2026\/01\/UX-Block-Images-MOBILE-LTD-Edtion-100x100.jpg 100w\" sizes=\"(max-width: 2560px) 100vw, 2560px\" \/>\t\t\t\t\t\t\n\t\t\t\t\t<\/div>\n\t\t\t\t\t\t\t\t\n<style>\n#image_888455249 {\n  width: 100%;\n}\n<\/style>\n\t<\/div>\n\t\n\n\n\t\t<\/div>\n\t\t\t\t\t<\/div>\n\n\t\n\n\t<div id=\"col-1365236635\" class=\"col small-12 large-12\"  >\n\t\t\t\t<div class=\"col-inner\"  >\n\t\t\t\n\t\t\t\n\n\t<div class=\"img has-hover x md-x lg-x y md-y lg-y\" id=\"image_1769023906\">\n\t\t\t\t\t\t\t\t<div class=\"img-inner dark\" >\n\t\t\t<img decoding=\"async\" width=\"2560\" height=\"1280\" src=\"https:\/\/swissmilitarywatches.ch\/wp-content\/uploads\/2026\/01\/Trust-MOBILE-All-scaled.jpg\" class=\"attachment-large size-large\" alt=\"Swiss Military by Chrono official license and 5\u2011year international warranty badge \u2013 authentic Swiss Made watch quality guaranteed.\" srcset=\"https:\/\/swissmilitarywatches.ch\/wp-content\/uploads\/2026\/01\/Trust-MOBILE-All-scaled.jpg 2560w, https:\/\/swissmilitarywatches.ch\/wp-content\/uploads\/2026\/01\/Trust-MOBILE-All-768x384.jpg 768w, https:\/\/swissmilitarywatches.ch\/wp-content\/uploads\/2026\/01\/Trust-MOBILE-All-1536x768.jpg 1536w, https:\/\/swissmilitarywatches.ch\/wp-content\/uploads\/2026\/01\/Trust-MOBILE-All-2048x1024.jpg 2048w, https:\/\/swissmilitarywatches.ch\/wp-content\/uploads\/2026\/01\/Trust-MOBILE-All-600x300.jpg 600w\" sizes=\"(max-width: 2560px) 100vw, 2560px\" \/>\t\t\t\t\t\t\n\t\t\t\t\t<\/div>\n\t\t\t\t\t\t\t\t\n<style>\n#image_1769023906 {\n  width: 100%;\n}\n<\/style>\n\t<\/div>\n\t\n\n\n\t\t<\/div>\n\t\t\t\t\t<\/div>\n\n\t\n\n<\/div>\n<\/div>\n","protected":false},"excerpt":{"rendered":"<p>El <strong>Reloj Cron\u00f3grafo Swiss Military Speed<\/strong> con correa de caucho negra y roja encarna la precisi\u00f3n suiza en movimiento. Su <strong>bisel taquim\u00e9trico<\/strong> mide la velocidad con exactitud, mientras que el <strong>cristal de zafiro<\/strong> resiste cualquier desaf\u00edo. Con detalles rojos y un dise\u00f1o din\u00e1mico, est\u00e1 hecho para los hombres que viven r\u00e1pido y apuntan alto.  <\/p>\n","protected":false},"featured_media":24658,"comment_status":"open","ping_status":"closed","template":"","meta":[],"product_brand":[],"product_cat":[3170,1813,1816,1823,1820],"product_tag":[],"class_list":{"0":"post-24783","1":"product","2":"type-product","3":"status-publish","4":"has-post-thumbnail","6":"product_cat-sm34115","7":"product_cat-todos-los-relojes-es","8":"product_cat-relojes-hombre-es","9":"product_cat-cronografo","10":"product_cat-novedades","11":"product_shipping_class-envio-flexible-es","13":"first","14":"instock","15":"featured","16":"taxable","17":"shipping-taxable","18":"purchasable","19":"product-type-simple"},"yoast_head":"<!-- This site is optimized with the Yoast SEO Premium plugin v26.6 (Yoast SEO v26.6) - https:\/\/yoast.com\/wordpress\/plugins\/seo\/ -->\n<title>Reloj militar suizo Speed Cron\u00f3grafo - Caucho Negro Rojo | SM34115.06<\/title>\n<meta name=\"description\" content=\"Reloj Cron\u00f3grafo Militar Suizo Speed - correa de caucho rojo negro, bisel taquim\u00e9trico, precisi\u00f3n suiza, cristal de zafiro, 10 ATM, 5 a\u00f1os de garant\u00eda.\" \/>\n<meta name=\"robots\" content=\"index, follow, max-snippet:-1, max-image-preview:large, max-video-preview:-1\" \/>\n<link rel=\"canonical\" href=\"https:\/\/swissmilitarywatches.ch\/es\/tienda\/reloj-militar-suizo-speed-cronografo-caucho-negro-rojo-sm34115-06\/\" \/>\n<meta property=\"og:locale\" content=\"es_ES\" \/>\n<meta property=\"og:type\" content=\"article\" \/>\n<meta property=\"og:title\" content=\"Reloj militar suizo Speed Cron\u00f3grafo - Caucho Negro Rojo | SM34115.06\" \/>\n<meta property=\"og:description\" content=\"Reloj Cron\u00f3grafo Militar Suizo Speed - correa de caucho rojo negro, bisel taquim\u00e9trico, precisi\u00f3n suiza, cristal de zafiro, 10 ATM, 5 a\u00f1os de garant\u00eda.\" \/>\n<meta property=\"og:url\" content=\"https:\/\/swissmilitarywatches.ch\/es\/tienda\/reloj-militar-suizo-speed-cronografo-caucho-negro-rojo-sm34115-06\/\" \/>\n<meta property=\"og:site_name\" content=\"Swiss Military by Chrono\" \/>\n<meta property=\"article:publisher\" content=\"https:\/\/m.facebook.com\/swissmilitarybychronoofficial\/\" \/>\n<meta property=\"article:modified_time\" content=\"2026-02-16T13:04:05+00:00\" \/>\n<meta property=\"og:image\" content=\"https:\/\/swissmilitarywatches.ch\/wp-content\/uploads\/2026\/01\/SM34115.06-1.png\" \/>\n\t<meta property=\"og:image:width\" content=\"1300\" \/>\n\t<meta property=\"og:image:height\" content=\"1642\" \/>\n\t<meta property=\"og:image:type\" content=\"image\/png\" \/>\n<meta name=\"twitter:card\" content=\"summary_large_image\" \/>\n<meta name=\"twitter:label1\" content=\"Precio\" \/>\n\t<meta name=\"twitter:data1\" content=\"&euro;349.00 con IVA\" \/>\n\t<meta name=\"twitter:label2\" content=\"Disponibilidad\" \/>\n\t<meta name=\"twitter:data2\" content=\"Disponible\" \/>\n<script type=\"application\/ld+json\" class=\"yoast-schema-graph\">{\"@context\":\"https:\/\/schema.org\",\"@graph\":[{\"@type\":\"WebPage\",\"@id\":\"https:\/\/swissmilitarywatches.ch\/es\/tienda\/reloj-militar-suizo-speed-cronografo-caucho-negro-rojo-sm34115-06\/\",\"url\":\"https:\/\/swissmilitarywatches.ch\/es\/tienda\/reloj-militar-suizo-speed-cronografo-caucho-negro-rojo-sm34115-06\/\",\"name\":\"Reloj militar suizo Speed Cron\u00f3grafo - Caucho Negro Rojo | SM34115.06\",\"isPartOf\":{\"@id\":\"https:\/\/swissmilitarywatches.ch\/es\/#website\"},\"primaryImageOfPage\":{\"@id\":\"https:\/\/swissmilitarywatches.ch\/es\/tienda\/reloj-militar-suizo-speed-cronografo-caucho-negro-rojo-sm34115-06\/#primaryimage\"},\"image\":{\"@id\":\"https:\/\/swissmilitarywatches.ch\/es\/tienda\/reloj-militar-suizo-speed-cronografo-caucho-negro-rojo-sm34115-06\/#primaryimage\"},\"thumbnailUrl\":\"https:\/\/swissmilitarywatches.ch\/wp-content\/uploads\/2026\/01\/SM34115.06-1.png\",\"datePublished\":\"2026-01-27T10:38:54+00:00\",\"dateModified\":\"2026-02-16T13:04:05+00:00\",\"description\":\"Reloj Cron\u00f3grafo Militar Suizo Speed - correa de caucho rojo negro, bisel taquim\u00e9trico, precisi\u00f3n suiza, cristal de zafiro, 10 ATM, 5 a\u00f1os de garant\u00eda.\",\"breadcrumb\":{\"@id\":\"https:\/\/swissmilitarywatches.ch\/es\/tienda\/reloj-militar-suizo-speed-cronografo-caucho-negro-rojo-sm34115-06\/#breadcrumb\"},\"inLanguage\":\"es\",\"potentialAction\":[{\"@type\":\"ReadAction\",\"target\":[\"https:\/\/swissmilitarywatches.ch\/es\/tienda\/reloj-militar-suizo-speed-cronografo-caucho-negro-rojo-sm34115-06\/\"]}]},{\"@type\":\"ImageObject\",\"inLanguage\":\"es\",\"@id\":\"https:\/\/swissmilitarywatches.ch\/es\/tienda\/reloj-militar-suizo-speed-cronografo-caucho-negro-rojo-sm34115-06\/#primaryimage\",\"url\":\"https:\/\/swissmilitarywatches.ch\/wp-content\/uploads\/2026\/01\/SM34115.06-1.png\",\"contentUrl\":\"https:\/\/swissmilitarywatches.ch\/wp-content\/uploads\/2026\/01\/SM34115.06-1.png\",\"width\":1300,\"height\":1642,\"caption\":\"Precisi\u00f3n suiza con energ\u00eda de competici\u00f3n.\"},{\"@type\":\"BreadcrumbList\",\"@id\":\"https:\/\/swissmilitarywatches.ch\/es\/tienda\/reloj-militar-suizo-speed-cronografo-caucho-negro-rojo-sm34115-06\/#breadcrumb\",\"itemListElement\":[{\"@type\":\"ListItem\",\"position\":1,\"name\":\"Home\",\"item\":\"https:\/\/swissmilitarywatches.ch\/es\/pagina-principal-2\/\"},{\"@type\":\"ListItem\",\"position\":2,\"name\":\"Tienda\",\"item\":\"https:\/\/swissmilitarywatches.ch\/es\/tienda\/\"},{\"@type\":\"ListItem\",\"position\":3,\"name\":\"Reloj militar suizo Speed Cron\u00f3grafo &#8211; Caucho Negro Rojo | SM34115.06\"}]},{\"@type\":\"WebSite\",\"@id\":\"https:\/\/swissmilitarywatches.ch\/es\/#website\",\"url\":\"https:\/\/swissmilitarywatches.ch\/es\/\",\"name\":\"Swiss Military by Chrono\",\"description\":\"Official Licensed Product of the Swiss Confederation\",\"publisher\":{\"@id\":\"https:\/\/swissmilitarywatches.ch\/es\/#organization\"},\"potentialAction\":[{\"@type\":\"SearchAction\",\"target\":{\"@type\":\"EntryPoint\",\"urlTemplate\":\"https:\/\/swissmilitarywatches.ch\/es\/?s={search_term_string}\"},\"query-input\":{\"@type\":\"PropertyValueSpecification\",\"valueRequired\":true,\"valueName\":\"search_term_string\"}}],\"inLanguage\":\"es\"},{\"@type\":\"Organization\",\"@id\":\"https:\/\/swissmilitarywatches.ch\/es\/#organization\",\"name\":\"Swiss Military by Chrono\",\"url\":\"https:\/\/swissmilitarywatches.ch\/es\/\",\"logo\":{\"@type\":\"ImageObject\",\"inLanguage\":\"es\",\"@id\":\"https:\/\/swissmilitarywatches.ch\/es\/#\/schema\/logo\/image\/\",\"url\":\"https:\/\/swissmilitarywatches.ch\/wp-content\/uploads\/2020\/04\/cropped-SM_logo_512x512px.jpg\",\"contentUrl\":\"https:\/\/swissmilitarywatches.ch\/wp-content\/uploads\/2020\/04\/cropped-SM_logo_512x512px.jpg\",\"width\":512,\"height\":512,\"caption\":\"Swiss Military by Chrono\"},\"image\":{\"@id\":\"https:\/\/swissmilitarywatches.ch\/es\/#\/schema\/logo\/image\/\"},\"sameAs\":[\"https:\/\/m.facebook.com\/swissmilitarybychronoofficial\/\",\"https:\/\/www.instagram.com\/swissmilitarybychrono\/\",\"https:\/\/www.pinterest.ch\/swissmilitarybychrono\/\"]}]}<\/script>\n<meta property=\"product:brand\" content=\"Swiss Military by Chrono\" \/>\n<meta property=\"product:price:amount\" content=\"349.00\" \/>\n<meta property=\"product:price:currency\" content=\"EUR\" \/>\n<meta property=\"og:availability\" content=\"instock\" \/>\n<meta property=\"product:availability\" content=\"instock\" \/>\n<meta property=\"product:retailer_item_id\" content=\"SM34115.06\" \/>\n<meta property=\"product:condition\" content=\"new\" \/>\n<!-- \/ Yoast SEO Premium plugin. -->","yoast_head_json":{"title":"Reloj militar suizo Speed Cron\u00f3grafo - Caucho Negro Rojo | SM34115.06","description":"Reloj Cron\u00f3grafo Militar Suizo Speed - correa de caucho rojo negro, bisel taquim\u00e9trico, precisi\u00f3n suiza, cristal de zafiro, 10 ATM, 5 a\u00f1os de garant\u00eda.","robots":{"index":"index","follow":"follow","max-snippet":"max-snippet:-1","max-image-preview":"max-image-preview:large","max-video-preview":"max-video-preview:-1"},"canonical":"https:\/\/swissmilitarywatches.ch\/es\/tienda\/reloj-militar-suizo-speed-cronografo-caucho-negro-rojo-sm34115-06\/","og_locale":"es_ES","og_type":"article","og_title":"Reloj militar suizo Speed Cron\u00f3grafo - Caucho Negro Rojo | SM34115.06","og_description":"Reloj Cron\u00f3grafo Militar Suizo Speed - correa de caucho rojo negro, bisel taquim\u00e9trico, precisi\u00f3n suiza, cristal de zafiro, 10 ATM, 5 a\u00f1os de garant\u00eda.","og_url":"https:\/\/swissmilitarywatches.ch\/es\/tienda\/reloj-militar-suizo-speed-cronografo-caucho-negro-rojo-sm34115-06\/","og_site_name":"Swiss Military by Chrono","article_publisher":"https:\/\/m.facebook.com\/swissmilitarybychronoofficial\/","article_modified_time":"2026-02-16T13:04:05+00:00","og_image":[{"width":1300,"height":1642,"url":"https:\/\/swissmilitarywatches.ch\/wp-content\/uploads\/2026\/01\/SM34115.06-1.png","type":"image\/png"}],"twitter_card":"summary_large_image","twitter_misc":{"Precio":"&euro;349.00 con IVA","Disponibilidad":"Disponible"},"schema":{"@context":"https:\/\/schema.org","@graph":[{"@type":"WebPage","@id":"https:\/\/swissmilitarywatches.ch\/es\/tienda\/reloj-militar-suizo-speed-cronografo-caucho-negro-rojo-sm34115-06\/","url":"https:\/\/swissmilitarywatches.ch\/es\/tienda\/reloj-militar-suizo-speed-cronografo-caucho-negro-rojo-sm34115-06\/","name":"Reloj militar suizo Speed Cron\u00f3grafo - Caucho Negro Rojo | SM34115.06","isPartOf":{"@id":"https:\/\/swissmilitarywatches.ch\/es\/#website"},"primaryImageOfPage":{"@id":"https:\/\/swissmilitarywatches.ch\/es\/tienda\/reloj-militar-suizo-speed-cronografo-caucho-negro-rojo-sm34115-06\/#primaryimage"},"image":{"@id":"https:\/\/swissmilitarywatches.ch\/es\/tienda\/reloj-militar-suizo-speed-cronografo-caucho-negro-rojo-sm34115-06\/#primaryimage"},"thumbnailUrl":"https:\/\/swissmilitarywatches.ch\/wp-content\/uploads\/2026\/01\/SM34115.06-1.png","datePublished":"2026-01-27T10:38:54+00:00","dateModified":"2026-02-16T13:04:05+00:00","description":"Reloj Cron\u00f3grafo Militar Suizo Speed - correa de caucho rojo negro, bisel taquim\u00e9trico, precisi\u00f3n suiza, cristal de zafiro, 10 ATM, 5 a\u00f1os de garant\u00eda.","breadcrumb":{"@id":"https:\/\/swissmilitarywatches.ch\/es\/tienda\/reloj-militar-suizo-speed-cronografo-caucho-negro-rojo-sm34115-06\/#breadcrumb"},"inLanguage":"es","potentialAction":[{"@type":"ReadAction","target":["https:\/\/swissmilitarywatches.ch\/es\/tienda\/reloj-militar-suizo-speed-cronografo-caucho-negro-rojo-sm34115-06\/"]}]},{"@type":"ImageObject","inLanguage":"es","@id":"https:\/\/swissmilitarywatches.ch\/es\/tienda\/reloj-militar-suizo-speed-cronografo-caucho-negro-rojo-sm34115-06\/#primaryimage","url":"https:\/\/swissmilitarywatches.ch\/wp-content\/uploads\/2026\/01\/SM34115.06-1.png","contentUrl":"https:\/\/swissmilitarywatches.ch\/wp-content\/uploads\/2026\/01\/SM34115.06-1.png","width":1300,"height":1642,"caption":"Precisi\u00f3n suiza con energ\u00eda de competici\u00f3n."},{"@type":"BreadcrumbList","@id":"https:\/\/swissmilitarywatches.ch\/es\/tienda\/reloj-militar-suizo-speed-cronografo-caucho-negro-rojo-sm34115-06\/#breadcrumb","itemListElement":[{"@type":"ListItem","position":1,"name":"Home","item":"https:\/\/swissmilitarywatches.ch\/es\/pagina-principal-2\/"},{"@type":"ListItem","position":2,"name":"Tienda","item":"https:\/\/swissmilitarywatches.ch\/es\/tienda\/"},{"@type":"ListItem","position":3,"name":"Reloj militar suizo Speed Cron\u00f3grafo &#8211; Caucho Negro Rojo | SM34115.06"}]},{"@type":"WebSite","@id":"https:\/\/swissmilitarywatches.ch\/es\/#website","url":"https:\/\/swissmilitarywatches.ch\/es\/","name":"Swiss Military by Chrono","description":"Official Licensed Product of the Swiss Confederation","publisher":{"@id":"https:\/\/swissmilitarywatches.ch\/es\/#organization"},"potentialAction":[{"@type":"SearchAction","target":{"@type":"EntryPoint","urlTemplate":"https:\/\/swissmilitarywatches.ch\/es\/?s={search_term_string}"},"query-input":{"@type":"PropertyValueSpecification","valueRequired":true,"valueName":"search_term_string"}}],"inLanguage":"es"},{"@type":"Organization","@id":"https:\/\/swissmilitarywatches.ch\/es\/#organization","name":"Swiss Military by Chrono","url":"https:\/\/swissmilitarywatches.ch\/es\/","logo":{"@type":"ImageObject","inLanguage":"es","@id":"https:\/\/swissmilitarywatches.ch\/es\/#\/schema\/logo\/image\/","url":"https:\/\/swissmilitarywatches.ch\/wp-content\/uploads\/2020\/04\/cropped-SM_logo_512x512px.jpg","contentUrl":"https:\/\/swissmilitarywatches.ch\/wp-content\/uploads\/2020\/04\/cropped-SM_logo_512x512px.jpg","width":512,"height":512,"caption":"Swiss Military by Chrono"},"image":{"@id":"https:\/\/swissmilitarywatches.ch\/es\/#\/schema\/logo\/image\/"},"sameAs":["https:\/\/m.facebook.com\/swissmilitarybychronoofficial\/","https:\/\/www.instagram.com\/swissmilitarybychrono\/","https:\/\/www.pinterest.ch\/swissmilitarybychrono\/"]}]},"product_brand":"Swiss Military by Chrono","product_price_amount":"349.00","product_price_currency":"EUR","og_availability":"instock","product_availability":"instock","product_retailer_item_id":"SM34115.06","product_condition":"new"},"jetpack_sharing_enabled":true,"_links":{"self":[{"href":"https:\/\/swissmilitarywatches.ch\/es\/wp-json\/wp\/v2\/product\/24783","targetHints":{"allow":["GET"]}}],"collection":[{"href":"https:\/\/swissmilitarywatches.ch\/es\/wp-json\/wp\/v2\/product"}],"about":[{"href":"https:\/\/swissmilitarywatches.ch\/es\/wp-json\/wp\/v2\/types\/product"}],"replies":[{"embeddable":true,"href":"https:\/\/swissmilitarywatches.ch\/es\/wp-json\/wp\/v2\/comments?post=24783"}],"wp:featuredmedia":[{"embeddable":true,"href":"https:\/\/swissmilitarywatches.ch\/es\/wp-json\/wp\/v2\/media\/24658"}],"wp:attachment":[{"href":"https:\/\/swissmilitarywatches.ch\/es\/wp-json\/wp\/v2\/media?parent=24783"}],"wp:term":[{"taxonomy":"product_brand","embeddable":true,"href":"https:\/\/swissmilitarywatches.ch\/es\/wp-json\/wp\/v2\/product_brand?post=24783"},{"taxonomy":"product_cat","embeddable":true,"href":"https:\/\/swissmilitarywatches.ch\/es\/wp-json\/wp\/v2\/product_cat?post=24783"},{"taxonomy":"product_tag","embeddable":true,"href":"https:\/\/swissmilitarywatches.ch\/es\/wp-json\/wp\/v2\/product_tag?post=24783"}],"curies":[{"name":"wp","href":"https:\/\/api.w.org\/{rel}","templated":true}]}}