{"id":24718,"date":"2026-01-27T17:18:40","date_gmt":"2026-01-27T15:18:40","guid":{"rendered":"https:\/\/swissmilitarywatches.ch\/shop\/reloj-cronografo-militar-suizo-de-campana-oro-lona-marron-sm34117-09\/"},"modified":"2026-02-16T15:01:46","modified_gmt":"2026-02-16T13:01:46","slug":"reloj-cronografo-militar-suizo-de-campana-oro-lona-marron-sm34117-09","status":"publish","type":"product","link":"https:\/\/swissmilitarywatches.ch\/es\/tienda\/reloj-cronografo-militar-suizo-de-campana-oro-lona-marron-sm34117-09\/","title":{"rendered":"Reloj cron\u00f3grafo militar suizo de campa\u00f1a &#8211; Oro, lona marr\u00f3n | SM34117.09"},"content":{"rendered":"<div>\n<h2><strong>Reloj Cron\u00f3grafo de Campo Militar Suizo &#8211; Construido para la Fuerza, Definido por la Precisi\u00f3n<\/strong><\/h2>\n<\/div>\n<div>\n<p id=\"message\">El Cron\u00f3grafo de Campo Swiss Military SM34117.09 muestra la precisi\u00f3n suiza a trav\u00e9s de un dise\u00f1o atrevido pero elegante. Su caja con revestimiento de PVD dorado aporta una fuerza refinada, mientras que la correa de lona marr\u00f3n a\u00f1ade un toque natural y vers\u00e1til. Al estar impulsado por un movimiento cron\u00f3grafo suizo Ronda, garantiza un rendimiento preciso d\u00eda tras d\u00eda.  <\/p>\n<\/div>\n<div><\/div>\n<div>\n<p id=\"message\">La disposici\u00f3n vertical de las subesferas 12-9-6 mejora el equilibrio y la claridad, mientras que los marcadores luminosos y el segundero rojo proporcionan enfoque y contraste. Adem\u00e1s, el cristal de zafiro protege la esfera de ara\u00f1azos, manteni\u00e9ndola clara y brillante con el paso del tiempo. Con una resistencia al agua de 10 ATM (100 m), este cron\u00f3grafo sigue siendo fiable en cualquier entorno. Por tanto, es igualmente adecuado para el trabajo, los viajes y el ocio.   <\/p>\n<\/div>\n<div><\/div>\n<div>\n<p id=\"message\">Su correa de lona marr\u00f3n garantiza un uso c\u00f3modo, mientras que el acabado en PVD dorado expresa confianza y elegancia moderna. Como resultado, el SM34117.09 no es s\u00f3lo un reloj suizo: es una declaraci\u00f3n de car\u00e1cter, fuerza y refinamiento atemporal. <\/p>\n<h3><div class=\"is-divider divider clearfix\" style=\"max-width:small;\"><\/div><\/h3>\n<\/div>\n<div>Caracter\u00edsticas de Kea<\/div>\n<div>\n<ul>\n<li><strong>Movimiento:<\/strong> Ronda suiza Cal. 3540.D cron\u00f3grafo, subesferas 12-9-6<\/li>\n<li><strong>Cristal:<\/strong> Cristal de zafiro resistente a los ara\u00f1azos<\/li>\n<li><strong>Caja:<\/strong> 40 mm de acero inoxidable con revestimiento de PVD dorado, 11,5 mm de grosor<\/li>\n<li><strong>Esfera:<\/strong> Negra con marcadores luminosos y segundero rojo<\/li>\n<li><strong>Correa:<\/strong> Correa de lona marr\u00f3n con hebilla inoxidable<\/li>\n<li><strong>Resistencia al agua:<\/strong> 10 ATM \/ 100 m<\/li>\n<li><strong>Garant\u00eda:<\/strong> 5 a\u00f1os de garant\u00eda internacional<\/li>\n<li><strong>Origen:<\/strong> Fabricado en Suiza<\/li>\n<\/ul>\n<\/div>\n<div>\n<h3><div class=\"is-divider divider clearfix\" style=\"max-width:small;\"><\/div><\/h3>\n<\/div>\n<div>\n<p id=\"message\">Autorizado por la Confederaci\u00f3n Helv\u00e9tica, montado a mano en Suiza y protegido por una garant\u00eda internacional de 5 a\u00f1os.<\/p>\n<\/div>\n<div><\/div>\n<div><div class=\"row hide-for-small\"  id=\"row-662887801\">\n\n\n\t<div id=\"col-1574838800\" class=\"col small-12 large-12\"  >\n\t\t\t\t<div class=\"col-inner\"  >\n\t\t\t\n\t\t\t\n\n\t<div class=\"img has-hover x md-x lg-x y md-y lg-y\" id=\"image_1860867921\">\n\t\t\t\t\t\t\t\t<div class=\"img-inner dark\" >\n\t\t\t<img decoding=\"async\" width=\"2560\" height=\"1280\" src=\"https:\/\/swissmilitarywatches.ch\/wp-content\/uploads\/2026\/01\/UX-Block-Images-DESKTOP-LTD-Edition-scaled.jpg\" class=\"attachment-large size-large\" alt=\"Swiss watchmaker assembling a watch movement \u2013 hand\u2011crafted Swiss Military by Chrono timepiece made in Switzerland.\" srcset=\"https:\/\/swissmilitarywatches.ch\/wp-content\/uploads\/2026\/01\/UX-Block-Images-DESKTOP-LTD-Edition-scaled.jpg 2560w, https:\/\/swissmilitarywatches.ch\/wp-content\/uploads\/2026\/01\/UX-Block-Images-DESKTOP-LTD-Edition-768x384.jpg 768w, https:\/\/swissmilitarywatches.ch\/wp-content\/uploads\/2026\/01\/UX-Block-Images-DESKTOP-LTD-Edition-1536x768.jpg 1536w, https:\/\/swissmilitarywatches.ch\/wp-content\/uploads\/2026\/01\/UX-Block-Images-DESKTOP-LTD-Edition-2048x1024.jpg 2048w, https:\/\/swissmilitarywatches.ch\/wp-content\/uploads\/2026\/01\/UX-Block-Images-DESKTOP-LTD-Edition-600x300.jpg 600w\" sizes=\"(max-width: 2560px) 100vw, 2560px\" \/>\t\t\t\t\t\t\n\t\t\t\t\t<\/div>\n\t\t\t\t\t\t\t\t\n<style>\n#image_1860867921 {\n  width: 100%;\n}\n<\/style>\n\t<\/div>\n\t\n\n\n\t\t<\/div>\n\t\t\t\t\t<\/div>\n\n\t\n\n\t<div id=\"col-1472975258\" class=\"col small-12 large-12\"  >\n\t\t\t\t<div class=\"col-inner\"  >\n\t\t\t\n\t\t\t\n\n\t<div class=\"img has-hover x md-x lg-x y md-y lg-y\" id=\"image_1783941259\">\n\t\t\t\t\t\t\t\t<div class=\"img-inner dark\" >\n\t\t\t<img decoding=\"async\" width=\"2560\" height=\"640\" src=\"https:\/\/swissmilitarywatches.ch\/wp-content\/uploads\/2026\/01\/Trust-Desktop-ALL-scaled.jpg\" class=\"attachment-large size-large\" alt=\"Swiss Military by Chrono official license and 5\u2011year international warranty badge \u2013 authentic Swiss Made watch quality guaranteed.\" srcset=\"https:\/\/swissmilitarywatches.ch\/wp-content\/uploads\/2026\/01\/Trust-Desktop-ALL-scaled.jpg 2560w, https:\/\/swissmilitarywatches.ch\/wp-content\/uploads\/2026\/01\/Trust-Desktop-ALL-768x192.jpg 768w, https:\/\/swissmilitarywatches.ch\/wp-content\/uploads\/2026\/01\/Trust-Desktop-ALL-1536x384.jpg 1536w, https:\/\/swissmilitarywatches.ch\/wp-content\/uploads\/2026\/01\/Trust-Desktop-ALL-2048x512.jpg 2048w, https:\/\/swissmilitarywatches.ch\/wp-content\/uploads\/2026\/01\/Trust-Desktop-ALL-600x150.jpg 600w\" sizes=\"(max-width: 2560px) 100vw, 2560px\" \/>\t\t\t\t\t\t\n\t\t\t\t\t<\/div>\n\t\t\t\t\t\t\t\t\n<style>\n#image_1783941259 {\n  width: 100%;\n}\n<\/style>\n\t<\/div>\n\t\n\n\n\t\t<\/div>\n\t\t\t\t\t<\/div>\n\n\t\n\n<\/div>\n<div class=\"row show-for-small\"  id=\"row-2073681744\">\n\n\n\t<div id=\"col-142527368\" class=\"col small-12 large-12\"  >\n\t\t\t\t<div class=\"col-inner\"  >\n\t\t\t\n\t\t\t\n\n\t<div class=\"img has-hover x md-x lg-x y md-y lg-y\" id=\"image_1832162370\">\n\t\t\t\t\t\t\t\t<div class=\"img-inner dark\" >\n\t\t\t<img decoding=\"async\" width=\"2560\" height=\"2560\" src=\"https:\/\/swissmilitarywatches.ch\/wp-content\/uploads\/2026\/01\/UX-Block-Images-MOBILE-LTD-Edtion-scaled.jpg\" class=\"attachment-large size-large\" alt=\"Swiss Military by Chrono watchmaker assembling a watch movement \u2013 hand\u2011crafted Swiss Military timepiece made in Switzerland\" srcset=\"https:\/\/swissmilitarywatches.ch\/wp-content\/uploads\/2026\/01\/UX-Block-Images-MOBILE-LTD-Edtion-scaled.jpg 2560w, https:\/\/swissmilitarywatches.ch\/wp-content\/uploads\/2026\/01\/UX-Block-Images-MOBILE-LTD-Edtion-768x768.jpg 768w, https:\/\/swissmilitarywatches.ch\/wp-content\/uploads\/2026\/01\/UX-Block-Images-MOBILE-LTD-Edtion-1536x1536.jpg 1536w, https:\/\/swissmilitarywatches.ch\/wp-content\/uploads\/2026\/01\/UX-Block-Images-MOBILE-LTD-Edtion-2048x2048.jpg 2048w, https:\/\/swissmilitarywatches.ch\/wp-content\/uploads\/2026\/01\/UX-Block-Images-MOBILE-LTD-Edtion-600x600.jpg 600w, https:\/\/swissmilitarywatches.ch\/wp-content\/uploads\/2026\/01\/UX-Block-Images-MOBILE-LTD-Edtion-100x100.jpg 100w\" sizes=\"(max-width: 2560px) 100vw, 2560px\" \/>\t\t\t\t\t\t\n\t\t\t\t\t<\/div>\n\t\t\t\t\t\t\t\t\n<style>\n#image_1832162370 {\n  width: 100%;\n}\n<\/style>\n\t<\/div>\n\t\n\n\n\t\t<\/div>\n\t\t\t\t\t<\/div>\n\n\t\n\n\t<div id=\"col-24028810\" class=\"col small-12 large-12\"  >\n\t\t\t\t<div class=\"col-inner\"  >\n\t\t\t\n\t\t\t\n\n\t<div class=\"img has-hover x md-x lg-x y md-y lg-y\" id=\"image_693000211\">\n\t\t\t\t\t\t\t\t<div class=\"img-inner dark\" >\n\t\t\t<img decoding=\"async\" width=\"2560\" height=\"1280\" src=\"https:\/\/swissmilitarywatches.ch\/wp-content\/uploads\/2026\/01\/Trust-MOBILE-All-scaled.jpg\" class=\"attachment-large size-large\" alt=\"Swiss Military by Chrono official license and 5\u2011year international warranty badge \u2013 authentic Swiss Made watch quality guaranteed.\" srcset=\"https:\/\/swissmilitarywatches.ch\/wp-content\/uploads\/2026\/01\/Trust-MOBILE-All-scaled.jpg 2560w, https:\/\/swissmilitarywatches.ch\/wp-content\/uploads\/2026\/01\/Trust-MOBILE-All-768x384.jpg 768w, https:\/\/swissmilitarywatches.ch\/wp-content\/uploads\/2026\/01\/Trust-MOBILE-All-1536x768.jpg 1536w, https:\/\/swissmilitarywatches.ch\/wp-content\/uploads\/2026\/01\/Trust-MOBILE-All-2048x1024.jpg 2048w, https:\/\/swissmilitarywatches.ch\/wp-content\/uploads\/2026\/01\/Trust-MOBILE-All-600x300.jpg 600w\" sizes=\"(max-width: 2560px) 100vw, 2560px\" \/>\t\t\t\t\t\t\n\t\t\t\t\t<\/div>\n\t\t\t\t\t\t\t\t\n<style>\n#image_693000211 {\n  width: 100%;\n}\n<\/style>\n\t<\/div>\n\t\n\n\n\t\t<\/div>\n\t\t\t\t\t<\/div>\n\n\t\n\n<\/div><\/div>\n","protected":false},"excerpt":{"rendered":"<p>El <strong>Reloj Militar Suizo de Campo Cron\u00f3grafo<\/strong> en Oro y Lona Marr\u00f3n combina precisi\u00f3n y sofisticaci\u00f3n. Su caja de PVD dorado, esfera negra y correa de lona marr\u00f3n crean un aspecto c\u00e1lido y seguro. Duradero, preciso y de fabricaci\u00f3n suiza, este cron\u00f3grafo equilibra el estilo refinado con la resistencia cotidiana.  <\/p>\n","protected":false},"featured_media":24721,"comment_status":"open","ping_status":"closed","template":"","meta":[],"product_brand":[],"product_cat":[3159,1813,1816,1823,1820],"product_tag":[],"class_list":{"0":"post-24718","1":"product","2":"type-product","3":"status-publish","4":"has-post-thumbnail","6":"product_cat-sm34117","7":"product_cat-todos-los-relojes-es","8":"product_cat-relojes-hombre-es","9":"product_cat-cronografo","10":"product_cat-novedades","11":"product_shipping_class-envio-flexible-es","13":"first","14":"instock","15":"featured","16":"taxable","17":"shipping-taxable","18":"purchasable","19":"product-type-simple"},"yoast_head":"<!-- This site is optimized with the Yoast SEO Premium plugin v26.6 (Yoast SEO v26.6) - https:\/\/yoast.com\/wordpress\/plugins\/seo\/ -->\n<title>Reloj cron\u00f3grafo militar suizo de campa\u00f1a - Oro, lona marr\u00f3n | SM34117.09 - Swiss Military by Chrono<\/title>\n<meta name=\"description\" content=\"Reloj cron\u00f3grafo militar suizo de campa\u00f1a en oro y lona marr\u00f3n - Precisi\u00f3n suiza, cristal de zafiro, resistencia al agua 100M, 5 a\u00f1os de garant\u00eda.\" \/>\n<meta name=\"robots\" content=\"index, follow, max-snippet:-1, max-image-preview:large, max-video-preview:-1\" \/>\n<link rel=\"canonical\" href=\"https:\/\/swissmilitarywatches.ch\/es\/tienda\/reloj-cronografo-militar-suizo-de-campana-oro-lona-marron-sm34117-09\/\" \/>\n<meta property=\"og:locale\" content=\"es_ES\" \/>\n<meta property=\"og:type\" content=\"article\" \/>\n<meta property=\"og:title\" content=\"Reloj cron\u00f3grafo militar suizo de campa\u00f1a - Oro, lona marr\u00f3n | SM34117.09\" \/>\n<meta property=\"og:description\" content=\"Reloj cron\u00f3grafo militar suizo de campa\u00f1a en oro y lona marr\u00f3n - Precisi\u00f3n suiza, cristal de zafiro, resistencia al agua 100M, 5 a\u00f1os de garant\u00eda.\" \/>\n<meta property=\"og:url\" content=\"https:\/\/swissmilitarywatches.ch\/es\/tienda\/reloj-cronografo-militar-suizo-de-campana-oro-lona-marron-sm34117-09\/\" \/>\n<meta property=\"og:site_name\" content=\"Swiss Military by Chrono\" \/>\n<meta property=\"article:publisher\" content=\"https:\/\/m.facebook.com\/swissmilitarybychronoofficial\/\" \/>\n<meta property=\"article:modified_time\" content=\"2026-02-16T13:01:46+00:00\" \/>\n<meta property=\"og:image\" content=\"https:\/\/swissmilitarywatches.ch\/wp-content\/uploads\/2026\/01\/SM34117.09.png\" \/>\n\t<meta property=\"og:image:width\" content=\"1300\" \/>\n\t<meta property=\"og:image:height\" content=\"1642\" \/>\n\t<meta property=\"og:image:type\" content=\"image\/png\" \/>\n<meta name=\"twitter:card\" content=\"summary_large_image\" \/>\n<meta name=\"twitter:label1\" content=\"Precio\" \/>\n\t<meta name=\"twitter:data1\" content=\"&euro;399.00 con IVA\" \/>\n\t<meta name=\"twitter:label2\" content=\"Disponibilidad\" \/>\n\t<meta name=\"twitter:data2\" content=\"Disponible\" \/>\n<script type=\"application\/ld+json\" class=\"yoast-schema-graph\">{\"@context\":\"https:\/\/schema.org\",\"@graph\":[{\"@type\":\"WebPage\",\"@id\":\"https:\/\/swissmilitarywatches.ch\/es\/tienda\/reloj-cronografo-militar-suizo-de-campana-oro-lona-marron-sm34117-09\/\",\"url\":\"https:\/\/swissmilitarywatches.ch\/es\/tienda\/reloj-cronografo-militar-suizo-de-campana-oro-lona-marron-sm34117-09\/\",\"name\":\"Reloj cron\u00f3grafo militar suizo de campa\u00f1a - Oro, lona marr\u00f3n | SM34117.09 - Swiss Military by Chrono\",\"isPartOf\":{\"@id\":\"https:\/\/swissmilitarywatches.ch\/es\/#website\"},\"primaryImageOfPage\":{\"@id\":\"https:\/\/swissmilitarywatches.ch\/es\/tienda\/reloj-cronografo-militar-suizo-de-campana-oro-lona-marron-sm34117-09\/#primaryimage\"},\"image\":{\"@id\":\"https:\/\/swissmilitarywatches.ch\/es\/tienda\/reloj-cronografo-militar-suizo-de-campana-oro-lona-marron-sm34117-09\/#primaryimage\"},\"thumbnailUrl\":\"https:\/\/swissmilitarywatches.ch\/wp-content\/uploads\/2026\/01\/SM34117.09.png\",\"datePublished\":\"2026-01-27T15:18:40+00:00\",\"dateModified\":\"2026-02-16T13:01:46+00:00\",\"description\":\"Reloj cron\u00f3grafo militar suizo de campa\u00f1a en oro y lona marr\u00f3n - Precisi\u00f3n suiza, cristal de zafiro, resistencia al agua 100M, 5 a\u00f1os de garant\u00eda.\",\"breadcrumb\":{\"@id\":\"https:\/\/swissmilitarywatches.ch\/es\/tienda\/reloj-cronografo-militar-suizo-de-campana-oro-lona-marron-sm34117-09\/#breadcrumb\"},\"inLanguage\":\"es\",\"potentialAction\":[{\"@type\":\"ReadAction\",\"target\":[\"https:\/\/swissmilitarywatches.ch\/es\/tienda\/reloj-cronografo-militar-suizo-de-campana-oro-lona-marron-sm34117-09\/\"]}]},{\"@type\":\"ImageObject\",\"inLanguage\":\"es\",\"@id\":\"https:\/\/swissmilitarywatches.ch\/es\/tienda\/reloj-cronografo-militar-suizo-de-campana-oro-lona-marron-sm34117-09\/#primaryimage\",\"url\":\"https:\/\/swissmilitarywatches.ch\/wp-content\/uploads\/2026\/01\/SM34117.09.png\",\"contentUrl\":\"https:\/\/swissmilitarywatches.ch\/wp-content\/uploads\/2026\/01\/SM34117.09.png\",\"width\":1300,\"height\":1642,\"caption\":\"Precisi\u00f3n suiza con fuerza de oro refinado.\"},{\"@type\":\"BreadcrumbList\",\"@id\":\"https:\/\/swissmilitarywatches.ch\/es\/tienda\/reloj-cronografo-militar-suizo-de-campana-oro-lona-marron-sm34117-09\/#breadcrumb\",\"itemListElement\":[{\"@type\":\"ListItem\",\"position\":1,\"name\":\"Home\",\"item\":\"https:\/\/swissmilitarywatches.ch\/es\/pagina-principal-2\/\"},{\"@type\":\"ListItem\",\"position\":2,\"name\":\"Tienda\",\"item\":\"https:\/\/swissmilitarywatches.ch\/es\/tienda\/\"},{\"@type\":\"ListItem\",\"position\":3,\"name\":\"Reloj cron\u00f3grafo militar suizo de campa\u00f1a &#8211; Oro, lona marr\u00f3n | SM34117.09\"}]},{\"@type\":\"WebSite\",\"@id\":\"https:\/\/swissmilitarywatches.ch\/es\/#website\",\"url\":\"https:\/\/swissmilitarywatches.ch\/es\/\",\"name\":\"Swiss Military by Chrono\",\"description\":\"Official Licensed Product of the Swiss Confederation\",\"publisher\":{\"@id\":\"https:\/\/swissmilitarywatches.ch\/es\/#organization\"},\"potentialAction\":[{\"@type\":\"SearchAction\",\"target\":{\"@type\":\"EntryPoint\",\"urlTemplate\":\"https:\/\/swissmilitarywatches.ch\/es\/?s={search_term_string}\"},\"query-input\":{\"@type\":\"PropertyValueSpecification\",\"valueRequired\":true,\"valueName\":\"search_term_string\"}}],\"inLanguage\":\"es\"},{\"@type\":\"Organization\",\"@id\":\"https:\/\/swissmilitarywatches.ch\/es\/#organization\",\"name\":\"Swiss Military by Chrono\",\"url\":\"https:\/\/swissmilitarywatches.ch\/es\/\",\"logo\":{\"@type\":\"ImageObject\",\"inLanguage\":\"es\",\"@id\":\"https:\/\/swissmilitarywatches.ch\/es\/#\/schema\/logo\/image\/\",\"url\":\"https:\/\/swissmilitarywatches.ch\/wp-content\/uploads\/2020\/04\/cropped-SM_logo_512x512px.jpg\",\"contentUrl\":\"https:\/\/swissmilitarywatches.ch\/wp-content\/uploads\/2020\/04\/cropped-SM_logo_512x512px.jpg\",\"width\":512,\"height\":512,\"caption\":\"Swiss Military by Chrono\"},\"image\":{\"@id\":\"https:\/\/swissmilitarywatches.ch\/es\/#\/schema\/logo\/image\/\"},\"sameAs\":[\"https:\/\/m.facebook.com\/swissmilitarybychronoofficial\/\",\"https:\/\/www.instagram.com\/swissmilitarybychrono\/\",\"https:\/\/www.pinterest.ch\/swissmilitarybychrono\/\"]}]}<\/script>\n<meta property=\"product:brand\" content=\"Swiss Military by Chrono\" \/>\n<meta property=\"product:price:amount\" content=\"399.00\" \/>\n<meta property=\"product:price:currency\" content=\"EUR\" \/>\n<meta property=\"og:availability\" content=\"instock\" \/>\n<meta property=\"product:availability\" content=\"instock\" \/>\n<meta property=\"product:retailer_item_id\" content=\"SM34117.09\" \/>\n<meta property=\"product:condition\" content=\"new\" \/>\n<!-- \/ Yoast SEO Premium plugin. -->","yoast_head_json":{"title":"Reloj cron\u00f3grafo militar suizo de campa\u00f1a - Oro, lona marr\u00f3n | SM34117.09 - Swiss Military by Chrono","description":"Reloj cron\u00f3grafo militar suizo de campa\u00f1a en oro y lona marr\u00f3n - Precisi\u00f3n suiza, cristal de zafiro, resistencia al agua 100M, 5 a\u00f1os de garant\u00eda.","robots":{"index":"index","follow":"follow","max-snippet":"max-snippet:-1","max-image-preview":"max-image-preview:large","max-video-preview":"max-video-preview:-1"},"canonical":"https:\/\/swissmilitarywatches.ch\/es\/tienda\/reloj-cronografo-militar-suizo-de-campana-oro-lona-marron-sm34117-09\/","og_locale":"es_ES","og_type":"article","og_title":"Reloj cron\u00f3grafo militar suizo de campa\u00f1a - Oro, lona marr\u00f3n | SM34117.09","og_description":"Reloj cron\u00f3grafo militar suizo de campa\u00f1a en oro y lona marr\u00f3n - Precisi\u00f3n suiza, cristal de zafiro, resistencia al agua 100M, 5 a\u00f1os de garant\u00eda.","og_url":"https:\/\/swissmilitarywatches.ch\/es\/tienda\/reloj-cronografo-militar-suizo-de-campana-oro-lona-marron-sm34117-09\/","og_site_name":"Swiss Military by Chrono","article_publisher":"https:\/\/m.facebook.com\/swissmilitarybychronoofficial\/","article_modified_time":"2026-02-16T13:01:46+00:00","og_image":[{"width":1300,"height":1642,"url":"https:\/\/swissmilitarywatches.ch\/wp-content\/uploads\/2026\/01\/SM34117.09.png","type":"image\/png"}],"twitter_card":"summary_large_image","twitter_misc":{"Precio":"&euro;399.00 con IVA","Disponibilidad":"Disponible"},"schema":{"@context":"https:\/\/schema.org","@graph":[{"@type":"WebPage","@id":"https:\/\/swissmilitarywatches.ch\/es\/tienda\/reloj-cronografo-militar-suizo-de-campana-oro-lona-marron-sm34117-09\/","url":"https:\/\/swissmilitarywatches.ch\/es\/tienda\/reloj-cronografo-militar-suizo-de-campana-oro-lona-marron-sm34117-09\/","name":"Reloj cron\u00f3grafo militar suizo de campa\u00f1a - Oro, lona marr\u00f3n | SM34117.09 - Swiss Military by Chrono","isPartOf":{"@id":"https:\/\/swissmilitarywatches.ch\/es\/#website"},"primaryImageOfPage":{"@id":"https:\/\/swissmilitarywatches.ch\/es\/tienda\/reloj-cronografo-militar-suizo-de-campana-oro-lona-marron-sm34117-09\/#primaryimage"},"image":{"@id":"https:\/\/swissmilitarywatches.ch\/es\/tienda\/reloj-cronografo-militar-suizo-de-campana-oro-lona-marron-sm34117-09\/#primaryimage"},"thumbnailUrl":"https:\/\/swissmilitarywatches.ch\/wp-content\/uploads\/2026\/01\/SM34117.09.png","datePublished":"2026-01-27T15:18:40+00:00","dateModified":"2026-02-16T13:01:46+00:00","description":"Reloj cron\u00f3grafo militar suizo de campa\u00f1a en oro y lona marr\u00f3n - Precisi\u00f3n suiza, cristal de zafiro, resistencia al agua 100M, 5 a\u00f1os de garant\u00eda.","breadcrumb":{"@id":"https:\/\/swissmilitarywatches.ch\/es\/tienda\/reloj-cronografo-militar-suizo-de-campana-oro-lona-marron-sm34117-09\/#breadcrumb"},"inLanguage":"es","potentialAction":[{"@type":"ReadAction","target":["https:\/\/swissmilitarywatches.ch\/es\/tienda\/reloj-cronografo-militar-suizo-de-campana-oro-lona-marron-sm34117-09\/"]}]},{"@type":"ImageObject","inLanguage":"es","@id":"https:\/\/swissmilitarywatches.ch\/es\/tienda\/reloj-cronografo-militar-suizo-de-campana-oro-lona-marron-sm34117-09\/#primaryimage","url":"https:\/\/swissmilitarywatches.ch\/wp-content\/uploads\/2026\/01\/SM34117.09.png","contentUrl":"https:\/\/swissmilitarywatches.ch\/wp-content\/uploads\/2026\/01\/SM34117.09.png","width":1300,"height":1642,"caption":"Precisi\u00f3n suiza con fuerza de oro refinado."},{"@type":"BreadcrumbList","@id":"https:\/\/swissmilitarywatches.ch\/es\/tienda\/reloj-cronografo-militar-suizo-de-campana-oro-lona-marron-sm34117-09\/#breadcrumb","itemListElement":[{"@type":"ListItem","position":1,"name":"Home","item":"https:\/\/swissmilitarywatches.ch\/es\/pagina-principal-2\/"},{"@type":"ListItem","position":2,"name":"Tienda","item":"https:\/\/swissmilitarywatches.ch\/es\/tienda\/"},{"@type":"ListItem","position":3,"name":"Reloj cron\u00f3grafo militar suizo de campa\u00f1a &#8211; Oro, lona marr\u00f3n | SM34117.09"}]},{"@type":"WebSite","@id":"https:\/\/swissmilitarywatches.ch\/es\/#website","url":"https:\/\/swissmilitarywatches.ch\/es\/","name":"Swiss Military by Chrono","description":"Official Licensed Product of the Swiss Confederation","publisher":{"@id":"https:\/\/swissmilitarywatches.ch\/es\/#organization"},"potentialAction":[{"@type":"SearchAction","target":{"@type":"EntryPoint","urlTemplate":"https:\/\/swissmilitarywatches.ch\/es\/?s={search_term_string}"},"query-input":{"@type":"PropertyValueSpecification","valueRequired":true,"valueName":"search_term_string"}}],"inLanguage":"es"},{"@type":"Organization","@id":"https:\/\/swissmilitarywatches.ch\/es\/#organization","name":"Swiss Military by Chrono","url":"https:\/\/swissmilitarywatches.ch\/es\/","logo":{"@type":"ImageObject","inLanguage":"es","@id":"https:\/\/swissmilitarywatches.ch\/es\/#\/schema\/logo\/image\/","url":"https:\/\/swissmilitarywatches.ch\/wp-content\/uploads\/2020\/04\/cropped-SM_logo_512x512px.jpg","contentUrl":"https:\/\/swissmilitarywatches.ch\/wp-content\/uploads\/2020\/04\/cropped-SM_logo_512x512px.jpg","width":512,"height":512,"caption":"Swiss Military by Chrono"},"image":{"@id":"https:\/\/swissmilitarywatches.ch\/es\/#\/schema\/logo\/image\/"},"sameAs":["https:\/\/m.facebook.com\/swissmilitarybychronoofficial\/","https:\/\/www.instagram.com\/swissmilitarybychrono\/","https:\/\/www.pinterest.ch\/swissmilitarybychrono\/"]}]},"product_brand":"Swiss Military by Chrono","product_price_amount":"399.00","product_price_currency":"EUR","og_availability":"instock","product_availability":"instock","product_retailer_item_id":"SM34117.09","product_condition":"new"},"jetpack_sharing_enabled":true,"_links":{"self":[{"href":"https:\/\/swissmilitarywatches.ch\/es\/wp-json\/wp\/v2\/product\/24718","targetHints":{"allow":["GET"]}}],"collection":[{"href":"https:\/\/swissmilitarywatches.ch\/es\/wp-json\/wp\/v2\/product"}],"about":[{"href":"https:\/\/swissmilitarywatches.ch\/es\/wp-json\/wp\/v2\/types\/product"}],"replies":[{"embeddable":true,"href":"https:\/\/swissmilitarywatches.ch\/es\/wp-json\/wp\/v2\/comments?post=24718"}],"wp:featuredmedia":[{"embeddable":true,"href":"https:\/\/swissmilitarywatches.ch\/es\/wp-json\/wp\/v2\/media\/24721"}],"wp:attachment":[{"href":"https:\/\/swissmilitarywatches.ch\/es\/wp-json\/wp\/v2\/media?parent=24718"}],"wp:term":[{"taxonomy":"product_brand","embeddable":true,"href":"https:\/\/swissmilitarywatches.ch\/es\/wp-json\/wp\/v2\/product_brand?post=24718"},{"taxonomy":"product_cat","embeddable":true,"href":"https:\/\/swissmilitarywatches.ch\/es\/wp-json\/wp\/v2\/product_cat?post=24718"},{"taxonomy":"product_tag","embeddable":true,"href":"https:\/\/swissmilitarywatches.ch\/es\/wp-json\/wp\/v2\/product_tag?post=24718"}],"curies":[{"name":"wp","href":"https:\/\/api.w.org\/{rel}","templated":true}]}}