{"id":24424,"date":"2026-02-02T12:47:38","date_gmt":"2026-02-02T10:47:38","guid":{"rendered":"https:\/\/swissmilitarywatches.ch\/shop\/reloj-de-caballero-swiss-military-classic-azul-acero-sm34116-03\/"},"modified":"2026-02-16T15:00:43","modified_gmt":"2026-02-16T13:00:43","slug":"reloj-de-caballero-swiss-military-classic-azul-acero-sm34116-03","status":"publish","type":"product","link":"https:\/\/swissmilitarywatches.ch\/es\/tienda\/reloj-de-caballero-swiss-military-classic-azul-acero-sm34116-03\/","title":{"rendered":"Reloj de caballero Swiss Military Classic &#8211; Azul, Acero | SM34116.03"},"content":{"rendered":"<div>\n<h2 id=\"message\">Reloj militar suizo cl\u00e1sico para hombre &#8211; Esfera azul Confianza<\/h2>\n<p>El <strong>Reloj de Caballero Swiss Military Classic &#8211; SM34116.03<\/strong> combina la artesan\u00eda atemporal con un toque moderno y deportivo. Su <strong>esfera de color azul<\/strong> intenso juega maravillosamente con la luz, creando un aspecto din\u00e1mico a la vez que refinado. Las manecillas y los marcadores horarios luminosos garantizan una legibilidad perfecta, mientras que la <strong>funci\u00f3n d\u00eda\/fecha<\/strong> te mantiene organizado vayas donde vayas.  <\/p>\n<\/div>\n<div><\/div>\n<div>\n<p id=\"message\">Fabricado <strong>en acero inoxidable macizo<\/strong> y protegido por un <strong>cristal de zafiro<\/strong>, este reloj est\u00e1 hecho para soportar los retos diarios. Gracias a <strong>su resistencia al agua de hasta 100 metros<\/strong>, puedes llevarlo con confianza en cualquier entorno, desde la sala de juntas hasta la costa. Pasa sin problemas del trabajo al ocio sin perder el ritmo.  <\/p>\n<\/div>\n<div><\/div>\n<div>\n<p id=\"message\">Impulsado por el <strong>movimiento de cuarzo suizo Ronda<\/strong>, ofrece una precisi\u00f3n y fiabilidad duraderas. El <strong>brazalete de acero<\/strong> proporciona un ajuste seguro y c\u00f3modo, mientras que su acabado pulido a\u00f1ade un toque refinado a su atractivo deportivo. En conjunto, este reloj captura la esencia de la precisi\u00f3n suiza: fuerte, claro y listo para la acci\u00f3n.  <\/p>\n<\/div>\n<div>\n<div>\n<h3><div class=\"is-divider divider clearfix\" style=\"max-width:small;\"><\/div><\/h3>\n<h3 style=\"font-size: 20.16px;\"><strong>Caracter\u00edsticas clave<\/strong><\/h3>\n<\/div>\n<div>\n<ul>\n<li>Movimiento de cuarzo suizo Ronda 517 para un funcionamiento preciso<\/li>\n<li>Esfera azul de rayos de sol con agujas e indicadores luminosos<\/li>\n<li>Cristal de zafiro resistente a los ara\u00f1azos<\/li>\n<li>Caja y brazalete de acero inoxidable macizo<\/li>\n<li>Indicaci\u00f3n del d\u00eda y la fecha para el d\u00eda a d\u00eda<\/li>\n<li>Resistencia al agua 100M \/ 10 ATM<\/li>\n<li>Fabricado en Suiza y montado a mano<\/li>\n<li>5 a\u00f1os de garant\u00eda internacional<\/li>\n<\/ul>\n<\/div>\n<\/div>\n<div>\n<h3><div class=\"is-divider divider clearfix\" style=\"max-width:small;\"><\/div><\/h3>\n<p id=\"message\"><strong>Autorizado por la Confederaci\u00f3n Helv\u00e9tica, montado a mano en Suiza y protegido por una garant\u00eda internacional de 5 a\u00f1os.<\/strong><\/p>\n<div class=\"row hide-for-small\"  id=\"row-1347210586\">\n\n\n\t<div id=\"col-1151094073\" class=\"col small-12 large-12\"  >\n\t\t\t\t<div class=\"col-inner\"  >\n\t\t\t\n\t\t\t\n\n\t<div class=\"img has-hover x md-x lg-x y md-y lg-y\" id=\"image_1320031126\">\n\t\t\t\t\t\t\t\t<div class=\"img-inner dark\" >\n\t\t\t<img decoding=\"async\" width=\"2560\" height=\"1280\" src=\"https:\/\/swissmilitarywatches.ch\/wp-content\/uploads\/2026\/01\/UX-Block-Images-DESKTOP-LTD-Edition-scaled.jpg\" class=\"attachment-large size-large\" alt=\"Swiss watchmaker assembling a watch movement \u2013 hand\u2011crafted Swiss Military by Chrono timepiece made in Switzerland.\" srcset=\"https:\/\/swissmilitarywatches.ch\/wp-content\/uploads\/2026\/01\/UX-Block-Images-DESKTOP-LTD-Edition-scaled.jpg 2560w, https:\/\/swissmilitarywatches.ch\/wp-content\/uploads\/2026\/01\/UX-Block-Images-DESKTOP-LTD-Edition-768x384.jpg 768w, https:\/\/swissmilitarywatches.ch\/wp-content\/uploads\/2026\/01\/UX-Block-Images-DESKTOP-LTD-Edition-1536x768.jpg 1536w, https:\/\/swissmilitarywatches.ch\/wp-content\/uploads\/2026\/01\/UX-Block-Images-DESKTOP-LTD-Edition-2048x1024.jpg 2048w, https:\/\/swissmilitarywatches.ch\/wp-content\/uploads\/2026\/01\/UX-Block-Images-DESKTOP-LTD-Edition-600x300.jpg 600w\" sizes=\"(max-width: 2560px) 100vw, 2560px\" \/>\t\t\t\t\t\t\n\t\t\t\t\t<\/div>\n\t\t\t\t\t\t\t\t\n<style>\n#image_1320031126 {\n  width: 100%;\n}\n<\/style>\n\t<\/div>\n\t\n\n\n\t\t<\/div>\n\t\t\t\t\t<\/div>\n\n\t\n\n\t<div id=\"col-2104420211\" class=\"col small-12 large-12\"  >\n\t\t\t\t<div class=\"col-inner\"  >\n\t\t\t\n\t\t\t\n\n\t<div class=\"img has-hover x md-x lg-x y md-y lg-y\" id=\"image_130663026\">\n\t\t\t\t\t\t\t\t<div class=\"img-inner dark\" >\n\t\t\t<img decoding=\"async\" width=\"2560\" height=\"640\" src=\"https:\/\/swissmilitarywatches.ch\/wp-content\/uploads\/2026\/01\/Trust-Desktop-ALL-scaled.jpg\" class=\"attachment-large size-large\" alt=\"Swiss Military by Chrono official license and 5\u2011year international warranty badge \u2013 authentic Swiss Made watch quality guaranteed.\" srcset=\"https:\/\/swissmilitarywatches.ch\/wp-content\/uploads\/2026\/01\/Trust-Desktop-ALL-scaled.jpg 2560w, https:\/\/swissmilitarywatches.ch\/wp-content\/uploads\/2026\/01\/Trust-Desktop-ALL-768x192.jpg 768w, https:\/\/swissmilitarywatches.ch\/wp-content\/uploads\/2026\/01\/Trust-Desktop-ALL-1536x384.jpg 1536w, https:\/\/swissmilitarywatches.ch\/wp-content\/uploads\/2026\/01\/Trust-Desktop-ALL-2048x512.jpg 2048w, https:\/\/swissmilitarywatches.ch\/wp-content\/uploads\/2026\/01\/Trust-Desktop-ALL-600x150.jpg 600w\" sizes=\"(max-width: 2560px) 100vw, 2560px\" \/>\t\t\t\t\t\t\n\t\t\t\t\t<\/div>\n\t\t\t\t\t\t\t\t\n<style>\n#image_130663026 {\n  width: 100%;\n}\n<\/style>\n\t<\/div>\n\t\n\n\n\t\t<\/div>\n\t\t\t\t\t<\/div>\n\n\t\n\n<\/div>\n<div class=\"row show-for-small\"  id=\"row-1265286417\">\n\n\n\t<div id=\"col-152110260\" class=\"col small-12 large-12\"  >\n\t\t\t\t<div class=\"col-inner\"  >\n\t\t\t\n\t\t\t\n\n\t<div class=\"img has-hover x md-x lg-x y md-y lg-y\" id=\"image_405236696\">\n\t\t\t\t\t\t\t\t<div class=\"img-inner dark\" >\n\t\t\t<img decoding=\"async\" width=\"2560\" height=\"2560\" src=\"https:\/\/swissmilitarywatches.ch\/wp-content\/uploads\/2026\/01\/UX-Block-Images-MOBILE-LTD-Edtion-scaled.jpg\" class=\"attachment-large size-large\" alt=\"Swiss Military by Chrono watchmaker assembling a watch movement \u2013 hand\u2011crafted Swiss Military timepiece made in Switzerland\" srcset=\"https:\/\/swissmilitarywatches.ch\/wp-content\/uploads\/2026\/01\/UX-Block-Images-MOBILE-LTD-Edtion-scaled.jpg 2560w, https:\/\/swissmilitarywatches.ch\/wp-content\/uploads\/2026\/01\/UX-Block-Images-MOBILE-LTD-Edtion-768x768.jpg 768w, https:\/\/swissmilitarywatches.ch\/wp-content\/uploads\/2026\/01\/UX-Block-Images-MOBILE-LTD-Edtion-1536x1536.jpg 1536w, https:\/\/swissmilitarywatches.ch\/wp-content\/uploads\/2026\/01\/UX-Block-Images-MOBILE-LTD-Edtion-2048x2048.jpg 2048w, https:\/\/swissmilitarywatches.ch\/wp-content\/uploads\/2026\/01\/UX-Block-Images-MOBILE-LTD-Edtion-600x600.jpg 600w, https:\/\/swissmilitarywatches.ch\/wp-content\/uploads\/2026\/01\/UX-Block-Images-MOBILE-LTD-Edtion-100x100.jpg 100w\" sizes=\"(max-width: 2560px) 100vw, 2560px\" \/>\t\t\t\t\t\t\n\t\t\t\t\t<\/div>\n\t\t\t\t\t\t\t\t\n<style>\n#image_405236696 {\n  width: 100%;\n}\n<\/style>\n\t<\/div>\n\t\n\n\n\t\t<\/div>\n\t\t\t\t\t<\/div>\n\n\t\n\n\t<div id=\"col-1877658942\" class=\"col small-12 large-12\"  >\n\t\t\t\t<div class=\"col-inner\"  >\n\t\t\t\n\t\t\t\n\n\t<div class=\"img has-hover x md-x lg-x y md-y lg-y\" id=\"image_1208752670\">\n\t\t\t\t\t\t\t\t<div class=\"img-inner dark\" >\n\t\t\t<img decoding=\"async\" width=\"2560\" height=\"1280\" src=\"https:\/\/swissmilitarywatches.ch\/wp-content\/uploads\/2026\/01\/Trust-MOBILE-All-scaled.jpg\" class=\"attachment-large size-large\" alt=\"Swiss Military by Chrono official license and 5\u2011year international warranty badge \u2013 authentic Swiss Made watch quality guaranteed.\" srcset=\"https:\/\/swissmilitarywatches.ch\/wp-content\/uploads\/2026\/01\/Trust-MOBILE-All-scaled.jpg 2560w, https:\/\/swissmilitarywatches.ch\/wp-content\/uploads\/2026\/01\/Trust-MOBILE-All-768x384.jpg 768w, https:\/\/swissmilitarywatches.ch\/wp-content\/uploads\/2026\/01\/Trust-MOBILE-All-1536x768.jpg 1536w, https:\/\/swissmilitarywatches.ch\/wp-content\/uploads\/2026\/01\/Trust-MOBILE-All-2048x1024.jpg 2048w, https:\/\/swissmilitarywatches.ch\/wp-content\/uploads\/2026\/01\/Trust-MOBILE-All-600x300.jpg 600w\" sizes=\"(max-width: 2560px) 100vw, 2560px\" \/>\t\t\t\t\t\t\n\t\t\t\t\t<\/div>\n\t\t\t\t\t\t\t\t\n<style>\n#image_1208752670 {\n  width: 100%;\n}\n<\/style>\n\t<\/div>\n\t\n\n\n\t\t<\/div>\n\t\t\t\t\t<\/div>\n\n\t\n\n<\/div>\n<\/div>\n<div><\/div>\n<div><\/div>\n","protected":false},"excerpt":{"rendered":"<p>El <strong>Reloj de Caballero Swiss Military Classic<\/strong> combina una atrevida esfera azul con la resistencia del acero inoxidable. Mientras el cristal de zafiro protege su claridad, la precisi\u00f3n del cuarzo suizo mantiene la hora exacta. Duradero, elegante y f\u00e1cil de llevar, es el compa\u00f1ero perfecto para reuniones en la ciudad o escapadas de fin de semana.  <\/p>\n","protected":false},"featured_media":24434,"comment_status":"open","ping_status":"closed","template":"","meta":[],"product_brand":[],"product_cat":[3138,1813,1816,1824,1820],"product_tag":[],"class_list":{"0":"post-24424","1":"product","2":"type-product","3":"status-publish","4":"has-post-thumbnail","6":"product_cat-sm34116","7":"product_cat-todos-los-relojes-es","8":"product_cat-relojes-hombre-es","9":"product_cat-relojes-de-cuarzo","10":"product_cat-novedades","11":"product_shipping_class-envio-flexible-es","13":"first","14":"instock","15":"featured","16":"taxable","17":"shipping-taxable","18":"purchasable","19":"product-type-simple"},"yoast_head":"<!-- This site is optimized with the Yoast SEO Premium plugin v26.6 (Yoast SEO v26.6) - https:\/\/yoast.com\/wordpress\/plugins\/seo\/ -->\n<title>Reloj de caballero Swiss Military Classic - Azul, Acero | SM34116.03 - Swiss Military by Chrono<\/title>\n<meta name=\"description\" content=\"Reloj militar suizo cl\u00e1sico para hombre con esfera azul, cristal de zafiro y resistencia al agua de 100M. Fabricado en Suiza con 5 a\u00f1os de garant\u00eda internacional.\" \/>\n<meta name=\"robots\" content=\"index, follow, max-snippet:-1, max-image-preview:large, max-video-preview:-1\" \/>\n<link rel=\"canonical\" href=\"https:\/\/swissmilitarywatches.ch\/es\/tienda\/reloj-de-caballero-swiss-military-classic-azul-acero-sm34116-03\/\" \/>\n<meta property=\"og:locale\" content=\"es_ES\" \/>\n<meta property=\"og:type\" content=\"article\" \/>\n<meta property=\"og:title\" content=\"Reloj de caballero Swiss Military Classic - Azul, Acero | SM34116.03\" \/>\n<meta property=\"og:description\" content=\"Reloj militar suizo cl\u00e1sico para hombre con esfera azul, cristal de zafiro y resistencia al agua de 100M. Fabricado en Suiza con 5 a\u00f1os de garant\u00eda internacional.\" \/>\n<meta property=\"og:url\" content=\"https:\/\/swissmilitarywatches.ch\/es\/tienda\/reloj-de-caballero-swiss-military-classic-azul-acero-sm34116-03\/\" \/>\n<meta property=\"og:site_name\" content=\"Swiss Military by Chrono\" \/>\n<meta property=\"article:publisher\" content=\"https:\/\/m.facebook.com\/swissmilitarybychronoofficial\/\" \/>\n<meta property=\"article:modified_time\" content=\"2026-02-16T13:00:43+00:00\" \/>\n<meta property=\"og:image\" content=\"https:\/\/swissmilitarywatches.ch\/wp-content\/uploads\/2026\/02\/SM34116.03.png\" \/>\n\t<meta property=\"og:image:width\" content=\"1300\" \/>\n\t<meta property=\"og:image:height\" content=\"1642\" \/>\n\t<meta property=\"og:image:type\" content=\"image\/png\" \/>\n<meta name=\"twitter:card\" content=\"summary_large_image\" \/>\n<meta name=\"twitter:label1\" content=\"Precio\" \/>\n\t<meta name=\"twitter:data1\" content=\"&euro;249.00 con IVA\" \/>\n\t<meta name=\"twitter:label2\" content=\"Disponibilidad\" \/>\n\t<meta name=\"twitter:data2\" content=\"Disponible\" \/>\n<script type=\"application\/ld+json\" class=\"yoast-schema-graph\">{\"@context\":\"https:\/\/schema.org\",\"@graph\":[{\"@type\":\"WebPage\",\"@id\":\"https:\/\/swissmilitarywatches.ch\/es\/tienda\/reloj-de-caballero-swiss-military-classic-azul-acero-sm34116-03\/\",\"url\":\"https:\/\/swissmilitarywatches.ch\/es\/tienda\/reloj-de-caballero-swiss-military-classic-azul-acero-sm34116-03\/\",\"name\":\"Reloj de caballero Swiss Military Classic - Azul, Acero | SM34116.03 - Swiss Military by Chrono\",\"isPartOf\":{\"@id\":\"https:\/\/swissmilitarywatches.ch\/es\/#website\"},\"primaryImageOfPage\":{\"@id\":\"https:\/\/swissmilitarywatches.ch\/es\/tienda\/reloj-de-caballero-swiss-military-classic-azul-acero-sm34116-03\/#primaryimage\"},\"image\":{\"@id\":\"https:\/\/swissmilitarywatches.ch\/es\/tienda\/reloj-de-caballero-swiss-military-classic-azul-acero-sm34116-03\/#primaryimage\"},\"thumbnailUrl\":\"https:\/\/swissmilitarywatches.ch\/wp-content\/uploads\/2026\/02\/SM34116.03.png\",\"datePublished\":\"2026-02-02T10:47:38+00:00\",\"dateModified\":\"2026-02-16T13:00:43+00:00\",\"description\":\"Reloj militar suizo cl\u00e1sico para hombre con esfera azul, cristal de zafiro y resistencia al agua de 100M. Fabricado en Suiza con 5 a\u00f1os de garant\u00eda internacional.\",\"breadcrumb\":{\"@id\":\"https:\/\/swissmilitarywatches.ch\/es\/tienda\/reloj-de-caballero-swiss-military-classic-azul-acero-sm34116-03\/#breadcrumb\"},\"inLanguage\":\"es\",\"potentialAction\":[{\"@type\":\"ReadAction\",\"target\":[\"https:\/\/swissmilitarywatches.ch\/es\/tienda\/reloj-de-caballero-swiss-military-classic-azul-acero-sm34116-03\/\"]}]},{\"@type\":\"ImageObject\",\"inLanguage\":\"es\",\"@id\":\"https:\/\/swissmilitarywatches.ch\/es\/tienda\/reloj-de-caballero-swiss-military-classic-azul-acero-sm34116-03\/#primaryimage\",\"url\":\"https:\/\/swissmilitarywatches.ch\/wp-content\/uploads\/2026\/02\/SM34116.03.png\",\"contentUrl\":\"https:\/\/swissmilitarywatches.ch\/wp-content\/uploads\/2026\/02\/SM34116.03.png\",\"width\":1300,\"height\":1642,\"caption\":\"Reloj militar suizo con esfera azul que combina energ\u00eda y precisi\u00f3n.\"},{\"@type\":\"BreadcrumbList\",\"@id\":\"https:\/\/swissmilitarywatches.ch\/es\/tienda\/reloj-de-caballero-swiss-military-classic-azul-acero-sm34116-03\/#breadcrumb\",\"itemListElement\":[{\"@type\":\"ListItem\",\"position\":1,\"name\":\"Home\",\"item\":\"https:\/\/swissmilitarywatches.ch\/es\/pagina-principal-2\/\"},{\"@type\":\"ListItem\",\"position\":2,\"name\":\"Tienda\",\"item\":\"https:\/\/swissmilitarywatches.ch\/es\/tienda\/\"},{\"@type\":\"ListItem\",\"position\":3,\"name\":\"Reloj de caballero Swiss Military Classic &#8211; Azul, Acero | SM34116.03\"}]},{\"@type\":\"WebSite\",\"@id\":\"https:\/\/swissmilitarywatches.ch\/es\/#website\",\"url\":\"https:\/\/swissmilitarywatches.ch\/es\/\",\"name\":\"Swiss Military by Chrono\",\"description\":\"Official Licensed Product of the Swiss Confederation\",\"publisher\":{\"@id\":\"https:\/\/swissmilitarywatches.ch\/es\/#organization\"},\"potentialAction\":[{\"@type\":\"SearchAction\",\"target\":{\"@type\":\"EntryPoint\",\"urlTemplate\":\"https:\/\/swissmilitarywatches.ch\/es\/?s={search_term_string}\"},\"query-input\":{\"@type\":\"PropertyValueSpecification\",\"valueRequired\":true,\"valueName\":\"search_term_string\"}}],\"inLanguage\":\"es\"},{\"@type\":\"Organization\",\"@id\":\"https:\/\/swissmilitarywatches.ch\/es\/#organization\",\"name\":\"Swiss Military by Chrono\",\"url\":\"https:\/\/swissmilitarywatches.ch\/es\/\",\"logo\":{\"@type\":\"ImageObject\",\"inLanguage\":\"es\",\"@id\":\"https:\/\/swissmilitarywatches.ch\/es\/#\/schema\/logo\/image\/\",\"url\":\"https:\/\/swissmilitarywatches.ch\/wp-content\/uploads\/2020\/04\/cropped-SM_logo_512x512px.jpg\",\"contentUrl\":\"https:\/\/swissmilitarywatches.ch\/wp-content\/uploads\/2020\/04\/cropped-SM_logo_512x512px.jpg\",\"width\":512,\"height\":512,\"caption\":\"Swiss Military by Chrono\"},\"image\":{\"@id\":\"https:\/\/swissmilitarywatches.ch\/es\/#\/schema\/logo\/image\/\"},\"sameAs\":[\"https:\/\/m.facebook.com\/swissmilitarybychronoofficial\/\",\"https:\/\/www.instagram.com\/swissmilitarybychrono\/\",\"https:\/\/www.pinterest.ch\/swissmilitarybychrono\/\"]}]}<\/script>\n<meta property=\"product:brand\" content=\"Swiss Military by Chrono\" \/>\n<meta property=\"product:price:amount\" content=\"249.00\" \/>\n<meta property=\"product:price:currency\" content=\"EUR\" \/>\n<meta property=\"og:availability\" content=\"instock\" \/>\n<meta property=\"product:availability\" content=\"instock\" \/>\n<meta property=\"product:retailer_item_id\" content=\"SM34116.03\" \/>\n<meta property=\"product:condition\" content=\"new\" \/>\n<!-- \/ Yoast SEO Premium plugin. -->","yoast_head_json":{"title":"Reloj de caballero Swiss Military Classic - Azul, Acero | SM34116.03 - Swiss Military by Chrono","description":"Reloj militar suizo cl\u00e1sico para hombre con esfera azul, cristal de zafiro y resistencia al agua de 100M. Fabricado en Suiza con 5 a\u00f1os de garant\u00eda internacional.","robots":{"index":"index","follow":"follow","max-snippet":"max-snippet:-1","max-image-preview":"max-image-preview:large","max-video-preview":"max-video-preview:-1"},"canonical":"https:\/\/swissmilitarywatches.ch\/es\/tienda\/reloj-de-caballero-swiss-military-classic-azul-acero-sm34116-03\/","og_locale":"es_ES","og_type":"article","og_title":"Reloj de caballero Swiss Military Classic - Azul, Acero | SM34116.03","og_description":"Reloj militar suizo cl\u00e1sico para hombre con esfera azul, cristal de zafiro y resistencia al agua de 100M. Fabricado en Suiza con 5 a\u00f1os de garant\u00eda internacional.","og_url":"https:\/\/swissmilitarywatches.ch\/es\/tienda\/reloj-de-caballero-swiss-military-classic-azul-acero-sm34116-03\/","og_site_name":"Swiss Military by Chrono","article_publisher":"https:\/\/m.facebook.com\/swissmilitarybychronoofficial\/","article_modified_time":"2026-02-16T13:00:43+00:00","og_image":[{"width":1300,"height":1642,"url":"https:\/\/swissmilitarywatches.ch\/wp-content\/uploads\/2026\/02\/SM34116.03.png","type":"image\/png"}],"twitter_card":"summary_large_image","twitter_misc":{"Precio":"&euro;249.00 con IVA","Disponibilidad":"Disponible"},"schema":{"@context":"https:\/\/schema.org","@graph":[{"@type":"WebPage","@id":"https:\/\/swissmilitarywatches.ch\/es\/tienda\/reloj-de-caballero-swiss-military-classic-azul-acero-sm34116-03\/","url":"https:\/\/swissmilitarywatches.ch\/es\/tienda\/reloj-de-caballero-swiss-military-classic-azul-acero-sm34116-03\/","name":"Reloj de caballero Swiss Military Classic - Azul, Acero | SM34116.03 - Swiss Military by Chrono","isPartOf":{"@id":"https:\/\/swissmilitarywatches.ch\/es\/#website"},"primaryImageOfPage":{"@id":"https:\/\/swissmilitarywatches.ch\/es\/tienda\/reloj-de-caballero-swiss-military-classic-azul-acero-sm34116-03\/#primaryimage"},"image":{"@id":"https:\/\/swissmilitarywatches.ch\/es\/tienda\/reloj-de-caballero-swiss-military-classic-azul-acero-sm34116-03\/#primaryimage"},"thumbnailUrl":"https:\/\/swissmilitarywatches.ch\/wp-content\/uploads\/2026\/02\/SM34116.03.png","datePublished":"2026-02-02T10:47:38+00:00","dateModified":"2026-02-16T13:00:43+00:00","description":"Reloj militar suizo cl\u00e1sico para hombre con esfera azul, cristal de zafiro y resistencia al agua de 100M. Fabricado en Suiza con 5 a\u00f1os de garant\u00eda internacional.","breadcrumb":{"@id":"https:\/\/swissmilitarywatches.ch\/es\/tienda\/reloj-de-caballero-swiss-military-classic-azul-acero-sm34116-03\/#breadcrumb"},"inLanguage":"es","potentialAction":[{"@type":"ReadAction","target":["https:\/\/swissmilitarywatches.ch\/es\/tienda\/reloj-de-caballero-swiss-military-classic-azul-acero-sm34116-03\/"]}]},{"@type":"ImageObject","inLanguage":"es","@id":"https:\/\/swissmilitarywatches.ch\/es\/tienda\/reloj-de-caballero-swiss-military-classic-azul-acero-sm34116-03\/#primaryimage","url":"https:\/\/swissmilitarywatches.ch\/wp-content\/uploads\/2026\/02\/SM34116.03.png","contentUrl":"https:\/\/swissmilitarywatches.ch\/wp-content\/uploads\/2026\/02\/SM34116.03.png","width":1300,"height":1642,"caption":"Reloj militar suizo con esfera azul que combina energ\u00eda y precisi\u00f3n."},{"@type":"BreadcrumbList","@id":"https:\/\/swissmilitarywatches.ch\/es\/tienda\/reloj-de-caballero-swiss-military-classic-azul-acero-sm34116-03\/#breadcrumb","itemListElement":[{"@type":"ListItem","position":1,"name":"Home","item":"https:\/\/swissmilitarywatches.ch\/es\/pagina-principal-2\/"},{"@type":"ListItem","position":2,"name":"Tienda","item":"https:\/\/swissmilitarywatches.ch\/es\/tienda\/"},{"@type":"ListItem","position":3,"name":"Reloj de caballero Swiss Military Classic &#8211; Azul, Acero | SM34116.03"}]},{"@type":"WebSite","@id":"https:\/\/swissmilitarywatches.ch\/es\/#website","url":"https:\/\/swissmilitarywatches.ch\/es\/","name":"Swiss Military by Chrono","description":"Official Licensed Product of the Swiss Confederation","publisher":{"@id":"https:\/\/swissmilitarywatches.ch\/es\/#organization"},"potentialAction":[{"@type":"SearchAction","target":{"@type":"EntryPoint","urlTemplate":"https:\/\/swissmilitarywatches.ch\/es\/?s={search_term_string}"},"query-input":{"@type":"PropertyValueSpecification","valueRequired":true,"valueName":"search_term_string"}}],"inLanguage":"es"},{"@type":"Organization","@id":"https:\/\/swissmilitarywatches.ch\/es\/#organization","name":"Swiss Military by Chrono","url":"https:\/\/swissmilitarywatches.ch\/es\/","logo":{"@type":"ImageObject","inLanguage":"es","@id":"https:\/\/swissmilitarywatches.ch\/es\/#\/schema\/logo\/image\/","url":"https:\/\/swissmilitarywatches.ch\/wp-content\/uploads\/2020\/04\/cropped-SM_logo_512x512px.jpg","contentUrl":"https:\/\/swissmilitarywatches.ch\/wp-content\/uploads\/2020\/04\/cropped-SM_logo_512x512px.jpg","width":512,"height":512,"caption":"Swiss Military by Chrono"},"image":{"@id":"https:\/\/swissmilitarywatches.ch\/es\/#\/schema\/logo\/image\/"},"sameAs":["https:\/\/m.facebook.com\/swissmilitarybychronoofficial\/","https:\/\/www.instagram.com\/swissmilitarybychrono\/","https:\/\/www.pinterest.ch\/swissmilitarybychrono\/"]}]},"product_brand":"Swiss Military by Chrono","product_price_amount":"249.00","product_price_currency":"EUR","og_availability":"instock","product_availability":"instock","product_retailer_item_id":"SM34116.03","product_condition":"new"},"jetpack_sharing_enabled":true,"_links":{"self":[{"href":"https:\/\/swissmilitarywatches.ch\/es\/wp-json\/wp\/v2\/product\/24424","targetHints":{"allow":["GET"]}}],"collection":[{"href":"https:\/\/swissmilitarywatches.ch\/es\/wp-json\/wp\/v2\/product"}],"about":[{"href":"https:\/\/swissmilitarywatches.ch\/es\/wp-json\/wp\/v2\/types\/product"}],"replies":[{"embeddable":true,"href":"https:\/\/swissmilitarywatches.ch\/es\/wp-json\/wp\/v2\/comments?post=24424"}],"wp:featuredmedia":[{"embeddable":true,"href":"https:\/\/swissmilitarywatches.ch\/es\/wp-json\/wp\/v2\/media\/24434"}],"wp:attachment":[{"href":"https:\/\/swissmilitarywatches.ch\/es\/wp-json\/wp\/v2\/media?parent=24424"}],"wp:term":[{"taxonomy":"product_brand","embeddable":true,"href":"https:\/\/swissmilitarywatches.ch\/es\/wp-json\/wp\/v2\/product_brand?post=24424"},{"taxonomy":"product_cat","embeddable":true,"href":"https:\/\/swissmilitarywatches.ch\/es\/wp-json\/wp\/v2\/product_cat?post=24424"},{"taxonomy":"product_tag","embeddable":true,"href":"https:\/\/swissmilitarywatches.ch\/es\/wp-json\/wp\/v2\/product_tag?post=24424"}],"curies":[{"name":"wp","href":"https:\/\/api.w.org\/{rel}","templated":true}]}}