{"id":22441,"date":"2025-09-01T07:47:44","date_gmt":"2025-09-01T05:47:44","guid":{"rendered":"https:\/\/swissmilitarywatches.ch\/?post_type=product&#038;p=22441"},"modified":"2026-02-16T15:08:50","modified_gmt":"2026-02-16T13:08:50","slug":"swiss-military-cronografo-solar-negro-pvd-caucho-sms34113-05","status":"publish","type":"product","link":"https:\/\/swissmilitarywatches.ch\/es\/tienda\/swiss-military-cronografo-solar-negro-pvd-caucho-sms34113-05\/","title":{"rendered":"Swiss Military Cron\u00f3grafo Solar \u2013 Negro, PVD, Caucho | SMS34113.05"},"content":{"rendered":"<p data-start=\"213\" data-end=\"707\"><strong data-start=\"213\" data-end=\"292\">Swiss Military Cron\u00f3grafo Solar \u2013 Sin cambio de bater\u00eda, funciona con luz<\/strong><\/p>\n<p data-start=\"302\" data-end=\"702\">El Swiss Military SMS34113.05 es un Swiss Military Cron\u00f3grafo Solar que elimina la necesidad de cambiar bater\u00edas. Funciona completamente con luz y ofrece un rendimiento continuo y ecol\u00f3gico sin reemplazos. Con su dise\u00f1o totalmente negro \u2014caja con revestimiento PVD negro, esfera negra Sunray y correa de caucho a juego\u2014 este cron\u00f3grafo solar suizo combina un estilo moderno con una durabilidad resistente.  <\/p>\n<p data-start=\"704\" data-end=\"1085\">La caja de acero inoxidable de 42 mm est\u00e1 recubierta con un resistente PVD negro para mayor protecci\u00f3n y un acabado elegante y discreto. Adem\u00e1s, el cristal de zafiro resistente a los ara\u00f1azos protege la esfera, mientras que el bisel giratorio unidireccional resalta el car\u00e1cter deportivo del reloj. Asimismo, el dise\u00f1o monocromo en negro convierte a este modelo en una declaraci\u00f3n audaz para hombres que valoran el dise\u00f1o moderno.  <\/p>\n<p data-start=\"1087\" data-end=\"1428\">En su interior, este reloj solar Swiss Military utiliza tecnolog\u00eda solar avanzada. Una c\u00e9lula solar bajo la esfera convierte la luz natural y artificial en energ\u00eda, cargando una bater\u00eda que funciona hasta 5 meses, incluso en completa oscuridad. Como resultado, el reloj ofrece un rendimiento fiable y ecol\u00f3gico sin necesidad de cambiar nunca la bater\u00eda.  <\/p>\n<p data-start=\"1430\" data-end=\"1754\">Gracias al sistema de correas intercambiables, puedes cambiar f\u00e1cilmente entre la correa de caucho negra y una pulsera de acero inoxidable. De este modo, este cron\u00f3grafo Swiss Military se adapta perfectamente a cualquier estilo de vida. Con una resistencia al agua de 100 m, este cron\u00f3grafo Swiss Military para hombre es tan pr\u00e1ctico como llamativo.  <\/p>\n<p data-start=\"1756\" data-end=\"1775\"><strong data-start=\"1756\" data-end=\"1773\">Caracter\u00edsticas clave:<\/strong><\/p>\n<ul data-start=\"1776\" data-end=\"2250\">\n<li data-start=\"1776\" data-end=\"1832\">\n<p data-start=\"1778\" data-end=\"1832\">Esfera negra Sunray con agujas y marcadores horarios luminiscentes<\/p>\n<\/li>\n<li data-start=\"1776\" data-end=\"1832\">\n<p data-start=\"1778\" data-end=\"1832\">Caja de acero inoxidable con revestimiento PVD negro de \u2300 42 mm<\/p>\n<\/li>\n<li data-start=\"1776\" data-end=\"1832\">\n<p data-start=\"1778\" data-end=\"1832\">Correa de caucho negra con sistema Easy-Click<\/p>\n<\/li>\n<li data-start=\"1776\" data-end=\"1832\">\n<p data-start=\"1778\" data-end=\"1832\">Cristal de zafiro resistente a los ara\u00f1azos<\/p>\n<\/li>\n<li data-start=\"1776\" data-end=\"1832\">\n<p data-start=\"1778\" data-end=\"1832\">Bisel giratorio unidireccional<\/p>\n<\/li>\n<li data-start=\"1776\" data-end=\"1832\">\n<p data-start=\"1778\" data-end=\"1832\">Movimiento de cron\u00f3grafo solar suizo<\/p>\n<\/li>\n<li data-start=\"1776\" data-end=\"1832\">\n<p data-start=\"1778\" data-end=\"1832\">Reserva de energ\u00eda de hasta 5 meses<\/p>\n<\/li>\n<li data-start=\"1776\" data-end=\"1832\">\n<p data-start=\"1778\" data-end=\"1832\">Resistencia al agua hasta 100 m<\/p>\n<\/li>\n<li data-start=\"1776\" data-end=\"1832\">\n<p data-start=\"1778\" data-end=\"1832\">Swiss Made y ensamblado a mano.<\/p>\n<\/li>\n<li data-start=\"1776\" data-end=\"1832\">\n<p data-start=\"1778\" data-end=\"1832\">Garant\u00eda internacional de 5 a\u00f1os.<\/p>\n<\/li>\n<\/ul>\n","protected":false},"excerpt":{"rendered":"<h3 class=\"ai-optimize-25\" data-start=\"228\" data-end=\"270\"><strong data-start=\"228\" data-end=\"268\">Sin cambio de bater\u00eda \u2013 Alimentado por la luz<\/strong><\/h3>\n<ul>\n<li class=\"ai-optimize-27\" data-start=\"273\" data-end=\"312\">Movimiento de cron\u00f3grafo solar Swiss Made<\/li>\n<li class=\"ai-optimize-29\" data-start=\"315\" data-end=\"357\">Esfera negra con agujas e \u00edndices luminiscentes<\/li>\n<li class=\"ai-optimize-31\" data-start=\"360\" data-end=\"445\">Caja de acero inoxidable y correa de caucho verde con sistema Easy-Click de cambio r\u00e1pido<\/li>\n<li class=\"ai-optimize-33\" data-start=\"448\" data-end=\"484\">Cristal de zafiro resistente a los ara\u00f1azos<\/li>\n<li class=\"ai-optimize-35\" data-start=\"487\" data-end=\"511\">Resistencia al agua hasta 100 m<\/li>\n<li class=\"ai-optimize-37\" data-start=\"514\" data-end=\"545\">5 a\u00f1os de garant\u00eda internacional<\/li>\n<\/ul>\n<p>&nbsp;<\/p>\n","protected":false},"featured_media":22281,"comment_status":"open","ping_status":"closed","template":"","meta":[],"product_brand":[],"product_cat":[3071,1813,1816,1823,2130,1877],"product_tag":[],"class_list":{"0":"post-22441","1":"product","2":"type-product","3":"status-publish","4":"has-post-thumbnail","6":"product_cat-swiss-military-cronografos-solares-sms34113","7":"product_cat-todos-los-relojes-es","8":"product_cat-relojes-hombre-es","9":"product_cat-cronografo","10":"product_cat-relojes-con-funciones-especiales","11":"product_cat-energia-solar","12":"product_shipping_class-envio-flexible-es","14":"first","15":"instock","16":"taxable","17":"shipping-taxable","18":"purchasable","19":"product-type-simple"},"yoast_head":"<!-- This site is optimized with the Yoast SEO Premium plugin v26.6 (Yoast SEO v26.6) - https:\/\/yoast.com\/wordpress\/plugins\/seo\/ -->\n<title>Swiss Military Cron\u00f3grafo Solar \u2013 Negro, PVD, Caucho | SMS34113.05<\/title>\n<meta name=\"description\" content=\"Swiss Military Cron\u00f3grafo Solar SMS34113.05 funciona con luz sin cambio de bater\u00eda. Esfera negra, caja PVD negra, correa de caucho, Swiss Made, 5 a\u00f1os de garant\u00eda.\" \/>\n<meta name=\"robots\" content=\"index, follow, max-snippet:-1, max-image-preview:large, max-video-preview:-1\" \/>\n<link rel=\"canonical\" href=\"https:\/\/swissmilitarywatches.ch\/es\/tienda\/swiss-military-cronografo-solar-negro-pvd-caucho-sms34113-05\/\" \/>\n<meta property=\"og:locale\" content=\"es_ES\" \/>\n<meta property=\"og:type\" content=\"article\" \/>\n<meta property=\"og:title\" content=\"Swiss Military Cron\u00f3grafo Solar \u2013 Negro, PVD, Caucho | SMS34113.05\" \/>\n<meta property=\"og:description\" content=\"Swiss Military Cron\u00f3grafo Solar SMS34113.05 funciona con luz sin cambio de bater\u00eda. Esfera negra, caja PVD negra, correa de caucho, Swiss Made, 5 a\u00f1os de garant\u00eda.\" \/>\n<meta property=\"og:url\" content=\"https:\/\/swissmilitarywatches.ch\/es\/tienda\/swiss-military-cronografo-solar-negro-pvd-caucho-sms34113-05\/\" \/>\n<meta property=\"og:site_name\" content=\"Swiss Military by Chrono\" \/>\n<meta property=\"article:publisher\" content=\"https:\/\/m.facebook.com\/swissmilitarybychronoofficial\/\" \/>\n<meta property=\"article:modified_time\" content=\"2026-02-16T13:08:50+00:00\" \/>\n<meta property=\"og:image\" content=\"https:\/\/swissmilitarywatches.ch\/wp-content\/uploads\/2025\/09\/SMS34113.05.png\" \/>\n\t<meta property=\"og:image:width\" content=\"1300\" \/>\n\t<meta property=\"og:image:height\" content=\"1642\" \/>\n\t<meta property=\"og:image:type\" content=\"image\/png\" \/>\n<meta name=\"twitter:card\" content=\"summary_large_image\" \/>\n<meta name=\"twitter:label1\" content=\"Precio\" \/>\n\t<meta name=\"twitter:data1\" content=\"&euro;549.00 con IVA\" \/>\n\t<meta name=\"twitter:label2\" content=\"Disponibilidad\" \/>\n\t<meta name=\"twitter:data2\" content=\"Disponible\" \/>\n<script type=\"application\/ld+json\" class=\"yoast-schema-graph\">{\"@context\":\"https:\/\/schema.org\",\"@graph\":[{\"@type\":\"WebPage\",\"@id\":\"https:\/\/swissmilitarywatches.ch\/es\/tienda\/swiss-military-cronografo-solar-negro-pvd-caucho-sms34113-05\/\",\"url\":\"https:\/\/swissmilitarywatches.ch\/es\/tienda\/swiss-military-cronografo-solar-negro-pvd-caucho-sms34113-05\/\",\"name\":\"Swiss Military Cron\u00f3grafo Solar \u2013 Negro, PVD, Caucho | SMS34113.05\",\"isPartOf\":{\"@id\":\"https:\/\/swissmilitarywatches.ch\/es\/#website\"},\"primaryImageOfPage\":{\"@id\":\"https:\/\/swissmilitarywatches.ch\/es\/tienda\/swiss-military-cronografo-solar-negro-pvd-caucho-sms34113-05\/#primaryimage\"},\"image\":{\"@id\":\"https:\/\/swissmilitarywatches.ch\/es\/tienda\/swiss-military-cronografo-solar-negro-pvd-caucho-sms34113-05\/#primaryimage\"},\"thumbnailUrl\":\"https:\/\/swissmilitarywatches.ch\/wp-content\/uploads\/2025\/09\/SMS34113.05.png\",\"datePublished\":\"2025-09-01T05:47:44+00:00\",\"dateModified\":\"2026-02-16T13:08:50+00:00\",\"description\":\"Swiss Military Cron\u00f3grafo Solar SMS34113.05 funciona con luz sin cambio de bater\u00eda. Esfera negra, caja PVD negra, correa de caucho, Swiss Made, 5 a\u00f1os de garant\u00eda.\",\"breadcrumb\":{\"@id\":\"https:\/\/swissmilitarywatches.ch\/es\/tienda\/swiss-military-cronografo-solar-negro-pvd-caucho-sms34113-05\/#breadcrumb\"},\"inLanguage\":\"es\",\"potentialAction\":[{\"@type\":\"ReadAction\",\"target\":[\"https:\/\/swissmilitarywatches.ch\/es\/tienda\/swiss-military-cronografo-solar-negro-pvd-caucho-sms34113-05\/\"]}]},{\"@type\":\"ImageObject\",\"inLanguage\":\"es\",\"@id\":\"https:\/\/swissmilitarywatches.ch\/es\/tienda\/swiss-military-cronografo-solar-negro-pvd-caucho-sms34113-05\/#primaryimage\",\"url\":\"https:\/\/swissmilitarywatches.ch\/wp-content\/uploads\/2025\/09\/SMS34113.05.png\",\"contentUrl\":\"https:\/\/swissmilitarywatches.ch\/wp-content\/uploads\/2025\/09\/SMS34113.05.png\",\"width\":1300,\"height\":1642,\"caption\":\"Cron\u00f3grafo Solar Militar Suizo SMS34113.05 alimentado por luz, no necesita cambio de pila. Con esfera negra, caja de PVD negro y correa de caucho.\"},{\"@type\":\"BreadcrumbList\",\"@id\":\"https:\/\/swissmilitarywatches.ch\/es\/tienda\/swiss-military-cronografo-solar-negro-pvd-caucho-sms34113-05\/#breadcrumb\",\"itemListElement\":[{\"@type\":\"ListItem\",\"position\":1,\"name\":\"Home\",\"item\":\"https:\/\/swissmilitarywatches.ch\/es\/pagina-principal-2\/\"},{\"@type\":\"ListItem\",\"position\":2,\"name\":\"Tienda\",\"item\":\"https:\/\/swissmilitarywatches.ch\/es\/tienda\/\"},{\"@type\":\"ListItem\",\"position\":3,\"name\":\"Todos los relojes\",\"item\":\"https:\/\/swissmilitarywatches.ch\/es\/categoria-de-producto\/todos-los-relojes-es\/\"},{\"@type\":\"ListItem\",\"position\":4,\"name\":\"Swiss Military Cron\u00f3grafo Solar \u2013 Negro, PVD, Caucho | SMS34113.05\"}]},{\"@type\":\"WebSite\",\"@id\":\"https:\/\/swissmilitarywatches.ch\/es\/#website\",\"url\":\"https:\/\/swissmilitarywatches.ch\/es\/\",\"name\":\"Swiss Military by Chrono\",\"description\":\"Official Licensed Product of the Swiss Confederation\",\"publisher\":{\"@id\":\"https:\/\/swissmilitarywatches.ch\/es\/#organization\"},\"potentialAction\":[{\"@type\":\"SearchAction\",\"target\":{\"@type\":\"EntryPoint\",\"urlTemplate\":\"https:\/\/swissmilitarywatches.ch\/es\/?s={search_term_string}\"},\"query-input\":{\"@type\":\"PropertyValueSpecification\",\"valueRequired\":true,\"valueName\":\"search_term_string\"}}],\"inLanguage\":\"es\"},{\"@type\":\"Organization\",\"@id\":\"https:\/\/swissmilitarywatches.ch\/es\/#organization\",\"name\":\"Swiss Military by Chrono\",\"url\":\"https:\/\/swissmilitarywatches.ch\/es\/\",\"logo\":{\"@type\":\"ImageObject\",\"inLanguage\":\"es\",\"@id\":\"https:\/\/swissmilitarywatches.ch\/es\/#\/schema\/logo\/image\/\",\"url\":\"https:\/\/swissmilitarywatches.ch\/wp-content\/uploads\/2020\/04\/cropped-SM_logo_512x512px.jpg\",\"contentUrl\":\"https:\/\/swissmilitarywatches.ch\/wp-content\/uploads\/2020\/04\/cropped-SM_logo_512x512px.jpg\",\"width\":512,\"height\":512,\"caption\":\"Swiss Military by Chrono\"},\"image\":{\"@id\":\"https:\/\/swissmilitarywatches.ch\/es\/#\/schema\/logo\/image\/\"},\"sameAs\":[\"https:\/\/m.facebook.com\/swissmilitarybychronoofficial\/\",\"https:\/\/www.instagram.com\/swissmilitarybychrono\/\",\"https:\/\/www.pinterest.ch\/swissmilitarybychrono\/\"]}]}<\/script>\n<meta property=\"product:price:amount\" content=\"549.00\" \/>\n<meta property=\"product:price:currency\" content=\"EUR\" \/>\n<meta property=\"og:availability\" content=\"instock\" \/>\n<meta property=\"product:availability\" content=\"instock\" \/>\n<meta property=\"product:retailer_item_id\" content=\"SMS34113.05\" \/>\n<meta property=\"product:condition\" content=\"new\" \/>\n<!-- \/ Yoast SEO Premium plugin. -->","yoast_head_json":{"title":"Swiss Military Cron\u00f3grafo Solar \u2013 Negro, PVD, Caucho | SMS34113.05","description":"Swiss Military Cron\u00f3grafo Solar SMS34113.05 funciona con luz sin cambio de bater\u00eda. Esfera negra, caja PVD negra, correa de caucho, Swiss Made, 5 a\u00f1os de garant\u00eda.","robots":{"index":"index","follow":"follow","max-snippet":"max-snippet:-1","max-image-preview":"max-image-preview:large","max-video-preview":"max-video-preview:-1"},"canonical":"https:\/\/swissmilitarywatches.ch\/es\/tienda\/swiss-military-cronografo-solar-negro-pvd-caucho-sms34113-05\/","og_locale":"es_ES","og_type":"article","og_title":"Swiss Military Cron\u00f3grafo Solar \u2013 Negro, PVD, Caucho | SMS34113.05","og_description":"Swiss Military Cron\u00f3grafo Solar SMS34113.05 funciona con luz sin cambio de bater\u00eda. Esfera negra, caja PVD negra, correa de caucho, Swiss Made, 5 a\u00f1os de garant\u00eda.","og_url":"https:\/\/swissmilitarywatches.ch\/es\/tienda\/swiss-military-cronografo-solar-negro-pvd-caucho-sms34113-05\/","og_site_name":"Swiss Military by Chrono","article_publisher":"https:\/\/m.facebook.com\/swissmilitarybychronoofficial\/","article_modified_time":"2026-02-16T13:08:50+00:00","og_image":[{"width":1300,"height":1642,"url":"https:\/\/swissmilitarywatches.ch\/wp-content\/uploads\/2025\/09\/SMS34113.05.png","type":"image\/png"}],"twitter_card":"summary_large_image","twitter_misc":{"Precio":"&euro;549.00 con IVA","Disponibilidad":"Disponible"},"schema":{"@context":"https:\/\/schema.org","@graph":[{"@type":"WebPage","@id":"https:\/\/swissmilitarywatches.ch\/es\/tienda\/swiss-military-cronografo-solar-negro-pvd-caucho-sms34113-05\/","url":"https:\/\/swissmilitarywatches.ch\/es\/tienda\/swiss-military-cronografo-solar-negro-pvd-caucho-sms34113-05\/","name":"Swiss Military Cron\u00f3grafo Solar \u2013 Negro, PVD, Caucho | SMS34113.05","isPartOf":{"@id":"https:\/\/swissmilitarywatches.ch\/es\/#website"},"primaryImageOfPage":{"@id":"https:\/\/swissmilitarywatches.ch\/es\/tienda\/swiss-military-cronografo-solar-negro-pvd-caucho-sms34113-05\/#primaryimage"},"image":{"@id":"https:\/\/swissmilitarywatches.ch\/es\/tienda\/swiss-military-cronografo-solar-negro-pvd-caucho-sms34113-05\/#primaryimage"},"thumbnailUrl":"https:\/\/swissmilitarywatches.ch\/wp-content\/uploads\/2025\/09\/SMS34113.05.png","datePublished":"2025-09-01T05:47:44+00:00","dateModified":"2026-02-16T13:08:50+00:00","description":"Swiss Military Cron\u00f3grafo Solar SMS34113.05 funciona con luz sin cambio de bater\u00eda. Esfera negra, caja PVD negra, correa de caucho, Swiss Made, 5 a\u00f1os de garant\u00eda.","breadcrumb":{"@id":"https:\/\/swissmilitarywatches.ch\/es\/tienda\/swiss-military-cronografo-solar-negro-pvd-caucho-sms34113-05\/#breadcrumb"},"inLanguage":"es","potentialAction":[{"@type":"ReadAction","target":["https:\/\/swissmilitarywatches.ch\/es\/tienda\/swiss-military-cronografo-solar-negro-pvd-caucho-sms34113-05\/"]}]},{"@type":"ImageObject","inLanguage":"es","@id":"https:\/\/swissmilitarywatches.ch\/es\/tienda\/swiss-military-cronografo-solar-negro-pvd-caucho-sms34113-05\/#primaryimage","url":"https:\/\/swissmilitarywatches.ch\/wp-content\/uploads\/2025\/09\/SMS34113.05.png","contentUrl":"https:\/\/swissmilitarywatches.ch\/wp-content\/uploads\/2025\/09\/SMS34113.05.png","width":1300,"height":1642,"caption":"Cron\u00f3grafo Solar Militar Suizo SMS34113.05 alimentado por luz, no necesita cambio de pila. Con esfera negra, caja de PVD negro y correa de caucho."},{"@type":"BreadcrumbList","@id":"https:\/\/swissmilitarywatches.ch\/es\/tienda\/swiss-military-cronografo-solar-negro-pvd-caucho-sms34113-05\/#breadcrumb","itemListElement":[{"@type":"ListItem","position":1,"name":"Home","item":"https:\/\/swissmilitarywatches.ch\/es\/pagina-principal-2\/"},{"@type":"ListItem","position":2,"name":"Tienda","item":"https:\/\/swissmilitarywatches.ch\/es\/tienda\/"},{"@type":"ListItem","position":3,"name":"Todos los relojes","item":"https:\/\/swissmilitarywatches.ch\/es\/categoria-de-producto\/todos-los-relojes-es\/"},{"@type":"ListItem","position":4,"name":"Swiss Military Cron\u00f3grafo Solar \u2013 Negro, PVD, Caucho | SMS34113.05"}]},{"@type":"WebSite","@id":"https:\/\/swissmilitarywatches.ch\/es\/#website","url":"https:\/\/swissmilitarywatches.ch\/es\/","name":"Swiss Military by Chrono","description":"Official Licensed Product of the Swiss Confederation","publisher":{"@id":"https:\/\/swissmilitarywatches.ch\/es\/#organization"},"potentialAction":[{"@type":"SearchAction","target":{"@type":"EntryPoint","urlTemplate":"https:\/\/swissmilitarywatches.ch\/es\/?s={search_term_string}"},"query-input":{"@type":"PropertyValueSpecification","valueRequired":true,"valueName":"search_term_string"}}],"inLanguage":"es"},{"@type":"Organization","@id":"https:\/\/swissmilitarywatches.ch\/es\/#organization","name":"Swiss Military by Chrono","url":"https:\/\/swissmilitarywatches.ch\/es\/","logo":{"@type":"ImageObject","inLanguage":"es","@id":"https:\/\/swissmilitarywatches.ch\/es\/#\/schema\/logo\/image\/","url":"https:\/\/swissmilitarywatches.ch\/wp-content\/uploads\/2020\/04\/cropped-SM_logo_512x512px.jpg","contentUrl":"https:\/\/swissmilitarywatches.ch\/wp-content\/uploads\/2020\/04\/cropped-SM_logo_512x512px.jpg","width":512,"height":512,"caption":"Swiss Military by Chrono"},"image":{"@id":"https:\/\/swissmilitarywatches.ch\/es\/#\/schema\/logo\/image\/"},"sameAs":["https:\/\/m.facebook.com\/swissmilitarybychronoofficial\/","https:\/\/www.instagram.com\/swissmilitarybychrono\/","https:\/\/www.pinterest.ch\/swissmilitarybychrono\/"]}]},"product_price_amount":"549.00","product_price_currency":"EUR","og_availability":"instock","product_availability":"instock","product_retailer_item_id":"SMS34113.05","product_condition":"new"},"jetpack_sharing_enabled":true,"_links":{"self":[{"href":"https:\/\/swissmilitarywatches.ch\/es\/wp-json\/wp\/v2\/product\/22441","targetHints":{"allow":["GET"]}}],"collection":[{"href":"https:\/\/swissmilitarywatches.ch\/es\/wp-json\/wp\/v2\/product"}],"about":[{"href":"https:\/\/swissmilitarywatches.ch\/es\/wp-json\/wp\/v2\/types\/product"}],"replies":[{"embeddable":true,"href":"https:\/\/swissmilitarywatches.ch\/es\/wp-json\/wp\/v2\/comments?post=22441"}],"wp:featuredmedia":[{"embeddable":true,"href":"https:\/\/swissmilitarywatches.ch\/es\/wp-json\/wp\/v2\/media\/22281"}],"wp:attachment":[{"href":"https:\/\/swissmilitarywatches.ch\/es\/wp-json\/wp\/v2\/media?parent=22441"}],"wp:term":[{"taxonomy":"product_brand","embeddable":true,"href":"https:\/\/swissmilitarywatches.ch\/es\/wp-json\/wp\/v2\/product_brand?post=22441"},{"taxonomy":"product_cat","embeddable":true,"href":"https:\/\/swissmilitarywatches.ch\/es\/wp-json\/wp\/v2\/product_cat?post=22441"},{"taxonomy":"product_tag","embeddable":true,"href":"https:\/\/swissmilitarywatches.ch\/es\/wp-json\/wp\/v2\/product_tag?post=22441"}],"curies":[{"name":"wp","href":"https:\/\/api.w.org\/{rel}","templated":true}]}}