{"id":22439,"date":"2025-09-01T07:47:44","date_gmt":"2025-09-01T05:47:44","guid":{"rendered":"https:\/\/swissmilitarywatches.ch\/?post_type=product&#038;p=22439"},"modified":"2026-02-16T15:08:56","modified_gmt":"2026-02-16T13:08:56","slug":"swiss-military-cronografo-solar-verde-caucho-sms34113-04","status":"publish","type":"product","link":"https:\/\/swissmilitarywatches.ch\/es\/tienda\/swiss-military-cronografo-solar-verde-caucho-sms34113-04\/","title":{"rendered":"Swiss Military Cron\u00f3grafo Solar \u2013 Verde, Caucho | SMS34113.04"},"content":{"rendered":"<p data-start=\"264\" data-end=\"647\"><strong>Swiss Military Cron\u00f3grafo Solar \u2013 Sin cambio de bater\u00eda, funciona con luz<\/strong><\/p>\n<p data-start=\"264\" data-end=\"647\">El Swiss Military SMS34113.04 es un Swiss Military Cron\u00f3grafo Solar que elimina la necesidad de cambiar bater\u00edas. Funciona completamente con luz y ofrece un rendimiento continuo y ecol\u00f3gico sin reemplazos. Con su esfera verde Sunray, agujas luminiscentes y correa de caucho, este cron\u00f3grafo solar suizo refleja el esp\u00edritu de la aventura con un dise\u00f1o fresco y moderno.  <\/p>\n<p data-start=\"649\" data-end=\"1002\">La caja de acero inoxidable de 42 mm combinada con la correa de caucho verde aporta un estilo resistente y vers\u00e1til. Adem\u00e1s, el cristal de zafiro resistente a los ara\u00f1azos protege la esfera, mientras que el bisel giratorio unidireccional enfatiza su funci\u00f3n deportiva. Asimismo, el vibrante color verde hace que este reloj destaque, reflejando un estilo de vida aventurero.  <\/p>\n<p data-start=\"1004\" data-end=\"1350\">En su interior, este reloj solar Swiss Military utiliza avanzada tecnolog\u00eda solar. Una c\u00e9lula solar bajo la esfera convierte la luz natural y artificial en energ\u00eda, recargando una bater\u00eda que funciona hasta 5 meses, incluso en completa oscuridad. Como resultado, el reloj ofrece un rendimiento fiable y ecol\u00f3gico sin necesidad de cambiar nunca la bater\u00eda.  <\/p>\n<p data-start=\"1352\" data-end=\"1714\">Gracias al sistema de correas intercambiables, puedes cambiar en cualquier momento entre la correa de caucho y una pulsera de acero inoxidable. De este modo, este cron\u00f3grafo Swiss Military se adapta f\u00e1cilmente a diferentes ocasiones. Con una resistencia al agua de 100 m, este cron\u00f3grafo Swiss Military para hombre es un compa\u00f1ero fiable tanto para las aventuras al aire libre como para el uso diario.  <\/p>\n<p data-start=\"1716\" data-end=\"1735\"><strong data-start=\"1716\" data-end=\"1733\">Caracter\u00edsticas clave:<\/strong><\/p>\n<ul data-start=\"1736\" data-end=\"2193\">\n<li data-start=\"1736\" data-end=\"1792\">\n<p data-start=\"1738\" data-end=\"1792\">Esfera verde Sunray con agujas y marcadores horarios luminiscentes<\/p>\n<\/li>\n<li data-start=\"1793\" data-end=\"1849\">\n<p data-start=\"1795\" data-end=\"1849\"><span style=\"color: #333333;\">Caja de acero inoxidable de \u2300 42 mm<\/span><\/p>\n<\/li>\n<li data-start=\"1850\" data-end=\"1895\">\n<p data-start=\"1852\" data-end=\"1895\">Correa de caucho verde con sistema Easy-Click<\/p>\n<\/li>\n<li data-start=\"1896\" data-end=\"1934\">\n<p data-start=\"1898\" data-end=\"1934\">Cristal de zafiro resistente a los ara\u00f1azos<\/p>\n<\/li>\n<li data-start=\"1935\" data-end=\"1968\">\n<p data-start=\"1937\" data-end=\"1968\">Bisel giratorio unidireccional<\/p>\n<\/li>\n<li data-start=\"1969\" data-end=\"2013\">\n<p data-start=\"1971\" data-end=\"2013\">Movimiento de cron\u00f3grafo solar suizo<\/p>\n<\/li>\n<li data-start=\"2014\" data-end=\"2046\">\n<p data-start=\"2016\" data-end=\"2046\">Reserva de energ\u00eda de hasta 5 meses<\/p>\n<\/li>\n<li data-start=\"2047\" data-end=\"2073\">\n<p data-start=\"2049\" data-end=\"2073\">Resistencia al agua hasta 100 m<\/p>\n<\/li>\n<li data-start=\"2124\" data-end=\"2155\">\n<p data-start=\"2126\" data-end=\"2155\">Swiss Made y ensamblado a mano.<\/p>\n<\/li>\n<li data-start=\"2156\" data-end=\"2193\">\n<p data-start=\"2158\" data-end=\"2193\"><strong data-start=\"2158\" data-end=\"2191\">Garant\u00eda internacional de 5 a\u00f1os.<\/strong><\/p>\n<\/li>\n<\/ul>\n","protected":false},"excerpt":{"rendered":"<h3 class=\"ai-optimize-25 ai-optimize-introduction\" data-start=\"256\" data-end=\"298\"><strong data-start=\"256\" data-end=\"296\">Sin cambio de bater\u00eda \u2013 Alimentado por la luz<\/strong><\/h3>\n<ul>\n<li class=\"ai-optimize-27\" data-start=\"301\" data-end=\"340\">Movimiento de cron\u00f3grafo solar Swiss Made<\/li>\n<li class=\"ai-optimize-29\" data-start=\"343\" data-end=\"385\">Esfera verde con agujas e \u00edndices luminiscentes<\/li>\n<li class=\"ai-optimize-31\" data-start=\"388\" data-end=\"467\">Caja de acero inoxidable y correa de caucho verde con sistema Easy-Click de cambio r\u00e1pido<\/li>\n<li class=\"ai-optimize-33\" data-start=\"470\" data-end=\"506\">Cristal de zafiro resistente a los ara\u00f1azos<\/li>\n<li class=\"ai-optimize-35\" data-start=\"509\" data-end=\"533\">Resistencia al agua hasta 100 m<\/li>\n<li class=\"ai-optimize-37\" data-start=\"536\" data-end=\"567\">5 a\u00f1os de garant\u00eda internacional<\/li>\n<\/ul>\n<p>&nbsp;<\/p>\n","protected":false},"featured_media":22276,"comment_status":"open","ping_status":"closed","template":"","meta":[],"product_brand":[],"product_cat":[3071,1813,1816,1823,2130,1877],"product_tag":[],"class_list":{"0":"post-22439","1":"product","2":"type-product","3":"status-publish","4":"has-post-thumbnail","6":"product_cat-swiss-military-cronografos-solares-sms34113","7":"product_cat-todos-los-relojes-es","8":"product_cat-relojes-hombre-es","9":"product_cat-cronografo","10":"product_cat-relojes-con-funciones-especiales","11":"product_cat-energia-solar","12":"product_shipping_class-envio-flexible-es","14":"first","15":"instock","16":"taxable","17":"shipping-taxable","18":"purchasable","19":"product-type-simple"},"yoast_head":"<!-- This site is optimized with the Yoast SEO Premium plugin v26.6 (Yoast SEO v26.6) - https:\/\/yoast.com\/wordpress\/plugins\/seo\/ -->\n<title>Swiss Military Cron\u00f3grafo Solar \u2013 Verde, Caucho | SMS34113.04<\/title>\n<meta name=\"description\" content=\"Swiss Military Cron\u00f3grafo Solar SMS34113.04 funciona con luz sin cambio de bater\u00eda. Esfera verde, caja de acero, correa de caucho, Swiss Made, 5 a\u00f1os de garant\u00eda.\" \/>\n<meta name=\"robots\" content=\"index, follow, max-snippet:-1, max-image-preview:large, max-video-preview:-1\" \/>\n<link rel=\"canonical\" href=\"https:\/\/swissmilitarywatches.ch\/es\/tienda\/swiss-military-cronografo-solar-verde-caucho-sms34113-04\/\" \/>\n<meta property=\"og:locale\" content=\"es_ES\" \/>\n<meta property=\"og:type\" content=\"article\" \/>\n<meta property=\"og:title\" content=\"Swiss Military Cron\u00f3grafo Solar \u2013 Verde, Caucho | SMS34113.04\" \/>\n<meta property=\"og:description\" content=\"Swiss Military Cron\u00f3grafo Solar SMS34113.04 funciona con luz sin cambio de bater\u00eda. Esfera verde, caja de acero, correa de caucho, Swiss Made, 5 a\u00f1os de garant\u00eda.\" \/>\n<meta property=\"og:url\" content=\"https:\/\/swissmilitarywatches.ch\/es\/tienda\/swiss-military-cronografo-solar-verde-caucho-sms34113-04\/\" \/>\n<meta property=\"og:site_name\" content=\"Swiss Military by Chrono\" \/>\n<meta property=\"article:publisher\" content=\"https:\/\/m.facebook.com\/swissmilitarybychronoofficial\/\" \/>\n<meta property=\"article:modified_time\" content=\"2026-02-16T13:08:56+00:00\" \/>\n<meta property=\"og:image\" content=\"https:\/\/swissmilitarywatches.ch\/wp-content\/uploads\/2025\/09\/SMS34113.04.png\" \/>\n\t<meta property=\"og:image:width\" content=\"1300\" \/>\n\t<meta property=\"og:image:height\" content=\"1642\" \/>\n\t<meta property=\"og:image:type\" content=\"image\/png\" \/>\n<meta name=\"twitter:card\" content=\"summary_large_image\" \/>\n<meta name=\"twitter:label1\" content=\"Precio\" \/>\n\t<meta name=\"twitter:data1\" content=\"&euro;529.00 con IVA\" \/>\n\t<meta name=\"twitter:label2\" content=\"Disponibilidad\" \/>\n\t<meta name=\"twitter:data2\" content=\"Disponible\" \/>\n<script type=\"application\/ld+json\" class=\"yoast-schema-graph\">{\"@context\":\"https:\/\/schema.org\",\"@graph\":[{\"@type\":\"WebPage\",\"@id\":\"https:\/\/swissmilitarywatches.ch\/es\/tienda\/swiss-military-cronografo-solar-verde-caucho-sms34113-04\/\",\"url\":\"https:\/\/swissmilitarywatches.ch\/es\/tienda\/swiss-military-cronografo-solar-verde-caucho-sms34113-04\/\",\"name\":\"Swiss Military Cron\u00f3grafo Solar \u2013 Verde, Caucho | SMS34113.04\",\"isPartOf\":{\"@id\":\"https:\/\/swissmilitarywatches.ch\/es\/#website\"},\"primaryImageOfPage\":{\"@id\":\"https:\/\/swissmilitarywatches.ch\/es\/tienda\/swiss-military-cronografo-solar-verde-caucho-sms34113-04\/#primaryimage\"},\"image\":{\"@id\":\"https:\/\/swissmilitarywatches.ch\/es\/tienda\/swiss-military-cronografo-solar-verde-caucho-sms34113-04\/#primaryimage\"},\"thumbnailUrl\":\"https:\/\/swissmilitarywatches.ch\/wp-content\/uploads\/2025\/09\/SMS34113.04.png\",\"datePublished\":\"2025-09-01T05:47:44+00:00\",\"dateModified\":\"2026-02-16T13:08:56+00:00\",\"description\":\"Swiss Military Cron\u00f3grafo Solar SMS34113.04 funciona con luz sin cambio de bater\u00eda. Esfera verde, caja de acero, correa de caucho, Swiss Made, 5 a\u00f1os de garant\u00eda.\",\"breadcrumb\":{\"@id\":\"https:\/\/swissmilitarywatches.ch\/es\/tienda\/swiss-military-cronografo-solar-verde-caucho-sms34113-04\/#breadcrumb\"},\"inLanguage\":\"es\",\"potentialAction\":[{\"@type\":\"ReadAction\",\"target\":[\"https:\/\/swissmilitarywatches.ch\/es\/tienda\/swiss-military-cronografo-solar-verde-caucho-sms34113-04\/\"]}]},{\"@type\":\"ImageObject\",\"inLanguage\":\"es\",\"@id\":\"https:\/\/swissmilitarywatches.ch\/es\/tienda\/swiss-military-cronografo-solar-verde-caucho-sms34113-04\/#primaryimage\",\"url\":\"https:\/\/swissmilitarywatches.ch\/wp-content\/uploads\/2025\/09\/SMS34113.04.png\",\"contentUrl\":\"https:\/\/swissmilitarywatches.ch\/wp-content\/uploads\/2025\/09\/SMS34113.04.png\",\"width\":1300,\"height\":1642,\"caption\":\"Cron\u00f3grafo solar militar suizo SMS34113.04 que funciona con luz, sin necesidad de cambiar la pila. Con esfera verde y correa de caucho.\"},{\"@type\":\"BreadcrumbList\",\"@id\":\"https:\/\/swissmilitarywatches.ch\/es\/tienda\/swiss-military-cronografo-solar-verde-caucho-sms34113-04\/#breadcrumb\",\"itemListElement\":[{\"@type\":\"ListItem\",\"position\":1,\"name\":\"Home\",\"item\":\"https:\/\/swissmilitarywatches.ch\/es\/pagina-principal-2\/\"},{\"@type\":\"ListItem\",\"position\":2,\"name\":\"Tienda\",\"item\":\"https:\/\/swissmilitarywatches.ch\/es\/tienda\/\"},{\"@type\":\"ListItem\",\"position\":3,\"name\":\"Todos los relojes\",\"item\":\"https:\/\/swissmilitarywatches.ch\/es\/categoria-de-producto\/todos-los-relojes-es\/\"},{\"@type\":\"ListItem\",\"position\":4,\"name\":\"Swiss Military Cron\u00f3grafo Solar \u2013 Verde, Caucho | SMS34113.04\"}]},{\"@type\":\"WebSite\",\"@id\":\"https:\/\/swissmilitarywatches.ch\/es\/#website\",\"url\":\"https:\/\/swissmilitarywatches.ch\/es\/\",\"name\":\"Swiss Military by Chrono\",\"description\":\"Official Licensed Product of the Swiss Confederation\",\"publisher\":{\"@id\":\"https:\/\/swissmilitarywatches.ch\/es\/#organization\"},\"potentialAction\":[{\"@type\":\"SearchAction\",\"target\":{\"@type\":\"EntryPoint\",\"urlTemplate\":\"https:\/\/swissmilitarywatches.ch\/es\/?s={search_term_string}\"},\"query-input\":{\"@type\":\"PropertyValueSpecification\",\"valueRequired\":true,\"valueName\":\"search_term_string\"}}],\"inLanguage\":\"es\"},{\"@type\":\"Organization\",\"@id\":\"https:\/\/swissmilitarywatches.ch\/es\/#organization\",\"name\":\"Swiss Military by Chrono\",\"url\":\"https:\/\/swissmilitarywatches.ch\/es\/\",\"logo\":{\"@type\":\"ImageObject\",\"inLanguage\":\"es\",\"@id\":\"https:\/\/swissmilitarywatches.ch\/es\/#\/schema\/logo\/image\/\",\"url\":\"https:\/\/swissmilitarywatches.ch\/wp-content\/uploads\/2020\/04\/cropped-SM_logo_512x512px.jpg\",\"contentUrl\":\"https:\/\/swissmilitarywatches.ch\/wp-content\/uploads\/2020\/04\/cropped-SM_logo_512x512px.jpg\",\"width\":512,\"height\":512,\"caption\":\"Swiss Military by Chrono\"},\"image\":{\"@id\":\"https:\/\/swissmilitarywatches.ch\/es\/#\/schema\/logo\/image\/\"},\"sameAs\":[\"https:\/\/m.facebook.com\/swissmilitarybychronoofficial\/\",\"https:\/\/www.instagram.com\/swissmilitarybychrono\/\",\"https:\/\/www.pinterest.ch\/swissmilitarybychrono\/\"]}]}<\/script>\n<meta property=\"product:price:amount\" content=\"529.00\" \/>\n<meta property=\"product:price:currency\" content=\"EUR\" \/>\n<meta property=\"og:availability\" content=\"instock\" \/>\n<meta property=\"product:availability\" content=\"instock\" \/>\n<meta property=\"product:retailer_item_id\" content=\"SMS34113.04\" \/>\n<meta property=\"product:condition\" content=\"new\" \/>\n<!-- \/ Yoast SEO Premium plugin. -->","yoast_head_json":{"title":"Swiss Military Cron\u00f3grafo Solar \u2013 Verde, Caucho | SMS34113.04","description":"Swiss Military Cron\u00f3grafo Solar SMS34113.04 funciona con luz sin cambio de bater\u00eda. Esfera verde, caja de acero, correa de caucho, Swiss Made, 5 a\u00f1os de garant\u00eda.","robots":{"index":"index","follow":"follow","max-snippet":"max-snippet:-1","max-image-preview":"max-image-preview:large","max-video-preview":"max-video-preview:-1"},"canonical":"https:\/\/swissmilitarywatches.ch\/es\/tienda\/swiss-military-cronografo-solar-verde-caucho-sms34113-04\/","og_locale":"es_ES","og_type":"article","og_title":"Swiss Military Cron\u00f3grafo Solar \u2013 Verde, Caucho | SMS34113.04","og_description":"Swiss Military Cron\u00f3grafo Solar SMS34113.04 funciona con luz sin cambio de bater\u00eda. Esfera verde, caja de acero, correa de caucho, Swiss Made, 5 a\u00f1os de garant\u00eda.","og_url":"https:\/\/swissmilitarywatches.ch\/es\/tienda\/swiss-military-cronografo-solar-verde-caucho-sms34113-04\/","og_site_name":"Swiss Military by Chrono","article_publisher":"https:\/\/m.facebook.com\/swissmilitarybychronoofficial\/","article_modified_time":"2026-02-16T13:08:56+00:00","og_image":[{"width":1300,"height":1642,"url":"https:\/\/swissmilitarywatches.ch\/wp-content\/uploads\/2025\/09\/SMS34113.04.png","type":"image\/png"}],"twitter_card":"summary_large_image","twitter_misc":{"Precio":"&euro;529.00 con IVA","Disponibilidad":"Disponible"},"schema":{"@context":"https:\/\/schema.org","@graph":[{"@type":"WebPage","@id":"https:\/\/swissmilitarywatches.ch\/es\/tienda\/swiss-military-cronografo-solar-verde-caucho-sms34113-04\/","url":"https:\/\/swissmilitarywatches.ch\/es\/tienda\/swiss-military-cronografo-solar-verde-caucho-sms34113-04\/","name":"Swiss Military Cron\u00f3grafo Solar \u2013 Verde, Caucho | SMS34113.04","isPartOf":{"@id":"https:\/\/swissmilitarywatches.ch\/es\/#website"},"primaryImageOfPage":{"@id":"https:\/\/swissmilitarywatches.ch\/es\/tienda\/swiss-military-cronografo-solar-verde-caucho-sms34113-04\/#primaryimage"},"image":{"@id":"https:\/\/swissmilitarywatches.ch\/es\/tienda\/swiss-military-cronografo-solar-verde-caucho-sms34113-04\/#primaryimage"},"thumbnailUrl":"https:\/\/swissmilitarywatches.ch\/wp-content\/uploads\/2025\/09\/SMS34113.04.png","datePublished":"2025-09-01T05:47:44+00:00","dateModified":"2026-02-16T13:08:56+00:00","description":"Swiss Military Cron\u00f3grafo Solar SMS34113.04 funciona con luz sin cambio de bater\u00eda. Esfera verde, caja de acero, correa de caucho, Swiss Made, 5 a\u00f1os de garant\u00eda.","breadcrumb":{"@id":"https:\/\/swissmilitarywatches.ch\/es\/tienda\/swiss-military-cronografo-solar-verde-caucho-sms34113-04\/#breadcrumb"},"inLanguage":"es","potentialAction":[{"@type":"ReadAction","target":["https:\/\/swissmilitarywatches.ch\/es\/tienda\/swiss-military-cronografo-solar-verde-caucho-sms34113-04\/"]}]},{"@type":"ImageObject","inLanguage":"es","@id":"https:\/\/swissmilitarywatches.ch\/es\/tienda\/swiss-military-cronografo-solar-verde-caucho-sms34113-04\/#primaryimage","url":"https:\/\/swissmilitarywatches.ch\/wp-content\/uploads\/2025\/09\/SMS34113.04.png","contentUrl":"https:\/\/swissmilitarywatches.ch\/wp-content\/uploads\/2025\/09\/SMS34113.04.png","width":1300,"height":1642,"caption":"Cron\u00f3grafo solar militar suizo SMS34113.04 que funciona con luz, sin necesidad de cambiar la pila. Con esfera verde y correa de caucho."},{"@type":"BreadcrumbList","@id":"https:\/\/swissmilitarywatches.ch\/es\/tienda\/swiss-military-cronografo-solar-verde-caucho-sms34113-04\/#breadcrumb","itemListElement":[{"@type":"ListItem","position":1,"name":"Home","item":"https:\/\/swissmilitarywatches.ch\/es\/pagina-principal-2\/"},{"@type":"ListItem","position":2,"name":"Tienda","item":"https:\/\/swissmilitarywatches.ch\/es\/tienda\/"},{"@type":"ListItem","position":3,"name":"Todos los relojes","item":"https:\/\/swissmilitarywatches.ch\/es\/categoria-de-producto\/todos-los-relojes-es\/"},{"@type":"ListItem","position":4,"name":"Swiss Military Cron\u00f3grafo Solar \u2013 Verde, Caucho | SMS34113.04"}]},{"@type":"WebSite","@id":"https:\/\/swissmilitarywatches.ch\/es\/#website","url":"https:\/\/swissmilitarywatches.ch\/es\/","name":"Swiss Military by Chrono","description":"Official Licensed Product of the Swiss Confederation","publisher":{"@id":"https:\/\/swissmilitarywatches.ch\/es\/#organization"},"potentialAction":[{"@type":"SearchAction","target":{"@type":"EntryPoint","urlTemplate":"https:\/\/swissmilitarywatches.ch\/es\/?s={search_term_string}"},"query-input":{"@type":"PropertyValueSpecification","valueRequired":true,"valueName":"search_term_string"}}],"inLanguage":"es"},{"@type":"Organization","@id":"https:\/\/swissmilitarywatches.ch\/es\/#organization","name":"Swiss Military by Chrono","url":"https:\/\/swissmilitarywatches.ch\/es\/","logo":{"@type":"ImageObject","inLanguage":"es","@id":"https:\/\/swissmilitarywatches.ch\/es\/#\/schema\/logo\/image\/","url":"https:\/\/swissmilitarywatches.ch\/wp-content\/uploads\/2020\/04\/cropped-SM_logo_512x512px.jpg","contentUrl":"https:\/\/swissmilitarywatches.ch\/wp-content\/uploads\/2020\/04\/cropped-SM_logo_512x512px.jpg","width":512,"height":512,"caption":"Swiss Military by Chrono"},"image":{"@id":"https:\/\/swissmilitarywatches.ch\/es\/#\/schema\/logo\/image\/"},"sameAs":["https:\/\/m.facebook.com\/swissmilitarybychronoofficial\/","https:\/\/www.instagram.com\/swissmilitarybychrono\/","https:\/\/www.pinterest.ch\/swissmilitarybychrono\/"]}]},"product_price_amount":"529.00","product_price_currency":"EUR","og_availability":"instock","product_availability":"instock","product_retailer_item_id":"SMS34113.04","product_condition":"new"},"jetpack_sharing_enabled":true,"_links":{"self":[{"href":"https:\/\/swissmilitarywatches.ch\/es\/wp-json\/wp\/v2\/product\/22439","targetHints":{"allow":["GET"]}}],"collection":[{"href":"https:\/\/swissmilitarywatches.ch\/es\/wp-json\/wp\/v2\/product"}],"about":[{"href":"https:\/\/swissmilitarywatches.ch\/es\/wp-json\/wp\/v2\/types\/product"}],"replies":[{"embeddable":true,"href":"https:\/\/swissmilitarywatches.ch\/es\/wp-json\/wp\/v2\/comments?post=22439"}],"wp:featuredmedia":[{"embeddable":true,"href":"https:\/\/swissmilitarywatches.ch\/es\/wp-json\/wp\/v2\/media\/22276"}],"wp:attachment":[{"href":"https:\/\/swissmilitarywatches.ch\/es\/wp-json\/wp\/v2\/media?parent=22439"}],"wp:term":[{"taxonomy":"product_brand","embeddable":true,"href":"https:\/\/swissmilitarywatches.ch\/es\/wp-json\/wp\/v2\/product_brand?post=22439"},{"taxonomy":"product_cat","embeddable":true,"href":"https:\/\/swissmilitarywatches.ch\/es\/wp-json\/wp\/v2\/product_cat?post=22439"},{"taxonomy":"product_tag","embeddable":true,"href":"https:\/\/swissmilitarywatches.ch\/es\/wp-json\/wp\/v2\/product_tag?post=22439"}],"curies":[{"name":"wp","href":"https:\/\/api.w.org\/{rel}","templated":true}]}}