{"id":22438,"date":"2025-09-01T07:47:44","date_gmt":"2025-09-01T05:47:44","guid":{"rendered":"https:\/\/swissmilitarywatches.ch\/?post_type=product&#038;p=22438"},"modified":"2026-02-16T15:08:54","modified_gmt":"2026-02-16T13:08:54","slug":"swiss-military-cronografo-solar-azul-caucho-sms34113-03","status":"publish","type":"product","link":"https:\/\/swissmilitarywatches.ch\/es\/tienda\/swiss-military-cronografo-solar-azul-caucho-sms34113-03\/","title":{"rendered":"Swiss Military Cron\u00f3grafo Solar \u2013 Azul, Caucho | SMS34113.03"},"content":{"rendered":"<p data-start=\"2387\" data-end=\"2790\"><strong data-start=\"2387\" data-end=\"2462\">Swiss Military Cron\u00f3grafo Solar \u2013 Sin cambio de bater\u00eda, funciona con luz<\/strong><\/p>\n<p data-start=\"219\" data-end=\"628\">El Swiss Military SMS34113.03 es un Swiss Military Cron\u00f3grafo Solar que elimina la necesidad de cambiar bater\u00edas. Funciona completamente con luz, se recarga autom\u00e1ticamente y ofrece un rendimiento continuo sin reemplazos. Con su llamativa esfera azul Sunray, agujas luminiscentes y ligera correa de caucho, este cron\u00f3grafo solar suizo est\u00e1 dise\u00f1ado para la comodidad deportiva y un estilo de vida activo.  <\/p>\n<p data-start=\"630\" data-end=\"974\">La caja de acero inoxidable de 42 mm combinada con una resistente correa de caucho azul crea un aspecto moderno y din\u00e1mico. Adem\u00e1s, el cristal de zafiro resistente a los ara\u00f1azos protege la esfera, mientras que el bisel giratorio unidireccional subraya su car\u00e1cter aventurero. Asimismo, la intensa esfera azul garantiza una excelente legibilidad en cualquier situaci\u00f3n.  <\/p>\n<p data-start=\"976\" data-end=\"1311\">En su interior, este reloj solar Swiss Military utiliza tecnolog\u00eda solar avanzada. Una c\u00e9lula solar bajo la esfera capta la luz natural y artificial, cargando una bater\u00eda recargable que funciona hasta 5 meses, incluso en completa oscuridad. Como resultado, disfrutas de un rendimiento fiable y ecol\u00f3gico sin necesidad de cambiar nunca la bater\u00eda.  <\/p>\n<p data-start=\"1313\" data-end=\"1671\">Gracias al sistema de correas intercambiables, puedes cambiar f\u00e1cilmente entre la correa de caucho y una pulsera de acero inoxidable. De este modo, este cron\u00f3grafo Swiss Military se adapta sin esfuerzo tanto a un estilo deportivo como a uno casual. Con una resistencia al agua de hasta 100 m, este cron\u00f3grafo Swiss Military para hombre es el compa\u00f1ero perfecto para las aventuras diarias.  <\/p>\n<p data-start=\"3686\" data-end=\"3705\"><strong data-start=\"3686\" data-end=\"3703\">Caracter\u00edsticas clave:<\/strong><\/p>\n<ul data-start=\"3706\" data-end=\"4118\">\n<li data-start=\"3706\" data-end=\"3761\">\n<p data-start=\"3708\" data-end=\"3761\">Esfera azul Sunray con agujas y marcadores horarios luminiscentes<\/p>\n<\/li>\n<li data-start=\"3762\" data-end=\"3820\">\n<p data-start=\"3764\" data-end=\"3820\"><span style=\"color: #333333;\">Caja de acero inoxidable de \u2300 42 mm<\/span><\/p>\n<\/li>\n<li data-start=\"3821\" data-end=\"3859\">\n<p data-start=\"3823\" data-end=\"3859\">Cristal de zafiro resistente a los ara\u00f1azos<\/p>\n<\/li>\n<li data-start=\"3860\" data-end=\"3893\">\n<p data-start=\"3862\" data-end=\"3893\">Bisel giratorio unidireccional<\/p>\n<\/li>\n<li data-start=\"3894\" data-end=\"3938\">\n<p data-start=\"3896\" data-end=\"3938\">Movimiento de cron\u00f3grafo solar suizo<\/p>\n<\/li>\n<li data-start=\"3939\" data-end=\"3971\">\n<p data-start=\"3941\" data-end=\"3971\">Reserva de energ\u00eda de hasta 5 meses<\/p>\n<\/li>\n<li data-start=\"3972\" data-end=\"3998\">\n<p data-start=\"3974\" data-end=\"3998\">Resistencia al agua hasta 100 m<\/p>\n<\/li>\n<li data-start=\"3999\" data-end=\"4048\">\n<p data-start=\"4001\" data-end=\"4048\">Swiss Made y ensamblado a mano.<\/p>\n<\/li>\n<li data-start=\"4081\" data-end=\"4118\">\n<p data-start=\"4083\" data-end=\"4118\">Garant\u00eda internacional de 5 a\u00f1os.<\/p>\n<\/li>\n<\/ul>\n","protected":false},"excerpt":{"rendered":"<h3 class=\"ai-optimize-29 ai-optimize-introduction\" data-start=\"205\" data-end=\"247\"><strong data-start=\"205\" data-end=\"245\">Sin cambio de bater\u00eda \u2013 Alimentado por la luz<\/strong><\/h3>\n<ul>\n<li class=\"ai-optimize-29 ai-optimize-introduction\" data-start=\"205\" data-end=\"247\">Movimiento de cron\u00f3grafo solar Swiss Made<\/li>\n<li class=\"ai-optimize-29 ai-optimize-introduction\" data-start=\"205\" data-end=\"247\">Esfera azul con efecto rayos de sol, agujas e \u00edndices luminiscentes<\/li>\n<li class=\"ai-optimize-29 ai-optimize-introduction\" data-start=\"205\" data-end=\"247\">Caja de acero inoxidable y correa de caucho azul con sistema Easy-Click de cambio r\u00e1pido<\/li>\n<li class=\"ai-optimize-29 ai-optimize-introduction\" data-start=\"205\" data-end=\"247\">Cristal de zafiro resistente a los ara\u00f1azos<\/li>\n<li class=\"ai-optimize-29 ai-optimize-introduction\" data-start=\"205\" data-end=\"247\">Resistencia al agua hasta 100 m<\/li>\n<li class=\"ai-optimize-29 ai-optimize-introduction\" data-start=\"205\" data-end=\"247\">5 a\u00f1os de garant\u00eda internacional<\/li>\n<\/ul>\n<p>&nbsp;<\/p>\n","protected":false},"featured_media":22271,"comment_status":"open","ping_status":"closed","template":"","meta":[],"product_brand":[],"product_cat":[3071,1813,1816,1823,2130,1877],"product_tag":[],"class_list":{"0":"post-22438","1":"product","2":"type-product","3":"status-publish","4":"has-post-thumbnail","6":"product_cat-swiss-military-cronografos-solares-sms34113","7":"product_cat-todos-los-relojes-es","8":"product_cat-relojes-hombre-es","9":"product_cat-cronografo","10":"product_cat-relojes-con-funciones-especiales","11":"product_cat-energia-solar","12":"product_shipping_class-envio-flexible-es","14":"first","15":"instock","16":"taxable","17":"shipping-taxable","18":"purchasable","19":"product-type-simple"},"yoast_head":"<!-- This site is optimized with the Yoast SEO Premium plugin v26.6 (Yoast SEO v26.6) - https:\/\/yoast.com\/wordpress\/plugins\/seo\/ -->\n<title>Swiss Military Cron\u00f3grafo Solar \u2013 Azul, Caucho | SMS34113.03<\/title>\n<meta name=\"description\" content=\"Swiss Military Cron\u00f3grafo Solar SMS34113.03 funciona con luz sin cambio de bater\u00eda. Esfera azul, caja de acero, correa de caucho, Swiss Made, 5 a\u00f1os de garant\u00eda.\" \/>\n<meta name=\"robots\" content=\"index, follow, max-snippet:-1, max-image-preview:large, max-video-preview:-1\" \/>\n<link rel=\"canonical\" href=\"https:\/\/swissmilitarywatches.ch\/es\/tienda\/swiss-military-cronografo-solar-azul-caucho-sms34113-03\/\" \/>\n<meta property=\"og:locale\" content=\"es_ES\" \/>\n<meta property=\"og:type\" content=\"article\" \/>\n<meta property=\"og:title\" content=\"Swiss Military Cron\u00f3grafo Solar \u2013 Azul, Caucho | SMS34113.03\" \/>\n<meta property=\"og:description\" content=\"Swiss Military Cron\u00f3grafo Solar SMS34113.03 funciona con luz sin cambio de bater\u00eda. Esfera azul, caja de acero, correa de caucho, Swiss Made, 5 a\u00f1os de garant\u00eda.\" \/>\n<meta property=\"og:url\" content=\"https:\/\/swissmilitarywatches.ch\/es\/tienda\/swiss-military-cronografo-solar-azul-caucho-sms34113-03\/\" \/>\n<meta property=\"og:site_name\" content=\"Swiss Military by Chrono\" \/>\n<meta property=\"article:publisher\" content=\"https:\/\/m.facebook.com\/swissmilitarybychronoofficial\/\" \/>\n<meta property=\"article:modified_time\" content=\"2026-02-16T13:08:54+00:00\" \/>\n<meta property=\"og:image\" content=\"https:\/\/swissmilitarywatches.ch\/wp-content\/uploads\/2025\/09\/SMS34113.03.png\" \/>\n\t<meta property=\"og:image:width\" content=\"1300\" \/>\n\t<meta property=\"og:image:height\" content=\"1642\" \/>\n\t<meta property=\"og:image:type\" content=\"image\/png\" \/>\n<meta name=\"twitter:card\" content=\"summary_large_image\" \/>\n<meta name=\"twitter:label1\" content=\"Precio\" \/>\n\t<meta name=\"twitter:data1\" content=\"&euro;529.00 con IVA\" \/>\n\t<meta name=\"twitter:label2\" content=\"Disponibilidad\" \/>\n\t<meta name=\"twitter:data2\" content=\"Disponible\" \/>\n<script type=\"application\/ld+json\" class=\"yoast-schema-graph\">{\"@context\":\"https:\/\/schema.org\",\"@graph\":[{\"@type\":\"WebPage\",\"@id\":\"https:\/\/swissmilitarywatches.ch\/es\/tienda\/swiss-military-cronografo-solar-azul-caucho-sms34113-03\/\",\"url\":\"https:\/\/swissmilitarywatches.ch\/es\/tienda\/swiss-military-cronografo-solar-azul-caucho-sms34113-03\/\",\"name\":\"Swiss Military Cron\u00f3grafo Solar \u2013 Azul, Caucho | SMS34113.03\",\"isPartOf\":{\"@id\":\"https:\/\/swissmilitarywatches.ch\/es\/#website\"},\"primaryImageOfPage\":{\"@id\":\"https:\/\/swissmilitarywatches.ch\/es\/tienda\/swiss-military-cronografo-solar-azul-caucho-sms34113-03\/#primaryimage\"},\"image\":{\"@id\":\"https:\/\/swissmilitarywatches.ch\/es\/tienda\/swiss-military-cronografo-solar-azul-caucho-sms34113-03\/#primaryimage\"},\"thumbnailUrl\":\"https:\/\/swissmilitarywatches.ch\/wp-content\/uploads\/2025\/09\/SMS34113.03.png\",\"datePublished\":\"2025-09-01T05:47:44+00:00\",\"dateModified\":\"2026-02-16T13:08:54+00:00\",\"description\":\"Swiss Military Cron\u00f3grafo Solar SMS34113.03 funciona con luz sin cambio de bater\u00eda. Esfera azul, caja de acero, correa de caucho, Swiss Made, 5 a\u00f1os de garant\u00eda.\",\"breadcrumb\":{\"@id\":\"https:\/\/swissmilitarywatches.ch\/es\/tienda\/swiss-military-cronografo-solar-azul-caucho-sms34113-03\/#breadcrumb\"},\"inLanguage\":\"es\",\"potentialAction\":[{\"@type\":\"ReadAction\",\"target\":[\"https:\/\/swissmilitarywatches.ch\/es\/tienda\/swiss-military-cronografo-solar-azul-caucho-sms34113-03\/\"]}]},{\"@type\":\"ImageObject\",\"inLanguage\":\"es\",\"@id\":\"https:\/\/swissmilitarywatches.ch\/es\/tienda\/swiss-military-cronografo-solar-azul-caucho-sms34113-03\/#primaryimage\",\"url\":\"https:\/\/swissmilitarywatches.ch\/wp-content\/uploads\/2025\/09\/SMS34113.03.png\",\"contentUrl\":\"https:\/\/swissmilitarywatches.ch\/wp-content\/uploads\/2025\/09\/SMS34113.03.png\",\"width\":1300,\"height\":1642,\"caption\":\"Cron\u00f3grafo Solar Militar Suizo SMS34113.03 alimentado por luz, no necesita cambio de pila. Con esfera azul y correa de caucho.\"},{\"@type\":\"BreadcrumbList\",\"@id\":\"https:\/\/swissmilitarywatches.ch\/es\/tienda\/swiss-military-cronografo-solar-azul-caucho-sms34113-03\/#breadcrumb\",\"itemListElement\":[{\"@type\":\"ListItem\",\"position\":1,\"name\":\"Home\",\"item\":\"https:\/\/swissmilitarywatches.ch\/es\/pagina-principal-2\/\"},{\"@type\":\"ListItem\",\"position\":2,\"name\":\"Tienda\",\"item\":\"https:\/\/swissmilitarywatches.ch\/es\/tienda\/\"},{\"@type\":\"ListItem\",\"position\":3,\"name\":\"Todos los relojes\",\"item\":\"https:\/\/swissmilitarywatches.ch\/es\/categoria-de-producto\/todos-los-relojes-es\/\"},{\"@type\":\"ListItem\",\"position\":4,\"name\":\"Swiss Military Cron\u00f3grafo Solar \u2013 Azul, Caucho | SMS34113.03\"}]},{\"@type\":\"WebSite\",\"@id\":\"https:\/\/swissmilitarywatches.ch\/es\/#website\",\"url\":\"https:\/\/swissmilitarywatches.ch\/es\/\",\"name\":\"Swiss Military by Chrono\",\"description\":\"Official Licensed Product of the Swiss Confederation\",\"publisher\":{\"@id\":\"https:\/\/swissmilitarywatches.ch\/es\/#organization\"},\"potentialAction\":[{\"@type\":\"SearchAction\",\"target\":{\"@type\":\"EntryPoint\",\"urlTemplate\":\"https:\/\/swissmilitarywatches.ch\/es\/?s={search_term_string}\"},\"query-input\":{\"@type\":\"PropertyValueSpecification\",\"valueRequired\":true,\"valueName\":\"search_term_string\"}}],\"inLanguage\":\"es\"},{\"@type\":\"Organization\",\"@id\":\"https:\/\/swissmilitarywatches.ch\/es\/#organization\",\"name\":\"Swiss Military by Chrono\",\"url\":\"https:\/\/swissmilitarywatches.ch\/es\/\",\"logo\":{\"@type\":\"ImageObject\",\"inLanguage\":\"es\",\"@id\":\"https:\/\/swissmilitarywatches.ch\/es\/#\/schema\/logo\/image\/\",\"url\":\"https:\/\/swissmilitarywatches.ch\/wp-content\/uploads\/2020\/04\/cropped-SM_logo_512x512px.jpg\",\"contentUrl\":\"https:\/\/swissmilitarywatches.ch\/wp-content\/uploads\/2020\/04\/cropped-SM_logo_512x512px.jpg\",\"width\":512,\"height\":512,\"caption\":\"Swiss Military by Chrono\"},\"image\":{\"@id\":\"https:\/\/swissmilitarywatches.ch\/es\/#\/schema\/logo\/image\/\"},\"sameAs\":[\"https:\/\/m.facebook.com\/swissmilitarybychronoofficial\/\",\"https:\/\/www.instagram.com\/swissmilitarybychrono\/\",\"https:\/\/www.pinterest.ch\/swissmilitarybychrono\/\"]}]}<\/script>\n<meta property=\"product:price:amount\" content=\"529.00\" \/>\n<meta property=\"product:price:currency\" content=\"EUR\" \/>\n<meta property=\"og:availability\" content=\"instock\" \/>\n<meta property=\"product:availability\" content=\"instock\" \/>\n<meta property=\"product:retailer_item_id\" content=\"SMS34113.03\" \/>\n<meta property=\"product:condition\" content=\"new\" \/>\n<!-- \/ Yoast SEO Premium plugin. -->","yoast_head_json":{"title":"Swiss Military Cron\u00f3grafo Solar \u2013 Azul, Caucho | SMS34113.03","description":"Swiss Military Cron\u00f3grafo Solar SMS34113.03 funciona con luz sin cambio de bater\u00eda. Esfera azul, caja de acero, correa de caucho, Swiss Made, 5 a\u00f1os de garant\u00eda.","robots":{"index":"index","follow":"follow","max-snippet":"max-snippet:-1","max-image-preview":"max-image-preview:large","max-video-preview":"max-video-preview:-1"},"canonical":"https:\/\/swissmilitarywatches.ch\/es\/tienda\/swiss-military-cronografo-solar-azul-caucho-sms34113-03\/","og_locale":"es_ES","og_type":"article","og_title":"Swiss Military Cron\u00f3grafo Solar \u2013 Azul, Caucho | SMS34113.03","og_description":"Swiss Military Cron\u00f3grafo Solar SMS34113.03 funciona con luz sin cambio de bater\u00eda. Esfera azul, caja de acero, correa de caucho, Swiss Made, 5 a\u00f1os de garant\u00eda.","og_url":"https:\/\/swissmilitarywatches.ch\/es\/tienda\/swiss-military-cronografo-solar-azul-caucho-sms34113-03\/","og_site_name":"Swiss Military by Chrono","article_publisher":"https:\/\/m.facebook.com\/swissmilitarybychronoofficial\/","article_modified_time":"2026-02-16T13:08:54+00:00","og_image":[{"width":1300,"height":1642,"url":"https:\/\/swissmilitarywatches.ch\/wp-content\/uploads\/2025\/09\/SMS34113.03.png","type":"image\/png"}],"twitter_card":"summary_large_image","twitter_misc":{"Precio":"&euro;529.00 con IVA","Disponibilidad":"Disponible"},"schema":{"@context":"https:\/\/schema.org","@graph":[{"@type":"WebPage","@id":"https:\/\/swissmilitarywatches.ch\/es\/tienda\/swiss-military-cronografo-solar-azul-caucho-sms34113-03\/","url":"https:\/\/swissmilitarywatches.ch\/es\/tienda\/swiss-military-cronografo-solar-azul-caucho-sms34113-03\/","name":"Swiss Military Cron\u00f3grafo Solar \u2013 Azul, Caucho | SMS34113.03","isPartOf":{"@id":"https:\/\/swissmilitarywatches.ch\/es\/#website"},"primaryImageOfPage":{"@id":"https:\/\/swissmilitarywatches.ch\/es\/tienda\/swiss-military-cronografo-solar-azul-caucho-sms34113-03\/#primaryimage"},"image":{"@id":"https:\/\/swissmilitarywatches.ch\/es\/tienda\/swiss-military-cronografo-solar-azul-caucho-sms34113-03\/#primaryimage"},"thumbnailUrl":"https:\/\/swissmilitarywatches.ch\/wp-content\/uploads\/2025\/09\/SMS34113.03.png","datePublished":"2025-09-01T05:47:44+00:00","dateModified":"2026-02-16T13:08:54+00:00","description":"Swiss Military Cron\u00f3grafo Solar SMS34113.03 funciona con luz sin cambio de bater\u00eda. Esfera azul, caja de acero, correa de caucho, Swiss Made, 5 a\u00f1os de garant\u00eda.","breadcrumb":{"@id":"https:\/\/swissmilitarywatches.ch\/es\/tienda\/swiss-military-cronografo-solar-azul-caucho-sms34113-03\/#breadcrumb"},"inLanguage":"es","potentialAction":[{"@type":"ReadAction","target":["https:\/\/swissmilitarywatches.ch\/es\/tienda\/swiss-military-cronografo-solar-azul-caucho-sms34113-03\/"]}]},{"@type":"ImageObject","inLanguage":"es","@id":"https:\/\/swissmilitarywatches.ch\/es\/tienda\/swiss-military-cronografo-solar-azul-caucho-sms34113-03\/#primaryimage","url":"https:\/\/swissmilitarywatches.ch\/wp-content\/uploads\/2025\/09\/SMS34113.03.png","contentUrl":"https:\/\/swissmilitarywatches.ch\/wp-content\/uploads\/2025\/09\/SMS34113.03.png","width":1300,"height":1642,"caption":"Cron\u00f3grafo Solar Militar Suizo SMS34113.03 alimentado por luz, no necesita cambio de pila. Con esfera azul y correa de caucho."},{"@type":"BreadcrumbList","@id":"https:\/\/swissmilitarywatches.ch\/es\/tienda\/swiss-military-cronografo-solar-azul-caucho-sms34113-03\/#breadcrumb","itemListElement":[{"@type":"ListItem","position":1,"name":"Home","item":"https:\/\/swissmilitarywatches.ch\/es\/pagina-principal-2\/"},{"@type":"ListItem","position":2,"name":"Tienda","item":"https:\/\/swissmilitarywatches.ch\/es\/tienda\/"},{"@type":"ListItem","position":3,"name":"Todos los relojes","item":"https:\/\/swissmilitarywatches.ch\/es\/categoria-de-producto\/todos-los-relojes-es\/"},{"@type":"ListItem","position":4,"name":"Swiss Military Cron\u00f3grafo Solar \u2013 Azul, Caucho | SMS34113.03"}]},{"@type":"WebSite","@id":"https:\/\/swissmilitarywatches.ch\/es\/#website","url":"https:\/\/swissmilitarywatches.ch\/es\/","name":"Swiss Military by Chrono","description":"Official Licensed Product of the Swiss Confederation","publisher":{"@id":"https:\/\/swissmilitarywatches.ch\/es\/#organization"},"potentialAction":[{"@type":"SearchAction","target":{"@type":"EntryPoint","urlTemplate":"https:\/\/swissmilitarywatches.ch\/es\/?s={search_term_string}"},"query-input":{"@type":"PropertyValueSpecification","valueRequired":true,"valueName":"search_term_string"}}],"inLanguage":"es"},{"@type":"Organization","@id":"https:\/\/swissmilitarywatches.ch\/es\/#organization","name":"Swiss Military by Chrono","url":"https:\/\/swissmilitarywatches.ch\/es\/","logo":{"@type":"ImageObject","inLanguage":"es","@id":"https:\/\/swissmilitarywatches.ch\/es\/#\/schema\/logo\/image\/","url":"https:\/\/swissmilitarywatches.ch\/wp-content\/uploads\/2020\/04\/cropped-SM_logo_512x512px.jpg","contentUrl":"https:\/\/swissmilitarywatches.ch\/wp-content\/uploads\/2020\/04\/cropped-SM_logo_512x512px.jpg","width":512,"height":512,"caption":"Swiss Military by Chrono"},"image":{"@id":"https:\/\/swissmilitarywatches.ch\/es\/#\/schema\/logo\/image\/"},"sameAs":["https:\/\/m.facebook.com\/swissmilitarybychronoofficial\/","https:\/\/www.instagram.com\/swissmilitarybychrono\/","https:\/\/www.pinterest.ch\/swissmilitarybychrono\/"]}]},"product_price_amount":"529.00","product_price_currency":"EUR","og_availability":"instock","product_availability":"instock","product_retailer_item_id":"SMS34113.03","product_condition":"new"},"jetpack_sharing_enabled":true,"_links":{"self":[{"href":"https:\/\/swissmilitarywatches.ch\/es\/wp-json\/wp\/v2\/product\/22438","targetHints":{"allow":["GET"]}}],"collection":[{"href":"https:\/\/swissmilitarywatches.ch\/es\/wp-json\/wp\/v2\/product"}],"about":[{"href":"https:\/\/swissmilitarywatches.ch\/es\/wp-json\/wp\/v2\/types\/product"}],"replies":[{"embeddable":true,"href":"https:\/\/swissmilitarywatches.ch\/es\/wp-json\/wp\/v2\/comments?post=22438"}],"wp:featuredmedia":[{"embeddable":true,"href":"https:\/\/swissmilitarywatches.ch\/es\/wp-json\/wp\/v2\/media\/22271"}],"wp:attachment":[{"href":"https:\/\/swissmilitarywatches.ch\/es\/wp-json\/wp\/v2\/media?parent=22438"}],"wp:term":[{"taxonomy":"product_brand","embeddable":true,"href":"https:\/\/swissmilitarywatches.ch\/es\/wp-json\/wp\/v2\/product_brand?post=22438"},{"taxonomy":"product_cat","embeddable":true,"href":"https:\/\/swissmilitarywatches.ch\/es\/wp-json\/wp\/v2\/product_cat?post=22438"},{"taxonomy":"product_tag","embeddable":true,"href":"https:\/\/swissmilitarywatches.ch\/es\/wp-json\/wp\/v2\/product_tag?post=22438"}],"curies":[{"name":"wp","href":"https:\/\/api.w.org\/{rel}","templated":true}]}}