{"id":22436,"date":"2025-09-01T07:47:45","date_gmt":"2025-09-01T05:47:45","guid":{"rendered":"https:\/\/swissmilitarywatches.ch\/?post_type=product&#038;p=22436"},"modified":"2026-02-16T15:10:37","modified_gmt":"2026-02-16T13:10:37","slug":"swiss-military-cronografo-solar-negro-acero-sms34113-01","status":"publish","type":"product","link":"https:\/\/swissmilitarywatches.ch\/es\/tienda\/swiss-military-cronografo-solar-negro-acero-sms34113-01\/","title":{"rendered":"Swiss Military Cron\u00f3grafo Solar \u2013 Negro, Acero | SMS34113.01"},"content":{"rendered":"<p data-start=\"388\" data-end=\"797\"><strong data-start=\"388\" data-end=\"464\">Swiss Military Cron\u00f3grafo Solar \u2013 Sin cambio de bater\u00eda, funciona con luz<\/strong><\/p>\n<p data-start=\"533\" data-end=\"890\">El Swiss Military SMS34113.01 es un Swiss Military Cron\u00f3grafo Solar que elimina la necesidad de cambiar bater\u00edas. Funciona completamente con luz y ofrece un rendimiento continuo sin reemplazos. Con una esfera negra Sunray, agujas y marcadores luminiscentes, este cron\u00f3grafo solar suizo garantiza una excelente legibilidad y un estilo atemporal.  <\/p>\n<p data-start=\"892\" data-end=\"1247\">La caja de acero inoxidable de 42 mm y la pulsera a juego ofrecen durabilidad con un aspecto refinado. Adem\u00e1s, el cristal de zafiro resistente a los ara\u00f1azos protege la esfera, mientras que el bisel giratorio unidireccional resalta su dise\u00f1o deportivo. Asimismo, la combinaci\u00f3n de esfera negra y acero convierte a este reloj en una pieza vers\u00e1til, ideal tanto para entornos de negocios como para un estilo casual.  <\/p>\n<p data-start=\"1249\" data-end=\"1560\">En su interior, este reloj solar Swiss Military convierte la luz natural y artificial en energ\u00eda. Una c\u00e9lula solar bajo la esfera alimenta una bater\u00eda recargable que funciona hasta 5 meses, incluso en la oscuridad. Como resultado, el reloj garantiza un rendimiento ecol\u00f3gico y fiable, sin necesidad de cambiar nunca la bater\u00eda.  <\/p>\n<p data-start=\"1562\" data-end=\"1891\">Gracias al sistema de correas intercambiables, puedes cambiar entre la pulsera de acero y una correa de caucho deportiva. De este modo, este cron\u00f3grafo Swiss Military se adapta perfectamente a tu estilo de vida. Con una resistencia al agua de 100 m, este cron\u00f3grafo Swiss Military para hombre est\u00e1 dise\u00f1ado tanto para el uso diario como para la aventura.  <\/p>\n<p data-start=\"1893\" data-end=\"1912\"><strong data-start=\"1893\" data-end=\"1910\">Caracter\u00edsticas clave:<\/strong><\/p>\n<ul data-start=\"1913\" data-end=\"2376\">\n<li data-start=\"1913\" data-end=\"1969\">\n<p data-start=\"1915\" data-end=\"1969\">Esfera negra Sunray con agujas y marcadores horarios luminiscentes<\/p>\n<\/li>\n<li data-start=\"1913\" data-end=\"1969\">\n<p data-start=\"1915\" data-end=\"1969\">Caja de acero inoxidable de \u2300 42 mm<\/p>\n<\/li>\n<li data-start=\"1913\" data-end=\"1969\">\n<p data-start=\"1915\" data-end=\"1969\">Pulsera de acero inoxidable<\/p>\n<\/li>\n<li data-start=\"1913\" data-end=\"1969\">\n<p data-start=\"1915\" data-end=\"1969\">Cristal de zafiro resistente a los ara\u00f1azos<\/p>\n<\/li>\n<li data-start=\"2118\" data-end=\"2151\">\n<p data-start=\"2120\" data-end=\"2151\">Bisel giratorio unidireccional<\/p>\n<\/li>\n<li data-start=\"2152\" data-end=\"2196\">\n<p data-start=\"2154\" data-end=\"2196\">Movimiento de cron\u00f3grafo solar suizo<\/p>\n<\/li>\n<li data-start=\"2197\" data-end=\"2229\">\n<p data-start=\"2199\" data-end=\"2229\">Reserva de energ\u00eda de hasta 5 meses<\/p>\n<\/li>\n<li data-start=\"2230\" data-end=\"2256\">\n<p data-start=\"2232\" data-end=\"2256\">Resistencia al agua hasta 100 m<\/p>\n<\/li>\n<li data-start=\"2307\" data-end=\"2338\">\n<p data-start=\"2309\" data-end=\"2338\">Swiss Made y ensamblado a mano.<\/p>\n<\/li>\n<li data-start=\"2307\" data-end=\"2338\">Garant\u00eda internacional de 5 a\u00f1os.<\/li>\n<\/ul>\n","protected":false},"excerpt":{"rendered":"<h3 class=\"ai-optimize-29 ai-optimize-introduction\" data-start=\"229\" data-end=\"271\"><strong data-start=\"229\" data-end=\"269\">Sin cambio de bater\u00eda \u2013 Alimentado por la luz<\/strong><\/h3>\n<ul data-start=\"272\" data-end=\"494\">\n<li class=\"ai-optimize-30\" data-start=\"272\" data-end=\"313\">\n<p class=\"ai-optimize-31\" data-start=\"274\" data-end=\"313\">Movimiento de cron\u00f3grafo solar Swiss Made<\/p>\n<\/li>\n<li class=\"ai-optimize-30\" data-start=\"272\" data-end=\"313\">\n<p class=\"ai-optimize-31\" data-start=\"274\" data-end=\"313\">Esfera negra con agujas e \u00edndices luminiscentes<\/p>\n<\/li>\n<li class=\"ai-optimize-30\" data-start=\"272\" data-end=\"313\">\n<p class=\"ai-optimize-31\" data-start=\"274\" data-end=\"313\">Caja y brazalete de acero inoxidable<\/p>\n<\/li>\n<li class=\"ai-optimize-30\" data-start=\"272\" data-end=\"313\">\n<p class=\"ai-optimize-31\" data-start=\"274\" data-end=\"313\">Cristal de zafiro resistente a los ara\u00f1azos<\/p>\n<\/li>\n<li class=\"ai-optimize-30\" data-start=\"272\" data-end=\"313\">\n<p class=\"ai-optimize-31\" data-start=\"274\" data-end=\"313\">Resistencia al agua hasta 100 m<\/p>\n<\/li>\n<li class=\"ai-optimize-30\" data-start=\"272\" data-end=\"313\">\n<p class=\"ai-optimize-31\" data-start=\"274\" data-end=\"313\">5 a\u00f1os de garant\u00eda internacional<\/p>\n<\/li>\n<\/ul>\n<p>&nbsp;<\/p>\n","protected":false},"featured_media":22251,"comment_status":"open","ping_status":"closed","template":"","meta":[],"product_brand":[],"product_cat":[3071,1813,1816,1823,2130,1877],"product_tag":[],"class_list":{"0":"post-22436","1":"product","2":"type-product","3":"status-publish","4":"has-post-thumbnail","6":"product_cat-swiss-military-cronografos-solares-sms34113","7":"product_cat-todos-los-relojes-es","8":"product_cat-relojes-hombre-es","9":"product_cat-cronografo","10":"product_cat-relojes-con-funciones-especiales","11":"product_cat-energia-solar","12":"product_shipping_class-envio-flexible-es","14":"first","15":"instock","16":"taxable","17":"shipping-taxable","18":"purchasable","19":"product-type-simple"},"yoast_head":"<!-- This site is optimized with the Yoast SEO Premium plugin v26.6 (Yoast SEO v26.6) - https:\/\/yoast.com\/wordpress\/plugins\/seo\/ -->\n<title>Swiss Military Cron\u00f3grafo Solar \u2013 Negro, Acero | SMS34113.01<\/title>\n<meta name=\"description\" content=\"Swiss Military Cron\u00f3grafo Solar SMS34113.01 funciona con luz sin cambio de bater\u00eda. Esfera negra, caja de acero inoxidable, Swiss Made, 5 a\u00f1os de garant\u00eda.\" \/>\n<meta name=\"robots\" content=\"index, follow, max-snippet:-1, max-image-preview:large, max-video-preview:-1\" \/>\n<link rel=\"canonical\" href=\"https:\/\/swissmilitarywatches.ch\/es\/tienda\/swiss-military-cronografo-solar-negro-acero-sms34113-01\/\" \/>\n<meta property=\"og:locale\" content=\"es_ES\" \/>\n<meta property=\"og:type\" content=\"article\" \/>\n<meta property=\"og:title\" content=\"Swiss Military Cron\u00f3grafo Solar \u2013 Negro, Acero | SMS34113.01\" \/>\n<meta property=\"og:description\" content=\"Swiss Military Cron\u00f3grafo Solar SMS34113.01 funciona con luz sin cambio de bater\u00eda. Esfera negra, caja de acero inoxidable, Swiss Made, 5 a\u00f1os de garant\u00eda.\" \/>\n<meta property=\"og:url\" content=\"https:\/\/swissmilitarywatches.ch\/es\/tienda\/swiss-military-cronografo-solar-negro-acero-sms34113-01\/\" \/>\n<meta property=\"og:site_name\" content=\"Swiss Military by Chrono\" \/>\n<meta property=\"article:publisher\" content=\"https:\/\/m.facebook.com\/swissmilitarybychronoofficial\/\" \/>\n<meta property=\"article:modified_time\" content=\"2026-02-16T13:10:37+00:00\" \/>\n<meta property=\"og:image\" content=\"https:\/\/swissmilitarywatches.ch\/wp-content\/uploads\/2025\/09\/SMS34113.01.png\" \/>\n\t<meta property=\"og:image:width\" content=\"1300\" \/>\n\t<meta property=\"og:image:height\" content=\"1642\" \/>\n\t<meta property=\"og:image:type\" content=\"image\/png\" \/>\n<meta name=\"twitter:card\" content=\"summary_large_image\" \/>\n<meta name=\"twitter:label1\" content=\"Precio\" \/>\n\t<meta name=\"twitter:data1\" content=\"&euro;549.00 con IVA\" \/>\n\t<meta name=\"twitter:label2\" content=\"Disponibilidad\" \/>\n\t<meta name=\"twitter:data2\" content=\"Disponible\" \/>\n<script type=\"application\/ld+json\" class=\"yoast-schema-graph\">{\"@context\":\"https:\/\/schema.org\",\"@graph\":[{\"@type\":\"WebPage\",\"@id\":\"https:\/\/swissmilitarywatches.ch\/es\/tienda\/swiss-military-cronografo-solar-negro-acero-sms34113-01\/\",\"url\":\"https:\/\/swissmilitarywatches.ch\/es\/tienda\/swiss-military-cronografo-solar-negro-acero-sms34113-01\/\",\"name\":\"Swiss Military Cron\u00f3grafo Solar \u2013 Negro, Acero | SMS34113.01\",\"isPartOf\":{\"@id\":\"https:\/\/swissmilitarywatches.ch\/es\/#website\"},\"primaryImageOfPage\":{\"@id\":\"https:\/\/swissmilitarywatches.ch\/es\/tienda\/swiss-military-cronografo-solar-negro-acero-sms34113-01\/#primaryimage\"},\"image\":{\"@id\":\"https:\/\/swissmilitarywatches.ch\/es\/tienda\/swiss-military-cronografo-solar-negro-acero-sms34113-01\/#primaryimage\"},\"thumbnailUrl\":\"https:\/\/swissmilitarywatches.ch\/wp-content\/uploads\/2025\/09\/SMS34113.01.png\",\"datePublished\":\"2025-09-01T05:47:45+00:00\",\"dateModified\":\"2026-02-16T13:10:37+00:00\",\"description\":\"Swiss Military Cron\u00f3grafo Solar SMS34113.01 funciona con luz sin cambio de bater\u00eda. Esfera negra, caja de acero inoxidable, Swiss Made, 5 a\u00f1os de garant\u00eda.\",\"breadcrumb\":{\"@id\":\"https:\/\/swissmilitarywatches.ch\/es\/tienda\/swiss-military-cronografo-solar-negro-acero-sms34113-01\/#breadcrumb\"},\"inLanguage\":\"es\",\"potentialAction\":[{\"@type\":\"ReadAction\",\"target\":[\"https:\/\/swissmilitarywatches.ch\/es\/tienda\/swiss-military-cronografo-solar-negro-acero-sms34113-01\/\"]}]},{\"@type\":\"ImageObject\",\"inLanguage\":\"es\",\"@id\":\"https:\/\/swissmilitarywatches.ch\/es\/tienda\/swiss-military-cronografo-solar-negro-acero-sms34113-01\/#primaryimage\",\"url\":\"https:\/\/swissmilitarywatches.ch\/wp-content\/uploads\/2025\/09\/SMS34113.01.png\",\"contentUrl\":\"https:\/\/swissmilitarywatches.ch\/wp-content\/uploads\/2025\/09\/SMS34113.01.png\",\"width\":1300,\"height\":1642,\"caption\":\"Cron\u00f3grafo solar militar suizo SMS34113.01 que funciona con luz, sin necesidad de cambiar la pila. Con esfera negra y brazalete de acero.\"},{\"@type\":\"BreadcrumbList\",\"@id\":\"https:\/\/swissmilitarywatches.ch\/es\/tienda\/swiss-military-cronografo-solar-negro-acero-sms34113-01\/#breadcrumb\",\"itemListElement\":[{\"@type\":\"ListItem\",\"position\":1,\"name\":\"Home\",\"item\":\"https:\/\/swissmilitarywatches.ch\/es\/pagina-principal-2\/\"},{\"@type\":\"ListItem\",\"position\":2,\"name\":\"Tienda\",\"item\":\"https:\/\/swissmilitarywatches.ch\/es\/tienda\/\"},{\"@type\":\"ListItem\",\"position\":3,\"name\":\"Todos los relojes\",\"item\":\"https:\/\/swissmilitarywatches.ch\/es\/categoria-de-producto\/todos-los-relojes-es\/\"},{\"@type\":\"ListItem\",\"position\":4,\"name\":\"Swiss Military Cron\u00f3grafo Solar \u2013 Negro, Acero | SMS34113.01\"}]},{\"@type\":\"WebSite\",\"@id\":\"https:\/\/swissmilitarywatches.ch\/es\/#website\",\"url\":\"https:\/\/swissmilitarywatches.ch\/es\/\",\"name\":\"Swiss Military by Chrono\",\"description\":\"Official Licensed Product of the Swiss Confederation\",\"publisher\":{\"@id\":\"https:\/\/swissmilitarywatches.ch\/es\/#organization\"},\"potentialAction\":[{\"@type\":\"SearchAction\",\"target\":{\"@type\":\"EntryPoint\",\"urlTemplate\":\"https:\/\/swissmilitarywatches.ch\/es\/?s={search_term_string}\"},\"query-input\":{\"@type\":\"PropertyValueSpecification\",\"valueRequired\":true,\"valueName\":\"search_term_string\"}}],\"inLanguage\":\"es\"},{\"@type\":\"Organization\",\"@id\":\"https:\/\/swissmilitarywatches.ch\/es\/#organization\",\"name\":\"Swiss Military by Chrono\",\"url\":\"https:\/\/swissmilitarywatches.ch\/es\/\",\"logo\":{\"@type\":\"ImageObject\",\"inLanguage\":\"es\",\"@id\":\"https:\/\/swissmilitarywatches.ch\/es\/#\/schema\/logo\/image\/\",\"url\":\"https:\/\/swissmilitarywatches.ch\/wp-content\/uploads\/2020\/04\/cropped-SM_logo_512x512px.jpg\",\"contentUrl\":\"https:\/\/swissmilitarywatches.ch\/wp-content\/uploads\/2020\/04\/cropped-SM_logo_512x512px.jpg\",\"width\":512,\"height\":512,\"caption\":\"Swiss Military by Chrono\"},\"image\":{\"@id\":\"https:\/\/swissmilitarywatches.ch\/es\/#\/schema\/logo\/image\/\"},\"sameAs\":[\"https:\/\/m.facebook.com\/swissmilitarybychronoofficial\/\",\"https:\/\/www.instagram.com\/swissmilitarybychrono\/\",\"https:\/\/www.pinterest.ch\/swissmilitarybychrono\/\"]}]}<\/script>\n<meta property=\"product:price:amount\" content=\"549.00\" \/>\n<meta property=\"product:price:currency\" content=\"EUR\" \/>\n<meta property=\"og:availability\" content=\"instock\" \/>\n<meta property=\"product:availability\" content=\"instock\" \/>\n<meta property=\"product:retailer_item_id\" content=\"SMS34113.01\" \/>\n<meta property=\"product:condition\" content=\"new\" \/>\n<!-- \/ Yoast SEO Premium plugin. -->","yoast_head_json":{"title":"Swiss Military Cron\u00f3grafo Solar \u2013 Negro, Acero | SMS34113.01","description":"Swiss Military Cron\u00f3grafo Solar SMS34113.01 funciona con luz sin cambio de bater\u00eda. Esfera negra, caja de acero inoxidable, Swiss Made, 5 a\u00f1os de garant\u00eda.","robots":{"index":"index","follow":"follow","max-snippet":"max-snippet:-1","max-image-preview":"max-image-preview:large","max-video-preview":"max-video-preview:-1"},"canonical":"https:\/\/swissmilitarywatches.ch\/es\/tienda\/swiss-military-cronografo-solar-negro-acero-sms34113-01\/","og_locale":"es_ES","og_type":"article","og_title":"Swiss Military Cron\u00f3grafo Solar \u2013 Negro, Acero | SMS34113.01","og_description":"Swiss Military Cron\u00f3grafo Solar SMS34113.01 funciona con luz sin cambio de bater\u00eda. Esfera negra, caja de acero inoxidable, Swiss Made, 5 a\u00f1os de garant\u00eda.","og_url":"https:\/\/swissmilitarywatches.ch\/es\/tienda\/swiss-military-cronografo-solar-negro-acero-sms34113-01\/","og_site_name":"Swiss Military by Chrono","article_publisher":"https:\/\/m.facebook.com\/swissmilitarybychronoofficial\/","article_modified_time":"2026-02-16T13:10:37+00:00","og_image":[{"width":1300,"height":1642,"url":"https:\/\/swissmilitarywatches.ch\/wp-content\/uploads\/2025\/09\/SMS34113.01.png","type":"image\/png"}],"twitter_card":"summary_large_image","twitter_misc":{"Precio":"&euro;549.00 con IVA","Disponibilidad":"Disponible"},"schema":{"@context":"https:\/\/schema.org","@graph":[{"@type":"WebPage","@id":"https:\/\/swissmilitarywatches.ch\/es\/tienda\/swiss-military-cronografo-solar-negro-acero-sms34113-01\/","url":"https:\/\/swissmilitarywatches.ch\/es\/tienda\/swiss-military-cronografo-solar-negro-acero-sms34113-01\/","name":"Swiss Military Cron\u00f3grafo Solar \u2013 Negro, Acero | SMS34113.01","isPartOf":{"@id":"https:\/\/swissmilitarywatches.ch\/es\/#website"},"primaryImageOfPage":{"@id":"https:\/\/swissmilitarywatches.ch\/es\/tienda\/swiss-military-cronografo-solar-negro-acero-sms34113-01\/#primaryimage"},"image":{"@id":"https:\/\/swissmilitarywatches.ch\/es\/tienda\/swiss-military-cronografo-solar-negro-acero-sms34113-01\/#primaryimage"},"thumbnailUrl":"https:\/\/swissmilitarywatches.ch\/wp-content\/uploads\/2025\/09\/SMS34113.01.png","datePublished":"2025-09-01T05:47:45+00:00","dateModified":"2026-02-16T13:10:37+00:00","description":"Swiss Military Cron\u00f3grafo Solar SMS34113.01 funciona con luz sin cambio de bater\u00eda. Esfera negra, caja de acero inoxidable, Swiss Made, 5 a\u00f1os de garant\u00eda.","breadcrumb":{"@id":"https:\/\/swissmilitarywatches.ch\/es\/tienda\/swiss-military-cronografo-solar-negro-acero-sms34113-01\/#breadcrumb"},"inLanguage":"es","potentialAction":[{"@type":"ReadAction","target":["https:\/\/swissmilitarywatches.ch\/es\/tienda\/swiss-military-cronografo-solar-negro-acero-sms34113-01\/"]}]},{"@type":"ImageObject","inLanguage":"es","@id":"https:\/\/swissmilitarywatches.ch\/es\/tienda\/swiss-military-cronografo-solar-negro-acero-sms34113-01\/#primaryimage","url":"https:\/\/swissmilitarywatches.ch\/wp-content\/uploads\/2025\/09\/SMS34113.01.png","contentUrl":"https:\/\/swissmilitarywatches.ch\/wp-content\/uploads\/2025\/09\/SMS34113.01.png","width":1300,"height":1642,"caption":"Cron\u00f3grafo solar militar suizo SMS34113.01 que funciona con luz, sin necesidad de cambiar la pila. Con esfera negra y brazalete de acero."},{"@type":"BreadcrumbList","@id":"https:\/\/swissmilitarywatches.ch\/es\/tienda\/swiss-military-cronografo-solar-negro-acero-sms34113-01\/#breadcrumb","itemListElement":[{"@type":"ListItem","position":1,"name":"Home","item":"https:\/\/swissmilitarywatches.ch\/es\/pagina-principal-2\/"},{"@type":"ListItem","position":2,"name":"Tienda","item":"https:\/\/swissmilitarywatches.ch\/es\/tienda\/"},{"@type":"ListItem","position":3,"name":"Todos los relojes","item":"https:\/\/swissmilitarywatches.ch\/es\/categoria-de-producto\/todos-los-relojes-es\/"},{"@type":"ListItem","position":4,"name":"Swiss Military Cron\u00f3grafo Solar \u2013 Negro, Acero | SMS34113.01"}]},{"@type":"WebSite","@id":"https:\/\/swissmilitarywatches.ch\/es\/#website","url":"https:\/\/swissmilitarywatches.ch\/es\/","name":"Swiss Military by Chrono","description":"Official Licensed Product of the Swiss Confederation","publisher":{"@id":"https:\/\/swissmilitarywatches.ch\/es\/#organization"},"potentialAction":[{"@type":"SearchAction","target":{"@type":"EntryPoint","urlTemplate":"https:\/\/swissmilitarywatches.ch\/es\/?s={search_term_string}"},"query-input":{"@type":"PropertyValueSpecification","valueRequired":true,"valueName":"search_term_string"}}],"inLanguage":"es"},{"@type":"Organization","@id":"https:\/\/swissmilitarywatches.ch\/es\/#organization","name":"Swiss Military by Chrono","url":"https:\/\/swissmilitarywatches.ch\/es\/","logo":{"@type":"ImageObject","inLanguage":"es","@id":"https:\/\/swissmilitarywatches.ch\/es\/#\/schema\/logo\/image\/","url":"https:\/\/swissmilitarywatches.ch\/wp-content\/uploads\/2020\/04\/cropped-SM_logo_512x512px.jpg","contentUrl":"https:\/\/swissmilitarywatches.ch\/wp-content\/uploads\/2020\/04\/cropped-SM_logo_512x512px.jpg","width":512,"height":512,"caption":"Swiss Military by Chrono"},"image":{"@id":"https:\/\/swissmilitarywatches.ch\/es\/#\/schema\/logo\/image\/"},"sameAs":["https:\/\/m.facebook.com\/swissmilitarybychronoofficial\/","https:\/\/www.instagram.com\/swissmilitarybychrono\/","https:\/\/www.pinterest.ch\/swissmilitarybychrono\/"]}]},"product_price_amount":"549.00","product_price_currency":"EUR","og_availability":"instock","product_availability":"instock","product_retailer_item_id":"SMS34113.01","product_condition":"new"},"jetpack_sharing_enabled":true,"_links":{"self":[{"href":"https:\/\/swissmilitarywatches.ch\/es\/wp-json\/wp\/v2\/product\/22436","targetHints":{"allow":["GET"]}}],"collection":[{"href":"https:\/\/swissmilitarywatches.ch\/es\/wp-json\/wp\/v2\/product"}],"about":[{"href":"https:\/\/swissmilitarywatches.ch\/es\/wp-json\/wp\/v2\/types\/product"}],"replies":[{"embeddable":true,"href":"https:\/\/swissmilitarywatches.ch\/es\/wp-json\/wp\/v2\/comments?post=22436"}],"wp:featuredmedia":[{"embeddable":true,"href":"https:\/\/swissmilitarywatches.ch\/es\/wp-json\/wp\/v2\/media\/22251"}],"wp:attachment":[{"href":"https:\/\/swissmilitarywatches.ch\/es\/wp-json\/wp\/v2\/media?parent=22436"}],"wp:term":[{"taxonomy":"product_brand","embeddable":true,"href":"https:\/\/swissmilitarywatches.ch\/es\/wp-json\/wp\/v2\/product_brand?post=22436"},{"taxonomy":"product_cat","embeddable":true,"href":"https:\/\/swissmilitarywatches.ch\/es\/wp-json\/wp\/v2\/product_cat?post=22436"},{"taxonomy":"product_tag","embeddable":true,"href":"https:\/\/swissmilitarywatches.ch\/es\/wp-json\/wp\/v2\/product_tag?post=22436"}],"curies":[{"name":"wp","href":"https:\/\/api.w.org\/{rel}","templated":true}]}}