{"id":22405,"date":"2025-09-01T07:47:45","date_gmt":"2025-09-01T05:47:45","guid":{"rendered":"https:\/\/swissmilitarywatches.ch\/shop\/swiss-military-solar-chronograph-gruen-pvd-kautschuk-sms34113-06\/"},"modified":"2026-02-16T15:10:41","modified_gmt":"2026-02-16T13:10:41","slug":"swiss-military-solar-chronograph-gruen-pvd-kautschuk-sms34113-06","status":"publish","type":"product","link":"https:\/\/swissmilitarywatches.ch\/es\/tienda\/swiss-military-solar-chronograph-gruen-pvd-kautschuk-sms34113-06\/","title":{"rendered":"Cron\u00f3grafo Solar Swiss Military \u2013 Verde, PVD, Correa de caucho | SMS34113.06"},"content":{"rendered":"<p data-start=\"230\" data-end=\"700\"><strong data-start=\"230\" data-end=\"314\">Swiss Military Cron\u00f3grafo Solar \u2013 Sin cambio de bater\u00eda, funciona con luz<\/strong><\/p>\n<p data-start=\"849\" data-end=\"1263\">El Swiss Military SMS34113.06 es un Cron\u00f3grafo Solar Swiss Military que elimina la necesidad de cambiar la bater\u00eda. Alimentado completamente por la luz, ofrece un rendimiento continuo sin complicaciones. Su atrevido dial verde con efecto rayos de sol, agujas luminiscentes y caja de acero inoxidable con revestimiento PVD negro confieren a este Cron\u00f3grafo Solar Suizo un aspecto robusto y moderno, perfectamente adaptado a los hombres aventureros.  <\/p>\n<p data-start=\"1265\" data-end=\"1636\">La caja de 42 mm de acero inoxidable cuenta con un resistente revestimiento PVD negro que aporta mayor durabilidad y un acabado elegante y discreto. Adem\u00e1s, el cristal de zafiro resistente a los ara\u00f1azos protege la esfera, mientras que el bisel giratorio unidireccional subraya el dise\u00f1o deportivo del reloj. Por otra parte, la combinaci\u00f3n \u00fanica de verde y negro convierte a este reloj en una verdadera declaraci\u00f3n de estilo en la mu\u00f1eca.  <\/p>\n<p data-start=\"1638\" data-end=\"2001\">En el interior, este Reloj Solar Swiss Military utiliza una avanzada tecnolog\u00eda solar. Una c\u00e9lula situada bajo la esfera convierte la luz natural y artificial en energ\u00eda, cargando una bater\u00eda recargable que funciona hasta 5 meses, incluso en completa oscuridad. Como resultado, el reloj ofrece un rendimiento fiable y ecol\u00f3gico, sin necesidad de cambiar la bater\u00eda.  <\/p>\n<p data-start=\"2003\" data-end=\"2373\">Gracias al sistema de correa intercambiable, puedes cambiar f\u00e1cilmente entre la correa de caucho verde y el brazalete de acero inoxidable. De este modo, este Cron\u00f3grafo Swiss Military se adapta perfectamente a diferentes estilos de vida, desde las aventuras al aire libre hasta el uso diario. Con una resistencia al agua de hasta 100 m, este Cron\u00f3grafo Swiss Military para hombre es tan fiable como atrevido.  <\/p>\n<h4 data-start=\"1773\" data-end=\"1792\"><strong data-start=\"1773\" data-end=\"1790\">Caracter\u00edsticas clave:<\/strong><\/h4>\n<ul data-start=\"1793\" data-end=\"2236\">\n<li data-start=\"1793\" data-end=\"1849\">\n<p data-start=\"1795\" data-end=\"1849\">Esfera verde Sunray con agujas y marcadores horarios luminiscentes<\/p>\n<\/li>\n<li data-start=\"1850\" data-end=\"1938\">\n<p data-start=\"1852\" data-end=\"1938\">Caja de acero inoxidable con revestimiento PVD negro de <span style=\"color: #333333;\">\u2300 42 mm<\/span><\/p>\n<\/li>\n<li data-start=\"1850\" data-end=\"1938\">Correa de caucho verde con sistema Easy-Click<\/li>\n<li data-start=\"1939\" data-end=\"1977\">\n<p data-start=\"1941\" data-end=\"1977\">Cristal de zafiro resistente a los ara\u00f1azos<\/p>\n<\/li>\n<li data-start=\"1978\" data-end=\"2011\">\n<p data-start=\"1980\" data-end=\"2011\">Bisel giratorio unidireccional<\/p>\n<\/li>\n<li data-start=\"2012\" data-end=\"2056\">\n<p data-start=\"2014\" data-end=\"2056\">Movimiento de cron\u00f3grafo solar suizo<\/p>\n<\/li>\n<li data-start=\"2057\" data-end=\"2089\">\n<p data-start=\"2059\" data-end=\"2089\">Reserva de energ\u00eda de hasta 5 meses<\/p>\n<\/li>\n<li data-start=\"2090\" data-end=\"2116\">\n<p data-start=\"2092\" data-end=\"2116\">Resistencia al agua hasta 100 m<\/p>\n<\/li>\n<li data-start=\"2167\" data-end=\"2198\">\n<p data-start=\"2169\" data-end=\"2198\">Swiss Made y ensamblado a mano.<\/p>\n<\/li>\n<li data-start=\"2199\" data-end=\"2236\">\n<p data-start=\"2201\" data-end=\"2236\">Garant\u00eda internacional de 5 a\u00f1os.<\/p>\n<\/li>\n<\/ul>\n","protected":false},"excerpt":{"rendered":"<h3 class=\"ai-optimize-33 ai-optimize-introduction\" data-start=\"246\" data-end=\"288\"><strong data-start=\"246\" data-end=\"286\">Sin cambio de bater\u00eda \u2013 Alimentado por la luz<\/strong><\/h3>\n<ul>\n<li class=\"ai-optimize-35\" data-start=\"291\" data-end=\"330\">Movimiento de cron\u00f3grafo solar Swiss Made<\/li>\n<li class=\"ai-optimize-35\" data-start=\"291\" data-end=\"330\">Esfera verde con agujas e \u00edndices luminiscentes<\/li>\n<li class=\"ai-optimize-35\" data-start=\"291\" data-end=\"330\">Caja de acero inoxidable negra y correa de caucho verde con sistema Easy-Click de cambio r\u00e1pido<\/li>\n<li class=\"ai-optimize-35\" data-start=\"291\" data-end=\"330\">Cristal de zafiro resistente a los ara\u00f1azos<\/li>\n<li class=\"ai-optimize-35\" data-start=\"291\" data-end=\"330\">Resistencia al agua hasta 100 m<\/li>\n<li class=\"ai-optimize-35\" data-start=\"291\" data-end=\"330\">5 a\u00f1os de garant\u00eda internacional<\/li>\n<\/ul>\n<p>&nbsp;<\/p>\n<p>&nbsp;<\/p>\n","protected":false},"featured_media":22286,"comment_status":"open","ping_status":"closed","template":"","meta":[],"product_brand":[],"product_cat":[3071,1813,1816,1823,2130,1877],"product_tag":[],"class_list":{"0":"post-22405","1":"product","2":"type-product","3":"status-publish","4":"has-post-thumbnail","6":"product_cat-swiss-military-cronografos-solares-sms34113","7":"product_cat-todos-los-relojes-es","8":"product_cat-relojes-hombre-es","9":"product_cat-cronografo","10":"product_cat-relojes-con-funciones-especiales","11":"product_cat-energia-solar","12":"product_shipping_class-envio-flexible-es","14":"first","15":"instock","16":"taxable","17":"shipping-taxable","18":"purchasable","19":"product-type-simple"},"yoast_head":"<!-- This site is optimized with the Yoast SEO Premium plugin v26.6 (Yoast SEO v26.6) - https:\/\/yoast.com\/wordpress\/plugins\/seo\/ -->\n<title>Cron\u00f3grafo Solar Swiss Military \u2013 Verde, PVD, Correa de caucho | SMS34113.06<\/title>\n<meta name=\"description\" content=\"Cron\u00f3grafo Solar Militar Suizo SMS34113.06 alimentado por luz sin cambio de pila. Esfera verde, caja de PVD negro, correa de caucho, fabricaci\u00f3n suiza y 5 a\u00f1os de garant\u00eda.\" \/>\n<meta name=\"robots\" content=\"index, follow, max-snippet:-1, max-image-preview:large, max-video-preview:-1\" \/>\n<link rel=\"canonical\" href=\"https:\/\/swissmilitarywatches.ch\/es\/tienda\/swiss-military-solar-chronograph-gruen-pvd-kautschuk-sms34113-06\/\" \/>\n<meta property=\"og:locale\" content=\"es_ES\" \/>\n<meta property=\"og:type\" content=\"article\" \/>\n<meta property=\"og:title\" content=\"Cron\u00f3grafo Solar Swiss Military \u2013 Verde, PVD, Correa de caucho | SMS34113.06\" \/>\n<meta property=\"og:description\" content=\"Cron\u00f3grafo Solar Militar Suizo SMS34113.06 alimentado por luz sin cambio de pila. Esfera verde, caja de PVD negro, correa de caucho, fabricaci\u00f3n suiza y 5 a\u00f1os de garant\u00eda.\" \/>\n<meta property=\"og:url\" content=\"https:\/\/swissmilitarywatches.ch\/es\/tienda\/swiss-military-solar-chronograph-gruen-pvd-kautschuk-sms34113-06\/\" \/>\n<meta property=\"og:site_name\" content=\"Swiss Military by Chrono\" \/>\n<meta property=\"article:publisher\" content=\"https:\/\/m.facebook.com\/swissmilitarybychronoofficial\/\" \/>\n<meta property=\"article:modified_time\" content=\"2026-02-16T13:10:41+00:00\" \/>\n<meta property=\"og:image\" content=\"https:\/\/swissmilitarywatches.ch\/wp-content\/uploads\/2025\/09\/SMS34113.06.png\" \/>\n\t<meta property=\"og:image:width\" content=\"1300\" \/>\n\t<meta property=\"og:image:height\" content=\"1642\" \/>\n\t<meta property=\"og:image:type\" content=\"image\/png\" \/>\n<meta name=\"twitter:card\" content=\"summary_large_image\" \/>\n<meta name=\"twitter:label1\" content=\"Precio\" \/>\n\t<meta name=\"twitter:data1\" content=\"&euro;549.00 con IVA\" \/>\n\t<meta name=\"twitter:label2\" content=\"Disponibilidad\" \/>\n\t<meta name=\"twitter:data2\" content=\"Disponible\" \/>\n<script type=\"application\/ld+json\" class=\"yoast-schema-graph\">{\"@context\":\"https:\/\/schema.org\",\"@graph\":[{\"@type\":\"WebPage\",\"@id\":\"https:\/\/swissmilitarywatches.ch\/es\/tienda\/swiss-military-solar-chronograph-gruen-pvd-kautschuk-sms34113-06\/\",\"url\":\"https:\/\/swissmilitarywatches.ch\/es\/tienda\/swiss-military-solar-chronograph-gruen-pvd-kautschuk-sms34113-06\/\",\"name\":\"Cron\u00f3grafo Solar Swiss Military \u2013 Verde, PVD, Correa de caucho | SMS34113.06\",\"isPartOf\":{\"@id\":\"https:\/\/swissmilitarywatches.ch\/es\/#website\"},\"primaryImageOfPage\":{\"@id\":\"https:\/\/swissmilitarywatches.ch\/es\/tienda\/swiss-military-solar-chronograph-gruen-pvd-kautschuk-sms34113-06\/#primaryimage\"},\"image\":{\"@id\":\"https:\/\/swissmilitarywatches.ch\/es\/tienda\/swiss-military-solar-chronograph-gruen-pvd-kautschuk-sms34113-06\/#primaryimage\"},\"thumbnailUrl\":\"https:\/\/swissmilitarywatches.ch\/wp-content\/uploads\/2025\/09\/SMS34113.06.png\",\"datePublished\":\"2025-09-01T05:47:45+00:00\",\"dateModified\":\"2026-02-16T13:10:41+00:00\",\"description\":\"Cron\u00f3grafo Solar Militar Suizo SMS34113.06 alimentado por luz sin cambio de pila. Esfera verde, caja de PVD negro, correa de caucho, fabricaci\u00f3n suiza y 5 a\u00f1os de garant\u00eda.\",\"breadcrumb\":{\"@id\":\"https:\/\/swissmilitarywatches.ch\/es\/tienda\/swiss-military-solar-chronograph-gruen-pvd-kautschuk-sms34113-06\/#breadcrumb\"},\"inLanguage\":\"es\",\"potentialAction\":[{\"@type\":\"ReadAction\",\"target\":[\"https:\/\/swissmilitarywatches.ch\/es\/tienda\/swiss-military-solar-chronograph-gruen-pvd-kautschuk-sms34113-06\/\"]}]},{\"@type\":\"ImageObject\",\"inLanguage\":\"es\",\"@id\":\"https:\/\/swissmilitarywatches.ch\/es\/tienda\/swiss-military-solar-chronograph-gruen-pvd-kautschuk-sms34113-06\/#primaryimage\",\"url\":\"https:\/\/swissmilitarywatches.ch\/wp-content\/uploads\/2025\/09\/SMS34113.06.png\",\"contentUrl\":\"https:\/\/swissmilitarywatches.ch\/wp-content\/uploads\/2025\/09\/SMS34113.06.png\",\"width\":1300,\"height\":1642,\"caption\":\"Cron\u00f3grafo Solar Militar Suizo SMS34113.06 - Funciona con la luz, no necesita cambio de pila. Con esfera verde, caja de PVD negro y correa de caucho.\"},{\"@type\":\"BreadcrumbList\",\"@id\":\"https:\/\/swissmilitarywatches.ch\/es\/tienda\/swiss-military-solar-chronograph-gruen-pvd-kautschuk-sms34113-06\/#breadcrumb\",\"itemListElement\":[{\"@type\":\"ListItem\",\"position\":1,\"name\":\"Home\",\"item\":\"https:\/\/swissmilitarywatches.ch\/es\/pagina-principal-2\/\"},{\"@type\":\"ListItem\",\"position\":2,\"name\":\"Tienda\",\"item\":\"https:\/\/swissmilitarywatches.ch\/es\/tienda\/\"},{\"@type\":\"ListItem\",\"position\":3,\"name\":\"Todos los relojes\",\"item\":\"https:\/\/swissmilitarywatches.ch\/es\/categoria-de-producto\/todos-los-relojes-es\/\"},{\"@type\":\"ListItem\",\"position\":4,\"name\":\"Relojes de hombre\",\"item\":\"https:\/\/swissmilitarywatches.ch\/es\/categoria-de-producto\/todos-los-relojes-es\/relojes-hombre-es\/\"},{\"@type\":\"ListItem\",\"position\":5,\"name\":\"Relojes con funciones especiales\",\"item\":\"https:\/\/swissmilitarywatches.ch\/es\/categoria-de-producto\/todos-los-relojes-es\/relojes-hombre-es\/relojes-con-funciones-especiales\/\"},{\"@type\":\"ListItem\",\"position\":6,\"name\":\"Energ\u00eda solar\",\"item\":\"https:\/\/swissmilitarywatches.ch\/es\/categoria-de-producto\/todos-los-relojes-es\/relojes-hombre-es\/relojes-con-funciones-especiales\/energia-solar\/\"},{\"@type\":\"ListItem\",\"position\":7,\"name\":\"Cron\u00f3grafo Solar Swiss Military \u2013 Verde, PVD, Correa de caucho | SMS34113.06\"}]},{\"@type\":\"WebSite\",\"@id\":\"https:\/\/swissmilitarywatches.ch\/es\/#website\",\"url\":\"https:\/\/swissmilitarywatches.ch\/es\/\",\"name\":\"Swiss Military by Chrono\",\"description\":\"Official Licensed Product of the Swiss Confederation\",\"publisher\":{\"@id\":\"https:\/\/swissmilitarywatches.ch\/es\/#organization\"},\"potentialAction\":[{\"@type\":\"SearchAction\",\"target\":{\"@type\":\"EntryPoint\",\"urlTemplate\":\"https:\/\/swissmilitarywatches.ch\/es\/?s={search_term_string}\"},\"query-input\":{\"@type\":\"PropertyValueSpecification\",\"valueRequired\":true,\"valueName\":\"search_term_string\"}}],\"inLanguage\":\"es\"},{\"@type\":\"Organization\",\"@id\":\"https:\/\/swissmilitarywatches.ch\/es\/#organization\",\"name\":\"Swiss Military by Chrono\",\"url\":\"https:\/\/swissmilitarywatches.ch\/es\/\",\"logo\":{\"@type\":\"ImageObject\",\"inLanguage\":\"es\",\"@id\":\"https:\/\/swissmilitarywatches.ch\/es\/#\/schema\/logo\/image\/\",\"url\":\"https:\/\/swissmilitarywatches.ch\/wp-content\/uploads\/2020\/04\/cropped-SM_logo_512x512px.jpg\",\"contentUrl\":\"https:\/\/swissmilitarywatches.ch\/wp-content\/uploads\/2020\/04\/cropped-SM_logo_512x512px.jpg\",\"width\":512,\"height\":512,\"caption\":\"Swiss Military by Chrono\"},\"image\":{\"@id\":\"https:\/\/swissmilitarywatches.ch\/es\/#\/schema\/logo\/image\/\"},\"sameAs\":[\"https:\/\/m.facebook.com\/swissmilitarybychronoofficial\/\",\"https:\/\/www.instagram.com\/swissmilitarybychrono\/\",\"https:\/\/www.pinterest.ch\/swissmilitarybychrono\/\"]}]}<\/script>\n<meta property=\"product:price:amount\" content=\"549.00\" \/>\n<meta property=\"product:price:currency\" content=\"EUR\" \/>\n<meta property=\"og:availability\" content=\"instock\" \/>\n<meta property=\"product:availability\" content=\"instock\" \/>\n<meta property=\"product:retailer_item_id\" content=\"SMS34113.06\" \/>\n<meta property=\"product:condition\" content=\"new\" \/>\n<!-- \/ Yoast SEO Premium plugin. -->","yoast_head_json":{"title":"Cron\u00f3grafo Solar Swiss Military \u2013 Verde, PVD, Correa de caucho | SMS34113.06","description":"Cron\u00f3grafo Solar Militar Suizo SMS34113.06 alimentado por luz sin cambio de pila. Esfera verde, caja de PVD negro, correa de caucho, fabricaci\u00f3n suiza y 5 a\u00f1os de garant\u00eda.","robots":{"index":"index","follow":"follow","max-snippet":"max-snippet:-1","max-image-preview":"max-image-preview:large","max-video-preview":"max-video-preview:-1"},"canonical":"https:\/\/swissmilitarywatches.ch\/es\/tienda\/swiss-military-solar-chronograph-gruen-pvd-kautschuk-sms34113-06\/","og_locale":"es_ES","og_type":"article","og_title":"Cron\u00f3grafo Solar Swiss Military \u2013 Verde, PVD, Correa de caucho | SMS34113.06","og_description":"Cron\u00f3grafo Solar Militar Suizo SMS34113.06 alimentado por luz sin cambio de pila. Esfera verde, caja de PVD negro, correa de caucho, fabricaci\u00f3n suiza y 5 a\u00f1os de garant\u00eda.","og_url":"https:\/\/swissmilitarywatches.ch\/es\/tienda\/swiss-military-solar-chronograph-gruen-pvd-kautschuk-sms34113-06\/","og_site_name":"Swiss Military by Chrono","article_publisher":"https:\/\/m.facebook.com\/swissmilitarybychronoofficial\/","article_modified_time":"2026-02-16T13:10:41+00:00","og_image":[{"width":1300,"height":1642,"url":"https:\/\/swissmilitarywatches.ch\/wp-content\/uploads\/2025\/09\/SMS34113.06.png","type":"image\/png"}],"twitter_card":"summary_large_image","twitter_misc":{"Precio":"&euro;549.00 con IVA","Disponibilidad":"Disponible"},"schema":{"@context":"https:\/\/schema.org","@graph":[{"@type":"WebPage","@id":"https:\/\/swissmilitarywatches.ch\/es\/tienda\/swiss-military-solar-chronograph-gruen-pvd-kautschuk-sms34113-06\/","url":"https:\/\/swissmilitarywatches.ch\/es\/tienda\/swiss-military-solar-chronograph-gruen-pvd-kautschuk-sms34113-06\/","name":"Cron\u00f3grafo Solar Swiss Military \u2013 Verde, PVD, Correa de caucho | SMS34113.06","isPartOf":{"@id":"https:\/\/swissmilitarywatches.ch\/es\/#website"},"primaryImageOfPage":{"@id":"https:\/\/swissmilitarywatches.ch\/es\/tienda\/swiss-military-solar-chronograph-gruen-pvd-kautschuk-sms34113-06\/#primaryimage"},"image":{"@id":"https:\/\/swissmilitarywatches.ch\/es\/tienda\/swiss-military-solar-chronograph-gruen-pvd-kautschuk-sms34113-06\/#primaryimage"},"thumbnailUrl":"https:\/\/swissmilitarywatches.ch\/wp-content\/uploads\/2025\/09\/SMS34113.06.png","datePublished":"2025-09-01T05:47:45+00:00","dateModified":"2026-02-16T13:10:41+00:00","description":"Cron\u00f3grafo Solar Militar Suizo SMS34113.06 alimentado por luz sin cambio de pila. Esfera verde, caja de PVD negro, correa de caucho, fabricaci\u00f3n suiza y 5 a\u00f1os de garant\u00eda.","breadcrumb":{"@id":"https:\/\/swissmilitarywatches.ch\/es\/tienda\/swiss-military-solar-chronograph-gruen-pvd-kautschuk-sms34113-06\/#breadcrumb"},"inLanguage":"es","potentialAction":[{"@type":"ReadAction","target":["https:\/\/swissmilitarywatches.ch\/es\/tienda\/swiss-military-solar-chronograph-gruen-pvd-kautschuk-sms34113-06\/"]}]},{"@type":"ImageObject","inLanguage":"es","@id":"https:\/\/swissmilitarywatches.ch\/es\/tienda\/swiss-military-solar-chronograph-gruen-pvd-kautschuk-sms34113-06\/#primaryimage","url":"https:\/\/swissmilitarywatches.ch\/wp-content\/uploads\/2025\/09\/SMS34113.06.png","contentUrl":"https:\/\/swissmilitarywatches.ch\/wp-content\/uploads\/2025\/09\/SMS34113.06.png","width":1300,"height":1642,"caption":"Cron\u00f3grafo Solar Militar Suizo SMS34113.06 - Funciona con la luz, no necesita cambio de pila. Con esfera verde, caja de PVD negro y correa de caucho."},{"@type":"BreadcrumbList","@id":"https:\/\/swissmilitarywatches.ch\/es\/tienda\/swiss-military-solar-chronograph-gruen-pvd-kautschuk-sms34113-06\/#breadcrumb","itemListElement":[{"@type":"ListItem","position":1,"name":"Home","item":"https:\/\/swissmilitarywatches.ch\/es\/pagina-principal-2\/"},{"@type":"ListItem","position":2,"name":"Tienda","item":"https:\/\/swissmilitarywatches.ch\/es\/tienda\/"},{"@type":"ListItem","position":3,"name":"Todos los relojes","item":"https:\/\/swissmilitarywatches.ch\/es\/categoria-de-producto\/todos-los-relojes-es\/"},{"@type":"ListItem","position":4,"name":"Relojes de hombre","item":"https:\/\/swissmilitarywatches.ch\/es\/categoria-de-producto\/todos-los-relojes-es\/relojes-hombre-es\/"},{"@type":"ListItem","position":5,"name":"Relojes con funciones especiales","item":"https:\/\/swissmilitarywatches.ch\/es\/categoria-de-producto\/todos-los-relojes-es\/relojes-hombre-es\/relojes-con-funciones-especiales\/"},{"@type":"ListItem","position":6,"name":"Energ\u00eda solar","item":"https:\/\/swissmilitarywatches.ch\/es\/categoria-de-producto\/todos-los-relojes-es\/relojes-hombre-es\/relojes-con-funciones-especiales\/energia-solar\/"},{"@type":"ListItem","position":7,"name":"Cron\u00f3grafo Solar Swiss Military \u2013 Verde, PVD, Correa de caucho | SMS34113.06"}]},{"@type":"WebSite","@id":"https:\/\/swissmilitarywatches.ch\/es\/#website","url":"https:\/\/swissmilitarywatches.ch\/es\/","name":"Swiss Military by Chrono","description":"Official Licensed Product of the Swiss Confederation","publisher":{"@id":"https:\/\/swissmilitarywatches.ch\/es\/#organization"},"potentialAction":[{"@type":"SearchAction","target":{"@type":"EntryPoint","urlTemplate":"https:\/\/swissmilitarywatches.ch\/es\/?s={search_term_string}"},"query-input":{"@type":"PropertyValueSpecification","valueRequired":true,"valueName":"search_term_string"}}],"inLanguage":"es"},{"@type":"Organization","@id":"https:\/\/swissmilitarywatches.ch\/es\/#organization","name":"Swiss Military by Chrono","url":"https:\/\/swissmilitarywatches.ch\/es\/","logo":{"@type":"ImageObject","inLanguage":"es","@id":"https:\/\/swissmilitarywatches.ch\/es\/#\/schema\/logo\/image\/","url":"https:\/\/swissmilitarywatches.ch\/wp-content\/uploads\/2020\/04\/cropped-SM_logo_512x512px.jpg","contentUrl":"https:\/\/swissmilitarywatches.ch\/wp-content\/uploads\/2020\/04\/cropped-SM_logo_512x512px.jpg","width":512,"height":512,"caption":"Swiss Military by Chrono"},"image":{"@id":"https:\/\/swissmilitarywatches.ch\/es\/#\/schema\/logo\/image\/"},"sameAs":["https:\/\/m.facebook.com\/swissmilitarybychronoofficial\/","https:\/\/www.instagram.com\/swissmilitarybychrono\/","https:\/\/www.pinterest.ch\/swissmilitarybychrono\/"]}]},"product_price_amount":"549.00","product_price_currency":"EUR","og_availability":"instock","product_availability":"instock","product_retailer_item_id":"SMS34113.06","product_condition":"new"},"jetpack_sharing_enabled":true,"_links":{"self":[{"href":"https:\/\/swissmilitarywatches.ch\/es\/wp-json\/wp\/v2\/product\/22405","targetHints":{"allow":["GET"]}}],"collection":[{"href":"https:\/\/swissmilitarywatches.ch\/es\/wp-json\/wp\/v2\/product"}],"about":[{"href":"https:\/\/swissmilitarywatches.ch\/es\/wp-json\/wp\/v2\/types\/product"}],"replies":[{"embeddable":true,"href":"https:\/\/swissmilitarywatches.ch\/es\/wp-json\/wp\/v2\/comments?post=22405"}],"wp:featuredmedia":[{"embeddable":true,"href":"https:\/\/swissmilitarywatches.ch\/es\/wp-json\/wp\/v2\/media\/22286"}],"wp:attachment":[{"href":"https:\/\/swissmilitarywatches.ch\/es\/wp-json\/wp\/v2\/media?parent=22405"}],"wp:term":[{"taxonomy":"product_brand","embeddable":true,"href":"https:\/\/swissmilitarywatches.ch\/es\/wp-json\/wp\/v2\/product_brand?post=22405"},{"taxonomy":"product_cat","embeddable":true,"href":"https:\/\/swissmilitarywatches.ch\/es\/wp-json\/wp\/v2\/product_cat?post=22405"},{"taxonomy":"product_tag","embeddable":true,"href":"https:\/\/swissmilitarywatches.ch\/es\/wp-json\/wp\/v2\/product_tag?post=22405"}],"curies":[{"name":"wp","href":"https:\/\/api.w.org\/{rel}","templated":true}]}}