{"id":22066,"date":"2025-06-10T08:57:01","date_gmt":"2025-06-10T06:57:01","guid":{"rendered":"https:\/\/swissmilitarywatches.ch\/shop\/reloj-automatico-suizo-clasico-negro-acero-swiss-military-sma34110-01\/"},"modified":"2025-11-24T00:01:48","modified_gmt":"2025-11-23T22:01:48","slug":"reloj-automatico-suizo-clasico-negro-acero-swiss-military-sma34110-01","status":"publish","type":"product","link":"https:\/\/swissmilitarywatches.ch\/es\/tienda\/reloj-automatico-suizo-clasico-negro-acero-swiss-military-sma34110-01\/","title":{"rendered":"Reloj autom\u00e1tico suizo cl\u00e1sico \u2013 negro, acero | Swiss Military SMA34110.01"},"content":{"rendered":"<h1 data-start=\"1181\" data-end=\"1442\"><strong data-start=\"1181\" data-end=\"1237\">Reloj autom\u00e1tico suizo cl\u00e1sico con dise\u00f1o atemporal.<\/strong><\/h1>\n<p data-start=\"1181\" data-end=\"1442\">El Swiss Military SMA34110.01 es un reloj autom\u00e1tico suizo cl\u00e1sico que equilibra herencia y rendimiento. Con su esfera negra con efecto rayos de sol y bisel estriado, este reloj irradia una sofisticaci\u00f3n discreta.<\/p>\n<p data-start=\"1444\" data-end=\"1695\">Los marcadores y las agujas luminiscentes, junto con la aguja segundera con punta roja, aseguran una legibilidad clara. Una ventana de fecha ampliada a las 3 en punto mejora la usabilidad. Adem\u00e1s, la caja y el brazalete de acero inoxidable de 41\u202fmm brindan un aspecto duradero y elegante a este reloj mec\u00e1nico suizo atemporal.<\/p>\n<p data-start=\"1697\" data-end=\"1995\">En su interior, un movimiento autom\u00e1tico suizo garantiza una medici\u00f3n precisa del tiempo. El cristal de zafiro resistente a los ara\u00f1azos aporta durabilidad, mientras que la resistencia al agua hasta 100 metros lo hace adecuado para las aventuras diarias. Adem\u00e1s, cada reloj es ensamblado a mano en nuestro taller suizo interno, garantizando una atenci\u00f3n a cada detalle.<\/p>\n<p data-start=\"1997\" data-end=\"2111\">Ya sea que lo uses con un traje o ropa casual, este reloj mec\u00e1nico fabricado en Suiza es una elecci\u00f3n atemporal para hombres modernos.<\/p>\n<p data-start=\"2113\" data-end=\"2130\"><strong data-start=\"2113\" data-end=\"2130\">Caracter\u00edsticas clave:<\/strong><\/p>\n<ul data-start=\"2131\" data-end=\"2431\">\n<li data-start=\"2165\" data-end=\"2208\">\n<p data-start=\"2167\" data-end=\"2208\">Esfera negra con efecto rayos de sol y marcadores luminiscentes.<\/p>\n<\/li>\n<li data-start=\"2209\" data-end=\"2242\">\n<p data-start=\"2211\" data-end=\"2242\">Bisel estriado y lupa de fecha.<\/p>\n<\/li>\n<li data-start=\"2243\" data-end=\"2286\">\n<p data-start=\"2245\" data-end=\"2286\">Caja y brazalete de acero inoxidable (41 mm).<\/p>\n<\/li>\n<li data-start=\"2287\" data-end=\"2313\">\n<p data-start=\"2289\" data-end=\"2313\">Cristal de zafiro.<\/p>\n<\/li>\n<li data-start=\"2314\" data-end=\"2340\">\n<p data-start=\"2316\" data-end=\"2340\">Aguja de segundos con punta roja.<\/p>\n<\/li>\n<li data-start=\"2341\" data-end=\"2367\">\n<p data-start=\"2343\" data-end=\"2367\">Resistencia al agua de 100 m.<\/p>\n<\/li>\n<li data-start=\"2368\" data-end=\"2399\">\n<p data-start=\"2370\" data-end=\"2399\">Swiss Made y ensamblado a mano.<\/p>\n<\/li>\n<li data-start=\"2400\" data-end=\"2431\">\n<p data-start=\"2402\" data-end=\"2431\">Garant\u00eda internacional de 5 a\u00f1os.<\/p>\n<\/li>\n<\/ul>\n","protected":false},"excerpt":{"rendered":"<p>Un reloj autom\u00e1tico suizo cl\u00e1sico con esfera negra, bisel estriado, lupa de fecha y detalles luminiscentes. Fabricado en Suiza y resistente al agua hasta 100 m.<\/p>\n","protected":false},"featured_media":21896,"comment_status":"open","ping_status":"closed","template":"","meta":[],"product_brand":[],"product_cat":[3044,1813,1816,1814],"product_tag":[],"class_list":{"0":"post-22066","1":"product","2":"type-product","3":"status-publish","4":"has-post-thumbnail","6":"product_cat-sma34110-es","7":"product_cat-todos-los-relojes-es","8":"product_cat-relojes-hombre-es","9":"product_cat-relojes-automaticos-es","10":"product_shipping_class-envio-flexible-es","12":"first","13":"instock","14":"taxable","15":"shipping-taxable","16":"purchasable","17":"product-type-simple"},"yoast_head":"<!-- This site is optimized with the Yoast SEO Premium plugin v26.6 (Yoast SEO v26.6) - https:\/\/yoast.com\/wordpress\/plugins\/seo\/ -->\n<title>Reloj autom\u00e1tico suizo cl\u00e1sico \u2013 negro, acero | Swiss Military SMA34110.01<\/title>\n<meta name=\"description\" content=\"Reloj autom\u00e1tico suizo cl\u00e1sico para hombre con esfera negra con efecto rayos de sol, bisel estriado y lupa de fecha. Caja de acero elegante. Resistente al agua hasta 100 m.\" \/>\n<meta name=\"robots\" content=\"index, follow, max-snippet:-1, max-image-preview:large, max-video-preview:-1\" \/>\n<link rel=\"canonical\" href=\"https:\/\/swissmilitarywatches.ch\/es\/tienda\/reloj-automatico-suizo-clasico-negro-acero-swiss-military-sma34110-01\/\" \/>\n<meta property=\"og:locale\" content=\"es_ES\" \/>\n<meta property=\"og:type\" content=\"article\" \/>\n<meta property=\"og:title\" content=\"Reloj autom\u00e1tico suizo cl\u00e1sico \u2013 negro, acero | Swiss Military SMA34110.01\" \/>\n<meta property=\"og:description\" content=\"Reloj autom\u00e1tico suizo cl\u00e1sico para hombre con esfera negra con efecto rayos de sol, bisel estriado y lupa de fecha. Caja de acero elegante. Resistente al agua hasta 100 m.\" \/>\n<meta property=\"og:url\" content=\"https:\/\/swissmilitarywatches.ch\/es\/tienda\/reloj-automatico-suizo-clasico-negro-acero-swiss-military-sma34110-01\/\" \/>\n<meta property=\"og:site_name\" content=\"Swiss Military by Chrono\" \/>\n<meta property=\"article:publisher\" content=\"https:\/\/m.facebook.com\/swissmilitarybychronoofficial\/\" \/>\n<meta property=\"article:modified_time\" content=\"2025-11-23T22:01:48+00:00\" \/>\n<meta property=\"og:image\" content=\"https:\/\/swissmilitarywatches.ch\/wp-content\/uploads\/2025\/06\/SMA34110.01.png\" \/>\n\t<meta property=\"og:image:width\" content=\"1300\" \/>\n\t<meta property=\"og:image:height\" content=\"1642\" \/>\n\t<meta property=\"og:image:type\" content=\"image\/png\" \/>\n<meta name=\"twitter:card\" content=\"summary_large_image\" \/>\n<meta name=\"twitter:label1\" content=\"Precio\" \/>\n\t<meta name=\"twitter:data1\" content=\"&euro;549.00 con IVA\" \/>\n\t<meta name=\"twitter:label2\" content=\"Disponibilidad\" \/>\n\t<meta name=\"twitter:data2\" content=\"Disponible\" \/>\n<script type=\"application\/ld+json\" class=\"yoast-schema-graph\">{\"@context\":\"https:\/\/schema.org\",\"@graph\":[{\"@type\":\"WebPage\",\"@id\":\"https:\/\/swissmilitarywatches.ch\/es\/tienda\/reloj-automatico-suizo-clasico-negro-acero-swiss-military-sma34110-01\/\",\"url\":\"https:\/\/swissmilitarywatches.ch\/es\/tienda\/reloj-automatico-suizo-clasico-negro-acero-swiss-military-sma34110-01\/\",\"name\":\"Reloj autom\u00e1tico suizo cl\u00e1sico \u2013 negro, acero | Swiss Military SMA34110.01\",\"isPartOf\":{\"@id\":\"https:\/\/swissmilitarywatches.ch\/es\/#website\"},\"primaryImageOfPage\":{\"@id\":\"https:\/\/swissmilitarywatches.ch\/es\/tienda\/reloj-automatico-suizo-clasico-negro-acero-swiss-military-sma34110-01\/#primaryimage\"},\"image\":{\"@id\":\"https:\/\/swissmilitarywatches.ch\/es\/tienda\/reloj-automatico-suizo-clasico-negro-acero-swiss-military-sma34110-01\/#primaryimage\"},\"thumbnailUrl\":\"https:\/\/swissmilitarywatches.ch\/wp-content\/uploads\/2025\/06\/SMA34110.01.png\",\"datePublished\":\"2025-06-10T06:57:01+00:00\",\"dateModified\":\"2025-11-23T22:01:48+00:00\",\"description\":\"Reloj autom\u00e1tico suizo cl\u00e1sico para hombre con esfera negra con efecto rayos de sol, bisel estriado y lupa de fecha. Caja de acero elegante. Resistente al agua hasta 100 m.\",\"breadcrumb\":{\"@id\":\"https:\/\/swissmilitarywatches.ch\/es\/tienda\/reloj-automatico-suizo-clasico-negro-acero-swiss-military-sma34110-01\/#breadcrumb\"},\"inLanguage\":\"es\",\"potentialAction\":[{\"@type\":\"ReadAction\",\"target\":[\"https:\/\/swissmilitarywatches.ch\/es\/tienda\/reloj-automatico-suizo-clasico-negro-acero-swiss-military-sma34110-01\/\"]}]},{\"@type\":\"ImageObject\",\"inLanguage\":\"es\",\"@id\":\"https:\/\/swissmilitarywatches.ch\/es\/tienda\/reloj-automatico-suizo-clasico-negro-acero-swiss-military-sma34110-01\/#primaryimage\",\"url\":\"https:\/\/swissmilitarywatches.ch\/wp-content\/uploads\/2025\/06\/SMA34110.01.png\",\"contentUrl\":\"https:\/\/swissmilitarywatches.ch\/wp-content\/uploads\/2025\/06\/SMA34110.01.png\",\"width\":1300,\"height\":1642,\"caption\":\"The SMA34110.01 features a fluted bezel, black sunray dial, and a magnified date display \u2013 built with Swiss precision.\"},{\"@type\":\"BreadcrumbList\",\"@id\":\"https:\/\/swissmilitarywatches.ch\/es\/tienda\/reloj-automatico-suizo-clasico-negro-acero-swiss-military-sma34110-01\/#breadcrumb\",\"itemListElement\":[{\"@type\":\"ListItem\",\"position\":1,\"name\":\"Home\",\"item\":\"https:\/\/swissmilitarywatches.ch\/es\/pagina-principal-2\/\"},{\"@type\":\"ListItem\",\"position\":2,\"name\":\"Tienda\",\"item\":\"https:\/\/swissmilitarywatches.ch\/es\/tienda\/\"},{\"@type\":\"ListItem\",\"position\":3,\"name\":\"Todos los relojes\",\"item\":\"https:\/\/swissmilitarywatches.ch\/es\/categoria-de-producto\/todos-los-relojes-es\/\"},{\"@type\":\"ListItem\",\"position\":4,\"name\":\"Relojes de hombre\",\"item\":\"https:\/\/swissmilitarywatches.ch\/es\/categoria-de-producto\/todos-los-relojes-es\/relojes-hombre-es\/\"},{\"@type\":\"ListItem\",\"position\":5,\"name\":\"Relojes autom\u00e1ticos\",\"item\":\"https:\/\/swissmilitarywatches.ch\/es\/categoria-de-producto\/todos-los-relojes-es\/relojes-hombre-es\/relojes-automaticos-es\/\"},{\"@type\":\"ListItem\",\"position\":6,\"name\":\"Reloj autom\u00e1tico suizo cl\u00e1sico \u2013 negro, acero | Swiss Military SMA34110.01\"}]},{\"@type\":\"WebSite\",\"@id\":\"https:\/\/swissmilitarywatches.ch\/es\/#website\",\"url\":\"https:\/\/swissmilitarywatches.ch\/es\/\",\"name\":\"Swiss Military by Chrono\",\"description\":\"Official Licensed Product of the Swiss Confederation\",\"publisher\":{\"@id\":\"https:\/\/swissmilitarywatches.ch\/es\/#organization\"},\"potentialAction\":[{\"@type\":\"SearchAction\",\"target\":{\"@type\":\"EntryPoint\",\"urlTemplate\":\"https:\/\/swissmilitarywatches.ch\/es\/?s={search_term_string}\"},\"query-input\":{\"@type\":\"PropertyValueSpecification\",\"valueRequired\":true,\"valueName\":\"search_term_string\"}}],\"inLanguage\":\"es\"},{\"@type\":\"Organization\",\"@id\":\"https:\/\/swissmilitarywatches.ch\/es\/#organization\",\"name\":\"Swiss Military by Chrono\",\"url\":\"https:\/\/swissmilitarywatches.ch\/es\/\",\"logo\":{\"@type\":\"ImageObject\",\"inLanguage\":\"es\",\"@id\":\"https:\/\/swissmilitarywatches.ch\/es\/#\/schema\/logo\/image\/\",\"url\":\"https:\/\/swissmilitarywatches.ch\/wp-content\/uploads\/2020\/04\/cropped-SM_logo_512x512px.jpg\",\"contentUrl\":\"https:\/\/swissmilitarywatches.ch\/wp-content\/uploads\/2020\/04\/cropped-SM_logo_512x512px.jpg\",\"width\":512,\"height\":512,\"caption\":\"Swiss Military by Chrono\"},\"image\":{\"@id\":\"https:\/\/swissmilitarywatches.ch\/es\/#\/schema\/logo\/image\/\"},\"sameAs\":[\"https:\/\/m.facebook.com\/swissmilitarybychronoofficial\/\",\"https:\/\/www.instagram.com\/swissmilitarybychrono\/\",\"https:\/\/www.pinterest.ch\/swissmilitarybychrono\/\"]}]}<\/script>\n<meta property=\"product:brand\" content=\"Swiss Military by Chrono\" \/>\n<meta property=\"product:price:amount\" content=\"549.00\" \/>\n<meta property=\"product:price:currency\" content=\"EUR\" \/>\n<meta property=\"og:availability\" content=\"instock\" \/>\n<meta property=\"product:availability\" content=\"instock\" \/>\n<meta property=\"product:retailer_item_id\" content=\"SMA34110.01\" \/>\n<meta property=\"product:condition\" content=\"new\" \/>\n<!-- \/ Yoast SEO Premium plugin. -->","yoast_head_json":{"title":"Reloj autom\u00e1tico suizo cl\u00e1sico \u2013 negro, acero | Swiss Military SMA34110.01","description":"Reloj autom\u00e1tico suizo cl\u00e1sico para hombre con esfera negra con efecto rayos de sol, bisel estriado y lupa de fecha. Caja de acero elegante. Resistente al agua hasta 100 m.","robots":{"index":"index","follow":"follow","max-snippet":"max-snippet:-1","max-image-preview":"max-image-preview:large","max-video-preview":"max-video-preview:-1"},"canonical":"https:\/\/swissmilitarywatches.ch\/es\/tienda\/reloj-automatico-suizo-clasico-negro-acero-swiss-military-sma34110-01\/","og_locale":"es_ES","og_type":"article","og_title":"Reloj autom\u00e1tico suizo cl\u00e1sico \u2013 negro, acero | Swiss Military SMA34110.01","og_description":"Reloj autom\u00e1tico suizo cl\u00e1sico para hombre con esfera negra con efecto rayos de sol, bisel estriado y lupa de fecha. Caja de acero elegante. Resistente al agua hasta 100 m.","og_url":"https:\/\/swissmilitarywatches.ch\/es\/tienda\/reloj-automatico-suizo-clasico-negro-acero-swiss-military-sma34110-01\/","og_site_name":"Swiss Military by Chrono","article_publisher":"https:\/\/m.facebook.com\/swissmilitarybychronoofficial\/","article_modified_time":"2025-11-23T22:01:48+00:00","og_image":[{"width":1300,"height":1642,"url":"https:\/\/swissmilitarywatches.ch\/wp-content\/uploads\/2025\/06\/SMA34110.01.png","type":"image\/png"}],"twitter_card":"summary_large_image","twitter_misc":{"Precio":"&euro;549.00 con IVA","Disponibilidad":"Disponible"},"schema":{"@context":"https:\/\/schema.org","@graph":[{"@type":"WebPage","@id":"https:\/\/swissmilitarywatches.ch\/es\/tienda\/reloj-automatico-suizo-clasico-negro-acero-swiss-military-sma34110-01\/","url":"https:\/\/swissmilitarywatches.ch\/es\/tienda\/reloj-automatico-suizo-clasico-negro-acero-swiss-military-sma34110-01\/","name":"Reloj autom\u00e1tico suizo cl\u00e1sico \u2013 negro, acero | Swiss Military SMA34110.01","isPartOf":{"@id":"https:\/\/swissmilitarywatches.ch\/es\/#website"},"primaryImageOfPage":{"@id":"https:\/\/swissmilitarywatches.ch\/es\/tienda\/reloj-automatico-suizo-clasico-negro-acero-swiss-military-sma34110-01\/#primaryimage"},"image":{"@id":"https:\/\/swissmilitarywatches.ch\/es\/tienda\/reloj-automatico-suizo-clasico-negro-acero-swiss-military-sma34110-01\/#primaryimage"},"thumbnailUrl":"https:\/\/swissmilitarywatches.ch\/wp-content\/uploads\/2025\/06\/SMA34110.01.png","datePublished":"2025-06-10T06:57:01+00:00","dateModified":"2025-11-23T22:01:48+00:00","description":"Reloj autom\u00e1tico suizo cl\u00e1sico para hombre con esfera negra con efecto rayos de sol, bisel estriado y lupa de fecha. Caja de acero elegante. Resistente al agua hasta 100 m.","breadcrumb":{"@id":"https:\/\/swissmilitarywatches.ch\/es\/tienda\/reloj-automatico-suizo-clasico-negro-acero-swiss-military-sma34110-01\/#breadcrumb"},"inLanguage":"es","potentialAction":[{"@type":"ReadAction","target":["https:\/\/swissmilitarywatches.ch\/es\/tienda\/reloj-automatico-suizo-clasico-negro-acero-swiss-military-sma34110-01\/"]}]},{"@type":"ImageObject","inLanguage":"es","@id":"https:\/\/swissmilitarywatches.ch\/es\/tienda\/reloj-automatico-suizo-clasico-negro-acero-swiss-military-sma34110-01\/#primaryimage","url":"https:\/\/swissmilitarywatches.ch\/wp-content\/uploads\/2025\/06\/SMA34110.01.png","contentUrl":"https:\/\/swissmilitarywatches.ch\/wp-content\/uploads\/2025\/06\/SMA34110.01.png","width":1300,"height":1642,"caption":"The SMA34110.01 features a fluted bezel, black sunray dial, and a magnified date display \u2013 built with Swiss precision."},{"@type":"BreadcrumbList","@id":"https:\/\/swissmilitarywatches.ch\/es\/tienda\/reloj-automatico-suizo-clasico-negro-acero-swiss-military-sma34110-01\/#breadcrumb","itemListElement":[{"@type":"ListItem","position":1,"name":"Home","item":"https:\/\/swissmilitarywatches.ch\/es\/pagina-principal-2\/"},{"@type":"ListItem","position":2,"name":"Tienda","item":"https:\/\/swissmilitarywatches.ch\/es\/tienda\/"},{"@type":"ListItem","position":3,"name":"Todos los relojes","item":"https:\/\/swissmilitarywatches.ch\/es\/categoria-de-producto\/todos-los-relojes-es\/"},{"@type":"ListItem","position":4,"name":"Relojes de hombre","item":"https:\/\/swissmilitarywatches.ch\/es\/categoria-de-producto\/todos-los-relojes-es\/relojes-hombre-es\/"},{"@type":"ListItem","position":5,"name":"Relojes autom\u00e1ticos","item":"https:\/\/swissmilitarywatches.ch\/es\/categoria-de-producto\/todos-los-relojes-es\/relojes-hombre-es\/relojes-automaticos-es\/"},{"@type":"ListItem","position":6,"name":"Reloj autom\u00e1tico suizo cl\u00e1sico \u2013 negro, acero | Swiss Military SMA34110.01"}]},{"@type":"WebSite","@id":"https:\/\/swissmilitarywatches.ch\/es\/#website","url":"https:\/\/swissmilitarywatches.ch\/es\/","name":"Swiss Military by Chrono","description":"Official Licensed Product of the Swiss Confederation","publisher":{"@id":"https:\/\/swissmilitarywatches.ch\/es\/#organization"},"potentialAction":[{"@type":"SearchAction","target":{"@type":"EntryPoint","urlTemplate":"https:\/\/swissmilitarywatches.ch\/es\/?s={search_term_string}"},"query-input":{"@type":"PropertyValueSpecification","valueRequired":true,"valueName":"search_term_string"}}],"inLanguage":"es"},{"@type":"Organization","@id":"https:\/\/swissmilitarywatches.ch\/es\/#organization","name":"Swiss Military by Chrono","url":"https:\/\/swissmilitarywatches.ch\/es\/","logo":{"@type":"ImageObject","inLanguage":"es","@id":"https:\/\/swissmilitarywatches.ch\/es\/#\/schema\/logo\/image\/","url":"https:\/\/swissmilitarywatches.ch\/wp-content\/uploads\/2020\/04\/cropped-SM_logo_512x512px.jpg","contentUrl":"https:\/\/swissmilitarywatches.ch\/wp-content\/uploads\/2020\/04\/cropped-SM_logo_512x512px.jpg","width":512,"height":512,"caption":"Swiss Military by Chrono"},"image":{"@id":"https:\/\/swissmilitarywatches.ch\/es\/#\/schema\/logo\/image\/"},"sameAs":["https:\/\/m.facebook.com\/swissmilitarybychronoofficial\/","https:\/\/www.instagram.com\/swissmilitarybychrono\/","https:\/\/www.pinterest.ch\/swissmilitarybychrono\/"]}]},"product_brand":"Swiss Military by Chrono","product_price_amount":"549.00","product_price_currency":"EUR","og_availability":"instock","product_availability":"instock","product_retailer_item_id":"SMA34110.01","product_condition":"new"},"jetpack_sharing_enabled":true,"_links":{"self":[{"href":"https:\/\/swissmilitarywatches.ch\/es\/wp-json\/wp\/v2\/product\/22066","targetHints":{"allow":["GET"]}}],"collection":[{"href":"https:\/\/swissmilitarywatches.ch\/es\/wp-json\/wp\/v2\/product"}],"about":[{"href":"https:\/\/swissmilitarywatches.ch\/es\/wp-json\/wp\/v2\/types\/product"}],"replies":[{"embeddable":true,"href":"https:\/\/swissmilitarywatches.ch\/es\/wp-json\/wp\/v2\/comments?post=22066"}],"wp:featuredmedia":[{"embeddable":true,"href":"https:\/\/swissmilitarywatches.ch\/es\/wp-json\/wp\/v2\/media\/21896"}],"wp:attachment":[{"href":"https:\/\/swissmilitarywatches.ch\/es\/wp-json\/wp\/v2\/media?parent=22066"}],"wp:term":[{"taxonomy":"product_brand","embeddable":true,"href":"https:\/\/swissmilitarywatches.ch\/es\/wp-json\/wp\/v2\/product_brand?post=22066"},{"taxonomy":"product_cat","embeddable":true,"href":"https:\/\/swissmilitarywatches.ch\/es\/wp-json\/wp\/v2\/product_cat?post=22066"},{"taxonomy":"product_tag","embeddable":true,"href":"https:\/\/swissmilitarywatches.ch\/es\/wp-json\/wp\/v2\/product_tag?post=22066"}],"curies":[{"name":"wp","href":"https:\/\/api.w.org\/{rel}","templated":true}]}}