{"id":22065,"date":"2025-06-10T08:57:01","date_gmt":"2025-06-10T06:57:01","guid":{"rendered":"https:\/\/swissmilitarywatches.ch\/shop\/reloj-automatico-suizo-clasico-plateado-bicolor-swiss-military-sma34110-06\/"},"modified":"2025-12-25T15:32:27","modified_gmt":"2025-12-25T13:32:27","slug":"reloj-automatico-suizo-clasico-plateado-bicolor-swiss-military-sma34110-06","status":"publish","type":"product","link":"https:\/\/swissmilitarywatches.ch\/es\/tienda\/reloj-automatico-suizo-clasico-plateado-bicolor-swiss-military-sma34110-06\/","title":{"rendered":"Reloj autom\u00e1tico suizo cl\u00e1sico \u2013 plateado, bicolor | Swiss Military SMA34110.06"},"content":{"rendered":"<h2 data-start=\"498\" data-end=\"838\">Un reloj autom\u00e1tico suizo cl\u00e1sico dise\u00f1ado para un estilo atemporal.<\/h2>\n<p data-start=\"498\" data-end=\"838\">El Swiss Military SMA34110.06 es un reloj autom\u00e1tico suizo cl\u00e1sico que combina un estilo refinado con caracter\u00edsticas fiables. Primero, su esfera plateada con efecto rayos de sol, marcadores horarios luminiscentes y bisel estriado ofrecen una legibilidad clara y un dise\u00f1o atemporal. Adem\u00e1s, el brazalete bicolor de acero inoxidable y tono dorado aporta sofisticaci\u00f3n y durabilidad.<\/p>\n<p data-start=\"840\" data-end=\"1182\">Gracias a su cristal de zafiro resistente a los ara\u00f1azos y a su resistencia al agua de 100 metros, este reloj soporta tanto el uso diario como eventos m\u00e1s formales. En su interior, un movimiento autom\u00e1tico suizo preciso impulsa el reloj, garantizando una medici\u00f3n fiable del tiempo. Adem\u00e1s, cada reloj es cuidadosamente ensamblado a mano en nuestro taller suizo, garantizando una artesan\u00eda de calidad.<\/p>\n<p data-start=\"1184\" data-end=\"1292\">Ya sea para el uso diario o para ocasiones especiales, este reloj combina elegancia, funcionalidad y precisi\u00f3n suiza.<\/p>\n<h3 data-start=\"1294\" data-end=\"1313\"><strong data-start=\"1294\" data-end=\"1311\">Caracter\u00edsticas clave:<\/strong><\/h3>\n<ul data-start=\"1314\" data-end=\"1594\">\n<li data-start=\"1314\" data-end=\"1358\">\n<p data-start=\"1316\" data-end=\"1358\">Esfera plateada con efecto rayos de sol y marcadores luminiscentes.<\/p>\n<\/li>\n<li data-start=\"1359\" data-end=\"1394\">\n<p data-start=\"1361\" data-end=\"1394\">Bisel estriado y lupa de fecha.<\/p>\n<\/li>\n<li data-start=\"1395\" data-end=\"1446\">\n<p data-start=\"1397\" data-end=\"1446\">Brazalete bicolor de acero inoxidable y tono dorado.<\/p>\n<\/li>\n<li data-start=\"1447\" data-end=\"1473\">\n<p data-start=\"1449\" data-end=\"1473\">Cristal de zafiro.<\/p>\n<\/li>\n<li data-start=\"1474\" data-end=\"1502\">\n<p data-start=\"1476\" data-end=\"1502\">Movimiento autom\u00e1tico suizo.<\/p>\n<\/li>\n<li data-start=\"1503\" data-end=\"1528\">\n<p data-start=\"1505\" data-end=\"1528\">Resistencia al agua hasta 100 m.<\/p>\n<\/li>\n<li data-start=\"1529\" data-end=\"1562\">\n<p data-start=\"1531\" data-end=\"1562\">Ensamblado a mano en Suiza.<\/p>\n<\/li>\n<li data-start=\"1563\" data-end=\"1594\">\n<p data-start=\"1565\" data-end=\"1594\">Garant\u00eda internacional de 5 a\u00f1os.<\/p>\n<\/li>\n<\/ul>\n","protected":false},"excerpt":{"rendered":"<p class=\"ai-optimize-49 ai-optimize-introduction\">Este reloj autom\u00e1tico suizo cl\u00e1sico cuenta con una esfera plateada con efecto rayos de sol, marcadores luminiscentes y un bisel estriado. Adem\u00e1s, su brazalete bicolor con detalles en acero y tono dorado ofrece elegancia y durabilidad para el uso diario y ocasiones especiales.<\/p>\n","protected":false},"featured_media":21921,"comment_status":"open","ping_status":"closed","template":"","meta":[],"product_brand":[],"product_cat":[3044,1813,1816,1814],"product_tag":[],"class_list":{"0":"post-22065","1":"product","2":"type-product","3":"status-publish","4":"has-post-thumbnail","6":"product_cat-sma34110-es","7":"product_cat-todos-los-relojes-es","8":"product_cat-relojes-hombre-es","9":"product_cat-relojes-automaticos-es","10":"product_shipping_class-envio-flexible-es","12":"first","13":"instock","14":"taxable","15":"shipping-taxable","16":"purchasable","17":"product-type-simple"},"yoast_head":"<!-- This site is optimized with the Yoast SEO Premium plugin v26.6 (Yoast SEO v26.6) - https:\/\/yoast.com\/wordpress\/plugins\/seo\/ -->\n<title>Reloj autom\u00e1tico suizo cl\u00e1sico \u2013 plateado, bicolor | Swiss Military SMA34110.06<\/title>\n<meta name=\"description\" content=\"Reloj autom\u00e1tico suizo cl\u00e1sico con esfera plateada con efecto rayos de sol, marcadores luminiscentes y brazalete bicolor de acero y tono dorado. Cristal de zafiro, resistencia al agua hasta 100 m.\" \/>\n<meta name=\"robots\" content=\"index, follow, max-snippet:-1, max-image-preview:large, max-video-preview:-1\" \/>\n<link rel=\"canonical\" href=\"https:\/\/swissmilitarywatches.ch\/es\/tienda\/reloj-automatico-suizo-clasico-plateado-bicolor-swiss-military-sma34110-06\/\" \/>\n<meta property=\"og:locale\" content=\"es_ES\" \/>\n<meta property=\"og:type\" content=\"article\" \/>\n<meta property=\"og:title\" content=\"Reloj autom\u00e1tico suizo cl\u00e1sico \u2013 plateado, bicolor | Swiss Military SMA34110.06\" \/>\n<meta property=\"og:description\" content=\"Reloj autom\u00e1tico suizo cl\u00e1sico con esfera plateada con efecto rayos de sol, marcadores luminiscentes y brazalete bicolor de acero y tono dorado. Cristal de zafiro, resistencia al agua hasta 100 m.\" \/>\n<meta property=\"og:url\" content=\"https:\/\/swissmilitarywatches.ch\/es\/tienda\/reloj-automatico-suizo-clasico-plateado-bicolor-swiss-military-sma34110-06\/\" \/>\n<meta property=\"og:site_name\" content=\"Swiss Military by Chrono\" \/>\n<meta property=\"article:publisher\" content=\"https:\/\/m.facebook.com\/swissmilitarybychronoofficial\/\" \/>\n<meta property=\"article:modified_time\" content=\"2025-12-25T13:32:27+00:00\" \/>\n<meta property=\"og:image\" content=\"https:\/\/swissmilitarywatches.ch\/wp-content\/uploads\/2025\/06\/SMA34110.06.png\" \/>\n\t<meta property=\"og:image:width\" content=\"1300\" \/>\n\t<meta property=\"og:image:height\" content=\"1642\" \/>\n\t<meta property=\"og:image:type\" content=\"image\/png\" \/>\n<meta name=\"twitter:card\" content=\"summary_large_image\" \/>\n<meta name=\"twitter:label1\" content=\"Precio\" \/>\n\t<meta name=\"twitter:data1\" content=\"&euro;579.00 con IVA\" \/>\n\t<meta name=\"twitter:label2\" content=\"Disponibilidad\" \/>\n\t<meta name=\"twitter:data2\" content=\"Disponible\" \/>\n<script type=\"application\/ld+json\" class=\"yoast-schema-graph\">{\"@context\":\"https:\/\/schema.org\",\"@graph\":[{\"@type\":\"WebPage\",\"@id\":\"https:\/\/swissmilitarywatches.ch\/es\/tienda\/reloj-automatico-suizo-clasico-plateado-bicolor-swiss-military-sma34110-06\/\",\"url\":\"https:\/\/swissmilitarywatches.ch\/es\/tienda\/reloj-automatico-suizo-clasico-plateado-bicolor-swiss-military-sma34110-06\/\",\"name\":\"Reloj autom\u00e1tico suizo cl\u00e1sico \u2013 plateado, bicolor | Swiss Military SMA34110.06\",\"isPartOf\":{\"@id\":\"https:\/\/swissmilitarywatches.ch\/es\/#website\"},\"primaryImageOfPage\":{\"@id\":\"https:\/\/swissmilitarywatches.ch\/es\/tienda\/reloj-automatico-suizo-clasico-plateado-bicolor-swiss-military-sma34110-06\/#primaryimage\"},\"image\":{\"@id\":\"https:\/\/swissmilitarywatches.ch\/es\/tienda\/reloj-automatico-suizo-clasico-plateado-bicolor-swiss-military-sma34110-06\/#primaryimage\"},\"thumbnailUrl\":\"https:\/\/swissmilitarywatches.ch\/wp-content\/uploads\/2025\/06\/SMA34110.06.png\",\"datePublished\":\"2025-06-10T06:57:01+00:00\",\"dateModified\":\"2025-12-25T13:32:27+00:00\",\"description\":\"Reloj autom\u00e1tico suizo cl\u00e1sico con esfera plateada con efecto rayos de sol, marcadores luminiscentes y brazalete bicolor de acero y tono dorado. Cristal de zafiro, resistencia al agua hasta 100 m.\",\"breadcrumb\":{\"@id\":\"https:\/\/swissmilitarywatches.ch\/es\/tienda\/reloj-automatico-suizo-clasico-plateado-bicolor-swiss-military-sma34110-06\/#breadcrumb\"},\"inLanguage\":\"es\",\"potentialAction\":[{\"@type\":\"ReadAction\",\"target\":[\"https:\/\/swissmilitarywatches.ch\/es\/tienda\/reloj-automatico-suizo-clasico-plateado-bicolor-swiss-military-sma34110-06\/\"]}]},{\"@type\":\"ImageObject\",\"inLanguage\":\"es\",\"@id\":\"https:\/\/swissmilitarywatches.ch\/es\/tienda\/reloj-automatico-suizo-clasico-plateado-bicolor-swiss-military-sma34110-06\/#primaryimage\",\"url\":\"https:\/\/swissmilitarywatches.ch\/wp-content\/uploads\/2025\/06\/SMA34110.06.png\",\"contentUrl\":\"https:\/\/swissmilitarywatches.ch\/wp-content\/uploads\/2025\/06\/SMA34110.06.png\",\"width\":1300,\"height\":1642,\"caption\":\"Elegant Swiss Military SMA34110.06 automatic watch featuring a silver sunray dial, fluted bezel, and bi-color stainless steel and gold-tone bracelet.\"},{\"@type\":\"BreadcrumbList\",\"@id\":\"https:\/\/swissmilitarywatches.ch\/es\/tienda\/reloj-automatico-suizo-clasico-plateado-bicolor-swiss-military-sma34110-06\/#breadcrumb\",\"itemListElement\":[{\"@type\":\"ListItem\",\"position\":1,\"name\":\"Home\",\"item\":\"https:\/\/swissmilitarywatches.ch\/es\/pagina-principal-2\/\"},{\"@type\":\"ListItem\",\"position\":2,\"name\":\"Tienda\",\"item\":\"https:\/\/swissmilitarywatches.ch\/es\/tienda\/\"},{\"@type\":\"ListItem\",\"position\":3,\"name\":\"Todos los relojes\",\"item\":\"https:\/\/swissmilitarywatches.ch\/es\/categoria-de-producto\/todos-los-relojes-es\/\"},{\"@type\":\"ListItem\",\"position\":4,\"name\":\"Relojes de hombre\",\"item\":\"https:\/\/swissmilitarywatches.ch\/es\/categoria-de-producto\/todos-los-relojes-es\/relojes-hombre-es\/\"},{\"@type\":\"ListItem\",\"position\":5,\"name\":\"Relojes autom\u00e1ticos\",\"item\":\"https:\/\/swissmilitarywatches.ch\/es\/categoria-de-producto\/todos-los-relojes-es\/relojes-hombre-es\/relojes-automaticos-es\/\"},{\"@type\":\"ListItem\",\"position\":6,\"name\":\"Reloj autom\u00e1tico suizo cl\u00e1sico \u2013 plateado, bicolor | Swiss Military SMA34110.06\"}]},{\"@type\":\"WebSite\",\"@id\":\"https:\/\/swissmilitarywatches.ch\/es\/#website\",\"url\":\"https:\/\/swissmilitarywatches.ch\/es\/\",\"name\":\"Swiss Military by Chrono\",\"description\":\"Official Licensed Product of the Swiss Confederation\",\"publisher\":{\"@id\":\"https:\/\/swissmilitarywatches.ch\/es\/#organization\"},\"potentialAction\":[{\"@type\":\"SearchAction\",\"target\":{\"@type\":\"EntryPoint\",\"urlTemplate\":\"https:\/\/swissmilitarywatches.ch\/es\/?s={search_term_string}\"},\"query-input\":{\"@type\":\"PropertyValueSpecification\",\"valueRequired\":true,\"valueName\":\"search_term_string\"}}],\"inLanguage\":\"es\"},{\"@type\":\"Organization\",\"@id\":\"https:\/\/swissmilitarywatches.ch\/es\/#organization\",\"name\":\"Swiss Military by Chrono\",\"url\":\"https:\/\/swissmilitarywatches.ch\/es\/\",\"logo\":{\"@type\":\"ImageObject\",\"inLanguage\":\"es\",\"@id\":\"https:\/\/swissmilitarywatches.ch\/es\/#\/schema\/logo\/image\/\",\"url\":\"https:\/\/swissmilitarywatches.ch\/wp-content\/uploads\/2020\/04\/cropped-SM_logo_512x512px.jpg\",\"contentUrl\":\"https:\/\/swissmilitarywatches.ch\/wp-content\/uploads\/2020\/04\/cropped-SM_logo_512x512px.jpg\",\"width\":512,\"height\":512,\"caption\":\"Swiss Military by Chrono\"},\"image\":{\"@id\":\"https:\/\/swissmilitarywatches.ch\/es\/#\/schema\/logo\/image\/\"},\"sameAs\":[\"https:\/\/m.facebook.com\/swissmilitarybychronoofficial\/\",\"https:\/\/www.instagram.com\/swissmilitarybychrono\/\",\"https:\/\/www.pinterest.ch\/swissmilitarybychrono\/\"]}]}<\/script>\n<meta property=\"product:brand\" content=\"Swiss Military by Chrono\" \/>\n<meta property=\"product:price:amount\" content=\"579.00\" \/>\n<meta property=\"product:price:currency\" content=\"EUR\" \/>\n<meta property=\"og:availability\" content=\"instock\" \/>\n<meta property=\"product:availability\" content=\"instock\" \/>\n<meta property=\"product:retailer_item_id\" content=\"SMA34110.06\" \/>\n<meta property=\"product:condition\" content=\"new\" \/>\n<!-- \/ Yoast SEO Premium plugin. -->","yoast_head_json":{"title":"Reloj autom\u00e1tico suizo cl\u00e1sico \u2013 plateado, bicolor | Swiss Military SMA34110.06","description":"Reloj autom\u00e1tico suizo cl\u00e1sico con esfera plateada con efecto rayos de sol, marcadores luminiscentes y brazalete bicolor de acero y tono dorado. Cristal de zafiro, resistencia al agua hasta 100 m.","robots":{"index":"index","follow":"follow","max-snippet":"max-snippet:-1","max-image-preview":"max-image-preview:large","max-video-preview":"max-video-preview:-1"},"canonical":"https:\/\/swissmilitarywatches.ch\/es\/tienda\/reloj-automatico-suizo-clasico-plateado-bicolor-swiss-military-sma34110-06\/","og_locale":"es_ES","og_type":"article","og_title":"Reloj autom\u00e1tico suizo cl\u00e1sico \u2013 plateado, bicolor | Swiss Military SMA34110.06","og_description":"Reloj autom\u00e1tico suizo cl\u00e1sico con esfera plateada con efecto rayos de sol, marcadores luminiscentes y brazalete bicolor de acero y tono dorado. Cristal de zafiro, resistencia al agua hasta 100 m.","og_url":"https:\/\/swissmilitarywatches.ch\/es\/tienda\/reloj-automatico-suizo-clasico-plateado-bicolor-swiss-military-sma34110-06\/","og_site_name":"Swiss Military by Chrono","article_publisher":"https:\/\/m.facebook.com\/swissmilitarybychronoofficial\/","article_modified_time":"2025-12-25T13:32:27+00:00","og_image":[{"width":1300,"height":1642,"url":"https:\/\/swissmilitarywatches.ch\/wp-content\/uploads\/2025\/06\/SMA34110.06.png","type":"image\/png"}],"twitter_card":"summary_large_image","twitter_misc":{"Precio":"&euro;579.00 con IVA","Disponibilidad":"Disponible"},"schema":{"@context":"https:\/\/schema.org","@graph":[{"@type":"WebPage","@id":"https:\/\/swissmilitarywatches.ch\/es\/tienda\/reloj-automatico-suizo-clasico-plateado-bicolor-swiss-military-sma34110-06\/","url":"https:\/\/swissmilitarywatches.ch\/es\/tienda\/reloj-automatico-suizo-clasico-plateado-bicolor-swiss-military-sma34110-06\/","name":"Reloj autom\u00e1tico suizo cl\u00e1sico \u2013 plateado, bicolor | Swiss Military SMA34110.06","isPartOf":{"@id":"https:\/\/swissmilitarywatches.ch\/es\/#website"},"primaryImageOfPage":{"@id":"https:\/\/swissmilitarywatches.ch\/es\/tienda\/reloj-automatico-suizo-clasico-plateado-bicolor-swiss-military-sma34110-06\/#primaryimage"},"image":{"@id":"https:\/\/swissmilitarywatches.ch\/es\/tienda\/reloj-automatico-suizo-clasico-plateado-bicolor-swiss-military-sma34110-06\/#primaryimage"},"thumbnailUrl":"https:\/\/swissmilitarywatches.ch\/wp-content\/uploads\/2025\/06\/SMA34110.06.png","datePublished":"2025-06-10T06:57:01+00:00","dateModified":"2025-12-25T13:32:27+00:00","description":"Reloj autom\u00e1tico suizo cl\u00e1sico con esfera plateada con efecto rayos de sol, marcadores luminiscentes y brazalete bicolor de acero y tono dorado. Cristal de zafiro, resistencia al agua hasta 100 m.","breadcrumb":{"@id":"https:\/\/swissmilitarywatches.ch\/es\/tienda\/reloj-automatico-suizo-clasico-plateado-bicolor-swiss-military-sma34110-06\/#breadcrumb"},"inLanguage":"es","potentialAction":[{"@type":"ReadAction","target":["https:\/\/swissmilitarywatches.ch\/es\/tienda\/reloj-automatico-suizo-clasico-plateado-bicolor-swiss-military-sma34110-06\/"]}]},{"@type":"ImageObject","inLanguage":"es","@id":"https:\/\/swissmilitarywatches.ch\/es\/tienda\/reloj-automatico-suizo-clasico-plateado-bicolor-swiss-military-sma34110-06\/#primaryimage","url":"https:\/\/swissmilitarywatches.ch\/wp-content\/uploads\/2025\/06\/SMA34110.06.png","contentUrl":"https:\/\/swissmilitarywatches.ch\/wp-content\/uploads\/2025\/06\/SMA34110.06.png","width":1300,"height":1642,"caption":"Elegant Swiss Military SMA34110.06 automatic watch featuring a silver sunray dial, fluted bezel, and bi-color stainless steel and gold-tone bracelet."},{"@type":"BreadcrumbList","@id":"https:\/\/swissmilitarywatches.ch\/es\/tienda\/reloj-automatico-suizo-clasico-plateado-bicolor-swiss-military-sma34110-06\/#breadcrumb","itemListElement":[{"@type":"ListItem","position":1,"name":"Home","item":"https:\/\/swissmilitarywatches.ch\/es\/pagina-principal-2\/"},{"@type":"ListItem","position":2,"name":"Tienda","item":"https:\/\/swissmilitarywatches.ch\/es\/tienda\/"},{"@type":"ListItem","position":3,"name":"Todos los relojes","item":"https:\/\/swissmilitarywatches.ch\/es\/categoria-de-producto\/todos-los-relojes-es\/"},{"@type":"ListItem","position":4,"name":"Relojes de hombre","item":"https:\/\/swissmilitarywatches.ch\/es\/categoria-de-producto\/todos-los-relojes-es\/relojes-hombre-es\/"},{"@type":"ListItem","position":5,"name":"Relojes autom\u00e1ticos","item":"https:\/\/swissmilitarywatches.ch\/es\/categoria-de-producto\/todos-los-relojes-es\/relojes-hombre-es\/relojes-automaticos-es\/"},{"@type":"ListItem","position":6,"name":"Reloj autom\u00e1tico suizo cl\u00e1sico \u2013 plateado, bicolor | Swiss Military SMA34110.06"}]},{"@type":"WebSite","@id":"https:\/\/swissmilitarywatches.ch\/es\/#website","url":"https:\/\/swissmilitarywatches.ch\/es\/","name":"Swiss Military by Chrono","description":"Official Licensed Product of the Swiss Confederation","publisher":{"@id":"https:\/\/swissmilitarywatches.ch\/es\/#organization"},"potentialAction":[{"@type":"SearchAction","target":{"@type":"EntryPoint","urlTemplate":"https:\/\/swissmilitarywatches.ch\/es\/?s={search_term_string}"},"query-input":{"@type":"PropertyValueSpecification","valueRequired":true,"valueName":"search_term_string"}}],"inLanguage":"es"},{"@type":"Organization","@id":"https:\/\/swissmilitarywatches.ch\/es\/#organization","name":"Swiss Military by Chrono","url":"https:\/\/swissmilitarywatches.ch\/es\/","logo":{"@type":"ImageObject","inLanguage":"es","@id":"https:\/\/swissmilitarywatches.ch\/es\/#\/schema\/logo\/image\/","url":"https:\/\/swissmilitarywatches.ch\/wp-content\/uploads\/2020\/04\/cropped-SM_logo_512x512px.jpg","contentUrl":"https:\/\/swissmilitarywatches.ch\/wp-content\/uploads\/2020\/04\/cropped-SM_logo_512x512px.jpg","width":512,"height":512,"caption":"Swiss Military by Chrono"},"image":{"@id":"https:\/\/swissmilitarywatches.ch\/es\/#\/schema\/logo\/image\/"},"sameAs":["https:\/\/m.facebook.com\/swissmilitarybychronoofficial\/","https:\/\/www.instagram.com\/swissmilitarybychrono\/","https:\/\/www.pinterest.ch\/swissmilitarybychrono\/"]}]},"product_brand":"Swiss Military by Chrono","product_price_amount":"579.00","product_price_currency":"EUR","og_availability":"instock","product_availability":"instock","product_retailer_item_id":"SMA34110.06","product_condition":"new"},"jetpack_sharing_enabled":true,"_links":{"self":[{"href":"https:\/\/swissmilitarywatches.ch\/es\/wp-json\/wp\/v2\/product\/22065","targetHints":{"allow":["GET"]}}],"collection":[{"href":"https:\/\/swissmilitarywatches.ch\/es\/wp-json\/wp\/v2\/product"}],"about":[{"href":"https:\/\/swissmilitarywatches.ch\/es\/wp-json\/wp\/v2\/types\/product"}],"replies":[{"embeddable":true,"href":"https:\/\/swissmilitarywatches.ch\/es\/wp-json\/wp\/v2\/comments?post=22065"}],"wp:featuredmedia":[{"embeddable":true,"href":"https:\/\/swissmilitarywatches.ch\/es\/wp-json\/wp\/v2\/media\/21921"}],"wp:attachment":[{"href":"https:\/\/swissmilitarywatches.ch\/es\/wp-json\/wp\/v2\/media?parent=22065"}],"wp:term":[{"taxonomy":"product_brand","embeddable":true,"href":"https:\/\/swissmilitarywatches.ch\/es\/wp-json\/wp\/v2\/product_brand?post=22065"},{"taxonomy":"product_cat","embeddable":true,"href":"https:\/\/swissmilitarywatches.ch\/es\/wp-json\/wp\/v2\/product_cat?post=22065"},{"taxonomy":"product_tag","embeddable":true,"href":"https:\/\/swissmilitarywatches.ch\/es\/wp-json\/wp\/v2\/product_tag?post=22065"}],"curies":[{"name":"wp","href":"https:\/\/api.w.org\/{rel}","templated":true}]}}