{"id":22063,"date":"2025-06-10T08:57:01","date_gmt":"2025-06-10T06:57:01","guid":{"rendered":"https:\/\/swissmilitarywatches.ch\/shop\/reloj-automatico-suizo-clasico-verde-acero-swiss-military-sma34110-04\/"},"modified":"2025-11-24T00:01:46","modified_gmt":"2025-11-23T22:01:46","slug":"reloj-automatico-suizo-clasico-verde-acero-swiss-military-sma34110-04","status":"publish","type":"product","link":"https:\/\/swissmilitarywatches.ch\/es\/tienda\/reloj-automatico-suizo-clasico-verde-acero-swiss-military-sma34110-04\/","title":{"rendered":"Reloj autom\u00e1tico suizo cl\u00e1sico \u2013 verde, acero | Swiss Military SMA34110.04"},"content":{"rendered":"<h1 data-start=\"705\" data-end=\"761\"><strong data-start=\"705\" data-end=\"761\">Reloj autom\u00e1tico suizo cl\u00e1sico con esfera verde intensa.<\/strong><\/h1>\n<p data-start=\"763\" data-end=\"994\">El Swiss Military SMA34110.04 es un reloj autom\u00e1tico suizo cl\u00e1sico que destaca por su esfera verde con efecto rayos de sol refinada. Combinado con un bisel estriado y marcadores luminiscentes, ofrece una mezcla perfecta de dise\u00f1o atemporal y toque contempor\u00e1neo.<\/p>\n<p data-start=\"996\" data-end=\"1230\">Una ventana de fecha ampliada a las 3 en punto a\u00f1ade valor pr\u00e1ctico, mientras que la caja y el brazalete de acero inoxidable pulido aseguran durabilidad y elegancia. Este reloj mec\u00e1nico fabricado en Suiza es igualmente adecuado para ocasiones formales y para el uso diario.<\/p>\n<p data-start=\"1232\" data-end=\"1490\">En su interior, un movimiento autom\u00e1tico suizo preciso garantiza una medici\u00f3n del tiempo perfecta. Protegido por cristal de zafiro y resistente al agua hasta 100 metros, est\u00e1 hecho para las condiciones de la vida real. Cada reloj es ensamblado a mano en nuestro taller suizo para garantizar la calidad en cada detalle.<\/p>\n<p data-start=\"1492\" data-end=\"1626\">Ya sea que te vistas de forma elegante o casual, este reloj fabricado en Suiza ofrece un aspecto cl\u00e1sico y seguro, impulsado por la tradici\u00f3n.<\/p>\n<h3 data-start=\"1633\" data-end=\"1656\"><strong data-start=\"1640\" data-end=\"1656\">Caracter\u00edsticas clave de este reloj autom\u00e1tico fabricado en Suiza:<\/strong><\/h3>\n<ul data-start=\"1657\" data-end=\"1965\">\n<li data-start=\"1657\" data-end=\"1700\">\n<p data-start=\"1659\" data-end=\"1700\">Esfera verde con efecto rayos de sol y marcadores luminiscentes.<\/p>\n<\/li>\n<li data-start=\"1701\" data-end=\"1747\">\n<p data-start=\"1703\" data-end=\"1747\">Bisel estriado y ventana de fecha con lupa.<\/p>\n<\/li>\n<li data-start=\"1748\" data-end=\"1791\">\n<p data-start=\"1750\" data-end=\"1791\">Caja y brazalete de acero inoxidable (41 mm).<\/p>\n<\/li>\n<li data-start=\"1792\" data-end=\"1820\">\n<p data-start=\"1794\" data-end=\"1820\">Movimiento autom\u00e1tico suizo.<\/p>\n<\/li>\n<li data-start=\"1821\" data-end=\"1847\">\n<p data-start=\"1823\" data-end=\"1847\">Cristal de zafiro.<\/p>\n<\/li>\n<li data-start=\"1848\" data-end=\"1874\">\n<p data-start=\"1850\" data-end=\"1874\">Aguja de segundos con punta roja.<\/p>\n<\/li>\n<li data-start=\"1875\" data-end=\"1901\">\n<p data-start=\"1877\" data-end=\"1901\">Resistencia al agua de 100 m.<\/p>\n<\/li>\n<li data-start=\"1902\" data-end=\"1933\">\n<p data-start=\"1904\" data-end=\"1933\">Swiss Made y ensamblado a mano.<\/p>\n<\/li>\n<li data-start=\"1934\" data-end=\"1965\">\n<p data-start=\"1936\" data-end=\"1965\">Garant\u00eda internacional de 5 a\u00f1os.<\/p>\n<\/li>\n<\/ul>\n","protected":false},"excerpt":{"rendered":"<p>Reloj autom\u00e1tico suizo cl\u00e1sico con esfera verde con efecto rayos de sol, bisel estriado, lupa de fecha y marcadores luminiscentes. Fabricado en Suiza y resistente al agua hasta 100 m.<\/p>\n","protected":false},"featured_media":21911,"comment_status":"open","ping_status":"closed","template":"","meta":[],"product_brand":[],"product_cat":[3044,1813,1816,1814],"product_tag":[],"class_list":{"0":"post-22063","1":"product","2":"type-product","3":"status-publish","4":"has-post-thumbnail","6":"product_cat-sma34110-es","7":"product_cat-todos-los-relojes-es","8":"product_cat-relojes-hombre-es","9":"product_cat-relojes-automaticos-es","10":"product_shipping_class-envio-flexible-es","12":"first","13":"instock","14":"taxable","15":"shipping-taxable","16":"purchasable","17":"product-type-simple"},"yoast_head":"<!-- This site is optimized with the Yoast SEO Premium plugin v26.6 (Yoast SEO v26.6) - https:\/\/yoast.com\/wordpress\/plugins\/seo\/ -->\n<title>Reloj autom\u00e1tico suizo cl\u00e1sico \u2013 verde, acero | Swiss Military SMA34110.04<\/title>\n<meta name=\"description\" content=\"Reloj autom\u00e1tico suizo cl\u00e1sico para hombre con esfera verde con efecto rayos de sol, bisel estriado y lupa de fecha. Caja de acero inoxidable. Resistente al agua hasta 100 m.\" \/>\n<meta name=\"robots\" content=\"index, follow, max-snippet:-1, max-image-preview:large, max-video-preview:-1\" \/>\n<link rel=\"canonical\" href=\"https:\/\/swissmilitarywatches.ch\/es\/tienda\/reloj-automatico-suizo-clasico-verde-acero-swiss-military-sma34110-04\/\" \/>\n<meta property=\"og:locale\" content=\"es_ES\" \/>\n<meta property=\"og:type\" content=\"article\" \/>\n<meta property=\"og:title\" content=\"Reloj autom\u00e1tico suizo cl\u00e1sico \u2013 verde, acero | Swiss Military SMA34110.04\" \/>\n<meta property=\"og:description\" content=\"Reloj autom\u00e1tico suizo cl\u00e1sico para hombre con esfera verde con efecto rayos de sol, bisel estriado y lupa de fecha. Caja de acero inoxidable. Resistente al agua hasta 100 m.\" \/>\n<meta property=\"og:url\" content=\"https:\/\/swissmilitarywatches.ch\/es\/tienda\/reloj-automatico-suizo-clasico-verde-acero-swiss-military-sma34110-04\/\" \/>\n<meta property=\"og:site_name\" content=\"Swiss Military by Chrono\" \/>\n<meta property=\"article:publisher\" content=\"https:\/\/m.facebook.com\/swissmilitarybychronoofficial\/\" \/>\n<meta property=\"article:modified_time\" content=\"2025-11-23T22:01:46+00:00\" \/>\n<meta property=\"og:image\" content=\"https:\/\/swissmilitarywatches.ch\/wp-content\/uploads\/2025\/06\/SMA34110.04.png\" \/>\n\t<meta property=\"og:image:width\" content=\"1300\" \/>\n\t<meta property=\"og:image:height\" content=\"1642\" \/>\n\t<meta property=\"og:image:type\" content=\"image\/png\" \/>\n<meta name=\"twitter:card\" content=\"summary_large_image\" \/>\n<meta name=\"twitter:label1\" content=\"Precio\" \/>\n\t<meta name=\"twitter:data1\" content=\"&euro;549.00 con IVA\" \/>\n\t<meta name=\"twitter:label2\" content=\"Disponibilidad\" \/>\n\t<meta name=\"twitter:data2\" content=\"Disponible\" \/>\n<script type=\"application\/ld+json\" class=\"yoast-schema-graph\">{\"@context\":\"https:\/\/schema.org\",\"@graph\":[{\"@type\":\"WebPage\",\"@id\":\"https:\/\/swissmilitarywatches.ch\/es\/tienda\/reloj-automatico-suizo-clasico-verde-acero-swiss-military-sma34110-04\/\",\"url\":\"https:\/\/swissmilitarywatches.ch\/es\/tienda\/reloj-automatico-suizo-clasico-verde-acero-swiss-military-sma34110-04\/\",\"name\":\"Reloj autom\u00e1tico suizo cl\u00e1sico \u2013 verde, acero | Swiss Military SMA34110.04\",\"isPartOf\":{\"@id\":\"https:\/\/swissmilitarywatches.ch\/es\/#website\"},\"primaryImageOfPage\":{\"@id\":\"https:\/\/swissmilitarywatches.ch\/es\/tienda\/reloj-automatico-suizo-clasico-verde-acero-swiss-military-sma34110-04\/#primaryimage\"},\"image\":{\"@id\":\"https:\/\/swissmilitarywatches.ch\/es\/tienda\/reloj-automatico-suizo-clasico-verde-acero-swiss-military-sma34110-04\/#primaryimage\"},\"thumbnailUrl\":\"https:\/\/swissmilitarywatches.ch\/wp-content\/uploads\/2025\/06\/SMA34110.04.png\",\"datePublished\":\"2025-06-10T06:57:01+00:00\",\"dateModified\":\"2025-11-23T22:01:46+00:00\",\"description\":\"Reloj autom\u00e1tico suizo cl\u00e1sico para hombre con esfera verde con efecto rayos de sol, bisel estriado y lupa de fecha. Caja de acero inoxidable. Resistente al agua hasta 100 m.\",\"breadcrumb\":{\"@id\":\"https:\/\/swissmilitarywatches.ch\/es\/tienda\/reloj-automatico-suizo-clasico-verde-acero-swiss-military-sma34110-04\/#breadcrumb\"},\"inLanguage\":\"es\",\"potentialAction\":[{\"@type\":\"ReadAction\",\"target\":[\"https:\/\/swissmilitarywatches.ch\/es\/tienda\/reloj-automatico-suizo-clasico-verde-acero-swiss-military-sma34110-04\/\"]}]},{\"@type\":\"ImageObject\",\"inLanguage\":\"es\",\"@id\":\"https:\/\/swissmilitarywatches.ch\/es\/tienda\/reloj-automatico-suizo-clasico-verde-acero-swiss-military-sma34110-04\/#primaryimage\",\"url\":\"https:\/\/swissmilitarywatches.ch\/wp-content\/uploads\/2025\/06\/SMA34110.04.png\",\"contentUrl\":\"https:\/\/swissmilitarywatches.ch\/wp-content\/uploads\/2025\/06\/SMA34110.04.png\",\"width\":1300,\"height\":1642,\"caption\":\"With a bold green dial, fluted bezel, and magnified date window, the SMA34110.04 brings a fresh take to classic Swiss watchmaking.\"},{\"@type\":\"BreadcrumbList\",\"@id\":\"https:\/\/swissmilitarywatches.ch\/es\/tienda\/reloj-automatico-suizo-clasico-verde-acero-swiss-military-sma34110-04\/#breadcrumb\",\"itemListElement\":[{\"@type\":\"ListItem\",\"position\":1,\"name\":\"Home\",\"item\":\"https:\/\/swissmilitarywatches.ch\/es\/pagina-principal-2\/\"},{\"@type\":\"ListItem\",\"position\":2,\"name\":\"Tienda\",\"item\":\"https:\/\/swissmilitarywatches.ch\/es\/tienda\/\"},{\"@type\":\"ListItem\",\"position\":3,\"name\":\"Todos los relojes\",\"item\":\"https:\/\/swissmilitarywatches.ch\/es\/categoria-de-producto\/todos-los-relojes-es\/\"},{\"@type\":\"ListItem\",\"position\":4,\"name\":\"Relojes de hombre\",\"item\":\"https:\/\/swissmilitarywatches.ch\/es\/categoria-de-producto\/todos-los-relojes-es\/relojes-hombre-es\/\"},{\"@type\":\"ListItem\",\"position\":5,\"name\":\"Relojes autom\u00e1ticos\",\"item\":\"https:\/\/swissmilitarywatches.ch\/es\/categoria-de-producto\/todos-los-relojes-es\/relojes-hombre-es\/relojes-automaticos-es\/\"},{\"@type\":\"ListItem\",\"position\":6,\"name\":\"Reloj autom\u00e1tico suizo cl\u00e1sico \u2013 verde, acero | Swiss Military SMA34110.04\"}]},{\"@type\":\"WebSite\",\"@id\":\"https:\/\/swissmilitarywatches.ch\/es\/#website\",\"url\":\"https:\/\/swissmilitarywatches.ch\/es\/\",\"name\":\"Swiss Military by Chrono\",\"description\":\"Official Licensed Product of the Swiss Confederation\",\"publisher\":{\"@id\":\"https:\/\/swissmilitarywatches.ch\/es\/#organization\"},\"potentialAction\":[{\"@type\":\"SearchAction\",\"target\":{\"@type\":\"EntryPoint\",\"urlTemplate\":\"https:\/\/swissmilitarywatches.ch\/es\/?s={search_term_string}\"},\"query-input\":{\"@type\":\"PropertyValueSpecification\",\"valueRequired\":true,\"valueName\":\"search_term_string\"}}],\"inLanguage\":\"es\"},{\"@type\":\"Organization\",\"@id\":\"https:\/\/swissmilitarywatches.ch\/es\/#organization\",\"name\":\"Swiss Military by Chrono\",\"url\":\"https:\/\/swissmilitarywatches.ch\/es\/\",\"logo\":{\"@type\":\"ImageObject\",\"inLanguage\":\"es\",\"@id\":\"https:\/\/swissmilitarywatches.ch\/es\/#\/schema\/logo\/image\/\",\"url\":\"https:\/\/swissmilitarywatches.ch\/wp-content\/uploads\/2020\/04\/cropped-SM_logo_512x512px.jpg\",\"contentUrl\":\"https:\/\/swissmilitarywatches.ch\/wp-content\/uploads\/2020\/04\/cropped-SM_logo_512x512px.jpg\",\"width\":512,\"height\":512,\"caption\":\"Swiss Military by Chrono\"},\"image\":{\"@id\":\"https:\/\/swissmilitarywatches.ch\/es\/#\/schema\/logo\/image\/\"},\"sameAs\":[\"https:\/\/m.facebook.com\/swissmilitarybychronoofficial\/\",\"https:\/\/www.instagram.com\/swissmilitarybychrono\/\",\"https:\/\/www.pinterest.ch\/swissmilitarybychrono\/\"]}]}<\/script>\n<meta property=\"product:brand\" content=\"Swiss Military by Chrono\" \/>\n<meta property=\"product:price:amount\" content=\"549.00\" \/>\n<meta property=\"product:price:currency\" content=\"EUR\" \/>\n<meta property=\"og:availability\" content=\"instock\" \/>\n<meta property=\"product:availability\" content=\"instock\" \/>\n<meta property=\"product:retailer_item_id\" content=\"SMA34110.04\" \/>\n<meta property=\"product:condition\" content=\"new\" \/>\n<!-- \/ Yoast SEO Premium plugin. -->","yoast_head_json":{"title":"Reloj autom\u00e1tico suizo cl\u00e1sico \u2013 verde, acero | Swiss Military SMA34110.04","description":"Reloj autom\u00e1tico suizo cl\u00e1sico para hombre con esfera verde con efecto rayos de sol, bisel estriado y lupa de fecha. Caja de acero inoxidable. Resistente al agua hasta 100 m.","robots":{"index":"index","follow":"follow","max-snippet":"max-snippet:-1","max-image-preview":"max-image-preview:large","max-video-preview":"max-video-preview:-1"},"canonical":"https:\/\/swissmilitarywatches.ch\/es\/tienda\/reloj-automatico-suizo-clasico-verde-acero-swiss-military-sma34110-04\/","og_locale":"es_ES","og_type":"article","og_title":"Reloj autom\u00e1tico suizo cl\u00e1sico \u2013 verde, acero | Swiss Military SMA34110.04","og_description":"Reloj autom\u00e1tico suizo cl\u00e1sico para hombre con esfera verde con efecto rayos de sol, bisel estriado y lupa de fecha. Caja de acero inoxidable. Resistente al agua hasta 100 m.","og_url":"https:\/\/swissmilitarywatches.ch\/es\/tienda\/reloj-automatico-suizo-clasico-verde-acero-swiss-military-sma34110-04\/","og_site_name":"Swiss Military by Chrono","article_publisher":"https:\/\/m.facebook.com\/swissmilitarybychronoofficial\/","article_modified_time":"2025-11-23T22:01:46+00:00","og_image":[{"width":1300,"height":1642,"url":"https:\/\/swissmilitarywatches.ch\/wp-content\/uploads\/2025\/06\/SMA34110.04.png","type":"image\/png"}],"twitter_card":"summary_large_image","twitter_misc":{"Precio":"&euro;549.00 con IVA","Disponibilidad":"Disponible"},"schema":{"@context":"https:\/\/schema.org","@graph":[{"@type":"WebPage","@id":"https:\/\/swissmilitarywatches.ch\/es\/tienda\/reloj-automatico-suizo-clasico-verde-acero-swiss-military-sma34110-04\/","url":"https:\/\/swissmilitarywatches.ch\/es\/tienda\/reloj-automatico-suizo-clasico-verde-acero-swiss-military-sma34110-04\/","name":"Reloj autom\u00e1tico suizo cl\u00e1sico \u2013 verde, acero | Swiss Military SMA34110.04","isPartOf":{"@id":"https:\/\/swissmilitarywatches.ch\/es\/#website"},"primaryImageOfPage":{"@id":"https:\/\/swissmilitarywatches.ch\/es\/tienda\/reloj-automatico-suizo-clasico-verde-acero-swiss-military-sma34110-04\/#primaryimage"},"image":{"@id":"https:\/\/swissmilitarywatches.ch\/es\/tienda\/reloj-automatico-suizo-clasico-verde-acero-swiss-military-sma34110-04\/#primaryimage"},"thumbnailUrl":"https:\/\/swissmilitarywatches.ch\/wp-content\/uploads\/2025\/06\/SMA34110.04.png","datePublished":"2025-06-10T06:57:01+00:00","dateModified":"2025-11-23T22:01:46+00:00","description":"Reloj autom\u00e1tico suizo cl\u00e1sico para hombre con esfera verde con efecto rayos de sol, bisel estriado y lupa de fecha. Caja de acero inoxidable. Resistente al agua hasta 100 m.","breadcrumb":{"@id":"https:\/\/swissmilitarywatches.ch\/es\/tienda\/reloj-automatico-suizo-clasico-verde-acero-swiss-military-sma34110-04\/#breadcrumb"},"inLanguage":"es","potentialAction":[{"@type":"ReadAction","target":["https:\/\/swissmilitarywatches.ch\/es\/tienda\/reloj-automatico-suizo-clasico-verde-acero-swiss-military-sma34110-04\/"]}]},{"@type":"ImageObject","inLanguage":"es","@id":"https:\/\/swissmilitarywatches.ch\/es\/tienda\/reloj-automatico-suizo-clasico-verde-acero-swiss-military-sma34110-04\/#primaryimage","url":"https:\/\/swissmilitarywatches.ch\/wp-content\/uploads\/2025\/06\/SMA34110.04.png","contentUrl":"https:\/\/swissmilitarywatches.ch\/wp-content\/uploads\/2025\/06\/SMA34110.04.png","width":1300,"height":1642,"caption":"With a bold green dial, fluted bezel, and magnified date window, the SMA34110.04 brings a fresh take to classic Swiss watchmaking."},{"@type":"BreadcrumbList","@id":"https:\/\/swissmilitarywatches.ch\/es\/tienda\/reloj-automatico-suizo-clasico-verde-acero-swiss-military-sma34110-04\/#breadcrumb","itemListElement":[{"@type":"ListItem","position":1,"name":"Home","item":"https:\/\/swissmilitarywatches.ch\/es\/pagina-principal-2\/"},{"@type":"ListItem","position":2,"name":"Tienda","item":"https:\/\/swissmilitarywatches.ch\/es\/tienda\/"},{"@type":"ListItem","position":3,"name":"Todos los relojes","item":"https:\/\/swissmilitarywatches.ch\/es\/categoria-de-producto\/todos-los-relojes-es\/"},{"@type":"ListItem","position":4,"name":"Relojes de hombre","item":"https:\/\/swissmilitarywatches.ch\/es\/categoria-de-producto\/todos-los-relojes-es\/relojes-hombre-es\/"},{"@type":"ListItem","position":5,"name":"Relojes autom\u00e1ticos","item":"https:\/\/swissmilitarywatches.ch\/es\/categoria-de-producto\/todos-los-relojes-es\/relojes-hombre-es\/relojes-automaticos-es\/"},{"@type":"ListItem","position":6,"name":"Reloj autom\u00e1tico suizo cl\u00e1sico \u2013 verde, acero | Swiss Military SMA34110.04"}]},{"@type":"WebSite","@id":"https:\/\/swissmilitarywatches.ch\/es\/#website","url":"https:\/\/swissmilitarywatches.ch\/es\/","name":"Swiss Military by Chrono","description":"Official Licensed Product of the Swiss Confederation","publisher":{"@id":"https:\/\/swissmilitarywatches.ch\/es\/#organization"},"potentialAction":[{"@type":"SearchAction","target":{"@type":"EntryPoint","urlTemplate":"https:\/\/swissmilitarywatches.ch\/es\/?s={search_term_string}"},"query-input":{"@type":"PropertyValueSpecification","valueRequired":true,"valueName":"search_term_string"}}],"inLanguage":"es"},{"@type":"Organization","@id":"https:\/\/swissmilitarywatches.ch\/es\/#organization","name":"Swiss Military by Chrono","url":"https:\/\/swissmilitarywatches.ch\/es\/","logo":{"@type":"ImageObject","inLanguage":"es","@id":"https:\/\/swissmilitarywatches.ch\/es\/#\/schema\/logo\/image\/","url":"https:\/\/swissmilitarywatches.ch\/wp-content\/uploads\/2020\/04\/cropped-SM_logo_512x512px.jpg","contentUrl":"https:\/\/swissmilitarywatches.ch\/wp-content\/uploads\/2020\/04\/cropped-SM_logo_512x512px.jpg","width":512,"height":512,"caption":"Swiss Military by Chrono"},"image":{"@id":"https:\/\/swissmilitarywatches.ch\/es\/#\/schema\/logo\/image\/"},"sameAs":["https:\/\/m.facebook.com\/swissmilitarybychronoofficial\/","https:\/\/www.instagram.com\/swissmilitarybychrono\/","https:\/\/www.pinterest.ch\/swissmilitarybychrono\/"]}]},"product_brand":"Swiss Military by Chrono","product_price_amount":"549.00","product_price_currency":"EUR","og_availability":"instock","product_availability":"instock","product_retailer_item_id":"SMA34110.04","product_condition":"new"},"jetpack_sharing_enabled":true,"_links":{"self":[{"href":"https:\/\/swissmilitarywatches.ch\/es\/wp-json\/wp\/v2\/product\/22063","targetHints":{"allow":["GET"]}}],"collection":[{"href":"https:\/\/swissmilitarywatches.ch\/es\/wp-json\/wp\/v2\/product"}],"about":[{"href":"https:\/\/swissmilitarywatches.ch\/es\/wp-json\/wp\/v2\/types\/product"}],"replies":[{"embeddable":true,"href":"https:\/\/swissmilitarywatches.ch\/es\/wp-json\/wp\/v2\/comments?post=22063"}],"wp:featuredmedia":[{"embeddable":true,"href":"https:\/\/swissmilitarywatches.ch\/es\/wp-json\/wp\/v2\/media\/21911"}],"wp:attachment":[{"href":"https:\/\/swissmilitarywatches.ch\/es\/wp-json\/wp\/v2\/media?parent=22063"}],"wp:term":[{"taxonomy":"product_brand","embeddable":true,"href":"https:\/\/swissmilitarywatches.ch\/es\/wp-json\/wp\/v2\/product_brand?post=22063"},{"taxonomy":"product_cat","embeddable":true,"href":"https:\/\/swissmilitarywatches.ch\/es\/wp-json\/wp\/v2\/product_cat?post=22063"},{"taxonomy":"product_tag","embeddable":true,"href":"https:\/\/swissmilitarywatches.ch\/es\/wp-json\/wp\/v2\/product_tag?post=22063"}],"curies":[{"name":"wp","href":"https:\/\/api.w.org\/{rel}","templated":true}]}}